{"id":18869,"date":"2020-07-07T10:09:35","date_gmt":"2020-07-07T08:09:35","guid":{"rendered":"https:\/\/floranixena.it\/product\/cest-une-fille\/"},"modified":"2020-07-07T10:09:35","modified_gmt":"2020-07-07T08:09:35","slug":"cest-une-fille","status":"publish","type":"product","link":"https:\/\/floranixena.it\/fr\/produit\/cest-une-fille\/","title":{"rendered":"C&rsquo;est une fille"},"content":{"rendered":"<p>Vous cherchez le moyen id\u00e9al pour f\u00e9liciter un ami cher ou un membre de votre famille pour la <strong><a href=\"https:\/\/floranixena.it\/fr\/catalog\/naissances\/\">naissance<\/a><\/strong> de leur belle petite fille?<br \/>\nUn magnifique bouquet de fleurs pour la naissance d\u2019une petite fille est le cadeau parfait pour les aider \u00e0 c\u00e9l\u00e9brer cette occasion importante et leur exprimer vos plus sinc\u00e8res f\u00e9licitations !<br \/>\nMontrez votre amour et votre appr\u00e9ciation avec un magnifique <strong>bouquet de fleurs:<\/strong> il apportera certainement la joie et la joie aux nouveaux parents fiers et ajoutera une touche de chaleur et de gaiet\u00e9 pour comm\u00e9morer cette occasion sp\u00e9ciale!<\/p>\n<p>C\u00e9l\u00e9brez la nouvelle fille avec un cadeau de notre magnifique <strong>composition florale<\/strong> compos\u00e9e de marguerites blanches, de gerbera rose, de deux roses romantiques rouges, d\u2019Alstroemeria blanche d\u00e9licate et d\u2019Hypericum. Pour rendre ce cadeau extraordinaire encore plus sp\u00e9cial et m\u00e9morable, nous avons inclus un adorable ours en peluche et un ballon vif qui apportera s\u00fbrement un grand sourire. <\/p>\n<p>Choisissez notre bouquet de fleurs <strong>\u00ab\u00a0C\u2019est une fille\u00a0\u00bb<\/strong> pour la naissance d\u2019une petite fille compos\u00e9e avec des tons brillants de rose et blanc, cette composition florale est un moyen id\u00e9al pour accueillir une pr\u00e9cieuse petite fille nouvellement n\u00e9e. Un cadeau de p\u00e2querettes color\u00e9es, mini oeillets, est le moyen id\u00e9al pour exprimer vos sentiments pour le nouveau faisceau de joie! <\/p>\n<p>Nous avons d\u2019autres compositions florales pour les petites filles, pleines de fleurs jaune vif et vert luxuriant, afin que vous puissiez trouver le match parfait pour c\u00e9l\u00e9brer la nouvelle arriv\u00e9e. Nos joyeux cadeaux pour enfants illumineront instantan\u00e9ment votre chambre avec leur pr\u00e9sence chaleureuse et accueillante. <\/p>\n","protected":false},"excerpt":{"rendered":"<ul>\n<li>Marguerites blanches<\/li>\n<li>Gerberas roses<\/li>\n<li>2 Roses rouges<\/li>\n<li>Alstroemeria blanche<\/li>\n<li>Hypericum<\/li>\n<li>Ours en peluche<\/li>\n<li>Ballon (peut \u00eatre diff\u00e9rent de la photo)<\/li>\n<\/ul>\n<p>Vase non inclus<\/p>\n<p>Livraison gratuite sur ce produit<\/p>\n","protected":false},"featured_media":18870,"comment_status":"open","ping_status":"closed","template":"","meta":[],"product_brand":[],"product_cat":[3914,3255,3691],"product_tag":[4793,4797,4796],"class_list":{"0":"post-18869","1":"product","2":"type-product","3":"status-publish","4":"has-post-thumbnail","6":"product_cat-cest-une-fille","7":"product_cat-fleurs-pour-les-evenements","8":"product_cat-naissances","9":"product_tag-fleurs-pour-la-naissance","10":"product_tag-fleurs-pour-la-naissance-dune-petite-fille-fr-2","11":"product_tag-fleurs-pour-la-naissance-dune-petite-fille-fr","13":"first","14":"instock","15":"sale","16":"shipping-taxable","17":"purchasable","18":"product-type-simple"},"yoast_head":"<!-- This site is optimized with the Yoast SEO Premium plugin v27.5 (Yoast SEO v27.5) - https:\/\/yoast.com\/product\/yoast-seo-premium-wordpress\/ -->\n<title>Bouquet de fleurs pour la naissance d\u2019une petite fille - FloraNixena<\/title>\n<meta name=\"description\" content=\"Offrez un bouquet de fleurs pour la naissance d\u2019une petite fille, avec livraison de compositions florales \u00e0 domicile dans toute l\u2019Italie, gr\u00e2ce \u00e0 nos fleuristes locaux.\" \/>\n<meta name=\"robots\" content=\"index, follow, max-snippet:-1, max-image-preview:large, max-video-preview:-1\" \/>\n<link rel=\"canonical\" href=\"https:\/\/floranixena.it\/fr\/produit\/cest-une-fille\/\" \/>\n<meta property=\"og:locale\" content=\"fr_FR\" \/>\n<meta property=\"og:type\" content=\"article\" \/>\n<meta property=\"og:title\" content=\"C&#039;est une fille\" \/>\n<meta property=\"og:description\" content=\"Marguerites blanches  Gerberas roses  2 Roses rouges  Alstroemeria blanche  Hypericum  Ours en peluche  Ballon (peut \u00eatre diff\u00e9rent de la photo) Vase non inclus Livraison gratuite sur ce produit\" \/>\n<meta property=\"og:url\" content=\"https:\/\/floranixena.it\/fr\/produit\/cest-une-fille\/\" \/>\n<meta property=\"og:site_name\" content=\"FloraNixena - livraison de fleurs et de plantes\" \/>\n<meta property=\"article:publisher\" content=\"https:\/\/www.facebook.com\/FloraNixena\/\" \/>\n<meta property=\"og:image\" content=\"https:\/\/floranixena.it\/wp-content\/uploads\/2020\/07\/regala-un-bouquet-per-la-nascita-di-una-femmina-regalo-alla-neo-mamma-a-milano-roma-torino.jpg\" \/>\n\t<meta property=\"og:image:width\" content=\"800\" \/>\n\t<meta property=\"og:image:height\" content=\"800\" \/>\n\t<meta property=\"og:image:type\" content=\"image\/jpeg\" \/>\n<meta name=\"twitter:card\" content=\"summary_large_image\" \/>\n<meta name=\"twitter:label1\" content=\"Dur\u00e9e de lecture estim\u00e9e\" \/>\n\t<meta name=\"twitter:data1\" content=\"1 minute\" \/>\n<script type=\"application\/ld+json\" class=\"yoast-schema-graph\">{\"@context\":\"https:\\\/\\\/schema.org\",\"@graph\":[{\"@type\":\"WebPage\",\"@id\":\"https:\\\/\\\/floranixena.it\\\/fr\\\/produit\\\/cest-une-fille\\\/\",\"url\":\"https:\\\/\\\/floranixena.it\\\/fr\\\/produit\\\/cest-une-fille\\\/\",\"name\":\"Bouquet de fleurs pour la naissance d\u2019une petite fille - FloraNixena\",\"isPartOf\":{\"@id\":\"https:\\\/\\\/floranixena.it\\\/fr\\\/#website\"},\"primaryImageOfPage\":{\"@id\":\"https:\\\/\\\/floranixena.it\\\/fr\\\/produit\\\/cest-une-fille\\\/#primaryimage\"},\"image\":{\"@id\":\"https:\\\/\\\/floranixena.it\\\/fr\\\/produit\\\/cest-une-fille\\\/#primaryimage\"},\"thumbnailUrl\":\"https:\\\/\\\/floranixena.it\\\/wp-content\\\/uploads\\\/2020\\\/07\\\/regala-un-bouquet-per-la-nascita-di-una-femmina-regalo-alla-neo-mamma-a-milano-roma-torino.jpg\",\"datePublished\":\"2020-07-07T08:09:35+00:00\",\"description\":\"Offrez un bouquet de fleurs pour la naissance d\u2019une petite fille, avec livraison de compositions florales \u00e0 domicile dans toute l\u2019Italie, gr\u00e2ce \u00e0 nos fleuristes locaux.\",\"breadcrumb\":{\"@id\":\"https:\\\/\\\/floranixena.it\\\/fr\\\/produit\\\/cest-une-fille\\\/#breadcrumb\"},\"inLanguage\":\"fr-FR\",\"potentialAction\":[{\"@type\":\"ReadAction\",\"target\":[\"https:\\\/\\\/floranixena.it\\\/fr\\\/produit\\\/cest-une-fille\\\/\"]}]},{\"@type\":\"ImageObject\",\"inLanguage\":\"fr-FR\",\"@id\":\"https:\\\/\\\/floranixena.it\\\/fr\\\/produit\\\/cest-une-fille\\\/#primaryimage\",\"url\":\"https:\\\/\\\/floranixena.it\\\/wp-content\\\/uploads\\\/2020\\\/07\\\/regala-un-bouquet-per-la-nascita-di-una-femmina-regalo-alla-neo-mamma-a-milano-roma-torino.jpg\",\"contentUrl\":\"https:\\\/\\\/floranixena.it\\\/wp-content\\\/uploads\\\/2020\\\/07\\\/regala-un-bouquet-per-la-nascita-di-una-femmina-regalo-alla-neo-mamma-a-milano-roma-torino.jpg\",\"width\":800,\"height\":800,\"caption\":\"Mazzo di fiori e composizioni floreali per la nascita\"},{\"@type\":\"BreadcrumbList\",\"@id\":\"https:\\\/\\\/floranixena.it\\\/fr\\\/produit\\\/cest-une-fille\\\/#breadcrumb\",\"itemListElement\":[{\"@type\":\"ListItem\",\"position\":1,\"name\":\"Home\",\"item\":\"https:\\\/\\\/floranixena.it\\\/fr\\\/\"},{\"@type\":\"ListItem\",\"position\":2,\"name\":\"Magasin\",\"item\":\"https:\\\/\\\/floranixena.it\\\/fr\\\/magasin\\\/\"},{\"@type\":\"ListItem\",\"position\":3,\"name\":\"C&#8217;est une fille\"}]},{\"@type\":\"WebSite\",\"@id\":\"https:\\\/\\\/floranixena.it\\\/fr\\\/#website\",\"url\":\"https:\\\/\\\/floranixena.it\\\/fr\\\/\",\"name\":\"FloraNixena - Consegna fiori a domicilio in Italia\",\"description\":\"Invia fiori che raccontano storie\",\"publisher\":{\"@id\":\"https:\\\/\\\/floranixena.it\\\/fr\\\/#organization\"},\"alternateName\":\"FloraNixena.it\",\"potentialAction\":[{\"@type\":\"SearchAction\",\"target\":{\"@type\":\"EntryPoint\",\"urlTemplate\":\"https:\\\/\\\/floranixena.it\\\/fr\\\/?s={search_term_string}\"},\"query-input\":{\"@type\":\"PropertyValueSpecification\",\"valueRequired\":true,\"valueName\":\"search_term_string\"}}],\"inLanguage\":\"fr-FR\"},{\"@type\":\"Organization\",\"@id\":\"https:\\\/\\\/floranixena.it\\\/fr\\\/#organization\",\"name\":\"FloraNixena.it - Consegna mazzi di fiori, bouquet e piante a domicilio\",\"url\":\"https:\\\/\\\/floranixena.it\\\/fr\\\/\",\"logo\":{\"@type\":\"ImageObject\",\"inLanguage\":\"fr-FR\",\"@id\":\"https:\\\/\\\/floranixena.it\\\/fr\\\/#\\\/schema\\\/logo\\\/image\\\/\",\"url\":\"https:\\\/\\\/floranixena.it\\\/wp-content\\\/uploads\\\/2018\\\/11\\\/logo-fucsia.png\",\"contentUrl\":\"https:\\\/\\\/floranixena.it\\\/wp-content\\\/uploads\\\/2018\\\/11\\\/logo-fucsia.png\",\"width\":315,\"height\":81,\"caption\":\"FloraNixena.it - Consegna mazzi di fiori, bouquet e piante a domicilio\"},\"image\":{\"@id\":\"https:\\\/\\\/floranixena.it\\\/fr\\\/#\\\/schema\\\/logo\\\/image\\\/\"},\"sameAs\":[\"https:\\\/\\\/www.facebook.com\\\/FloraNixena\\\/\",\"https:\\\/\\\/www.instagram.com\\\/floranixena.it\\\/\",\"https:\\\/\\\/www.youtube.com\\\/channel\\\/UCAfCWXMBezO96jgPjiUgpkA\"],\"description\":\"Chi Siamo? FloraNixena \u00e8 il partner di fiducia per la consegna di fiori freschi a domicilio. Con anni di esperienza nel settore floreale, siamo dedicati a portare la bellezza e la freschezza dei fiori direttamente alla vostra porta. La Nostra Missione La nostra missione \u00e8 trasformare ogni occasione in un momento speciale attraverso la magia dei fiori. Crediamo che un bouquet possa dire pi\u00f9 di mille parole e lavoriamo instancabilmente per assicurarci che ogni consegna porti gioia, amore e bellezza. Cosa Offriamo? Fiori Freschi: Collaboriamo con i migliori fornitori locali per garantire che i nostri fiori siano sempre freschi e di alta qualit\u00e0. Consegna Rapida e Puntuale: Offriamo un servizio di consegna rapido e affidabile, con la possibilit\u00e0 di scegliere la fascia oraria che pi\u00f9 vi conviene. Ampia Selezione: Dalle rose classiche ai bouquet personalizzati, abbiamo una vasta gamma di opzioni per soddisfare ogni gusto e occasione. Assistenza Clienti: Il nostro team \u00e8 sempre a disposizione per assistervi nella scelta del bouquet perfetto e per garantire un'esperienza di acquisto senza intoppi. Perch\u00e9 Sceglierci? Qualit\u00e0 Garantita: Ogni bouquet \u00e8 realizzato con cura dai nostri esperti fioristi, garantendo che ogni composizione sia un'opera d'arte. Servizio Personalizzato: Che sia per un anniversario, un compleanno, una celebrazione o un momento di condoglianza, personalizziamo ogni ordine per rispondere alle vostre esigenze specifiche. Soddisfazione del Cliente: La vostra soddisfazione \u00e8 la nostra priorit\u00e0 assoluta. Facciamo tutto il possibile per assicurarci che ogni consegna superi le vostre aspettative.\",\"email\":\"amministrazione@floranixena.it\",\"telephone\":\"3806342394\",\"legalName\":\"Gaetano Votadoro\"}]}<\/script>\n<!-- \/ Yoast SEO Premium plugin. -->","yoast_head_json":{"title":"Bouquet de fleurs pour la naissance d\u2019une petite fille - FloraNixena","description":"Offrez un bouquet de fleurs pour la naissance d\u2019une petite fille, avec livraison de compositions florales \u00e0 domicile dans toute l\u2019Italie, gr\u00e2ce \u00e0 nos fleuristes locaux.","robots":{"index":"index","follow":"follow","max-snippet":"max-snippet:-1","max-image-preview":"max-image-preview:large","max-video-preview":"max-video-preview:-1"},"canonical":"https:\/\/floranixena.it\/fr\/produit\/cest-une-fille\/","og_locale":"fr_FR","og_type":"article","og_title":"C'est une fille","og_description":"Marguerites blanches  Gerberas roses  2 Roses rouges  Alstroemeria blanche  Hypericum  Ours en peluche  Ballon (peut \u00eatre diff\u00e9rent de la photo) Vase non inclus Livraison gratuite sur ce produit","og_url":"https:\/\/floranixena.it\/fr\/produit\/cest-une-fille\/","og_site_name":"FloraNixena - livraison de fleurs et de plantes","article_publisher":"https:\/\/www.facebook.com\/FloraNixena\/","og_image":[{"width":800,"height":800,"url":"https:\/\/floranixena.it\/wp-content\/uploads\/2020\/07\/regala-un-bouquet-per-la-nascita-di-una-femmina-regalo-alla-neo-mamma-a-milano-roma-torino.jpg","type":"image\/jpeg"}],"twitter_card":"summary_large_image","twitter_misc":{"Dur\u00e9e de lecture estim\u00e9e":"1 minute"},"schema":{"@context":"https:\/\/schema.org","@graph":[{"@type":"WebPage","@id":"https:\/\/floranixena.it\/fr\/produit\/cest-une-fille\/","url":"https:\/\/floranixena.it\/fr\/produit\/cest-une-fille\/","name":"Bouquet de fleurs pour la naissance d\u2019une petite fille - FloraNixena","isPartOf":{"@id":"https:\/\/floranixena.it\/fr\/#website"},"primaryImageOfPage":{"@id":"https:\/\/floranixena.it\/fr\/produit\/cest-une-fille\/#primaryimage"},"image":{"@id":"https:\/\/floranixena.it\/fr\/produit\/cest-une-fille\/#primaryimage"},"thumbnailUrl":"https:\/\/floranixena.it\/wp-content\/uploads\/2020\/07\/regala-un-bouquet-per-la-nascita-di-una-femmina-regalo-alla-neo-mamma-a-milano-roma-torino.jpg","datePublished":"2020-07-07T08:09:35+00:00","description":"Offrez un bouquet de fleurs pour la naissance d\u2019une petite fille, avec livraison de compositions florales \u00e0 domicile dans toute l\u2019Italie, gr\u00e2ce \u00e0 nos fleuristes locaux.","breadcrumb":{"@id":"https:\/\/floranixena.it\/fr\/produit\/cest-une-fille\/#breadcrumb"},"inLanguage":"fr-FR","potentialAction":[{"@type":"ReadAction","target":["https:\/\/floranixena.it\/fr\/produit\/cest-une-fille\/"]}]},{"@type":"ImageObject","inLanguage":"fr-FR","@id":"https:\/\/floranixena.it\/fr\/produit\/cest-une-fille\/#primaryimage","url":"https:\/\/floranixena.it\/wp-content\/uploads\/2020\/07\/regala-un-bouquet-per-la-nascita-di-una-femmina-regalo-alla-neo-mamma-a-milano-roma-torino.jpg","contentUrl":"https:\/\/floranixena.it\/wp-content\/uploads\/2020\/07\/regala-un-bouquet-per-la-nascita-di-una-femmina-regalo-alla-neo-mamma-a-milano-roma-torino.jpg","width":800,"height":800,"caption":"Mazzo di fiori e composizioni floreali per la nascita"},{"@type":"BreadcrumbList","@id":"https:\/\/floranixena.it\/fr\/produit\/cest-une-fille\/#breadcrumb","itemListElement":[{"@type":"ListItem","position":1,"name":"Home","item":"https:\/\/floranixena.it\/fr\/"},{"@type":"ListItem","position":2,"name":"Magasin","item":"https:\/\/floranixena.it\/fr\/magasin\/"},{"@type":"ListItem","position":3,"name":"C&#8217;est une fille"}]},{"@type":"WebSite","@id":"https:\/\/floranixena.it\/fr\/#website","url":"https:\/\/floranixena.it\/fr\/","name":"FloraNixena - Consegna fiori a domicilio in Italia","description":"Invia fiori che raccontano storie","publisher":{"@id":"https:\/\/floranixena.it\/fr\/#organization"},"alternateName":"FloraNixena.it","potentialAction":[{"@type":"SearchAction","target":{"@type":"EntryPoint","urlTemplate":"https:\/\/floranixena.it\/fr\/?s={search_term_string}"},"query-input":{"@type":"PropertyValueSpecification","valueRequired":true,"valueName":"search_term_string"}}],"inLanguage":"fr-FR"},{"@type":"Organization","@id":"https:\/\/floranixena.it\/fr\/#organization","name":"FloraNixena.it - Consegna mazzi di fiori, bouquet e piante a domicilio","url":"https:\/\/floranixena.it\/fr\/","logo":{"@type":"ImageObject","inLanguage":"fr-FR","@id":"https:\/\/floranixena.it\/fr\/#\/schema\/logo\/image\/","url":"https:\/\/floranixena.it\/wp-content\/uploads\/2018\/11\/logo-fucsia.png","contentUrl":"https:\/\/floranixena.it\/wp-content\/uploads\/2018\/11\/logo-fucsia.png","width":315,"height":81,"caption":"FloraNixena.it - Consegna mazzi di fiori, bouquet e piante a domicilio"},"image":{"@id":"https:\/\/floranixena.it\/fr\/#\/schema\/logo\/image\/"},"sameAs":["https:\/\/www.facebook.com\/FloraNixena\/","https:\/\/www.instagram.com\/floranixena.it\/","https:\/\/www.youtube.com\/channel\/UCAfCWXMBezO96jgPjiUgpkA"],"description":"Chi Siamo? FloraNixena \u00e8 il partner di fiducia per la consegna di fiori freschi a domicilio. Con anni di esperienza nel settore floreale, siamo dedicati a portare la bellezza e la freschezza dei fiori direttamente alla vostra porta. La Nostra Missione La nostra missione \u00e8 trasformare ogni occasione in un momento speciale attraverso la magia dei fiori. Crediamo che un bouquet possa dire pi\u00f9 di mille parole e lavoriamo instancabilmente per assicurarci che ogni consegna porti gioia, amore e bellezza. Cosa Offriamo? Fiori Freschi: Collaboriamo con i migliori fornitori locali per garantire che i nostri fiori siano sempre freschi e di alta qualit\u00e0. Consegna Rapida e Puntuale: Offriamo un servizio di consegna rapido e affidabile, con la possibilit\u00e0 di scegliere la fascia oraria che pi\u00f9 vi conviene. Ampia Selezione: Dalle rose classiche ai bouquet personalizzati, abbiamo una vasta gamma di opzioni per soddisfare ogni gusto e occasione. Assistenza Clienti: Il nostro team \u00e8 sempre a disposizione per assistervi nella scelta del bouquet perfetto e per garantire un'esperienza di acquisto senza intoppi. Perch\u00e9 Sceglierci? Qualit\u00e0 Garantita: Ogni bouquet \u00e8 realizzato con cura dai nostri esperti fioristi, garantendo che ogni composizione sia un'opera d'arte. Servizio Personalizzato: Che sia per un anniversario, un compleanno, una celebrazione o un momento di condoglianza, personalizziamo ogni ordine per rispondere alle vostre esigenze specifiche. Soddisfazione del Cliente: La vostra soddisfazione \u00e8 la nostra priorit\u00e0 assoluta. Facciamo tutto il possibile per assicurarci che ogni consegna superi le vostre aspettative.","email":"amministrazione@floranixena.it","telephone":"3806342394","legalName":"Gaetano Votadoro"}]}},"_links":{"self":[{"href":"https:\/\/floranixena.it\/fr\/wp-json\/wp\/v2\/product\/18869","targetHints":{"allow":["GET"]}}],"collection":[{"href":"https:\/\/floranixena.it\/fr\/wp-json\/wp\/v2\/product"}],"about":[{"href":"https:\/\/floranixena.it\/fr\/wp-json\/wp\/v2\/types\/product"}],"replies":[{"embeddable":true,"href":"https:\/\/floranixena.it\/fr\/wp-json\/wp\/v2\/comments?post=18869"}],"wp:featuredmedia":[{"embeddable":true,"href":"https:\/\/floranixena.it\/fr\/wp-json\/wp\/v2\/media\/18870"}],"wp:attachment":[{"href":"https:\/\/floranixena.it\/fr\/wp-json\/wp\/v2\/media?parent=18869"}],"wp:term":[{"taxonomy":"product_brand","embeddable":true,"href":"https:\/\/floranixena.it\/fr\/wp-json\/wp\/v2\/product_brand?post=18869"},{"taxonomy":"product_cat","embeddable":true,"href":"https:\/\/floranixena.it\/fr\/wp-json\/wp\/v2\/product_cat?post=18869"},{"taxonomy":"product_tag","embeddable":true,"href":"https:\/\/floranixena.it\/fr\/wp-json\/wp\/v2\/product_tag?post=18869"}],"curies":[{"name":"wp","href":"https:\/\/api.w.org\/{rel}","templated":true}]}}