{"id":18789,"date":"2020-11-21T10:36:40","date_gmt":"2020-11-21T09:36:40","guid":{"rendered":"https:\/\/floranixena.it\/product\/guirlande-de-noel-avec-des-pommes-de-pin\/"},"modified":"2020-11-21T10:36:40","modified_gmt":"2020-11-21T09:36:40","slug":"guirlande-de-noel-avec-des-pommes-de-pin","status":"publish","type":"product","link":"https:\/\/floranixena.it\/fr\/produit\/guirlande-de-noel-avec-des-pommes-de-pin\/","title":{"rendered":"Guirlande de No\u00ebl avec des pommes de pin"},"content":{"rendered":"<p>No\u00ebl est arriv\u00e9 avec notre magnifique <a href=\"https:\/\/floranixena.it\/fr\/catalog\/fleurs-dhiver\/\" target=\"_blank\" rel=\"noopener\"><strong>Couronne des Merveilles d&rsquo;hiver<\/strong><\/a>, qui incarne la chaleur et la joie des f\u00eates. Fabriqu\u00e9e \u00e0 la main avec des pommes de pin, des baies rouges, une feuille d\u2019\u00e9toiles de No\u00ebl, des foug\u00e8res de pin et du feuillage vert d\u00e9coratif, cette couronne ajoute une touche chaleureuse \u00e0 n\u2019importe quelle pi\u00e8ce pendant les f\u00eates. <\/p>\n<p>Attach\u00e9e avec un ruban rouge vif, cette <strong><a href=\"https:\/\/floranixena.it\/fr\/catalog\/noel\/\" target=\"_blank\" rel=\"noopener\">couronne de No\u00ebl faite \u00e0 la main<\/a><\/strong> devient un cadeau inoubliable pour c\u00e9l\u00e9brer la <a href=\"https:\/\/floranixena.it\/cesta-in-vimini-con-rose-e-vino\" target=\"_blank\" rel=\"noopener\">p\u00e9riode de No\u00ebl<\/a>.<\/p>\n<p>Convient aussi bien \u00e0 l\u2019int\u00e9rieur qu\u2019\u00e0 l\u2019ext\u00e9rieur, cette magnifique guirlande est <a href=\"https:\/\/floranixena.it\/invia-fiori-e-piante\/ghirlanda-natalizia-con-bacche-rosse\/\" target=\"_blank\" rel=\"noopener\">parfaite pour orner la maison<\/a>, le magasin, le bureau ou la classe. Id\u00e9al pour les portes d\u2019entr\u00e9e, murs, chemin\u00e9es, vitrines, salles et arbres de No\u00ebl. L\u2019ornement de guirlande est un cadeau intemporel pour la famille et les amis, <a href=\"https:\/\/floranixena.it\/cesta-natalizia-in-vimini\" target=\"_blank\" rel=\"noopener\">leur souhaitant un No\u00ebl serein<\/a>.  <\/p>\n<p>Pour conserver sa fra\u00eecheur, il est recommand\u00e9 de vaporiser l\u00e9g\u00e8rement le feuillage avec de l\u2019eau tous les jours.<\/p>\n<p>En outre, pour assurer une dur\u00e9e de vie optimale de votre <strong>Couronne des Merveilles d&rsquo;Hiver<\/strong>, nous vous conseillons de la placer \u00e0 l\u2019abri de sources de chaleur et d\u2019\u00e9viter toute exposition directe au soleil. Cela aidera \u00e0 pr\u00e9server sa beaut\u00e9 et sa fra\u00eecheur tout au long de la saison de No\u00ebl. <\/p>\n<p><strong>Nous sommes impatients de partager avec vous l\u2019atmosph\u00e8re festive de cette p\u00e9riode sp\u00e9ciale<\/strong>. Achetez maintenant votre Couronne des merveilles d\u2019hiver et pr\u00e9parez-vous \u00e0 cr\u00e9er des souvenirs inoubliables pendant les vacances de No\u00ebl. <\/p>\n<p>Et n\u2019oubliez pas d\u2019explorer notre vaste s\u00e9lection de <a href=\"https:\/\/floranixena.it\/fr\/prodotto\/guirlande-de-noel-lux\/\" target=\"_blank\" rel=\"noopener\">d\u00e9corations de No\u00ebl<\/a> assorties, y compris des guirlandes, des centres de table et des ornements, pour compl\u00e9ter l\u2019atmosph\u00e8re magique de votre maison pendant les vacances.<\/p>\n<p>De plus, gardez \u00e0 l\u2019esprit que nos couronnes sont fabriqu\u00e9es avec des mat\u00e9riaux de haute qualit\u00e9 et avec un soin artisanal, garantissant une durabilit\u00e9 exceptionnelle qui vous permettra de profiter de leur beaut\u00e9 pendant de nombreuses saisons \u00e0 venir.<\/p>\n","protected":false},"excerpt":{"rendered":"<ul>\n<li>Feuilles d\u2019\u00e9toiles de No\u00ebl<\/li>\n<li>Baies rouges d\u2019ilex<\/li>\n<li>Pommes de pin<\/li>\n<li>Foug\u00e8re de pin<\/li>\n<li>Feuillage d\u00e9coratif<\/li>\n<li>Les addobes floraux sont dispos\u00e9s et ins\u00e9r\u00e9s dans un anneau de <strong>45 cm<\/strong> de diam\u00e8tre.<\/li>\n<li>Nous recommandons de vaporiser le feuillage avec de l\u2019eau tous les jours.<\/li>\n<\/ul>\n<p><span style=\"color: #008000;\"><strong>Livraison gratuite sur ce produit<\/strong><\/span><\/p>\n","protected":false},"featured_media":18634,"comment_status":"closed","ping_status":"closed","template":"","meta":[],"product_brand":[],"product_cat":[3285,3276,3443,3445,3288,3843],"product_tag":[4746,4755,4748,4747,4574,3971],"class_list":{"0":"post-18789","1":"product","2":"type-product","3":"status-publish","4":"has-post-thumbnail","6":"product_cat-amitie","7":"product_cat-noel","8":"product_cat-pour-la-soeur","9":"product_cat-pour-maman","10":"product_cat-pour-remercier-quelquun","11":"product_cat-pour-un-collegue","12":"product_tag-cadeaux-de-noel-fr","13":"product_tag-fougere-de-pin","14":"product_tag-guirlande","15":"product_tag-guirlande-de-noel","16":"product_tag-idee-cadeau-de-noel","17":"product_tag-noel","19":"first","20":"instock","21":"shipping-taxable","22":"purchasable","23":"product-type-simple"},"yoast_head":"<!-- This site is optimized with the Yoast SEO Premium plugin v27.4 (Yoast SEO v27.4) - https:\/\/yoast.com\/product\/yoast-seo-premium-wordpress\/ -->\n<title>Guirlande de No\u00ebl avec des pommes de pin - FloraNixena - livraison de fleurs et de plantes<\/title>\n<meta name=\"description\" content=\"D\u00e9couvrez la magie de No\u00ebl avec notre couronne exclusive d\u00e9cor\u00e9e de pommes de pin, un cadeau inoubliable pour cette saison. Livraison gratuite!\" \/>\n<meta name=\"robots\" content=\"index, follow, max-snippet:-1, max-image-preview:large, max-video-preview:-1\" \/>\n<link rel=\"canonical\" href=\"https:\/\/floranixena.it\/fr\/produit\/guirlande-de-noel-avec-des-pommes-de-pin\/\" \/>\n<meta property=\"og:locale\" content=\"fr_FR\" \/>\n<meta property=\"og:type\" content=\"article\" \/>\n<meta property=\"og:title\" content=\"Guirlande de No\u00ebl avec des pommes de pin\" \/>\n<meta property=\"og:description\" content=\"Feuilles d\u2019\u00e9toiles de No\u00ebl  Baies rouges d\u2019ilex  Pommes de pin  Foug\u00e8re de pin  Feuillage d\u00e9coratif  Les addobes floraux sont dispos\u00e9s et ins\u00e9r\u00e9s dans un anneau de 45 cm de diam\u00e8tre.  Nous recommandons de vaporiser le feuillage avec de l\u2019eau tous les jours. Livraison gratuite sur ce produit\" \/>\n<meta property=\"og:url\" content=\"https:\/\/floranixena.it\/fr\/produit\/guirlande-de-noel-avec-des-pommes-de-pin\/\" \/>\n<meta property=\"og:site_name\" content=\"FloraNixena - livraison de fleurs et de plantes\" \/>\n<meta property=\"article:publisher\" content=\"https:\/\/www.facebook.com\/FloraNixena\/\" \/>\n<meta property=\"og:image\" content=\"https:\/\/floranixena.it\/wp-content\/uploads\/2020\/11\/ghirlanda-natalizia-con-pino-bacche-stella-di-natale-e-foglie-verdi-decorative-da-regalare-alla-mamma-zia-o-sorella-per-natale.-Idea-regalo-natale.jpg\" \/>\n\t<meta property=\"og:image:width\" content=\"800\" \/>\n\t<meta property=\"og:image:height\" content=\"800\" \/>\n\t<meta property=\"og:image:type\" content=\"image\/jpeg\" \/>\n<meta name=\"twitter:card\" content=\"summary_large_image\" \/>\n<meta name=\"twitter:label1\" content=\"Dur\u00e9e de lecture estim\u00e9e\" \/>\n\t<meta name=\"twitter:data1\" content=\"2 minutes\" \/>\n<script type=\"application\/ld+json\" class=\"yoast-schema-graph\">{\"@context\":\"https:\\\/\\\/schema.org\",\"@graph\":[{\"@type\":\"WebPage\",\"@id\":\"https:\\\/\\\/floranixena.it\\\/fr\\\/produit\\\/guirlande-de-noel-avec-des-pommes-de-pin\\\/\",\"url\":\"https:\\\/\\\/floranixena.it\\\/fr\\\/produit\\\/guirlande-de-noel-avec-des-pommes-de-pin\\\/\",\"name\":\"Guirlande de No\u00ebl avec des pommes de pin - FloraNixena - livraison de fleurs et de plantes\",\"isPartOf\":{\"@id\":\"https:\\\/\\\/floranixena.it\\\/fr\\\/#website\"},\"primaryImageOfPage\":{\"@id\":\"https:\\\/\\\/floranixena.it\\\/fr\\\/produit\\\/guirlande-de-noel-avec-des-pommes-de-pin\\\/#primaryimage\"},\"image\":{\"@id\":\"https:\\\/\\\/floranixena.it\\\/fr\\\/produit\\\/guirlande-de-noel-avec-des-pommes-de-pin\\\/#primaryimage\"},\"thumbnailUrl\":\"https:\\\/\\\/floranixena.it\\\/wp-content\\\/uploads\\\/2020\\\/11\\\/ghirlanda-natalizia-con-pino-bacche-stella-di-natale-e-foglie-verdi-decorative-da-regalare-alla-mamma-zia-o-sorella-per-natale.-Idea-regalo-natale.jpg\",\"datePublished\":\"2020-11-21T09:36:40+00:00\",\"description\":\"D\u00e9couvrez la magie de No\u00ebl avec notre couronne exclusive d\u00e9cor\u00e9e de pommes de pin, un cadeau inoubliable pour cette saison. Livraison gratuite!\",\"breadcrumb\":{\"@id\":\"https:\\\/\\\/floranixena.it\\\/fr\\\/produit\\\/guirlande-de-noel-avec-des-pommes-de-pin\\\/#breadcrumb\"},\"inLanguage\":\"fr-FR\",\"potentialAction\":[{\"@type\":\"ReadAction\",\"target\":[\"https:\\\/\\\/floranixena.it\\\/fr\\\/produit\\\/guirlande-de-noel-avec-des-pommes-de-pin\\\/\"]}]},{\"@type\":\"ImageObject\",\"inLanguage\":\"fr-FR\",\"@id\":\"https:\\\/\\\/floranixena.it\\\/fr\\\/produit\\\/guirlande-de-noel-avec-des-pommes-de-pin\\\/#primaryimage\",\"url\":\"https:\\\/\\\/floranixena.it\\\/wp-content\\\/uploads\\\/2020\\\/11\\\/ghirlanda-natalizia-con-pino-bacche-stella-di-natale-e-foglie-verdi-decorative-da-regalare-alla-mamma-zia-o-sorella-per-natale.-Idea-regalo-natale.jpg\",\"contentUrl\":\"https:\\\/\\\/floranixena.it\\\/wp-content\\\/uploads\\\/2020\\\/11\\\/ghirlanda-natalizia-con-pino-bacche-stella-di-natale-e-foglie-verdi-decorative-da-regalare-alla-mamma-zia-o-sorella-per-natale.-Idea-regalo-natale.jpg\",\"width\":800,\"height\":800,\"caption\":\"Un cercle d\u2019\u00e9motions qui sent la f\u00eate: la guirlande qui accueille avec chaleur.\"},{\"@type\":\"BreadcrumbList\",\"@id\":\"https:\\\/\\\/floranixena.it\\\/fr\\\/produit\\\/guirlande-de-noel-avec-des-pommes-de-pin\\\/#breadcrumb\",\"itemListElement\":[{\"@type\":\"ListItem\",\"position\":1,\"name\":\"Home\",\"item\":\"https:\\\/\\\/floranixena.it\\\/fr\\\/\"},{\"@type\":\"ListItem\",\"position\":2,\"name\":\"Magasin\",\"item\":\"https:\\\/\\\/floranixena.it\\\/fr\\\/magasin\\\/\"},{\"@type\":\"ListItem\",\"position\":3,\"name\":\"Guirlande de No\u00ebl avec des pommes de pin\"}]},{\"@type\":\"WebSite\",\"@id\":\"https:\\\/\\\/floranixena.it\\\/fr\\\/#website\",\"url\":\"https:\\\/\\\/floranixena.it\\\/fr\\\/\",\"name\":\"FloraNixena - Consegna fiori a domicilio in Italia\",\"description\":\"Invia fiori che raccontano storie\",\"publisher\":{\"@id\":\"https:\\\/\\\/floranixena.it\\\/fr\\\/#organization\"},\"alternateName\":\"FloraNixena.it\",\"potentialAction\":[{\"@type\":\"SearchAction\",\"target\":{\"@type\":\"EntryPoint\",\"urlTemplate\":\"https:\\\/\\\/floranixena.it\\\/fr\\\/?s={search_term_string}\"},\"query-input\":{\"@type\":\"PropertyValueSpecification\",\"valueRequired\":true,\"valueName\":\"search_term_string\"}}],\"inLanguage\":\"fr-FR\"},{\"@type\":\"Organization\",\"@id\":\"https:\\\/\\\/floranixena.it\\\/fr\\\/#organization\",\"name\":\"FloraNixena.it - Consegna mazzi di fiori, bouquet e piante a domicilio\",\"url\":\"https:\\\/\\\/floranixena.it\\\/fr\\\/\",\"logo\":{\"@type\":\"ImageObject\",\"inLanguage\":\"fr-FR\",\"@id\":\"https:\\\/\\\/floranixena.it\\\/fr\\\/#\\\/schema\\\/logo\\\/image\\\/\",\"url\":\"https:\\\/\\\/floranixena.it\\\/wp-content\\\/uploads\\\/2018\\\/11\\\/logo-fucsia.png\",\"contentUrl\":\"https:\\\/\\\/floranixena.it\\\/wp-content\\\/uploads\\\/2018\\\/11\\\/logo-fucsia.png\",\"width\":315,\"height\":81,\"caption\":\"FloraNixena.it - Consegna mazzi di fiori, bouquet e piante a domicilio\"},\"image\":{\"@id\":\"https:\\\/\\\/floranixena.it\\\/fr\\\/#\\\/schema\\\/logo\\\/image\\\/\"},\"sameAs\":[\"https:\\\/\\\/www.facebook.com\\\/FloraNixena\\\/\",\"https:\\\/\\\/www.instagram.com\\\/floranixena.it\\\/\",\"https:\\\/\\\/www.youtube.com\\\/channel\\\/UCAfCWXMBezO96jgPjiUgpkA\"],\"description\":\"Chi Siamo? FloraNixena \u00e8 il partner di fiducia per la consegna di fiori freschi a domicilio. Con anni di esperienza nel settore floreale, siamo dedicati a portare la bellezza e la freschezza dei fiori direttamente alla vostra porta. La Nostra Missione La nostra missione \u00e8 trasformare ogni occasione in un momento speciale attraverso la magia dei fiori. Crediamo che un bouquet possa dire pi\u00f9 di mille parole e lavoriamo instancabilmente per assicurarci che ogni consegna porti gioia, amore e bellezza. Cosa Offriamo? Fiori Freschi: Collaboriamo con i migliori fornitori locali per garantire che i nostri fiori siano sempre freschi e di alta qualit\u00e0. Consegna Rapida e Puntuale: Offriamo un servizio di consegna rapido e affidabile, con la possibilit\u00e0 di scegliere la fascia oraria che pi\u00f9 vi conviene. Ampia Selezione: Dalle rose classiche ai bouquet personalizzati, abbiamo una vasta gamma di opzioni per soddisfare ogni gusto e occasione. Assistenza Clienti: Il nostro team \u00e8 sempre a disposizione per assistervi nella scelta del bouquet perfetto e per garantire un'esperienza di acquisto senza intoppi. Perch\u00e9 Sceglierci? Qualit\u00e0 Garantita: Ogni bouquet \u00e8 realizzato con cura dai nostri esperti fioristi, garantendo che ogni composizione sia un'opera d'arte. Servizio Personalizzato: Che sia per un anniversario, un compleanno, una celebrazione o un momento di condoglianza, personalizziamo ogni ordine per rispondere alle vostre esigenze specifiche. Soddisfazione del Cliente: La vostra soddisfazione \u00e8 la nostra priorit\u00e0 assoluta. Facciamo tutto il possibile per assicurarci che ogni consegna superi le vostre aspettative.\",\"email\":\"amministrazione@floranixena.it\",\"telephone\":\"3806342394\",\"legalName\":\"Gaetano Votadoro\"}]}<\/script>\n<!-- \/ Yoast SEO Premium plugin. -->","yoast_head_json":{"title":"Guirlande de No\u00ebl avec des pommes de pin - FloraNixena - livraison de fleurs et de plantes","description":"D\u00e9couvrez la magie de No\u00ebl avec notre couronne exclusive d\u00e9cor\u00e9e de pommes de pin, un cadeau inoubliable pour cette saison. Livraison gratuite!","robots":{"index":"index","follow":"follow","max-snippet":"max-snippet:-1","max-image-preview":"max-image-preview:large","max-video-preview":"max-video-preview:-1"},"canonical":"https:\/\/floranixena.it\/fr\/produit\/guirlande-de-noel-avec-des-pommes-de-pin\/","og_locale":"fr_FR","og_type":"article","og_title":"Guirlande de No\u00ebl avec des pommes de pin","og_description":"Feuilles d\u2019\u00e9toiles de No\u00ebl  Baies rouges d\u2019ilex  Pommes de pin  Foug\u00e8re de pin  Feuillage d\u00e9coratif  Les addobes floraux sont dispos\u00e9s et ins\u00e9r\u00e9s dans un anneau de 45 cm de diam\u00e8tre.  Nous recommandons de vaporiser le feuillage avec de l\u2019eau tous les jours. Livraison gratuite sur ce produit","og_url":"https:\/\/floranixena.it\/fr\/produit\/guirlande-de-noel-avec-des-pommes-de-pin\/","og_site_name":"FloraNixena - livraison de fleurs et de plantes","article_publisher":"https:\/\/www.facebook.com\/FloraNixena\/","og_image":[{"width":800,"height":800,"url":"https:\/\/floranixena.it\/wp-content\/uploads\/2020\/11\/ghirlanda-natalizia-con-pino-bacche-stella-di-natale-e-foglie-verdi-decorative-da-regalare-alla-mamma-zia-o-sorella-per-natale.-Idea-regalo-natale.jpg","type":"image\/jpeg"}],"twitter_card":"summary_large_image","twitter_misc":{"Dur\u00e9e de lecture estim\u00e9e":"2 minutes"},"schema":{"@context":"https:\/\/schema.org","@graph":[{"@type":"WebPage","@id":"https:\/\/floranixena.it\/fr\/produit\/guirlande-de-noel-avec-des-pommes-de-pin\/","url":"https:\/\/floranixena.it\/fr\/produit\/guirlande-de-noel-avec-des-pommes-de-pin\/","name":"Guirlande de No\u00ebl avec des pommes de pin - FloraNixena - livraison de fleurs et de plantes","isPartOf":{"@id":"https:\/\/floranixena.it\/fr\/#website"},"primaryImageOfPage":{"@id":"https:\/\/floranixena.it\/fr\/produit\/guirlande-de-noel-avec-des-pommes-de-pin\/#primaryimage"},"image":{"@id":"https:\/\/floranixena.it\/fr\/produit\/guirlande-de-noel-avec-des-pommes-de-pin\/#primaryimage"},"thumbnailUrl":"https:\/\/floranixena.it\/wp-content\/uploads\/2020\/11\/ghirlanda-natalizia-con-pino-bacche-stella-di-natale-e-foglie-verdi-decorative-da-regalare-alla-mamma-zia-o-sorella-per-natale.-Idea-regalo-natale.jpg","datePublished":"2020-11-21T09:36:40+00:00","description":"D\u00e9couvrez la magie de No\u00ebl avec notre couronne exclusive d\u00e9cor\u00e9e de pommes de pin, un cadeau inoubliable pour cette saison. Livraison gratuite!","breadcrumb":{"@id":"https:\/\/floranixena.it\/fr\/produit\/guirlande-de-noel-avec-des-pommes-de-pin\/#breadcrumb"},"inLanguage":"fr-FR","potentialAction":[{"@type":"ReadAction","target":["https:\/\/floranixena.it\/fr\/produit\/guirlande-de-noel-avec-des-pommes-de-pin\/"]}]},{"@type":"ImageObject","inLanguage":"fr-FR","@id":"https:\/\/floranixena.it\/fr\/produit\/guirlande-de-noel-avec-des-pommes-de-pin\/#primaryimage","url":"https:\/\/floranixena.it\/wp-content\/uploads\/2020\/11\/ghirlanda-natalizia-con-pino-bacche-stella-di-natale-e-foglie-verdi-decorative-da-regalare-alla-mamma-zia-o-sorella-per-natale.-Idea-regalo-natale.jpg","contentUrl":"https:\/\/floranixena.it\/wp-content\/uploads\/2020\/11\/ghirlanda-natalizia-con-pino-bacche-stella-di-natale-e-foglie-verdi-decorative-da-regalare-alla-mamma-zia-o-sorella-per-natale.-Idea-regalo-natale.jpg","width":800,"height":800,"caption":"Un cercle d\u2019\u00e9motions qui sent la f\u00eate: la guirlande qui accueille avec chaleur."},{"@type":"BreadcrumbList","@id":"https:\/\/floranixena.it\/fr\/produit\/guirlande-de-noel-avec-des-pommes-de-pin\/#breadcrumb","itemListElement":[{"@type":"ListItem","position":1,"name":"Home","item":"https:\/\/floranixena.it\/fr\/"},{"@type":"ListItem","position":2,"name":"Magasin","item":"https:\/\/floranixena.it\/fr\/magasin\/"},{"@type":"ListItem","position":3,"name":"Guirlande de No\u00ebl avec des pommes de pin"}]},{"@type":"WebSite","@id":"https:\/\/floranixena.it\/fr\/#website","url":"https:\/\/floranixena.it\/fr\/","name":"FloraNixena - Consegna fiori a domicilio in Italia","description":"Invia fiori che raccontano storie","publisher":{"@id":"https:\/\/floranixena.it\/fr\/#organization"},"alternateName":"FloraNixena.it","potentialAction":[{"@type":"SearchAction","target":{"@type":"EntryPoint","urlTemplate":"https:\/\/floranixena.it\/fr\/?s={search_term_string}"},"query-input":{"@type":"PropertyValueSpecification","valueRequired":true,"valueName":"search_term_string"}}],"inLanguage":"fr-FR"},{"@type":"Organization","@id":"https:\/\/floranixena.it\/fr\/#organization","name":"FloraNixena.it - Consegna mazzi di fiori, bouquet e piante a domicilio","url":"https:\/\/floranixena.it\/fr\/","logo":{"@type":"ImageObject","inLanguage":"fr-FR","@id":"https:\/\/floranixena.it\/fr\/#\/schema\/logo\/image\/","url":"https:\/\/floranixena.it\/wp-content\/uploads\/2018\/11\/logo-fucsia.png","contentUrl":"https:\/\/floranixena.it\/wp-content\/uploads\/2018\/11\/logo-fucsia.png","width":315,"height":81,"caption":"FloraNixena.it - Consegna mazzi di fiori, bouquet e piante a domicilio"},"image":{"@id":"https:\/\/floranixena.it\/fr\/#\/schema\/logo\/image\/"},"sameAs":["https:\/\/www.facebook.com\/FloraNixena\/","https:\/\/www.instagram.com\/floranixena.it\/","https:\/\/www.youtube.com\/channel\/UCAfCWXMBezO96jgPjiUgpkA"],"description":"Chi Siamo? FloraNixena \u00e8 il partner di fiducia per la consegna di fiori freschi a domicilio. Con anni di esperienza nel settore floreale, siamo dedicati a portare la bellezza e la freschezza dei fiori direttamente alla vostra porta. La Nostra Missione La nostra missione \u00e8 trasformare ogni occasione in un momento speciale attraverso la magia dei fiori. Crediamo che un bouquet possa dire pi\u00f9 di mille parole e lavoriamo instancabilmente per assicurarci che ogni consegna porti gioia, amore e bellezza. Cosa Offriamo? Fiori Freschi: Collaboriamo con i migliori fornitori locali per garantire che i nostri fiori siano sempre freschi e di alta qualit\u00e0. Consegna Rapida e Puntuale: Offriamo un servizio di consegna rapido e affidabile, con la possibilit\u00e0 di scegliere la fascia oraria che pi\u00f9 vi conviene. Ampia Selezione: Dalle rose classiche ai bouquet personalizzati, abbiamo una vasta gamma di opzioni per soddisfare ogni gusto e occasione. Assistenza Clienti: Il nostro team \u00e8 sempre a disposizione per assistervi nella scelta del bouquet perfetto e per garantire un'esperienza di acquisto senza intoppi. Perch\u00e9 Sceglierci? Qualit\u00e0 Garantita: Ogni bouquet \u00e8 realizzato con cura dai nostri esperti fioristi, garantendo che ogni composizione sia un'opera d'arte. Servizio Personalizzato: Che sia per un anniversario, un compleanno, una celebrazione o un momento di condoglianza, personalizziamo ogni ordine per rispondere alle vostre esigenze specifiche. Soddisfazione del Cliente: La vostra soddisfazione \u00e8 la nostra priorit\u00e0 assoluta. Facciamo tutto il possibile per assicurarci che ogni consegna superi le vostre aspettative.","email":"amministrazione@floranixena.it","telephone":"3806342394","legalName":"Gaetano Votadoro"}]}},"_links":{"self":[{"href":"https:\/\/floranixena.it\/fr\/wp-json\/wp\/v2\/product\/18789","targetHints":{"allow":["GET"]}}],"collection":[{"href":"https:\/\/floranixena.it\/fr\/wp-json\/wp\/v2\/product"}],"about":[{"href":"https:\/\/floranixena.it\/fr\/wp-json\/wp\/v2\/types\/product"}],"replies":[{"embeddable":true,"href":"https:\/\/floranixena.it\/fr\/wp-json\/wp\/v2\/comments?post=18789"}],"wp:featuredmedia":[{"embeddable":true,"href":"https:\/\/floranixena.it\/fr\/wp-json\/wp\/v2\/media\/18634"}],"wp:attachment":[{"href":"https:\/\/floranixena.it\/fr\/wp-json\/wp\/v2\/media?parent=18789"}],"wp:term":[{"taxonomy":"product_brand","embeddable":true,"href":"https:\/\/floranixena.it\/fr\/wp-json\/wp\/v2\/product_brand?post=18789"},{"taxonomy":"product_cat","embeddable":true,"href":"https:\/\/floranixena.it\/fr\/wp-json\/wp\/v2\/product_cat?post=18789"},{"taxonomy":"product_tag","embeddable":true,"href":"https:\/\/floranixena.it\/fr\/wp-json\/wp\/v2\/product_tag?post=18789"}],"curies":[{"name":"wp","href":"https:\/\/api.w.org\/{rel}","templated":true}]}}