{"id":18784,"date":"2020-11-20T09:51:40","date_gmt":"2020-11-20T08:51:40","guid":{"rendered":"https:\/\/floranixena.it\/product\/guirlande-de-noel-lux\/"},"modified":"2020-11-20T09:51:40","modified_gmt":"2020-11-20T08:51:40","slug":"guirlande-de-noel-lux","status":"publish","type":"product","link":"https:\/\/floranixena.it\/fr\/produit\/guirlande-de-noel-lux\/","title":{"rendered":"Guirlande de No\u00ebl LUX"},"content":{"rendered":"<p>Cette ann\u00e9e, offrez-vous ou envoyez \u00e0 un \u00eatre cher <a href=\"https:\/\/floranixena.it\/fr\/catalog\/noel\/\" target=\"_blank\" rel=\"noopener\"><strong>une id\u00e9e cadeau de No\u00ebl<\/strong><\/a> vraiment sp\u00e9ciale: une <strong>couronne de No\u00ebl<\/strong> festive aux couleurs vives, parfaite pour d\u00e9corer l\u2019entr\u00e9e de votre propre maison ou celle d\u2019un parent bien-aim\u00e9 et cr\u00e9er une atmosph\u00e8re de f\u00eate authentique.<\/p>\n<p>Notre <a href=\"https:\/\/floranixena.it\/invia-fiori-e-piante\/ghirlanda-natalizia-con-pigne-e-bacche\/\" target=\"_blank\" rel=\"noopener\">guirlande Lux<\/a> est r\u00e9alis\u00e9e avec de <a href=\"https:\/\/floranixena.it\/fiori-invernali\/\" target=\"_blank\" rel=\"noopener\">vraies branches de sapin nobilis<\/a> et des baies d&rsquo;ilex rouge, associ\u00e9es \u00e0 des boules de No\u00ebl rouges brillantes, pour un effet vraiment suggestif. Pour ajouter une touche d\u2019\u00e9l\u00e9gance, nous d\u00e9corons cette prestigieuse guirlande avec des arcs et autres accessoires dor\u00e9s, conf\u00e9rant une aura de classe et de raffinement \u00e0 votre ambiance de No\u00ebl. <\/p>\n<p>La qualit\u00e9 exceptionnelle de cette magnifique d\u00e9coration florale assure une longue dur\u00e9e de vie, vous accompagnant tout au long de la <a href=\"https:\/\/floranixena.it\/fr\/prodotto\/panier-avec-vin-roses-et-baies\/\" target=\"_blank\" rel=\"noopener\"><strong>p\u00e9riode des f\u00eates<\/strong><\/a>. C\u2019est le cadeau id\u00e9al pour souhaiter un <a href=\"https:\/\/floranixena.it\/prodotto\/cesta-natalizia-in-vimini\/\" target=\"_blank\" rel=\"noopener\"><strong>Joyeux No\u00ebl<\/strong><\/a>, avec la livraison \u00e0 domicile incluse dans le prix, pour rendre le geste encore plus confortable et sp\u00e9cial. <\/p>\n<p>Convient aussi bien \u00e0 l\u2019int\u00e9rieur qu\u2019\u00e0 l\u2019ext\u00e9rieur, <strong>cette belle guirlande<\/strong> est parfaite pour d\u00e9corer la maison, le magasin, le bureau ou la classe. Vous pouvez l\u2019utiliser pour embellir les portes d\u2019entr\u00e9e, les murs, les chemin\u00e9es, les vitrines, les pi\u00e8ces et m\u00eame les arbres de No\u00ebl, apportant une touche de magie et de f\u00eate dans n\u2019importe quel environnement. <\/p>\n<p>Pour <strong>une exp\u00e9rience de No\u00ebl compl\u00e8te<\/strong>, pensez \u00e0 combiner cette magnifique guirlande avec d\u2019autres d\u00e9corations et accessoires festifs. Vous pouvez enrichir l\u2019atmosph\u00e8re avec des lumi\u00e8res scintillantes, des bougies parfum\u00e9es ou des d\u00e9corations th\u00e9matiques assorties. <\/p>\n<p style=\"text-align: center;\">Avec notre guirlande Lux, transformez chaque espace en une oasis de magie de No\u00ebl, rendant No\u00ebl encore plus sp\u00e9cial et inoubliable pour vous et vos proches. Commandez d\u00e8s aujourd\u2019hui et laissez-vous envelopper par l\u2019atmosph\u00e8re festive que seule notre guirlande peut cr\u00e9er. Joyeuses f\u00eates!  <\/p>\n<p style=\"text-align: center;\">Joyeux No\u00ebl!!<\/p>\n","protected":false},"excerpt":{"rendered":"<ul>\n<li>22 boules de No\u00ebl rouges<\/li>\n<li>Baies d&rsquo;ilex<\/li>\n<li>branches de sapin (nobilis)<\/li>\n<li>D\u00e9corations dor\u00e9es<\/li>\n<li>Boucle couleur or<\/li>\n<li>Les d\u00e9corations florales sont dispos\u00e9es et ins\u00e9r\u00e9es dans un anneau en mousse du diam\u00e8tre de c.\u00e7a <strong>70cm.<\/strong><\/li>\n<li>Nous recommandons de vaporiser le feuillage avec de l\u2019eau tous les jours.<\/li>\n<\/ul>\n<p><strong style=\"color: #008000; letter-spacing: 0.5px; font-size: 13px;\">Livraison gratuite sur ce produit<\/strong><\/p>\n","protected":false},"featured_media":18636,"comment_status":"closed","ping_status":"closed","template":"","meta":[],"product_brand":[],"product_cat":[3276,3288,4042],"product_tag":[4746,4748,4747,4574,3971],"class_list":{"0":"post-18784","1":"product","2":"type-product","3":"status-publish","4":"has-post-thumbnail","6":"product_cat-noel","7":"product_cat-pour-remercier-quelquun","8":"product_cat-vip","9":"product_tag-cadeaux-de-noel-fr","10":"product_tag-guirlande","11":"product_tag-guirlande-de-noel","12":"product_tag-idee-cadeau-de-noel","13":"product_tag-noel","15":"first","16":"instock","17":"shipping-taxable","18":"purchasable","19":"product-type-simple"},"yoast_head":"<!-- This site is optimized with the Yoast SEO Premium plugin v27.4 (Yoast SEO v27.4) - https:\/\/yoast.com\/product\/yoast-seo-premium-wordpress\/ -->\n<title>Guirlande de No\u00ebl LUX - FloraNixena - livraison de fleurs et de plantes<\/title>\n<meta name=\"description\" content=\"Luxueuse guirlande de No\u00ebl (nobilis) \u00e0 offrir pour No\u00ebl \u00e0 vous ou \u00e0 un de vos proches. Livraison \u00e0 domicile en p\u00e9riode de No\u00ebl.\" \/>\n<meta name=\"robots\" content=\"index, follow, max-snippet:-1, max-image-preview:large, max-video-preview:-1\" \/>\n<link rel=\"canonical\" href=\"https:\/\/floranixena.it\/fr\/produit\/guirlande-de-noel-lux\/\" \/>\n<meta property=\"og:locale\" content=\"fr_FR\" \/>\n<meta property=\"og:type\" content=\"article\" \/>\n<meta property=\"og:title\" content=\"Guirlande de No\u00ebl LUX\" \/>\n<meta property=\"og:description\" content=\"22 boules de No\u00ebl rouges  Baies d&#039;ilex  branches de sapin (nobilis)  D\u00e9corations dor\u00e9es  Boucle couleur or  Les d\u00e9corations florales sont dispos\u00e9es et ins\u00e9r\u00e9es dans un anneau en mousse du diam\u00e8tre de c.\u00e7a 70cm.  Nous recommandons de vaporiser le feuillage avec de l\u2019eau tous les jours. Livraison gratuite sur ce produit\" \/>\n<meta property=\"og:url\" content=\"https:\/\/floranixena.it\/fr\/produit\/guirlande-de-noel-lux\/\" \/>\n<meta property=\"og:site_name\" content=\"FloraNixena - livraison de fleurs et de plantes\" \/>\n<meta property=\"article:publisher\" content=\"https:\/\/www.facebook.com\/FloraNixena\/\" \/>\n<meta property=\"og:image\" content=\"https:\/\/floranixena.it\/wp-content\/uploads\/2020\/11\/Ghirlanda-natalizia-lussureggiante-da-regalare-per-natale-con-consegna-a-domicilio.jpg\" \/>\n\t<meta property=\"og:image:width\" content=\"800\" \/>\n\t<meta property=\"og:image:height\" content=\"800\" \/>\n\t<meta property=\"og:image:type\" content=\"image\/jpeg\" \/>\n<meta name=\"twitter:card\" content=\"summary_large_image\" \/>\n<meta name=\"twitter:label1\" content=\"Dur\u00e9e de lecture estim\u00e9e\" \/>\n\t<meta name=\"twitter:data1\" content=\"2 minutes\" \/>\n<script type=\"application\/ld+json\" class=\"yoast-schema-graph\">{\"@context\":\"https:\\\/\\\/schema.org\",\"@graph\":[{\"@type\":\"WebPage\",\"@id\":\"https:\\\/\\\/floranixena.it\\\/fr\\\/produit\\\/guirlande-de-noel-lux\\\/\",\"url\":\"https:\\\/\\\/floranixena.it\\\/fr\\\/produit\\\/guirlande-de-noel-lux\\\/\",\"name\":\"Guirlande de No\u00ebl LUX - FloraNixena - livraison de fleurs et de plantes\",\"isPartOf\":{\"@id\":\"https:\\\/\\\/floranixena.it\\\/fr\\\/#website\"},\"primaryImageOfPage\":{\"@id\":\"https:\\\/\\\/floranixena.it\\\/fr\\\/produit\\\/guirlande-de-noel-lux\\\/#primaryimage\"},\"image\":{\"@id\":\"https:\\\/\\\/floranixena.it\\\/fr\\\/produit\\\/guirlande-de-noel-lux\\\/#primaryimage\"},\"thumbnailUrl\":\"https:\\\/\\\/floranixena.it\\\/wp-content\\\/uploads\\\/2020\\\/11\\\/Ghirlanda-natalizia-lussureggiante-da-regalare-per-natale-con-consegna-a-domicilio.jpg\",\"datePublished\":\"2020-11-20T08:51:40+00:00\",\"description\":\"Luxueuse guirlande de No\u00ebl (nobilis) \u00e0 offrir pour No\u00ebl \u00e0 vous ou \u00e0 un de vos proches. Livraison \u00e0 domicile en p\u00e9riode de No\u00ebl.\",\"breadcrumb\":{\"@id\":\"https:\\\/\\\/floranixena.it\\\/fr\\\/produit\\\/guirlande-de-noel-lux\\\/#breadcrumb\"},\"inLanguage\":\"fr-FR\",\"potentialAction\":[{\"@type\":\"ReadAction\",\"target\":[\"https:\\\/\\\/floranixena.it\\\/fr\\\/produit\\\/guirlande-de-noel-lux\\\/\"]}]},{\"@type\":\"ImageObject\",\"inLanguage\":\"fr-FR\",\"@id\":\"https:\\\/\\\/floranixena.it\\\/fr\\\/produit\\\/guirlande-de-noel-lux\\\/#primaryimage\",\"url\":\"https:\\\/\\\/floranixena.it\\\/wp-content\\\/uploads\\\/2020\\\/11\\\/Ghirlanda-natalizia-lussureggiante-da-regalare-per-natale-con-consegna-a-domicilio.jpg\",\"contentUrl\":\"https:\\\/\\\/floranixena.it\\\/wp-content\\\/uploads\\\/2020\\\/11\\\/Ghirlanda-natalizia-lussureggiante-da-regalare-per-natale-con-consegna-a-domicilio.jpg\",\"width\":800,\"height\":800,\"caption\":\"Un cercle de f\u00eate qui accueille avec \u00e9l\u00e9gance: la guirlande qui illumine No\u00ebl.\"},{\"@type\":\"BreadcrumbList\",\"@id\":\"https:\\\/\\\/floranixena.it\\\/fr\\\/produit\\\/guirlande-de-noel-lux\\\/#breadcrumb\",\"itemListElement\":[{\"@type\":\"ListItem\",\"position\":1,\"name\":\"Home\",\"item\":\"https:\\\/\\\/floranixena.it\\\/fr\\\/\"},{\"@type\":\"ListItem\",\"position\":2,\"name\":\"Magasin\",\"item\":\"https:\\\/\\\/floranixena.it\\\/fr\\\/magasin\\\/\"},{\"@type\":\"ListItem\",\"position\":3,\"name\":\"Guirlande de No\u00ebl LUX\"}]},{\"@type\":\"WebSite\",\"@id\":\"https:\\\/\\\/floranixena.it\\\/fr\\\/#website\",\"url\":\"https:\\\/\\\/floranixena.it\\\/fr\\\/\",\"name\":\"FloraNixena - Consegna fiori a domicilio in Italia\",\"description\":\"Invia fiori che raccontano storie\",\"publisher\":{\"@id\":\"https:\\\/\\\/floranixena.it\\\/fr\\\/#organization\"},\"alternateName\":\"FloraNixena.it\",\"potentialAction\":[{\"@type\":\"SearchAction\",\"target\":{\"@type\":\"EntryPoint\",\"urlTemplate\":\"https:\\\/\\\/floranixena.it\\\/fr\\\/?s={search_term_string}\"},\"query-input\":{\"@type\":\"PropertyValueSpecification\",\"valueRequired\":true,\"valueName\":\"search_term_string\"}}],\"inLanguage\":\"fr-FR\"},{\"@type\":\"Organization\",\"@id\":\"https:\\\/\\\/floranixena.it\\\/fr\\\/#organization\",\"name\":\"FloraNixena.it - Consegna mazzi di fiori, bouquet e piante a domicilio\",\"url\":\"https:\\\/\\\/floranixena.it\\\/fr\\\/\",\"logo\":{\"@type\":\"ImageObject\",\"inLanguage\":\"fr-FR\",\"@id\":\"https:\\\/\\\/floranixena.it\\\/fr\\\/#\\\/schema\\\/logo\\\/image\\\/\",\"url\":\"https:\\\/\\\/floranixena.it\\\/wp-content\\\/uploads\\\/2018\\\/11\\\/logo-fucsia.png\",\"contentUrl\":\"https:\\\/\\\/floranixena.it\\\/wp-content\\\/uploads\\\/2018\\\/11\\\/logo-fucsia.png\",\"width\":315,\"height\":81,\"caption\":\"FloraNixena.it - Consegna mazzi di fiori, bouquet e piante a domicilio\"},\"image\":{\"@id\":\"https:\\\/\\\/floranixena.it\\\/fr\\\/#\\\/schema\\\/logo\\\/image\\\/\"},\"sameAs\":[\"https:\\\/\\\/www.facebook.com\\\/FloraNixena\\\/\",\"https:\\\/\\\/www.instagram.com\\\/floranixena.it\\\/\",\"https:\\\/\\\/www.youtube.com\\\/channel\\\/UCAfCWXMBezO96jgPjiUgpkA\"],\"description\":\"Chi Siamo? FloraNixena \u00e8 il partner di fiducia per la consegna di fiori freschi a domicilio. Con anni di esperienza nel settore floreale, siamo dedicati a portare la bellezza e la freschezza dei fiori direttamente alla vostra porta. La Nostra Missione La nostra missione \u00e8 trasformare ogni occasione in un momento speciale attraverso la magia dei fiori. Crediamo che un bouquet possa dire pi\u00f9 di mille parole e lavoriamo instancabilmente per assicurarci che ogni consegna porti gioia, amore e bellezza. Cosa Offriamo? Fiori Freschi: Collaboriamo con i migliori fornitori locali per garantire che i nostri fiori siano sempre freschi e di alta qualit\u00e0. Consegna Rapida e Puntuale: Offriamo un servizio di consegna rapido e affidabile, con la possibilit\u00e0 di scegliere la fascia oraria che pi\u00f9 vi conviene. Ampia Selezione: Dalle rose classiche ai bouquet personalizzati, abbiamo una vasta gamma di opzioni per soddisfare ogni gusto e occasione. Assistenza Clienti: Il nostro team \u00e8 sempre a disposizione per assistervi nella scelta del bouquet perfetto e per garantire un'esperienza di acquisto senza intoppi. Perch\u00e9 Sceglierci? Qualit\u00e0 Garantita: Ogni bouquet \u00e8 realizzato con cura dai nostri esperti fioristi, garantendo che ogni composizione sia un'opera d'arte. Servizio Personalizzato: Che sia per un anniversario, un compleanno, una celebrazione o un momento di condoglianza, personalizziamo ogni ordine per rispondere alle vostre esigenze specifiche. Soddisfazione del Cliente: La vostra soddisfazione \u00e8 la nostra priorit\u00e0 assoluta. Facciamo tutto il possibile per assicurarci che ogni consegna superi le vostre aspettative.\",\"email\":\"amministrazione@floranixena.it\",\"telephone\":\"3806342394\",\"legalName\":\"Gaetano Votadoro\"}]}<\/script>\n<!-- \/ Yoast SEO Premium plugin. -->","yoast_head_json":{"title":"Guirlande de No\u00ebl LUX - FloraNixena - livraison de fleurs et de plantes","description":"Luxueuse guirlande de No\u00ebl (nobilis) \u00e0 offrir pour No\u00ebl \u00e0 vous ou \u00e0 un de vos proches. Livraison \u00e0 domicile en p\u00e9riode de No\u00ebl.","robots":{"index":"index","follow":"follow","max-snippet":"max-snippet:-1","max-image-preview":"max-image-preview:large","max-video-preview":"max-video-preview:-1"},"canonical":"https:\/\/floranixena.it\/fr\/produit\/guirlande-de-noel-lux\/","og_locale":"fr_FR","og_type":"article","og_title":"Guirlande de No\u00ebl LUX","og_description":"22 boules de No\u00ebl rouges  Baies d'ilex  branches de sapin (nobilis)  D\u00e9corations dor\u00e9es  Boucle couleur or  Les d\u00e9corations florales sont dispos\u00e9es et ins\u00e9r\u00e9es dans un anneau en mousse du diam\u00e8tre de c.\u00e7a 70cm.  Nous recommandons de vaporiser le feuillage avec de l\u2019eau tous les jours. Livraison gratuite sur ce produit","og_url":"https:\/\/floranixena.it\/fr\/produit\/guirlande-de-noel-lux\/","og_site_name":"FloraNixena - livraison de fleurs et de plantes","article_publisher":"https:\/\/www.facebook.com\/FloraNixena\/","og_image":[{"width":800,"height":800,"url":"https:\/\/floranixena.it\/wp-content\/uploads\/2020\/11\/Ghirlanda-natalizia-lussureggiante-da-regalare-per-natale-con-consegna-a-domicilio.jpg","type":"image\/jpeg"}],"twitter_card":"summary_large_image","twitter_misc":{"Dur\u00e9e de lecture estim\u00e9e":"2 minutes"},"schema":{"@context":"https:\/\/schema.org","@graph":[{"@type":"WebPage","@id":"https:\/\/floranixena.it\/fr\/produit\/guirlande-de-noel-lux\/","url":"https:\/\/floranixena.it\/fr\/produit\/guirlande-de-noel-lux\/","name":"Guirlande de No\u00ebl LUX - FloraNixena - livraison de fleurs et de plantes","isPartOf":{"@id":"https:\/\/floranixena.it\/fr\/#website"},"primaryImageOfPage":{"@id":"https:\/\/floranixena.it\/fr\/produit\/guirlande-de-noel-lux\/#primaryimage"},"image":{"@id":"https:\/\/floranixena.it\/fr\/produit\/guirlande-de-noel-lux\/#primaryimage"},"thumbnailUrl":"https:\/\/floranixena.it\/wp-content\/uploads\/2020\/11\/Ghirlanda-natalizia-lussureggiante-da-regalare-per-natale-con-consegna-a-domicilio.jpg","datePublished":"2020-11-20T08:51:40+00:00","description":"Luxueuse guirlande de No\u00ebl (nobilis) \u00e0 offrir pour No\u00ebl \u00e0 vous ou \u00e0 un de vos proches. Livraison \u00e0 domicile en p\u00e9riode de No\u00ebl.","breadcrumb":{"@id":"https:\/\/floranixena.it\/fr\/produit\/guirlande-de-noel-lux\/#breadcrumb"},"inLanguage":"fr-FR","potentialAction":[{"@type":"ReadAction","target":["https:\/\/floranixena.it\/fr\/produit\/guirlande-de-noel-lux\/"]}]},{"@type":"ImageObject","inLanguage":"fr-FR","@id":"https:\/\/floranixena.it\/fr\/produit\/guirlande-de-noel-lux\/#primaryimage","url":"https:\/\/floranixena.it\/wp-content\/uploads\/2020\/11\/Ghirlanda-natalizia-lussureggiante-da-regalare-per-natale-con-consegna-a-domicilio.jpg","contentUrl":"https:\/\/floranixena.it\/wp-content\/uploads\/2020\/11\/Ghirlanda-natalizia-lussureggiante-da-regalare-per-natale-con-consegna-a-domicilio.jpg","width":800,"height":800,"caption":"Un cercle de f\u00eate qui accueille avec \u00e9l\u00e9gance: la guirlande qui illumine No\u00ebl."},{"@type":"BreadcrumbList","@id":"https:\/\/floranixena.it\/fr\/produit\/guirlande-de-noel-lux\/#breadcrumb","itemListElement":[{"@type":"ListItem","position":1,"name":"Home","item":"https:\/\/floranixena.it\/fr\/"},{"@type":"ListItem","position":2,"name":"Magasin","item":"https:\/\/floranixena.it\/fr\/magasin\/"},{"@type":"ListItem","position":3,"name":"Guirlande de No\u00ebl LUX"}]},{"@type":"WebSite","@id":"https:\/\/floranixena.it\/fr\/#website","url":"https:\/\/floranixena.it\/fr\/","name":"FloraNixena - Consegna fiori a domicilio in Italia","description":"Invia fiori che raccontano storie","publisher":{"@id":"https:\/\/floranixena.it\/fr\/#organization"},"alternateName":"FloraNixena.it","potentialAction":[{"@type":"SearchAction","target":{"@type":"EntryPoint","urlTemplate":"https:\/\/floranixena.it\/fr\/?s={search_term_string}"},"query-input":{"@type":"PropertyValueSpecification","valueRequired":true,"valueName":"search_term_string"}}],"inLanguage":"fr-FR"},{"@type":"Organization","@id":"https:\/\/floranixena.it\/fr\/#organization","name":"FloraNixena.it - Consegna mazzi di fiori, bouquet e piante a domicilio","url":"https:\/\/floranixena.it\/fr\/","logo":{"@type":"ImageObject","inLanguage":"fr-FR","@id":"https:\/\/floranixena.it\/fr\/#\/schema\/logo\/image\/","url":"https:\/\/floranixena.it\/wp-content\/uploads\/2018\/11\/logo-fucsia.png","contentUrl":"https:\/\/floranixena.it\/wp-content\/uploads\/2018\/11\/logo-fucsia.png","width":315,"height":81,"caption":"FloraNixena.it - Consegna mazzi di fiori, bouquet e piante a domicilio"},"image":{"@id":"https:\/\/floranixena.it\/fr\/#\/schema\/logo\/image\/"},"sameAs":["https:\/\/www.facebook.com\/FloraNixena\/","https:\/\/www.instagram.com\/floranixena.it\/","https:\/\/www.youtube.com\/channel\/UCAfCWXMBezO96jgPjiUgpkA"],"description":"Chi Siamo? FloraNixena \u00e8 il partner di fiducia per la consegna di fiori freschi a domicilio. Con anni di esperienza nel settore floreale, siamo dedicati a portare la bellezza e la freschezza dei fiori direttamente alla vostra porta. La Nostra Missione La nostra missione \u00e8 trasformare ogni occasione in un momento speciale attraverso la magia dei fiori. Crediamo che un bouquet possa dire pi\u00f9 di mille parole e lavoriamo instancabilmente per assicurarci che ogni consegna porti gioia, amore e bellezza. Cosa Offriamo? Fiori Freschi: Collaboriamo con i migliori fornitori locali per garantire che i nostri fiori siano sempre freschi e di alta qualit\u00e0. Consegna Rapida e Puntuale: Offriamo un servizio di consegna rapido e affidabile, con la possibilit\u00e0 di scegliere la fascia oraria che pi\u00f9 vi conviene. Ampia Selezione: Dalle rose classiche ai bouquet personalizzati, abbiamo una vasta gamma di opzioni per soddisfare ogni gusto e occasione. Assistenza Clienti: Il nostro team \u00e8 sempre a disposizione per assistervi nella scelta del bouquet perfetto e per garantire un'esperienza di acquisto senza intoppi. Perch\u00e9 Sceglierci? Qualit\u00e0 Garantita: Ogni bouquet \u00e8 realizzato con cura dai nostri esperti fioristi, garantendo che ogni composizione sia un'opera d'arte. Servizio Personalizzato: Che sia per un anniversario, un compleanno, una celebrazione o un momento di condoglianza, personalizziamo ogni ordine per rispondere alle vostre esigenze specifiche. Soddisfazione del Cliente: La vostra soddisfazione \u00e8 la nostra priorit\u00e0 assoluta. Facciamo tutto il possibile per assicurarci che ogni consegna superi le vostre aspettative.","email":"amministrazione@floranixena.it","telephone":"3806342394","legalName":"Gaetano Votadoro"}]}},"_links":{"self":[{"href":"https:\/\/floranixena.it\/fr\/wp-json\/wp\/v2\/product\/18784","targetHints":{"allow":["GET"]}}],"collection":[{"href":"https:\/\/floranixena.it\/fr\/wp-json\/wp\/v2\/product"}],"about":[{"href":"https:\/\/floranixena.it\/fr\/wp-json\/wp\/v2\/types\/product"}],"replies":[{"embeddable":true,"href":"https:\/\/floranixena.it\/fr\/wp-json\/wp\/v2\/comments?post=18784"}],"wp:featuredmedia":[{"embeddable":true,"href":"https:\/\/floranixena.it\/fr\/wp-json\/wp\/v2\/media\/18636"}],"wp:attachment":[{"href":"https:\/\/floranixena.it\/fr\/wp-json\/wp\/v2\/media?parent=18784"}],"wp:term":[{"taxonomy":"product_brand","embeddable":true,"href":"https:\/\/floranixena.it\/fr\/wp-json\/wp\/v2\/product_brand?post=18784"},{"taxonomy":"product_cat","embeddable":true,"href":"https:\/\/floranixena.it\/fr\/wp-json\/wp\/v2\/product_cat?post=18784"},{"taxonomy":"product_tag","embeddable":true,"href":"https:\/\/floranixena.it\/fr\/wp-json\/wp\/v2\/product_tag?post=18784"}],"curies":[{"name":"wp","href":"https:\/\/api.w.org\/{rel}","templated":true}]}}