{"id":18754,"date":"2020-12-30T13:27:49","date_gmt":"2020-12-30T12:27:49","guid":{"rendered":"https:\/\/floranixena.it\/product\/flory-ours-en-peluche-rouge\/"},"modified":"2020-12-30T13:27:49","modified_gmt":"2020-12-30T12:27:49","slug":"flory-ours-en-peluche-rouge","status":"publish","type":"product","link":"https:\/\/floranixena.it\/fr\/produit\/flory-ours-en-peluche-rouge\/","title":{"rendered":"Flory &#8211; Ours en peluche rouge"},"content":{"rendered":"<div class=\"flex flex-grow flex-col max-w-full\">\n<div class=\"min-h-[20px] text-message flex flex-col items-start whitespace-pre-wrap break-words [.text-message+&amp;]:mt-5 juice:w-full juice:items-end overflow-x-auto gap-2\" dir=\"auto\" data-message-author-role=\"assistant\" data-message-id=\"0cc9f8ac-ea8e-45dc-ae8e-e0cd3ca025ae\">\n<div class=\"flex w-full flex-col gap-1 juice:empty:hidden juice:first:pt-[3px]\">\n<div class=\"markdown prose w-full break-words dark:prose-invert light\">\n<p>Le tendre ourson fait de <a href=\"https:\/\/floranixena.it\/fr\/prodotto\/bouquet-18-rose-rosse\/\" target=\"_blank\" rel=\"noopener\">roses rouges<\/a> en \u00e9ponge douce est bien plus qu\u2019un simple cadeau: c\u2019est un symbole tangible de l\u2019amour \u00e9ternel et de la dur\u00e9e d\u2019un sentiment si sp\u00e9cial. Chaque p\u00e9tale de rose qui compose cet adorable ours en peluche transmet un message d\u2019affection et de d\u00e9votion, rendant ce cadeau unique et inoubliable. Sa douceur et son <a href=\"https:\/\/floranixena.it\/fr\/prodotto\/bouquet-de-7-roses-rouges-et-lisianthus\/\" target=\"_blank\" rel=\"noopener\">romantisme<\/a> en font un geste extraordinaire, capable de toucher le c\u0153ur de celui qui le re\u00e7oit d\u2019une mani\u00e8re profonde et significative.  <\/p>\n<p>Offrir cet adorable ours en peluche est une fa\u00e7on douce et romantique de dire \u00ab\u00a0<a href=\"https:\/\/floranixena.it\/fr\/catalog\/fleurs-pour-les-evenements\/anniversaire\/pour-la-femme-ou-la-fiancee\/\" target=\"_blank\" rel=\"noopener\">Je t&rsquo;aime<\/a>\u00a0\u00bb \u00e0 la personne sp\u00e9ciale dans votre vie. C\u2019est un geste qui va droit au c\u0153ur, montrant \u00e0 quel point il est important pour vous et combien vous souhaitez garder la flamme de l\u2019amour vivante dans le temps. Avec sa d\u00e9licatesse et son charme intemporel, cet ours en rose est le cadeau parfait pour c\u00e9l\u00e9brer un amour qui durera toujours.  <\/p>\n<p>Ce cadeau est id\u00e9al pour votre fianc\u00e9e ou votre femme, car il n\u2019y a pas de meilleur moyen de lui montrer l\u2019amour que vous \u00e9prouvez pour elle avec un cadeau aussi d\u00e9licat et significatif. Chaque fois qu\u2019elle regardera cet adorable nounours, elle se sentira envelopp\u00e9e de ton amour et de ta sollicitude. <\/p>\n<p>Nous le livrons directement \u00e0 la main avec notre fleuriste ou par courrier, en veillant \u00e0 ce qu\u2019il arrive en toute s\u00e9curit\u00e9 et \u00e0 temps pour les occasions sp\u00e9ciales comme les anniversaires, les mariages, les c\u00e9r\u00e9monies ou toute autre <a href=\"https:\/\/floranixena.it\/fr\/catalog\/fleurs-pour-les-evenements\/occasion-fr\/\" target=\"_blank\" rel=\"noopener\">occasion<\/a> m\u00e9morable. En outre, nous offrons le service de livraison m\u00eame \u00e0 l\u2019h\u00f4pital pour c\u00e9l\u00e9brer la <a href=\"https:\/\/floranixena.it\/fr\/catalog\/naissances\/cest-un-garcon\/\">naissance d\u2019un enfant<\/a>, apportant joie et bonheur aux nouveaux parents. <\/p>\n<p>Avec FloraNixena, chaque moment devient encore plus sp\u00e9cial gr\u00e2ce \u00e0 la beaut\u00e9 et la d\u00e9licatesse de nos cadeaux floraux uniques et cr\u00e9atifs. Rendez chaque occasion inoubliable avec notre tendre ours en peluche de roses, un symbole tangible de l\u2019amour \u00e9ternel. <\/p>\n<\/div>\n<\/div>\n<\/div>\n<\/div>\n","protected":false},"excerpt":{"rendered":"<ul>\n<li style=\"list-style-type: none;\">\n<ul>\n<li>Ours en peluche rose avec ruban de satin noir<\/li>\n<li>Taille: s\u00e9lectionnez dans le menu ci-dessous<\/li>\n<li>Fabriqu\u00e9 avec des roses 250 roses en \u00e9ponge formant un motif d\u2019ours en peluche<\/li>\n<li>Emballage en plexiglass BRILLANT inclus soigneusement scell\u00e9 avec du ruban de satin noir<\/li>\n<\/ul>\n<\/li>\n<\/ul>\n<p><span style=\"color: #ff8c00;\"><strong>Choisissez la combinaison de livraison avec fleuriste ou avec courrier SDA 3-5 jours ouvrables<\/strong><\/span><\/p>\n","protected":false},"featured_media":18755,"comment_status":"open","ping_status":"closed","template":"","meta":[],"product_brand":[],"product_cat":[3264,3256,3914,3267,3276,3265,3266,3259,3286,3261],"product_tag":[3281,3695,4088,3987,4730,3277],"class_list":{"0":"post-18754","1":"product","2":"type-product","3":"status-publish","4":"has-post-thumbnail","6":"product_cat-amour-et-romantisme","7":"product_cat-anniversaire","8":"product_cat-cest-une-fille","9":"product_cat-comme-un-admirateur-secret","10":"product_cat-noel","11":"product_cat-pour-de-nouvelles-revelations","12":"product_cat-pour-la-femme-ou-la-fiancee-fr","13":"product_cat-pour-la-femme-ou-la-fiancee","14":"product_cat-pour-les-couples-gays","15":"product_cat-saint-valentin","16":"product_tag-amour","17":"product_tag-cadeau-romantique","18":"product_tag-idee-cadeau","19":"product_tag-idees-cadeaux-fiancee","20":"product_tag-ours-en-peluche","21":"product_tag-roses-rouges","23":"first","24":"instock","25":"shipping-taxable","26":"purchasable","27":"product-type-variable"},"yoast_head":"<!-- This site is optimized with the Yoast SEO Premium plugin v27.4 (Yoast SEO v27.4) - https:\/\/yoast.com\/product\/yoast-seo-premium-wordpress\/ -->\n<title>Flory - Ours en Peluche Rouge<\/title>\n<meta name=\"description\" content=\"C\u00e9l\u00e9brez l\u2019amour \u00e9ternel avec notre d\u00e9licat ours en rose rouge. Un geste qui transmet la passion et la d\u00e9votion, parfait pour toute occasion sp\u00e9ciale.\" \/>\n<meta name=\"robots\" content=\"index, follow, max-snippet:-1, max-image-preview:large, max-video-preview:-1\" \/>\n<link rel=\"canonical\" href=\"https:\/\/floranixena.it\/fr\/produit\/flory-ours-en-peluche-rouge\/\" \/>\n<meta property=\"og:locale\" content=\"fr_FR\" \/>\n<meta property=\"og:type\" content=\"article\" \/>\n<meta property=\"og:title\" content=\"Flory - Ours en peluche rouge\" \/>\n<meta property=\"og:description\" content=\"Ours en peluche rose avec ruban de satin noir  Taille: s\u00e9lectionnez dans le menu ci-dessous  Fabriqu\u00e9 avec des roses 250 roses en \u00e9ponge formant un motif d\u2019ours en peluche  Emballage en plexiglass BRILLANT inclus soigneusement scell\u00e9 avec du ruban de satin noir  Choisissez la combinaison de livraison avec fleuriste ou avec courrier SDA 3-5 jours ouvrables\" \/>\n<meta property=\"og:url\" content=\"https:\/\/floranixena.it\/fr\/produit\/flory-ours-en-peluche-rouge\/\" \/>\n<meta property=\"og:site_name\" content=\"FloraNixena - livraison de fleurs et de plantes\" \/>\n<meta property=\"article:publisher\" content=\"https:\/\/www.facebook.com\/FloraNixena\/\" \/>\n<meta property=\"og:image\" content=\"https:\/\/floranixena.it\/wp-content\/uploads\/2020\/12\/red-teddy-bear.webp\" \/>\n\t<meta property=\"og:image:width\" content=\"800\" \/>\n\t<meta property=\"og:image:height\" content=\"800\" \/>\n\t<meta property=\"og:image:type\" content=\"image\/webp\" \/>\n<meta name=\"twitter:card\" content=\"summary_large_image\" \/>\n<meta name=\"twitter:label1\" content=\"Dur\u00e9e de lecture estim\u00e9e\" \/>\n\t<meta name=\"twitter:data1\" content=\"2 minutes\" \/>\n<script type=\"application\/ld+json\" class=\"yoast-schema-graph\">{\"@context\":\"https:\\\/\\\/schema.org\",\"@graph\":[{\"@type\":\"WebPage\",\"@id\":\"https:\\\/\\\/floranixena.it\\\/fr\\\/produit\\\/flory-ours-en-peluche-rouge\\\/\",\"url\":\"https:\\\/\\\/floranixena.it\\\/fr\\\/produit\\\/flory-ours-en-peluche-rouge\\\/\",\"name\":\"Flory - Ours en Peluche Rouge\",\"isPartOf\":{\"@id\":\"https:\\\/\\\/floranixena.it\\\/fr\\\/#website\"},\"primaryImageOfPage\":{\"@id\":\"https:\\\/\\\/floranixena.it\\\/fr\\\/produit\\\/flory-ours-en-peluche-rouge\\\/#primaryimage\"},\"image\":{\"@id\":\"https:\\\/\\\/floranixena.it\\\/fr\\\/produit\\\/flory-ours-en-peluche-rouge\\\/#primaryimage\"},\"thumbnailUrl\":\"https:\\\/\\\/floranixena.it\\\/wp-content\\\/uploads\\\/2020\\\/12\\\/red-teddy-bear.webp\",\"datePublished\":\"2020-12-30T12:27:49+00:00\",\"description\":\"C\u00e9l\u00e9brez l\u2019amour \u00e9ternel avec notre d\u00e9licat ours en rose rouge. Un geste qui transmet la passion et la d\u00e9votion, parfait pour toute occasion sp\u00e9ciale.\",\"breadcrumb\":{\"@id\":\"https:\\\/\\\/floranixena.it\\\/fr\\\/produit\\\/flory-ours-en-peluche-rouge\\\/#breadcrumb\"},\"inLanguage\":\"fr-FR\",\"potentialAction\":[{\"@type\":\"ReadAction\",\"target\":[\"https:\\\/\\\/floranixena.it\\\/fr\\\/produit\\\/flory-ours-en-peluche-rouge\\\/\"]}]},{\"@type\":\"ImageObject\",\"inLanguage\":\"fr-FR\",\"@id\":\"https:\\\/\\\/floranixena.it\\\/fr\\\/produit\\\/flory-ours-en-peluche-rouge\\\/#primaryimage\",\"url\":\"https:\\\/\\\/floranixena.it\\\/wp-content\\\/uploads\\\/2020\\\/12\\\/red-teddy-bear.webp\",\"contentUrl\":\"https:\\\/\\\/floranixena.it\\\/wp-content\\\/uploads\\\/2020\\\/12\\\/red-teddy-bear.webp\",\"width\":800,\"height\":800,\"caption\":\"Red Teddy Bear\"},{\"@type\":\"BreadcrumbList\",\"@id\":\"https:\\\/\\\/floranixena.it\\\/fr\\\/produit\\\/flory-ours-en-peluche-rouge\\\/#breadcrumb\",\"itemListElement\":[{\"@type\":\"ListItem\",\"position\":1,\"name\":\"Home\",\"item\":\"https:\\\/\\\/floranixena.it\\\/fr\\\/\"},{\"@type\":\"ListItem\",\"position\":2,\"name\":\"Magasin\",\"item\":\"https:\\\/\\\/floranixena.it\\\/fr\\\/magasin\\\/\"},{\"@type\":\"ListItem\",\"position\":3,\"name\":\"Flory &#8211; Ours en peluche rouge\"}]},{\"@type\":\"WebSite\",\"@id\":\"https:\\\/\\\/floranixena.it\\\/fr\\\/#website\",\"url\":\"https:\\\/\\\/floranixena.it\\\/fr\\\/\",\"name\":\"FloraNixena - Consegna fiori a domicilio in Italia\",\"description\":\"Invia fiori che raccontano storie\",\"publisher\":{\"@id\":\"https:\\\/\\\/floranixena.it\\\/fr\\\/#organization\"},\"alternateName\":\"FloraNixena.it\",\"potentialAction\":[{\"@type\":\"SearchAction\",\"target\":{\"@type\":\"EntryPoint\",\"urlTemplate\":\"https:\\\/\\\/floranixena.it\\\/fr\\\/?s={search_term_string}\"},\"query-input\":{\"@type\":\"PropertyValueSpecification\",\"valueRequired\":true,\"valueName\":\"search_term_string\"}}],\"inLanguage\":\"fr-FR\"},{\"@type\":\"Organization\",\"@id\":\"https:\\\/\\\/floranixena.it\\\/fr\\\/#organization\",\"name\":\"FloraNixena.it - Consegna mazzi di fiori, bouquet e piante a domicilio\",\"url\":\"https:\\\/\\\/floranixena.it\\\/fr\\\/\",\"logo\":{\"@type\":\"ImageObject\",\"inLanguage\":\"fr-FR\",\"@id\":\"https:\\\/\\\/floranixena.it\\\/fr\\\/#\\\/schema\\\/logo\\\/image\\\/\",\"url\":\"https:\\\/\\\/floranixena.it\\\/wp-content\\\/uploads\\\/2018\\\/11\\\/logo-fucsia.png\",\"contentUrl\":\"https:\\\/\\\/floranixena.it\\\/wp-content\\\/uploads\\\/2018\\\/11\\\/logo-fucsia.png\",\"width\":315,\"height\":81,\"caption\":\"FloraNixena.it - Consegna mazzi di fiori, bouquet e piante a domicilio\"},\"image\":{\"@id\":\"https:\\\/\\\/floranixena.it\\\/fr\\\/#\\\/schema\\\/logo\\\/image\\\/\"},\"sameAs\":[\"https:\\\/\\\/www.facebook.com\\\/FloraNixena\\\/\",\"https:\\\/\\\/www.instagram.com\\\/floranixena.it\\\/\",\"https:\\\/\\\/www.youtube.com\\\/channel\\\/UCAfCWXMBezO96jgPjiUgpkA\"],\"description\":\"Chi Siamo? FloraNixena \u00e8 il partner di fiducia per la consegna di fiori freschi a domicilio. Con anni di esperienza nel settore floreale, siamo dedicati a portare la bellezza e la freschezza dei fiori direttamente alla vostra porta. La Nostra Missione La nostra missione \u00e8 trasformare ogni occasione in un momento speciale attraverso la magia dei fiori. Crediamo che un bouquet possa dire pi\u00f9 di mille parole e lavoriamo instancabilmente per assicurarci che ogni consegna porti gioia, amore e bellezza. Cosa Offriamo? Fiori Freschi: Collaboriamo con i migliori fornitori locali per garantire che i nostri fiori siano sempre freschi e di alta qualit\u00e0. Consegna Rapida e Puntuale: Offriamo un servizio di consegna rapido e affidabile, con la possibilit\u00e0 di scegliere la fascia oraria che pi\u00f9 vi conviene. Ampia Selezione: Dalle rose classiche ai bouquet personalizzati, abbiamo una vasta gamma di opzioni per soddisfare ogni gusto e occasione. Assistenza Clienti: Il nostro team \u00e8 sempre a disposizione per assistervi nella scelta del bouquet perfetto e per garantire un'esperienza di acquisto senza intoppi. Perch\u00e9 Sceglierci? Qualit\u00e0 Garantita: Ogni bouquet \u00e8 realizzato con cura dai nostri esperti fioristi, garantendo che ogni composizione sia un'opera d'arte. Servizio Personalizzato: Che sia per un anniversario, un compleanno, una celebrazione o un momento di condoglianza, personalizziamo ogni ordine per rispondere alle vostre esigenze specifiche. Soddisfazione del Cliente: La vostra soddisfazione \u00e8 la nostra priorit\u00e0 assoluta. Facciamo tutto il possibile per assicurarci che ogni consegna superi le vostre aspettative.\",\"email\":\"amministrazione@floranixena.it\",\"telephone\":\"3806342394\",\"legalName\":\"Gaetano Votadoro\"}]}<\/script>\n<!-- \/ Yoast SEO Premium plugin. -->","yoast_head_json":{"title":"Flory - Ours en Peluche Rouge","description":"C\u00e9l\u00e9brez l\u2019amour \u00e9ternel avec notre d\u00e9licat ours en rose rouge. Un geste qui transmet la passion et la d\u00e9votion, parfait pour toute occasion sp\u00e9ciale.","robots":{"index":"index","follow":"follow","max-snippet":"max-snippet:-1","max-image-preview":"max-image-preview:large","max-video-preview":"max-video-preview:-1"},"canonical":"https:\/\/floranixena.it\/fr\/produit\/flory-ours-en-peluche-rouge\/","og_locale":"fr_FR","og_type":"article","og_title":"Flory - Ours en peluche rouge","og_description":"Ours en peluche rose avec ruban de satin noir  Taille: s\u00e9lectionnez dans le menu ci-dessous  Fabriqu\u00e9 avec des roses 250 roses en \u00e9ponge formant un motif d\u2019ours en peluche  Emballage en plexiglass BRILLANT inclus soigneusement scell\u00e9 avec du ruban de satin noir  Choisissez la combinaison de livraison avec fleuriste ou avec courrier SDA 3-5 jours ouvrables","og_url":"https:\/\/floranixena.it\/fr\/produit\/flory-ours-en-peluche-rouge\/","og_site_name":"FloraNixena - livraison de fleurs et de plantes","article_publisher":"https:\/\/www.facebook.com\/FloraNixena\/","og_image":[{"width":800,"height":800,"url":"https:\/\/floranixena.it\/wp-content\/uploads\/2020\/12\/red-teddy-bear.webp","type":"image\/webp"}],"twitter_card":"summary_large_image","twitter_misc":{"Dur\u00e9e de lecture estim\u00e9e":"2 minutes"},"schema":{"@context":"https:\/\/schema.org","@graph":[{"@type":"WebPage","@id":"https:\/\/floranixena.it\/fr\/produit\/flory-ours-en-peluche-rouge\/","url":"https:\/\/floranixena.it\/fr\/produit\/flory-ours-en-peluche-rouge\/","name":"Flory - Ours en Peluche Rouge","isPartOf":{"@id":"https:\/\/floranixena.it\/fr\/#website"},"primaryImageOfPage":{"@id":"https:\/\/floranixena.it\/fr\/produit\/flory-ours-en-peluche-rouge\/#primaryimage"},"image":{"@id":"https:\/\/floranixena.it\/fr\/produit\/flory-ours-en-peluche-rouge\/#primaryimage"},"thumbnailUrl":"https:\/\/floranixena.it\/wp-content\/uploads\/2020\/12\/red-teddy-bear.webp","datePublished":"2020-12-30T12:27:49+00:00","description":"C\u00e9l\u00e9brez l\u2019amour \u00e9ternel avec notre d\u00e9licat ours en rose rouge. Un geste qui transmet la passion et la d\u00e9votion, parfait pour toute occasion sp\u00e9ciale.","breadcrumb":{"@id":"https:\/\/floranixena.it\/fr\/produit\/flory-ours-en-peluche-rouge\/#breadcrumb"},"inLanguage":"fr-FR","potentialAction":[{"@type":"ReadAction","target":["https:\/\/floranixena.it\/fr\/produit\/flory-ours-en-peluche-rouge\/"]}]},{"@type":"ImageObject","inLanguage":"fr-FR","@id":"https:\/\/floranixena.it\/fr\/produit\/flory-ours-en-peluche-rouge\/#primaryimage","url":"https:\/\/floranixena.it\/wp-content\/uploads\/2020\/12\/red-teddy-bear.webp","contentUrl":"https:\/\/floranixena.it\/wp-content\/uploads\/2020\/12\/red-teddy-bear.webp","width":800,"height":800,"caption":"Red Teddy Bear"},{"@type":"BreadcrumbList","@id":"https:\/\/floranixena.it\/fr\/produit\/flory-ours-en-peluche-rouge\/#breadcrumb","itemListElement":[{"@type":"ListItem","position":1,"name":"Home","item":"https:\/\/floranixena.it\/fr\/"},{"@type":"ListItem","position":2,"name":"Magasin","item":"https:\/\/floranixena.it\/fr\/magasin\/"},{"@type":"ListItem","position":3,"name":"Flory &#8211; Ours en peluche rouge"}]},{"@type":"WebSite","@id":"https:\/\/floranixena.it\/fr\/#website","url":"https:\/\/floranixena.it\/fr\/","name":"FloraNixena - Consegna fiori a domicilio in Italia","description":"Invia fiori che raccontano storie","publisher":{"@id":"https:\/\/floranixena.it\/fr\/#organization"},"alternateName":"FloraNixena.it","potentialAction":[{"@type":"SearchAction","target":{"@type":"EntryPoint","urlTemplate":"https:\/\/floranixena.it\/fr\/?s={search_term_string}"},"query-input":{"@type":"PropertyValueSpecification","valueRequired":true,"valueName":"search_term_string"}}],"inLanguage":"fr-FR"},{"@type":"Organization","@id":"https:\/\/floranixena.it\/fr\/#organization","name":"FloraNixena.it - Consegna mazzi di fiori, bouquet e piante a domicilio","url":"https:\/\/floranixena.it\/fr\/","logo":{"@type":"ImageObject","inLanguage":"fr-FR","@id":"https:\/\/floranixena.it\/fr\/#\/schema\/logo\/image\/","url":"https:\/\/floranixena.it\/wp-content\/uploads\/2018\/11\/logo-fucsia.png","contentUrl":"https:\/\/floranixena.it\/wp-content\/uploads\/2018\/11\/logo-fucsia.png","width":315,"height":81,"caption":"FloraNixena.it - Consegna mazzi di fiori, bouquet e piante a domicilio"},"image":{"@id":"https:\/\/floranixena.it\/fr\/#\/schema\/logo\/image\/"},"sameAs":["https:\/\/www.facebook.com\/FloraNixena\/","https:\/\/www.instagram.com\/floranixena.it\/","https:\/\/www.youtube.com\/channel\/UCAfCWXMBezO96jgPjiUgpkA"],"description":"Chi Siamo? FloraNixena \u00e8 il partner di fiducia per la consegna di fiori freschi a domicilio. Con anni di esperienza nel settore floreale, siamo dedicati a portare la bellezza e la freschezza dei fiori direttamente alla vostra porta. La Nostra Missione La nostra missione \u00e8 trasformare ogni occasione in un momento speciale attraverso la magia dei fiori. Crediamo che un bouquet possa dire pi\u00f9 di mille parole e lavoriamo instancabilmente per assicurarci che ogni consegna porti gioia, amore e bellezza. Cosa Offriamo? Fiori Freschi: Collaboriamo con i migliori fornitori locali per garantire che i nostri fiori siano sempre freschi e di alta qualit\u00e0. Consegna Rapida e Puntuale: Offriamo un servizio di consegna rapido e affidabile, con la possibilit\u00e0 di scegliere la fascia oraria che pi\u00f9 vi conviene. Ampia Selezione: Dalle rose classiche ai bouquet personalizzati, abbiamo una vasta gamma di opzioni per soddisfare ogni gusto e occasione. Assistenza Clienti: Il nostro team \u00e8 sempre a disposizione per assistervi nella scelta del bouquet perfetto e per garantire un'esperienza di acquisto senza intoppi. Perch\u00e9 Sceglierci? Qualit\u00e0 Garantita: Ogni bouquet \u00e8 realizzato con cura dai nostri esperti fioristi, garantendo che ogni composizione sia un'opera d'arte. Servizio Personalizzato: Che sia per un anniversario, un compleanno, una celebrazione o un momento di condoglianza, personalizziamo ogni ordine per rispondere alle vostre esigenze specifiche. Soddisfazione del Cliente: La vostra soddisfazione \u00e8 la nostra priorit\u00e0 assoluta. Facciamo tutto il possibile per assicurarci che ogni consegna superi le vostre aspettative.","email":"amministrazione@floranixena.it","telephone":"3806342394","legalName":"Gaetano Votadoro"}]}},"_links":{"self":[{"href":"https:\/\/floranixena.it\/fr\/wp-json\/wp\/v2\/product\/18754","targetHints":{"allow":["GET"]}}],"collection":[{"href":"https:\/\/floranixena.it\/fr\/wp-json\/wp\/v2\/product"}],"about":[{"href":"https:\/\/floranixena.it\/fr\/wp-json\/wp\/v2\/types\/product"}],"replies":[{"embeddable":true,"href":"https:\/\/floranixena.it\/fr\/wp-json\/wp\/v2\/comments?post=18754"}],"wp:featuredmedia":[{"embeddable":true,"href":"https:\/\/floranixena.it\/fr\/wp-json\/wp\/v2\/media\/18755"}],"wp:attachment":[{"href":"https:\/\/floranixena.it\/fr\/wp-json\/wp\/v2\/media?parent=18754"}],"wp:term":[{"taxonomy":"product_brand","embeddable":true,"href":"https:\/\/floranixena.it\/fr\/wp-json\/wp\/v2\/product_brand?post=18754"},{"taxonomy":"product_cat","embeddable":true,"href":"https:\/\/floranixena.it\/fr\/wp-json\/wp\/v2\/product_cat?post=18754"},{"taxonomy":"product_tag","embeddable":true,"href":"https:\/\/floranixena.it\/fr\/wp-json\/wp\/v2\/product_tag?post=18754"}],"curies":[{"name":"wp","href":"https:\/\/api.w.org\/{rel}","templated":true}]}}