{"id":18750,"date":"2026-01-05T14:00:18","date_gmt":"2026-01-05T13:00:18","guid":{"rendered":"https:\/\/floranixena.it\/product\/bouquet-de-tulipes-jaunes\/"},"modified":"2025-09-22T12:22:38","modified_gmt":"2025-09-22T10:22:38","slug":"bouquet-de-tulipes-jaunes","status":"publish","type":"product","link":"https:\/\/floranixena.it\/fr\/produit\/bouquet-de-tulipes-jaunes\/","title":{"rendered":"Bouquet de Tulipes jaunes"},"content":{"rendered":"<p>Imaginez vous transporter dans un jardin printanier, o\u00f9 les couleurs vives des tulipes jaunes illuminent l\u2019atmosph\u00e8re et attirent le regard par leur beaut\u00e9. C\u2019est ce qu\u2019offre le magnifique bouquet de tulipes jaunes, un v\u00e9ritable spectacle pour les amateurs de fleurs et d\u2019accents lumineux. <\/p>\n<p>Avec son explosion de couleurs, ce bouquet de tulipes jaunes est le cadeau parfait <a class=\"ab-item\" role=\"menuitem\" href=\"https:\/\/floranixena.it\/fr\/prodotto\/bouquet-de-tulipes-jaunes\/\">Voir le produit<\/a> pour c\u00e9l\u00e9brer l\u2019arriv\u00e9e du printemps ou pour raviver l\u2019ambiance \u00e0 tout moment de l\u2019ann\u00e9e. Les <a href=\"https:\/\/floranixena.it\/fr\/catalog\/tulipes\/\" target=\"_blank\" rel=\"noopener\">tulipes<\/a>, avec leurs formes \u00e9l\u00e9gantes et leurs p\u00e9tales d\u00e9licats, transmettent un sentiment de joie et de vitalit\u00e9 qui ne passe pas inaper\u00e7u. <\/p>\n<p>En plus de leur beaut\u00e9 visuelle, les tulipes jaunes ont \u00e9galement une signification symbolique. Souvent associ\u00e9es au bonheur, \u00e0 la joie et \u00e0 l\u2019\u00e9nergie positive, ces fleurs sont un moyen parfait de transmettre des sentiments de gratitude, d\u2019affection et d\u2019appr\u00e9ciation. Par cons\u00e9quent, envoyer ce d\u00e9licieux bouquet peut \u00eatre un geste charg\u00e9 de sens, qui enrichit et r\u00e9jouit les journ\u00e9es de ceux qui le re\u00e7oivent.  <\/p>\n<p>Ce bouquet accrocheur de tulipes jaunes peut \u00eatre envoy\u00e9 pour plusieurs occasions. Que ce soit pour f\u00eater un anniversaire imminent, pour exprimer un remerciement sinc\u00e8re ou simplement pour surprendre et ravir votre amour, ce <a href=\"https:\/\/floranixena.it\/fr\/prodotto\/bouquet-de-tulipes-colorees\/\" target=\"_blank\" rel=\"noopener\">bouquet<\/a> est toujours un choix gagnant. Sa luminosit\u00e9 et sa fra\u00eecheur transformeront n\u2019importe quel moment en une exp\u00e9rience inoubliable, enveloppant celui qui le re\u00e7oit dans une atmosph\u00e8re de joie et de positivit\u00e9.  <\/p>\n<p>Confiez-vous \u00e0 nous pour livrer ce magnifique bouquet directement dans les mains de votre bien-aim\u00e9, en garantissant un service impeccable et une satisfaction maximale. Avec notre bouquet de tulipes jaunes, donnez une touche de couleur et de joie \u00e0 tous ceux qui en ont besoin, et transformez chaque jour en une occasion sp\u00e9ciale \u00e0 c\u00e9l\u00e9brer. <\/p>\n","protected":false},"excerpt":{"rendered":"<ul>\n<li>Tulipes jaunes (Choisissez la taille dans le menu d\u00e9roulant)<\/li>\n<\/ul>\n<p>Vase non inclus<\/p>\n","protected":false},"featured_media":18741,"comment_status":"open","ping_status":"closed","template":"","meta":[],"product_brand":[],"product_cat":[3285,3287,3260,3263,3273,3274,3275,3262,3442,3286,3288,3843,3703,4005],"product_tag":[4006,4728],"class_list":{"0":"post-18750","1":"product","2":"type-product","3":"status-publish","4":"has-post-thumbnail","6":"product_cat-amitie","7":"product_cat-felicitations","8":"product_cat-fete-de-la-femme","9":"product_cat-fete-des-meres","10":"product_cat-fleurs-dautomne","11":"product_cat-fleurs-dhiver","12":"product_cat-fleurs-de-printemps","13":"product_cat-jour-du-nom","14":"product_cat-paques","15":"product_cat-pour-les-couples-gays","16":"product_cat-pour-remercier-quelquun","17":"product_cat-pour-un-collegue","18":"product_cat-pour-un-homme","19":"product_cat-tulipes","20":"product_tag-tulipes","21":"product_tag-tulipes-jaunes","23":"first","24":"instock","25":"sale","26":"shipping-taxable","27":"purchasable","28":"product-type-variable","29":"has-default-attributes"},"yoast_head":"<!-- This site is optimized with the Yoast SEO Premium plugin v27.5 (Yoast SEO v27.5) - https:\/\/yoast.com\/product\/yoast-seo-premium-wordpress\/ -->\n<title>Bouquet de tulipes jaunes - FloraNixena - livraison de fleurs et de plantes<\/title>\n<meta name=\"description\" content=\"Ces tulipes jaunes vraiment all\u00e9chantes qui explosent de fantaisie avec des fleurs luxueuses, rendront surement quelqu\u2019un de sp\u00e9cial heureux.\" \/>\n<meta name=\"robots\" content=\"index, follow, max-snippet:-1, max-image-preview:large, max-video-preview:-1\" \/>\n<link rel=\"canonical\" href=\"https:\/\/floranixena.it\/fr\/produit\/bouquet-de-tulipes-jaunes\/\" \/>\n<meta property=\"og:locale\" content=\"fr_FR\" \/>\n<meta property=\"og:type\" content=\"article\" \/>\n<meta property=\"og:title\" content=\"Bouquet de Tulipes jaunes\" \/>\n<meta property=\"og:description\" content=\"Tulipes jaunes (Choisissez la taille dans le menu d\u00e9roulant) Vase non inclus\" \/>\n<meta property=\"og:url\" content=\"https:\/\/floranixena.it\/fr\/produit\/bouquet-de-tulipes-jaunes\/\" \/>\n<meta property=\"og:site_name\" content=\"FloraNixena - livraison de fleurs et de plantes\" \/>\n<meta property=\"article:publisher\" content=\"https:\/\/www.facebook.com\/FloraNixena\/\" \/>\n<meta property=\"og:image\" content=\"https:\/\/floranixena.it\/wp-content\/uploads\/2018\/12\/Bouquet-di-tulipani-gialli-da-regalare-a-sopresa-con-consegna-a-domicilio-a-MIlano-roma-tulipark-vendita-online-consegna-fiori-1.jpg\" \/>\n\t<meta property=\"og:image:width\" content=\"800\" \/>\n\t<meta property=\"og:image:height\" content=\"800\" \/>\n\t<meta property=\"og:image:type\" content=\"image\/jpeg\" \/>\n<meta name=\"twitter:card\" content=\"summary_large_image\" \/>\n<meta name=\"twitter:label1\" content=\"Dur\u00e9e de lecture estim\u00e9e\" \/>\n\t<meta name=\"twitter:data1\" content=\"2 minutes\" \/>\n<script type=\"application\/ld+json\" class=\"yoast-schema-graph\">{\"@context\":\"https:\\\/\\\/schema.org\",\"@graph\":[{\"@type\":\"WebPage\",\"@id\":\"https:\\\/\\\/floranixena.it\\\/fr\\\/produit\\\/bouquet-de-tulipes-jaunes\\\/\",\"url\":\"https:\\\/\\\/floranixena.it\\\/fr\\\/produit\\\/bouquet-de-tulipes-jaunes\\\/\",\"name\":\"Bouquet de tulipes jaunes - FloraNixena - livraison de fleurs et de plantes\",\"isPartOf\":{\"@id\":\"https:\\\/\\\/floranixena.it\\\/fr\\\/#website\"},\"primaryImageOfPage\":{\"@id\":\"https:\\\/\\\/floranixena.it\\\/fr\\\/produit\\\/bouquet-de-tulipes-jaunes\\\/#primaryimage\"},\"image\":{\"@id\":\"https:\\\/\\\/floranixena.it\\\/fr\\\/produit\\\/bouquet-de-tulipes-jaunes\\\/#primaryimage\"},\"thumbnailUrl\":\"https:\\\/\\\/floranixena.it\\\/wp-content\\\/uploads\\\/2018\\\/12\\\/Bouquet-di-tulipani-gialli-da-regalare-a-sopresa-con-consegna-a-domicilio-a-MIlano-roma-tulipark-vendita-online-consegna-fiori-1.jpg\",\"datePublished\":\"2026-01-05T13:00:18+00:00\",\"description\":\"Ces tulipes jaunes vraiment all\u00e9chantes qui explosent de fantaisie avec des fleurs luxueuses, rendront surement quelqu\u2019un de sp\u00e9cial heureux.\",\"breadcrumb\":{\"@id\":\"https:\\\/\\\/floranixena.it\\\/fr\\\/produit\\\/bouquet-de-tulipes-jaunes\\\/#breadcrumb\"},\"inLanguage\":\"fr-FR\",\"potentialAction\":[{\"@type\":\"ReadAction\",\"target\":[\"https:\\\/\\\/floranixena.it\\\/fr\\\/produit\\\/bouquet-de-tulipes-jaunes\\\/\"]}]},{\"@type\":\"ImageObject\",\"inLanguage\":\"fr-FR\",\"@id\":\"https:\\\/\\\/floranixena.it\\\/fr\\\/produit\\\/bouquet-de-tulipes-jaunes\\\/#primaryimage\",\"url\":\"https:\\\/\\\/floranixena.it\\\/wp-content\\\/uploads\\\/2018\\\/12\\\/Bouquet-di-tulipani-gialli-da-regalare-a-sopresa-con-consegna-a-domicilio-a-MIlano-roma-tulipark-vendita-online-consegna-fiori-1.jpg\",\"contentUrl\":\"https:\\\/\\\/floranixena.it\\\/wp-content\\\/uploads\\\/2018\\\/12\\\/Bouquet-di-tulipani-gialli-da-regalare-a-sopresa-con-consegna-a-domicilio-a-MIlano-roma-tulipark-vendita-online-consegna-fiori-1.jpg\",\"width\":800,\"height\":800,\"caption\":\"Un geste lumineux qui apporte joie et chaleur en toute occasion.\"},{\"@type\":\"BreadcrumbList\",\"@id\":\"https:\\\/\\\/floranixena.it\\\/fr\\\/produit\\\/bouquet-de-tulipes-jaunes\\\/#breadcrumb\",\"itemListElement\":[{\"@type\":\"ListItem\",\"position\":1,\"name\":\"Home\",\"item\":\"https:\\\/\\\/floranixena.it\\\/fr\\\/\"},{\"@type\":\"ListItem\",\"position\":2,\"name\":\"Magasin\",\"item\":\"https:\\\/\\\/floranixena.it\\\/fr\\\/magasin\\\/\"},{\"@type\":\"ListItem\",\"position\":3,\"name\":\"Bouquet de Tulipes jaunes\"}]},{\"@type\":\"WebSite\",\"@id\":\"https:\\\/\\\/floranixena.it\\\/fr\\\/#website\",\"url\":\"https:\\\/\\\/floranixena.it\\\/fr\\\/\",\"name\":\"FloraNixena - Consegna fiori a domicilio in Italia\",\"description\":\"Invia fiori che raccontano storie\",\"publisher\":{\"@id\":\"https:\\\/\\\/floranixena.it\\\/fr\\\/#organization\"},\"alternateName\":\"FloraNixena.it\",\"potentialAction\":[{\"@type\":\"SearchAction\",\"target\":{\"@type\":\"EntryPoint\",\"urlTemplate\":\"https:\\\/\\\/floranixena.it\\\/fr\\\/?s={search_term_string}\"},\"query-input\":{\"@type\":\"PropertyValueSpecification\",\"valueRequired\":true,\"valueName\":\"search_term_string\"}}],\"inLanguage\":\"fr-FR\"},{\"@type\":\"Organization\",\"@id\":\"https:\\\/\\\/floranixena.it\\\/fr\\\/#organization\",\"name\":\"FloraNixena.it - Consegna mazzi di fiori, bouquet e piante a domicilio\",\"url\":\"https:\\\/\\\/floranixena.it\\\/fr\\\/\",\"logo\":{\"@type\":\"ImageObject\",\"inLanguage\":\"fr-FR\",\"@id\":\"https:\\\/\\\/floranixena.it\\\/fr\\\/#\\\/schema\\\/logo\\\/image\\\/\",\"url\":\"https:\\\/\\\/floranixena.it\\\/wp-content\\\/uploads\\\/2018\\\/11\\\/logo-fucsia.png\",\"contentUrl\":\"https:\\\/\\\/floranixena.it\\\/wp-content\\\/uploads\\\/2018\\\/11\\\/logo-fucsia.png\",\"width\":315,\"height\":81,\"caption\":\"FloraNixena.it - Consegna mazzi di fiori, bouquet e piante a domicilio\"},\"image\":{\"@id\":\"https:\\\/\\\/floranixena.it\\\/fr\\\/#\\\/schema\\\/logo\\\/image\\\/\"},\"sameAs\":[\"https:\\\/\\\/www.facebook.com\\\/FloraNixena\\\/\",\"https:\\\/\\\/www.instagram.com\\\/floranixena.it\\\/\",\"https:\\\/\\\/www.youtube.com\\\/channel\\\/UCAfCWXMBezO96jgPjiUgpkA\"],\"description\":\"Chi Siamo? FloraNixena \u00e8 il partner di fiducia per la consegna di fiori freschi a domicilio. Con anni di esperienza nel settore floreale, siamo dedicati a portare la bellezza e la freschezza dei fiori direttamente alla vostra porta. La Nostra Missione La nostra missione \u00e8 trasformare ogni occasione in un momento speciale attraverso la magia dei fiori. Crediamo che un bouquet possa dire pi\u00f9 di mille parole e lavoriamo instancabilmente per assicurarci che ogni consegna porti gioia, amore e bellezza. Cosa Offriamo? Fiori Freschi: Collaboriamo con i migliori fornitori locali per garantire che i nostri fiori siano sempre freschi e di alta qualit\u00e0. Consegna Rapida e Puntuale: Offriamo un servizio di consegna rapido e affidabile, con la possibilit\u00e0 di scegliere la fascia oraria che pi\u00f9 vi conviene. Ampia Selezione: Dalle rose classiche ai bouquet personalizzati, abbiamo una vasta gamma di opzioni per soddisfare ogni gusto e occasione. Assistenza Clienti: Il nostro team \u00e8 sempre a disposizione per assistervi nella scelta del bouquet perfetto e per garantire un'esperienza di acquisto senza intoppi. Perch\u00e9 Sceglierci? Qualit\u00e0 Garantita: Ogni bouquet \u00e8 realizzato con cura dai nostri esperti fioristi, garantendo che ogni composizione sia un'opera d'arte. Servizio Personalizzato: Che sia per un anniversario, un compleanno, una celebrazione o un momento di condoglianza, personalizziamo ogni ordine per rispondere alle vostre esigenze specifiche. Soddisfazione del Cliente: La vostra soddisfazione \u00e8 la nostra priorit\u00e0 assoluta. Facciamo tutto il possibile per assicurarci che ogni consegna superi le vostre aspettative.\",\"email\":\"amministrazione@floranixena.it\",\"telephone\":\"3806342394\",\"legalName\":\"Gaetano Votadoro\"}]}<\/script>\n<!-- \/ Yoast SEO Premium plugin. -->","yoast_head_json":{"title":"Bouquet de tulipes jaunes - FloraNixena - livraison de fleurs et de plantes","description":"Ces tulipes jaunes vraiment all\u00e9chantes qui explosent de fantaisie avec des fleurs luxueuses, rendront surement quelqu\u2019un de sp\u00e9cial heureux.","robots":{"index":"index","follow":"follow","max-snippet":"max-snippet:-1","max-image-preview":"max-image-preview:large","max-video-preview":"max-video-preview:-1"},"canonical":"https:\/\/floranixena.it\/fr\/produit\/bouquet-de-tulipes-jaunes\/","og_locale":"fr_FR","og_type":"article","og_title":"Bouquet de Tulipes jaunes","og_description":"Tulipes jaunes (Choisissez la taille dans le menu d\u00e9roulant) Vase non inclus","og_url":"https:\/\/floranixena.it\/fr\/produit\/bouquet-de-tulipes-jaunes\/","og_site_name":"FloraNixena - livraison de fleurs et de plantes","article_publisher":"https:\/\/www.facebook.com\/FloraNixena\/","og_image":[{"width":800,"height":800,"url":"https:\/\/floranixena.it\/wp-content\/uploads\/2018\/12\/Bouquet-di-tulipani-gialli-da-regalare-a-sopresa-con-consegna-a-domicilio-a-MIlano-roma-tulipark-vendita-online-consegna-fiori-1.jpg","type":"image\/jpeg"}],"twitter_card":"summary_large_image","twitter_misc":{"Dur\u00e9e de lecture estim\u00e9e":"2 minutes"},"schema":{"@context":"https:\/\/schema.org","@graph":[{"@type":"WebPage","@id":"https:\/\/floranixena.it\/fr\/produit\/bouquet-de-tulipes-jaunes\/","url":"https:\/\/floranixena.it\/fr\/produit\/bouquet-de-tulipes-jaunes\/","name":"Bouquet de tulipes jaunes - FloraNixena - livraison de fleurs et de plantes","isPartOf":{"@id":"https:\/\/floranixena.it\/fr\/#website"},"primaryImageOfPage":{"@id":"https:\/\/floranixena.it\/fr\/produit\/bouquet-de-tulipes-jaunes\/#primaryimage"},"image":{"@id":"https:\/\/floranixena.it\/fr\/produit\/bouquet-de-tulipes-jaunes\/#primaryimage"},"thumbnailUrl":"https:\/\/floranixena.it\/wp-content\/uploads\/2018\/12\/Bouquet-di-tulipani-gialli-da-regalare-a-sopresa-con-consegna-a-domicilio-a-MIlano-roma-tulipark-vendita-online-consegna-fiori-1.jpg","datePublished":"2026-01-05T13:00:18+00:00","description":"Ces tulipes jaunes vraiment all\u00e9chantes qui explosent de fantaisie avec des fleurs luxueuses, rendront surement quelqu\u2019un de sp\u00e9cial heureux.","breadcrumb":{"@id":"https:\/\/floranixena.it\/fr\/produit\/bouquet-de-tulipes-jaunes\/#breadcrumb"},"inLanguage":"fr-FR","potentialAction":[{"@type":"ReadAction","target":["https:\/\/floranixena.it\/fr\/produit\/bouquet-de-tulipes-jaunes\/"]}]},{"@type":"ImageObject","inLanguage":"fr-FR","@id":"https:\/\/floranixena.it\/fr\/produit\/bouquet-de-tulipes-jaunes\/#primaryimage","url":"https:\/\/floranixena.it\/wp-content\/uploads\/2018\/12\/Bouquet-di-tulipani-gialli-da-regalare-a-sopresa-con-consegna-a-domicilio-a-MIlano-roma-tulipark-vendita-online-consegna-fiori-1.jpg","contentUrl":"https:\/\/floranixena.it\/wp-content\/uploads\/2018\/12\/Bouquet-di-tulipani-gialli-da-regalare-a-sopresa-con-consegna-a-domicilio-a-MIlano-roma-tulipark-vendita-online-consegna-fiori-1.jpg","width":800,"height":800,"caption":"Un geste lumineux qui apporte joie et chaleur en toute occasion."},{"@type":"BreadcrumbList","@id":"https:\/\/floranixena.it\/fr\/produit\/bouquet-de-tulipes-jaunes\/#breadcrumb","itemListElement":[{"@type":"ListItem","position":1,"name":"Home","item":"https:\/\/floranixena.it\/fr\/"},{"@type":"ListItem","position":2,"name":"Magasin","item":"https:\/\/floranixena.it\/fr\/magasin\/"},{"@type":"ListItem","position":3,"name":"Bouquet de Tulipes jaunes"}]},{"@type":"WebSite","@id":"https:\/\/floranixena.it\/fr\/#website","url":"https:\/\/floranixena.it\/fr\/","name":"FloraNixena - Consegna fiori a domicilio in Italia","description":"Invia fiori che raccontano storie","publisher":{"@id":"https:\/\/floranixena.it\/fr\/#organization"},"alternateName":"FloraNixena.it","potentialAction":[{"@type":"SearchAction","target":{"@type":"EntryPoint","urlTemplate":"https:\/\/floranixena.it\/fr\/?s={search_term_string}"},"query-input":{"@type":"PropertyValueSpecification","valueRequired":true,"valueName":"search_term_string"}}],"inLanguage":"fr-FR"},{"@type":"Organization","@id":"https:\/\/floranixena.it\/fr\/#organization","name":"FloraNixena.it - Consegna mazzi di fiori, bouquet e piante a domicilio","url":"https:\/\/floranixena.it\/fr\/","logo":{"@type":"ImageObject","inLanguage":"fr-FR","@id":"https:\/\/floranixena.it\/fr\/#\/schema\/logo\/image\/","url":"https:\/\/floranixena.it\/wp-content\/uploads\/2018\/11\/logo-fucsia.png","contentUrl":"https:\/\/floranixena.it\/wp-content\/uploads\/2018\/11\/logo-fucsia.png","width":315,"height":81,"caption":"FloraNixena.it - Consegna mazzi di fiori, bouquet e piante a domicilio"},"image":{"@id":"https:\/\/floranixena.it\/fr\/#\/schema\/logo\/image\/"},"sameAs":["https:\/\/www.facebook.com\/FloraNixena\/","https:\/\/www.instagram.com\/floranixena.it\/","https:\/\/www.youtube.com\/channel\/UCAfCWXMBezO96jgPjiUgpkA"],"description":"Chi Siamo? FloraNixena \u00e8 il partner di fiducia per la consegna di fiori freschi a domicilio. Con anni di esperienza nel settore floreale, siamo dedicati a portare la bellezza e la freschezza dei fiori direttamente alla vostra porta. La Nostra Missione La nostra missione \u00e8 trasformare ogni occasione in un momento speciale attraverso la magia dei fiori. Crediamo che un bouquet possa dire pi\u00f9 di mille parole e lavoriamo instancabilmente per assicurarci che ogni consegna porti gioia, amore e bellezza. Cosa Offriamo? Fiori Freschi: Collaboriamo con i migliori fornitori locali per garantire che i nostri fiori siano sempre freschi e di alta qualit\u00e0. Consegna Rapida e Puntuale: Offriamo un servizio di consegna rapido e affidabile, con la possibilit\u00e0 di scegliere la fascia oraria che pi\u00f9 vi conviene. Ampia Selezione: Dalle rose classiche ai bouquet personalizzati, abbiamo una vasta gamma di opzioni per soddisfare ogni gusto e occasione. Assistenza Clienti: Il nostro team \u00e8 sempre a disposizione per assistervi nella scelta del bouquet perfetto e per garantire un'esperienza di acquisto senza intoppi. Perch\u00e9 Sceglierci? Qualit\u00e0 Garantita: Ogni bouquet \u00e8 realizzato con cura dai nostri esperti fioristi, garantendo che ogni composizione sia un'opera d'arte. Servizio Personalizzato: Che sia per un anniversario, un compleanno, una celebrazione o un momento di condoglianza, personalizziamo ogni ordine per rispondere alle vostre esigenze specifiche. Soddisfazione del Cliente: La vostra soddisfazione \u00e8 la nostra priorit\u00e0 assoluta. Facciamo tutto il possibile per assicurarci che ogni consegna superi le vostre aspettative.","email":"amministrazione@floranixena.it","telephone":"3806342394","legalName":"Gaetano Votadoro"}]}},"_links":{"self":[{"href":"https:\/\/floranixena.it\/fr\/wp-json\/wp\/v2\/product\/18750","targetHints":{"allow":["GET"]}}],"collection":[{"href":"https:\/\/floranixena.it\/fr\/wp-json\/wp\/v2\/product"}],"about":[{"href":"https:\/\/floranixena.it\/fr\/wp-json\/wp\/v2\/types\/product"}],"replies":[{"embeddable":true,"href":"https:\/\/floranixena.it\/fr\/wp-json\/wp\/v2\/comments?post=18750"}],"wp:featuredmedia":[{"embeddable":true,"href":"https:\/\/floranixena.it\/fr\/wp-json\/wp\/v2\/media\/18741"}],"wp:attachment":[{"href":"https:\/\/floranixena.it\/fr\/wp-json\/wp\/v2\/media?parent=18750"}],"wp:term":[{"taxonomy":"product_brand","embeddable":true,"href":"https:\/\/floranixena.it\/fr\/wp-json\/wp\/v2\/product_brand?post=18750"},{"taxonomy":"product_cat","embeddable":true,"href":"https:\/\/floranixena.it\/fr\/wp-json\/wp\/v2\/product_cat?post=18750"},{"taxonomy":"product_tag","embeddable":true,"href":"https:\/\/floranixena.it\/fr\/wp-json\/wp\/v2\/product_tag?post=18750"}],"curies":[{"name":"wp","href":"https:\/\/api.w.org\/{rel}","templated":true}]}}