{"id":18686,"date":"2021-06-10T16:35:11","date_gmt":"2021-06-10T14:35:11","guid":{"rendered":"https:\/\/floranixena.it\/product\/rose-stabilisee-violette\/"},"modified":"2021-06-10T16:35:11","modified_gmt":"2021-06-10T14:35:11","slug":"rose-stabilisee-violette","status":"publish","type":"product","link":"https:\/\/floranixena.it\/fr\/produit\/rose-stabilisee-violette\/","title":{"rendered":"Rose stabilis\u00e9e Violette"},"content":{"rendered":"<p style=\"text-align: justify;\">Un proc\u00e9d\u00e9 r\u00e9volutionnaire qui pr\u00e9serve sa durabilit\u00e9 et une fra\u00eecheur authentique. Ce sont les secrets d\u2019une nouvelle conception de la fleur: la <strong>Rose stabilis\u00e9e violette<\/strong> ou comme beaucoup l\u2019appellent: la <strong>Rose \u00e9ternelle.<\/strong><br \/>\nUne beaut\u00e9 unique, associ\u00e9e \u00e0 une texture douce et d\u00e9licate, qui fait de cette <strong>rose stabilis\u00e9e violette<\/strong> le nouveau protagoniste de vos moments les plus exclusifs et inoubliables. <\/p>\n<p style=\"text-align: justify;\">En plus de la <strong>rose \u00e9ternelle violette<\/strong>, nos Roses sont disponibles en 8 colorations que vous pouvez choisir dans la cat\u00e9gorie des roses stabilis\u00e9es.<\/p>\n<div class=\"flex flex-grow flex-col max-w-full\">\n<div class=\"min-h-[20px] text-message flex flex-col items-start whitespace-pre-wrap break-words [.text-message+&amp;]:mt-5 juice:w-full juice:items-end overflow-x-auto gap-2\" dir=\"auto\" data-message-author-role=\"assistant\" data-message-id=\"b06da2fa-a13f-4698-989c-69cb175d52fd\">\n<div class=\"flex w-full flex-col gap-1 juice:empty:hidden juice:first:pt-[3px]\">\n<div class=\"markdown prose w-full break-words dark:prose-invert light\">\n<p>Elles sont un v\u00e9ritable concentr\u00e9 d\u2019\u00e9l\u00e9gance et de raffinement, id\u00e9ales pour ajouter une touche de luxe et de charme \u00e0 n\u2019importe quel environnement. Leur r\u00e9sistance et leur durabilit\u00e9 en font un choix pratique et abordable, vous permettant de profiter de leur beaut\u00e9 sans avoir \u00e0 les remplacer fr\u00e9quemment. <\/p>\n<p>Ils sont \u00e9galement une option \u00e9cologique, car le processus de stabilisation permet de conserver leur fra\u00eecheur sans l\u2019utilisation de produits chimiques nocifs pour l\u2019environnement. En choisissant des <a href=\"https:\/\/floranixena.it\/prodotto\/rosa-stabilizzata-multicolore\/\" target=\"_blank\" rel=\"noopener\">roses stabilis\u00e9es<\/a>, vous contribuez \u00e0 r\u00e9duire l\u2019impact environnemental et \u00e0 promouvoir des pratiques plus durables dans le secteur de la floriculture. <\/p>\n<p>Apportez une touche d\u2019\u00e9l\u00e9gance et de durabilit\u00e9 dans votre vie avec nos roses stabilis\u00e9es violettes et d\u00e9couvrez le plaisir d\u2019avoir des fleurs belles et vives \u00e0 tout moment, sans aucun souci. Choisissez la beaut\u00e9 intemporelle des roses stabilis\u00e9es pour chaque <a href=\"https:\/\/floranixena.it\/fr\/catalog\/fleurs-pour-les-evenements\/occasion-fr\/\" target=\"_blank\" rel=\"noopener\">occasion<\/a>. <\/p>\n<\/div>\n<\/div>\n<\/div>\n<\/div>\n","protected":false},"excerpt":{"rendered":"<ul>\n<li>1 Paquet contenant une rose stabilis\u00e9e violette<\/li>\n<\/ul>\n","protected":false},"featured_media":17919,"comment_status":"open","ping_status":"closed","template":"","meta":[],"product_brand":[],"product_cat":[3264,3304,3265,3266,3259,4187,3261],"product_tag":[4670,4707,4708,4709],"class_list":{"0":"post-18686","1":"product","2":"type-product","3":"status-publish","4":"has-post-thumbnail","6":"product_cat-amour-et-romantisme","7":"product_cat-dix-huitieme-anniversaire","8":"product_cat-pour-de-nouvelles-revelations","9":"product_cat-pour-la-femme-ou-la-fiancee-fr","10":"product_cat-pour-la-femme-ou-la-fiancee","11":"product_cat-roses-stabilisees","12":"product_cat-saint-valentin","13":"product_tag-rose-eternelle","14":"product_tag-rose-stabilisee-violette","15":"product_tag-rose-stabilisee-violette-en-plexiglass","16":"product_tag-rose-stabilisee-violette-en-verre","18":"first","19":"instock","20":"shipping-taxable","21":"purchasable","22":"product-type-variable","23":"has-default-attributes"},"yoast_head":"<!-- This site is optimized with the Yoast SEO Premium plugin v27.4 (Yoast SEO v27.4) - https:\/\/yoast.com\/product\/yoast-seo-premium-wordpress\/ -->\n<title>Rose stabilis\u00e9e Violette - FloraNixena - livraison de fleurs et de plantes<\/title>\n<meta name=\"description\" content=\"Id\u00e9e cadeau rose Stabilis\u00e9e violette en verre ou plexiglass. C\u2019est une folie \u00e9ternelle, \u00e0 livrer \u00e0 domicile dans toute l\u2019Italie.\" \/>\n<meta name=\"robots\" content=\"index, follow, max-snippet:-1, max-image-preview:large, max-video-preview:-1\" \/>\n<link rel=\"canonical\" href=\"https:\/\/floranixena.it\/fr\/produit\/rose-stabilisee-violette\/\" \/>\n<meta property=\"og:locale\" content=\"fr_FR\" \/>\n<meta property=\"og:type\" content=\"article\" \/>\n<meta property=\"og:title\" content=\"Rose stabilis\u00e9e Violette\" \/>\n<meta property=\"og:description\" content=\"1 Paquet contenant une rose stabilis\u00e9e violette\" \/>\n<meta property=\"og:url\" content=\"https:\/\/floranixena.it\/fr\/produit\/rose-stabilisee-violette\/\" \/>\n<meta property=\"og:site_name\" content=\"FloraNixena - livraison de fleurs et de plantes\" \/>\n<meta property=\"article:publisher\" content=\"https:\/\/www.facebook.com\/FloraNixena\/\" \/>\n<meta property=\"og:image\" content=\"https:\/\/floranixena.it\/wp-content\/uploads\/2018\/11\/Rosa-stabilizzata-viola-idea-regalo-da-far-consegnare-direttamente-a-domicilio-a-lecce-palermo-messina-chianciano-terme-potenza-viterbo.jpg\" \/>\n\t<meta property=\"og:image:width\" content=\"800\" \/>\n\t<meta property=\"og:image:height\" content=\"800\" \/>\n\t<meta property=\"og:image:type\" content=\"image\/jpeg\" \/>\n<meta name=\"twitter:card\" content=\"summary_large_image\" \/>\n<meta name=\"twitter:label1\" content=\"Dur\u00e9e de lecture estim\u00e9e\" \/>\n\t<meta name=\"twitter:data1\" content=\"1 minute\" \/>\n<script type=\"application\/ld+json\" class=\"yoast-schema-graph\">{\"@context\":\"https:\\\/\\\/schema.org\",\"@graph\":[{\"@type\":\"WebPage\",\"@id\":\"https:\\\/\\\/floranixena.it\\\/fr\\\/produit\\\/rose-stabilisee-violette\\\/\",\"url\":\"https:\\\/\\\/floranixena.it\\\/fr\\\/produit\\\/rose-stabilisee-violette\\\/\",\"name\":\"Rose stabilis\u00e9e Violette - FloraNixena - livraison de fleurs et de plantes\",\"isPartOf\":{\"@id\":\"https:\\\/\\\/floranixena.it\\\/fr\\\/#website\"},\"primaryImageOfPage\":{\"@id\":\"https:\\\/\\\/floranixena.it\\\/fr\\\/produit\\\/rose-stabilisee-violette\\\/#primaryimage\"},\"image\":{\"@id\":\"https:\\\/\\\/floranixena.it\\\/fr\\\/produit\\\/rose-stabilisee-violette\\\/#primaryimage\"},\"thumbnailUrl\":\"https:\\\/\\\/floranixena.it\\\/wp-content\\\/uploads\\\/2018\\\/11\\\/Rosa-stabilizzata-viola-idea-regalo-da-far-consegnare-direttamente-a-domicilio-a-lecce-palermo-messina-chianciano-terme-potenza-viterbo.jpg\",\"datePublished\":\"2021-06-10T14:35:11+00:00\",\"description\":\"Id\u00e9e cadeau rose Stabilis\u00e9e violette en verre ou plexiglass. C\u2019est une folie \u00e9ternelle, \u00e0 livrer \u00e0 domicile dans toute l\u2019Italie.\",\"breadcrumb\":{\"@id\":\"https:\\\/\\\/floranixena.it\\\/fr\\\/produit\\\/rose-stabilisee-violette\\\/#breadcrumb\"},\"inLanguage\":\"fr-FR\",\"potentialAction\":[{\"@type\":\"ReadAction\",\"target\":[\"https:\\\/\\\/floranixena.it\\\/fr\\\/produit\\\/rose-stabilisee-violette\\\/\"]}]},{\"@type\":\"ImageObject\",\"inLanguage\":\"fr-FR\",\"@id\":\"https:\\\/\\\/floranixena.it\\\/fr\\\/produit\\\/rose-stabilisee-violette\\\/#primaryimage\",\"url\":\"https:\\\/\\\/floranixena.it\\\/wp-content\\\/uploads\\\/2018\\\/11\\\/Rosa-stabilizzata-viola-idea-regalo-da-far-consegnare-direttamente-a-domicilio-a-lecce-palermo-messina-chianciano-terme-potenza-viterbo.jpg\",\"contentUrl\":\"https:\\\/\\\/floranixena.it\\\/wp-content\\\/uploads\\\/2018\\\/11\\\/Rosa-stabilizzata-viola-idea-regalo-da-far-consegnare-direttamente-a-domicilio-a-lecce-palermo-messina-chianciano-terme-potenza-viterbo.jpg\",\"width\":800,\"height\":800,\"caption\":\"Rose stabilis\u00e9e violette\"},{\"@type\":\"BreadcrumbList\",\"@id\":\"https:\\\/\\\/floranixena.it\\\/fr\\\/produit\\\/rose-stabilisee-violette\\\/#breadcrumb\",\"itemListElement\":[{\"@type\":\"ListItem\",\"position\":1,\"name\":\"Home\",\"item\":\"https:\\\/\\\/floranixena.it\\\/fr\\\/\"},{\"@type\":\"ListItem\",\"position\":2,\"name\":\"Magasin\",\"item\":\"https:\\\/\\\/floranixena.it\\\/fr\\\/magasin\\\/\"},{\"@type\":\"ListItem\",\"position\":3,\"name\":\"Rose stabilis\u00e9e Violette\"}]},{\"@type\":\"WebSite\",\"@id\":\"https:\\\/\\\/floranixena.it\\\/fr\\\/#website\",\"url\":\"https:\\\/\\\/floranixena.it\\\/fr\\\/\",\"name\":\"FloraNixena - Consegna fiori a domicilio in Italia\",\"description\":\"Invia fiori che raccontano storie\",\"publisher\":{\"@id\":\"https:\\\/\\\/floranixena.it\\\/fr\\\/#organization\"},\"alternateName\":\"FloraNixena.it\",\"potentialAction\":[{\"@type\":\"SearchAction\",\"target\":{\"@type\":\"EntryPoint\",\"urlTemplate\":\"https:\\\/\\\/floranixena.it\\\/fr\\\/?s={search_term_string}\"},\"query-input\":{\"@type\":\"PropertyValueSpecification\",\"valueRequired\":true,\"valueName\":\"search_term_string\"}}],\"inLanguage\":\"fr-FR\"},{\"@type\":\"Organization\",\"@id\":\"https:\\\/\\\/floranixena.it\\\/fr\\\/#organization\",\"name\":\"FloraNixena.it - Consegna mazzi di fiori, bouquet e piante a domicilio\",\"url\":\"https:\\\/\\\/floranixena.it\\\/fr\\\/\",\"logo\":{\"@type\":\"ImageObject\",\"inLanguage\":\"fr-FR\",\"@id\":\"https:\\\/\\\/floranixena.it\\\/fr\\\/#\\\/schema\\\/logo\\\/image\\\/\",\"url\":\"https:\\\/\\\/floranixena.it\\\/wp-content\\\/uploads\\\/2018\\\/11\\\/logo-fucsia.png\",\"contentUrl\":\"https:\\\/\\\/floranixena.it\\\/wp-content\\\/uploads\\\/2018\\\/11\\\/logo-fucsia.png\",\"width\":315,\"height\":81,\"caption\":\"FloraNixena.it - Consegna mazzi di fiori, bouquet e piante a domicilio\"},\"image\":{\"@id\":\"https:\\\/\\\/floranixena.it\\\/fr\\\/#\\\/schema\\\/logo\\\/image\\\/\"},\"sameAs\":[\"https:\\\/\\\/www.facebook.com\\\/FloraNixena\\\/\",\"https:\\\/\\\/www.instagram.com\\\/floranixena.it\\\/\",\"https:\\\/\\\/www.youtube.com\\\/channel\\\/UCAfCWXMBezO96jgPjiUgpkA\"],\"description\":\"Chi Siamo? FloraNixena \u00e8 il partner di fiducia per la consegna di fiori freschi a domicilio. Con anni di esperienza nel settore floreale, siamo dedicati a portare la bellezza e la freschezza dei fiori direttamente alla vostra porta. La Nostra Missione La nostra missione \u00e8 trasformare ogni occasione in un momento speciale attraverso la magia dei fiori. Crediamo che un bouquet possa dire pi\u00f9 di mille parole e lavoriamo instancabilmente per assicurarci che ogni consegna porti gioia, amore e bellezza. Cosa Offriamo? Fiori Freschi: Collaboriamo con i migliori fornitori locali per garantire che i nostri fiori siano sempre freschi e di alta qualit\u00e0. Consegna Rapida e Puntuale: Offriamo un servizio di consegna rapido e affidabile, con la possibilit\u00e0 di scegliere la fascia oraria che pi\u00f9 vi conviene. Ampia Selezione: Dalle rose classiche ai bouquet personalizzati, abbiamo una vasta gamma di opzioni per soddisfare ogni gusto e occasione. Assistenza Clienti: Il nostro team \u00e8 sempre a disposizione per assistervi nella scelta del bouquet perfetto e per garantire un'esperienza di acquisto senza intoppi. Perch\u00e9 Sceglierci? Qualit\u00e0 Garantita: Ogni bouquet \u00e8 realizzato con cura dai nostri esperti fioristi, garantendo che ogni composizione sia un'opera d'arte. Servizio Personalizzato: Che sia per un anniversario, un compleanno, una celebrazione o un momento di condoglianza, personalizziamo ogni ordine per rispondere alle vostre esigenze specifiche. Soddisfazione del Cliente: La vostra soddisfazione \u00e8 la nostra priorit\u00e0 assoluta. Facciamo tutto il possibile per assicurarci che ogni consegna superi le vostre aspettative.\",\"email\":\"amministrazione@floranixena.it\",\"telephone\":\"3806342394\",\"legalName\":\"Gaetano Votadoro\"}]}<\/script>\n<!-- \/ Yoast SEO Premium plugin. -->","yoast_head_json":{"title":"Rose stabilis\u00e9e Violette - FloraNixena - livraison de fleurs et de plantes","description":"Id\u00e9e cadeau rose Stabilis\u00e9e violette en verre ou plexiglass. C\u2019est une folie \u00e9ternelle, \u00e0 livrer \u00e0 domicile dans toute l\u2019Italie.","robots":{"index":"index","follow":"follow","max-snippet":"max-snippet:-1","max-image-preview":"max-image-preview:large","max-video-preview":"max-video-preview:-1"},"canonical":"https:\/\/floranixena.it\/fr\/produit\/rose-stabilisee-violette\/","og_locale":"fr_FR","og_type":"article","og_title":"Rose stabilis\u00e9e Violette","og_description":"1 Paquet contenant une rose stabilis\u00e9e violette","og_url":"https:\/\/floranixena.it\/fr\/produit\/rose-stabilisee-violette\/","og_site_name":"FloraNixena - livraison de fleurs et de plantes","article_publisher":"https:\/\/www.facebook.com\/FloraNixena\/","og_image":[{"width":800,"height":800,"url":"https:\/\/floranixena.it\/wp-content\/uploads\/2018\/11\/Rosa-stabilizzata-viola-idea-regalo-da-far-consegnare-direttamente-a-domicilio-a-lecce-palermo-messina-chianciano-terme-potenza-viterbo.jpg","type":"image\/jpeg"}],"twitter_card":"summary_large_image","twitter_misc":{"Dur\u00e9e de lecture estim\u00e9e":"1 minute"},"schema":{"@context":"https:\/\/schema.org","@graph":[{"@type":"WebPage","@id":"https:\/\/floranixena.it\/fr\/produit\/rose-stabilisee-violette\/","url":"https:\/\/floranixena.it\/fr\/produit\/rose-stabilisee-violette\/","name":"Rose stabilis\u00e9e Violette - FloraNixena - livraison de fleurs et de plantes","isPartOf":{"@id":"https:\/\/floranixena.it\/fr\/#website"},"primaryImageOfPage":{"@id":"https:\/\/floranixena.it\/fr\/produit\/rose-stabilisee-violette\/#primaryimage"},"image":{"@id":"https:\/\/floranixena.it\/fr\/produit\/rose-stabilisee-violette\/#primaryimage"},"thumbnailUrl":"https:\/\/floranixena.it\/wp-content\/uploads\/2018\/11\/Rosa-stabilizzata-viola-idea-regalo-da-far-consegnare-direttamente-a-domicilio-a-lecce-palermo-messina-chianciano-terme-potenza-viterbo.jpg","datePublished":"2021-06-10T14:35:11+00:00","description":"Id\u00e9e cadeau rose Stabilis\u00e9e violette en verre ou plexiglass. C\u2019est une folie \u00e9ternelle, \u00e0 livrer \u00e0 domicile dans toute l\u2019Italie.","breadcrumb":{"@id":"https:\/\/floranixena.it\/fr\/produit\/rose-stabilisee-violette\/#breadcrumb"},"inLanguage":"fr-FR","potentialAction":[{"@type":"ReadAction","target":["https:\/\/floranixena.it\/fr\/produit\/rose-stabilisee-violette\/"]}]},{"@type":"ImageObject","inLanguage":"fr-FR","@id":"https:\/\/floranixena.it\/fr\/produit\/rose-stabilisee-violette\/#primaryimage","url":"https:\/\/floranixena.it\/wp-content\/uploads\/2018\/11\/Rosa-stabilizzata-viola-idea-regalo-da-far-consegnare-direttamente-a-domicilio-a-lecce-palermo-messina-chianciano-terme-potenza-viterbo.jpg","contentUrl":"https:\/\/floranixena.it\/wp-content\/uploads\/2018\/11\/Rosa-stabilizzata-viola-idea-regalo-da-far-consegnare-direttamente-a-domicilio-a-lecce-palermo-messina-chianciano-terme-potenza-viterbo.jpg","width":800,"height":800,"caption":"Rose stabilis\u00e9e violette"},{"@type":"BreadcrumbList","@id":"https:\/\/floranixena.it\/fr\/produit\/rose-stabilisee-violette\/#breadcrumb","itemListElement":[{"@type":"ListItem","position":1,"name":"Home","item":"https:\/\/floranixena.it\/fr\/"},{"@type":"ListItem","position":2,"name":"Magasin","item":"https:\/\/floranixena.it\/fr\/magasin\/"},{"@type":"ListItem","position":3,"name":"Rose stabilis\u00e9e Violette"}]},{"@type":"WebSite","@id":"https:\/\/floranixena.it\/fr\/#website","url":"https:\/\/floranixena.it\/fr\/","name":"FloraNixena - Consegna fiori a domicilio in Italia","description":"Invia fiori che raccontano storie","publisher":{"@id":"https:\/\/floranixena.it\/fr\/#organization"},"alternateName":"FloraNixena.it","potentialAction":[{"@type":"SearchAction","target":{"@type":"EntryPoint","urlTemplate":"https:\/\/floranixena.it\/fr\/?s={search_term_string}"},"query-input":{"@type":"PropertyValueSpecification","valueRequired":true,"valueName":"search_term_string"}}],"inLanguage":"fr-FR"},{"@type":"Organization","@id":"https:\/\/floranixena.it\/fr\/#organization","name":"FloraNixena.it - Consegna mazzi di fiori, bouquet e piante a domicilio","url":"https:\/\/floranixena.it\/fr\/","logo":{"@type":"ImageObject","inLanguage":"fr-FR","@id":"https:\/\/floranixena.it\/fr\/#\/schema\/logo\/image\/","url":"https:\/\/floranixena.it\/wp-content\/uploads\/2018\/11\/logo-fucsia.png","contentUrl":"https:\/\/floranixena.it\/wp-content\/uploads\/2018\/11\/logo-fucsia.png","width":315,"height":81,"caption":"FloraNixena.it - Consegna mazzi di fiori, bouquet e piante a domicilio"},"image":{"@id":"https:\/\/floranixena.it\/fr\/#\/schema\/logo\/image\/"},"sameAs":["https:\/\/www.facebook.com\/FloraNixena\/","https:\/\/www.instagram.com\/floranixena.it\/","https:\/\/www.youtube.com\/channel\/UCAfCWXMBezO96jgPjiUgpkA"],"description":"Chi Siamo? FloraNixena \u00e8 il partner di fiducia per la consegna di fiori freschi a domicilio. Con anni di esperienza nel settore floreale, siamo dedicati a portare la bellezza e la freschezza dei fiori direttamente alla vostra porta. La Nostra Missione La nostra missione \u00e8 trasformare ogni occasione in un momento speciale attraverso la magia dei fiori. Crediamo che un bouquet possa dire pi\u00f9 di mille parole e lavoriamo instancabilmente per assicurarci che ogni consegna porti gioia, amore e bellezza. Cosa Offriamo? Fiori Freschi: Collaboriamo con i migliori fornitori locali per garantire che i nostri fiori siano sempre freschi e di alta qualit\u00e0. Consegna Rapida e Puntuale: Offriamo un servizio di consegna rapido e affidabile, con la possibilit\u00e0 di scegliere la fascia oraria che pi\u00f9 vi conviene. Ampia Selezione: Dalle rose classiche ai bouquet personalizzati, abbiamo una vasta gamma di opzioni per soddisfare ogni gusto e occasione. Assistenza Clienti: Il nostro team \u00e8 sempre a disposizione per assistervi nella scelta del bouquet perfetto e per garantire un'esperienza di acquisto senza intoppi. Perch\u00e9 Sceglierci? Qualit\u00e0 Garantita: Ogni bouquet \u00e8 realizzato con cura dai nostri esperti fioristi, garantendo che ogni composizione sia un'opera d'arte. Servizio Personalizzato: Che sia per un anniversario, un compleanno, una celebrazione o un momento di condoglianza, personalizziamo ogni ordine per rispondere alle vostre esigenze specifiche. Soddisfazione del Cliente: La vostra soddisfazione \u00e8 la nostra priorit\u00e0 assoluta. Facciamo tutto il possibile per assicurarci che ogni consegna superi le vostre aspettative.","email":"amministrazione@floranixena.it","telephone":"3806342394","legalName":"Gaetano Votadoro"}]}},"_links":{"self":[{"href":"https:\/\/floranixena.it\/fr\/wp-json\/wp\/v2\/product\/18686","targetHints":{"allow":["GET"]}}],"collection":[{"href":"https:\/\/floranixena.it\/fr\/wp-json\/wp\/v2\/product"}],"about":[{"href":"https:\/\/floranixena.it\/fr\/wp-json\/wp\/v2\/types\/product"}],"replies":[{"embeddable":true,"href":"https:\/\/floranixena.it\/fr\/wp-json\/wp\/v2\/comments?post=18686"}],"wp:featuredmedia":[{"embeddable":true,"href":"https:\/\/floranixena.it\/fr\/wp-json\/wp\/v2\/media\/17919"}],"wp:attachment":[{"href":"https:\/\/floranixena.it\/fr\/wp-json\/wp\/v2\/media?parent=18686"}],"wp:term":[{"taxonomy":"product_brand","embeddable":true,"href":"https:\/\/floranixena.it\/fr\/wp-json\/wp\/v2\/product_brand?post=18686"},{"taxonomy":"product_cat","embeddable":true,"href":"https:\/\/floranixena.it\/fr\/wp-json\/wp\/v2\/product_cat?post=18686"},{"taxonomy":"product_tag","embeddable":true,"href":"https:\/\/floranixena.it\/fr\/wp-json\/wp\/v2\/product_tag?post=18686"}],"curies":[{"name":"wp","href":"https:\/\/api.w.org\/{rel}","templated":true}]}}