{"id":18601,"date":"2022-11-28T17:32:09","date_gmt":"2022-11-28T16:32:09","guid":{"rendered":"https:\/\/floranixena.it\/product\/douce-paix\/"},"modified":"2025-09-22T10:06:07","modified_gmt":"2025-09-22T08:06:07","slug":"douce-paix","status":"publish","type":"product","link":"https:\/\/floranixena.it\/fr\/produit\/douce-paix\/","title":{"rendered":"Douce paix"},"content":{"rendered":"<p>\u00ab\u00a0F\u00e9licitations pour avoir trouv\u00e9 votre v\u00e9ritable amour ! Laissez-nous de <a href=\"https:\/\/floranixena.it\/fr\/\" target=\"_blank\" rel=\"noopener\"><strong>FloraNixena<\/strong><\/a> vous aider \u00e0 cr\u00e9er le mariage de vos r\u00eaves avec des <em><strong>magnifiques bouquets de mariage<\/strong><\/em> qui correspondent parfaitement \u00e0 votre style et refl\u00e8tent la beaut\u00e9 de votre amour et de votre collaboration. Nous sommes l\u00e0 pour transformer votre vision en une r\u00e9alit\u00e9 florale \u00e0 couper le souffle, qui rendra votre <a href=\"https:\/\/floranixena.it\/fr\/catalog\/fleurs-pour-les-evenements\/commemoration\/\" target=\"_blank\" rel=\"noopener\"><strong>journ\u00e9e sp\u00e9ciale<\/strong><\/a> encore plus inoubliable.  <\/p>\n<p>Nos bouquets de fleurs sont fabriqu\u00e9s \u00e0 la main avec soin et passion, en utilisant uniquement les fleurs les plus fra\u00eeches et de haute qualit\u00e9 disponibles. Chaque composition est unique et personnalis\u00e9e pour r\u00e9pondre \u00e0 vos go\u00fbts et pr\u00e9f\u00e9rences, cr\u00e9ant une atmosph\u00e8re de beaut\u00e9 et de romantisme qui fera briller chaque instant de votre <a href=\"https:\/\/floranixena.it\/fr\/catalog\/mariage\/\" target=\"_blank\" rel=\"noopener\"><strong>mariage<\/strong><\/a>. <\/p>\n<p>Mais on ne s\u2019arr\u00eate pas l\u00e0 ! En plus de nos magnifiques bouquets de mariage, nous offrons une gamme compl\u00e8te de <a href=\"https:\/\/floranixena.it\/fr\/prodotto\/giorni-felici\/\" target=\"_blank\" rel=\"noopener\"><strong>services floraux<\/strong><\/a> pour r\u00e9pondre \u00e0 tous vos besoins. Du <a href=\"https:\/\/floranixena.it\/fr\/prodotto\/composition-de-roses-et-de-baies\/\" target=\"_blank\" rel=\"noopener\"><strong>centre de table<\/strong><\/a> \u00e0 la d\u00e9coration du lieu, nous travaillons avec vous pour cr\u00e9er une atmosph\u00e8re magique qui laissera une impression ind\u00e9l\u00e9bile sur vous et vos invit\u00e9s. Notre \u00e9quipe exp\u00e9riment\u00e9e et cr\u00e9ative veille \u00e0 ce que chaque d\u00e9tail soit pris en charge avec soin et pr\u00e9cision.   <\/p>\n<p>Avec Floranixena, vous pouvez compter sur une collaboration sans faille et un service impeccable du d\u00e9but \u00e0 la fin. Nous sommes l\u00e0 pour \u00e9couter vos id\u00e9es, partager notre exp\u00e9rience et cr\u00e9er ensemble un <a href=\"https:\/\/floranixena.it\/fr\/catalog\/fleurs-pour-les-evenements\/commemoration\/10-anniversaire-mariage-detain\/\" target=\"_blank\" rel=\"noopener\"><strong>mariage de r\u00eave<\/strong><\/a> qui d\u00e9passe tes attentes. <\/p>\n<p><em><strong>Contactez-nous d\u00e8s aujourd\u2019hui<\/strong><\/em> pour commencer \u00e0 planifier le mariage de vos r\u00eaves avec les fleurs les plus belles et raffin\u00e9es que vous ayez jamais vues. Nous sommes impatients de vous aider \u00e0 faire de votre journ\u00e9e sp\u00e9ciale un <strong>moment inoubliable<\/strong> pour vous, votre partenaire et tous vos proches.\u00a0\u00bb <\/p>\n<p>&nbsp;<\/p>\n","protected":false},"excerpt":{"rendered":"<ul>\n<li>5 Oeillets blancs<\/li>\n<li>Gypsophila<\/li>\n<li>Lisianthus<\/li>\n<li>Hortensia ou alstromeria bleu\/bleu clair<\/li>\n<li>Vert d\u00e9coratif<\/li>\n<li>D\u00e9licatement emball\u00e9s<\/li>\n<\/ul>\n<p>Vase non inclus<\/p>\n","protected":false},"featured_media":18602,"comment_status":"open","ping_status":"closed","template":"","meta":[],"product_brand":[],"product_cat":[3258,3441,3693,3976,3698,3440,3283,3264,3267,3257,3268,3273,3272,3274,3275,3262,3447,3266,3270],"product_tag":[4688,4686,4687,4685],"class_list":{"0":"post-18601","1":"product","2":"type-product","3":"status-publish","4":"has-post-thumbnail","6":"product_cat-1-anniversaire-mariage-de-coton","7":"product_cat-10-anniversaire-mariage-detain","8":"product_cat-25-anniversaire-mariage-en-argent","9":"product_cat-30-anniversaire-mariage-de-perles","10":"product_cat-40eme-anniversaire-mariage-demeraude","11":"product_cat-5-anniversaire-mariage-en-soie","12":"product_cat-50eme-anniversaire-mariage-en-or","13":"product_cat-amour-et-romantisme","14":"product_cat-comme-un-admirateur-secret","15":"product_cat-commemoration","16":"product_cat-fleurs-classiques-et-romantiques","17":"product_cat-fleurs-dautomne","18":"product_cat-fleurs-dete","19":"product_cat-fleurs-dhiver","20":"product_cat-fleurs-de-printemps","21":"product_cat-jour-du-nom","22":"product_cat-mariage","23":"product_cat-pour-la-femme-ou-la-fiancee-fr","24":"product_cat-roses-fr","25":"product_tag-anniversaire-de-mariage","26":"product_tag-bouquet-de-mariee","27":"product_tag-bouquet-de-roses-et-lilium-fr","28":"product_tag-bouquet-mariage","30":"first","31":"instock","32":"shipping-taxable","33":"purchasable","34":"product-type-simple"},"yoast_head":"<!-- This site is optimized with the Yoast SEO Premium plugin v27.4 (Yoast SEO v27.4) - https:\/\/yoast.com\/product\/yoast-seo-premium-wordpress\/ -->\n<title>bouquet de mari\u00e9e avec roses et lilium - FloraNixena - livraison de fleurs et de plantes<\/title>\n<meta name=\"description\" content=\"Offrez un bouquet de mariage fantastique pour le jour du mariage, \u00e0 votre ch\u00e8re amie, avec la livraison directement \u00e0 l\u2019\u00e9glise ou \u00e0 domicile.\" \/>\n<meta name=\"robots\" content=\"index, follow, max-snippet:-1, max-image-preview:large, max-video-preview:-1\" \/>\n<link rel=\"canonical\" href=\"https:\/\/floranixena.it\/fr\/produit\/douce-paix\/\" \/>\n<meta property=\"og:locale\" content=\"fr_FR\" \/>\n<meta property=\"og:type\" content=\"article\" \/>\n<meta property=\"og:title\" content=\"Douce paix\" \/>\n<meta property=\"og:description\" content=\"5 Oeillets blancs  Gypsophila  Lisianthus  Hortensia ou alstromeria bleu\/bleu clair  Vert d\u00e9coratif  D\u00e9licatement emball\u00e9s Vase non inclus\" \/>\n<meta property=\"og:url\" content=\"https:\/\/floranixena.it\/fr\/produit\/douce-paix\/\" \/>\n<meta property=\"og:site_name\" content=\"FloraNixena - livraison de fleurs et de plantes\" \/>\n<meta property=\"article:publisher\" content=\"https:\/\/www.facebook.com\/FloraNixena\/\" \/>\n<meta property=\"article:modified_time\" content=\"2025-09-22T08:06:07+00:00\" \/>\n<meta property=\"og:image\" content=\"https:\/\/floranixena.it\/wp-content\/uploads\/2018\/11\/dolce-pace-bouquet-lisianthus-garofani-e-alstromeria-blu-con-ortensia-azzura-nuziale-per-il-matrimonio-di-un-amica-da-consegnare-direttamente-in-chiesa.jpg\" \/>\n\t<meta property=\"og:image:width\" content=\"800\" \/>\n\t<meta property=\"og:image:height\" content=\"800\" \/>\n\t<meta property=\"og:image:type\" content=\"image\/jpeg\" \/>\n<meta name=\"twitter:card\" content=\"summary_large_image\" \/>\n<meta name=\"twitter:label1\" content=\"Dur\u00e9e de lecture estim\u00e9e\" \/>\n\t<meta name=\"twitter:data1\" content=\"2 minutes\" \/>\n<script type=\"application\/ld+json\" class=\"yoast-schema-graph\">{\"@context\":\"https:\\\/\\\/schema.org\",\"@graph\":[{\"@type\":\"WebPage\",\"@id\":\"https:\\\/\\\/floranixena.it\\\/fr\\\/produit\\\/douce-paix\\\/\",\"url\":\"https:\\\/\\\/floranixena.it\\\/fr\\\/produit\\\/douce-paix\\\/\",\"name\":\"bouquet de mari\u00e9e avec roses et lilium - FloraNixena - livraison de fleurs et de plantes\",\"isPartOf\":{\"@id\":\"https:\\\/\\\/floranixena.it\\\/fr\\\/#website\"},\"primaryImageOfPage\":{\"@id\":\"https:\\\/\\\/floranixena.it\\\/fr\\\/produit\\\/douce-paix\\\/#primaryimage\"},\"image\":{\"@id\":\"https:\\\/\\\/floranixena.it\\\/fr\\\/produit\\\/douce-paix\\\/#primaryimage\"},\"thumbnailUrl\":\"https:\\\/\\\/floranixena.it\\\/wp-content\\\/uploads\\\/2018\\\/11\\\/dolce-pace-bouquet-lisianthus-garofani-e-alstromeria-blu-con-ortensia-azzura-nuziale-per-il-matrimonio-di-un-amica-da-consegnare-direttamente-in-chiesa.jpg\",\"datePublished\":\"2022-11-28T16:32:09+00:00\",\"dateModified\":\"2025-09-22T08:06:07+00:00\",\"description\":\"Offrez un bouquet de mariage fantastique pour le jour du mariage, \u00e0 votre ch\u00e8re amie, avec la livraison directement \u00e0 l\u2019\u00e9glise ou \u00e0 domicile.\",\"breadcrumb\":{\"@id\":\"https:\\\/\\\/floranixena.it\\\/fr\\\/produit\\\/douce-paix\\\/#breadcrumb\"},\"inLanguage\":\"fr-FR\",\"potentialAction\":[{\"@type\":\"ReadAction\",\"target\":[\"https:\\\/\\\/floranixena.it\\\/fr\\\/produit\\\/douce-paix\\\/\"]}]},{\"@type\":\"ImageObject\",\"inLanguage\":\"fr-FR\",\"@id\":\"https:\\\/\\\/floranixena.it\\\/fr\\\/produit\\\/douce-paix\\\/#primaryimage\",\"url\":\"https:\\\/\\\/floranixena.it\\\/wp-content\\\/uploads\\\/2018\\\/11\\\/dolce-pace-bouquet-lisianthus-garofani-e-alstromeria-blu-con-ortensia-azzura-nuziale-per-il-matrimonio-di-un-amica-da-consegnare-direttamente-in-chiesa.jpg\",\"contentUrl\":\"https:\\\/\\\/floranixena.it\\\/wp-content\\\/uploads\\\/2018\\\/11\\\/dolce-pace-bouquet-lisianthus-garofani-e-alstromeria-blu-con-ortensia-azzura-nuziale-per-il-matrimonio-di-un-amica-da-consegnare-direttamente-in-chiesa.jpg\",\"width\":800,\"height\":800,\"caption\":\"Un soffio di eleganza che illumina lo spazio con delicatezza e stile.\"},{\"@type\":\"BreadcrumbList\",\"@id\":\"https:\\\/\\\/floranixena.it\\\/fr\\\/produit\\\/douce-paix\\\/#breadcrumb\",\"itemListElement\":[{\"@type\":\"ListItem\",\"position\":1,\"name\":\"Home\",\"item\":\"https:\\\/\\\/floranixena.it\\\/fr\\\/\"},{\"@type\":\"ListItem\",\"position\":2,\"name\":\"Magasin\",\"item\":\"https:\\\/\\\/floranixena.it\\\/fr\\\/magasin\\\/\"},{\"@type\":\"ListItem\",\"position\":3,\"name\":\"Douce paix\"}]},{\"@type\":\"WebSite\",\"@id\":\"https:\\\/\\\/floranixena.it\\\/fr\\\/#website\",\"url\":\"https:\\\/\\\/floranixena.it\\\/fr\\\/\",\"name\":\"FloraNixena - Consegna fiori a domicilio in Italia\",\"description\":\"Invia fiori che raccontano storie\",\"publisher\":{\"@id\":\"https:\\\/\\\/floranixena.it\\\/fr\\\/#organization\"},\"alternateName\":\"FloraNixena.it\",\"potentialAction\":[{\"@type\":\"SearchAction\",\"target\":{\"@type\":\"EntryPoint\",\"urlTemplate\":\"https:\\\/\\\/floranixena.it\\\/fr\\\/?s={search_term_string}\"},\"query-input\":{\"@type\":\"PropertyValueSpecification\",\"valueRequired\":true,\"valueName\":\"search_term_string\"}}],\"inLanguage\":\"fr-FR\"},{\"@type\":\"Organization\",\"@id\":\"https:\\\/\\\/floranixena.it\\\/fr\\\/#organization\",\"name\":\"FloraNixena.it - Consegna mazzi di fiori, bouquet e piante a domicilio\",\"url\":\"https:\\\/\\\/floranixena.it\\\/fr\\\/\",\"logo\":{\"@type\":\"ImageObject\",\"inLanguage\":\"fr-FR\",\"@id\":\"https:\\\/\\\/floranixena.it\\\/fr\\\/#\\\/schema\\\/logo\\\/image\\\/\",\"url\":\"https:\\\/\\\/floranixena.it\\\/wp-content\\\/uploads\\\/2018\\\/11\\\/logo-fucsia.png\",\"contentUrl\":\"https:\\\/\\\/floranixena.it\\\/wp-content\\\/uploads\\\/2018\\\/11\\\/logo-fucsia.png\",\"width\":315,\"height\":81,\"caption\":\"FloraNixena.it - Consegna mazzi di fiori, bouquet e piante a domicilio\"},\"image\":{\"@id\":\"https:\\\/\\\/floranixena.it\\\/fr\\\/#\\\/schema\\\/logo\\\/image\\\/\"},\"sameAs\":[\"https:\\\/\\\/www.facebook.com\\\/FloraNixena\\\/\",\"https:\\\/\\\/www.instagram.com\\\/floranixena.it\\\/\",\"https:\\\/\\\/www.youtube.com\\\/channel\\\/UCAfCWXMBezO96jgPjiUgpkA\"],\"description\":\"Chi Siamo? FloraNixena \u00e8 il partner di fiducia per la consegna di fiori freschi a domicilio. Con anni di esperienza nel settore floreale, siamo dedicati a portare la bellezza e la freschezza dei fiori direttamente alla vostra porta. La Nostra Missione La nostra missione \u00e8 trasformare ogni occasione in un momento speciale attraverso la magia dei fiori. Crediamo che un bouquet possa dire pi\u00f9 di mille parole e lavoriamo instancabilmente per assicurarci che ogni consegna porti gioia, amore e bellezza. Cosa Offriamo? Fiori Freschi: Collaboriamo con i migliori fornitori locali per garantire che i nostri fiori siano sempre freschi e di alta qualit\u00e0. Consegna Rapida e Puntuale: Offriamo un servizio di consegna rapido e affidabile, con la possibilit\u00e0 di scegliere la fascia oraria che pi\u00f9 vi conviene. Ampia Selezione: Dalle rose classiche ai bouquet personalizzati, abbiamo una vasta gamma di opzioni per soddisfare ogni gusto e occasione. Assistenza Clienti: Il nostro team \u00e8 sempre a disposizione per assistervi nella scelta del bouquet perfetto e per garantire un'esperienza di acquisto senza intoppi. Perch\u00e9 Sceglierci? Qualit\u00e0 Garantita: Ogni bouquet \u00e8 realizzato con cura dai nostri esperti fioristi, garantendo che ogni composizione sia un'opera d'arte. Servizio Personalizzato: Che sia per un anniversario, un compleanno, una celebrazione o un momento di condoglianza, personalizziamo ogni ordine per rispondere alle vostre esigenze specifiche. Soddisfazione del Cliente: La vostra soddisfazione \u00e8 la nostra priorit\u00e0 assoluta. Facciamo tutto il possibile per assicurarci che ogni consegna superi le vostre aspettative.\",\"email\":\"amministrazione@floranixena.it\",\"telephone\":\"3806342394\",\"legalName\":\"Gaetano Votadoro\"}]}<\/script>\n<!-- \/ Yoast SEO Premium plugin. -->","yoast_head_json":{"title":"bouquet de mari\u00e9e avec roses et lilium - FloraNixena - livraison de fleurs et de plantes","description":"Offrez un bouquet de mariage fantastique pour le jour du mariage, \u00e0 votre ch\u00e8re amie, avec la livraison directement \u00e0 l\u2019\u00e9glise ou \u00e0 domicile.","robots":{"index":"index","follow":"follow","max-snippet":"max-snippet:-1","max-image-preview":"max-image-preview:large","max-video-preview":"max-video-preview:-1"},"canonical":"https:\/\/floranixena.it\/fr\/produit\/douce-paix\/","og_locale":"fr_FR","og_type":"article","og_title":"Douce paix","og_description":"5 Oeillets blancs  Gypsophila  Lisianthus  Hortensia ou alstromeria bleu\/bleu clair  Vert d\u00e9coratif  D\u00e9licatement emball\u00e9s Vase non inclus","og_url":"https:\/\/floranixena.it\/fr\/produit\/douce-paix\/","og_site_name":"FloraNixena - livraison de fleurs et de plantes","article_publisher":"https:\/\/www.facebook.com\/FloraNixena\/","article_modified_time":"2025-09-22T08:06:07+00:00","og_image":[{"width":800,"height":800,"url":"https:\/\/floranixena.it\/wp-content\/uploads\/2018\/11\/dolce-pace-bouquet-lisianthus-garofani-e-alstromeria-blu-con-ortensia-azzura-nuziale-per-il-matrimonio-di-un-amica-da-consegnare-direttamente-in-chiesa.jpg","type":"image\/jpeg"}],"twitter_card":"summary_large_image","twitter_misc":{"Dur\u00e9e de lecture estim\u00e9e":"2 minutes"},"schema":{"@context":"https:\/\/schema.org","@graph":[{"@type":"WebPage","@id":"https:\/\/floranixena.it\/fr\/produit\/douce-paix\/","url":"https:\/\/floranixena.it\/fr\/produit\/douce-paix\/","name":"bouquet de mari\u00e9e avec roses et lilium - FloraNixena - livraison de fleurs et de plantes","isPartOf":{"@id":"https:\/\/floranixena.it\/fr\/#website"},"primaryImageOfPage":{"@id":"https:\/\/floranixena.it\/fr\/produit\/douce-paix\/#primaryimage"},"image":{"@id":"https:\/\/floranixena.it\/fr\/produit\/douce-paix\/#primaryimage"},"thumbnailUrl":"https:\/\/floranixena.it\/wp-content\/uploads\/2018\/11\/dolce-pace-bouquet-lisianthus-garofani-e-alstromeria-blu-con-ortensia-azzura-nuziale-per-il-matrimonio-di-un-amica-da-consegnare-direttamente-in-chiesa.jpg","datePublished":"2022-11-28T16:32:09+00:00","dateModified":"2025-09-22T08:06:07+00:00","description":"Offrez un bouquet de mariage fantastique pour le jour du mariage, \u00e0 votre ch\u00e8re amie, avec la livraison directement \u00e0 l\u2019\u00e9glise ou \u00e0 domicile.","breadcrumb":{"@id":"https:\/\/floranixena.it\/fr\/produit\/douce-paix\/#breadcrumb"},"inLanguage":"fr-FR","potentialAction":[{"@type":"ReadAction","target":["https:\/\/floranixena.it\/fr\/produit\/douce-paix\/"]}]},{"@type":"ImageObject","inLanguage":"fr-FR","@id":"https:\/\/floranixena.it\/fr\/produit\/douce-paix\/#primaryimage","url":"https:\/\/floranixena.it\/wp-content\/uploads\/2018\/11\/dolce-pace-bouquet-lisianthus-garofani-e-alstromeria-blu-con-ortensia-azzura-nuziale-per-il-matrimonio-di-un-amica-da-consegnare-direttamente-in-chiesa.jpg","contentUrl":"https:\/\/floranixena.it\/wp-content\/uploads\/2018\/11\/dolce-pace-bouquet-lisianthus-garofani-e-alstromeria-blu-con-ortensia-azzura-nuziale-per-il-matrimonio-di-un-amica-da-consegnare-direttamente-in-chiesa.jpg","width":800,"height":800,"caption":"Un soffio di eleganza che illumina lo spazio con delicatezza e stile."},{"@type":"BreadcrumbList","@id":"https:\/\/floranixena.it\/fr\/produit\/douce-paix\/#breadcrumb","itemListElement":[{"@type":"ListItem","position":1,"name":"Home","item":"https:\/\/floranixena.it\/fr\/"},{"@type":"ListItem","position":2,"name":"Magasin","item":"https:\/\/floranixena.it\/fr\/magasin\/"},{"@type":"ListItem","position":3,"name":"Douce paix"}]},{"@type":"WebSite","@id":"https:\/\/floranixena.it\/fr\/#website","url":"https:\/\/floranixena.it\/fr\/","name":"FloraNixena - Consegna fiori a domicilio in Italia","description":"Invia fiori che raccontano storie","publisher":{"@id":"https:\/\/floranixena.it\/fr\/#organization"},"alternateName":"FloraNixena.it","potentialAction":[{"@type":"SearchAction","target":{"@type":"EntryPoint","urlTemplate":"https:\/\/floranixena.it\/fr\/?s={search_term_string}"},"query-input":{"@type":"PropertyValueSpecification","valueRequired":true,"valueName":"search_term_string"}}],"inLanguage":"fr-FR"},{"@type":"Organization","@id":"https:\/\/floranixena.it\/fr\/#organization","name":"FloraNixena.it - Consegna mazzi di fiori, bouquet e piante a domicilio","url":"https:\/\/floranixena.it\/fr\/","logo":{"@type":"ImageObject","inLanguage":"fr-FR","@id":"https:\/\/floranixena.it\/fr\/#\/schema\/logo\/image\/","url":"https:\/\/floranixena.it\/wp-content\/uploads\/2018\/11\/logo-fucsia.png","contentUrl":"https:\/\/floranixena.it\/wp-content\/uploads\/2018\/11\/logo-fucsia.png","width":315,"height":81,"caption":"FloraNixena.it - Consegna mazzi di fiori, bouquet e piante a domicilio"},"image":{"@id":"https:\/\/floranixena.it\/fr\/#\/schema\/logo\/image\/"},"sameAs":["https:\/\/www.facebook.com\/FloraNixena\/","https:\/\/www.instagram.com\/floranixena.it\/","https:\/\/www.youtube.com\/channel\/UCAfCWXMBezO96jgPjiUgpkA"],"description":"Chi Siamo? FloraNixena \u00e8 il partner di fiducia per la consegna di fiori freschi a domicilio. Con anni di esperienza nel settore floreale, siamo dedicati a portare la bellezza e la freschezza dei fiori direttamente alla vostra porta. La Nostra Missione La nostra missione \u00e8 trasformare ogni occasione in un momento speciale attraverso la magia dei fiori. Crediamo che un bouquet possa dire pi\u00f9 di mille parole e lavoriamo instancabilmente per assicurarci che ogni consegna porti gioia, amore e bellezza. Cosa Offriamo? Fiori Freschi: Collaboriamo con i migliori fornitori locali per garantire che i nostri fiori siano sempre freschi e di alta qualit\u00e0. Consegna Rapida e Puntuale: Offriamo un servizio di consegna rapido e affidabile, con la possibilit\u00e0 di scegliere la fascia oraria che pi\u00f9 vi conviene. Ampia Selezione: Dalle rose classiche ai bouquet personalizzati, abbiamo una vasta gamma di opzioni per soddisfare ogni gusto e occasione. Assistenza Clienti: Il nostro team \u00e8 sempre a disposizione per assistervi nella scelta del bouquet perfetto e per garantire un'esperienza di acquisto senza intoppi. Perch\u00e9 Sceglierci? Qualit\u00e0 Garantita: Ogni bouquet \u00e8 realizzato con cura dai nostri esperti fioristi, garantendo che ogni composizione sia un'opera d'arte. Servizio Personalizzato: Che sia per un anniversario, un compleanno, una celebrazione o un momento di condoglianza, personalizziamo ogni ordine per rispondere alle vostre esigenze specifiche. Soddisfazione del Cliente: La vostra soddisfazione \u00e8 la nostra priorit\u00e0 assoluta. Facciamo tutto il possibile per assicurarci che ogni consegna superi le vostre aspettative.","email":"amministrazione@floranixena.it","telephone":"3806342394","legalName":"Gaetano Votadoro"}]}},"_links":{"self":[{"href":"https:\/\/floranixena.it\/fr\/wp-json\/wp\/v2\/product\/18601","targetHints":{"allow":["GET"]}}],"collection":[{"href":"https:\/\/floranixena.it\/fr\/wp-json\/wp\/v2\/product"}],"about":[{"href":"https:\/\/floranixena.it\/fr\/wp-json\/wp\/v2\/types\/product"}],"replies":[{"embeddable":true,"href":"https:\/\/floranixena.it\/fr\/wp-json\/wp\/v2\/comments?post=18601"}],"wp:featuredmedia":[{"embeddable":true,"href":"https:\/\/floranixena.it\/fr\/wp-json\/wp\/v2\/media\/18602"}],"wp:attachment":[{"href":"https:\/\/floranixena.it\/fr\/wp-json\/wp\/v2\/media?parent=18601"}],"wp:term":[{"taxonomy":"product_brand","embeddable":true,"href":"https:\/\/floranixena.it\/fr\/wp-json\/wp\/v2\/product_brand?post=18601"},{"taxonomy":"product_cat","embeddable":true,"href":"https:\/\/floranixena.it\/fr\/wp-json\/wp\/v2\/product_cat?post=18601"},{"taxonomy":"product_tag","embeddable":true,"href":"https:\/\/floranixena.it\/fr\/wp-json\/wp\/v2\/product_tag?post=18601"}],"curies":[{"name":"wp","href":"https:\/\/api.w.org\/{rel}","templated":true}]}}