{"id":18429,"date":"2024-05-04T11:42:19","date_gmt":"2024-05-04T09:42:19","guid":{"rendered":"https:\/\/floranixena.it\/product\/hortensia-plante\/"},"modified":"2024-05-04T11:42:19","modified_gmt":"2024-05-04T09:42:19","slug":"hortensia-plante","status":"publish","type":"product","link":"https:\/\/floranixena.it\/fr\/produit\/hortensia-plante\/","title":{"rendered":"Hortensia &#8211; Plante"},"content":{"rendered":"<p>Vous cherchez un cadeau original et sophistiqu\u00e9 pour c\u00e9l\u00e9brer une occasion sp\u00e9ciale ? Les <strong>hortensias roses<\/strong> sont le choix id\u00e9al ! Avec leur beaut\u00e9 \u00e9l\u00e9gante et leur signification symbolique, ces <strong>plantes<\/strong> sont parfaites pour c\u00e9l\u00e9brer des anniversaires, des anniversaires ou toute autre occasion importante.  <\/p>\n<p>Chez <strong><a href=\"https:\/\/floranixena.it\/fr\/\">Floranixena<\/a>,<\/strong> nous proposons une large s\u00e9lection d\u2019hortensias de haute qualit\u00e9, disponibles en rose, blanc, bleu et violet. Chaque plante est soigneusement s\u00e9lectionn\u00e9e pour vous garantir un cadeau qui non seulement embellira la maison, mais durera dans le temps, rappelant \u00e0 celui qui le re\u00e7oit votre affection et votre attention. <\/p>\n<p>Notre service d\u2019exp\u00e9dition vous permet de commander confortablement depuis chez vous et de recevoir vos hortensias directement \u00e0 votre domicile. Gr\u00e2ce \u00e0 nos emballages s\u00fbrs et \u00e0 notre souci du d\u00e9tail, vous pouvez \u00eatre s\u00fbr que vos plantes arriveront en parfait \u00e9tat, pr\u00eates \u00e0 \u00eatre <strong>offertes<\/strong> ou \u00e0 enrichir votre espace. <\/p>\n<p>Ne manquez pas l\u2019occasion de surprendre vos proches avec un cadeau qui allie <a href=\"https:\/\/floranixena.it\/fr\/prodotto\/pianta-aspidistra\/\"><strong>\u00e9l\u00e9gance et durabilit\u00e9<\/strong><\/a>. Visitez Floranixena aujourd\u2019hui et d\u00e9couvrez \u00e0 quel point il est facile d\u2019acheter une magnifique hortensia. Profitez de notre gamme de couleurs et trouvez la plante parfaite pour chaque occasion. Du choix du bon <strong>pot<\/strong> \u00e0 la bonne exposition \u00e0 la lumi\u00e8re, nous avons tout ce dont vous avez besoin pour que vos plantes prosp\u00e8rent et continuent de charmer ceux qui les re\u00e7oivent. Commandez maintenant et c\u00e9l\u00e9brez avec style!    <\/p>\n","protected":false},"excerpt":{"rendered":"<ul>\n<li>Plante d\u2019hortensia blanche\/bleue<\/li>\n<li>Emball\u00e9 avec cellophane<\/li>\n<li>Vase en plastique<\/li>\n<\/ul>\n<p><strong>Panier non inclus<\/strong><\/p>\n","protected":false},"featured_media":18430,"comment_status":"open","ping_status":"closed","template":"","meta":[],"product_brand":[],"product_cat":[3285,3287,3263,3284,3704,3705,3443,3699,3444],"product_tag":[4395,3709,3707],"class_list":{"0":"post-18429","1":"product","2":"type-product","3":"status-publish","4":"has-post-thumbnail","6":"product_cat-amitie","7":"product_cat-felicitations","8":"product_cat-fete-des-meres","9":"product_cat-occasion-fr","10":"product_cat-plantes-fr","11":"product_cat-plantes-dinterieur","12":"product_cat-pour-la-soeur","13":"product_cat-pour-les-grands-parents","14":"product_cat-pour-les-oncles","15":"product_tag-hortensia","16":"product_tag-livraison-de-plantes-a-domicile","17":"product_tag-plante-dappartement","19":"first","20":"instock","21":"shipping-taxable","22":"purchasable","23":"product-type-simple"},"yoast_head":"<!-- This site is optimized with the Yoast SEO Premium plugin v27.4 (Yoast SEO v27.4) - https:\/\/yoast.com\/product\/yoast-seo-premium-wordpress\/ -->\n<title>Plante d&#039;Hortensia - Floranixena - Livraison de plantes \u00e0 domicile<\/title>\n<meta name=\"description\" content=\"Surprenez vos proches avec une belle hortensia! Livraison \u00e0 domicile rapide pour des cadeaux sp\u00e9ciaux \u00e0 maman, oncles et grands-parents. Commandez maintenant!\" \/>\n<meta name=\"robots\" content=\"index, follow, max-snippet:-1, max-image-preview:large, max-video-preview:-1\" \/>\n<link rel=\"canonical\" href=\"https:\/\/floranixena.it\/fr\/produit\/hortensia-plante\/\" \/>\n<meta property=\"og:locale\" content=\"fr_FR\" \/>\n<meta property=\"og:type\" content=\"article\" \/>\n<meta property=\"og:title\" content=\"Hortensia - Plante\" \/>\n<meta property=\"og:description\" content=\"Plante d\u2019hortensia blanche\/bleue  Emball\u00e9 avec cellophane  Vase en plastique Panier non inclus\" \/>\n<meta property=\"og:url\" content=\"https:\/\/floranixena.it\/fr\/produit\/hortensia-plante\/\" \/>\n<meta property=\"og:site_name\" content=\"FloraNixena - livraison de fleurs et de plantes\" \/>\n<meta property=\"article:publisher\" content=\"https:\/\/www.facebook.com\/FloraNixena\/\" \/>\n<meta property=\"og:image\" content=\"https:\/\/floranixena.it\/wp-content\/uploads\/2019\/05\/pianta-di-ortensia-fiorista-online-consegna-online-di-fiori-bouquet-e-piante-per-la-casa-regalo-per-la-mamma-gli-zii-nonni-festa.jpg\" \/>\n\t<meta property=\"og:image:width\" content=\"800\" \/>\n\t<meta property=\"og:image:height\" content=\"800\" \/>\n\t<meta property=\"og:image:type\" content=\"image\/jpeg\" \/>\n<meta name=\"twitter:card\" content=\"summary_large_image\" \/>\n<meta name=\"twitter:label1\" content=\"Dur\u00e9e de lecture estim\u00e9e\" \/>\n\t<meta name=\"twitter:data1\" content=\"1 minute\" \/>\n<script type=\"application\/ld+json\" class=\"yoast-schema-graph\">{\"@context\":\"https:\\\/\\\/schema.org\",\"@graph\":[{\"@type\":\"WebPage\",\"@id\":\"https:\\\/\\\/floranixena.it\\\/fr\\\/produit\\\/hortensia-plante\\\/\",\"url\":\"https:\\\/\\\/floranixena.it\\\/fr\\\/produit\\\/hortensia-plante\\\/\",\"name\":\"Plante d'Hortensia - Floranixena - Livraison de plantes \u00e0 domicile\",\"isPartOf\":{\"@id\":\"https:\\\/\\\/floranixena.it\\\/fr\\\/#website\"},\"primaryImageOfPage\":{\"@id\":\"https:\\\/\\\/floranixena.it\\\/fr\\\/produit\\\/hortensia-plante\\\/#primaryimage\"},\"image\":{\"@id\":\"https:\\\/\\\/floranixena.it\\\/fr\\\/produit\\\/hortensia-plante\\\/#primaryimage\"},\"thumbnailUrl\":\"https:\\\/\\\/floranixena.it\\\/wp-content\\\/uploads\\\/2019\\\/05\\\/pianta-di-ortensia-fiorista-online-consegna-online-di-fiori-bouquet-e-piante-per-la-casa-regalo-per-la-mamma-gli-zii-nonni-festa.jpg\",\"datePublished\":\"2024-05-04T09:42:19+00:00\",\"description\":\"Surprenez vos proches avec une belle hortensia! Livraison \u00e0 domicile rapide pour des cadeaux sp\u00e9ciaux \u00e0 maman, oncles et grands-parents. Commandez maintenant!\",\"breadcrumb\":{\"@id\":\"https:\\\/\\\/floranixena.it\\\/fr\\\/produit\\\/hortensia-plante\\\/#breadcrumb\"},\"inLanguage\":\"fr-FR\",\"potentialAction\":[{\"@type\":\"ReadAction\",\"target\":[\"https:\\\/\\\/floranixena.it\\\/fr\\\/produit\\\/hortensia-plante\\\/\"]}]},{\"@type\":\"ImageObject\",\"inLanguage\":\"fr-FR\",\"@id\":\"https:\\\/\\\/floranixena.it\\\/fr\\\/produit\\\/hortensia-plante\\\/#primaryimage\",\"url\":\"https:\\\/\\\/floranixena.it\\\/wp-content\\\/uploads\\\/2019\\\/05\\\/pianta-di-ortensia-fiorista-online-consegna-online-di-fiori-bouquet-e-piante-per-la-casa-regalo-per-la-mamma-gli-zii-nonni-festa.jpg\",\"contentUrl\":\"https:\\\/\\\/floranixena.it\\\/wp-content\\\/uploads\\\/2019\\\/05\\\/pianta-di-ortensia-fiorista-online-consegna-online-di-fiori-bouquet-e-piante-per-la-casa-regalo-per-la-mamma-gli-zii-nonni-festa.jpg\",\"width\":800,\"height\":800,\"caption\":\"Pianta di ortensia rosa in vaso rosa, con foglie verdi e fiori in piena fioritura.\"},{\"@type\":\"BreadcrumbList\",\"@id\":\"https:\\\/\\\/floranixena.it\\\/fr\\\/produit\\\/hortensia-plante\\\/#breadcrumb\",\"itemListElement\":[{\"@type\":\"ListItem\",\"position\":1,\"name\":\"Home\",\"item\":\"https:\\\/\\\/floranixena.it\\\/fr\\\/\"},{\"@type\":\"ListItem\",\"position\":2,\"name\":\"Magasin\",\"item\":\"https:\\\/\\\/floranixena.it\\\/fr\\\/magasin\\\/\"},{\"@type\":\"ListItem\",\"position\":3,\"name\":\"Hortensia &#8211; Plante\"}]},{\"@type\":\"WebSite\",\"@id\":\"https:\\\/\\\/floranixena.it\\\/fr\\\/#website\",\"url\":\"https:\\\/\\\/floranixena.it\\\/fr\\\/\",\"name\":\"FloraNixena - Consegna fiori a domicilio in Italia\",\"description\":\"Invia fiori che raccontano storie\",\"publisher\":{\"@id\":\"https:\\\/\\\/floranixena.it\\\/fr\\\/#organization\"},\"alternateName\":\"FloraNixena.it\",\"potentialAction\":[{\"@type\":\"SearchAction\",\"target\":{\"@type\":\"EntryPoint\",\"urlTemplate\":\"https:\\\/\\\/floranixena.it\\\/fr\\\/?s={search_term_string}\"},\"query-input\":{\"@type\":\"PropertyValueSpecification\",\"valueRequired\":true,\"valueName\":\"search_term_string\"}}],\"inLanguage\":\"fr-FR\"},{\"@type\":\"Organization\",\"@id\":\"https:\\\/\\\/floranixena.it\\\/fr\\\/#organization\",\"name\":\"FloraNixena.it - Consegna mazzi di fiori, bouquet e piante a domicilio\",\"url\":\"https:\\\/\\\/floranixena.it\\\/fr\\\/\",\"logo\":{\"@type\":\"ImageObject\",\"inLanguage\":\"fr-FR\",\"@id\":\"https:\\\/\\\/floranixena.it\\\/fr\\\/#\\\/schema\\\/logo\\\/image\\\/\",\"url\":\"https:\\\/\\\/floranixena.it\\\/wp-content\\\/uploads\\\/2018\\\/11\\\/logo-fucsia.png\",\"contentUrl\":\"https:\\\/\\\/floranixena.it\\\/wp-content\\\/uploads\\\/2018\\\/11\\\/logo-fucsia.png\",\"width\":315,\"height\":81,\"caption\":\"FloraNixena.it - Consegna mazzi di fiori, bouquet e piante a domicilio\"},\"image\":{\"@id\":\"https:\\\/\\\/floranixena.it\\\/fr\\\/#\\\/schema\\\/logo\\\/image\\\/\"},\"sameAs\":[\"https:\\\/\\\/www.facebook.com\\\/FloraNixena\\\/\",\"https:\\\/\\\/www.instagram.com\\\/floranixena.it\\\/\",\"https:\\\/\\\/www.youtube.com\\\/channel\\\/UCAfCWXMBezO96jgPjiUgpkA\"],\"description\":\"Chi Siamo? FloraNixena \u00e8 il partner di fiducia per la consegna di fiori freschi a domicilio. Con anni di esperienza nel settore floreale, siamo dedicati a portare la bellezza e la freschezza dei fiori direttamente alla vostra porta. La Nostra Missione La nostra missione \u00e8 trasformare ogni occasione in un momento speciale attraverso la magia dei fiori. Crediamo che un bouquet possa dire pi\u00f9 di mille parole e lavoriamo instancabilmente per assicurarci che ogni consegna porti gioia, amore e bellezza. Cosa Offriamo? Fiori Freschi: Collaboriamo con i migliori fornitori locali per garantire che i nostri fiori siano sempre freschi e di alta qualit\u00e0. Consegna Rapida e Puntuale: Offriamo un servizio di consegna rapido e affidabile, con la possibilit\u00e0 di scegliere la fascia oraria che pi\u00f9 vi conviene. Ampia Selezione: Dalle rose classiche ai bouquet personalizzati, abbiamo una vasta gamma di opzioni per soddisfare ogni gusto e occasione. Assistenza Clienti: Il nostro team \u00e8 sempre a disposizione per assistervi nella scelta del bouquet perfetto e per garantire un'esperienza di acquisto senza intoppi. Perch\u00e9 Sceglierci? Qualit\u00e0 Garantita: Ogni bouquet \u00e8 realizzato con cura dai nostri esperti fioristi, garantendo che ogni composizione sia un'opera d'arte. Servizio Personalizzato: Che sia per un anniversario, un compleanno, una celebrazione o un momento di condoglianza, personalizziamo ogni ordine per rispondere alle vostre esigenze specifiche. Soddisfazione del Cliente: La vostra soddisfazione \u00e8 la nostra priorit\u00e0 assoluta. Facciamo tutto il possibile per assicurarci che ogni consegna superi le vostre aspettative.\",\"email\":\"amministrazione@floranixena.it\",\"telephone\":\"3806342394\",\"legalName\":\"Gaetano Votadoro\"}]}<\/script>\n<!-- \/ Yoast SEO Premium plugin. -->","yoast_head_json":{"title":"Plante d'Hortensia - Floranixena - Livraison de plantes \u00e0 domicile","description":"Surprenez vos proches avec une belle hortensia! Livraison \u00e0 domicile rapide pour des cadeaux sp\u00e9ciaux \u00e0 maman, oncles et grands-parents. Commandez maintenant!","robots":{"index":"index","follow":"follow","max-snippet":"max-snippet:-1","max-image-preview":"max-image-preview:large","max-video-preview":"max-video-preview:-1"},"canonical":"https:\/\/floranixena.it\/fr\/produit\/hortensia-plante\/","og_locale":"fr_FR","og_type":"article","og_title":"Hortensia - Plante","og_description":"Plante d\u2019hortensia blanche\/bleue  Emball\u00e9 avec cellophane  Vase en plastique Panier non inclus","og_url":"https:\/\/floranixena.it\/fr\/produit\/hortensia-plante\/","og_site_name":"FloraNixena - livraison de fleurs et de plantes","article_publisher":"https:\/\/www.facebook.com\/FloraNixena\/","og_image":[{"width":800,"height":800,"url":"https:\/\/floranixena.it\/wp-content\/uploads\/2019\/05\/pianta-di-ortensia-fiorista-online-consegna-online-di-fiori-bouquet-e-piante-per-la-casa-regalo-per-la-mamma-gli-zii-nonni-festa.jpg","type":"image\/jpeg"}],"twitter_card":"summary_large_image","twitter_misc":{"Dur\u00e9e de lecture estim\u00e9e":"1 minute"},"schema":{"@context":"https:\/\/schema.org","@graph":[{"@type":"WebPage","@id":"https:\/\/floranixena.it\/fr\/produit\/hortensia-plante\/","url":"https:\/\/floranixena.it\/fr\/produit\/hortensia-plante\/","name":"Plante d'Hortensia - Floranixena - Livraison de plantes \u00e0 domicile","isPartOf":{"@id":"https:\/\/floranixena.it\/fr\/#website"},"primaryImageOfPage":{"@id":"https:\/\/floranixena.it\/fr\/produit\/hortensia-plante\/#primaryimage"},"image":{"@id":"https:\/\/floranixena.it\/fr\/produit\/hortensia-plante\/#primaryimage"},"thumbnailUrl":"https:\/\/floranixena.it\/wp-content\/uploads\/2019\/05\/pianta-di-ortensia-fiorista-online-consegna-online-di-fiori-bouquet-e-piante-per-la-casa-regalo-per-la-mamma-gli-zii-nonni-festa.jpg","datePublished":"2024-05-04T09:42:19+00:00","description":"Surprenez vos proches avec une belle hortensia! Livraison \u00e0 domicile rapide pour des cadeaux sp\u00e9ciaux \u00e0 maman, oncles et grands-parents. Commandez maintenant!","breadcrumb":{"@id":"https:\/\/floranixena.it\/fr\/produit\/hortensia-plante\/#breadcrumb"},"inLanguage":"fr-FR","potentialAction":[{"@type":"ReadAction","target":["https:\/\/floranixena.it\/fr\/produit\/hortensia-plante\/"]}]},{"@type":"ImageObject","inLanguage":"fr-FR","@id":"https:\/\/floranixena.it\/fr\/produit\/hortensia-plante\/#primaryimage","url":"https:\/\/floranixena.it\/wp-content\/uploads\/2019\/05\/pianta-di-ortensia-fiorista-online-consegna-online-di-fiori-bouquet-e-piante-per-la-casa-regalo-per-la-mamma-gli-zii-nonni-festa.jpg","contentUrl":"https:\/\/floranixena.it\/wp-content\/uploads\/2019\/05\/pianta-di-ortensia-fiorista-online-consegna-online-di-fiori-bouquet-e-piante-per-la-casa-regalo-per-la-mamma-gli-zii-nonni-festa.jpg","width":800,"height":800,"caption":"Pianta di ortensia rosa in vaso rosa, con foglie verdi e fiori in piena fioritura."},{"@type":"BreadcrumbList","@id":"https:\/\/floranixena.it\/fr\/produit\/hortensia-plante\/#breadcrumb","itemListElement":[{"@type":"ListItem","position":1,"name":"Home","item":"https:\/\/floranixena.it\/fr\/"},{"@type":"ListItem","position":2,"name":"Magasin","item":"https:\/\/floranixena.it\/fr\/magasin\/"},{"@type":"ListItem","position":3,"name":"Hortensia &#8211; Plante"}]},{"@type":"WebSite","@id":"https:\/\/floranixena.it\/fr\/#website","url":"https:\/\/floranixena.it\/fr\/","name":"FloraNixena - Consegna fiori a domicilio in Italia","description":"Invia fiori che raccontano storie","publisher":{"@id":"https:\/\/floranixena.it\/fr\/#organization"},"alternateName":"FloraNixena.it","potentialAction":[{"@type":"SearchAction","target":{"@type":"EntryPoint","urlTemplate":"https:\/\/floranixena.it\/fr\/?s={search_term_string}"},"query-input":{"@type":"PropertyValueSpecification","valueRequired":true,"valueName":"search_term_string"}}],"inLanguage":"fr-FR"},{"@type":"Organization","@id":"https:\/\/floranixena.it\/fr\/#organization","name":"FloraNixena.it - Consegna mazzi di fiori, bouquet e piante a domicilio","url":"https:\/\/floranixena.it\/fr\/","logo":{"@type":"ImageObject","inLanguage":"fr-FR","@id":"https:\/\/floranixena.it\/fr\/#\/schema\/logo\/image\/","url":"https:\/\/floranixena.it\/wp-content\/uploads\/2018\/11\/logo-fucsia.png","contentUrl":"https:\/\/floranixena.it\/wp-content\/uploads\/2018\/11\/logo-fucsia.png","width":315,"height":81,"caption":"FloraNixena.it - Consegna mazzi di fiori, bouquet e piante a domicilio"},"image":{"@id":"https:\/\/floranixena.it\/fr\/#\/schema\/logo\/image\/"},"sameAs":["https:\/\/www.facebook.com\/FloraNixena\/","https:\/\/www.instagram.com\/floranixena.it\/","https:\/\/www.youtube.com\/channel\/UCAfCWXMBezO96jgPjiUgpkA"],"description":"Chi Siamo? FloraNixena \u00e8 il partner di fiducia per la consegna di fiori freschi a domicilio. Con anni di esperienza nel settore floreale, siamo dedicati a portare la bellezza e la freschezza dei fiori direttamente alla vostra porta. La Nostra Missione La nostra missione \u00e8 trasformare ogni occasione in un momento speciale attraverso la magia dei fiori. Crediamo che un bouquet possa dire pi\u00f9 di mille parole e lavoriamo instancabilmente per assicurarci che ogni consegna porti gioia, amore e bellezza. Cosa Offriamo? Fiori Freschi: Collaboriamo con i migliori fornitori locali per garantire che i nostri fiori siano sempre freschi e di alta qualit\u00e0. Consegna Rapida e Puntuale: Offriamo un servizio di consegna rapido e affidabile, con la possibilit\u00e0 di scegliere la fascia oraria che pi\u00f9 vi conviene. Ampia Selezione: Dalle rose classiche ai bouquet personalizzati, abbiamo una vasta gamma di opzioni per soddisfare ogni gusto e occasione. Assistenza Clienti: Il nostro team \u00e8 sempre a disposizione per assistervi nella scelta del bouquet perfetto e per garantire un'esperienza di acquisto senza intoppi. Perch\u00e9 Sceglierci? Qualit\u00e0 Garantita: Ogni bouquet \u00e8 realizzato con cura dai nostri esperti fioristi, garantendo che ogni composizione sia un'opera d'arte. Servizio Personalizzato: Che sia per un anniversario, un compleanno, una celebrazione o un momento di condoglianza, personalizziamo ogni ordine per rispondere alle vostre esigenze specifiche. Soddisfazione del Cliente: La vostra soddisfazione \u00e8 la nostra priorit\u00e0 assoluta. Facciamo tutto il possibile per assicurarci che ogni consegna superi le vostre aspettative.","email":"amministrazione@floranixena.it","telephone":"3806342394","legalName":"Gaetano Votadoro"}]}},"_links":{"self":[{"href":"https:\/\/floranixena.it\/fr\/wp-json\/wp\/v2\/product\/18429","targetHints":{"allow":["GET"]}}],"collection":[{"href":"https:\/\/floranixena.it\/fr\/wp-json\/wp\/v2\/product"}],"about":[{"href":"https:\/\/floranixena.it\/fr\/wp-json\/wp\/v2\/types\/product"}],"replies":[{"embeddable":true,"href":"https:\/\/floranixena.it\/fr\/wp-json\/wp\/v2\/comments?post=18429"}],"wp:featuredmedia":[{"embeddable":true,"href":"https:\/\/floranixena.it\/fr\/wp-json\/wp\/v2\/media\/18430"}],"wp:attachment":[{"href":"https:\/\/floranixena.it\/fr\/wp-json\/wp\/v2\/media?parent=18429"}],"wp:term":[{"taxonomy":"product_brand","embeddable":true,"href":"https:\/\/floranixena.it\/fr\/wp-json\/wp\/v2\/product_brand?post=18429"},{"taxonomy":"product_cat","embeddable":true,"href":"https:\/\/floranixena.it\/fr\/wp-json\/wp\/v2\/product_cat?post=18429"},{"taxonomy":"product_tag","embeddable":true,"href":"https:\/\/floranixena.it\/fr\/wp-json\/wp\/v2\/product_tag?post=18429"}],"curies":[{"name":"wp","href":"https:\/\/api.w.org\/{rel}","templated":true}]}}