{"id":18361,"date":"2026-01-01T09:52:30","date_gmt":"2026-01-01T08:52:30","guid":{"rendered":"https:\/\/floranixena.it\/product\/bouquet-tulipes-roses\/"},"modified":"2025-09-19T11:21:25","modified_gmt":"2025-09-19T09:21:25","slug":"bouquet-tulipes-roses","status":"publish","type":"product","link":"https:\/\/floranixena.it\/fr\/produit\/bouquet-tulipes-roses\/","title":{"rendered":"Bouquet Tulipes Roses"},"content":{"rendered":"<p>Les <a href=\"https:\/\/tulipark.it\/shop\/\"><strong>tulipes<\/strong><\/a> sont des fleurs extraordinaires qui enchantent par leur \u00e9l\u00e9gance et leur vivacit\u00e9. Avec leur large gamme de <a href=\"https:\/\/floranixena.it\/fr\/prodotto\/colori-destate\/\"><strong>couleurs<\/strong><\/a> et leur forme charmante, les tulipes roses sont id\u00e9ales pour apporter un sourire et une note de fra\u00eecheur dans n\u2019importe quelle journ\u00e9e. Chaque bouquet de tulipes repr\u00e9sente un geste d\u2019affection sinc\u00e8re et de joie contagieuse.  <\/p>\n<p>Pour un cadeau vraiment sp\u00e9cial, choisissez un bouquet de tulipes enrichi avec quelques-unes des fleurs printani\u00e8res les plus c\u00e9l\u00e8bres. Ces bouquets, avec leurs couleurs vives et leur combinaison harmonieuse, sont parfaits pour c\u00e9l\u00e9brer n\u2019importe quelle <strong>occasion,<\/strong> que ce soit un anniversaire, une c\u00e9r\u00e9monie ou simplement une pens\u00e9e aimable. Les <strong>fleurs printani\u00e8res<\/strong> ajoutent de la beaut\u00e9 et de la vari\u00e9t\u00e9, cr\u00e9ant un ensemble aussi \u00e9l\u00e9gant que gai.  <\/p>\n<p>Commandez facilement en ligne et profitez de notre livraison rapide et fiable. En quelques clics, les <a href=\"https:\/\/floranixena.it\/fr\/prodotto\/mazzo-di-tulipani-rosa\/\"><strong>tulipes roses<\/strong><\/a> arriveront directement chez vous, garantissant que la fra\u00eecheur et la beaut\u00e9 du bouquet sont pr\u00e9serv\u00e9es. Profitez \u00e9galement de nos options de personnalisation pour rendre votre bouquet encore plus sp\u00e9cial. Choisissez parmi une large gamme de <strong>compl\u00e9ments,<\/strong> tels que des cartes personnalis\u00e9es ou de petits cadeaux suppl\u00e9mentaires, pour compl\u00e9ter votre cadeau et le rendre vraiment unique. Laissez notre service apporter un peu de magie et de joie \u00e0 tous ceux qui re\u00e7oivent ces belles fleurs.    <\/p>\n","protected":false},"excerpt":{"rendered":"<ul>\n<li>10 Tulipes roses<\/li>\n<li>Gypsophila<\/li>\n<li>Papier Kraft<\/li>\n<\/ul>\n<p>Vase non inclus<\/p>\n","protected":false},"featured_media":18362,"comment_status":"open","ping_status":"closed","template":"","meta":[],"product_brand":[],"product_cat":[3285,3256,3914,3920,3269,3287,3263,3273,3274,3275,3255,3284,3286,3288,4005],"product_tag":[4625,4160,4006,4626,4623,4007,4624],"class_list":{"0":"post-18361","1":"product","2":"type-product","3":"status-publish","4":"has-post-thumbnail","6":"product_cat-amitie","7":"product_cat-anniversaire","8":"product_cat-cest-une-fille","9":"product_cat-ce-sont-des-jumeaux","10":"product_cat-excuses","11":"product_cat-felicitations","12":"product_cat-fete-des-meres","13":"product_cat-fleurs-dautomne","14":"product_cat-fleurs-dhiver","15":"product_cat-fleurs-de-printemps","16":"product_cat-fleurs-pour-les-evenements","17":"product_cat-occasion-fr","18":"product_cat-pour-les-couples-gays","19":"product_cat-pour-remercier-quelquun","20":"product_cat-tulipes","21":"product_tag-acheter-des-tulipes","22":"product_tag-gypsophila-fr","23":"product_tag-tulipes","24":"product_tag-tulipes-bon-marche","25":"product_tag-tulipes-colorees","26":"product_tag-tulipes-roses","27":"product_tag-vente-de-tulipes","29":"first","30":"instock","31":"shipping-taxable","32":"purchasable","33":"product-type-simple"},"yoast_head":"<!-- This site is optimized with the Yoast SEO Premium plugin v27.4 (Yoast SEO v27.4) - https:\/\/yoast.com\/product\/yoast-seo-premium-wordpress\/ -->\n<title>Bouquet de tulipes roses - FloraNixena - livraison de fleurs et de plantes<\/title>\n<meta name=\"description\" content=\"Composition tulipes roses, envoyer des fleurs pour cadeau \u00e0 domicile pour souhaiter une gu\u00e9rison rapide, l\u2019amiti\u00e9, la fraternit\u00e9, les anniversaires.\" \/>\n<meta name=\"robots\" content=\"index, follow, max-snippet:-1, max-image-preview:large, max-video-preview:-1\" \/>\n<link rel=\"canonical\" href=\"https:\/\/floranixena.it\/fr\/produit\/bouquet-tulipes-roses\/\" \/>\n<meta property=\"og:locale\" content=\"fr_FR\" \/>\n<meta property=\"og:type\" content=\"article\" \/>\n<meta property=\"og:title\" content=\"Bouquet Tulipes Roses\" \/>\n<meta property=\"og:description\" content=\"10 Tulipes roses  Gypsophila  Papier Kraft Vase non inclus\" \/>\n<meta property=\"og:url\" content=\"https:\/\/floranixena.it\/fr\/produit\/bouquet-tulipes-roses\/\" \/>\n<meta property=\"og:site_name\" content=\"FloraNixena - livraison de fleurs et de plantes\" \/>\n<meta property=\"article:publisher\" content=\"https:\/\/www.facebook.com\/FloraNixena\/\" \/>\n<meta property=\"og:image\" content=\"https:\/\/floranixena.it\/wp-content\/uploads\/2019\/01\/Composizione-di-tulipani-e-Gypsophila-da-regalare-ad-unamica-per-un-compleanno-oppure-un-occasione-direttamente-da-inviare-online-con-consegna-a-domicilio-a-Venezia-Roma-Milano.jpg\" \/>\n\t<meta property=\"og:image:width\" content=\"800\" \/>\n\t<meta property=\"og:image:height\" content=\"800\" \/>\n\t<meta property=\"og:image:type\" content=\"image\/jpeg\" \/>\n<meta name=\"twitter:card\" content=\"summary_large_image\" \/>\n<meta name=\"twitter:label1\" content=\"Dur\u00e9e de lecture estim\u00e9e\" \/>\n\t<meta name=\"twitter:data1\" content=\"1 minute\" \/>\n<script type=\"application\/ld+json\" class=\"yoast-schema-graph\">{\"@context\":\"https:\\\/\\\/schema.org\",\"@graph\":[{\"@type\":\"WebPage\",\"@id\":\"https:\\\/\\\/floranixena.it\\\/fr\\\/produit\\\/bouquet-tulipes-roses\\\/\",\"url\":\"https:\\\/\\\/floranixena.it\\\/fr\\\/produit\\\/bouquet-tulipes-roses\\\/\",\"name\":\"Bouquet de tulipes roses - FloraNixena - livraison de fleurs et de plantes\",\"isPartOf\":{\"@id\":\"https:\\\/\\\/floranixena.it\\\/fr\\\/#website\"},\"primaryImageOfPage\":{\"@id\":\"https:\\\/\\\/floranixena.it\\\/fr\\\/produit\\\/bouquet-tulipes-roses\\\/#primaryimage\"},\"image\":{\"@id\":\"https:\\\/\\\/floranixena.it\\\/fr\\\/produit\\\/bouquet-tulipes-roses\\\/#primaryimage\"},\"thumbnailUrl\":\"https:\\\/\\\/floranixena.it\\\/wp-content\\\/uploads\\\/2019\\\/01\\\/Composizione-di-tulipani-e-Gypsophila-da-regalare-ad-unamica-per-un-compleanno-oppure-un-occasione-direttamente-da-inviare-online-con-consegna-a-domicilio-a-Venezia-Roma-Milano.jpg\",\"datePublished\":\"2026-01-01T08:52:30+00:00\",\"description\":\"Composition tulipes roses, envoyer des fleurs pour cadeau \u00e0 domicile pour souhaiter une gu\u00e9rison rapide, l\u2019amiti\u00e9, la fraternit\u00e9, les anniversaires.\",\"breadcrumb\":{\"@id\":\"https:\\\/\\\/floranixena.it\\\/fr\\\/produit\\\/bouquet-tulipes-roses\\\/#breadcrumb\"},\"inLanguage\":\"fr-FR\",\"potentialAction\":[{\"@type\":\"ReadAction\",\"target\":[\"https:\\\/\\\/floranixena.it\\\/fr\\\/produit\\\/bouquet-tulipes-roses\\\/\"]}]},{\"@type\":\"ImageObject\",\"inLanguage\":\"fr-FR\",\"@id\":\"https:\\\/\\\/floranixena.it\\\/fr\\\/produit\\\/bouquet-tulipes-roses\\\/#primaryimage\",\"url\":\"https:\\\/\\\/floranixena.it\\\/wp-content\\\/uploads\\\/2019\\\/01\\\/Composizione-di-tulipani-e-Gypsophila-da-regalare-ad-unamica-per-un-compleanno-oppure-un-occasione-direttamente-da-inviare-online-con-consegna-a-domicilio-a-Venezia-Roma-Milano.jpg\",\"contentUrl\":\"https:\\\/\\\/floranixena.it\\\/wp-content\\\/uploads\\\/2019\\\/01\\\/Composizione-di-tulipani-e-Gypsophila-da-regalare-ad-unamica-per-un-compleanno-oppure-un-occasione-direttamente-da-inviare-online-con-consegna-a-domicilio-a-Venezia-Roma-Milano.jpg\",\"width\":800,\"height\":800,\"caption\":\"Un gesto gentile, avvolto in natura: il bouquet che parla con dolcezza.\"},{\"@type\":\"BreadcrumbList\",\"@id\":\"https:\\\/\\\/floranixena.it\\\/fr\\\/produit\\\/bouquet-tulipes-roses\\\/#breadcrumb\",\"itemListElement\":[{\"@type\":\"ListItem\",\"position\":1,\"name\":\"Home\",\"item\":\"https:\\\/\\\/floranixena.it\\\/fr\\\/\"},{\"@type\":\"ListItem\",\"position\":2,\"name\":\"Magasin\",\"item\":\"https:\\\/\\\/floranixena.it\\\/fr\\\/magasin\\\/\"},{\"@type\":\"ListItem\",\"position\":3,\"name\":\"Bouquet Tulipes Roses\"}]},{\"@type\":\"WebSite\",\"@id\":\"https:\\\/\\\/floranixena.it\\\/fr\\\/#website\",\"url\":\"https:\\\/\\\/floranixena.it\\\/fr\\\/\",\"name\":\"FloraNixena - Consegna fiori a domicilio in Italia\",\"description\":\"Invia fiori che raccontano storie\",\"publisher\":{\"@id\":\"https:\\\/\\\/floranixena.it\\\/fr\\\/#organization\"},\"alternateName\":\"FloraNixena.it\",\"potentialAction\":[{\"@type\":\"SearchAction\",\"target\":{\"@type\":\"EntryPoint\",\"urlTemplate\":\"https:\\\/\\\/floranixena.it\\\/fr\\\/?s={search_term_string}\"},\"query-input\":{\"@type\":\"PropertyValueSpecification\",\"valueRequired\":true,\"valueName\":\"search_term_string\"}}],\"inLanguage\":\"fr-FR\"},{\"@type\":\"Organization\",\"@id\":\"https:\\\/\\\/floranixena.it\\\/fr\\\/#organization\",\"name\":\"FloraNixena.it - Consegna mazzi di fiori, bouquet e piante a domicilio\",\"url\":\"https:\\\/\\\/floranixena.it\\\/fr\\\/\",\"logo\":{\"@type\":\"ImageObject\",\"inLanguage\":\"fr-FR\",\"@id\":\"https:\\\/\\\/floranixena.it\\\/fr\\\/#\\\/schema\\\/logo\\\/image\\\/\",\"url\":\"https:\\\/\\\/floranixena.it\\\/wp-content\\\/uploads\\\/2018\\\/11\\\/logo-fucsia.png\",\"contentUrl\":\"https:\\\/\\\/floranixena.it\\\/wp-content\\\/uploads\\\/2018\\\/11\\\/logo-fucsia.png\",\"width\":315,\"height\":81,\"caption\":\"FloraNixena.it - Consegna mazzi di fiori, bouquet e piante a domicilio\"},\"image\":{\"@id\":\"https:\\\/\\\/floranixena.it\\\/fr\\\/#\\\/schema\\\/logo\\\/image\\\/\"},\"sameAs\":[\"https:\\\/\\\/www.facebook.com\\\/FloraNixena\\\/\",\"https:\\\/\\\/www.instagram.com\\\/floranixena.it\\\/\",\"https:\\\/\\\/www.youtube.com\\\/channel\\\/UCAfCWXMBezO96jgPjiUgpkA\"],\"description\":\"Chi Siamo? FloraNixena \u00e8 il partner di fiducia per la consegna di fiori freschi a domicilio. Con anni di esperienza nel settore floreale, siamo dedicati a portare la bellezza e la freschezza dei fiori direttamente alla vostra porta. La Nostra Missione La nostra missione \u00e8 trasformare ogni occasione in un momento speciale attraverso la magia dei fiori. Crediamo che un bouquet possa dire pi\u00f9 di mille parole e lavoriamo instancabilmente per assicurarci che ogni consegna porti gioia, amore e bellezza. Cosa Offriamo? Fiori Freschi: Collaboriamo con i migliori fornitori locali per garantire che i nostri fiori siano sempre freschi e di alta qualit\u00e0. Consegna Rapida e Puntuale: Offriamo un servizio di consegna rapido e affidabile, con la possibilit\u00e0 di scegliere la fascia oraria che pi\u00f9 vi conviene. Ampia Selezione: Dalle rose classiche ai bouquet personalizzati, abbiamo una vasta gamma di opzioni per soddisfare ogni gusto e occasione. Assistenza Clienti: Il nostro team \u00e8 sempre a disposizione per assistervi nella scelta del bouquet perfetto e per garantire un'esperienza di acquisto senza intoppi. Perch\u00e9 Sceglierci? Qualit\u00e0 Garantita: Ogni bouquet \u00e8 realizzato con cura dai nostri esperti fioristi, garantendo che ogni composizione sia un'opera d'arte. Servizio Personalizzato: Che sia per un anniversario, un compleanno, una celebrazione o un momento di condoglianza, personalizziamo ogni ordine per rispondere alle vostre esigenze specifiche. Soddisfazione del Cliente: La vostra soddisfazione \u00e8 la nostra priorit\u00e0 assoluta. Facciamo tutto il possibile per assicurarci che ogni consegna superi le vostre aspettative.\",\"email\":\"amministrazione@floranixena.it\",\"telephone\":\"3806342394\",\"legalName\":\"Gaetano Votadoro\"}]}<\/script>\n<!-- \/ Yoast SEO Premium plugin. -->","yoast_head_json":{"title":"Bouquet de tulipes roses - FloraNixena - livraison de fleurs et de plantes","description":"Composition tulipes roses, envoyer des fleurs pour cadeau \u00e0 domicile pour souhaiter une gu\u00e9rison rapide, l\u2019amiti\u00e9, la fraternit\u00e9, les anniversaires.","robots":{"index":"index","follow":"follow","max-snippet":"max-snippet:-1","max-image-preview":"max-image-preview:large","max-video-preview":"max-video-preview:-1"},"canonical":"https:\/\/floranixena.it\/fr\/produit\/bouquet-tulipes-roses\/","og_locale":"fr_FR","og_type":"article","og_title":"Bouquet Tulipes Roses","og_description":"10 Tulipes roses  Gypsophila  Papier Kraft Vase non inclus","og_url":"https:\/\/floranixena.it\/fr\/produit\/bouquet-tulipes-roses\/","og_site_name":"FloraNixena - livraison de fleurs et de plantes","article_publisher":"https:\/\/www.facebook.com\/FloraNixena\/","og_image":[{"width":800,"height":800,"url":"https:\/\/floranixena.it\/wp-content\/uploads\/2019\/01\/Composizione-di-tulipani-e-Gypsophila-da-regalare-ad-unamica-per-un-compleanno-oppure-un-occasione-direttamente-da-inviare-online-con-consegna-a-domicilio-a-Venezia-Roma-Milano.jpg","type":"image\/jpeg"}],"twitter_card":"summary_large_image","twitter_misc":{"Dur\u00e9e de lecture estim\u00e9e":"1 minute"},"schema":{"@context":"https:\/\/schema.org","@graph":[{"@type":"WebPage","@id":"https:\/\/floranixena.it\/fr\/produit\/bouquet-tulipes-roses\/","url":"https:\/\/floranixena.it\/fr\/produit\/bouquet-tulipes-roses\/","name":"Bouquet de tulipes roses - FloraNixena - livraison de fleurs et de plantes","isPartOf":{"@id":"https:\/\/floranixena.it\/fr\/#website"},"primaryImageOfPage":{"@id":"https:\/\/floranixena.it\/fr\/produit\/bouquet-tulipes-roses\/#primaryimage"},"image":{"@id":"https:\/\/floranixena.it\/fr\/produit\/bouquet-tulipes-roses\/#primaryimage"},"thumbnailUrl":"https:\/\/floranixena.it\/wp-content\/uploads\/2019\/01\/Composizione-di-tulipani-e-Gypsophila-da-regalare-ad-unamica-per-un-compleanno-oppure-un-occasione-direttamente-da-inviare-online-con-consegna-a-domicilio-a-Venezia-Roma-Milano.jpg","datePublished":"2026-01-01T08:52:30+00:00","description":"Composition tulipes roses, envoyer des fleurs pour cadeau \u00e0 domicile pour souhaiter une gu\u00e9rison rapide, l\u2019amiti\u00e9, la fraternit\u00e9, les anniversaires.","breadcrumb":{"@id":"https:\/\/floranixena.it\/fr\/produit\/bouquet-tulipes-roses\/#breadcrumb"},"inLanguage":"fr-FR","potentialAction":[{"@type":"ReadAction","target":["https:\/\/floranixena.it\/fr\/produit\/bouquet-tulipes-roses\/"]}]},{"@type":"ImageObject","inLanguage":"fr-FR","@id":"https:\/\/floranixena.it\/fr\/produit\/bouquet-tulipes-roses\/#primaryimage","url":"https:\/\/floranixena.it\/wp-content\/uploads\/2019\/01\/Composizione-di-tulipani-e-Gypsophila-da-regalare-ad-unamica-per-un-compleanno-oppure-un-occasione-direttamente-da-inviare-online-con-consegna-a-domicilio-a-Venezia-Roma-Milano.jpg","contentUrl":"https:\/\/floranixena.it\/wp-content\/uploads\/2019\/01\/Composizione-di-tulipani-e-Gypsophila-da-regalare-ad-unamica-per-un-compleanno-oppure-un-occasione-direttamente-da-inviare-online-con-consegna-a-domicilio-a-Venezia-Roma-Milano.jpg","width":800,"height":800,"caption":"Un gesto gentile, avvolto in natura: il bouquet che parla con dolcezza."},{"@type":"BreadcrumbList","@id":"https:\/\/floranixena.it\/fr\/produit\/bouquet-tulipes-roses\/#breadcrumb","itemListElement":[{"@type":"ListItem","position":1,"name":"Home","item":"https:\/\/floranixena.it\/fr\/"},{"@type":"ListItem","position":2,"name":"Magasin","item":"https:\/\/floranixena.it\/fr\/magasin\/"},{"@type":"ListItem","position":3,"name":"Bouquet Tulipes Roses"}]},{"@type":"WebSite","@id":"https:\/\/floranixena.it\/fr\/#website","url":"https:\/\/floranixena.it\/fr\/","name":"FloraNixena - Consegna fiori a domicilio in Italia","description":"Invia fiori che raccontano storie","publisher":{"@id":"https:\/\/floranixena.it\/fr\/#organization"},"alternateName":"FloraNixena.it","potentialAction":[{"@type":"SearchAction","target":{"@type":"EntryPoint","urlTemplate":"https:\/\/floranixena.it\/fr\/?s={search_term_string}"},"query-input":{"@type":"PropertyValueSpecification","valueRequired":true,"valueName":"search_term_string"}}],"inLanguage":"fr-FR"},{"@type":"Organization","@id":"https:\/\/floranixena.it\/fr\/#organization","name":"FloraNixena.it - Consegna mazzi di fiori, bouquet e piante a domicilio","url":"https:\/\/floranixena.it\/fr\/","logo":{"@type":"ImageObject","inLanguage":"fr-FR","@id":"https:\/\/floranixena.it\/fr\/#\/schema\/logo\/image\/","url":"https:\/\/floranixena.it\/wp-content\/uploads\/2018\/11\/logo-fucsia.png","contentUrl":"https:\/\/floranixena.it\/wp-content\/uploads\/2018\/11\/logo-fucsia.png","width":315,"height":81,"caption":"FloraNixena.it - Consegna mazzi di fiori, bouquet e piante a domicilio"},"image":{"@id":"https:\/\/floranixena.it\/fr\/#\/schema\/logo\/image\/"},"sameAs":["https:\/\/www.facebook.com\/FloraNixena\/","https:\/\/www.instagram.com\/floranixena.it\/","https:\/\/www.youtube.com\/channel\/UCAfCWXMBezO96jgPjiUgpkA"],"description":"Chi Siamo? FloraNixena \u00e8 il partner di fiducia per la consegna di fiori freschi a domicilio. Con anni di esperienza nel settore floreale, siamo dedicati a portare la bellezza e la freschezza dei fiori direttamente alla vostra porta. La Nostra Missione La nostra missione \u00e8 trasformare ogni occasione in un momento speciale attraverso la magia dei fiori. Crediamo che un bouquet possa dire pi\u00f9 di mille parole e lavoriamo instancabilmente per assicurarci che ogni consegna porti gioia, amore e bellezza. Cosa Offriamo? Fiori Freschi: Collaboriamo con i migliori fornitori locali per garantire che i nostri fiori siano sempre freschi e di alta qualit\u00e0. Consegna Rapida e Puntuale: Offriamo un servizio di consegna rapido e affidabile, con la possibilit\u00e0 di scegliere la fascia oraria che pi\u00f9 vi conviene. Ampia Selezione: Dalle rose classiche ai bouquet personalizzati, abbiamo una vasta gamma di opzioni per soddisfare ogni gusto e occasione. Assistenza Clienti: Il nostro team \u00e8 sempre a disposizione per assistervi nella scelta del bouquet perfetto e per garantire un'esperienza di acquisto senza intoppi. Perch\u00e9 Sceglierci? Qualit\u00e0 Garantita: Ogni bouquet \u00e8 realizzato con cura dai nostri esperti fioristi, garantendo che ogni composizione sia un'opera d'arte. Servizio Personalizzato: Che sia per un anniversario, un compleanno, una celebrazione o un momento di condoglianza, personalizziamo ogni ordine per rispondere alle vostre esigenze specifiche. Soddisfazione del Cliente: La vostra soddisfazione \u00e8 la nostra priorit\u00e0 assoluta. Facciamo tutto il possibile per assicurarci che ogni consegna superi le vostre aspettative.","email":"amministrazione@floranixena.it","telephone":"3806342394","legalName":"Gaetano Votadoro"}]}},"_links":{"self":[{"href":"https:\/\/floranixena.it\/fr\/wp-json\/wp\/v2\/product\/18361","targetHints":{"allow":["GET"]}}],"collection":[{"href":"https:\/\/floranixena.it\/fr\/wp-json\/wp\/v2\/product"}],"about":[{"href":"https:\/\/floranixena.it\/fr\/wp-json\/wp\/v2\/types\/product"}],"replies":[{"embeddable":true,"href":"https:\/\/floranixena.it\/fr\/wp-json\/wp\/v2\/comments?post=18361"}],"wp:featuredmedia":[{"embeddable":true,"href":"https:\/\/floranixena.it\/fr\/wp-json\/wp\/v2\/media\/18362"}],"wp:attachment":[{"href":"https:\/\/floranixena.it\/fr\/wp-json\/wp\/v2\/media?parent=18361"}],"wp:term":[{"taxonomy":"product_brand","embeddable":true,"href":"https:\/\/floranixena.it\/fr\/wp-json\/wp\/v2\/product_brand?post=18361"},{"taxonomy":"product_cat","embeddable":true,"href":"https:\/\/floranixena.it\/fr\/wp-json\/wp\/v2\/product_cat?post=18361"},{"taxonomy":"product_tag","embeddable":true,"href":"https:\/\/floranixena.it\/fr\/wp-json\/wp\/v2\/product_tag?post=18361"}],"curies":[{"name":"wp","href":"https:\/\/api.w.org\/{rel}","templated":true}]}}