{"id":18340,"date":"2025-12-06T11:14:04","date_gmt":"2025-12-06T10:14:04","guid":{"rendered":"https:\/\/floranixena.it\/product\/paradis\/"},"modified":"2024-06-01T16:56:04","modified_gmt":"2024-06-01T14:56:04","slug":"paradis","status":"publish","type":"product","link":"https:\/\/floranixena.it\/fr\/produit\/paradis\/","title":{"rendered":"Paradis"},"content":{"rendered":"<p>Exprimer ses condol\u00e9ances pour une perte aussi pr\u00e9matur\u00e9e est un geste de profonde compassion et de respect. <strong>Notre composition fun\u00e8bre \u00ab\u00a0Paradis\u00a0\u00bb<\/strong> offre un moyen doux et significatif pour transmettre des sentiments de confort et de soutien dans les moments de deuil. Avec des roses et des lilas blancs, cette cr\u00e9ation florale offre un <a href=\"https:\/\/floranixena.it\/fr\/prodotto\/sono-con-te\/\" target=\"_blank\" rel=\"noopener\"><strong>hommage serein et paisible<\/strong><\/a> \u00e0 la m\u00e9moire de ceux qui sont partis trop t\u00f4t. <\/p>\n<p>La composition \u00ab\u00a0Paradis\u00a0\u00bb est un t\u00e9moignage de beaut\u00e9 et de gr\u00e2ce, con\u00e7u pour apporter un peu de r\u00e9confort pendant les p\u00e9riodes de tristesse et de douleur. Les <a href=\"https:\/\/floranixena.it\/fr\/prodotto\/mazzo-di-rose-rosa-fucsia\/\" target=\"_blank\" rel=\"noopener\"><strong>roses roses<\/strong><\/a>, avec leur couleur d\u00e9licate et leur parfum doux, repr\u00e9sentent l\u2019affection, la gr\u00e2ce et l\u2019amour \u00e9ternel. Les <strong><a href=\"https:\/\/floranixena.it\/prodotto\/mazzo-di-lilium-e-rose-arancio\/\" target=\"_blank\" rel=\"noopener\">liliums<\/a><\/strong> blancs, symbole d\u2019innocence et de puret\u00e9, ajoutent une touche de s\u00e9r\u00e9nit\u00e9 et de paix \u00e0 la composition. L\u2019ensemble de ces <strong><a href=\"https:\/\/floranixena.it\/fr\/prodotto\/blanc-perle\/\" target=\"_blank\" rel=\"noopener\">fleurs<\/a><\/strong> cr\u00e9e une harmonie visuelle et \u00e9motionnelle qui honore la m\u00e9moire du d\u00e9funt et offre un soutien \u00e0 ses proches.   <\/p>\n<p>En plus de sa beaut\u00e9 esth\u00e9tique, la composition \u00ab\u00a0Paradis\u00a0\u00bb est \u00e9galement un symbole tangible de solidarit\u00e9 et de compr\u00e9hension. Pr\u00e9senter cet hommage floral pendant la p\u00e9riode de deuil peut aider \u00e0 communiquer votre affection et votre respect pour le d\u00e9funt et sa famille. C\u2019est une fa\u00e7on tangible d\u2019exprimer des sentiments que les mots ont souvent du mal \u00e0 transmettre.  <\/p>\n<p>La composition \u00ab\u00a0Paradis\u00a0\u00bb est adapt\u00e9e pour \u00eatre pr\u00e9sent\u00e9e pendant les <a href=\"https:\/\/floranixena.it\/fr\/catalog\/funerailles\/\" target=\"_blank\" rel=\"noopener\"><strong>fun\u00e9railles<\/strong><\/a>, les c\u00e9r\u00e9monies comm\u00e9moratives ou m\u00eame comme geste de soutien apr\u00e8s le service fun\u00e8bre. Elle peut \u00eatre envoy\u00e9e directement \u00e0 la famille du d\u00e9funt ou remise personnellement en signe de participation et d\u2019affection. <\/p>\n<p>Dans les moments de douleur et de perte, trouver les bons mots peut \u00eatre difficile. Avec des roses et des liliums blancs, cette cr\u00e9ation florale est un hommage serein \u00e0 la m\u00e9moire du d\u00e9funt et un geste de compassion envers ses proches. <\/p>\n","protected":false},"excerpt":{"rendered":"<ul>\n<li>5 Lilium blanc pur<\/li>\n<li>6 Roses Roses<\/li>\n<li>Vert d\u00e9coratif<\/li>\n<li>Emball\u00e9 avec soin<\/li>\n<li><strong>Livraison gratuite<\/strong><\/li>\n<\/ul>\n<p>Vase non inclus<\/p>\n","protected":false},"featured_media":18341,"comment_status":"open","ping_status":"closed","template":"","meta":[],"product_brand":[],"product_cat":[3260,3904],"product_tag":[3911,3908,3910,4015,3909,3907,3906,3912,3833],"class_list":{"0":"post-18340","1":"product","2":"type-product","3":"status-publish","4":"has-post-thumbnail","6":"product_cat-fete-de-la-femme","7":"product_cat-funerailles","8":"product_tag-banderole-funeraire-blanche","9":"product_tag-cimetiere","10":"product_tag-condoleances","11":"product_tag-deces-dune-jeune-personne","12":"product_tag-eglise","13":"product_tag-fleurs-pour-le-deuil","14":"product_tag-funerailles","15":"product_tag-lilium-blanc","16":"product_tag-roses-roses","18":"first","19":"instock","20":"shipping-taxable","21":"purchasable","22":"product-type-simple"},"yoast_head":"<!-- This site is optimized with the Yoast SEO Premium plugin v27.4 (Yoast SEO v27.4) - https:\/\/yoast.com\/product\/yoast-seo-premium-wordpress\/ -->\n<title>Composition avec lilium et roses - FloraNixena livraison de fleurs<\/title>\n<meta name=\"description\" content=\"Fleurs pour le deuil avec lilium blanc et roses. Indiqu\u00e9 pour envoyer vos condol\u00e9ances pour la mort d\u2019un jeune. Livraison aussi \u00e0 l\u2019\u00e9glise.\" \/>\n<meta name=\"robots\" content=\"index, follow, max-snippet:-1, max-image-preview:large, max-video-preview:-1\" \/>\n<link rel=\"canonical\" href=\"https:\/\/floranixena.it\/fr\/produit\/paradis\/\" \/>\n<meta property=\"og:locale\" content=\"fr_FR\" \/>\n<meta property=\"og:type\" content=\"article\" \/>\n<meta property=\"og:title\" content=\"Paradis\" \/>\n<meta property=\"og:description\" content=\"5 Lilium blanc pur  6 Roses Roses  Vert d\u00e9coratif  Emball\u00e9 avec soin  Livraison gratuite Vase non inclus\" \/>\n<meta property=\"og:url\" content=\"https:\/\/floranixena.it\/fr\/produit\/paradis\/\" \/>\n<meta property=\"og:site_name\" content=\"FloraNixena - livraison de fleurs et de plantes\" \/>\n<meta property=\"article:publisher\" content=\"https:\/\/www.facebook.com\/FloraNixena\/\" \/>\n<meta property=\"og:image\" content=\"https:\/\/floranixena.it\/wp-content\/uploads\/2019\/05\/arrangiamento-funebre-con-lilium-bianco-e-rose-rosa-onsegnare-in-chiesa-per-il-funerale-di-una-persona-giovante-oppure-a-domicilio-a-Napoli-venezia-torino-roma-milano.jpg\" \/>\n\t<meta property=\"og:image:width\" content=\"800\" \/>\n\t<meta property=\"og:image:height\" content=\"800\" \/>\n\t<meta property=\"og:image:type\" content=\"image\/jpeg\" \/>\n<meta name=\"twitter:card\" content=\"summary_large_image\" \/>\n<meta name=\"twitter:label1\" content=\"Dur\u00e9e de lecture estim\u00e9e\" \/>\n\t<meta name=\"twitter:data1\" content=\"2 minutes\" \/>\n<script type=\"application\/ld+json\" class=\"yoast-schema-graph\">{\"@context\":\"https:\\\/\\\/schema.org\",\"@graph\":[{\"@type\":\"WebPage\",\"@id\":\"https:\\\/\\\/floranixena.it\\\/fr\\\/produit\\\/paradis\\\/\",\"url\":\"https:\\\/\\\/floranixena.it\\\/fr\\\/produit\\\/paradis\\\/\",\"name\":\"Composition avec lilium et roses - FloraNixena livraison de fleurs\",\"isPartOf\":{\"@id\":\"https:\\\/\\\/floranixena.it\\\/fr\\\/#website\"},\"primaryImageOfPage\":{\"@id\":\"https:\\\/\\\/floranixena.it\\\/fr\\\/produit\\\/paradis\\\/#primaryimage\"},\"image\":{\"@id\":\"https:\\\/\\\/floranixena.it\\\/fr\\\/produit\\\/paradis\\\/#primaryimage\"},\"thumbnailUrl\":\"https:\\\/\\\/floranixena.it\\\/wp-content\\\/uploads\\\/2019\\\/05\\\/arrangiamento-funebre-con-lilium-bianco-e-rose-rosa-onsegnare-in-chiesa-per-il-funerale-di-una-persona-giovante-oppure-a-domicilio-a-Napoli-venezia-torino-roma-milano.jpg\",\"datePublished\":\"2025-12-06T10:14:04+00:00\",\"description\":\"Fleurs pour le deuil avec lilium blanc et roses. Indiqu\u00e9 pour envoyer vos condol\u00e9ances pour la mort d\u2019un jeune. Livraison aussi \u00e0 l\u2019\u00e9glise.\",\"breadcrumb\":{\"@id\":\"https:\\\/\\\/floranixena.it\\\/fr\\\/produit\\\/paradis\\\/#breadcrumb\"},\"inLanguage\":\"fr-FR\",\"potentialAction\":[{\"@type\":\"ReadAction\",\"target\":[\"https:\\\/\\\/floranixena.it\\\/fr\\\/produit\\\/paradis\\\/\"]}]},{\"@type\":\"ImageObject\",\"inLanguage\":\"fr-FR\",\"@id\":\"https:\\\/\\\/floranixena.it\\\/fr\\\/produit\\\/paradis\\\/#primaryimage\",\"url\":\"https:\\\/\\\/floranixena.it\\\/wp-content\\\/uploads\\\/2019\\\/05\\\/arrangiamento-funebre-con-lilium-bianco-e-rose-rosa-onsegnare-in-chiesa-per-il-funerale-di-una-persona-giovante-oppure-a-domicilio-a-Napoli-venezia-torino-roma-milano.jpg\",\"contentUrl\":\"https:\\\/\\\/floranixena.it\\\/wp-content\\\/uploads\\\/2019\\\/05\\\/arrangiamento-funebre-con-lilium-bianco-e-rose-rosa-onsegnare-in-chiesa-per-il-funerale-di-una-persona-giovante-oppure-a-domicilio-a-Napoli-venezia-torino-roma-milano.jpg\",\"width\":800,\"height\":800,\"caption\":\"Composizione funebre con Lilium bianco e rose rosa\"},{\"@type\":\"BreadcrumbList\",\"@id\":\"https:\\\/\\\/floranixena.it\\\/fr\\\/produit\\\/paradis\\\/#breadcrumb\",\"itemListElement\":[{\"@type\":\"ListItem\",\"position\":1,\"name\":\"Home\",\"item\":\"https:\\\/\\\/floranixena.it\\\/fr\\\/\"},{\"@type\":\"ListItem\",\"position\":2,\"name\":\"Magasin\",\"item\":\"https:\\\/\\\/floranixena.it\\\/fr\\\/magasin\\\/\"},{\"@type\":\"ListItem\",\"position\":3,\"name\":\"Paradis\"}]},{\"@type\":\"WebSite\",\"@id\":\"https:\\\/\\\/floranixena.it\\\/fr\\\/#website\",\"url\":\"https:\\\/\\\/floranixena.it\\\/fr\\\/\",\"name\":\"FloraNixena - Consegna fiori a domicilio in Italia\",\"description\":\"Invia fiori che raccontano storie\",\"publisher\":{\"@id\":\"https:\\\/\\\/floranixena.it\\\/fr\\\/#organization\"},\"alternateName\":\"FloraNixena.it\",\"potentialAction\":[{\"@type\":\"SearchAction\",\"target\":{\"@type\":\"EntryPoint\",\"urlTemplate\":\"https:\\\/\\\/floranixena.it\\\/fr\\\/?s={search_term_string}\"},\"query-input\":{\"@type\":\"PropertyValueSpecification\",\"valueRequired\":true,\"valueName\":\"search_term_string\"}}],\"inLanguage\":\"fr-FR\"},{\"@type\":\"Organization\",\"@id\":\"https:\\\/\\\/floranixena.it\\\/fr\\\/#organization\",\"name\":\"FloraNixena.it - Consegna mazzi di fiori, bouquet e piante a domicilio\",\"url\":\"https:\\\/\\\/floranixena.it\\\/fr\\\/\",\"logo\":{\"@type\":\"ImageObject\",\"inLanguage\":\"fr-FR\",\"@id\":\"https:\\\/\\\/floranixena.it\\\/fr\\\/#\\\/schema\\\/logo\\\/image\\\/\",\"url\":\"https:\\\/\\\/floranixena.it\\\/wp-content\\\/uploads\\\/2018\\\/11\\\/logo-fucsia.png\",\"contentUrl\":\"https:\\\/\\\/floranixena.it\\\/wp-content\\\/uploads\\\/2018\\\/11\\\/logo-fucsia.png\",\"width\":315,\"height\":81,\"caption\":\"FloraNixena.it - Consegna mazzi di fiori, bouquet e piante a domicilio\"},\"image\":{\"@id\":\"https:\\\/\\\/floranixena.it\\\/fr\\\/#\\\/schema\\\/logo\\\/image\\\/\"},\"sameAs\":[\"https:\\\/\\\/www.facebook.com\\\/FloraNixena\\\/\",\"https:\\\/\\\/www.instagram.com\\\/floranixena.it\\\/\",\"https:\\\/\\\/www.youtube.com\\\/channel\\\/UCAfCWXMBezO96jgPjiUgpkA\"],\"description\":\"Chi Siamo? FloraNixena \u00e8 il partner di fiducia per la consegna di fiori freschi a domicilio. Con anni di esperienza nel settore floreale, siamo dedicati a portare la bellezza e la freschezza dei fiori direttamente alla vostra porta. La Nostra Missione La nostra missione \u00e8 trasformare ogni occasione in un momento speciale attraverso la magia dei fiori. Crediamo che un bouquet possa dire pi\u00f9 di mille parole e lavoriamo instancabilmente per assicurarci che ogni consegna porti gioia, amore e bellezza. Cosa Offriamo? Fiori Freschi: Collaboriamo con i migliori fornitori locali per garantire che i nostri fiori siano sempre freschi e di alta qualit\u00e0. Consegna Rapida e Puntuale: Offriamo un servizio di consegna rapido e affidabile, con la possibilit\u00e0 di scegliere la fascia oraria che pi\u00f9 vi conviene. Ampia Selezione: Dalle rose classiche ai bouquet personalizzati, abbiamo una vasta gamma di opzioni per soddisfare ogni gusto e occasione. Assistenza Clienti: Il nostro team \u00e8 sempre a disposizione per assistervi nella scelta del bouquet perfetto e per garantire un'esperienza di acquisto senza intoppi. Perch\u00e9 Sceglierci? Qualit\u00e0 Garantita: Ogni bouquet \u00e8 realizzato con cura dai nostri esperti fioristi, garantendo che ogni composizione sia un'opera d'arte. Servizio Personalizzato: Che sia per un anniversario, un compleanno, una celebrazione o un momento di condoglianza, personalizziamo ogni ordine per rispondere alle vostre esigenze specifiche. Soddisfazione del Cliente: La vostra soddisfazione \u00e8 la nostra priorit\u00e0 assoluta. Facciamo tutto il possibile per assicurarci che ogni consegna superi le vostre aspettative.\",\"email\":\"amministrazione@floranixena.it\",\"telephone\":\"3806342394\",\"legalName\":\"Gaetano Votadoro\"}]}<\/script>\n<!-- \/ Yoast SEO Premium plugin. -->","yoast_head_json":{"title":"Composition avec lilium et roses - FloraNixena livraison de fleurs","description":"Fleurs pour le deuil avec lilium blanc et roses. Indiqu\u00e9 pour envoyer vos condol\u00e9ances pour la mort d\u2019un jeune. Livraison aussi \u00e0 l\u2019\u00e9glise.","robots":{"index":"index","follow":"follow","max-snippet":"max-snippet:-1","max-image-preview":"max-image-preview:large","max-video-preview":"max-video-preview:-1"},"canonical":"https:\/\/floranixena.it\/fr\/produit\/paradis\/","og_locale":"fr_FR","og_type":"article","og_title":"Paradis","og_description":"5 Lilium blanc pur  6 Roses Roses  Vert d\u00e9coratif  Emball\u00e9 avec soin  Livraison gratuite Vase non inclus","og_url":"https:\/\/floranixena.it\/fr\/produit\/paradis\/","og_site_name":"FloraNixena - livraison de fleurs et de plantes","article_publisher":"https:\/\/www.facebook.com\/FloraNixena\/","og_image":[{"width":800,"height":800,"url":"https:\/\/floranixena.it\/wp-content\/uploads\/2019\/05\/arrangiamento-funebre-con-lilium-bianco-e-rose-rosa-onsegnare-in-chiesa-per-il-funerale-di-una-persona-giovante-oppure-a-domicilio-a-Napoli-venezia-torino-roma-milano.jpg","type":"image\/jpeg"}],"twitter_card":"summary_large_image","twitter_misc":{"Dur\u00e9e de lecture estim\u00e9e":"2 minutes"},"schema":{"@context":"https:\/\/schema.org","@graph":[{"@type":"WebPage","@id":"https:\/\/floranixena.it\/fr\/produit\/paradis\/","url":"https:\/\/floranixena.it\/fr\/produit\/paradis\/","name":"Composition avec lilium et roses - FloraNixena livraison de fleurs","isPartOf":{"@id":"https:\/\/floranixena.it\/fr\/#website"},"primaryImageOfPage":{"@id":"https:\/\/floranixena.it\/fr\/produit\/paradis\/#primaryimage"},"image":{"@id":"https:\/\/floranixena.it\/fr\/produit\/paradis\/#primaryimage"},"thumbnailUrl":"https:\/\/floranixena.it\/wp-content\/uploads\/2019\/05\/arrangiamento-funebre-con-lilium-bianco-e-rose-rosa-onsegnare-in-chiesa-per-il-funerale-di-una-persona-giovante-oppure-a-domicilio-a-Napoli-venezia-torino-roma-milano.jpg","datePublished":"2025-12-06T10:14:04+00:00","description":"Fleurs pour le deuil avec lilium blanc et roses. Indiqu\u00e9 pour envoyer vos condol\u00e9ances pour la mort d\u2019un jeune. Livraison aussi \u00e0 l\u2019\u00e9glise.","breadcrumb":{"@id":"https:\/\/floranixena.it\/fr\/produit\/paradis\/#breadcrumb"},"inLanguage":"fr-FR","potentialAction":[{"@type":"ReadAction","target":["https:\/\/floranixena.it\/fr\/produit\/paradis\/"]}]},{"@type":"ImageObject","inLanguage":"fr-FR","@id":"https:\/\/floranixena.it\/fr\/produit\/paradis\/#primaryimage","url":"https:\/\/floranixena.it\/wp-content\/uploads\/2019\/05\/arrangiamento-funebre-con-lilium-bianco-e-rose-rosa-onsegnare-in-chiesa-per-il-funerale-di-una-persona-giovante-oppure-a-domicilio-a-Napoli-venezia-torino-roma-milano.jpg","contentUrl":"https:\/\/floranixena.it\/wp-content\/uploads\/2019\/05\/arrangiamento-funebre-con-lilium-bianco-e-rose-rosa-onsegnare-in-chiesa-per-il-funerale-di-una-persona-giovante-oppure-a-domicilio-a-Napoli-venezia-torino-roma-milano.jpg","width":800,"height":800,"caption":"Composizione funebre con Lilium bianco e rose rosa"},{"@type":"BreadcrumbList","@id":"https:\/\/floranixena.it\/fr\/produit\/paradis\/#breadcrumb","itemListElement":[{"@type":"ListItem","position":1,"name":"Home","item":"https:\/\/floranixena.it\/fr\/"},{"@type":"ListItem","position":2,"name":"Magasin","item":"https:\/\/floranixena.it\/fr\/magasin\/"},{"@type":"ListItem","position":3,"name":"Paradis"}]},{"@type":"WebSite","@id":"https:\/\/floranixena.it\/fr\/#website","url":"https:\/\/floranixena.it\/fr\/","name":"FloraNixena - Consegna fiori a domicilio in Italia","description":"Invia fiori che raccontano storie","publisher":{"@id":"https:\/\/floranixena.it\/fr\/#organization"},"alternateName":"FloraNixena.it","potentialAction":[{"@type":"SearchAction","target":{"@type":"EntryPoint","urlTemplate":"https:\/\/floranixena.it\/fr\/?s={search_term_string}"},"query-input":{"@type":"PropertyValueSpecification","valueRequired":true,"valueName":"search_term_string"}}],"inLanguage":"fr-FR"},{"@type":"Organization","@id":"https:\/\/floranixena.it\/fr\/#organization","name":"FloraNixena.it - Consegna mazzi di fiori, bouquet e piante a domicilio","url":"https:\/\/floranixena.it\/fr\/","logo":{"@type":"ImageObject","inLanguage":"fr-FR","@id":"https:\/\/floranixena.it\/fr\/#\/schema\/logo\/image\/","url":"https:\/\/floranixena.it\/wp-content\/uploads\/2018\/11\/logo-fucsia.png","contentUrl":"https:\/\/floranixena.it\/wp-content\/uploads\/2018\/11\/logo-fucsia.png","width":315,"height":81,"caption":"FloraNixena.it - Consegna mazzi di fiori, bouquet e piante a domicilio"},"image":{"@id":"https:\/\/floranixena.it\/fr\/#\/schema\/logo\/image\/"},"sameAs":["https:\/\/www.facebook.com\/FloraNixena\/","https:\/\/www.instagram.com\/floranixena.it\/","https:\/\/www.youtube.com\/channel\/UCAfCWXMBezO96jgPjiUgpkA"],"description":"Chi Siamo? FloraNixena \u00e8 il partner di fiducia per la consegna di fiori freschi a domicilio. Con anni di esperienza nel settore floreale, siamo dedicati a portare la bellezza e la freschezza dei fiori direttamente alla vostra porta. La Nostra Missione La nostra missione \u00e8 trasformare ogni occasione in un momento speciale attraverso la magia dei fiori. Crediamo che un bouquet possa dire pi\u00f9 di mille parole e lavoriamo instancabilmente per assicurarci che ogni consegna porti gioia, amore e bellezza. Cosa Offriamo? Fiori Freschi: Collaboriamo con i migliori fornitori locali per garantire che i nostri fiori siano sempre freschi e di alta qualit\u00e0. Consegna Rapida e Puntuale: Offriamo un servizio di consegna rapido e affidabile, con la possibilit\u00e0 di scegliere la fascia oraria che pi\u00f9 vi conviene. Ampia Selezione: Dalle rose classiche ai bouquet personalizzati, abbiamo una vasta gamma di opzioni per soddisfare ogni gusto e occasione. Assistenza Clienti: Il nostro team \u00e8 sempre a disposizione per assistervi nella scelta del bouquet perfetto e per garantire un'esperienza di acquisto senza intoppi. Perch\u00e9 Sceglierci? Qualit\u00e0 Garantita: Ogni bouquet \u00e8 realizzato con cura dai nostri esperti fioristi, garantendo che ogni composizione sia un'opera d'arte. Servizio Personalizzato: Che sia per un anniversario, un compleanno, una celebrazione o un momento di condoglianza, personalizziamo ogni ordine per rispondere alle vostre esigenze specifiche. Soddisfazione del Cliente: La vostra soddisfazione \u00e8 la nostra priorit\u00e0 assoluta. Facciamo tutto il possibile per assicurarci che ogni consegna superi le vostre aspettative.","email":"amministrazione@floranixena.it","telephone":"3806342394","legalName":"Gaetano Votadoro"}]}},"_links":{"self":[{"href":"https:\/\/floranixena.it\/fr\/wp-json\/wp\/v2\/product\/18340","targetHints":{"allow":["GET"]}}],"collection":[{"href":"https:\/\/floranixena.it\/fr\/wp-json\/wp\/v2\/product"}],"about":[{"href":"https:\/\/floranixena.it\/fr\/wp-json\/wp\/v2\/types\/product"}],"replies":[{"embeddable":true,"href":"https:\/\/floranixena.it\/fr\/wp-json\/wp\/v2\/comments?post=18340"}],"wp:featuredmedia":[{"embeddable":true,"href":"https:\/\/floranixena.it\/fr\/wp-json\/wp\/v2\/media\/18341"}],"wp:attachment":[{"href":"https:\/\/floranixena.it\/fr\/wp-json\/wp\/v2\/media?parent=18340"}],"wp:term":[{"taxonomy":"product_brand","embeddable":true,"href":"https:\/\/floranixena.it\/fr\/wp-json\/wp\/v2\/product_brand?post=18340"},{"taxonomy":"product_cat","embeddable":true,"href":"https:\/\/floranixena.it\/fr\/wp-json\/wp\/v2\/product_cat?post=18340"},{"taxonomy":"product_tag","embeddable":true,"href":"https:\/\/floranixena.it\/fr\/wp-json\/wp\/v2\/product_tag?post=18340"}],"curies":[{"name":"wp","href":"https:\/\/api.w.org\/{rel}","templated":true}]}}