{"id":18321,"date":"2025-12-06T11:30:01","date_gmt":"2025-12-06T10:30:01","guid":{"rendered":"https:\/\/floranixena.it\/product\/granger\/"},"modified":"2025-09-19T09:48:31","modified_gmt":"2025-09-19T07:48:31","slug":"granger","status":"publish","type":"product","link":"https:\/\/floranixena.it\/fr\/produit\/granger\/","title":{"rendered":"Granger"},"content":{"rendered":"<p>Lorsque vous choisissez d\u2019envoyer un <strong>bouquet de gerberas rose et oeillets<\/strong> en cadeau, vous envoyez bien plus que des fleurs. Vous envoyez un message de <a href=\"https:\/\/floranixena.it\/prodotto\/bouquet-di-gerbere\/\" target=\"_blank\" rel=\"noopener\"><strong>joie et d&rsquo;optimisme<\/strong><\/a>, qui fera certainement sourire quiconque recevra ce magnifique cadeau naturel. <\/p>\n<p>Les gerberas sont parmi les fleurs les plus charmantes et joyeuses, parfaites pour transmettre la joie et le bonheur en toute occasion sp\u00e9ciale. Avec leur <em><strong>variet\u00e9 vibrante de couleurs<\/strong><\/em>, les gerberas et les \u0153illets roses brillent dans le monde des fleurs comme des symboles de joie et de positivit\u00e9. <\/p>\n<p>Ces magnifiques fleurs ajoutent non seulement de la couleur et de la beaut\u00e9 \u00e0 n\u2019importe quel environnement, mais elles ont \u00e9galement une signification profonde qui remonte \u00e0 l\u2019\u00e9poque victorienne. La gerbera marguerite, en particulier, symbolise le bonheur pur. Imaginez sa forme \u00e9l\u00e9gante qui semble accueillir les rayons du soleil et rayonne de joie dans toutes les directions. C\u2019est pr\u00e9cis\u00e9ment la raison pour laquelle les gerberas sont si aim\u00e9s et appr\u00e9ci\u00e9s lorsqu\u2019il s\u2019agit de donner des \u00e9motions positives.   <\/p>\n<p>Que vous c\u00e9l\u00e9briez un anniversaire, une <a href=\"https:\/\/floranixena.it\/fr\/prodotto\/bouquet-di-calle-bianche-e-rose\/\" target=\"_blank\" rel=\"noopener\"><strong>c\u00e9r\u00e9monie<\/strong><\/a> ou que vous souhaitiez simplement remonter le moral de quelqu\u2019un, les gerberas roses et ros\u00e9s sont un choix parfait. Leur vivacit\u00e9 et leur signification font de chaque bouquet un message lumineux d&rsquo;<a href=\"https:\/\/floranixena.it\/prodotto\/composizione-funebre-con-rose-e-lilium\/\" target=\"_blank\" rel=\"noopener\"><strong>affection et de bonheur<\/strong><\/a>. <\/p>\n<p>Dans votre panier, vous pouvez s\u00e9lectionner la <strong>date de livraison<\/strong> qui convient le mieux \u00e0 l\u2019occasion. Qu\u2019il s\u2019agisse d\u2019un \u00e9v\u00e9nement sp\u00e9cial ou d\u2019un simple geste d\u2019affection, votre message personnel accompagnera ce cadeau floral, le rendant encore plus significatif. <\/p>\n<p>En r\u00e9sum\u00e9, les gerberas roses et les oeillets ne connaissent pas de limites pour r\u00e9pandre des sourires. Chaque p\u00e9tale contient un peu de cette <a href=\"https:\/\/floranixena.it\/fr\/prodotto\/scarlett\/\" target=\"_blank\" rel=\"noopener\"><strong>joie pure<\/strong><\/a> qui rend sp\u00e9cial chaque moment partag\u00e9. Choisissez les gerberas pour leur splendeur et leur signification intrins\u00e8que de bonheur, et laissez votre pens\u00e9e atteindre le <strong>coeur<\/strong> de ceux que vous aimez.  <\/p>\n","protected":false},"excerpt":{"rendered":"<ul>\n<li>6 Gerberas roses<\/li>\n<li>6 Oeillets fuchsia<\/li>\n<li>Hypericum rouge<\/li>\n<li>Vert d\u00e9coratif<\/li>\n<\/ul>\n<p>Vase non inclus<\/p>\n","protected":false},"featured_media":18322,"comment_status":"open","ping_status":"closed","template":"","meta":[],"product_brand":[],"product_cat":[3258,3441,3693,3976,3698,3440,3283,3285,3256,3267,3303,3269,3287,3260,3263,3835,3272,3275,3255,3958,3262,3691,3284,4003,3442,3266,3286,3288],"product_tag":[4610,4608,3905,4609,3692],"class_list":{"0":"post-18321","1":"product","2":"type-product","3":"status-publish","4":"has-post-thumbnail","6":"product_cat-1-anniversaire-mariage-de-coton","7":"product_cat-10-anniversaire-mariage-detain","8":"product_cat-25-anniversaire-mariage-en-argent","9":"product_cat-30-anniversaire-mariage-de-perles","10":"product_cat-40eme-anniversaire-mariage-demeraude","11":"product_cat-5-anniversaire-mariage-en-soie","12":"product_cat-50eme-anniversaire-mariage-en-or","13":"product_cat-amitie","14":"product_cat-anniversaire","15":"product_cat-comme-un-admirateur-secret","16":"product_cat-diplomes","17":"product_cat-excuses","18":"product_cat-felicitations","19":"product_cat-fete-de-la-femme","20":"product_cat-fete-des-meres","21":"product_cat-fete-des-peres","22":"product_cat-fleurs-dete","23":"product_cat-fleurs-de-printemps","24":"product_cat-fleurs-pour-les-evenements","25":"product_cat-gerberas-fr","26":"product_cat-jour-du-nom","27":"product_cat-naissances","28":"product_cat-occasion-fr","29":"product_cat-oeillets","30":"product_cat-paques","31":"product_cat-pour-la-femme-ou-la-fiancee-fr","32":"product_cat-pour-les-couples-gays","33":"product_cat-pour-remercier-quelquun","34":"product_tag-bonheur-et-joie","35":"product_tag-bouquet-de-fleurs-fr","36":"product_tag-gerberas-fr","37":"product_tag-livraison-a-domicile","38":"product_tag-marguerites","40":"first","41":"instock","42":"shipping-taxable","43":"purchasable","44":"product-type-simple"},"yoast_head":"<!-- This site is optimized with the Yoast SEO Premium plugin v27.4 (Yoast SEO v27.4) - https:\/\/yoast.com\/product\/yoast-seo-premium-wordpress\/ -->\n<title>Bouquet de gerberas et oeillets -<\/title>\n<meta name=\"description\" content=\"Bouquet de gerberas et oeillets, \u00e0 envoyer \u00e0 la personne ch\u00e8re, plein de joie gr\u00e2ce aux gerberas et une dentelle de simplicit\u00e9 avec le statice.\" \/>\n<meta name=\"robots\" content=\"index, follow, max-snippet:-1, max-image-preview:large, max-video-preview:-1\" \/>\n<link rel=\"canonical\" href=\"https:\/\/floranixena.it\/fr\/produit\/granger\/\" \/>\n<meta property=\"og:locale\" content=\"fr_FR\" \/>\n<meta property=\"og:type\" content=\"article\" \/>\n<meta property=\"og:title\" content=\"Granger\" \/>\n<meta property=\"og:description\" content=\"6 Gerberas roses  6 Oeillets fuchsia  Hypericum rouge  Vert d\u00e9coratif Vase non inclus\" \/>\n<meta property=\"og:url\" content=\"https:\/\/floranixena.it\/fr\/produit\/granger\/\" \/>\n<meta property=\"og:site_name\" content=\"FloraNixena - livraison de fleurs et de plantes\" \/>\n<meta property=\"article:publisher\" content=\"https:\/\/www.facebook.com\/FloraNixena\/\" \/>\n<meta property=\"og:image\" content=\"https:\/\/floranixena.it\/wp-content\/uploads\/2019\/05\/Bouquet-di-gerbere-rosa-e-fucsia-da-inviare-a-domicilio-per-compleanno-occasioni-feste-di-laurea-addio-al-celibato.-Fiori-economici-online.jpg\" \/>\n\t<meta property=\"og:image:width\" content=\"800\" \/>\n\t<meta property=\"og:image:height\" content=\"800\" \/>\n\t<meta property=\"og:image:type\" content=\"image\/jpeg\" \/>\n<meta name=\"twitter:card\" content=\"summary_large_image\" \/>\n<meta name=\"twitter:label1\" content=\"Dur\u00e9e de lecture estim\u00e9e\" \/>\n\t<meta name=\"twitter:data1\" content=\"2 minutes\" \/>\n<script type=\"application\/ld+json\" class=\"yoast-schema-graph\">{\"@context\":\"https:\\\/\\\/schema.org\",\"@graph\":[{\"@type\":\"WebPage\",\"@id\":\"https:\\\/\\\/floranixena.it\\\/fr\\\/produit\\\/granger\\\/\",\"url\":\"https:\\\/\\\/floranixena.it\\\/fr\\\/produit\\\/granger\\\/\",\"name\":\"Bouquet de gerberas et oeillets -\",\"isPartOf\":{\"@id\":\"https:\\\/\\\/floranixena.it\\\/fr\\\/#website\"},\"primaryImageOfPage\":{\"@id\":\"https:\\\/\\\/floranixena.it\\\/fr\\\/produit\\\/granger\\\/#primaryimage\"},\"image\":{\"@id\":\"https:\\\/\\\/floranixena.it\\\/fr\\\/produit\\\/granger\\\/#primaryimage\"},\"thumbnailUrl\":\"https:\\\/\\\/floranixena.it\\\/wp-content\\\/uploads\\\/2019\\\/05\\\/Bouquet-di-gerbere-rosa-e-fucsia-da-inviare-a-domicilio-per-compleanno-occasioni-feste-di-laurea-addio-al-celibato.-Fiori-economici-online.jpg\",\"datePublished\":\"2025-12-06T10:30:01+00:00\",\"description\":\"Bouquet de gerberas et oeillets, \u00e0 envoyer \u00e0 la personne ch\u00e8re, plein de joie gr\u00e2ce aux gerberas et une dentelle de simplicit\u00e9 avec le statice.\",\"breadcrumb\":{\"@id\":\"https:\\\/\\\/floranixena.it\\\/fr\\\/produit\\\/granger\\\/#breadcrumb\"},\"inLanguage\":\"fr-FR\",\"potentialAction\":[{\"@type\":\"ReadAction\",\"target\":[\"https:\\\/\\\/floranixena.it\\\/fr\\\/produit\\\/granger\\\/\"]}]},{\"@type\":\"ImageObject\",\"inLanguage\":\"fr-FR\",\"@id\":\"https:\\\/\\\/floranixena.it\\\/fr\\\/produit\\\/granger\\\/#primaryimage\",\"url\":\"https:\\\/\\\/floranixena.it\\\/wp-content\\\/uploads\\\/2019\\\/05\\\/Bouquet-di-gerbere-rosa-e-fucsia-da-inviare-a-domicilio-per-compleanno-occasioni-feste-di-laurea-addio-al-celibato.-Fiori-economici-online.jpg\",\"contentUrl\":\"https:\\\/\\\/floranixena.it\\\/wp-content\\\/uploads\\\/2019\\\/05\\\/Bouquet-di-gerbere-rosa-e-fucsia-da-inviare-a-domicilio-per-compleanno-occasioni-feste-di-laurea-addio-al-celibato.-Fiori-economici-online.jpg\",\"width\":800,\"height\":800,\"caption\":\"vendita di gerbere e garofani rosa\"},{\"@type\":\"BreadcrumbList\",\"@id\":\"https:\\\/\\\/floranixena.it\\\/fr\\\/produit\\\/granger\\\/#breadcrumb\",\"itemListElement\":[{\"@type\":\"ListItem\",\"position\":1,\"name\":\"Home\",\"item\":\"https:\\\/\\\/floranixena.it\\\/fr\\\/\"},{\"@type\":\"ListItem\",\"position\":2,\"name\":\"Magasin\",\"item\":\"https:\\\/\\\/floranixena.it\\\/fr\\\/magasin\\\/\"},{\"@type\":\"ListItem\",\"position\":3,\"name\":\"Granger\"}]},{\"@type\":\"WebSite\",\"@id\":\"https:\\\/\\\/floranixena.it\\\/fr\\\/#website\",\"url\":\"https:\\\/\\\/floranixena.it\\\/fr\\\/\",\"name\":\"FloraNixena - Consegna fiori a domicilio in Italia\",\"description\":\"Invia fiori che raccontano storie\",\"publisher\":{\"@id\":\"https:\\\/\\\/floranixena.it\\\/fr\\\/#organization\"},\"alternateName\":\"FloraNixena.it\",\"potentialAction\":[{\"@type\":\"SearchAction\",\"target\":{\"@type\":\"EntryPoint\",\"urlTemplate\":\"https:\\\/\\\/floranixena.it\\\/fr\\\/?s={search_term_string}\"},\"query-input\":{\"@type\":\"PropertyValueSpecification\",\"valueRequired\":true,\"valueName\":\"search_term_string\"}}],\"inLanguage\":\"fr-FR\"},{\"@type\":\"Organization\",\"@id\":\"https:\\\/\\\/floranixena.it\\\/fr\\\/#organization\",\"name\":\"FloraNixena.it - Consegna mazzi di fiori, bouquet e piante a domicilio\",\"url\":\"https:\\\/\\\/floranixena.it\\\/fr\\\/\",\"logo\":{\"@type\":\"ImageObject\",\"inLanguage\":\"fr-FR\",\"@id\":\"https:\\\/\\\/floranixena.it\\\/fr\\\/#\\\/schema\\\/logo\\\/image\\\/\",\"url\":\"https:\\\/\\\/floranixena.it\\\/wp-content\\\/uploads\\\/2018\\\/11\\\/logo-fucsia.png\",\"contentUrl\":\"https:\\\/\\\/floranixena.it\\\/wp-content\\\/uploads\\\/2018\\\/11\\\/logo-fucsia.png\",\"width\":315,\"height\":81,\"caption\":\"FloraNixena.it - Consegna mazzi di fiori, bouquet e piante a domicilio\"},\"image\":{\"@id\":\"https:\\\/\\\/floranixena.it\\\/fr\\\/#\\\/schema\\\/logo\\\/image\\\/\"},\"sameAs\":[\"https:\\\/\\\/www.facebook.com\\\/FloraNixena\\\/\",\"https:\\\/\\\/www.instagram.com\\\/floranixena.it\\\/\",\"https:\\\/\\\/www.youtube.com\\\/channel\\\/UCAfCWXMBezO96jgPjiUgpkA\"],\"description\":\"Chi Siamo? FloraNixena \u00e8 il partner di fiducia per la consegna di fiori freschi a domicilio. Con anni di esperienza nel settore floreale, siamo dedicati a portare la bellezza e la freschezza dei fiori direttamente alla vostra porta. La Nostra Missione La nostra missione \u00e8 trasformare ogni occasione in un momento speciale attraverso la magia dei fiori. Crediamo che un bouquet possa dire pi\u00f9 di mille parole e lavoriamo instancabilmente per assicurarci che ogni consegna porti gioia, amore e bellezza. Cosa Offriamo? Fiori Freschi: Collaboriamo con i migliori fornitori locali per garantire che i nostri fiori siano sempre freschi e di alta qualit\u00e0. Consegna Rapida e Puntuale: Offriamo un servizio di consegna rapido e affidabile, con la possibilit\u00e0 di scegliere la fascia oraria che pi\u00f9 vi conviene. Ampia Selezione: Dalle rose classiche ai bouquet personalizzati, abbiamo una vasta gamma di opzioni per soddisfare ogni gusto e occasione. Assistenza Clienti: Il nostro team \u00e8 sempre a disposizione per assistervi nella scelta del bouquet perfetto e per garantire un'esperienza di acquisto senza intoppi. Perch\u00e9 Sceglierci? Qualit\u00e0 Garantita: Ogni bouquet \u00e8 realizzato con cura dai nostri esperti fioristi, garantendo che ogni composizione sia un'opera d'arte. Servizio Personalizzato: Che sia per un anniversario, un compleanno, una celebrazione o un momento di condoglianza, personalizziamo ogni ordine per rispondere alle vostre esigenze specifiche. Soddisfazione del Cliente: La vostra soddisfazione \u00e8 la nostra priorit\u00e0 assoluta. Facciamo tutto il possibile per assicurarci che ogni consegna superi le vostre aspettative.\",\"email\":\"amministrazione@floranixena.it\",\"telephone\":\"3806342394\",\"legalName\":\"Gaetano Votadoro\"}]}<\/script>\n<!-- \/ Yoast SEO Premium plugin. -->","yoast_head_json":{"title":"Bouquet de gerberas et oeillets -","description":"Bouquet de gerberas et oeillets, \u00e0 envoyer \u00e0 la personne ch\u00e8re, plein de joie gr\u00e2ce aux gerberas et une dentelle de simplicit\u00e9 avec le statice.","robots":{"index":"index","follow":"follow","max-snippet":"max-snippet:-1","max-image-preview":"max-image-preview:large","max-video-preview":"max-video-preview:-1"},"canonical":"https:\/\/floranixena.it\/fr\/produit\/granger\/","og_locale":"fr_FR","og_type":"article","og_title":"Granger","og_description":"6 Gerberas roses  6 Oeillets fuchsia  Hypericum rouge  Vert d\u00e9coratif Vase non inclus","og_url":"https:\/\/floranixena.it\/fr\/produit\/granger\/","og_site_name":"FloraNixena - livraison de fleurs et de plantes","article_publisher":"https:\/\/www.facebook.com\/FloraNixena\/","og_image":[{"width":800,"height":800,"url":"https:\/\/floranixena.it\/wp-content\/uploads\/2019\/05\/Bouquet-di-gerbere-rosa-e-fucsia-da-inviare-a-domicilio-per-compleanno-occasioni-feste-di-laurea-addio-al-celibato.-Fiori-economici-online.jpg","type":"image\/jpeg"}],"twitter_card":"summary_large_image","twitter_misc":{"Dur\u00e9e de lecture estim\u00e9e":"2 minutes"},"schema":{"@context":"https:\/\/schema.org","@graph":[{"@type":"WebPage","@id":"https:\/\/floranixena.it\/fr\/produit\/granger\/","url":"https:\/\/floranixena.it\/fr\/produit\/granger\/","name":"Bouquet de gerberas et oeillets -","isPartOf":{"@id":"https:\/\/floranixena.it\/fr\/#website"},"primaryImageOfPage":{"@id":"https:\/\/floranixena.it\/fr\/produit\/granger\/#primaryimage"},"image":{"@id":"https:\/\/floranixena.it\/fr\/produit\/granger\/#primaryimage"},"thumbnailUrl":"https:\/\/floranixena.it\/wp-content\/uploads\/2019\/05\/Bouquet-di-gerbere-rosa-e-fucsia-da-inviare-a-domicilio-per-compleanno-occasioni-feste-di-laurea-addio-al-celibato.-Fiori-economici-online.jpg","datePublished":"2025-12-06T10:30:01+00:00","description":"Bouquet de gerberas et oeillets, \u00e0 envoyer \u00e0 la personne ch\u00e8re, plein de joie gr\u00e2ce aux gerberas et une dentelle de simplicit\u00e9 avec le statice.","breadcrumb":{"@id":"https:\/\/floranixena.it\/fr\/produit\/granger\/#breadcrumb"},"inLanguage":"fr-FR","potentialAction":[{"@type":"ReadAction","target":["https:\/\/floranixena.it\/fr\/produit\/granger\/"]}]},{"@type":"ImageObject","inLanguage":"fr-FR","@id":"https:\/\/floranixena.it\/fr\/produit\/granger\/#primaryimage","url":"https:\/\/floranixena.it\/wp-content\/uploads\/2019\/05\/Bouquet-di-gerbere-rosa-e-fucsia-da-inviare-a-domicilio-per-compleanno-occasioni-feste-di-laurea-addio-al-celibato.-Fiori-economici-online.jpg","contentUrl":"https:\/\/floranixena.it\/wp-content\/uploads\/2019\/05\/Bouquet-di-gerbere-rosa-e-fucsia-da-inviare-a-domicilio-per-compleanno-occasioni-feste-di-laurea-addio-al-celibato.-Fiori-economici-online.jpg","width":800,"height":800,"caption":"vendita di gerbere e garofani rosa"},{"@type":"BreadcrumbList","@id":"https:\/\/floranixena.it\/fr\/produit\/granger\/#breadcrumb","itemListElement":[{"@type":"ListItem","position":1,"name":"Home","item":"https:\/\/floranixena.it\/fr\/"},{"@type":"ListItem","position":2,"name":"Magasin","item":"https:\/\/floranixena.it\/fr\/magasin\/"},{"@type":"ListItem","position":3,"name":"Granger"}]},{"@type":"WebSite","@id":"https:\/\/floranixena.it\/fr\/#website","url":"https:\/\/floranixena.it\/fr\/","name":"FloraNixena - Consegna fiori a domicilio in Italia","description":"Invia fiori che raccontano storie","publisher":{"@id":"https:\/\/floranixena.it\/fr\/#organization"},"alternateName":"FloraNixena.it","potentialAction":[{"@type":"SearchAction","target":{"@type":"EntryPoint","urlTemplate":"https:\/\/floranixena.it\/fr\/?s={search_term_string}"},"query-input":{"@type":"PropertyValueSpecification","valueRequired":true,"valueName":"search_term_string"}}],"inLanguage":"fr-FR"},{"@type":"Organization","@id":"https:\/\/floranixena.it\/fr\/#organization","name":"FloraNixena.it - Consegna mazzi di fiori, bouquet e piante a domicilio","url":"https:\/\/floranixena.it\/fr\/","logo":{"@type":"ImageObject","inLanguage":"fr-FR","@id":"https:\/\/floranixena.it\/fr\/#\/schema\/logo\/image\/","url":"https:\/\/floranixena.it\/wp-content\/uploads\/2018\/11\/logo-fucsia.png","contentUrl":"https:\/\/floranixena.it\/wp-content\/uploads\/2018\/11\/logo-fucsia.png","width":315,"height":81,"caption":"FloraNixena.it - Consegna mazzi di fiori, bouquet e piante a domicilio"},"image":{"@id":"https:\/\/floranixena.it\/fr\/#\/schema\/logo\/image\/"},"sameAs":["https:\/\/www.facebook.com\/FloraNixena\/","https:\/\/www.instagram.com\/floranixena.it\/","https:\/\/www.youtube.com\/channel\/UCAfCWXMBezO96jgPjiUgpkA"],"description":"Chi Siamo? FloraNixena \u00e8 il partner di fiducia per la consegna di fiori freschi a domicilio. Con anni di esperienza nel settore floreale, siamo dedicati a portare la bellezza e la freschezza dei fiori direttamente alla vostra porta. La Nostra Missione La nostra missione \u00e8 trasformare ogni occasione in un momento speciale attraverso la magia dei fiori. Crediamo che un bouquet possa dire pi\u00f9 di mille parole e lavoriamo instancabilmente per assicurarci che ogni consegna porti gioia, amore e bellezza. Cosa Offriamo? Fiori Freschi: Collaboriamo con i migliori fornitori locali per garantire che i nostri fiori siano sempre freschi e di alta qualit\u00e0. Consegna Rapida e Puntuale: Offriamo un servizio di consegna rapido e affidabile, con la possibilit\u00e0 di scegliere la fascia oraria che pi\u00f9 vi conviene. Ampia Selezione: Dalle rose classiche ai bouquet personalizzati, abbiamo una vasta gamma di opzioni per soddisfare ogni gusto e occasione. Assistenza Clienti: Il nostro team \u00e8 sempre a disposizione per assistervi nella scelta del bouquet perfetto e per garantire un'esperienza di acquisto senza intoppi. Perch\u00e9 Sceglierci? Qualit\u00e0 Garantita: Ogni bouquet \u00e8 realizzato con cura dai nostri esperti fioristi, garantendo che ogni composizione sia un'opera d'arte. Servizio Personalizzato: Che sia per un anniversario, un compleanno, una celebrazione o un momento di condoglianza, personalizziamo ogni ordine per rispondere alle vostre esigenze specifiche. Soddisfazione del Cliente: La vostra soddisfazione \u00e8 la nostra priorit\u00e0 assoluta. Facciamo tutto il possibile per assicurarci che ogni consegna superi le vostre aspettative.","email":"amministrazione@floranixena.it","telephone":"3806342394","legalName":"Gaetano Votadoro"}]}},"_links":{"self":[{"href":"https:\/\/floranixena.it\/fr\/wp-json\/wp\/v2\/product\/18321","targetHints":{"allow":["GET"]}}],"collection":[{"href":"https:\/\/floranixena.it\/fr\/wp-json\/wp\/v2\/product"}],"about":[{"href":"https:\/\/floranixena.it\/fr\/wp-json\/wp\/v2\/types\/product"}],"replies":[{"embeddable":true,"href":"https:\/\/floranixena.it\/fr\/wp-json\/wp\/v2\/comments?post=18321"}],"wp:featuredmedia":[{"embeddable":true,"href":"https:\/\/floranixena.it\/fr\/wp-json\/wp\/v2\/media\/18322"}],"wp:attachment":[{"href":"https:\/\/floranixena.it\/fr\/wp-json\/wp\/v2\/media?parent=18321"}],"wp:term":[{"taxonomy":"product_brand","embeddable":true,"href":"https:\/\/floranixena.it\/fr\/wp-json\/wp\/v2\/product_brand?post=18321"},{"taxonomy":"product_cat","embeddable":true,"href":"https:\/\/floranixena.it\/fr\/wp-json\/wp\/v2\/product_cat?post=18321"},{"taxonomy":"product_tag","embeddable":true,"href":"https:\/\/floranixena.it\/fr\/wp-json\/wp\/v2\/product_tag?post=18321"}],"curies":[{"name":"wp","href":"https:\/\/api.w.org\/{rel}","templated":true}]}}