{"id":18317,"date":"2024-06-19T14:10:41","date_gmt":"2024-06-19T12:10:41","guid":{"rendered":"https:\/\/floranixena.it\/product\/safari\/"},"modified":"2024-06-19T14:10:41","modified_gmt":"2024-06-19T12:10:41","slug":"safari","status":"publish","type":"product","link":"https:\/\/floranixena.it\/fr\/produit\/safari\/","title":{"rendered":"Safari"},"content":{"rendered":"<p><strong>Bouquet de Callas Jaunes: \u00c9l\u00e9gance et Signification pour Chaque Occasion<\/strong><\/p>\n<p>Les bouquets de calle jaunes sont le symbole de l\u2019\u00e9l\u00e9gance et du raffinement. Avec leur forme de trompette unique et leurs feuilles d\u2019un jaune intense, <a href=\"https:\/\/www.portaledelverde.it\/blog-giardinaggio\/calle-guida-coltivazione\/\"><strong>les callas<\/strong><\/a> sont des fleurs incroyables qui ont \u00e9t\u00e9 appr\u00e9ci\u00e9es pendant des si\u00e8cles. Cela en fait un choix populaire pour les compositions florales tout au long de l\u2019ann\u00e9e.  <\/p>\n<p>Gr\u00e2ce \u00e0 leur forme de cloche d\u00e9licate et aux vari\u00e9t\u00e9s de couleurs vives, les bouquets de callas sont un cadeau particuli\u00e8rement beau et significatif. Chaque <a href=\"https:\/\/floranixena.it\/fr\/prodotto\/indiano\/\"><strong>composition florale<\/strong><\/a> de callas est m\u00e9ticuleusement r\u00e9alis\u00e9e \u00e0 la main et livr\u00e9e directement \u00e0 la porte du destinataire, garantissant un geste inoubliable. <\/p>\n<p><strong>Occasions Parfaites pour Offrir les Callas<\/strong><\/p>\n<p>Les callas sont le cadeau de <a href=\"https:\/\/floranixena.it\/fr\/catalog\/vip\/\"><strong>luxe<\/strong><\/a> id\u00e9al pour toute occasion sp\u00e9ciale. Qu\u2019il s\u2019agisse d&rsquo;<a href=\"https:\/\/floranixena.it\/fr\/catalog\/fleurs-pour-les-evenements\/anniversaire\/\"><strong>anniversaires,<\/strong><\/a> c\u00e9r\u00e9monies, <a href=\"https:\/\/floranixena.it\/fr\/catalog\/pour-remercier-quelquun\/\"><strong>remerciements<\/strong><\/a> ou de sympathies, un bouquet de callas jaune est en mesure de transmettre votre message d\u2019une mani\u00e8re extraordinaire et raffin\u00e9e. Choisissez un bouquet de callas pour rendre chaque c\u00e9l\u00e9bration unique et m\u00e9morable.  <\/p>\n","protected":false},"excerpt":{"rendered":"<ul>\n<li>10 callas jaunes<\/li>\n<li>Ruban d\u2019ivoire<\/li>\n<li>Feuilles d\u00e9coratives<\/li>\n<\/ul>\n<p>Vase non inclus<\/p>\n","protected":false},"featured_media":18318,"comment_status":"open","ping_status":"closed","template":"","meta":[],"product_brand":[],"product_cat":[3258,3441,3693,3976,3698,3440,3283,3285,3914,3963,3920,3260,3263,3273,3272,3274,3275,3262,3442,3443,3699,3444,3445,3288,3842],"product_tag":[4173,3965,3964,3293,4606],"class_list":{"0":"post-18317","1":"product","2":"type-product","3":"status-publish","4":"has-post-thumbnail","6":"product_cat-1-anniversaire-mariage-de-coton","7":"product_cat-10-anniversaire-mariage-detain","8":"product_cat-25-anniversaire-mariage-en-argent","9":"product_cat-30-anniversaire-mariage-de-perles","10":"product_cat-40eme-anniversaire-mariage-demeraude","11":"product_cat-5-anniversaire-mariage-en-soie","12":"product_cat-50eme-anniversaire-mariage-en-or","13":"product_cat-amitie","14":"product_cat-cest-une-fille","15":"product_cat-callas","16":"product_cat-ce-sont-des-jumeaux","17":"product_cat-fete-de-la-femme","18":"product_cat-fete-des-meres","19":"product_cat-fleurs-dautomne","20":"product_cat-fleurs-dete","21":"product_cat-fleurs-dhiver","22":"product_cat-fleurs-de-printemps","23":"product_cat-jour-du-nom","24":"product_cat-paques","25":"product_cat-pour-la-soeur","26":"product_cat-pour-les-grands-parents","27":"product_cat-pour-les-oncles","28":"product_cat-pour-maman","29":"product_cat-pour-remercier-quelquun","30":"product_cat-pour-un-ami","31":"product_tag-bouquet-de-callas","32":"product_tag-bouquet-de-callas-jaunes","33":"product_tag-callas","34":"product_tag-fleurs-jaunes","35":"product_tag-offrez-des-fleurs-jaunes","37":"first","38":"instock","39":"shipping-taxable","40":"purchasable","41":"product-type-simple"},"yoast_head":"<!-- This site is optimized with the Yoast SEO Premium plugin v27.4 (Yoast SEO v27.4) - https:\/\/yoast.com\/product\/yoast-seo-premium-wordpress\/ -->\n<title>Bouquet de callas jaunes - FloraNixena - livraison de fleurs et de plantes<\/title>\n<meta name=\"description\" content=\"&quot;Faites sentir votre bien-aim\u00e9 une reine avec un bouquet de callas jaune or, le cadeau parfait pour un anniversaire inoubliable&quot;\" \/>\n<meta name=\"robots\" content=\"index, follow, max-snippet:-1, max-image-preview:large, max-video-preview:-1\" \/>\n<link rel=\"canonical\" href=\"https:\/\/floranixena.it\/fr\/produit\/safari\/\" \/>\n<meta property=\"og:locale\" content=\"fr_FR\" \/>\n<meta property=\"og:type\" content=\"article\" \/>\n<meta property=\"og:title\" content=\"Safari\" \/>\n<meta property=\"og:description\" content=\"10 callas jaunes  Ruban d\u2019ivoire  Feuilles d\u00e9coratives Vase non inclus\" \/>\n<meta property=\"og:url\" content=\"https:\/\/floranixena.it\/fr\/produit\/safari\/\" \/>\n<meta property=\"og:site_name\" content=\"FloraNixena - livraison de fleurs et de plantes\" \/>\n<meta property=\"article:publisher\" content=\"https:\/\/www.facebook.com\/FloraNixena\/\" \/>\n<meta property=\"og:image\" content=\"https:\/\/floranixena.it\/wp-content\/uploads\/2018\/12\/sito-di-vendita-bouquet-di_calle_gialle_regalo_per_la_sorella_mamma_anniversario_onomastico_invia-fiori-come-regalo-a-domicilio-a-sorpresa.jpg\" \/>\n\t<meta property=\"og:image:width\" content=\"800\" \/>\n\t<meta property=\"og:image:height\" content=\"800\" \/>\n\t<meta property=\"og:image:type\" content=\"image\/jpeg\" \/>\n<meta name=\"twitter:card\" content=\"summary_large_image\" \/>\n<meta name=\"twitter:label1\" content=\"Dur\u00e9e de lecture estim\u00e9e\" \/>\n\t<meta name=\"twitter:data1\" content=\"1 minute\" \/>\n<script type=\"application\/ld+json\" class=\"yoast-schema-graph\">{\"@context\":\"https:\\\/\\\/schema.org\",\"@graph\":[{\"@type\":\"WebPage\",\"@id\":\"https:\\\/\\\/floranixena.it\\\/fr\\\/produit\\\/safari\\\/\",\"url\":\"https:\\\/\\\/floranixena.it\\\/fr\\\/produit\\\/safari\\\/\",\"name\":\"Bouquet de callas jaunes - FloraNixena - livraison de fleurs et de plantes\",\"isPartOf\":{\"@id\":\"https:\\\/\\\/floranixena.it\\\/fr\\\/#website\"},\"primaryImageOfPage\":{\"@id\":\"https:\\\/\\\/floranixena.it\\\/fr\\\/produit\\\/safari\\\/#primaryimage\"},\"image\":{\"@id\":\"https:\\\/\\\/floranixena.it\\\/fr\\\/produit\\\/safari\\\/#primaryimage\"},\"thumbnailUrl\":\"https:\\\/\\\/floranixena.it\\\/wp-content\\\/uploads\\\/2018\\\/12\\\/sito-di-vendita-bouquet-di_calle_gialle_regalo_per_la_sorella_mamma_anniversario_onomastico_invia-fiori-come-regalo-a-domicilio-a-sorpresa.jpg\",\"datePublished\":\"2024-06-19T12:10:41+00:00\",\"description\":\"\\\"Faites sentir votre bien-aim\u00e9 une reine avec un bouquet de callas jaune or, le cadeau parfait pour un anniversaire inoubliable\\\"\",\"breadcrumb\":{\"@id\":\"https:\\\/\\\/floranixena.it\\\/fr\\\/produit\\\/safari\\\/#breadcrumb\"},\"inLanguage\":\"fr-FR\",\"potentialAction\":[{\"@type\":\"ReadAction\",\"target\":[\"https:\\\/\\\/floranixena.it\\\/fr\\\/produit\\\/safari\\\/\"]}]},{\"@type\":\"ImageObject\",\"inLanguage\":\"fr-FR\",\"@id\":\"https:\\\/\\\/floranixena.it\\\/fr\\\/produit\\\/safari\\\/#primaryimage\",\"url\":\"https:\\\/\\\/floranixena.it\\\/wp-content\\\/uploads\\\/2018\\\/12\\\/sito-di-vendita-bouquet-di_calle_gialle_regalo_per_la_sorella_mamma_anniversario_onomastico_invia-fiori-come-regalo-a-domicilio-a-sorpresa.jpg\",\"contentUrl\":\"https:\\\/\\\/floranixena.it\\\/wp-content\\\/uploads\\\/2018\\\/12\\\/sito-di-vendita-bouquet-di_calle_gialle_regalo_per_la_sorella_mamma_anniversario_onomastico_invia-fiori-come-regalo-a-domicilio-a-sorpresa.jpg\",\"width\":800,\"height\":800,\"caption\":\"Un gesto semplice, un messaggio potente: la bellezza che illumina.\"},{\"@type\":\"BreadcrumbList\",\"@id\":\"https:\\\/\\\/floranixena.it\\\/fr\\\/produit\\\/safari\\\/#breadcrumb\",\"itemListElement\":[{\"@type\":\"ListItem\",\"position\":1,\"name\":\"Home\",\"item\":\"https:\\\/\\\/floranixena.it\\\/fr\\\/\"},{\"@type\":\"ListItem\",\"position\":2,\"name\":\"Magasin\",\"item\":\"https:\\\/\\\/floranixena.it\\\/fr\\\/magasin\\\/\"},{\"@type\":\"ListItem\",\"position\":3,\"name\":\"Safari\"}]},{\"@type\":\"WebSite\",\"@id\":\"https:\\\/\\\/floranixena.it\\\/fr\\\/#website\",\"url\":\"https:\\\/\\\/floranixena.it\\\/fr\\\/\",\"name\":\"FloraNixena - Consegna fiori a domicilio in Italia\",\"description\":\"Invia fiori che raccontano storie\",\"publisher\":{\"@id\":\"https:\\\/\\\/floranixena.it\\\/fr\\\/#organization\"},\"alternateName\":\"FloraNixena.it\",\"potentialAction\":[{\"@type\":\"SearchAction\",\"target\":{\"@type\":\"EntryPoint\",\"urlTemplate\":\"https:\\\/\\\/floranixena.it\\\/fr\\\/?s={search_term_string}\"},\"query-input\":{\"@type\":\"PropertyValueSpecification\",\"valueRequired\":true,\"valueName\":\"search_term_string\"}}],\"inLanguage\":\"fr-FR\"},{\"@type\":\"Organization\",\"@id\":\"https:\\\/\\\/floranixena.it\\\/fr\\\/#organization\",\"name\":\"FloraNixena.it - Consegna mazzi di fiori, bouquet e piante a domicilio\",\"url\":\"https:\\\/\\\/floranixena.it\\\/fr\\\/\",\"logo\":{\"@type\":\"ImageObject\",\"inLanguage\":\"fr-FR\",\"@id\":\"https:\\\/\\\/floranixena.it\\\/fr\\\/#\\\/schema\\\/logo\\\/image\\\/\",\"url\":\"https:\\\/\\\/floranixena.it\\\/wp-content\\\/uploads\\\/2018\\\/11\\\/logo-fucsia.png\",\"contentUrl\":\"https:\\\/\\\/floranixena.it\\\/wp-content\\\/uploads\\\/2018\\\/11\\\/logo-fucsia.png\",\"width\":315,\"height\":81,\"caption\":\"FloraNixena.it - Consegna mazzi di fiori, bouquet e piante a domicilio\"},\"image\":{\"@id\":\"https:\\\/\\\/floranixena.it\\\/fr\\\/#\\\/schema\\\/logo\\\/image\\\/\"},\"sameAs\":[\"https:\\\/\\\/www.facebook.com\\\/FloraNixena\\\/\",\"https:\\\/\\\/www.instagram.com\\\/floranixena.it\\\/\",\"https:\\\/\\\/www.youtube.com\\\/channel\\\/UCAfCWXMBezO96jgPjiUgpkA\"],\"description\":\"Chi Siamo? FloraNixena \u00e8 il partner di fiducia per la consegna di fiori freschi a domicilio. Con anni di esperienza nel settore floreale, siamo dedicati a portare la bellezza e la freschezza dei fiori direttamente alla vostra porta. La Nostra Missione La nostra missione \u00e8 trasformare ogni occasione in un momento speciale attraverso la magia dei fiori. Crediamo che un bouquet possa dire pi\u00f9 di mille parole e lavoriamo instancabilmente per assicurarci che ogni consegna porti gioia, amore e bellezza. Cosa Offriamo? Fiori Freschi: Collaboriamo con i migliori fornitori locali per garantire che i nostri fiori siano sempre freschi e di alta qualit\u00e0. Consegna Rapida e Puntuale: Offriamo un servizio di consegna rapido e affidabile, con la possibilit\u00e0 di scegliere la fascia oraria che pi\u00f9 vi conviene. Ampia Selezione: Dalle rose classiche ai bouquet personalizzati, abbiamo una vasta gamma di opzioni per soddisfare ogni gusto e occasione. Assistenza Clienti: Il nostro team \u00e8 sempre a disposizione per assistervi nella scelta del bouquet perfetto e per garantire un'esperienza di acquisto senza intoppi. Perch\u00e9 Sceglierci? Qualit\u00e0 Garantita: Ogni bouquet \u00e8 realizzato con cura dai nostri esperti fioristi, garantendo che ogni composizione sia un'opera d'arte. Servizio Personalizzato: Che sia per un anniversario, un compleanno, una celebrazione o un momento di condoglianza, personalizziamo ogni ordine per rispondere alle vostre esigenze specifiche. Soddisfazione del Cliente: La vostra soddisfazione \u00e8 la nostra priorit\u00e0 assoluta. Facciamo tutto il possibile per assicurarci che ogni consegna superi le vostre aspettative.\",\"email\":\"amministrazione@floranixena.it\",\"telephone\":\"3806342394\",\"legalName\":\"Gaetano Votadoro\"}]}<\/script>\n<!-- \/ Yoast SEO Premium plugin. -->","yoast_head_json":{"title":"Bouquet de callas jaunes - FloraNixena - livraison de fleurs et de plantes","description":"\"Faites sentir votre bien-aim\u00e9 une reine avec un bouquet de callas jaune or, le cadeau parfait pour un anniversaire inoubliable\"","robots":{"index":"index","follow":"follow","max-snippet":"max-snippet:-1","max-image-preview":"max-image-preview:large","max-video-preview":"max-video-preview:-1"},"canonical":"https:\/\/floranixena.it\/fr\/produit\/safari\/","og_locale":"fr_FR","og_type":"article","og_title":"Safari","og_description":"10 callas jaunes  Ruban d\u2019ivoire  Feuilles d\u00e9coratives Vase non inclus","og_url":"https:\/\/floranixena.it\/fr\/produit\/safari\/","og_site_name":"FloraNixena - livraison de fleurs et de plantes","article_publisher":"https:\/\/www.facebook.com\/FloraNixena\/","og_image":[{"width":800,"height":800,"url":"https:\/\/floranixena.it\/wp-content\/uploads\/2018\/12\/sito-di-vendita-bouquet-di_calle_gialle_regalo_per_la_sorella_mamma_anniversario_onomastico_invia-fiori-come-regalo-a-domicilio-a-sorpresa.jpg","type":"image\/jpeg"}],"twitter_card":"summary_large_image","twitter_misc":{"Dur\u00e9e de lecture estim\u00e9e":"1 minute"},"schema":{"@context":"https:\/\/schema.org","@graph":[{"@type":"WebPage","@id":"https:\/\/floranixena.it\/fr\/produit\/safari\/","url":"https:\/\/floranixena.it\/fr\/produit\/safari\/","name":"Bouquet de callas jaunes - FloraNixena - livraison de fleurs et de plantes","isPartOf":{"@id":"https:\/\/floranixena.it\/fr\/#website"},"primaryImageOfPage":{"@id":"https:\/\/floranixena.it\/fr\/produit\/safari\/#primaryimage"},"image":{"@id":"https:\/\/floranixena.it\/fr\/produit\/safari\/#primaryimage"},"thumbnailUrl":"https:\/\/floranixena.it\/wp-content\/uploads\/2018\/12\/sito-di-vendita-bouquet-di_calle_gialle_regalo_per_la_sorella_mamma_anniversario_onomastico_invia-fiori-come-regalo-a-domicilio-a-sorpresa.jpg","datePublished":"2024-06-19T12:10:41+00:00","description":"\"Faites sentir votre bien-aim\u00e9 une reine avec un bouquet de callas jaune or, le cadeau parfait pour un anniversaire inoubliable\"","breadcrumb":{"@id":"https:\/\/floranixena.it\/fr\/produit\/safari\/#breadcrumb"},"inLanguage":"fr-FR","potentialAction":[{"@type":"ReadAction","target":["https:\/\/floranixena.it\/fr\/produit\/safari\/"]}]},{"@type":"ImageObject","inLanguage":"fr-FR","@id":"https:\/\/floranixena.it\/fr\/produit\/safari\/#primaryimage","url":"https:\/\/floranixena.it\/wp-content\/uploads\/2018\/12\/sito-di-vendita-bouquet-di_calle_gialle_regalo_per_la_sorella_mamma_anniversario_onomastico_invia-fiori-come-regalo-a-domicilio-a-sorpresa.jpg","contentUrl":"https:\/\/floranixena.it\/wp-content\/uploads\/2018\/12\/sito-di-vendita-bouquet-di_calle_gialle_regalo_per_la_sorella_mamma_anniversario_onomastico_invia-fiori-come-regalo-a-domicilio-a-sorpresa.jpg","width":800,"height":800,"caption":"Un gesto semplice, un messaggio potente: la bellezza che illumina."},{"@type":"BreadcrumbList","@id":"https:\/\/floranixena.it\/fr\/produit\/safari\/#breadcrumb","itemListElement":[{"@type":"ListItem","position":1,"name":"Home","item":"https:\/\/floranixena.it\/fr\/"},{"@type":"ListItem","position":2,"name":"Magasin","item":"https:\/\/floranixena.it\/fr\/magasin\/"},{"@type":"ListItem","position":3,"name":"Safari"}]},{"@type":"WebSite","@id":"https:\/\/floranixena.it\/fr\/#website","url":"https:\/\/floranixena.it\/fr\/","name":"FloraNixena - Consegna fiori a domicilio in Italia","description":"Invia fiori che raccontano storie","publisher":{"@id":"https:\/\/floranixena.it\/fr\/#organization"},"alternateName":"FloraNixena.it","potentialAction":[{"@type":"SearchAction","target":{"@type":"EntryPoint","urlTemplate":"https:\/\/floranixena.it\/fr\/?s={search_term_string}"},"query-input":{"@type":"PropertyValueSpecification","valueRequired":true,"valueName":"search_term_string"}}],"inLanguage":"fr-FR"},{"@type":"Organization","@id":"https:\/\/floranixena.it\/fr\/#organization","name":"FloraNixena.it - Consegna mazzi di fiori, bouquet e piante a domicilio","url":"https:\/\/floranixena.it\/fr\/","logo":{"@type":"ImageObject","inLanguage":"fr-FR","@id":"https:\/\/floranixena.it\/fr\/#\/schema\/logo\/image\/","url":"https:\/\/floranixena.it\/wp-content\/uploads\/2018\/11\/logo-fucsia.png","contentUrl":"https:\/\/floranixena.it\/wp-content\/uploads\/2018\/11\/logo-fucsia.png","width":315,"height":81,"caption":"FloraNixena.it - Consegna mazzi di fiori, bouquet e piante a domicilio"},"image":{"@id":"https:\/\/floranixena.it\/fr\/#\/schema\/logo\/image\/"},"sameAs":["https:\/\/www.facebook.com\/FloraNixena\/","https:\/\/www.instagram.com\/floranixena.it\/","https:\/\/www.youtube.com\/channel\/UCAfCWXMBezO96jgPjiUgpkA"],"description":"Chi Siamo? FloraNixena \u00e8 il partner di fiducia per la consegna di fiori freschi a domicilio. Con anni di esperienza nel settore floreale, siamo dedicati a portare la bellezza e la freschezza dei fiori direttamente alla vostra porta. La Nostra Missione La nostra missione \u00e8 trasformare ogni occasione in un momento speciale attraverso la magia dei fiori. Crediamo che un bouquet possa dire pi\u00f9 di mille parole e lavoriamo instancabilmente per assicurarci che ogni consegna porti gioia, amore e bellezza. Cosa Offriamo? Fiori Freschi: Collaboriamo con i migliori fornitori locali per garantire che i nostri fiori siano sempre freschi e di alta qualit\u00e0. Consegna Rapida e Puntuale: Offriamo un servizio di consegna rapido e affidabile, con la possibilit\u00e0 di scegliere la fascia oraria che pi\u00f9 vi conviene. Ampia Selezione: Dalle rose classiche ai bouquet personalizzati, abbiamo una vasta gamma di opzioni per soddisfare ogni gusto e occasione. Assistenza Clienti: Il nostro team \u00e8 sempre a disposizione per assistervi nella scelta del bouquet perfetto e per garantire un'esperienza di acquisto senza intoppi. Perch\u00e9 Sceglierci? Qualit\u00e0 Garantita: Ogni bouquet \u00e8 realizzato con cura dai nostri esperti fioristi, garantendo che ogni composizione sia un'opera d'arte. Servizio Personalizzato: Che sia per un anniversario, un compleanno, una celebrazione o un momento di condoglianza, personalizziamo ogni ordine per rispondere alle vostre esigenze specifiche. Soddisfazione del Cliente: La vostra soddisfazione \u00e8 la nostra priorit\u00e0 assoluta. Facciamo tutto il possibile per assicurarci che ogni consegna superi le vostre aspettative.","email":"amministrazione@floranixena.it","telephone":"3806342394","legalName":"Gaetano Votadoro"}]}},"_links":{"self":[{"href":"https:\/\/floranixena.it\/fr\/wp-json\/wp\/v2\/product\/18317","targetHints":{"allow":["GET"]}}],"collection":[{"href":"https:\/\/floranixena.it\/fr\/wp-json\/wp\/v2\/product"}],"about":[{"href":"https:\/\/floranixena.it\/fr\/wp-json\/wp\/v2\/types\/product"}],"replies":[{"embeddable":true,"href":"https:\/\/floranixena.it\/fr\/wp-json\/wp\/v2\/comments?post=18317"}],"wp:featuredmedia":[{"embeddable":true,"href":"https:\/\/floranixena.it\/fr\/wp-json\/wp\/v2\/media\/18318"}],"wp:attachment":[{"href":"https:\/\/floranixena.it\/fr\/wp-json\/wp\/v2\/media?parent=18317"}],"wp:term":[{"taxonomy":"product_brand","embeddable":true,"href":"https:\/\/floranixena.it\/fr\/wp-json\/wp\/v2\/product_brand?post=18317"},{"taxonomy":"product_cat","embeddable":true,"href":"https:\/\/floranixena.it\/fr\/wp-json\/wp\/v2\/product_cat?post=18317"},{"taxonomy":"product_tag","embeddable":true,"href":"https:\/\/floranixena.it\/fr\/wp-json\/wp\/v2\/product_tag?post=18317"}],"curies":[{"name":"wp","href":"https:\/\/api.w.org\/{rel}","templated":true}]}}