{"id":18265,"date":"2024-07-10T11:16:45","date_gmt":"2024-07-10T09:16:45","guid":{"rendered":"https:\/\/floranixena.it\/product\/terre-de-reves\/"},"modified":"2025-09-18T12:20:49","modified_gmt":"2025-09-18T10:20:49","slug":"terre-de-reves","status":"publish","type":"product","link":"https:\/\/floranixena.it\/fr\/produit\/terre-de-reves\/","title":{"rendered":"Terre de r\u00eaves"},"content":{"rendered":"<p><strong>Entrez dans le monde des r\u00eaves avec Floranixena<\/strong><\/p>\n<p>Bienvenue dans un voyage sensoriel in\u00e9gal\u00e9, o\u00f9 les fronti\u00e8res de la r\u00e9alit\u00e9 se dissolvent et le monde des r\u00eaves devient tangible. Avec Floranixena, nous vous invitons \u00e0 explorer une dimension unique et myst\u00e9rieuse \u00e0 travers les parfums et les couleurs les plus enchanteurs. <\/p>\n<p>Imaginez vous plonger dans un univers o\u00f9 l\u2019ar\u00f4me du <strong>lilium rose<\/strong> enveloppe l\u2019air d\u2019une douceur et d\u2019une fra\u00eecheur intemporelle. Ses notes d\u00e9licates et sophistiqu\u00e9es vous guident \u00e0 travers un paysage d\u2019\u00e9merveillement et de calme, vous pr\u00e9parant \u00e0 d\u00e9couvrir de nouveaux mondes. <\/p>\n<p>Laissez-vous emporter par la magie des <strong>roses couleur rose anciennes<\/strong>. Ces fleurs, avec leur parfum romantique et nostalgique, vous accompagnent dans un voyage \u00e0 travers les souvenirs et les r\u00eaves d\u2019antan, r\u00e9v\u00e9lant leur beaut\u00e9 \u00e9l\u00e9gante et leur charme intemporel. <\/p>\n<p>Enfin, le <strong>chrysanth\u00e8me vert<\/strong> ajoute une note de fra\u00eecheur et de vitalit\u00e9. Son ar\u00f4me herbac\u00e9 et rafra\u00eechissant vous ram\u00e8ne au pr\u00e9sent, en vous connectant \u00e0 la nature et \u00e0 son esprit vif, tandis que vous explorez chaque recoin de votre monde onirique. <\/p>\n<p>Avec Floranixena, chaque achat est un pas vers la d\u00e9couverte d\u2019un nouveau monde. Nos produits sont con\u00e7us pour enrichir votre exp\u00e9rience sensorielle et apporter une touche de magie \u00e0 votre quotidien. <\/p>\n<p>Explorez, r\u00eavez et laissez-vous inspirer par <a href=\"https:\/\/floranixena.it\/fr\/\" target=\"_blank\" rel=\"noopener\"><strong>Floranixena.<\/strong><\/a> Chaque parfum est une invitation \u00e0 d\u00e9couvrir le charme du monde myst\u00e9rieux des r\u00eaves. Achetez maintenant et transformez vos moments en un voyage inoubliable. <\/p>\n<p><strong>D\u00e9couvrez notre collection de Roses et Lilium Rose et transformez vos moments en un voyage inoubliable. <\/strong><\/p>\n","protected":false},"excerpt":{"rendered":"<ul>\n<li>4 Lilium rose<\/li>\n<li>4 Roses rose antique<\/li>\n<li>Chrysanth\u00e8me vert<\/li>\n<li>Feuilles d\u00e9coratives<\/li>\n<li><span style=\"color: #339966;\"><strong>Dans ce bouquet la livraison est gratuite<\/strong><\/span><\/li>\n<\/ul>\n<p>Vase non inclus<\/p>\n","protected":false},"featured_media":18266,"comment_status":"open","ping_status":"closed","template":"","meta":[],"product_brand":[],"product_cat":[3285,3256,3257,3287,3260,3273,3272,3274,3275,3255,3262,4065,3284,3443,3286,3699,3444,3445,3288,3270],"product_tag":[3928,4011,4564,4138,3927,3833],"class_list":{"0":"post-18265","1":"product","2":"type-product","3":"status-publish","4":"has-post-thumbnail","6":"product_cat-amitie","7":"product_cat-anniversaire","8":"product_cat-commemoration","9":"product_cat-felicitations","10":"product_cat-fete-de-la-femme","11":"product_cat-fleurs-dautomne","12":"product_cat-fleurs-dete","13":"product_cat-fleurs-dhiver","14":"product_cat-fleurs-de-printemps","15":"product_cat-fleurs-pour-les-evenements","16":"product_cat-jour-du-nom","17":"product_cat-lilium-fr","18":"product_cat-occasion-fr","19":"product_cat-pour-la-soeur","20":"product_cat-pour-les-couples-gays","21":"product_cat-pour-les-grands-parents","22":"product_cat-pour-les-oncles","23":"product_cat-pour-maman","24":"product_cat-pour-remercier-quelquun","25":"product_cat-roses-fr","26":"product_tag-bouquet-fr","27":"product_tag-chrysantheme","28":"product_tag-fleurs-roses","29":"product_tag-lilium-rose","30":"product_tag-rose-fr","31":"product_tag-roses-roses","33":"first","34":"instock","35":"sale","36":"shipping-taxable","37":"purchasable","38":"product-type-simple"},"yoast_head":"<!-- This site is optimized with the Yoast SEO Premium plugin v27.5 (Yoast SEO v27.5) - https:\/\/yoast.com\/product\/yoast-seo-premium-wordpress\/ -->\n<title>Bouquet lilium rose et roses - FloraNixena<\/title>\n<meta name=\"description\" content=\"Composition de lilium et de roses, vente de roses, bouquets et plantes \u00e0 offrir \u00e0 sa s\u0153ur, coll\u00e8gue, amie, grand-m\u00e8re, tante.\" \/>\n<meta name=\"robots\" content=\"index, follow, max-snippet:-1, max-image-preview:large, max-video-preview:-1\" \/>\n<link rel=\"canonical\" href=\"https:\/\/floranixena.it\/fr\/produit\/terre-de-reves\/\" \/>\n<meta property=\"og:locale\" content=\"fr_FR\" \/>\n<meta property=\"og:type\" content=\"article\" \/>\n<meta property=\"og:title\" content=\"Terre de r\u00eaves\" \/>\n<meta property=\"og:description\" content=\"4 Lilium rose  4 Roses rose antique  Chrysanth\u00e8me vert  Feuilles d\u00e9coratives  Dans ce bouquet la livraison est gratuite Vase non inclus\" \/>\n<meta property=\"og:url\" content=\"https:\/\/floranixena.it\/fr\/produit\/terre-de-reves\/\" \/>\n<meta property=\"og:site_name\" content=\"FloraNixena - livraison de fleurs et de plantes\" \/>\n<meta property=\"article:publisher\" content=\"https:\/\/www.facebook.com\/FloraNixena\/\" \/>\n<meta property=\"article:modified_time\" content=\"2025-09-18T10:20:49+00:00\" \/>\n<meta property=\"og:image\" content=\"https:\/\/floranixena.it\/wp-content\/uploads\/2018\/12\/mazzo_di_lilium_rosa_rose_e_sentini-verdi_vendita_rose_rosa_bouquet_e_piante_a_domicilio_da_regalare_alla_sorella_collega_amica_nonna_zia.jpg\" \/>\n\t<meta property=\"og:image:width\" content=\"800\" \/>\n\t<meta property=\"og:image:height\" content=\"800\" \/>\n\t<meta property=\"og:image:type\" content=\"image\/jpeg\" \/>\n<meta name=\"twitter:card\" content=\"summary_large_image\" \/>\n<meta name=\"twitter:label1\" content=\"Dur\u00e9e de lecture estim\u00e9e\" \/>\n\t<meta name=\"twitter:data1\" content=\"1 minute\" \/>\n<script type=\"application\/ld+json\" class=\"yoast-schema-graph\">{\"@context\":\"https:\\\/\\\/schema.org\",\"@graph\":[{\"@type\":\"WebPage\",\"@id\":\"https:\\\/\\\/floranixena.it\\\/fr\\\/produit\\\/terre-de-reves\\\/\",\"url\":\"https:\\\/\\\/floranixena.it\\\/fr\\\/produit\\\/terre-de-reves\\\/\",\"name\":\"Bouquet lilium rose et roses - FloraNixena\",\"isPartOf\":{\"@id\":\"https:\\\/\\\/floranixena.it\\\/fr\\\/#website\"},\"primaryImageOfPage\":{\"@id\":\"https:\\\/\\\/floranixena.it\\\/fr\\\/produit\\\/terre-de-reves\\\/#primaryimage\"},\"image\":{\"@id\":\"https:\\\/\\\/floranixena.it\\\/fr\\\/produit\\\/terre-de-reves\\\/#primaryimage\"},\"thumbnailUrl\":\"https:\\\/\\\/floranixena.it\\\/wp-content\\\/uploads\\\/2018\\\/12\\\/mazzo_di_lilium_rosa_rose_e_sentini-verdi_vendita_rose_rosa_bouquet_e_piante_a_domicilio_da_regalare_alla_sorella_collega_amica_nonna_zia.jpg\",\"datePublished\":\"2024-07-10T09:16:45+00:00\",\"dateModified\":\"2025-09-18T10:20:49+00:00\",\"description\":\"Composition de lilium et de roses, vente de roses, bouquets et plantes \u00e0 offrir \u00e0 sa s\u0153ur, coll\u00e8gue, amie, grand-m\u00e8re, tante.\",\"breadcrumb\":{\"@id\":\"https:\\\/\\\/floranixena.it\\\/fr\\\/produit\\\/terre-de-reves\\\/#breadcrumb\"},\"inLanguage\":\"fr-FR\",\"potentialAction\":[{\"@type\":\"ReadAction\",\"target\":[\"https:\\\/\\\/floranixena.it\\\/fr\\\/produit\\\/terre-de-reves\\\/\"]}]},{\"@type\":\"ImageObject\",\"inLanguage\":\"fr-FR\",\"@id\":\"https:\\\/\\\/floranixena.it\\\/fr\\\/produit\\\/terre-de-reves\\\/#primaryimage\",\"url\":\"https:\\\/\\\/floranixena.it\\\/wp-content\\\/uploads\\\/2018\\\/12\\\/mazzo_di_lilium_rosa_rose_e_sentini-verdi_vendita_rose_rosa_bouquet_e_piante_a_domicilio_da_regalare_alla_sorella_collega_amica_nonna_zia.jpg\",\"contentUrl\":\"https:\\\/\\\/floranixena.it\\\/wp-content\\\/uploads\\\/2018\\\/12\\\/mazzo_di_lilium_rosa_rose_e_sentini-verdi_vendita_rose_rosa_bouquet_e_piante_a_domicilio_da_regalare_alla_sorella_collega_amica_nonna_zia.jpg\",\"width\":800,\"height\":800,\"caption\":\"Bouquet con gigli rosa, rose e verde in vaso di vetro, con logo FloraNixena e motto \u201cdove fiorisce la passione\"},{\"@type\":\"BreadcrumbList\",\"@id\":\"https:\\\/\\\/floranixena.it\\\/fr\\\/produit\\\/terre-de-reves\\\/#breadcrumb\",\"itemListElement\":[{\"@type\":\"ListItem\",\"position\":1,\"name\":\"Home\",\"item\":\"https:\\\/\\\/floranixena.it\\\/fr\\\/\"},{\"@type\":\"ListItem\",\"position\":2,\"name\":\"Magasin\",\"item\":\"https:\\\/\\\/floranixena.it\\\/fr\\\/magasin\\\/\"},{\"@type\":\"ListItem\",\"position\":3,\"name\":\"Terre de r\u00eaves\"}]},{\"@type\":\"WebSite\",\"@id\":\"https:\\\/\\\/floranixena.it\\\/fr\\\/#website\",\"url\":\"https:\\\/\\\/floranixena.it\\\/fr\\\/\",\"name\":\"FloraNixena - Consegna fiori a domicilio in Italia\",\"description\":\"Invia fiori che raccontano storie\",\"publisher\":{\"@id\":\"https:\\\/\\\/floranixena.it\\\/fr\\\/#organization\"},\"alternateName\":\"FloraNixena.it\",\"potentialAction\":[{\"@type\":\"SearchAction\",\"target\":{\"@type\":\"EntryPoint\",\"urlTemplate\":\"https:\\\/\\\/floranixena.it\\\/fr\\\/?s={search_term_string}\"},\"query-input\":{\"@type\":\"PropertyValueSpecification\",\"valueRequired\":true,\"valueName\":\"search_term_string\"}}],\"inLanguage\":\"fr-FR\"},{\"@type\":\"Organization\",\"@id\":\"https:\\\/\\\/floranixena.it\\\/fr\\\/#organization\",\"name\":\"FloraNixena.it - Consegna mazzi di fiori, bouquet e piante a domicilio\",\"url\":\"https:\\\/\\\/floranixena.it\\\/fr\\\/\",\"logo\":{\"@type\":\"ImageObject\",\"inLanguage\":\"fr-FR\",\"@id\":\"https:\\\/\\\/floranixena.it\\\/fr\\\/#\\\/schema\\\/logo\\\/image\\\/\",\"url\":\"https:\\\/\\\/floranixena.it\\\/wp-content\\\/uploads\\\/2018\\\/11\\\/logo-fucsia.png\",\"contentUrl\":\"https:\\\/\\\/floranixena.it\\\/wp-content\\\/uploads\\\/2018\\\/11\\\/logo-fucsia.png\",\"width\":315,\"height\":81,\"caption\":\"FloraNixena.it - Consegna mazzi di fiori, bouquet e piante a domicilio\"},\"image\":{\"@id\":\"https:\\\/\\\/floranixena.it\\\/fr\\\/#\\\/schema\\\/logo\\\/image\\\/\"},\"sameAs\":[\"https:\\\/\\\/www.facebook.com\\\/FloraNixena\\\/\",\"https:\\\/\\\/www.instagram.com\\\/floranixena.it\\\/\",\"https:\\\/\\\/www.youtube.com\\\/channel\\\/UCAfCWXMBezO96jgPjiUgpkA\"],\"description\":\"Chi Siamo? FloraNixena \u00e8 il partner di fiducia per la consegna di fiori freschi a domicilio. Con anni di esperienza nel settore floreale, siamo dedicati a portare la bellezza e la freschezza dei fiori direttamente alla vostra porta. La Nostra Missione La nostra missione \u00e8 trasformare ogni occasione in un momento speciale attraverso la magia dei fiori. Crediamo che un bouquet possa dire pi\u00f9 di mille parole e lavoriamo instancabilmente per assicurarci che ogni consegna porti gioia, amore e bellezza. Cosa Offriamo? Fiori Freschi: Collaboriamo con i migliori fornitori locali per garantire che i nostri fiori siano sempre freschi e di alta qualit\u00e0. Consegna Rapida e Puntuale: Offriamo un servizio di consegna rapido e affidabile, con la possibilit\u00e0 di scegliere la fascia oraria che pi\u00f9 vi conviene. Ampia Selezione: Dalle rose classiche ai bouquet personalizzati, abbiamo una vasta gamma di opzioni per soddisfare ogni gusto e occasione. Assistenza Clienti: Il nostro team \u00e8 sempre a disposizione per assistervi nella scelta del bouquet perfetto e per garantire un'esperienza di acquisto senza intoppi. Perch\u00e9 Sceglierci? Qualit\u00e0 Garantita: Ogni bouquet \u00e8 realizzato con cura dai nostri esperti fioristi, garantendo che ogni composizione sia un'opera d'arte. Servizio Personalizzato: Che sia per un anniversario, un compleanno, una celebrazione o un momento di condoglianza, personalizziamo ogni ordine per rispondere alle vostre esigenze specifiche. Soddisfazione del Cliente: La vostra soddisfazione \u00e8 la nostra priorit\u00e0 assoluta. Facciamo tutto il possibile per assicurarci che ogni consegna superi le vostre aspettative.\",\"email\":\"amministrazione@floranixena.it\",\"telephone\":\"3806342394\",\"legalName\":\"Gaetano Votadoro\"}]}<\/script>\n<!-- \/ Yoast SEO Premium plugin. -->","yoast_head_json":{"title":"Bouquet lilium rose et roses - FloraNixena","description":"Composition de lilium et de roses, vente de roses, bouquets et plantes \u00e0 offrir \u00e0 sa s\u0153ur, coll\u00e8gue, amie, grand-m\u00e8re, tante.","robots":{"index":"index","follow":"follow","max-snippet":"max-snippet:-1","max-image-preview":"max-image-preview:large","max-video-preview":"max-video-preview:-1"},"canonical":"https:\/\/floranixena.it\/fr\/produit\/terre-de-reves\/","og_locale":"fr_FR","og_type":"article","og_title":"Terre de r\u00eaves","og_description":"4 Lilium rose  4 Roses rose antique  Chrysanth\u00e8me vert  Feuilles d\u00e9coratives  Dans ce bouquet la livraison est gratuite Vase non inclus","og_url":"https:\/\/floranixena.it\/fr\/produit\/terre-de-reves\/","og_site_name":"FloraNixena - livraison de fleurs et de plantes","article_publisher":"https:\/\/www.facebook.com\/FloraNixena\/","article_modified_time":"2025-09-18T10:20:49+00:00","og_image":[{"width":800,"height":800,"url":"https:\/\/floranixena.it\/wp-content\/uploads\/2018\/12\/mazzo_di_lilium_rosa_rose_e_sentini-verdi_vendita_rose_rosa_bouquet_e_piante_a_domicilio_da_regalare_alla_sorella_collega_amica_nonna_zia.jpg","type":"image\/jpeg"}],"twitter_card":"summary_large_image","twitter_misc":{"Dur\u00e9e de lecture estim\u00e9e":"1 minute"},"schema":{"@context":"https:\/\/schema.org","@graph":[{"@type":"WebPage","@id":"https:\/\/floranixena.it\/fr\/produit\/terre-de-reves\/","url":"https:\/\/floranixena.it\/fr\/produit\/terre-de-reves\/","name":"Bouquet lilium rose et roses - FloraNixena","isPartOf":{"@id":"https:\/\/floranixena.it\/fr\/#website"},"primaryImageOfPage":{"@id":"https:\/\/floranixena.it\/fr\/produit\/terre-de-reves\/#primaryimage"},"image":{"@id":"https:\/\/floranixena.it\/fr\/produit\/terre-de-reves\/#primaryimage"},"thumbnailUrl":"https:\/\/floranixena.it\/wp-content\/uploads\/2018\/12\/mazzo_di_lilium_rosa_rose_e_sentini-verdi_vendita_rose_rosa_bouquet_e_piante_a_domicilio_da_regalare_alla_sorella_collega_amica_nonna_zia.jpg","datePublished":"2024-07-10T09:16:45+00:00","dateModified":"2025-09-18T10:20:49+00:00","description":"Composition de lilium et de roses, vente de roses, bouquets et plantes \u00e0 offrir \u00e0 sa s\u0153ur, coll\u00e8gue, amie, grand-m\u00e8re, tante.","breadcrumb":{"@id":"https:\/\/floranixena.it\/fr\/produit\/terre-de-reves\/#breadcrumb"},"inLanguage":"fr-FR","potentialAction":[{"@type":"ReadAction","target":["https:\/\/floranixena.it\/fr\/produit\/terre-de-reves\/"]}]},{"@type":"ImageObject","inLanguage":"fr-FR","@id":"https:\/\/floranixena.it\/fr\/produit\/terre-de-reves\/#primaryimage","url":"https:\/\/floranixena.it\/wp-content\/uploads\/2018\/12\/mazzo_di_lilium_rosa_rose_e_sentini-verdi_vendita_rose_rosa_bouquet_e_piante_a_domicilio_da_regalare_alla_sorella_collega_amica_nonna_zia.jpg","contentUrl":"https:\/\/floranixena.it\/wp-content\/uploads\/2018\/12\/mazzo_di_lilium_rosa_rose_e_sentini-verdi_vendita_rose_rosa_bouquet_e_piante_a_domicilio_da_regalare_alla_sorella_collega_amica_nonna_zia.jpg","width":800,"height":800,"caption":"Bouquet con gigli rosa, rose e verde in vaso di vetro, con logo FloraNixena e motto \u201cdove fiorisce la passione"},{"@type":"BreadcrumbList","@id":"https:\/\/floranixena.it\/fr\/produit\/terre-de-reves\/#breadcrumb","itemListElement":[{"@type":"ListItem","position":1,"name":"Home","item":"https:\/\/floranixena.it\/fr\/"},{"@type":"ListItem","position":2,"name":"Magasin","item":"https:\/\/floranixena.it\/fr\/magasin\/"},{"@type":"ListItem","position":3,"name":"Terre de r\u00eaves"}]},{"@type":"WebSite","@id":"https:\/\/floranixena.it\/fr\/#website","url":"https:\/\/floranixena.it\/fr\/","name":"FloraNixena - Consegna fiori a domicilio in Italia","description":"Invia fiori che raccontano storie","publisher":{"@id":"https:\/\/floranixena.it\/fr\/#organization"},"alternateName":"FloraNixena.it","potentialAction":[{"@type":"SearchAction","target":{"@type":"EntryPoint","urlTemplate":"https:\/\/floranixena.it\/fr\/?s={search_term_string}"},"query-input":{"@type":"PropertyValueSpecification","valueRequired":true,"valueName":"search_term_string"}}],"inLanguage":"fr-FR"},{"@type":"Organization","@id":"https:\/\/floranixena.it\/fr\/#organization","name":"FloraNixena.it - Consegna mazzi di fiori, bouquet e piante a domicilio","url":"https:\/\/floranixena.it\/fr\/","logo":{"@type":"ImageObject","inLanguage":"fr-FR","@id":"https:\/\/floranixena.it\/fr\/#\/schema\/logo\/image\/","url":"https:\/\/floranixena.it\/wp-content\/uploads\/2018\/11\/logo-fucsia.png","contentUrl":"https:\/\/floranixena.it\/wp-content\/uploads\/2018\/11\/logo-fucsia.png","width":315,"height":81,"caption":"FloraNixena.it - Consegna mazzi di fiori, bouquet e piante a domicilio"},"image":{"@id":"https:\/\/floranixena.it\/fr\/#\/schema\/logo\/image\/"},"sameAs":["https:\/\/www.facebook.com\/FloraNixena\/","https:\/\/www.instagram.com\/floranixena.it\/","https:\/\/www.youtube.com\/channel\/UCAfCWXMBezO96jgPjiUgpkA"],"description":"Chi Siamo? FloraNixena \u00e8 il partner di fiducia per la consegna di fiori freschi a domicilio. Con anni di esperienza nel settore floreale, siamo dedicati a portare la bellezza e la freschezza dei fiori direttamente alla vostra porta. La Nostra Missione La nostra missione \u00e8 trasformare ogni occasione in un momento speciale attraverso la magia dei fiori. Crediamo che un bouquet possa dire pi\u00f9 di mille parole e lavoriamo instancabilmente per assicurarci che ogni consegna porti gioia, amore e bellezza. Cosa Offriamo? Fiori Freschi: Collaboriamo con i migliori fornitori locali per garantire che i nostri fiori siano sempre freschi e di alta qualit\u00e0. Consegna Rapida e Puntuale: Offriamo un servizio di consegna rapido e affidabile, con la possibilit\u00e0 di scegliere la fascia oraria che pi\u00f9 vi conviene. Ampia Selezione: Dalle rose classiche ai bouquet personalizzati, abbiamo una vasta gamma di opzioni per soddisfare ogni gusto e occasione. Assistenza Clienti: Il nostro team \u00e8 sempre a disposizione per assistervi nella scelta del bouquet perfetto e per garantire un'esperienza di acquisto senza intoppi. Perch\u00e9 Sceglierci? Qualit\u00e0 Garantita: Ogni bouquet \u00e8 realizzato con cura dai nostri esperti fioristi, garantendo che ogni composizione sia un'opera d'arte. Servizio Personalizzato: Che sia per un anniversario, un compleanno, una celebrazione o un momento di condoglianza, personalizziamo ogni ordine per rispondere alle vostre esigenze specifiche. Soddisfazione del Cliente: La vostra soddisfazione \u00e8 la nostra priorit\u00e0 assoluta. Facciamo tutto il possibile per assicurarci che ogni consegna superi le vostre aspettative.","email":"amministrazione@floranixena.it","telephone":"3806342394","legalName":"Gaetano Votadoro"}]}},"_links":{"self":[{"href":"https:\/\/floranixena.it\/fr\/wp-json\/wp\/v2\/product\/18265","targetHints":{"allow":["GET"]}}],"collection":[{"href":"https:\/\/floranixena.it\/fr\/wp-json\/wp\/v2\/product"}],"about":[{"href":"https:\/\/floranixena.it\/fr\/wp-json\/wp\/v2\/types\/product"}],"replies":[{"embeddable":true,"href":"https:\/\/floranixena.it\/fr\/wp-json\/wp\/v2\/comments?post=18265"}],"wp:featuredmedia":[{"embeddable":true,"href":"https:\/\/floranixena.it\/fr\/wp-json\/wp\/v2\/media\/18266"}],"wp:attachment":[{"href":"https:\/\/floranixena.it\/fr\/wp-json\/wp\/v2\/media?parent=18265"}],"wp:term":[{"taxonomy":"product_brand","embeddable":true,"href":"https:\/\/floranixena.it\/fr\/wp-json\/wp\/v2\/product_brand?post=18265"},{"taxonomy":"product_cat","embeddable":true,"href":"https:\/\/floranixena.it\/fr\/wp-json\/wp\/v2\/product_cat?post=18265"},{"taxonomy":"product_tag","embeddable":true,"href":"https:\/\/floranixena.it\/fr\/wp-json\/wp\/v2\/product_tag?post=18265"}],"curies":[{"name":"wp","href":"https:\/\/api.w.org\/{rel}","templated":true}]}}