{"id":18257,"date":"2024-07-11T09:23:34","date_gmt":"2024-07-11T07:23:34","guid":{"rendered":"https:\/\/floranixena.it\/product\/bouquet-de-roses-et-gerberas\/"},"modified":"2024-07-11T09:23:34","modified_gmt":"2024-07-11T07:23:34","slug":"bouquet-de-roses-et-gerberas","status":"publish","type":"product","link":"https:\/\/floranixena.it\/fr\/produit\/bouquet-de-roses-et-gerberas\/","title":{"rendered":"Bouquet de roses et gerberas"},"content":{"rendered":"<p>Apr\u00e8s des ann\u00e9es de recherche et d\u2019exp\u00e9rimentation, nos experts ont enfin trouv\u00e9 la formule presque infaillible pour le sourire parfait. Voici notre recette florale exclusive, enrichie avec la touche sp\u00e9ciale de <a href=\"https:\/\/floranixena.it\/fr\/\"><strong>Floranixena:<\/strong><\/a> <\/p>\n<p>Commencez par une g\u00e9n\u00e9reuse poign\u00e9e de roses et de violets. Ces fleurs, avec leurs couleurs douces et raffin\u00e9es, apportent d\u00e9licatesse et \u00e9l\u00e9gance au bouquet. Les <strong>roses roses<\/strong> symbolisent l\u2019amour et la douceur, tandis que les roses violettes \u00e9voquent le myst\u00e8re et la noblesse, cr\u00e9ant une combinaison qui d\u00e9gage chaleur et beaut\u00e9.  <\/p>\n<p>Ajoutez un soup\u00e7on d\u2019alstromerie, le <a href=\"https:\/\/www.tuttogreen.it\/alstroemeria-fiore-pianta\/\"><strong>lilium du P\u00e9rou<\/strong><\/a>, connu pour ses couleurs vives et ses nuances vari\u00e9es. Cette fleur apporte fra\u00eecheur et vitalit\u00e9 au m\u00e9lange, une v\u00e9ritable touche de soleil qui illumine et revigore toute la composition. <\/p>\n<p>Pour compl\u00e9ter, n\u2019oubliez pas de saupoudrer de <strong>gerberas.<\/strong> Ces fleurs, avec leurs teintes vives et leurs p\u00e9tales joyeux, apportent une touche finale de joie et d\u2019insouciance. Les gerberas sont le symbole de la puret\u00e9 et de l\u2019innocence, et ajoutent une \u00e9nergie contagieuse et optimiste. <\/p>\n<p>Et maintenant, le secret pour obtenir un sourire parfait : enrichissez votre bouquet avec Floranixena, notre m\u00e9lange exclusif d\u2019essences florales qui exalte la beaut\u00e9 des fleurs et amplifie l\u2019effet positif de chaque composition. Avec Floranixena, chaque bouquet devient une c\u00e9l\u00e9bration de joie et d\u2019harmonie, cr\u00e9ant une atmosph\u00e8re irr\u00e9sistible qui se refl\u00e8te dans un sourire authentique et lumineux. <\/p>\n<p>En achetant chez nous, non seulement vous emporterez chez vous un produit de haute qualit\u00e9, mais vous d\u00e9couvrirez \u00e9galement le v\u00e9ritable secret pour obtenir un sourire sinc\u00e8re et contagieux. La magie des <strong>fleurs<\/strong> et le soin que nous mettons dans chaque pr\u00e9paration se combinent pour vous offrir une exp\u00e9rience unique, qui se traduit par un sourire qui parle au c\u0153ur. <\/p>\n","protected":false},"excerpt":{"rendered":"<ul>\n<li>3 Roses roses<\/li>\n<li>3 Roses violettes<\/li>\n<li>6 Gerberas roses<\/li>\n<li>Alstromeria<\/li>\n<li>Feuilles d\u00e9coratives<\/li>\n<li><span style=\"color: #339966;\"><strong>Dans ce bouquet la livraison est gratuite<\/strong><\/span><\/li>\n<\/ul>\n<p>Vase non inclus<\/p>\n","protected":false},"featured_media":18258,"comment_status":"open","ping_status":"closed","template":"","meta":[],"product_brand":[],"product_cat":[3693,3285,3269,3287,3260,3263,3273,3272,3274,3275,3255,3958,3265,3443,3286,3699,3444,3288,3842,3843,3703,3270],"product_tag":[3928,4552,4551,4411,4553,3905,3927,4106],"class_list":{"0":"post-18257","1":"product","2":"type-product","3":"status-publish","4":"has-post-thumbnail","6":"product_cat-25-anniversaire-mariage-en-argent","7":"product_cat-amitie","8":"product_cat-excuses","9":"product_cat-felicitations","10":"product_cat-fete-de-la-femme","11":"product_cat-fete-des-meres","12":"product_cat-fleurs-dautomne","13":"product_cat-fleurs-dete","14":"product_cat-fleurs-dhiver","15":"product_cat-fleurs-de-printemps","16":"product_cat-fleurs-pour-les-evenements","17":"product_cat-gerberas-fr","18":"product_cat-pour-de-nouvelles-revelations","19":"product_cat-pour-la-soeur","20":"product_cat-pour-les-couples-gays","21":"product_cat-pour-les-grands-parents","22":"product_cat-pour-les-oncles","23":"product_cat-pour-remercier-quelquun","24":"product_cat-pour-un-ami","25":"product_cat-pour-un-collegue","26":"product_cat-pour-un-homme","27":"product_cat-roses-fr","28":"product_tag-bouquet-fr","29":"product_tag-cadeau-fleurs","30":"product_tag-chrysantheme-fr-2","31":"product_tag-excuses","32":"product_tag-fleurs-pour-les-couples-gays","33":"product_tag-gerberas-fr","34":"product_tag-rose-fr","35":"product_tag-roses-fr","37":"first","38":"instock","39":"shipping-taxable","40":"purchasable","41":"product-type-simple"},"yoast_head":"<!-- This site is optimized with the Yoast SEO Premium plugin v27.5 (Yoast SEO v27.5) - https:\/\/yoast.com\/product\/yoast-seo-premium-wordpress\/ -->\n<title>Bouquet de roses et gerberas - FloraNixena<\/title>\n<meta name=\"description\" content=\"Bouquet de Roses et gerberas roses, Livraison de fleurs en ligne \u00e0 domicile \u00e0 Empoli, San Miniato, Poggibonsi, Arezzo, Pagnacco, Gorizia, Asti\" \/>\n<meta name=\"robots\" content=\"index, follow, max-snippet:-1, max-image-preview:large, max-video-preview:-1\" \/>\n<link rel=\"canonical\" href=\"https:\/\/floranixena.it\/fr\/produit\/bouquet-de-roses-et-gerberas\/\" \/>\n<meta property=\"og:locale\" content=\"fr_FR\" \/>\n<meta property=\"og:type\" content=\"article\" \/>\n<meta property=\"og:title\" content=\"Bouquet de roses et gerberas\" \/>\n<meta property=\"og:description\" content=\"3 Roses roses  3 Roses violettes  6 Gerberas roses  Alstromeria  Feuilles d\u00e9coratives  Dans ce bouquet la livraison est gratuite Vase non inclus\" \/>\n<meta property=\"og:url\" content=\"https:\/\/floranixena.it\/fr\/produit\/bouquet-de-roses-et-gerberas\/\" \/>\n<meta property=\"og:site_name\" content=\"FloraNixena - livraison de fleurs et de plantes\" \/>\n<meta property=\"article:publisher\" content=\"https:\/\/www.facebook.com\/FloraNixena\/\" \/>\n<meta property=\"og:image\" content=\"https:\/\/floranixena.it\/wp-content\/uploads\/2018\/12\/mazzo_e_rose-e-gerbere-rosa_regalo_mazzo_di_fiori_a_domicilio_per_coppia_gay_moglie_fidanzata_ammiratore_segreto_amica_collega.jpg\" \/>\n\t<meta property=\"og:image:width\" content=\"800\" \/>\n\t<meta property=\"og:image:height\" content=\"800\" \/>\n\t<meta property=\"og:image:type\" content=\"image\/jpeg\" \/>\n<meta name=\"twitter:card\" content=\"summary_large_image\" \/>\n<meta name=\"twitter:label1\" content=\"Dur\u00e9e de lecture estim\u00e9e\" \/>\n\t<meta name=\"twitter:data1\" content=\"2 minutes\" \/>\n<script type=\"application\/ld+json\" class=\"yoast-schema-graph\">{\"@context\":\"https:\\\/\\\/schema.org\",\"@graph\":[{\"@type\":\"WebPage\",\"@id\":\"https:\\\/\\\/floranixena.it\\\/fr\\\/produit\\\/bouquet-de-roses-et-gerberas\\\/\",\"url\":\"https:\\\/\\\/floranixena.it\\\/fr\\\/produit\\\/bouquet-de-roses-et-gerberas\\\/\",\"name\":\"Bouquet de roses et gerberas - FloraNixena\",\"isPartOf\":{\"@id\":\"https:\\\/\\\/floranixena.it\\\/fr\\\/#website\"},\"primaryImageOfPage\":{\"@id\":\"https:\\\/\\\/floranixena.it\\\/fr\\\/produit\\\/bouquet-de-roses-et-gerberas\\\/#primaryimage\"},\"image\":{\"@id\":\"https:\\\/\\\/floranixena.it\\\/fr\\\/produit\\\/bouquet-de-roses-et-gerberas\\\/#primaryimage\"},\"thumbnailUrl\":\"https:\\\/\\\/floranixena.it\\\/wp-content\\\/uploads\\\/2018\\\/12\\\/mazzo_e_rose-e-gerbere-rosa_regalo_mazzo_di_fiori_a_domicilio_per_coppia_gay_moglie_fidanzata_ammiratore_segreto_amica_collega.jpg\",\"datePublished\":\"2024-07-11T07:23:34+00:00\",\"description\":\"Bouquet de Roses et gerberas roses, Livraison de fleurs en ligne \u00e0 domicile \u00e0 Empoli, San Miniato, Poggibonsi, Arezzo, Pagnacco, Gorizia, Asti\",\"breadcrumb\":{\"@id\":\"https:\\\/\\\/floranixena.it\\\/fr\\\/produit\\\/bouquet-de-roses-et-gerberas\\\/#breadcrumb\"},\"inLanguage\":\"fr-FR\",\"potentialAction\":[{\"@type\":\"ReadAction\",\"target\":[\"https:\\\/\\\/floranixena.it\\\/fr\\\/produit\\\/bouquet-de-roses-et-gerberas\\\/\"]}]},{\"@type\":\"ImageObject\",\"inLanguage\":\"fr-FR\",\"@id\":\"https:\\\/\\\/floranixena.it\\\/fr\\\/produit\\\/bouquet-de-roses-et-gerberas\\\/#primaryimage\",\"url\":\"https:\\\/\\\/floranixena.it\\\/wp-content\\\/uploads\\\/2018\\\/12\\\/mazzo_e_rose-e-gerbere-rosa_regalo_mazzo_di_fiori_a_domicilio_per_coppia_gay_moglie_fidanzata_ammiratore_segreto_amica_collega.jpg\",\"contentUrl\":\"https:\\\/\\\/floranixena.it\\\/wp-content\\\/uploads\\\/2018\\\/12\\\/mazzo_e_rose-e-gerbere-rosa_regalo_mazzo_di_fiori_a_domicilio_per_coppia_gay_moglie_fidanzata_ammiratore_segreto_amica_collega.jpg\",\"width\":800,\"height\":800,\"caption\":\"Bouquet di Rose e gerbere rosa\"},{\"@type\":\"BreadcrumbList\",\"@id\":\"https:\\\/\\\/floranixena.it\\\/fr\\\/produit\\\/bouquet-de-roses-et-gerberas\\\/#breadcrumb\",\"itemListElement\":[{\"@type\":\"ListItem\",\"position\":1,\"name\":\"Home\",\"item\":\"https:\\\/\\\/floranixena.it\\\/fr\\\/\"},{\"@type\":\"ListItem\",\"position\":2,\"name\":\"Magasin\",\"item\":\"https:\\\/\\\/floranixena.it\\\/fr\\\/magasin\\\/\"},{\"@type\":\"ListItem\",\"position\":3,\"name\":\"Bouquet de roses et gerberas\"}]},{\"@type\":\"WebSite\",\"@id\":\"https:\\\/\\\/floranixena.it\\\/fr\\\/#website\",\"url\":\"https:\\\/\\\/floranixena.it\\\/fr\\\/\",\"name\":\"FloraNixena - Consegna fiori a domicilio in Italia\",\"description\":\"Invia fiori che raccontano storie\",\"publisher\":{\"@id\":\"https:\\\/\\\/floranixena.it\\\/fr\\\/#organization\"},\"alternateName\":\"FloraNixena.it\",\"potentialAction\":[{\"@type\":\"SearchAction\",\"target\":{\"@type\":\"EntryPoint\",\"urlTemplate\":\"https:\\\/\\\/floranixena.it\\\/fr\\\/?s={search_term_string}\"},\"query-input\":{\"@type\":\"PropertyValueSpecification\",\"valueRequired\":true,\"valueName\":\"search_term_string\"}}],\"inLanguage\":\"fr-FR\"},{\"@type\":\"Organization\",\"@id\":\"https:\\\/\\\/floranixena.it\\\/fr\\\/#organization\",\"name\":\"FloraNixena.it - Consegna mazzi di fiori, bouquet e piante a domicilio\",\"url\":\"https:\\\/\\\/floranixena.it\\\/fr\\\/\",\"logo\":{\"@type\":\"ImageObject\",\"inLanguage\":\"fr-FR\",\"@id\":\"https:\\\/\\\/floranixena.it\\\/fr\\\/#\\\/schema\\\/logo\\\/image\\\/\",\"url\":\"https:\\\/\\\/floranixena.it\\\/wp-content\\\/uploads\\\/2018\\\/11\\\/logo-fucsia.png\",\"contentUrl\":\"https:\\\/\\\/floranixena.it\\\/wp-content\\\/uploads\\\/2018\\\/11\\\/logo-fucsia.png\",\"width\":315,\"height\":81,\"caption\":\"FloraNixena.it - Consegna mazzi di fiori, bouquet e piante a domicilio\"},\"image\":{\"@id\":\"https:\\\/\\\/floranixena.it\\\/fr\\\/#\\\/schema\\\/logo\\\/image\\\/\"},\"sameAs\":[\"https:\\\/\\\/www.facebook.com\\\/FloraNixena\\\/\",\"https:\\\/\\\/www.instagram.com\\\/floranixena.it\\\/\",\"https:\\\/\\\/www.youtube.com\\\/channel\\\/UCAfCWXMBezO96jgPjiUgpkA\"],\"description\":\"Chi Siamo? FloraNixena \u00e8 il partner di fiducia per la consegna di fiori freschi a domicilio. Con anni di esperienza nel settore floreale, siamo dedicati a portare la bellezza e la freschezza dei fiori direttamente alla vostra porta. La Nostra Missione La nostra missione \u00e8 trasformare ogni occasione in un momento speciale attraverso la magia dei fiori. Crediamo che un bouquet possa dire pi\u00f9 di mille parole e lavoriamo instancabilmente per assicurarci che ogni consegna porti gioia, amore e bellezza. Cosa Offriamo? Fiori Freschi: Collaboriamo con i migliori fornitori locali per garantire che i nostri fiori siano sempre freschi e di alta qualit\u00e0. Consegna Rapida e Puntuale: Offriamo un servizio di consegna rapido e affidabile, con la possibilit\u00e0 di scegliere la fascia oraria che pi\u00f9 vi conviene. Ampia Selezione: Dalle rose classiche ai bouquet personalizzati, abbiamo una vasta gamma di opzioni per soddisfare ogni gusto e occasione. Assistenza Clienti: Il nostro team \u00e8 sempre a disposizione per assistervi nella scelta del bouquet perfetto e per garantire un'esperienza di acquisto senza intoppi. Perch\u00e9 Sceglierci? Qualit\u00e0 Garantita: Ogni bouquet \u00e8 realizzato con cura dai nostri esperti fioristi, garantendo che ogni composizione sia un'opera d'arte. Servizio Personalizzato: Che sia per un anniversario, un compleanno, una celebrazione o un momento di condoglianza, personalizziamo ogni ordine per rispondere alle vostre esigenze specifiche. Soddisfazione del Cliente: La vostra soddisfazione \u00e8 la nostra priorit\u00e0 assoluta. Facciamo tutto il possibile per assicurarci che ogni consegna superi le vostre aspettative.\",\"email\":\"amministrazione@floranixena.it\",\"telephone\":\"3806342394\",\"legalName\":\"Gaetano Votadoro\"}]}<\/script>\n<!-- \/ Yoast SEO Premium plugin. -->","yoast_head_json":{"title":"Bouquet de roses et gerberas - FloraNixena","description":"Bouquet de Roses et gerberas roses, Livraison de fleurs en ligne \u00e0 domicile \u00e0 Empoli, San Miniato, Poggibonsi, Arezzo, Pagnacco, Gorizia, Asti","robots":{"index":"index","follow":"follow","max-snippet":"max-snippet:-1","max-image-preview":"max-image-preview:large","max-video-preview":"max-video-preview:-1"},"canonical":"https:\/\/floranixena.it\/fr\/produit\/bouquet-de-roses-et-gerberas\/","og_locale":"fr_FR","og_type":"article","og_title":"Bouquet de roses et gerberas","og_description":"3 Roses roses  3 Roses violettes  6 Gerberas roses  Alstromeria  Feuilles d\u00e9coratives  Dans ce bouquet la livraison est gratuite Vase non inclus","og_url":"https:\/\/floranixena.it\/fr\/produit\/bouquet-de-roses-et-gerberas\/","og_site_name":"FloraNixena - livraison de fleurs et de plantes","article_publisher":"https:\/\/www.facebook.com\/FloraNixena\/","og_image":[{"width":800,"height":800,"url":"https:\/\/floranixena.it\/wp-content\/uploads\/2018\/12\/mazzo_e_rose-e-gerbere-rosa_regalo_mazzo_di_fiori_a_domicilio_per_coppia_gay_moglie_fidanzata_ammiratore_segreto_amica_collega.jpg","type":"image\/jpeg"}],"twitter_card":"summary_large_image","twitter_misc":{"Dur\u00e9e de lecture estim\u00e9e":"2 minutes"},"schema":{"@context":"https:\/\/schema.org","@graph":[{"@type":"WebPage","@id":"https:\/\/floranixena.it\/fr\/produit\/bouquet-de-roses-et-gerberas\/","url":"https:\/\/floranixena.it\/fr\/produit\/bouquet-de-roses-et-gerberas\/","name":"Bouquet de roses et gerberas - FloraNixena","isPartOf":{"@id":"https:\/\/floranixena.it\/fr\/#website"},"primaryImageOfPage":{"@id":"https:\/\/floranixena.it\/fr\/produit\/bouquet-de-roses-et-gerberas\/#primaryimage"},"image":{"@id":"https:\/\/floranixena.it\/fr\/produit\/bouquet-de-roses-et-gerberas\/#primaryimage"},"thumbnailUrl":"https:\/\/floranixena.it\/wp-content\/uploads\/2018\/12\/mazzo_e_rose-e-gerbere-rosa_regalo_mazzo_di_fiori_a_domicilio_per_coppia_gay_moglie_fidanzata_ammiratore_segreto_amica_collega.jpg","datePublished":"2024-07-11T07:23:34+00:00","description":"Bouquet de Roses et gerberas roses, Livraison de fleurs en ligne \u00e0 domicile \u00e0 Empoli, San Miniato, Poggibonsi, Arezzo, Pagnacco, Gorizia, Asti","breadcrumb":{"@id":"https:\/\/floranixena.it\/fr\/produit\/bouquet-de-roses-et-gerberas\/#breadcrumb"},"inLanguage":"fr-FR","potentialAction":[{"@type":"ReadAction","target":["https:\/\/floranixena.it\/fr\/produit\/bouquet-de-roses-et-gerberas\/"]}]},{"@type":"ImageObject","inLanguage":"fr-FR","@id":"https:\/\/floranixena.it\/fr\/produit\/bouquet-de-roses-et-gerberas\/#primaryimage","url":"https:\/\/floranixena.it\/wp-content\/uploads\/2018\/12\/mazzo_e_rose-e-gerbere-rosa_regalo_mazzo_di_fiori_a_domicilio_per_coppia_gay_moglie_fidanzata_ammiratore_segreto_amica_collega.jpg","contentUrl":"https:\/\/floranixena.it\/wp-content\/uploads\/2018\/12\/mazzo_e_rose-e-gerbere-rosa_regalo_mazzo_di_fiori_a_domicilio_per_coppia_gay_moglie_fidanzata_ammiratore_segreto_amica_collega.jpg","width":800,"height":800,"caption":"Bouquet di Rose e gerbere rosa"},{"@type":"BreadcrumbList","@id":"https:\/\/floranixena.it\/fr\/produit\/bouquet-de-roses-et-gerberas\/#breadcrumb","itemListElement":[{"@type":"ListItem","position":1,"name":"Home","item":"https:\/\/floranixena.it\/fr\/"},{"@type":"ListItem","position":2,"name":"Magasin","item":"https:\/\/floranixena.it\/fr\/magasin\/"},{"@type":"ListItem","position":3,"name":"Bouquet de roses et gerberas"}]},{"@type":"WebSite","@id":"https:\/\/floranixena.it\/fr\/#website","url":"https:\/\/floranixena.it\/fr\/","name":"FloraNixena - Consegna fiori a domicilio in Italia","description":"Invia fiori che raccontano storie","publisher":{"@id":"https:\/\/floranixena.it\/fr\/#organization"},"alternateName":"FloraNixena.it","potentialAction":[{"@type":"SearchAction","target":{"@type":"EntryPoint","urlTemplate":"https:\/\/floranixena.it\/fr\/?s={search_term_string}"},"query-input":{"@type":"PropertyValueSpecification","valueRequired":true,"valueName":"search_term_string"}}],"inLanguage":"fr-FR"},{"@type":"Organization","@id":"https:\/\/floranixena.it\/fr\/#organization","name":"FloraNixena.it - Consegna mazzi di fiori, bouquet e piante a domicilio","url":"https:\/\/floranixena.it\/fr\/","logo":{"@type":"ImageObject","inLanguage":"fr-FR","@id":"https:\/\/floranixena.it\/fr\/#\/schema\/logo\/image\/","url":"https:\/\/floranixena.it\/wp-content\/uploads\/2018\/11\/logo-fucsia.png","contentUrl":"https:\/\/floranixena.it\/wp-content\/uploads\/2018\/11\/logo-fucsia.png","width":315,"height":81,"caption":"FloraNixena.it - Consegna mazzi di fiori, bouquet e piante a domicilio"},"image":{"@id":"https:\/\/floranixena.it\/fr\/#\/schema\/logo\/image\/"},"sameAs":["https:\/\/www.facebook.com\/FloraNixena\/","https:\/\/www.instagram.com\/floranixena.it\/","https:\/\/www.youtube.com\/channel\/UCAfCWXMBezO96jgPjiUgpkA"],"description":"Chi Siamo? FloraNixena \u00e8 il partner di fiducia per la consegna di fiori freschi a domicilio. Con anni di esperienza nel settore floreale, siamo dedicati a portare la bellezza e la freschezza dei fiori direttamente alla vostra porta. La Nostra Missione La nostra missione \u00e8 trasformare ogni occasione in un momento speciale attraverso la magia dei fiori. Crediamo che un bouquet possa dire pi\u00f9 di mille parole e lavoriamo instancabilmente per assicurarci che ogni consegna porti gioia, amore e bellezza. Cosa Offriamo? Fiori Freschi: Collaboriamo con i migliori fornitori locali per garantire che i nostri fiori siano sempre freschi e di alta qualit\u00e0. Consegna Rapida e Puntuale: Offriamo un servizio di consegna rapido e affidabile, con la possibilit\u00e0 di scegliere la fascia oraria che pi\u00f9 vi conviene. Ampia Selezione: Dalle rose classiche ai bouquet personalizzati, abbiamo una vasta gamma di opzioni per soddisfare ogni gusto e occasione. Assistenza Clienti: Il nostro team \u00e8 sempre a disposizione per assistervi nella scelta del bouquet perfetto e per garantire un'esperienza di acquisto senza intoppi. Perch\u00e9 Sceglierci? Qualit\u00e0 Garantita: Ogni bouquet \u00e8 realizzato con cura dai nostri esperti fioristi, garantendo che ogni composizione sia un'opera d'arte. Servizio Personalizzato: Che sia per un anniversario, un compleanno, una celebrazione o un momento di condoglianza, personalizziamo ogni ordine per rispondere alle vostre esigenze specifiche. Soddisfazione del Cliente: La vostra soddisfazione \u00e8 la nostra priorit\u00e0 assoluta. Facciamo tutto il possibile per assicurarci che ogni consegna superi le vostre aspettative.","email":"amministrazione@floranixena.it","telephone":"3806342394","legalName":"Gaetano Votadoro"}]}},"_links":{"self":[{"href":"https:\/\/floranixena.it\/fr\/wp-json\/wp\/v2\/product\/18257","targetHints":{"allow":["GET"]}}],"collection":[{"href":"https:\/\/floranixena.it\/fr\/wp-json\/wp\/v2\/product"}],"about":[{"href":"https:\/\/floranixena.it\/fr\/wp-json\/wp\/v2\/types\/product"}],"replies":[{"embeddable":true,"href":"https:\/\/floranixena.it\/fr\/wp-json\/wp\/v2\/comments?post=18257"}],"wp:featuredmedia":[{"embeddable":true,"href":"https:\/\/floranixena.it\/fr\/wp-json\/wp\/v2\/media\/18258"}],"wp:attachment":[{"href":"https:\/\/floranixena.it\/fr\/wp-json\/wp\/v2\/media?parent=18257"}],"wp:term":[{"taxonomy":"product_brand","embeddable":true,"href":"https:\/\/floranixena.it\/fr\/wp-json\/wp\/v2\/product_brand?post=18257"},{"taxonomy":"product_cat","embeddable":true,"href":"https:\/\/floranixena.it\/fr\/wp-json\/wp\/v2\/product_cat?post=18257"},{"taxonomy":"product_tag","embeddable":true,"href":"https:\/\/floranixena.it\/fr\/wp-json\/wp\/v2\/product_tag?post=18257"}],"curies":[{"name":"wp","href":"https:\/\/api.w.org\/{rel}","templated":true}]}}