{"id":18253,"date":"2024-07-12T14:12:02","date_gmt":"2024-07-12T12:12:02","guid":{"rendered":"https:\/\/floranixena.it\/product\/bouteille-de-vin-local-d-o-c\/"},"modified":"2024-07-12T14:12:02","modified_gmt":"2024-07-12T12:12:02","slug":"bouteille-de-vin-local-d-o-c","status":"publish","type":"product","link":"https:\/\/floranixena.it\/fr\/produit\/bouteille-de-vin-local-d-o-c\/","title":{"rendered":"Bouteille de Vin Local D.O.C."},"content":{"rendered":"<p>L\u2019Italie est c\u00e9l\u00e8bre dans le monde entier pour sa tradition vinicole, et chaque r\u00e9gion offre une grande vari\u00e9t\u00e9 de vins qui encapsulent la richesse et la diversit\u00e9 de notre territoire. Si vous cherchez une fa\u00e7on sp\u00e9ciale de surprendre un \u00eatre cher, que ce soit pour une c\u00e9l\u00e9bration importante ou pour un geste affectueux, choisissez un <strong>vin local D.O.C.<\/strong> est toujours un choix raffin\u00e9 et s\u00fbr. <\/p>\n<p>Les vins D.O.C. (Appellation d&rsquo;Origine Contr\u00f4l\u00e9e) repr\u00e9sentent l\u2019excellence de la production vinicole italienne et sont le r\u00e9sultat de si\u00e8cles de tradition et de passion. Vous pourriez opter pour un <strong>vin blanc<\/strong>, peut-\u00eatre un Vermentino frais et aromatique de la Liguria, id\u00e9al pour accompagner des plats \u00e0 base de poisson, ou un \u00e9l\u00e9gant Pinot Grigio du Friuli Venezia Giulia, parfait pour les ap\u00e9ritifs et les d\u00eeners l\u00e9gers. <\/p>\n<p>Si vous pr\u00e9f\u00e9rez un vin <strong>rouge,<\/strong> vous pourriez envisager un Chianti Classique, symbole de la Toscana, avec ses notes de fruits rouges et d\u2019\u00e9pices, qui se marie magnifiquement avec des plats de viande et des fromages affin\u00e9s. Ou un Barolo, du Pi\u00e9mont, avec sa structure complexe et son bouquet enveloppant, qui rendra chaque occasion encore plus sp\u00e9ciale. <\/p>\n<p>Quel que soit votre choix, chaque bouteille de vin D.O.C. raconte une histoire de qualit\u00e9 et de d\u00e9vouement, et sera certainement appr\u00e9ci\u00e9e par ceux qui recevront vos pens\u00e9es. Offrir un bon vin est un geste d\u2019<strong>\u00e9l\u00e9gance<\/strong> qui montre l\u2019attention et le soin envers le destinataire, et il n\u2019y a pas de meilleure fa\u00e7on de c\u00e9l\u00e9brer un moment sp\u00e9cial ou simplement pour montrer l\u2019affection et la consid\u00e9ration. <\/p>\n<p style=\"text-align: justify;\">Nous choisissons le meilleur vin local typiquement D.O.C. blanc ou rouge que vous choisirez, pour surprendre la personne qui vous est ch\u00e8re.<\/p>\n","protected":false},"excerpt":{"rendered":"<ul>\n<li>Quantit\u00e9: 0.75 cl<\/li>\n<li>TYPOLOGIE :<br \/>\nAppellation d\u2019origine contr\u00f4l\u00e9e et garantie (d.o.c.)<\/li>\n<li>Disponible rouge ou blanc (Choisissez dans le menu)<\/li>\n<\/ul>\n<p><strong>Ce produit ne peut \u00eatre achet\u00e9 qu\u2019en combinaison avec une composition florale.<\/strong><\/p>\n","protected":false},"featured_media":21493,"comment_status":"closed","ping_status":"closed","template":"","meta":[],"product_brand":[],"product_cat":[4041,4504],"product_tag":[4545,4544],"class_list":{"0":"post-18253","1":"product","2":"type-product","3":"status-publish","4":"has-post-thumbnail","6":"product_cat-cadeaux","7":"product_cat-vases-et-cadeaux","8":"product_tag-vin-local","9":"product_tag-vin-rouge","11":"first","12":"instock","13":"sale","14":"shipping-taxable","15":"purchasable","16":"product-type-simple"},"yoast_head":"<!-- This site is optimized with the Yoast SEO Premium plugin v27.5 (Yoast SEO v27.5) - https:\/\/yoast.com\/product\/yoast-seo-premium-wordpress\/ -->\n<title>Bouteille de vin local - FloraNixena - livraison de fleurs et de plantes<\/title>\n<meta name=\"description\" content=\"Achetez un vin local D.O.C. et associez-le \u00e0 un bouquet de fleurs fra\u00eeches pour un cadeau \u00e9l\u00e9gant et inoubliable. Parfait pour toute occasion sp\u00e9ciale!\" \/>\n<meta name=\"robots\" content=\"index, follow, max-snippet:-1, max-image-preview:large, max-video-preview:-1\" \/>\n<link rel=\"canonical\" href=\"https:\/\/floranixena.it\/fr\/produit\/bouteille-de-vin-local-d-o-c\/\" \/>\n<meta property=\"og:locale\" content=\"fr_FR\" \/>\n<meta property=\"og:type\" content=\"article\" \/>\n<meta property=\"og:title\" content=\"Bouteille de Vin Local D.O.C.\" \/>\n<meta property=\"og:description\" content=\"Quantit\u00e9: 0.75 cl  TYPOLOGIE : Appellation d\u2019origine contr\u00f4l\u00e9e et garantie (d.o.c.)  Disponible rouge ou blanc (Choisissez dans le menu) Ce produit ne peut \u00eatre achet\u00e9 qu\u2019en combinaison avec une composition florale.\" \/>\n<meta property=\"og:url\" content=\"https:\/\/floranixena.it\/fr\/produit\/bouteille-de-vin-local-d-o-c\/\" \/>\n<meta property=\"og:site_name\" content=\"FloraNixena - livraison de fleurs et de plantes\" \/>\n<meta property=\"article:publisher\" content=\"https:\/\/www.facebook.com\/FloraNixena\/\" \/>\n<meta property=\"og:image\" content=\"https:\/\/floranixena.it\/wp-content\/uploads\/2018\/12\/bottiglia-di-vino-da-abbinare-con-un-mazzo-di-fiori-con-consegna-a-domicilio-a-milano-e-roma.png\" \/>\n\t<meta property=\"og:image:width\" content=\"800\" \/>\n\t<meta property=\"og:image:height\" content=\"800\" \/>\n\t<meta property=\"og:image:type\" content=\"image\/png\" \/>\n<meta name=\"twitter:card\" content=\"summary_large_image\" \/>\n<meta name=\"twitter:label1\" content=\"Dur\u00e9e de lecture estim\u00e9e\" \/>\n\t<meta name=\"twitter:data1\" content=\"2 minutes\" \/>\n<script type=\"application\/ld+json\" class=\"yoast-schema-graph\">{\"@context\":\"https:\\\/\\\/schema.org\",\"@graph\":[{\"@type\":\"WebPage\",\"@id\":\"https:\\\/\\\/floranixena.it\\\/fr\\\/produit\\\/bouteille-de-vin-local-d-o-c\\\/\",\"url\":\"https:\\\/\\\/floranixena.it\\\/fr\\\/produit\\\/bouteille-de-vin-local-d-o-c\\\/\",\"name\":\"Bouteille de vin local - FloraNixena - livraison de fleurs et de plantes\",\"isPartOf\":{\"@id\":\"https:\\\/\\\/floranixena.it\\\/fr\\\/#website\"},\"primaryImageOfPage\":{\"@id\":\"https:\\\/\\\/floranixena.it\\\/fr\\\/produit\\\/bouteille-de-vin-local-d-o-c\\\/#primaryimage\"},\"image\":{\"@id\":\"https:\\\/\\\/floranixena.it\\\/fr\\\/produit\\\/bouteille-de-vin-local-d-o-c\\\/#primaryimage\"},\"thumbnailUrl\":\"https:\\\/\\\/floranixena.it\\\/wp-content\\\/uploads\\\/2018\\\/12\\\/bottiglia-di-vino-da-abbinare-con-un-mazzo-di-fiori-con-consegna-a-domicilio-a-milano-e-roma.png\",\"datePublished\":\"2024-07-12T12:12:02+00:00\",\"description\":\"Achetez un vin local D.O.C. et associez-le \u00e0 un bouquet de fleurs fra\u00eeches pour un cadeau \u00e9l\u00e9gant et inoubliable. Parfait pour toute occasion sp\u00e9ciale!\",\"breadcrumb\":{\"@id\":\"https:\\\/\\\/floranixena.it\\\/fr\\\/produit\\\/bouteille-de-vin-local-d-o-c\\\/#breadcrumb\"},\"inLanguage\":\"fr-FR\",\"potentialAction\":[{\"@type\":\"ReadAction\",\"target\":[\"https:\\\/\\\/floranixena.it\\\/fr\\\/produit\\\/bouteille-de-vin-local-d-o-c\\\/\"]}]},{\"@type\":\"ImageObject\",\"inLanguage\":\"fr-FR\",\"@id\":\"https:\\\/\\\/floranixena.it\\\/fr\\\/produit\\\/bouteille-de-vin-local-d-o-c\\\/#primaryimage\",\"url\":\"https:\\\/\\\/floranixena.it\\\/wp-content\\\/uploads\\\/2018\\\/12\\\/bottiglia-di-vino-da-abbinare-con-un-mazzo-di-fiori-con-consegna-a-domicilio-a-milano-e-roma.png\",\"contentUrl\":\"https:\\\/\\\/floranixena.it\\\/wp-content\\\/uploads\\\/2018\\\/12\\\/bottiglia-di-vino-da-abbinare-con-un-mazzo-di-fiori-con-consegna-a-domicilio-a-milano-e-roma.png\",\"width\":800,\"height\":800,\"caption\":\"Bottiglia di vino rosso\"},{\"@type\":\"BreadcrumbList\",\"@id\":\"https:\\\/\\\/floranixena.it\\\/fr\\\/produit\\\/bouteille-de-vin-local-d-o-c\\\/#breadcrumb\",\"itemListElement\":[{\"@type\":\"ListItem\",\"position\":1,\"name\":\"Home\",\"item\":\"https:\\\/\\\/floranixena.it\\\/fr\\\/\"},{\"@type\":\"ListItem\",\"position\":2,\"name\":\"Magasin\",\"item\":\"https:\\\/\\\/floranixena.it\\\/fr\\\/magasin\\\/\"},{\"@type\":\"ListItem\",\"position\":3,\"name\":\"Bouteille de Vin Local D.O.C.\"}]},{\"@type\":\"WebSite\",\"@id\":\"https:\\\/\\\/floranixena.it\\\/fr\\\/#website\",\"url\":\"https:\\\/\\\/floranixena.it\\\/fr\\\/\",\"name\":\"FloraNixena - Consegna fiori a domicilio in Italia\",\"description\":\"Invia fiori che raccontano storie\",\"publisher\":{\"@id\":\"https:\\\/\\\/floranixena.it\\\/fr\\\/#organization\"},\"alternateName\":\"FloraNixena.it\",\"potentialAction\":[{\"@type\":\"SearchAction\",\"target\":{\"@type\":\"EntryPoint\",\"urlTemplate\":\"https:\\\/\\\/floranixena.it\\\/fr\\\/?s={search_term_string}\"},\"query-input\":{\"@type\":\"PropertyValueSpecification\",\"valueRequired\":true,\"valueName\":\"search_term_string\"}}],\"inLanguage\":\"fr-FR\"},{\"@type\":\"Organization\",\"@id\":\"https:\\\/\\\/floranixena.it\\\/fr\\\/#organization\",\"name\":\"FloraNixena.it - Consegna mazzi di fiori, bouquet e piante a domicilio\",\"url\":\"https:\\\/\\\/floranixena.it\\\/fr\\\/\",\"logo\":{\"@type\":\"ImageObject\",\"inLanguage\":\"fr-FR\",\"@id\":\"https:\\\/\\\/floranixena.it\\\/fr\\\/#\\\/schema\\\/logo\\\/image\\\/\",\"url\":\"https:\\\/\\\/floranixena.it\\\/wp-content\\\/uploads\\\/2018\\\/11\\\/logo-fucsia.png\",\"contentUrl\":\"https:\\\/\\\/floranixena.it\\\/wp-content\\\/uploads\\\/2018\\\/11\\\/logo-fucsia.png\",\"width\":315,\"height\":81,\"caption\":\"FloraNixena.it - Consegna mazzi di fiori, bouquet e piante a domicilio\"},\"image\":{\"@id\":\"https:\\\/\\\/floranixena.it\\\/fr\\\/#\\\/schema\\\/logo\\\/image\\\/\"},\"sameAs\":[\"https:\\\/\\\/www.facebook.com\\\/FloraNixena\\\/\",\"https:\\\/\\\/www.instagram.com\\\/floranixena.it\\\/\",\"https:\\\/\\\/www.youtube.com\\\/channel\\\/UCAfCWXMBezO96jgPjiUgpkA\"],\"description\":\"Chi Siamo? FloraNixena \u00e8 il partner di fiducia per la consegna di fiori freschi a domicilio. Con anni di esperienza nel settore floreale, siamo dedicati a portare la bellezza e la freschezza dei fiori direttamente alla vostra porta. La Nostra Missione La nostra missione \u00e8 trasformare ogni occasione in un momento speciale attraverso la magia dei fiori. Crediamo che un bouquet possa dire pi\u00f9 di mille parole e lavoriamo instancabilmente per assicurarci che ogni consegna porti gioia, amore e bellezza. Cosa Offriamo? Fiori Freschi: Collaboriamo con i migliori fornitori locali per garantire che i nostri fiori siano sempre freschi e di alta qualit\u00e0. Consegna Rapida e Puntuale: Offriamo un servizio di consegna rapido e affidabile, con la possibilit\u00e0 di scegliere la fascia oraria che pi\u00f9 vi conviene. Ampia Selezione: Dalle rose classiche ai bouquet personalizzati, abbiamo una vasta gamma di opzioni per soddisfare ogni gusto e occasione. Assistenza Clienti: Il nostro team \u00e8 sempre a disposizione per assistervi nella scelta del bouquet perfetto e per garantire un'esperienza di acquisto senza intoppi. Perch\u00e9 Sceglierci? Qualit\u00e0 Garantita: Ogni bouquet \u00e8 realizzato con cura dai nostri esperti fioristi, garantendo che ogni composizione sia un'opera d'arte. Servizio Personalizzato: Che sia per un anniversario, un compleanno, una celebrazione o un momento di condoglianza, personalizziamo ogni ordine per rispondere alle vostre esigenze specifiche. Soddisfazione del Cliente: La vostra soddisfazione \u00e8 la nostra priorit\u00e0 assoluta. Facciamo tutto il possibile per assicurarci che ogni consegna superi le vostre aspettative.\",\"email\":\"amministrazione@floranixena.it\",\"telephone\":\"3806342394\",\"legalName\":\"Gaetano Votadoro\"}]}<\/script>\n<!-- \/ Yoast SEO Premium plugin. -->","yoast_head_json":{"title":"Bouteille de vin local - FloraNixena - livraison de fleurs et de plantes","description":"Achetez un vin local D.O.C. et associez-le \u00e0 un bouquet de fleurs fra\u00eeches pour un cadeau \u00e9l\u00e9gant et inoubliable. Parfait pour toute occasion sp\u00e9ciale!","robots":{"index":"index","follow":"follow","max-snippet":"max-snippet:-1","max-image-preview":"max-image-preview:large","max-video-preview":"max-video-preview:-1"},"canonical":"https:\/\/floranixena.it\/fr\/produit\/bouteille-de-vin-local-d-o-c\/","og_locale":"fr_FR","og_type":"article","og_title":"Bouteille de Vin Local D.O.C.","og_description":"Quantit\u00e9: 0.75 cl  TYPOLOGIE : Appellation d\u2019origine contr\u00f4l\u00e9e et garantie (d.o.c.)  Disponible rouge ou blanc (Choisissez dans le menu) Ce produit ne peut \u00eatre achet\u00e9 qu\u2019en combinaison avec une composition florale.","og_url":"https:\/\/floranixena.it\/fr\/produit\/bouteille-de-vin-local-d-o-c\/","og_site_name":"FloraNixena - livraison de fleurs et de plantes","article_publisher":"https:\/\/www.facebook.com\/FloraNixena\/","og_image":[{"width":800,"height":800,"url":"https:\/\/floranixena.it\/wp-content\/uploads\/2018\/12\/bottiglia-di-vino-da-abbinare-con-un-mazzo-di-fiori-con-consegna-a-domicilio-a-milano-e-roma.png","type":"image\/png"}],"twitter_card":"summary_large_image","twitter_misc":{"Dur\u00e9e de lecture estim\u00e9e":"2 minutes"},"schema":{"@context":"https:\/\/schema.org","@graph":[{"@type":"WebPage","@id":"https:\/\/floranixena.it\/fr\/produit\/bouteille-de-vin-local-d-o-c\/","url":"https:\/\/floranixena.it\/fr\/produit\/bouteille-de-vin-local-d-o-c\/","name":"Bouteille de vin local - FloraNixena - livraison de fleurs et de plantes","isPartOf":{"@id":"https:\/\/floranixena.it\/fr\/#website"},"primaryImageOfPage":{"@id":"https:\/\/floranixena.it\/fr\/produit\/bouteille-de-vin-local-d-o-c\/#primaryimage"},"image":{"@id":"https:\/\/floranixena.it\/fr\/produit\/bouteille-de-vin-local-d-o-c\/#primaryimage"},"thumbnailUrl":"https:\/\/floranixena.it\/wp-content\/uploads\/2018\/12\/bottiglia-di-vino-da-abbinare-con-un-mazzo-di-fiori-con-consegna-a-domicilio-a-milano-e-roma.png","datePublished":"2024-07-12T12:12:02+00:00","description":"Achetez un vin local D.O.C. et associez-le \u00e0 un bouquet de fleurs fra\u00eeches pour un cadeau \u00e9l\u00e9gant et inoubliable. Parfait pour toute occasion sp\u00e9ciale!","breadcrumb":{"@id":"https:\/\/floranixena.it\/fr\/produit\/bouteille-de-vin-local-d-o-c\/#breadcrumb"},"inLanguage":"fr-FR","potentialAction":[{"@type":"ReadAction","target":["https:\/\/floranixena.it\/fr\/produit\/bouteille-de-vin-local-d-o-c\/"]}]},{"@type":"ImageObject","inLanguage":"fr-FR","@id":"https:\/\/floranixena.it\/fr\/produit\/bouteille-de-vin-local-d-o-c\/#primaryimage","url":"https:\/\/floranixena.it\/wp-content\/uploads\/2018\/12\/bottiglia-di-vino-da-abbinare-con-un-mazzo-di-fiori-con-consegna-a-domicilio-a-milano-e-roma.png","contentUrl":"https:\/\/floranixena.it\/wp-content\/uploads\/2018\/12\/bottiglia-di-vino-da-abbinare-con-un-mazzo-di-fiori-con-consegna-a-domicilio-a-milano-e-roma.png","width":800,"height":800,"caption":"Bottiglia di vino rosso"},{"@type":"BreadcrumbList","@id":"https:\/\/floranixena.it\/fr\/produit\/bouteille-de-vin-local-d-o-c\/#breadcrumb","itemListElement":[{"@type":"ListItem","position":1,"name":"Home","item":"https:\/\/floranixena.it\/fr\/"},{"@type":"ListItem","position":2,"name":"Magasin","item":"https:\/\/floranixena.it\/fr\/magasin\/"},{"@type":"ListItem","position":3,"name":"Bouteille de Vin Local D.O.C."}]},{"@type":"WebSite","@id":"https:\/\/floranixena.it\/fr\/#website","url":"https:\/\/floranixena.it\/fr\/","name":"FloraNixena - Consegna fiori a domicilio in Italia","description":"Invia fiori che raccontano storie","publisher":{"@id":"https:\/\/floranixena.it\/fr\/#organization"},"alternateName":"FloraNixena.it","potentialAction":[{"@type":"SearchAction","target":{"@type":"EntryPoint","urlTemplate":"https:\/\/floranixena.it\/fr\/?s={search_term_string}"},"query-input":{"@type":"PropertyValueSpecification","valueRequired":true,"valueName":"search_term_string"}}],"inLanguage":"fr-FR"},{"@type":"Organization","@id":"https:\/\/floranixena.it\/fr\/#organization","name":"FloraNixena.it - Consegna mazzi di fiori, bouquet e piante a domicilio","url":"https:\/\/floranixena.it\/fr\/","logo":{"@type":"ImageObject","inLanguage":"fr-FR","@id":"https:\/\/floranixena.it\/fr\/#\/schema\/logo\/image\/","url":"https:\/\/floranixena.it\/wp-content\/uploads\/2018\/11\/logo-fucsia.png","contentUrl":"https:\/\/floranixena.it\/wp-content\/uploads\/2018\/11\/logo-fucsia.png","width":315,"height":81,"caption":"FloraNixena.it - Consegna mazzi di fiori, bouquet e piante a domicilio"},"image":{"@id":"https:\/\/floranixena.it\/fr\/#\/schema\/logo\/image\/"},"sameAs":["https:\/\/www.facebook.com\/FloraNixena\/","https:\/\/www.instagram.com\/floranixena.it\/","https:\/\/www.youtube.com\/channel\/UCAfCWXMBezO96jgPjiUgpkA"],"description":"Chi Siamo? FloraNixena \u00e8 il partner di fiducia per la consegna di fiori freschi a domicilio. Con anni di esperienza nel settore floreale, siamo dedicati a portare la bellezza e la freschezza dei fiori direttamente alla vostra porta. La Nostra Missione La nostra missione \u00e8 trasformare ogni occasione in un momento speciale attraverso la magia dei fiori. Crediamo che un bouquet possa dire pi\u00f9 di mille parole e lavoriamo instancabilmente per assicurarci che ogni consegna porti gioia, amore e bellezza. Cosa Offriamo? Fiori Freschi: Collaboriamo con i migliori fornitori locali per garantire che i nostri fiori siano sempre freschi e di alta qualit\u00e0. Consegna Rapida e Puntuale: Offriamo un servizio di consegna rapido e affidabile, con la possibilit\u00e0 di scegliere la fascia oraria che pi\u00f9 vi conviene. Ampia Selezione: Dalle rose classiche ai bouquet personalizzati, abbiamo una vasta gamma di opzioni per soddisfare ogni gusto e occasione. Assistenza Clienti: Il nostro team \u00e8 sempre a disposizione per assistervi nella scelta del bouquet perfetto e per garantire un'esperienza di acquisto senza intoppi. Perch\u00e9 Sceglierci? Qualit\u00e0 Garantita: Ogni bouquet \u00e8 realizzato con cura dai nostri esperti fioristi, garantendo che ogni composizione sia un'opera d'arte. Servizio Personalizzato: Che sia per un anniversario, un compleanno, una celebrazione o un momento di condoglianza, personalizziamo ogni ordine per rispondere alle vostre esigenze specifiche. Soddisfazione del Cliente: La vostra soddisfazione \u00e8 la nostra priorit\u00e0 assoluta. Facciamo tutto il possibile per assicurarci che ogni consegna superi le vostre aspettative.","email":"amministrazione@floranixena.it","telephone":"3806342394","legalName":"Gaetano Votadoro"}]}},"_links":{"self":[{"href":"https:\/\/floranixena.it\/fr\/wp-json\/wp\/v2\/product\/18253","targetHints":{"allow":["GET"]}}],"collection":[{"href":"https:\/\/floranixena.it\/fr\/wp-json\/wp\/v2\/product"}],"about":[{"href":"https:\/\/floranixena.it\/fr\/wp-json\/wp\/v2\/types\/product"}],"replies":[{"embeddable":true,"href":"https:\/\/floranixena.it\/fr\/wp-json\/wp\/v2\/comments?post=18253"}],"wp:featuredmedia":[{"embeddable":true,"href":"https:\/\/floranixena.it\/fr\/wp-json\/wp\/v2\/media\/21493"}],"wp:attachment":[{"href":"https:\/\/floranixena.it\/fr\/wp-json\/wp\/v2\/media?parent=18253"}],"wp:term":[{"taxonomy":"product_brand","embeddable":true,"href":"https:\/\/floranixena.it\/fr\/wp-json\/wp\/v2\/product_brand?post=18253"},{"taxonomy":"product_cat","embeddable":true,"href":"https:\/\/floranixena.it\/fr\/wp-json\/wp\/v2\/product_cat?post=18253"},{"taxonomy":"product_tag","embeddable":true,"href":"https:\/\/floranixena.it\/fr\/wp-json\/wp\/v2\/product_tag?post=18253"}],"curies":[{"name":"wp","href":"https:\/\/api.w.org\/{rel}","templated":true}]}}