{"id":18220,"date":"2024-07-14T08:26:05","date_gmt":"2024-07-14T06:26:05","guid":{"rendered":"https:\/\/floranixena.it\/product\/lapin-en-chocolat-gold-bunny\/"},"modified":"2025-09-18T11:02:09","modified_gmt":"2025-09-18T09:02:09","slug":"lapin-en-chocolat-gold-bunny","status":"publish","type":"product","link":"https:\/\/floranixena.it\/fr\/produit\/lapin-en-chocolat-gold-bunny\/","title":{"rendered":"Lapin en chocolat &#8211; Gold Bunny"},"content":{"rendered":"<div class=\"content-960\">\n<div id=\"content-left\">\n<div id=\"hikashop_product_Cioccolatini___Ferrero_Rocher_27_page\" class=\"hikashop_product_page \">\n<form action=\"https:\/\/floranixena.it\/index.php?option=com_hikashop&amp;ctrl=product&amp;task=updatecart&amp;Itemid=142\" enctype=\"multipart\/form-data\" method=\"post\" name=\"hikashop_product_form\">\n<div id=\"hikashop_product_bottom_part\" class=\"hikashop_product_bottom_part\">\n<div id=\"hikashop_product_description_main\" class=\"hikashop_product_description_main\">\n<div class=\"gtx-body\" style=\"text-align: justify;\">\n<p>Pour <a href=\"https:\/\/it.wikipedia.org\/wiki\/Pasqua\"><strong>P\u00e2ques,<\/strong><\/a> rendez votre hommage encore plus sp\u00e9cial en associant un <a href=\"https:\/\/floranixena.it\/prodotto\/bouquet-di-peonie-rosa-e-bianche\/\"><strong>bouquet floral<\/strong><\/a> avec une touche de douceur raffin\u00e9e: le magnifique lapin <strong>Gold Bunny de Lindt<\/strong>, fabriqu\u00e9 \u00e0 partir du meilleur chocolat au lait.<\/p>\n<p>Ce charmant lapin est envelopp\u00e9 dans une enveloppe dor\u00e9e lumineuse qui attire imm\u00e9diatement l\u2019attention, symbolisant le luxe et l\u2019\u00e9l\u00e9gance des f\u00eates de P\u00e2ques. Le c\u00e9l\u00e8bre collier <strong>rouge,<\/strong> enrichi d\u2019une authentique clochette qui sonne avec une m\u00e9lodie douce et joyeuse, n\u2019est pas seulement un \u00e9l\u00e9ment d\u00e9coratif, mais repr\u00e9sente un v\u00e9ritable signe de <strong>f\u00eate et de joie<\/strong>. <\/p>\n<p>Chaque bouch\u00e9e de ce lapin gourmand offre une exp\u00e9rience sensorielle unique, avec son chocolat au lait riche et velout\u00e9 qui fond en bouche et ravit le palais. La qualit\u00e9 sup\u00e9rieure du chocolat Lindt est synonyme de raffinement et d\u2019attention aux d\u00e9tails, ce qui en fait non seulement un d\u00e9licieux dessert, mais aussi un symbole d\u2019affection et de c\u00e9l\u00e9bration. <\/p>\n<p>Que vous fassiez la f\u00eate en famille, avec des amis ou des coll\u00e8gues, le Lindt Gold Bunny est le <strong>compl\u00e9ment parfait<\/strong> pour vos c\u00e9l\u00e9brations de P\u00e2ques. Ajoute une touche d\u2019<strong>\u00e9l\u00e9gance<\/strong> et de douceur \u00e0 chaque moment festif, transformant chaque <strong>occasion<\/strong> en une exp\u00e9rience m\u00e9morable et joyeuse. Avec le Gold Bunny, P\u00e2ques s\u2019enrichit de magie et de bonheur, offrant \u00e0 tous un cadeau dont on se souviendra avec plaisir.  <\/p>\n<\/div>\n<\/div>\n<\/div>\n<\/form>\n<\/div>\n<\/div>\n<\/div>\n","protected":false},"excerpt":{"rendered":"<ul>\n<li style=\"text-align: justify;\">1 lapin en chocolat au lait 100g<\/li>\n<\/ul>\n<p><strong>Ingr\u00e9dients<\/strong><\/p>\n<ul>\n<li style=\"text-align: justify;\">Ce produit est adapt\u00e9 pour les <strong>coeliaques<\/strong>.<\/li>\n<li style=\"text-align: justify;\">Sucre, mati\u00e8res grasses v\u00e9g\u00e9tales, beurre de cacao, p\u00e2te de cacao, lait entier en poudre, lait \u00e9cr\u00e9m\u00e9 en poudre, lactose, beurre anhydre, \u00e9mulsifiant : &lsquo;l\u00e9cithine de soja&rsquo;, extrait de malt d\u2019orge, ar\u00f4mes, baies de vanille.<\/li>\n<\/ul>\n<p><strong>Ce produit ne peut \u00eatre achet\u00e9 qu\u2019en combinaison avec une composition florale.<\/strong><\/p>\n","protected":false},"featured_media":18221,"comment_status":"closed","ping_status":"closed","template":"","meta":[],"product_brand":[],"product_cat":[4041,4504],"product_tag":[4505,4506,4508,3971,4507],"class_list":{"0":"post-18220","1":"product","2":"type-product","3":"status-publish","4":"has-post-thumbnail","6":"product_cat-cadeaux","7":"product_cat-vases-et-cadeaux","8":"product_tag-chocolat","9":"product_tag-gold-bunny-fr","10":"product_tag-lapin-en-chocolat","11":"product_tag-noel","12":"product_tag-paques","14":"first","15":"instock","16":"shipping-taxable","17":"purchasable","18":"product-type-simple"},"yoast_head":"<!-- This site is optimized with the Yoast SEO Premium plugin v27.5 (Yoast SEO v27.5) - https:\/\/yoast.com\/product\/yoast-seo-premium-wordpress\/ -->\n<title>Lapin en chocolat Lindt - FloraNixena - livraison de fleurs et de plantes<\/title>\n<meta name=\"description\" content=\"En associant \u00e0 vos fleurs le lapin au lait Lindt Gold Bunny, nous l\u2019envoyons directement chez vous pour un P\u00e2ques doux et color\u00e9!\" \/>\n<meta name=\"robots\" content=\"index, follow, max-snippet:-1, max-image-preview:large, max-video-preview:-1\" \/>\n<link rel=\"canonical\" href=\"https:\/\/floranixena.it\/fr\/produit\/lapin-en-chocolat-gold-bunny\/\" \/>\n<meta property=\"og:locale\" content=\"fr_FR\" \/>\n<meta property=\"og:type\" content=\"article\" \/>\n<meta property=\"og:title\" content=\"Lapin en chocolat - Gold Bunny\" \/>\n<meta property=\"og:description\" content=\"1 lapin en chocolat au lait 100g Ingr\u00e9dients  Ce produit est adapt\u00e9 pour les coeliaques.  Sucre, mati\u00e8res grasses v\u00e9g\u00e9tales, beurre de cacao, p\u00e2te de cacao, lait entier en poudre, lait \u00e9cr\u00e9m\u00e9 en poudre, lactose, beurre anhydre, \u00e9mulsifiant : &#039;l\u00e9cithine de soja&#039;, extrait de malt d\u2019orge, ar\u00f4mes, baies de vanille. Ce produit ne peut \u00eatre achet\u00e9 qu\u2019en combinaison avec une composition florale.\" \/>\n<meta property=\"og:url\" content=\"https:\/\/floranixena.it\/fr\/produit\/lapin-en-chocolat-gold-bunny\/\" \/>\n<meta property=\"og:site_name\" content=\"FloraNixena - livraison de fleurs et de plantes\" \/>\n<meta property=\"article:publisher\" content=\"https:\/\/www.facebook.com\/FloraNixena\/\" \/>\n<meta property=\"article:modified_time\" content=\"2025-09-18T09:02:09+00:00\" \/>\n<meta property=\"og:image\" content=\"https:\/\/floranixena.it\/wp-content\/uploads\/2018\/12\/coniglietto_pasqua_regalo_goldbunny-da-includere-ed-abbinare-con-un-buouquet-di-fiori-da-far-consegnare-direttametne-a-domicilio-a-roma-e-milano.png\" \/>\n\t<meta property=\"og:image:width\" content=\"800\" \/>\n\t<meta property=\"og:image:height\" content=\"800\" \/>\n\t<meta property=\"og:image:type\" content=\"image\/png\" \/>\n<meta name=\"twitter:card\" content=\"summary_large_image\" \/>\n<meta name=\"twitter:label1\" content=\"Dur\u00e9e de lecture estim\u00e9e\" \/>\n\t<meta name=\"twitter:data1\" content=\"1 minute\" \/>\n<script type=\"application\/ld+json\" class=\"yoast-schema-graph\">{\"@context\":\"https:\\\/\\\/schema.org\",\"@graph\":[{\"@type\":\"WebPage\",\"@id\":\"https:\\\/\\\/floranixena.it\\\/fr\\\/produit\\\/lapin-en-chocolat-gold-bunny\\\/\",\"url\":\"https:\\\/\\\/floranixena.it\\\/fr\\\/produit\\\/lapin-en-chocolat-gold-bunny\\\/\",\"name\":\"Lapin en chocolat Lindt - FloraNixena - livraison de fleurs et de plantes\",\"isPartOf\":{\"@id\":\"https:\\\/\\\/floranixena.it\\\/fr\\\/#website\"},\"primaryImageOfPage\":{\"@id\":\"https:\\\/\\\/floranixena.it\\\/fr\\\/produit\\\/lapin-en-chocolat-gold-bunny\\\/#primaryimage\"},\"image\":{\"@id\":\"https:\\\/\\\/floranixena.it\\\/fr\\\/produit\\\/lapin-en-chocolat-gold-bunny\\\/#primaryimage\"},\"thumbnailUrl\":\"https:\\\/\\\/floranixena.it\\\/wp-content\\\/uploads\\\/2018\\\/12\\\/coniglietto_pasqua_regalo_goldbunny-da-includere-ed-abbinare-con-un-buouquet-di-fiori-da-far-consegnare-direttametne-a-domicilio-a-roma-e-milano.png\",\"datePublished\":\"2024-07-14T06:26:05+00:00\",\"dateModified\":\"2025-09-18T09:02:09+00:00\",\"description\":\"En associant \u00e0 vos fleurs le lapin au lait Lindt Gold Bunny, nous l\u2019envoyons directement chez vous pour un P\u00e2ques doux et color\u00e9!\",\"breadcrumb\":{\"@id\":\"https:\\\/\\\/floranixena.it\\\/fr\\\/produit\\\/lapin-en-chocolat-gold-bunny\\\/#breadcrumb\"},\"inLanguage\":\"fr-FR\",\"potentialAction\":[{\"@type\":\"ReadAction\",\"target\":[\"https:\\\/\\\/floranixena.it\\\/fr\\\/produit\\\/lapin-en-chocolat-gold-bunny\\\/\"]}]},{\"@type\":\"ImageObject\",\"inLanguage\":\"fr-FR\",\"@id\":\"https:\\\/\\\/floranixena.it\\\/fr\\\/produit\\\/lapin-en-chocolat-gold-bunny\\\/#primaryimage\",\"url\":\"https:\\\/\\\/floranixena.it\\\/wp-content\\\/uploads\\\/2018\\\/12\\\/coniglietto_pasqua_regalo_goldbunny-da-includere-ed-abbinare-con-un-buouquet-di-fiori-da-far-consegnare-direttametne-a-domicilio-a-roma-e-milano.png\",\"contentUrl\":\"https:\\\/\\\/floranixena.it\\\/wp-content\\\/uploads\\\/2018\\\/12\\\/coniglietto_pasqua_regalo_goldbunny-da-includere-ed-abbinare-con-un-buouquet-di-fiori-da-far-consegnare-direttametne-a-domicilio-a-roma-e-milano.png\",\"width\":800,\"height\":800,\"caption\":\"Lapin de chocolat Lindt\"},{\"@type\":\"BreadcrumbList\",\"@id\":\"https:\\\/\\\/floranixena.it\\\/fr\\\/produit\\\/lapin-en-chocolat-gold-bunny\\\/#breadcrumb\",\"itemListElement\":[{\"@type\":\"ListItem\",\"position\":1,\"name\":\"Home\",\"item\":\"https:\\\/\\\/floranixena.it\\\/fr\\\/\"},{\"@type\":\"ListItem\",\"position\":2,\"name\":\"Magasin\",\"item\":\"https:\\\/\\\/floranixena.it\\\/fr\\\/magasin\\\/\"},{\"@type\":\"ListItem\",\"position\":3,\"name\":\"Lapin en chocolat &#8211; Gold Bunny\"}]},{\"@type\":\"WebSite\",\"@id\":\"https:\\\/\\\/floranixena.it\\\/fr\\\/#website\",\"url\":\"https:\\\/\\\/floranixena.it\\\/fr\\\/\",\"name\":\"FloraNixena - Consegna fiori a domicilio in Italia\",\"description\":\"Invia fiori che raccontano storie\",\"publisher\":{\"@id\":\"https:\\\/\\\/floranixena.it\\\/fr\\\/#organization\"},\"alternateName\":\"FloraNixena.it\",\"potentialAction\":[{\"@type\":\"SearchAction\",\"target\":{\"@type\":\"EntryPoint\",\"urlTemplate\":\"https:\\\/\\\/floranixena.it\\\/fr\\\/?s={search_term_string}\"},\"query-input\":{\"@type\":\"PropertyValueSpecification\",\"valueRequired\":true,\"valueName\":\"search_term_string\"}}],\"inLanguage\":\"fr-FR\"},{\"@type\":\"Organization\",\"@id\":\"https:\\\/\\\/floranixena.it\\\/fr\\\/#organization\",\"name\":\"FloraNixena.it - Consegna mazzi di fiori, bouquet e piante a domicilio\",\"url\":\"https:\\\/\\\/floranixena.it\\\/fr\\\/\",\"logo\":{\"@type\":\"ImageObject\",\"inLanguage\":\"fr-FR\",\"@id\":\"https:\\\/\\\/floranixena.it\\\/fr\\\/#\\\/schema\\\/logo\\\/image\\\/\",\"url\":\"https:\\\/\\\/floranixena.it\\\/wp-content\\\/uploads\\\/2018\\\/11\\\/logo-fucsia.png\",\"contentUrl\":\"https:\\\/\\\/floranixena.it\\\/wp-content\\\/uploads\\\/2018\\\/11\\\/logo-fucsia.png\",\"width\":315,\"height\":81,\"caption\":\"FloraNixena.it - Consegna mazzi di fiori, bouquet e piante a domicilio\"},\"image\":{\"@id\":\"https:\\\/\\\/floranixena.it\\\/fr\\\/#\\\/schema\\\/logo\\\/image\\\/\"},\"sameAs\":[\"https:\\\/\\\/www.facebook.com\\\/FloraNixena\\\/\",\"https:\\\/\\\/www.instagram.com\\\/floranixena.it\\\/\",\"https:\\\/\\\/www.youtube.com\\\/channel\\\/UCAfCWXMBezO96jgPjiUgpkA\"],\"description\":\"Chi Siamo? FloraNixena \u00e8 il partner di fiducia per la consegna di fiori freschi a domicilio. Con anni di esperienza nel settore floreale, siamo dedicati a portare la bellezza e la freschezza dei fiori direttamente alla vostra porta. La Nostra Missione La nostra missione \u00e8 trasformare ogni occasione in un momento speciale attraverso la magia dei fiori. Crediamo che un bouquet possa dire pi\u00f9 di mille parole e lavoriamo instancabilmente per assicurarci che ogni consegna porti gioia, amore e bellezza. Cosa Offriamo? Fiori Freschi: Collaboriamo con i migliori fornitori locali per garantire che i nostri fiori siano sempre freschi e di alta qualit\u00e0. Consegna Rapida e Puntuale: Offriamo un servizio di consegna rapido e affidabile, con la possibilit\u00e0 di scegliere la fascia oraria che pi\u00f9 vi conviene. Ampia Selezione: Dalle rose classiche ai bouquet personalizzati, abbiamo una vasta gamma di opzioni per soddisfare ogni gusto e occasione. Assistenza Clienti: Il nostro team \u00e8 sempre a disposizione per assistervi nella scelta del bouquet perfetto e per garantire un'esperienza di acquisto senza intoppi. Perch\u00e9 Sceglierci? Qualit\u00e0 Garantita: Ogni bouquet \u00e8 realizzato con cura dai nostri esperti fioristi, garantendo che ogni composizione sia un'opera d'arte. Servizio Personalizzato: Che sia per un anniversario, un compleanno, una celebrazione o un momento di condoglianza, personalizziamo ogni ordine per rispondere alle vostre esigenze specifiche. Soddisfazione del Cliente: La vostra soddisfazione \u00e8 la nostra priorit\u00e0 assoluta. Facciamo tutto il possibile per assicurarci che ogni consegna superi le vostre aspettative.\",\"email\":\"amministrazione@floranixena.it\",\"telephone\":\"3806342394\",\"legalName\":\"Gaetano Votadoro\"}]}<\/script>\n<!-- \/ Yoast SEO Premium plugin. -->","yoast_head_json":{"title":"Lapin en chocolat Lindt - FloraNixena - livraison de fleurs et de plantes","description":"En associant \u00e0 vos fleurs le lapin au lait Lindt Gold Bunny, nous l\u2019envoyons directement chez vous pour un P\u00e2ques doux et color\u00e9!","robots":{"index":"index","follow":"follow","max-snippet":"max-snippet:-1","max-image-preview":"max-image-preview:large","max-video-preview":"max-video-preview:-1"},"canonical":"https:\/\/floranixena.it\/fr\/produit\/lapin-en-chocolat-gold-bunny\/","og_locale":"fr_FR","og_type":"article","og_title":"Lapin en chocolat - Gold Bunny","og_description":"1 lapin en chocolat au lait 100g Ingr\u00e9dients  Ce produit est adapt\u00e9 pour les coeliaques.  Sucre, mati\u00e8res grasses v\u00e9g\u00e9tales, beurre de cacao, p\u00e2te de cacao, lait entier en poudre, lait \u00e9cr\u00e9m\u00e9 en poudre, lactose, beurre anhydre, \u00e9mulsifiant : 'l\u00e9cithine de soja', extrait de malt d\u2019orge, ar\u00f4mes, baies de vanille. Ce produit ne peut \u00eatre achet\u00e9 qu\u2019en combinaison avec une composition florale.","og_url":"https:\/\/floranixena.it\/fr\/produit\/lapin-en-chocolat-gold-bunny\/","og_site_name":"FloraNixena - livraison de fleurs et de plantes","article_publisher":"https:\/\/www.facebook.com\/FloraNixena\/","article_modified_time":"2025-09-18T09:02:09+00:00","og_image":[{"width":800,"height":800,"url":"https:\/\/floranixena.it\/wp-content\/uploads\/2018\/12\/coniglietto_pasqua_regalo_goldbunny-da-includere-ed-abbinare-con-un-buouquet-di-fiori-da-far-consegnare-direttametne-a-domicilio-a-roma-e-milano.png","type":"image\/png"}],"twitter_card":"summary_large_image","twitter_misc":{"Dur\u00e9e de lecture estim\u00e9e":"1 minute"},"schema":{"@context":"https:\/\/schema.org","@graph":[{"@type":"WebPage","@id":"https:\/\/floranixena.it\/fr\/produit\/lapin-en-chocolat-gold-bunny\/","url":"https:\/\/floranixena.it\/fr\/produit\/lapin-en-chocolat-gold-bunny\/","name":"Lapin en chocolat Lindt - FloraNixena - livraison de fleurs et de plantes","isPartOf":{"@id":"https:\/\/floranixena.it\/fr\/#website"},"primaryImageOfPage":{"@id":"https:\/\/floranixena.it\/fr\/produit\/lapin-en-chocolat-gold-bunny\/#primaryimage"},"image":{"@id":"https:\/\/floranixena.it\/fr\/produit\/lapin-en-chocolat-gold-bunny\/#primaryimage"},"thumbnailUrl":"https:\/\/floranixena.it\/wp-content\/uploads\/2018\/12\/coniglietto_pasqua_regalo_goldbunny-da-includere-ed-abbinare-con-un-buouquet-di-fiori-da-far-consegnare-direttametne-a-domicilio-a-roma-e-milano.png","datePublished":"2024-07-14T06:26:05+00:00","dateModified":"2025-09-18T09:02:09+00:00","description":"En associant \u00e0 vos fleurs le lapin au lait Lindt Gold Bunny, nous l\u2019envoyons directement chez vous pour un P\u00e2ques doux et color\u00e9!","breadcrumb":{"@id":"https:\/\/floranixena.it\/fr\/produit\/lapin-en-chocolat-gold-bunny\/#breadcrumb"},"inLanguage":"fr-FR","potentialAction":[{"@type":"ReadAction","target":["https:\/\/floranixena.it\/fr\/produit\/lapin-en-chocolat-gold-bunny\/"]}]},{"@type":"ImageObject","inLanguage":"fr-FR","@id":"https:\/\/floranixena.it\/fr\/produit\/lapin-en-chocolat-gold-bunny\/#primaryimage","url":"https:\/\/floranixena.it\/wp-content\/uploads\/2018\/12\/coniglietto_pasqua_regalo_goldbunny-da-includere-ed-abbinare-con-un-buouquet-di-fiori-da-far-consegnare-direttametne-a-domicilio-a-roma-e-milano.png","contentUrl":"https:\/\/floranixena.it\/wp-content\/uploads\/2018\/12\/coniglietto_pasqua_regalo_goldbunny-da-includere-ed-abbinare-con-un-buouquet-di-fiori-da-far-consegnare-direttametne-a-domicilio-a-roma-e-milano.png","width":800,"height":800,"caption":"Lapin de chocolat Lindt"},{"@type":"BreadcrumbList","@id":"https:\/\/floranixena.it\/fr\/produit\/lapin-en-chocolat-gold-bunny\/#breadcrumb","itemListElement":[{"@type":"ListItem","position":1,"name":"Home","item":"https:\/\/floranixena.it\/fr\/"},{"@type":"ListItem","position":2,"name":"Magasin","item":"https:\/\/floranixena.it\/fr\/magasin\/"},{"@type":"ListItem","position":3,"name":"Lapin en chocolat &#8211; Gold Bunny"}]},{"@type":"WebSite","@id":"https:\/\/floranixena.it\/fr\/#website","url":"https:\/\/floranixena.it\/fr\/","name":"FloraNixena - Consegna fiori a domicilio in Italia","description":"Invia fiori che raccontano storie","publisher":{"@id":"https:\/\/floranixena.it\/fr\/#organization"},"alternateName":"FloraNixena.it","potentialAction":[{"@type":"SearchAction","target":{"@type":"EntryPoint","urlTemplate":"https:\/\/floranixena.it\/fr\/?s={search_term_string}"},"query-input":{"@type":"PropertyValueSpecification","valueRequired":true,"valueName":"search_term_string"}}],"inLanguage":"fr-FR"},{"@type":"Organization","@id":"https:\/\/floranixena.it\/fr\/#organization","name":"FloraNixena.it - Consegna mazzi di fiori, bouquet e piante a domicilio","url":"https:\/\/floranixena.it\/fr\/","logo":{"@type":"ImageObject","inLanguage":"fr-FR","@id":"https:\/\/floranixena.it\/fr\/#\/schema\/logo\/image\/","url":"https:\/\/floranixena.it\/wp-content\/uploads\/2018\/11\/logo-fucsia.png","contentUrl":"https:\/\/floranixena.it\/wp-content\/uploads\/2018\/11\/logo-fucsia.png","width":315,"height":81,"caption":"FloraNixena.it - Consegna mazzi di fiori, bouquet e piante a domicilio"},"image":{"@id":"https:\/\/floranixena.it\/fr\/#\/schema\/logo\/image\/"},"sameAs":["https:\/\/www.facebook.com\/FloraNixena\/","https:\/\/www.instagram.com\/floranixena.it\/","https:\/\/www.youtube.com\/channel\/UCAfCWXMBezO96jgPjiUgpkA"],"description":"Chi Siamo? FloraNixena \u00e8 il partner di fiducia per la consegna di fiori freschi a domicilio. Con anni di esperienza nel settore floreale, siamo dedicati a portare la bellezza e la freschezza dei fiori direttamente alla vostra porta. La Nostra Missione La nostra missione \u00e8 trasformare ogni occasione in un momento speciale attraverso la magia dei fiori. Crediamo che un bouquet possa dire pi\u00f9 di mille parole e lavoriamo instancabilmente per assicurarci che ogni consegna porti gioia, amore e bellezza. Cosa Offriamo? Fiori Freschi: Collaboriamo con i migliori fornitori locali per garantire che i nostri fiori siano sempre freschi e di alta qualit\u00e0. Consegna Rapida e Puntuale: Offriamo un servizio di consegna rapido e affidabile, con la possibilit\u00e0 di scegliere la fascia oraria che pi\u00f9 vi conviene. Ampia Selezione: Dalle rose classiche ai bouquet personalizzati, abbiamo una vasta gamma di opzioni per soddisfare ogni gusto e occasione. Assistenza Clienti: Il nostro team \u00e8 sempre a disposizione per assistervi nella scelta del bouquet perfetto e per garantire un'esperienza di acquisto senza intoppi. Perch\u00e9 Sceglierci? Qualit\u00e0 Garantita: Ogni bouquet \u00e8 realizzato con cura dai nostri esperti fioristi, garantendo che ogni composizione sia un'opera d'arte. Servizio Personalizzato: Che sia per un anniversario, un compleanno, una celebrazione o un momento di condoglianza, personalizziamo ogni ordine per rispondere alle vostre esigenze specifiche. Soddisfazione del Cliente: La vostra soddisfazione \u00e8 la nostra priorit\u00e0 assoluta. Facciamo tutto il possibile per assicurarci che ogni consegna superi le vostre aspettative.","email":"amministrazione@floranixena.it","telephone":"3806342394","legalName":"Gaetano Votadoro"}]}},"_links":{"self":[{"href":"https:\/\/floranixena.it\/fr\/wp-json\/wp\/v2\/product\/18220","targetHints":{"allow":["GET"]}}],"collection":[{"href":"https:\/\/floranixena.it\/fr\/wp-json\/wp\/v2\/product"}],"about":[{"href":"https:\/\/floranixena.it\/fr\/wp-json\/wp\/v2\/types\/product"}],"replies":[{"embeddable":true,"href":"https:\/\/floranixena.it\/fr\/wp-json\/wp\/v2\/comments?post=18220"}],"wp:featuredmedia":[{"embeddable":true,"href":"https:\/\/floranixena.it\/fr\/wp-json\/wp\/v2\/media\/18221"}],"wp:attachment":[{"href":"https:\/\/floranixena.it\/fr\/wp-json\/wp\/v2\/media?parent=18220"}],"wp:term":[{"taxonomy":"product_brand","embeddable":true,"href":"https:\/\/floranixena.it\/fr\/wp-json\/wp\/v2\/product_brand?post=18220"},{"taxonomy":"product_cat","embeddable":true,"href":"https:\/\/floranixena.it\/fr\/wp-json\/wp\/v2\/product_cat?post=18220"},{"taxonomy":"product_tag","embeddable":true,"href":"https:\/\/floranixena.it\/fr\/wp-json\/wp\/v2\/product_tag?post=18220"}],"curies":[{"name":"wp","href":"https:\/\/api.w.org\/{rel}","templated":true}]}}