{"id":18214,"date":"2024-07-17T16:09:46","date_gmt":"2024-07-17T14:09:46","guid":{"rendered":"https:\/\/floranixena.it\/product\/flower-cube-de-roses-rouges\/"},"modified":"2024-07-17T16:09:46","modified_gmt":"2024-07-17T14:09:46","slug":"flower-cube-de-roses-rouges","status":"publish","type":"product","link":"https:\/\/floranixena.it\/fr\/produit\/flower-cube-de-roses-rouges\/","title":{"rendered":"Flower Cube de Roses Rouges"},"content":{"rendered":"<p>Notre <strong>Flower Cube luxury<\/strong> est pr\u00e9sent\u00e9 avec une \u00e9l\u00e9gance in\u00e9gal\u00e9e dans des bo\u00eetes raffin\u00e9es de style chapeau noir, cr\u00e9ant un contraste net et sophistiqu\u00e9 avec les couleurs vives de nos roses. Chaque d\u00e9tail est con\u00e7u pour \u00e9tonner et enchanter, transformant une simple composition florale en une exp\u00e9rience de <a href=\"https:\/\/floranixena.it\/fr\/catalog\/vip\/\"><strong>luxe.<\/strong><\/a> Ces merveilleuses cr\u00e9ations florales enchanteront vos invit\u00e9s, d\u00e9gageant une beaut\u00e9 discr\u00e8te et raffin\u00e9e, parfaite pour embellir cette table basse que vous venez de d\u00e9cider d\u2019orner. <\/p>\n<p>Imaginez l\u2019\u00e9tonnement de vos invit\u00e9s quand ils verront les magnifiques <a href=\"https:\/\/floranixena.it\/fr\/prodotto\/trois-roses-rouges\/\"><strong>roses,<\/strong><\/a> enferm\u00e9es dans d\u2019\u00e9l\u00e9gantes bo\u00eetes noires, soigneusement plac\u00e9es sur votre table. La combinaison des couleurs vives des <strong>fleurs<\/strong> avec l\u2019\u00e9l\u00e9gance de la bo\u00eete cr\u00e9e un effet visuel surprenant, qui ne passera pas inaper\u00e7u. Nos roses ne sont pas seulement un plaisir pour la vue, mais aussi pour l\u2019\u00e2me, transmettant une sensation de s\u00e9r\u00e9nit\u00e9 et de beaut\u00e9 intemporelle.  <\/p>\n<p>Que ce soit pour vous-m\u00eame ou comme cadeau sp\u00e9cial pour la <a href=\"https:\/\/floranixena.it\/fr\/catalog\/saint-valentin\/\"><strong>Saint-Valentin<\/strong><\/a>, leur d\u00e9licatesse et leur pr\u00e9sentation \u00e9l\u00e9gante font de nos Flower Cube luxury un cadeau id\u00e9al pour c\u00e9l\u00e9brer l\u2019amour sous toutes ses formes. Le soin et l\u2019attention au d\u00e9tail dans le choix des roses, leur disposition harmonieuse et la qualit\u00e9 de leurs emballages ajoutent une touche de <strong>luxe<\/strong> qui fera se sentir sp\u00e9cial \u00e0 tous ceux qui les re\u00e7oivent. Chaque p\u00e9tale est s\u00e9lectionn\u00e9 avec le plus grand soin pour assurer la perfection, et les bo\u00eetes sont con\u00e7ues pour exalter la beaut\u00e9 des <strong>fleurs,<\/strong> tout en les gardant fra\u00eeches et intactes.  <\/p>\n<p>Laissez-vous conqu\u00e9rir par la magie de nos cr\u00e9ations et offrez un moment de pure beaut\u00e9 et de joie \u00e0 vous-m\u00eame ou \u00e0 vos proches. Nos Flower Cube de luxe sont parfaits pour toutes les occasions, que ce soit un anniversaire, un anniversaire ou tout simplement pour dire \u00ab\u00a0<a href=\"https:\/\/floranixena.it\/fr\/prodotto\/puro-amore\/\"><strong>je t&rsquo;aime<\/strong><\/a>\u00ab\u00a0. <\/p>\n","protected":false},"excerpt":{"rendered":"<ul>\n<li>Cube de roses rouges (choisir la taille dans le menu d\u00e9roulant)<\/li>\n<\/ul>\n","protected":false},"featured_media":18215,"comment_status":"open","ping_status":"closed","template":"","meta":[],"product_brand":[],"product_cat":[3441,3440,3264,3256,3267,3257,3304,3269,3268,3273,3272,3274,3275,3271,3255,3262,3447,3276,3265,3259,3266,3270,3261,4042],"product_tag":[4498,3280],"class_list":{"0":"post-18214","1":"product","2":"type-product","3":"status-publish","4":"has-post-thumbnail","6":"product_cat-10-anniversaire-mariage-detain","7":"product_cat-5-anniversaire-mariage-en-soie","8":"product_cat-amour-et-romantisme","9":"product_cat-anniversaire","10":"product_cat-comme-un-admirateur-secret","11":"product_cat-commemoration","12":"product_cat-dix-huitieme-anniversaire","13":"product_cat-excuses","14":"product_cat-fleurs-classiques-et-romantiques","15":"product_cat-fleurs-dautomne","16":"product_cat-fleurs-dete","17":"product_cat-fleurs-dhiver","18":"product_cat-fleurs-de-printemps","19":"product_cat-fleurs-de-saison","20":"product_cat-fleurs-pour-les-evenements","21":"product_cat-jour-du-nom","22":"product_cat-mariage","23":"product_cat-noel","24":"product_cat-pour-de-nouvelles-revelations","25":"product_cat-pour-la-femme-ou-la-fiancee","26":"product_cat-pour-la-femme-ou-la-fiancee-fr","27":"product_cat-roses-fr","28":"product_cat-saint-valentin","29":"product_cat-vip","30":"product_tag-cube-de-roses-rouges","31":"product_tag-saint-valentin","33":"first","34":"instock","35":"shipping-taxable","36":"purchasable","37":"product-type-variable","38":"has-default-attributes"},"yoast_head":"<!-- This site is optimized with the Yoast SEO Premium plugin v27.4 (Yoast SEO v27.4) - https:\/\/yoast.com\/product\/yoast-seo-premium-wordpress\/ -->\n<title>Flower Cube de roses rouges - FloraNixena - Livraison de Fleurs \u00e0 domicile<\/title>\n<meta name=\"description\" content=\"Ce cube de fleurs contient des roses rouges qui semblent fra\u00eechement cueillies, pour c\u00e9l\u00e9brer votre amour, la Saint-Valentin ou toute autre occasion.\" \/>\n<meta name=\"robots\" content=\"index, follow, max-snippet:-1, max-image-preview:large, max-video-preview:-1\" \/>\n<link rel=\"canonical\" href=\"https:\/\/floranixena.it\/fr\/produit\/flower-cube-de-roses-rouges\/\" \/>\n<meta property=\"og:locale\" content=\"fr_FR\" \/>\n<meta property=\"og:type\" content=\"article\" \/>\n<meta property=\"og:title\" content=\"Flower Cube de Roses Rouges\" \/>\n<meta property=\"og:description\" content=\"Cube de roses rouges (choisir la taille dans le menu d\u00e9roulant)\" \/>\n<meta property=\"og:url\" content=\"https:\/\/floranixena.it\/fr\/produit\/flower-cube-de-roses-rouges\/\" \/>\n<meta property=\"og:site_name\" content=\"FloraNixena - livraison de fleurs et de plantes\" \/>\n<meta property=\"article:publisher\" content=\"https:\/\/www.facebook.com\/FloraNixena\/\" \/>\n<meta property=\"og:image\" content=\"https:\/\/floranixena.it\/wp-content\/uploads\/2019\/01\/Cubo-di-rose-da-regalare-per-San-Valentino-alla-moglie-o-alla-fidanzata.-Regalarlo-anche-per-linizio-di-una-nuova-relazione-a-domicilio-1.jpg\" \/>\n\t<meta property=\"og:image:width\" content=\"800\" \/>\n\t<meta property=\"og:image:height\" content=\"800\" \/>\n\t<meta property=\"og:image:type\" content=\"image\/jpeg\" \/>\n<meta name=\"twitter:card\" content=\"summary_large_image\" \/>\n<meta name=\"twitter:label1\" content=\"Dur\u00e9e de lecture estim\u00e9e\" \/>\n\t<meta name=\"twitter:data1\" content=\"2 minutes\" \/>\n<script type=\"application\/ld+json\" class=\"yoast-schema-graph\">{\"@context\":\"https:\\\/\\\/schema.org\",\"@graph\":[{\"@type\":\"WebPage\",\"@id\":\"https:\\\/\\\/floranixena.it\\\/fr\\\/produit\\\/flower-cube-de-roses-rouges\\\/\",\"url\":\"https:\\\/\\\/floranixena.it\\\/fr\\\/produit\\\/flower-cube-de-roses-rouges\\\/\",\"name\":\"Flower Cube de roses rouges - FloraNixena - Livraison de Fleurs \u00e0 domicile\",\"isPartOf\":{\"@id\":\"https:\\\/\\\/floranixena.it\\\/fr\\\/#website\"},\"primaryImageOfPage\":{\"@id\":\"https:\\\/\\\/floranixena.it\\\/fr\\\/produit\\\/flower-cube-de-roses-rouges\\\/#primaryimage\"},\"image\":{\"@id\":\"https:\\\/\\\/floranixena.it\\\/fr\\\/produit\\\/flower-cube-de-roses-rouges\\\/#primaryimage\"},\"thumbnailUrl\":\"https:\\\/\\\/floranixena.it\\\/wp-content\\\/uploads\\\/2019\\\/01\\\/Cubo-di-rose-da-regalare-per-San-Valentino-alla-moglie-o-alla-fidanzata.-Regalarlo-anche-per-linizio-di-una-nuova-relazione-a-domicilio-1.jpg\",\"datePublished\":\"2024-07-17T14:09:46+00:00\",\"description\":\"Ce cube de fleurs contient des roses rouges qui semblent fra\u00eechement cueillies, pour c\u00e9l\u00e9brer votre amour, la Saint-Valentin ou toute autre occasion.\",\"breadcrumb\":{\"@id\":\"https:\\\/\\\/floranixena.it\\\/fr\\\/produit\\\/flower-cube-de-roses-rouges\\\/#breadcrumb\"},\"inLanguage\":\"fr-FR\",\"potentialAction\":[{\"@type\":\"ReadAction\",\"target\":[\"https:\\\/\\\/floranixena.it\\\/fr\\\/produit\\\/flower-cube-de-roses-rouges\\\/\"]}]},{\"@type\":\"ImageObject\",\"inLanguage\":\"fr-FR\",\"@id\":\"https:\\\/\\\/floranixena.it\\\/fr\\\/produit\\\/flower-cube-de-roses-rouges\\\/#primaryimage\",\"url\":\"https:\\\/\\\/floranixena.it\\\/wp-content\\\/uploads\\\/2019\\\/01\\\/Cubo-di-rose-da-regalare-per-San-Valentino-alla-moglie-o-alla-fidanzata.-Regalarlo-anche-per-linizio-di-una-nuova-relazione-a-domicilio-1.jpg\",\"contentUrl\":\"https:\\\/\\\/floranixena.it\\\/wp-content\\\/uploads\\\/2019\\\/01\\\/Cubo-di-rose-da-regalare-per-San-Valentino-alla-moglie-o-alla-fidanzata.-Regalarlo-anche-per-linizio-di-una-nuova-relazione-a-domicilio-1.jpg\",\"width\":800,\"height\":800,\"caption\":\"Cubo di rose rosse, idea regalo fidanzata\"},{\"@type\":\"BreadcrumbList\",\"@id\":\"https:\\\/\\\/floranixena.it\\\/fr\\\/produit\\\/flower-cube-de-roses-rouges\\\/#breadcrumb\",\"itemListElement\":[{\"@type\":\"ListItem\",\"position\":1,\"name\":\"Home\",\"item\":\"https:\\\/\\\/floranixena.it\\\/fr\\\/\"},{\"@type\":\"ListItem\",\"position\":2,\"name\":\"Magasin\",\"item\":\"https:\\\/\\\/floranixena.it\\\/fr\\\/magasin\\\/\"},{\"@type\":\"ListItem\",\"position\":3,\"name\":\"Flower Cube de Roses Rouges\"}]},{\"@type\":\"WebSite\",\"@id\":\"https:\\\/\\\/floranixena.it\\\/fr\\\/#website\",\"url\":\"https:\\\/\\\/floranixena.it\\\/fr\\\/\",\"name\":\"FloraNixena - Consegna fiori a domicilio in Italia\",\"description\":\"Invia fiori che raccontano storie\",\"publisher\":{\"@id\":\"https:\\\/\\\/floranixena.it\\\/fr\\\/#organization\"},\"alternateName\":\"FloraNixena.it\",\"potentialAction\":[{\"@type\":\"SearchAction\",\"target\":{\"@type\":\"EntryPoint\",\"urlTemplate\":\"https:\\\/\\\/floranixena.it\\\/fr\\\/?s={search_term_string}\"},\"query-input\":{\"@type\":\"PropertyValueSpecification\",\"valueRequired\":true,\"valueName\":\"search_term_string\"}}],\"inLanguage\":\"fr-FR\"},{\"@type\":\"Organization\",\"@id\":\"https:\\\/\\\/floranixena.it\\\/fr\\\/#organization\",\"name\":\"FloraNixena.it - Consegna mazzi di fiori, bouquet e piante a domicilio\",\"url\":\"https:\\\/\\\/floranixena.it\\\/fr\\\/\",\"logo\":{\"@type\":\"ImageObject\",\"inLanguage\":\"fr-FR\",\"@id\":\"https:\\\/\\\/floranixena.it\\\/fr\\\/#\\\/schema\\\/logo\\\/image\\\/\",\"url\":\"https:\\\/\\\/floranixena.it\\\/wp-content\\\/uploads\\\/2018\\\/11\\\/logo-fucsia.png\",\"contentUrl\":\"https:\\\/\\\/floranixena.it\\\/wp-content\\\/uploads\\\/2018\\\/11\\\/logo-fucsia.png\",\"width\":315,\"height\":81,\"caption\":\"FloraNixena.it - Consegna mazzi di fiori, bouquet e piante a domicilio\"},\"image\":{\"@id\":\"https:\\\/\\\/floranixena.it\\\/fr\\\/#\\\/schema\\\/logo\\\/image\\\/\"},\"sameAs\":[\"https:\\\/\\\/www.facebook.com\\\/FloraNixena\\\/\",\"https:\\\/\\\/www.instagram.com\\\/floranixena.it\\\/\",\"https:\\\/\\\/www.youtube.com\\\/channel\\\/UCAfCWXMBezO96jgPjiUgpkA\"],\"description\":\"Chi Siamo? FloraNixena \u00e8 il partner di fiducia per la consegna di fiori freschi a domicilio. Con anni di esperienza nel settore floreale, siamo dedicati a portare la bellezza e la freschezza dei fiori direttamente alla vostra porta. La Nostra Missione La nostra missione \u00e8 trasformare ogni occasione in un momento speciale attraverso la magia dei fiori. Crediamo che un bouquet possa dire pi\u00f9 di mille parole e lavoriamo instancabilmente per assicurarci che ogni consegna porti gioia, amore e bellezza. Cosa Offriamo? Fiori Freschi: Collaboriamo con i migliori fornitori locali per garantire che i nostri fiori siano sempre freschi e di alta qualit\u00e0. Consegna Rapida e Puntuale: Offriamo un servizio di consegna rapido e affidabile, con la possibilit\u00e0 di scegliere la fascia oraria che pi\u00f9 vi conviene. Ampia Selezione: Dalle rose classiche ai bouquet personalizzati, abbiamo una vasta gamma di opzioni per soddisfare ogni gusto e occasione. Assistenza Clienti: Il nostro team \u00e8 sempre a disposizione per assistervi nella scelta del bouquet perfetto e per garantire un'esperienza di acquisto senza intoppi. Perch\u00e9 Sceglierci? Qualit\u00e0 Garantita: Ogni bouquet \u00e8 realizzato con cura dai nostri esperti fioristi, garantendo che ogni composizione sia un'opera d'arte. Servizio Personalizzato: Che sia per un anniversario, un compleanno, una celebrazione o un momento di condoglianza, personalizziamo ogni ordine per rispondere alle vostre esigenze specifiche. Soddisfazione del Cliente: La vostra soddisfazione \u00e8 la nostra priorit\u00e0 assoluta. Facciamo tutto il possibile per assicurarci che ogni consegna superi le vostre aspettative.\",\"email\":\"amministrazione@floranixena.it\",\"telephone\":\"3806342394\",\"legalName\":\"Gaetano Votadoro\"}]}<\/script>\n<!-- \/ Yoast SEO Premium plugin. -->","yoast_head_json":{"title":"Flower Cube de roses rouges - FloraNixena - Livraison de Fleurs \u00e0 domicile","description":"Ce cube de fleurs contient des roses rouges qui semblent fra\u00eechement cueillies, pour c\u00e9l\u00e9brer votre amour, la Saint-Valentin ou toute autre occasion.","robots":{"index":"index","follow":"follow","max-snippet":"max-snippet:-1","max-image-preview":"max-image-preview:large","max-video-preview":"max-video-preview:-1"},"canonical":"https:\/\/floranixena.it\/fr\/produit\/flower-cube-de-roses-rouges\/","og_locale":"fr_FR","og_type":"article","og_title":"Flower Cube de Roses Rouges","og_description":"Cube de roses rouges (choisir la taille dans le menu d\u00e9roulant)","og_url":"https:\/\/floranixena.it\/fr\/produit\/flower-cube-de-roses-rouges\/","og_site_name":"FloraNixena - livraison de fleurs et de plantes","article_publisher":"https:\/\/www.facebook.com\/FloraNixena\/","og_image":[{"width":800,"height":800,"url":"https:\/\/floranixena.it\/wp-content\/uploads\/2019\/01\/Cubo-di-rose-da-regalare-per-San-Valentino-alla-moglie-o-alla-fidanzata.-Regalarlo-anche-per-linizio-di-una-nuova-relazione-a-domicilio-1.jpg","type":"image\/jpeg"}],"twitter_card":"summary_large_image","twitter_misc":{"Dur\u00e9e de lecture estim\u00e9e":"2 minutes"},"schema":{"@context":"https:\/\/schema.org","@graph":[{"@type":"WebPage","@id":"https:\/\/floranixena.it\/fr\/produit\/flower-cube-de-roses-rouges\/","url":"https:\/\/floranixena.it\/fr\/produit\/flower-cube-de-roses-rouges\/","name":"Flower Cube de roses rouges - FloraNixena - Livraison de Fleurs \u00e0 domicile","isPartOf":{"@id":"https:\/\/floranixena.it\/fr\/#website"},"primaryImageOfPage":{"@id":"https:\/\/floranixena.it\/fr\/produit\/flower-cube-de-roses-rouges\/#primaryimage"},"image":{"@id":"https:\/\/floranixena.it\/fr\/produit\/flower-cube-de-roses-rouges\/#primaryimage"},"thumbnailUrl":"https:\/\/floranixena.it\/wp-content\/uploads\/2019\/01\/Cubo-di-rose-da-regalare-per-San-Valentino-alla-moglie-o-alla-fidanzata.-Regalarlo-anche-per-linizio-di-una-nuova-relazione-a-domicilio-1.jpg","datePublished":"2024-07-17T14:09:46+00:00","description":"Ce cube de fleurs contient des roses rouges qui semblent fra\u00eechement cueillies, pour c\u00e9l\u00e9brer votre amour, la Saint-Valentin ou toute autre occasion.","breadcrumb":{"@id":"https:\/\/floranixena.it\/fr\/produit\/flower-cube-de-roses-rouges\/#breadcrumb"},"inLanguage":"fr-FR","potentialAction":[{"@type":"ReadAction","target":["https:\/\/floranixena.it\/fr\/produit\/flower-cube-de-roses-rouges\/"]}]},{"@type":"ImageObject","inLanguage":"fr-FR","@id":"https:\/\/floranixena.it\/fr\/produit\/flower-cube-de-roses-rouges\/#primaryimage","url":"https:\/\/floranixena.it\/wp-content\/uploads\/2019\/01\/Cubo-di-rose-da-regalare-per-San-Valentino-alla-moglie-o-alla-fidanzata.-Regalarlo-anche-per-linizio-di-una-nuova-relazione-a-domicilio-1.jpg","contentUrl":"https:\/\/floranixena.it\/wp-content\/uploads\/2019\/01\/Cubo-di-rose-da-regalare-per-San-Valentino-alla-moglie-o-alla-fidanzata.-Regalarlo-anche-per-linizio-di-una-nuova-relazione-a-domicilio-1.jpg","width":800,"height":800,"caption":"Cubo di rose rosse, idea regalo fidanzata"},{"@type":"BreadcrumbList","@id":"https:\/\/floranixena.it\/fr\/produit\/flower-cube-de-roses-rouges\/#breadcrumb","itemListElement":[{"@type":"ListItem","position":1,"name":"Home","item":"https:\/\/floranixena.it\/fr\/"},{"@type":"ListItem","position":2,"name":"Magasin","item":"https:\/\/floranixena.it\/fr\/magasin\/"},{"@type":"ListItem","position":3,"name":"Flower Cube de Roses Rouges"}]},{"@type":"WebSite","@id":"https:\/\/floranixena.it\/fr\/#website","url":"https:\/\/floranixena.it\/fr\/","name":"FloraNixena - Consegna fiori a domicilio in Italia","description":"Invia fiori che raccontano storie","publisher":{"@id":"https:\/\/floranixena.it\/fr\/#organization"},"alternateName":"FloraNixena.it","potentialAction":[{"@type":"SearchAction","target":{"@type":"EntryPoint","urlTemplate":"https:\/\/floranixena.it\/fr\/?s={search_term_string}"},"query-input":{"@type":"PropertyValueSpecification","valueRequired":true,"valueName":"search_term_string"}}],"inLanguage":"fr-FR"},{"@type":"Organization","@id":"https:\/\/floranixena.it\/fr\/#organization","name":"FloraNixena.it - Consegna mazzi di fiori, bouquet e piante a domicilio","url":"https:\/\/floranixena.it\/fr\/","logo":{"@type":"ImageObject","inLanguage":"fr-FR","@id":"https:\/\/floranixena.it\/fr\/#\/schema\/logo\/image\/","url":"https:\/\/floranixena.it\/wp-content\/uploads\/2018\/11\/logo-fucsia.png","contentUrl":"https:\/\/floranixena.it\/wp-content\/uploads\/2018\/11\/logo-fucsia.png","width":315,"height":81,"caption":"FloraNixena.it - Consegna mazzi di fiori, bouquet e piante a domicilio"},"image":{"@id":"https:\/\/floranixena.it\/fr\/#\/schema\/logo\/image\/"},"sameAs":["https:\/\/www.facebook.com\/FloraNixena\/","https:\/\/www.instagram.com\/floranixena.it\/","https:\/\/www.youtube.com\/channel\/UCAfCWXMBezO96jgPjiUgpkA"],"description":"Chi Siamo? FloraNixena \u00e8 il partner di fiducia per la consegna di fiori freschi a domicilio. Con anni di esperienza nel settore floreale, siamo dedicati a portare la bellezza e la freschezza dei fiori direttamente alla vostra porta. La Nostra Missione La nostra missione \u00e8 trasformare ogni occasione in un momento speciale attraverso la magia dei fiori. Crediamo che un bouquet possa dire pi\u00f9 di mille parole e lavoriamo instancabilmente per assicurarci che ogni consegna porti gioia, amore e bellezza. Cosa Offriamo? Fiori Freschi: Collaboriamo con i migliori fornitori locali per garantire che i nostri fiori siano sempre freschi e di alta qualit\u00e0. Consegna Rapida e Puntuale: Offriamo un servizio di consegna rapido e affidabile, con la possibilit\u00e0 di scegliere la fascia oraria che pi\u00f9 vi conviene. Ampia Selezione: Dalle rose classiche ai bouquet personalizzati, abbiamo una vasta gamma di opzioni per soddisfare ogni gusto e occasione. Assistenza Clienti: Il nostro team \u00e8 sempre a disposizione per assistervi nella scelta del bouquet perfetto e per garantire un'esperienza di acquisto senza intoppi. Perch\u00e9 Sceglierci? Qualit\u00e0 Garantita: Ogni bouquet \u00e8 realizzato con cura dai nostri esperti fioristi, garantendo che ogni composizione sia un'opera d'arte. Servizio Personalizzato: Che sia per un anniversario, un compleanno, una celebrazione o un momento di condoglianza, personalizziamo ogni ordine per rispondere alle vostre esigenze specifiche. Soddisfazione del Cliente: La vostra soddisfazione \u00e8 la nostra priorit\u00e0 assoluta. Facciamo tutto il possibile per assicurarci che ogni consegna superi le vostre aspettative.","email":"amministrazione@floranixena.it","telephone":"3806342394","legalName":"Gaetano Votadoro"}]}},"_links":{"self":[{"href":"https:\/\/floranixena.it\/fr\/wp-json\/wp\/v2\/product\/18214","targetHints":{"allow":["GET"]}}],"collection":[{"href":"https:\/\/floranixena.it\/fr\/wp-json\/wp\/v2\/product"}],"about":[{"href":"https:\/\/floranixena.it\/fr\/wp-json\/wp\/v2\/types\/product"}],"replies":[{"embeddable":true,"href":"https:\/\/floranixena.it\/fr\/wp-json\/wp\/v2\/comments?post=18214"}],"wp:featuredmedia":[{"embeddable":true,"href":"https:\/\/floranixena.it\/fr\/wp-json\/wp\/v2\/media\/18215"}],"wp:attachment":[{"href":"https:\/\/floranixena.it\/fr\/wp-json\/wp\/v2\/media?parent=18214"}],"wp:term":[{"taxonomy":"product_brand","embeddable":true,"href":"https:\/\/floranixena.it\/fr\/wp-json\/wp\/v2\/product_brand?post=18214"},{"taxonomy":"product_cat","embeddable":true,"href":"https:\/\/floranixena.it\/fr\/wp-json\/wp\/v2\/product_cat?post=18214"},{"taxonomy":"product_tag","embeddable":true,"href":"https:\/\/floranixena.it\/fr\/wp-json\/wp\/v2\/product_tag?post=18214"}],"curies":[{"name":"wp","href":"https:\/\/api.w.org\/{rel}","templated":true}]}}