{"id":18208,"date":"2024-07-17T17:28:30","date_gmt":"2024-07-17T15:28:30","guid":{"rendered":"https:\/\/floranixena.it\/product\/cube-de-noel-avec-des-roses-rouges\/"},"modified":"2024-07-17T17:28:30","modified_gmt":"2024-07-17T15:28:30","slug":"cube-de-noel-avec-des-roses-rouges","status":"publish","type":"product","link":"https:\/\/floranixena.it\/fr\/produit\/cube-de-noel-avec-des-roses-rouges\/","title":{"rendered":"Cube de No\u00ebl avec des Roses Rouges"},"content":{"rendered":"<p>Ce cube de No\u00ebl est parfait pour enrichir et illuminer les jours qui pr\u00e9c\u00e8dent <strong>No\u00ebl,<\/strong> apportant une touche de magie et de joie \u00e0 ceux qui le re\u00e7oivent. Imaginez que vous puissiez surprendre vos proches ou votre moiti\u00e9 avec une composition florale qui refl\u00e8te non seulement l\u2019esprit de la f\u00eate, mais exprime \u00e9galement votre amour et votre gratitude. Chaque \u00e9l\u00e9ment de ce <strong>bouquet<\/strong> a \u00e9t\u00e9 s\u00e9lectionn\u00e9 avec soin et attention pour cr\u00e9er une harmonie de couleurs et de parfums qui \u00e9voquent la chaleur et la joie des f\u00eates.  <\/p>\n<p>Le bouquet est compos\u00e9 d\u2019une vari\u00e9t\u00e9 de <a href=\"https:\/\/floranixena.it\/fr\/prodotto\/bouquet-12-rose-rosse\/\"><strong>fleurs<\/strong><\/a> et d\u00e9corations de No\u00ebl, choisis pour leur beaut\u00e9 et leur fra\u00eecheur. Des roses rouges \u00e9l\u00e9gantes aux d\u00e9licats lys blancs, en passant par une s\u00e9lection de vert festif et de d\u00e9tails \u00e9tincelants, chaque fleur contribue \u00e0 faire de cette composition un v\u00e9ritable chef-d\u2019\u0153uvre saisonnier. Il est con\u00e7u pour exprimer non seulement votre affection, mais aussi pour ajouter une touche d\u2019\u00e9l\u00e9gance et de raffinement \u00e0 n\u2019importe quel environnement.  <\/p>\n<p>Pour vous garantir une exp\u00e9rience sans stress et compl\u00e8tement d\u00e9tendue, nous nous occupons de chaque \u00e9tape du processus : de la pr\u00e9paration \u00e0 la livraison. Notre \u00e9quipe s\u2019assurera que le bouquet arrive \u00e0 destination en parfait \u00e9tat, pr\u00eat \u00e0 \u00eatre admir\u00e9 et appr\u00e9ci\u00e9. Avec notre soin et notre attention, vous pouvez \u00eatre s\u00fbr que ce <a href=\"https:\/\/floranixena.it\/fr\/catalog\/cadeaux\/\"><strong>cadeau<\/strong><\/a> rendra votre No\u00ebl encore plus sp\u00e9cial et inoubliable.  <\/p>\n<p>Laissez notre cube de No\u00ebl devenir le c\u0153ur d\u2019une c\u00e9l\u00e9bration extraordinaire, cr\u00e9ant des moments de <strong>joie et de beaut\u00e9<\/strong> qui resteront dans le c\u0153ur de vos proches. Avec notre assistance, votre No\u00ebl sera vraiment magique et riche en \u00e9motions positives. <\/p>\n","protected":false},"excerpt":{"rendered":"<p>La composition est compos\u00e9e de 7 roses rouges et chrysanth\u00e8mes verts avec des fleurs d\u00e9coratives de saison<\/p>\n","protected":false},"featured_media":22650,"comment_status":"open","ping_status":"closed","template":"","meta":[],"product_brand":[],"product_cat":[3276],"product_tag":[4492,4491,3971,3277],"class_list":{"0":"post-18208","1":"product","2":"type-product","3":"status-publish","4":"has-post-thumbnail","6":"product_cat-noel","7":"product_tag-cube-de-roses","8":"product_tag-fleurs-de-noel","9":"product_tag-noel","10":"product_tag-roses-rouges","12":"first","13":"instock","14":"shipping-taxable","15":"purchasable","16":"product-type-simple"},"yoast_head":"<!-- This site is optimized with the Yoast SEO Premium plugin v27.4 (Yoast SEO v27.4) - https:\/\/yoast.com\/product\/yoast-seo-premium-wordpress\/ -->\n<title>Cube de No\u00ebl avec des Roses - FloraNixena - livraison de fleurs et de plantes<\/title>\n<meta name=\"description\" content=\"Ce cube de No\u00ebl est id\u00e9al pour remplir les jours de f\u00eate qui vous accompagneront \u00e0 No\u00ebl, et surprendre vos proches ou votre moiti\u00e9.\" \/>\n<meta name=\"robots\" content=\"index, follow, max-snippet:-1, max-image-preview:large, max-video-preview:-1\" \/>\n<link rel=\"canonical\" href=\"https:\/\/floranixena.it\/fr\/produit\/cube-de-noel-avec-des-roses-rouges\/\" \/>\n<meta property=\"og:locale\" content=\"fr_FR\" \/>\n<meta property=\"og:type\" content=\"article\" \/>\n<meta property=\"og:title\" content=\"Cube de No\u00ebl avec des Roses Rouges\" \/>\n<meta property=\"og:description\" content=\"La composition est compos\u00e9e de 7 roses rouges et chrysanth\u00e8mes verts avec des fleurs d\u00e9coratives de saison\" \/>\n<meta property=\"og:url\" content=\"https:\/\/floranixena.it\/fr\/produit\/cube-de-noel-avec-des-roses-rouges\/\" \/>\n<meta property=\"og:site_name\" content=\"FloraNixena - livraison de fleurs et de plantes\" \/>\n<meta property=\"article:publisher\" content=\"https:\/\/www.facebook.com\/FloraNixena\/\" \/>\n<meta property=\"og:image\" content=\"https:\/\/floranixena.it\/wp-content\/uploads\/2018\/12\/cubo_natalizio_-_regala_fiori_per_natale_conf_loranixena_consegneremo_i_fiori_di_natale_a_casa_per_te_senza_pensieri_per_i_tuoi_cari.jpg\" \/>\n\t<meta property=\"og:image:width\" content=\"800\" \/>\n\t<meta property=\"og:image:height\" content=\"800\" \/>\n\t<meta property=\"og:image:type\" content=\"image\/jpeg\" \/>\n<meta name=\"twitter:card\" content=\"summary_large_image\" \/>\n<meta name=\"twitter:label1\" content=\"Dur\u00e9e de lecture estim\u00e9e\" \/>\n\t<meta name=\"twitter:data1\" content=\"2 minutes\" \/>\n<script type=\"application\/ld+json\" class=\"yoast-schema-graph\">{\"@context\":\"https:\\\/\\\/schema.org\",\"@graph\":[{\"@type\":\"WebPage\",\"@id\":\"https:\\\/\\\/floranixena.it\\\/fr\\\/produit\\\/cube-de-noel-avec-des-roses-rouges\\\/\",\"url\":\"https:\\\/\\\/floranixena.it\\\/fr\\\/produit\\\/cube-de-noel-avec-des-roses-rouges\\\/\",\"name\":\"Cube de No\u00ebl avec des Roses - FloraNixena - livraison de fleurs et de plantes\",\"isPartOf\":{\"@id\":\"https:\\\/\\\/floranixena.it\\\/fr\\\/#website\"},\"primaryImageOfPage\":{\"@id\":\"https:\\\/\\\/floranixena.it\\\/fr\\\/produit\\\/cube-de-noel-avec-des-roses-rouges\\\/#primaryimage\"},\"image\":{\"@id\":\"https:\\\/\\\/floranixena.it\\\/fr\\\/produit\\\/cube-de-noel-avec-des-roses-rouges\\\/#primaryimage\"},\"thumbnailUrl\":\"https:\\\/\\\/floranixena.it\\\/wp-content\\\/uploads\\\/2018\\\/12\\\/cubo_natalizio_-_regala_fiori_per_natale_conf_loranixena_consegneremo_i_fiori_di_natale_a_casa_per_te_senza_pensieri_per_i_tuoi_cari.jpg\",\"datePublished\":\"2024-07-17T15:28:30+00:00\",\"description\":\"Ce cube de No\u00ebl est id\u00e9al pour remplir les jours de f\u00eate qui vous accompagneront \u00e0 No\u00ebl, et surprendre vos proches ou votre moiti\u00e9.\",\"breadcrumb\":{\"@id\":\"https:\\\/\\\/floranixena.it\\\/fr\\\/produit\\\/cube-de-noel-avec-des-roses-rouges\\\/#breadcrumb\"},\"inLanguage\":\"fr-FR\",\"potentialAction\":[{\"@type\":\"ReadAction\",\"target\":[\"https:\\\/\\\/floranixena.it\\\/fr\\\/produit\\\/cube-de-noel-avec-des-roses-rouges\\\/\"]}]},{\"@type\":\"ImageObject\",\"inLanguage\":\"fr-FR\",\"@id\":\"https:\\\/\\\/floranixena.it\\\/fr\\\/produit\\\/cube-de-noel-avec-des-roses-rouges\\\/#primaryimage\",\"url\":\"https:\\\/\\\/floranixena.it\\\/wp-content\\\/uploads\\\/2018\\\/12\\\/cubo_natalizio_-_regala_fiori_per_natale_conf_loranixena_consegneremo_i_fiori_di_natale_a_casa_per_te_senza_pensieri_per_i_tuoi_cari.jpg\",\"contentUrl\":\"https:\\\/\\\/floranixena.it\\\/wp-content\\\/uploads\\\/2018\\\/12\\\/cubo_natalizio_-_regala_fiori_per_natale_conf_loranixena_consegneremo_i_fiori_di_natale_a_casa_per_te_senza_pensieri_per_i_tuoi_cari.jpg\",\"width\":800,\"height\":800,\"caption\":\"Cubo natalizio di rose rosse\"},{\"@type\":\"BreadcrumbList\",\"@id\":\"https:\\\/\\\/floranixena.it\\\/fr\\\/produit\\\/cube-de-noel-avec-des-roses-rouges\\\/#breadcrumb\",\"itemListElement\":[{\"@type\":\"ListItem\",\"position\":1,\"name\":\"Home\",\"item\":\"https:\\\/\\\/floranixena.it\\\/fr\\\/\"},{\"@type\":\"ListItem\",\"position\":2,\"name\":\"Magasin\",\"item\":\"https:\\\/\\\/floranixena.it\\\/fr\\\/magasin\\\/\"},{\"@type\":\"ListItem\",\"position\":3,\"name\":\"Cube de No\u00ebl avec des Roses Rouges\"}]},{\"@type\":\"WebSite\",\"@id\":\"https:\\\/\\\/floranixena.it\\\/fr\\\/#website\",\"url\":\"https:\\\/\\\/floranixena.it\\\/fr\\\/\",\"name\":\"FloraNixena - Consegna fiori a domicilio in Italia\",\"description\":\"Invia fiori che raccontano storie\",\"publisher\":{\"@id\":\"https:\\\/\\\/floranixena.it\\\/fr\\\/#organization\"},\"alternateName\":\"FloraNixena.it\",\"potentialAction\":[{\"@type\":\"SearchAction\",\"target\":{\"@type\":\"EntryPoint\",\"urlTemplate\":\"https:\\\/\\\/floranixena.it\\\/fr\\\/?s={search_term_string}\"},\"query-input\":{\"@type\":\"PropertyValueSpecification\",\"valueRequired\":true,\"valueName\":\"search_term_string\"}}],\"inLanguage\":\"fr-FR\"},{\"@type\":\"Organization\",\"@id\":\"https:\\\/\\\/floranixena.it\\\/fr\\\/#organization\",\"name\":\"FloraNixena.it - Consegna mazzi di fiori, bouquet e piante a domicilio\",\"url\":\"https:\\\/\\\/floranixena.it\\\/fr\\\/\",\"logo\":{\"@type\":\"ImageObject\",\"inLanguage\":\"fr-FR\",\"@id\":\"https:\\\/\\\/floranixena.it\\\/fr\\\/#\\\/schema\\\/logo\\\/image\\\/\",\"url\":\"https:\\\/\\\/floranixena.it\\\/wp-content\\\/uploads\\\/2018\\\/11\\\/logo-fucsia.png\",\"contentUrl\":\"https:\\\/\\\/floranixena.it\\\/wp-content\\\/uploads\\\/2018\\\/11\\\/logo-fucsia.png\",\"width\":315,\"height\":81,\"caption\":\"FloraNixena.it - Consegna mazzi di fiori, bouquet e piante a domicilio\"},\"image\":{\"@id\":\"https:\\\/\\\/floranixena.it\\\/fr\\\/#\\\/schema\\\/logo\\\/image\\\/\"},\"sameAs\":[\"https:\\\/\\\/www.facebook.com\\\/FloraNixena\\\/\",\"https:\\\/\\\/www.instagram.com\\\/floranixena.it\\\/\",\"https:\\\/\\\/www.youtube.com\\\/channel\\\/UCAfCWXMBezO96jgPjiUgpkA\"],\"description\":\"Chi Siamo? FloraNixena \u00e8 il partner di fiducia per la consegna di fiori freschi a domicilio. Con anni di esperienza nel settore floreale, siamo dedicati a portare la bellezza e la freschezza dei fiori direttamente alla vostra porta. La Nostra Missione La nostra missione \u00e8 trasformare ogni occasione in un momento speciale attraverso la magia dei fiori. Crediamo che un bouquet possa dire pi\u00f9 di mille parole e lavoriamo instancabilmente per assicurarci che ogni consegna porti gioia, amore e bellezza. Cosa Offriamo? Fiori Freschi: Collaboriamo con i migliori fornitori locali per garantire che i nostri fiori siano sempre freschi e di alta qualit\u00e0. Consegna Rapida e Puntuale: Offriamo un servizio di consegna rapido e affidabile, con la possibilit\u00e0 di scegliere la fascia oraria che pi\u00f9 vi conviene. Ampia Selezione: Dalle rose classiche ai bouquet personalizzati, abbiamo una vasta gamma di opzioni per soddisfare ogni gusto e occasione. Assistenza Clienti: Il nostro team \u00e8 sempre a disposizione per assistervi nella scelta del bouquet perfetto e per garantire un'esperienza di acquisto senza intoppi. Perch\u00e9 Sceglierci? Qualit\u00e0 Garantita: Ogni bouquet \u00e8 realizzato con cura dai nostri esperti fioristi, garantendo che ogni composizione sia un'opera d'arte. Servizio Personalizzato: Che sia per un anniversario, un compleanno, una celebrazione o un momento di condoglianza, personalizziamo ogni ordine per rispondere alle vostre esigenze specifiche. Soddisfazione del Cliente: La vostra soddisfazione \u00e8 la nostra priorit\u00e0 assoluta. Facciamo tutto il possibile per assicurarci che ogni consegna superi le vostre aspettative.\",\"email\":\"amministrazione@floranixena.it\",\"telephone\":\"3806342394\",\"legalName\":\"Gaetano Votadoro\"}]}<\/script>\n<!-- \/ Yoast SEO Premium plugin. -->","yoast_head_json":{"title":"Cube de No\u00ebl avec des Roses - FloraNixena - livraison de fleurs et de plantes","description":"Ce cube de No\u00ebl est id\u00e9al pour remplir les jours de f\u00eate qui vous accompagneront \u00e0 No\u00ebl, et surprendre vos proches ou votre moiti\u00e9.","robots":{"index":"index","follow":"follow","max-snippet":"max-snippet:-1","max-image-preview":"max-image-preview:large","max-video-preview":"max-video-preview:-1"},"canonical":"https:\/\/floranixena.it\/fr\/produit\/cube-de-noel-avec-des-roses-rouges\/","og_locale":"fr_FR","og_type":"article","og_title":"Cube de No\u00ebl avec des Roses Rouges","og_description":"La composition est compos\u00e9e de 7 roses rouges et chrysanth\u00e8mes verts avec des fleurs d\u00e9coratives de saison","og_url":"https:\/\/floranixena.it\/fr\/produit\/cube-de-noel-avec-des-roses-rouges\/","og_site_name":"FloraNixena - livraison de fleurs et de plantes","article_publisher":"https:\/\/www.facebook.com\/FloraNixena\/","og_image":[{"width":800,"height":800,"url":"https:\/\/floranixena.it\/wp-content\/uploads\/2018\/12\/cubo_natalizio_-_regala_fiori_per_natale_conf_loranixena_consegneremo_i_fiori_di_natale_a_casa_per_te_senza_pensieri_per_i_tuoi_cari.jpg","type":"image\/jpeg"}],"twitter_card":"summary_large_image","twitter_misc":{"Dur\u00e9e de lecture estim\u00e9e":"2 minutes"},"schema":{"@context":"https:\/\/schema.org","@graph":[{"@type":"WebPage","@id":"https:\/\/floranixena.it\/fr\/produit\/cube-de-noel-avec-des-roses-rouges\/","url":"https:\/\/floranixena.it\/fr\/produit\/cube-de-noel-avec-des-roses-rouges\/","name":"Cube de No\u00ebl avec des Roses - FloraNixena - livraison de fleurs et de plantes","isPartOf":{"@id":"https:\/\/floranixena.it\/fr\/#website"},"primaryImageOfPage":{"@id":"https:\/\/floranixena.it\/fr\/produit\/cube-de-noel-avec-des-roses-rouges\/#primaryimage"},"image":{"@id":"https:\/\/floranixena.it\/fr\/produit\/cube-de-noel-avec-des-roses-rouges\/#primaryimage"},"thumbnailUrl":"https:\/\/floranixena.it\/wp-content\/uploads\/2018\/12\/cubo_natalizio_-_regala_fiori_per_natale_conf_loranixena_consegneremo_i_fiori_di_natale_a_casa_per_te_senza_pensieri_per_i_tuoi_cari.jpg","datePublished":"2024-07-17T15:28:30+00:00","description":"Ce cube de No\u00ebl est id\u00e9al pour remplir les jours de f\u00eate qui vous accompagneront \u00e0 No\u00ebl, et surprendre vos proches ou votre moiti\u00e9.","breadcrumb":{"@id":"https:\/\/floranixena.it\/fr\/produit\/cube-de-noel-avec-des-roses-rouges\/#breadcrumb"},"inLanguage":"fr-FR","potentialAction":[{"@type":"ReadAction","target":["https:\/\/floranixena.it\/fr\/produit\/cube-de-noel-avec-des-roses-rouges\/"]}]},{"@type":"ImageObject","inLanguage":"fr-FR","@id":"https:\/\/floranixena.it\/fr\/produit\/cube-de-noel-avec-des-roses-rouges\/#primaryimage","url":"https:\/\/floranixena.it\/wp-content\/uploads\/2018\/12\/cubo_natalizio_-_regala_fiori_per_natale_conf_loranixena_consegneremo_i_fiori_di_natale_a_casa_per_te_senza_pensieri_per_i_tuoi_cari.jpg","contentUrl":"https:\/\/floranixena.it\/wp-content\/uploads\/2018\/12\/cubo_natalizio_-_regala_fiori_per_natale_conf_loranixena_consegneremo_i_fiori_di_natale_a_casa_per_te_senza_pensieri_per_i_tuoi_cari.jpg","width":800,"height":800,"caption":"Cubo natalizio di rose rosse"},{"@type":"BreadcrumbList","@id":"https:\/\/floranixena.it\/fr\/produit\/cube-de-noel-avec-des-roses-rouges\/#breadcrumb","itemListElement":[{"@type":"ListItem","position":1,"name":"Home","item":"https:\/\/floranixena.it\/fr\/"},{"@type":"ListItem","position":2,"name":"Magasin","item":"https:\/\/floranixena.it\/fr\/magasin\/"},{"@type":"ListItem","position":3,"name":"Cube de No\u00ebl avec des Roses Rouges"}]},{"@type":"WebSite","@id":"https:\/\/floranixena.it\/fr\/#website","url":"https:\/\/floranixena.it\/fr\/","name":"FloraNixena - Consegna fiori a domicilio in Italia","description":"Invia fiori che raccontano storie","publisher":{"@id":"https:\/\/floranixena.it\/fr\/#organization"},"alternateName":"FloraNixena.it","potentialAction":[{"@type":"SearchAction","target":{"@type":"EntryPoint","urlTemplate":"https:\/\/floranixena.it\/fr\/?s={search_term_string}"},"query-input":{"@type":"PropertyValueSpecification","valueRequired":true,"valueName":"search_term_string"}}],"inLanguage":"fr-FR"},{"@type":"Organization","@id":"https:\/\/floranixena.it\/fr\/#organization","name":"FloraNixena.it - Consegna mazzi di fiori, bouquet e piante a domicilio","url":"https:\/\/floranixena.it\/fr\/","logo":{"@type":"ImageObject","inLanguage":"fr-FR","@id":"https:\/\/floranixena.it\/fr\/#\/schema\/logo\/image\/","url":"https:\/\/floranixena.it\/wp-content\/uploads\/2018\/11\/logo-fucsia.png","contentUrl":"https:\/\/floranixena.it\/wp-content\/uploads\/2018\/11\/logo-fucsia.png","width":315,"height":81,"caption":"FloraNixena.it - Consegna mazzi di fiori, bouquet e piante a domicilio"},"image":{"@id":"https:\/\/floranixena.it\/fr\/#\/schema\/logo\/image\/"},"sameAs":["https:\/\/www.facebook.com\/FloraNixena\/","https:\/\/www.instagram.com\/floranixena.it\/","https:\/\/www.youtube.com\/channel\/UCAfCWXMBezO96jgPjiUgpkA"],"description":"Chi Siamo? FloraNixena \u00e8 il partner di fiducia per la consegna di fiori freschi a domicilio. Con anni di esperienza nel settore floreale, siamo dedicati a portare la bellezza e la freschezza dei fiori direttamente alla vostra porta. La Nostra Missione La nostra missione \u00e8 trasformare ogni occasione in un momento speciale attraverso la magia dei fiori. Crediamo che un bouquet possa dire pi\u00f9 di mille parole e lavoriamo instancabilmente per assicurarci che ogni consegna porti gioia, amore e bellezza. Cosa Offriamo? Fiori Freschi: Collaboriamo con i migliori fornitori locali per garantire che i nostri fiori siano sempre freschi e di alta qualit\u00e0. Consegna Rapida e Puntuale: Offriamo un servizio di consegna rapido e affidabile, con la possibilit\u00e0 di scegliere la fascia oraria che pi\u00f9 vi conviene. Ampia Selezione: Dalle rose classiche ai bouquet personalizzati, abbiamo una vasta gamma di opzioni per soddisfare ogni gusto e occasione. Assistenza Clienti: Il nostro team \u00e8 sempre a disposizione per assistervi nella scelta del bouquet perfetto e per garantire un'esperienza di acquisto senza intoppi. Perch\u00e9 Sceglierci? Qualit\u00e0 Garantita: Ogni bouquet \u00e8 realizzato con cura dai nostri esperti fioristi, garantendo che ogni composizione sia un'opera d'arte. Servizio Personalizzato: Che sia per un anniversario, un compleanno, una celebrazione o un momento di condoglianza, personalizziamo ogni ordine per rispondere alle vostre esigenze specifiche. Soddisfazione del Cliente: La vostra soddisfazione \u00e8 la nostra priorit\u00e0 assoluta. Facciamo tutto il possibile per assicurarci che ogni consegna superi le vostre aspettative.","email":"amministrazione@floranixena.it","telephone":"3806342394","legalName":"Gaetano Votadoro"}]}},"_links":{"self":[{"href":"https:\/\/floranixena.it\/fr\/wp-json\/wp\/v2\/product\/18208","targetHints":{"allow":["GET"]}}],"collection":[{"href":"https:\/\/floranixena.it\/fr\/wp-json\/wp\/v2\/product"}],"about":[{"href":"https:\/\/floranixena.it\/fr\/wp-json\/wp\/v2\/types\/product"}],"replies":[{"embeddable":true,"href":"https:\/\/floranixena.it\/fr\/wp-json\/wp\/v2\/comments?post=18208"}],"wp:featuredmedia":[{"embeddable":true,"href":"https:\/\/floranixena.it\/fr\/wp-json\/wp\/v2\/media\/22650"}],"wp:attachment":[{"href":"https:\/\/floranixena.it\/fr\/wp-json\/wp\/v2\/media?parent=18208"}],"wp:term":[{"taxonomy":"product_brand","embeddable":true,"href":"https:\/\/floranixena.it\/fr\/wp-json\/wp\/v2\/product_brand?post=18208"},{"taxonomy":"product_cat","embeddable":true,"href":"https:\/\/floranixena.it\/fr\/wp-json\/wp\/v2\/product_cat?post=18208"},{"taxonomy":"product_tag","embeddable":true,"href":"https:\/\/floranixena.it\/fr\/wp-json\/wp\/v2\/product_tag?post=18208"}],"curies":[{"name":"wp","href":"https:\/\/api.w.org\/{rel}","templated":true}]}}