{"id":18136,"date":"2025-08-09T08:19:08","date_gmt":"2025-08-09T06:19:08","guid":{"rendered":"https:\/\/floranixena.it\/product\/cactus-san-pedro-pianta-grassa\/"},"modified":"2025-09-25T11:31:23","modified_gmt":"2025-09-25T09:31:23","slug":"cactus-san-pedro-pianta-grassa","status":"publish","type":"product","link":"https:\/\/floranixena.it\/fr\/produit\/cactus-san-pedro-pianta-grassa\/","title":{"rendered":"Cactus san pedro &#8211; Plante grasse"},"content":{"rendered":"<h1>Cactus San Pedro \u00e0 livrer<\/h1>\n<p>Le mot de la plante \u00ab\u00a0<a href=\"https:\/\/floranixena.it\/fr\/prodotto\/cactus-a-colonna\/\"><strong>cactus<\/strong><\/a>\u00a0\u00bb vient d\u2019un ancien mot grec qui signifiait \u00ab\u00a0plante pointue dont l\u2019identit\u00e9 n\u2019est pas certaine\u00a0\u00bb, ce qui est tr\u00e8s appropri\u00e9 pour cette s\u00e9lection mixte que nous offrons ici. Gr\u00e2ce \u00e0 leur r\u00e9sistance et \u00e0 leur capacit\u00e9 \u00e0 s\u2019adapter aux conditions environnementales d\u00e9favorables, les cactus sont des <strong><a href=\"https:\/\/floranixena.it\/fr\/catalog\/plantes-fr\/\" target=\"_blank\" rel=\"noopener\">plantes<\/a><\/strong> grasses id\u00e9ales pour ceux qui veulent un vert n\u00e9cessitant peu d\u2019entretien. <\/p>\n<p>Les cactus font partie des cat\u00e9gories de <a href=\"https:\/\/floranixena.it\/fr\/prodotto\/sansevieria-plante\/\">plantes<\/a> grasses d\u2019int\u00e9rieur ou d\u2019ext\u00e9rieur qui, provenant des r\u00e9gions chaudes et torrides am\u00e9ricaines, arrivent dans nos villes pour ajouter une <a href=\"https:\/\/floranixena.it\/fr\/prodotto\/colore-dellamore\/\" target=\"_blank\" rel=\"noopener\"><strong>touche de couleur<\/strong><\/a> et d&rsquo;\u00e9l\u00e9gance aux environnements que nous fr\u00e9quentons tous les jours.<\/p>\n<p>Originaires des Am\u00e9riques, de la Patagonie au sud jusqu\u2019au Canada au nord, les cactus se trouvent g\u00e9n\u00e9ralement dans des zones sujettes \u00e0 la s\u00e9cheresse.<\/p>\n<p>En outre, les cactus sont <strong>connus pour leurs propri\u00e9t\u00e9s b\u00e9n\u00e9fiques<\/strong> telles que la capacit\u00e9 d\u2019am\u00e9liorer la qualit\u00e9 de l\u2019air en absorbant le dioxyde de carbone et en lib\u00e9rant de l\u2019oxyg\u00e8ne. Certaines vari\u00e9t\u00e9s, comme la figue d\u2019Inde, produisent \u00e9galement des fruits comestibles riches en vitamines et min\u00e9raux. Ils peuvent prosp\u00e9rer \u00e0 l\u2019int\u00e9rieur et \u00e0 l\u2019ext\u00e9rieur, apportant des avantages esth\u00e9tiques et pratiques.  <\/p>\n<p>Pour ceux qui aiment la d\u00e9coration d\u2019int\u00e9rieur, les cactus offrent une large gamme de formes, tailles et couleurs qui peuvent \u00eatre combin\u00e9es pour cr\u00e9er des <a href=\"https:\/\/floranixena.it\/prodotto\/rose-rosa-e-statice\/\" target=\"_blank\" rel=\"noopener\"><strong>compositions<\/strong><\/a> uniques et originales. Des petits cactus qui se tiennent sur un bureau aux grands sp\u00e9cimens qui deviennent les protagonistes d\u2019un coin vert, les possibilit\u00e9s sont infinies. <\/p>\n<p>Offrir cette <a href=\"https:\/\/floranixena.it\/prodotto\/piante-grasse-in-vaso\/\" target=\"_blank\" rel=\"noopener\"><strong>plante<\/strong><\/a> n\u2019est pas seulement un geste esth\u00e9tique, mais aussi un symbole de force et de r\u00e9silience. Parfait pour c\u00e9l\u00e9brer de nouveaux d\u00e9parts, comme l\u2019ouverture d\u2019une entreprise ou d\u2019un bureau, ce cadeau repr\u00e9sente un souhait de prosp\u00e9rit\u00e9 et de croissance durable. <\/p>\n<p>&nbsp;<\/p>\n","protected":false},"excerpt":{"rendered":"<ul>\n<li style=\"list-style-type: none;\">\n<ul>\n<li style=\"list-style-type: none;\">\n<ul>\n<li>1 Plante de cactus vari\u00e9t\u00e9 san Pedro<\/li>\n<li>Soigneusement emball\u00e9 en cellophane transparent<\/li>\n<li>Pr\u00eat \u00e0 \u00eatre livr\u00e9 directement chez vous.<\/li>\n<\/ul>\n<\/li>\n<\/ul>\n<\/li>\n<\/ul>\n","protected":false},"featured_media":18137,"comment_status":"open","ping_status":"closed","template":"","meta":[],"product_brand":[],"product_cat":[3285,3287,3260,3263,3262,3284,3704,3706,3705,3443,3699,3444,3288,3842],"product_tag":[4069,3709,3707,3838,3998,4068,4384],"class_list":{"0":"post-18136","1":"product","2":"type-product","3":"status-publish","4":"has-post-thumbnail","6":"product_cat-amitie","7":"product_cat-felicitations","8":"product_cat-fete-de-la-femme","9":"product_cat-fete-des-meres","10":"product_cat-jour-du-nom","11":"product_cat-occasion-fr","12":"product_cat-plantes-fr","13":"product_cat-plantes-dexterieur","14":"product_cat-plantes-dinterieur","15":"product_cat-pour-la-soeur","16":"product_cat-pour-les-grands-parents","17":"product_cat-pour-les-oncles","18":"product_cat-pour-remercier-quelquun","19":"product_cat-pour-un-ami","20":"product_tag-cactus-fr","21":"product_tag-livraison-de-plantes-a-domicile","22":"product_tag-plante-dappartement","23":"product_tag-plante-de-bureau","24":"product_tag-plante-grasse","25":"product_tag-plantes-grasses","26":"product_tag-vert","28":"first","29":"instock","30":"sale","31":"shipping-taxable","32":"purchasable","33":"product-type-simple"},"yoast_head":"<!-- This site is optimized with the Yoast SEO Premium plugin v27.6 (Yoast SEO v27.6) - https:\/\/yoast.com\/product\/yoast-seo-premium-wordpress\/ -->\n<title>Plante Cactus San Pedro - Floranixena Livraison de plantes \u00e0 domicile<\/title>\n<meta name=\"description\" content=\"D\u00e9couvrez les cactus, plantes succulentes r\u00e9sistantes id\u00e9ales pour d\u00e9corer l\u2019int\u00e9rieur et l\u2019ext\u00e9rieur. Ajoutez une touche de vert et des symboles de force et de prosp\u00e9rit\u00e9 \u00e0 vos espaces.\" \/>\n<meta name=\"robots\" content=\"index, follow, max-snippet:-1, max-image-preview:large, max-video-preview:-1\" \/>\n<link rel=\"canonical\" href=\"https:\/\/floranixena.it\/fr\/produit\/cactus-san-pedro-pianta-grassa\/\" \/>\n<meta property=\"og:locale\" content=\"fr_FR\" \/>\n<meta property=\"og:type\" content=\"article\" \/>\n<meta property=\"og:title\" content=\"Cactus san pedro - Plante grasse\" \/>\n<meta property=\"og:description\" content=\"1 Plante de cactus vari\u00e9t\u00e9 san Pedro  Soigneusement emball\u00e9 en cellophane transparent  Pr\u00eat \u00e0 \u00eatre livr\u00e9 directement chez vous.\" \/>\n<meta property=\"og:url\" content=\"https:\/\/floranixena.it\/fr\/produit\/cactus-san-pedro-pianta-grassa\/\" \/>\n<meta property=\"og:site_name\" content=\"FloraNixena - livraison de fleurs et de plantes\" \/>\n<meta property=\"article:publisher\" content=\"https:\/\/www.facebook.com\/FloraNixena\/\" \/>\n<meta property=\"article:modified_time\" content=\"2025-09-25T09:31:23+00:00\" \/>\n<meta property=\"og:image\" content=\"https:\/\/floranixena.it\/wp-content\/uploads\/2019\/05\/pianta_cactus_da_far_consegnare_a_domicilio-come-regalo.jpg\" \/>\n\t<meta property=\"og:image:width\" content=\"800\" \/>\n\t<meta property=\"og:image:height\" content=\"800\" \/>\n\t<meta property=\"og:image:type\" content=\"image\/jpeg\" \/>\n<meta name=\"twitter:card\" content=\"summary_large_image\" \/>\n<meta name=\"twitter:label1\" content=\"Dur\u00e9e de lecture estim\u00e9e\" \/>\n\t<meta name=\"twitter:data1\" content=\"2 minutes\" \/>\n<script type=\"application\/ld+json\" class=\"yoast-schema-graph\">{\"@context\":\"https:\\\/\\\/schema.org\",\"@graph\":[{\"@type\":\"WebPage\",\"@id\":\"https:\\\/\\\/floranixena.it\\\/fr\\\/produit\\\/cactus-san-pedro-pianta-grassa\\\/\",\"url\":\"https:\\\/\\\/floranixena.it\\\/fr\\\/produit\\\/cactus-san-pedro-pianta-grassa\\\/\",\"name\":\"Plante Cactus San Pedro - Floranixena Livraison de plantes \u00e0 domicile\",\"isPartOf\":{\"@id\":\"https:\\\/\\\/floranixena.it\\\/fr\\\/#website\"},\"primaryImageOfPage\":{\"@id\":\"https:\\\/\\\/floranixena.it\\\/fr\\\/produit\\\/cactus-san-pedro-pianta-grassa\\\/#primaryimage\"},\"image\":{\"@id\":\"https:\\\/\\\/floranixena.it\\\/fr\\\/produit\\\/cactus-san-pedro-pianta-grassa\\\/#primaryimage\"},\"thumbnailUrl\":\"https:\\\/\\\/floranixena.it\\\/wp-content\\\/uploads\\\/2019\\\/05\\\/pianta_cactus_da_far_consegnare_a_domicilio-come-regalo.jpg\",\"datePublished\":\"2025-08-09T06:19:08+00:00\",\"dateModified\":\"2025-09-25T09:31:23+00:00\",\"description\":\"D\u00e9couvrez les cactus, plantes succulentes r\u00e9sistantes id\u00e9ales pour d\u00e9corer l\u2019int\u00e9rieur et l\u2019ext\u00e9rieur. Ajoutez une touche de vert et des symboles de force et de prosp\u00e9rit\u00e9 \u00e0 vos espaces.\",\"breadcrumb\":{\"@id\":\"https:\\\/\\\/floranixena.it\\\/fr\\\/produit\\\/cactus-san-pedro-pianta-grassa\\\/#breadcrumb\"},\"inLanguage\":\"fr-FR\",\"potentialAction\":[{\"@type\":\"ReadAction\",\"target\":[\"https:\\\/\\\/floranixena.it\\\/fr\\\/produit\\\/cactus-san-pedro-pianta-grassa\\\/\"]}]},{\"@type\":\"ImageObject\",\"inLanguage\":\"fr-FR\",\"@id\":\"https:\\\/\\\/floranixena.it\\\/fr\\\/produit\\\/cactus-san-pedro-pianta-grassa\\\/#primaryimage\",\"url\":\"https:\\\/\\\/floranixena.it\\\/wp-content\\\/uploads\\\/2019\\\/05\\\/pianta_cactus_da_far_consegnare_a_domicilio-come-regalo.jpg\",\"contentUrl\":\"https:\\\/\\\/floranixena.it\\\/wp-content\\\/uploads\\\/2019\\\/05\\\/pianta_cactus_da_far_consegnare_a_domicilio-come-regalo.jpg\",\"width\":800,\"height\":800,\"caption\":\"Porta nella tua casa la resilienza e la forza del Cactus di San Pietro, simbolo di tenacia e vita sostenibile.\"},{\"@type\":\"BreadcrumbList\",\"@id\":\"https:\\\/\\\/floranixena.it\\\/fr\\\/produit\\\/cactus-san-pedro-pianta-grassa\\\/#breadcrumb\",\"itemListElement\":[{\"@type\":\"ListItem\",\"position\":1,\"name\":\"Home\",\"item\":\"https:\\\/\\\/floranixena.it\\\/fr\\\/\"},{\"@type\":\"ListItem\",\"position\":2,\"name\":\"Magasin\",\"item\":\"https:\\\/\\\/floranixena.it\\\/fr\\\/magasin\\\/\"},{\"@type\":\"ListItem\",\"position\":3,\"name\":\"Cactus san pedro &#8211; Plante grasse\"}]},{\"@type\":\"WebSite\",\"@id\":\"https:\\\/\\\/floranixena.it\\\/fr\\\/#website\",\"url\":\"https:\\\/\\\/floranixena.it\\\/fr\\\/\",\"name\":\"FloraNixena - Consegna fiori a domicilio in Italia\",\"description\":\"Invia fiori che raccontano storie\",\"publisher\":{\"@id\":\"https:\\\/\\\/floranixena.it\\\/fr\\\/#organization\"},\"alternateName\":\"FloraNixena.it\",\"potentialAction\":[{\"@type\":\"SearchAction\",\"target\":{\"@type\":\"EntryPoint\",\"urlTemplate\":\"https:\\\/\\\/floranixena.it\\\/fr\\\/?s={search_term_string}\"},\"query-input\":{\"@type\":\"PropertyValueSpecification\",\"valueRequired\":true,\"valueName\":\"search_term_string\"}}],\"inLanguage\":\"fr-FR\"},{\"@type\":\"Organization\",\"@id\":\"https:\\\/\\\/floranixena.it\\\/fr\\\/#organization\",\"name\":\"FloraNixena.it - Consegna mazzi di fiori, bouquet e piante a domicilio\",\"url\":\"https:\\\/\\\/floranixena.it\\\/fr\\\/\",\"logo\":{\"@type\":\"ImageObject\",\"inLanguage\":\"fr-FR\",\"@id\":\"https:\\\/\\\/floranixena.it\\\/fr\\\/#\\\/schema\\\/logo\\\/image\\\/\",\"url\":\"https:\\\/\\\/floranixena.it\\\/wp-content\\\/uploads\\\/2018\\\/11\\\/logo-fucsia.png\",\"contentUrl\":\"https:\\\/\\\/floranixena.it\\\/wp-content\\\/uploads\\\/2018\\\/11\\\/logo-fucsia.png\",\"width\":315,\"height\":81,\"caption\":\"FloraNixena.it - Consegna mazzi di fiori, bouquet e piante a domicilio\"},\"image\":{\"@id\":\"https:\\\/\\\/floranixena.it\\\/fr\\\/#\\\/schema\\\/logo\\\/image\\\/\"},\"sameAs\":[\"https:\\\/\\\/www.facebook.com\\\/FloraNixena\\\/\",\"https:\\\/\\\/www.instagram.com\\\/floranixena.it\\\/\",\"https:\\\/\\\/www.youtube.com\\\/channel\\\/UCAfCWXMBezO96jgPjiUgpkA\"],\"description\":\"Chi Siamo? FloraNixena \u00e8 il partner di fiducia per la consegna di fiori freschi a domicilio. Con anni di esperienza nel settore floreale, siamo dedicati a portare la bellezza e la freschezza dei fiori direttamente alla vostra porta. La Nostra Missione La nostra missione \u00e8 trasformare ogni occasione in un momento speciale attraverso la magia dei fiori. Crediamo che un bouquet possa dire pi\u00f9 di mille parole e lavoriamo instancabilmente per assicurarci che ogni consegna porti gioia, amore e bellezza. Cosa Offriamo? Fiori Freschi: Collaboriamo con i migliori fornitori locali per garantire che i nostri fiori siano sempre freschi e di alta qualit\u00e0. Consegna Rapida e Puntuale: Offriamo un servizio di consegna rapido e affidabile, con la possibilit\u00e0 di scegliere la fascia oraria che pi\u00f9 vi conviene. Ampia Selezione: Dalle rose classiche ai bouquet personalizzati, abbiamo una vasta gamma di opzioni per soddisfare ogni gusto e occasione. Assistenza Clienti: Il nostro team \u00e8 sempre a disposizione per assistervi nella scelta del bouquet perfetto e per garantire un'esperienza di acquisto senza intoppi. Perch\u00e9 Sceglierci? Qualit\u00e0 Garantita: Ogni bouquet \u00e8 realizzato con cura dai nostri esperti fioristi, garantendo che ogni composizione sia un'opera d'arte. Servizio Personalizzato: Che sia per un anniversario, un compleanno, una celebrazione o un momento di condoglianza, personalizziamo ogni ordine per rispondere alle vostre esigenze specifiche. Soddisfazione del Cliente: La vostra soddisfazione \u00e8 la nostra priorit\u00e0 assoluta. Facciamo tutto il possibile per assicurarci che ogni consegna superi le vostre aspettative.\",\"email\":\"amministrazione@floranixena.it\",\"telephone\":\"3806342394\",\"legalName\":\"Gaetano Votadoro\"}]}<\/script>\n<!-- \/ Yoast SEO Premium plugin. -->","yoast_head_json":{"title":"Plante Cactus San Pedro - Floranixena Livraison de plantes \u00e0 domicile","description":"D\u00e9couvrez les cactus, plantes succulentes r\u00e9sistantes id\u00e9ales pour d\u00e9corer l\u2019int\u00e9rieur et l\u2019ext\u00e9rieur. Ajoutez une touche de vert et des symboles de force et de prosp\u00e9rit\u00e9 \u00e0 vos espaces.","robots":{"index":"index","follow":"follow","max-snippet":"max-snippet:-1","max-image-preview":"max-image-preview:large","max-video-preview":"max-video-preview:-1"},"canonical":"https:\/\/floranixena.it\/fr\/produit\/cactus-san-pedro-pianta-grassa\/","og_locale":"fr_FR","og_type":"article","og_title":"Cactus san pedro - Plante grasse","og_description":"1 Plante de cactus vari\u00e9t\u00e9 san Pedro  Soigneusement emball\u00e9 en cellophane transparent  Pr\u00eat \u00e0 \u00eatre livr\u00e9 directement chez vous.","og_url":"https:\/\/floranixena.it\/fr\/produit\/cactus-san-pedro-pianta-grassa\/","og_site_name":"FloraNixena - livraison de fleurs et de plantes","article_publisher":"https:\/\/www.facebook.com\/FloraNixena\/","article_modified_time":"2025-09-25T09:31:23+00:00","og_image":[{"width":800,"height":800,"url":"https:\/\/floranixena.it\/wp-content\/uploads\/2019\/05\/pianta_cactus_da_far_consegnare_a_domicilio-come-regalo.jpg","type":"image\/jpeg"}],"twitter_card":"summary_large_image","twitter_misc":{"Dur\u00e9e de lecture estim\u00e9e":"2 minutes"},"schema":{"@context":"https:\/\/schema.org","@graph":[{"@type":"WebPage","@id":"https:\/\/floranixena.it\/fr\/produit\/cactus-san-pedro-pianta-grassa\/","url":"https:\/\/floranixena.it\/fr\/produit\/cactus-san-pedro-pianta-grassa\/","name":"Plante Cactus San Pedro - Floranixena Livraison de plantes \u00e0 domicile","isPartOf":{"@id":"https:\/\/floranixena.it\/fr\/#website"},"primaryImageOfPage":{"@id":"https:\/\/floranixena.it\/fr\/produit\/cactus-san-pedro-pianta-grassa\/#primaryimage"},"image":{"@id":"https:\/\/floranixena.it\/fr\/produit\/cactus-san-pedro-pianta-grassa\/#primaryimage"},"thumbnailUrl":"https:\/\/floranixena.it\/wp-content\/uploads\/2019\/05\/pianta_cactus_da_far_consegnare_a_domicilio-come-regalo.jpg","datePublished":"2025-08-09T06:19:08+00:00","dateModified":"2025-09-25T09:31:23+00:00","description":"D\u00e9couvrez les cactus, plantes succulentes r\u00e9sistantes id\u00e9ales pour d\u00e9corer l\u2019int\u00e9rieur et l\u2019ext\u00e9rieur. Ajoutez une touche de vert et des symboles de force et de prosp\u00e9rit\u00e9 \u00e0 vos espaces.","breadcrumb":{"@id":"https:\/\/floranixena.it\/fr\/produit\/cactus-san-pedro-pianta-grassa\/#breadcrumb"},"inLanguage":"fr-FR","potentialAction":[{"@type":"ReadAction","target":["https:\/\/floranixena.it\/fr\/produit\/cactus-san-pedro-pianta-grassa\/"]}]},{"@type":"ImageObject","inLanguage":"fr-FR","@id":"https:\/\/floranixena.it\/fr\/produit\/cactus-san-pedro-pianta-grassa\/#primaryimage","url":"https:\/\/floranixena.it\/wp-content\/uploads\/2019\/05\/pianta_cactus_da_far_consegnare_a_domicilio-come-regalo.jpg","contentUrl":"https:\/\/floranixena.it\/wp-content\/uploads\/2019\/05\/pianta_cactus_da_far_consegnare_a_domicilio-come-regalo.jpg","width":800,"height":800,"caption":"Porta nella tua casa la resilienza e la forza del Cactus di San Pietro, simbolo di tenacia e vita sostenibile."},{"@type":"BreadcrumbList","@id":"https:\/\/floranixena.it\/fr\/produit\/cactus-san-pedro-pianta-grassa\/#breadcrumb","itemListElement":[{"@type":"ListItem","position":1,"name":"Home","item":"https:\/\/floranixena.it\/fr\/"},{"@type":"ListItem","position":2,"name":"Magasin","item":"https:\/\/floranixena.it\/fr\/magasin\/"},{"@type":"ListItem","position":3,"name":"Cactus san pedro &#8211; Plante grasse"}]},{"@type":"WebSite","@id":"https:\/\/floranixena.it\/fr\/#website","url":"https:\/\/floranixena.it\/fr\/","name":"FloraNixena - Consegna fiori a domicilio in Italia","description":"Invia fiori che raccontano storie","publisher":{"@id":"https:\/\/floranixena.it\/fr\/#organization"},"alternateName":"FloraNixena.it","potentialAction":[{"@type":"SearchAction","target":{"@type":"EntryPoint","urlTemplate":"https:\/\/floranixena.it\/fr\/?s={search_term_string}"},"query-input":{"@type":"PropertyValueSpecification","valueRequired":true,"valueName":"search_term_string"}}],"inLanguage":"fr-FR"},{"@type":"Organization","@id":"https:\/\/floranixena.it\/fr\/#organization","name":"FloraNixena.it - Consegna mazzi di fiori, bouquet e piante a domicilio","url":"https:\/\/floranixena.it\/fr\/","logo":{"@type":"ImageObject","inLanguage":"fr-FR","@id":"https:\/\/floranixena.it\/fr\/#\/schema\/logo\/image\/","url":"https:\/\/floranixena.it\/wp-content\/uploads\/2018\/11\/logo-fucsia.png","contentUrl":"https:\/\/floranixena.it\/wp-content\/uploads\/2018\/11\/logo-fucsia.png","width":315,"height":81,"caption":"FloraNixena.it - Consegna mazzi di fiori, bouquet e piante a domicilio"},"image":{"@id":"https:\/\/floranixena.it\/fr\/#\/schema\/logo\/image\/"},"sameAs":["https:\/\/www.facebook.com\/FloraNixena\/","https:\/\/www.instagram.com\/floranixena.it\/","https:\/\/www.youtube.com\/channel\/UCAfCWXMBezO96jgPjiUgpkA"],"description":"Chi Siamo? FloraNixena \u00e8 il partner di fiducia per la consegna di fiori freschi a domicilio. Con anni di esperienza nel settore floreale, siamo dedicati a portare la bellezza e la freschezza dei fiori direttamente alla vostra porta. La Nostra Missione La nostra missione \u00e8 trasformare ogni occasione in un momento speciale attraverso la magia dei fiori. Crediamo che un bouquet possa dire pi\u00f9 di mille parole e lavoriamo instancabilmente per assicurarci che ogni consegna porti gioia, amore e bellezza. Cosa Offriamo? Fiori Freschi: Collaboriamo con i migliori fornitori locali per garantire che i nostri fiori siano sempre freschi e di alta qualit\u00e0. Consegna Rapida e Puntuale: Offriamo un servizio di consegna rapido e affidabile, con la possibilit\u00e0 di scegliere la fascia oraria che pi\u00f9 vi conviene. Ampia Selezione: Dalle rose classiche ai bouquet personalizzati, abbiamo una vasta gamma di opzioni per soddisfare ogni gusto e occasione. Assistenza Clienti: Il nostro team \u00e8 sempre a disposizione per assistervi nella scelta del bouquet perfetto e per garantire un'esperienza di acquisto senza intoppi. Perch\u00e9 Sceglierci? Qualit\u00e0 Garantita: Ogni bouquet \u00e8 realizzato con cura dai nostri esperti fioristi, garantendo che ogni composizione sia un'opera d'arte. Servizio Personalizzato: Che sia per un anniversario, un compleanno, una celebrazione o un momento di condoglianza, personalizziamo ogni ordine per rispondere alle vostre esigenze specifiche. Soddisfazione del Cliente: La vostra soddisfazione \u00e8 la nostra priorit\u00e0 assoluta. Facciamo tutto il possibile per assicurarci che ogni consegna superi le vostre aspettative.","email":"amministrazione@floranixena.it","telephone":"3806342394","legalName":"Gaetano Votadoro"}]}},"_links":{"self":[{"href":"https:\/\/floranixena.it\/fr\/wp-json\/wp\/v2\/product\/18136","targetHints":{"allow":["GET"]}}],"collection":[{"href":"https:\/\/floranixena.it\/fr\/wp-json\/wp\/v2\/product"}],"about":[{"href":"https:\/\/floranixena.it\/fr\/wp-json\/wp\/v2\/types\/product"}],"replies":[{"embeddable":true,"href":"https:\/\/floranixena.it\/fr\/wp-json\/wp\/v2\/comments?post=18136"}],"wp:featuredmedia":[{"embeddable":true,"href":"https:\/\/floranixena.it\/fr\/wp-json\/wp\/v2\/media\/18137"}],"wp:attachment":[{"href":"https:\/\/floranixena.it\/fr\/wp-json\/wp\/v2\/media?parent=18136"}],"wp:term":[{"taxonomy":"product_brand","embeddable":true,"href":"https:\/\/floranixena.it\/fr\/wp-json\/wp\/v2\/product_brand?post=18136"},{"taxonomy":"product_cat","embeddable":true,"href":"https:\/\/floranixena.it\/fr\/wp-json\/wp\/v2\/product_cat?post=18136"},{"taxonomy":"product_tag","embeddable":true,"href":"https:\/\/floranixena.it\/fr\/wp-json\/wp\/v2\/product_tag?post=18136"}],"curies":[{"name":"wp","href":"https:\/\/api.w.org\/{rel}","templated":true}]}}