{"id":18090,"date":"2025-11-21T10:41:41","date_gmt":"2025-11-21T09:41:41","guid":{"rendered":"https:\/\/floranixena.it\/product\/pianta-stella-di-natale\/"},"modified":"2026-01-01T14:41:38","modified_gmt":"2026-01-01T13:41:38","slug":"pianta-stella-di-natale","status":"publish","type":"product","link":"https:\/\/floranixena.it\/fr\/produit\/pianta-stella-di-natale\/","title":{"rendered":"Plante \u00e9toile de No\u00ebl"},"content":{"rendered":"<div class=\"flex flex-grow flex-col max-w-full\">\n<div class=\"min-h-[20px] text-message flex flex-col items-start whitespace-pre-wrap break-words [.text-message+&amp;]:mt-5 juice:w-full juice:items-end overflow-x-auto gap-2\" dir=\"auto\" data-message-author-role=\"assistant\" data-message-id=\"23b66353-0fae-47a2-a94b-d4050724ceac\">\n<div class=\"flex w-full flex-col gap-1 juice:empty:hidden juice:first:pt-[3px]\">\n<div class=\"markdown prose w-full break-words dark:prose-invert light\">\n<h2>Offrez-vous<strong><a href=\"https:\/\/floranixena.it\/fr\/prodotto\/pianta-stella-di-natale\/\"> l&rsquo;\u00e9toile de No\u00ebl FloraNixena<\/a><\/strong> : un <strong><a href=\"https:\/\/floranixena.it\/fr\/prodotto\/panier-avec-vin-roses-et-baies\/\">cadeau <\/a><\/strong>de joie et de magie*<\/h2>\n<p>Lorsque vous tenez entre vos mains la splendide \u00e9toile de No\u00ebl <strong>FloraNixena<\/strong>, un sentiment de joie et de magie enveloppera votre c\u0153ur. Cette fleur extraordinaire est pr\u00eate \u00e0 se transformer en un d\u00e9sir de No\u00ebl qui se r\u00e9pandra parmi votre famille et vos amis, illuminant leurs c\u0153urs avec une lueur sp\u00e9ciale. <\/p>\n<p>La plante <strong>\u00c9toile de No\u00ebl de FloraNixena<\/strong> n\u2019est pas seulement un simple cadeau, mais un symbole de chaleur, de prosp\u00e9rit\u00e9 et d\u2019amour. C\u2019est un cadeau qui parle d\u2019affection et d\u2019attention envers ceux que vous aimez, apportant avec lui un message de paix et de bonheur pendant cette p\u00e9riode sp\u00e9ciale de l\u2019ann\u00e9e. <\/p>\n<p><strong>Donnez l\u2019\u00e9toile de No\u00ebl<\/strong> pendant les vacances de No\u00ebl et vivez un moment unique et magique avec quiconque re\u00e7oit ce cadeau. Vous cr\u00e9erez des souvenirs ind\u00e9l\u00e9biles et des liens indissolubles qui dureront pour toujours. <\/p>\n<p>La facilit\u00e9 d\u2019exp\u00e9dition rend le cadeau de l&rsquo;<strong>\u00e9toile de No\u00ebl<\/strong>. Vous pouvez la trouver dans la couleur rouge classique, qui \u00e9voque la passion et la joie des f\u00eates, ou dans la puret\u00e9 du blanc, qui apporte avec elle la lumi\u00e8re et la s\u00e9r\u00e9nit\u00e9 de l\u2019hiver. Ind\u00e9pendamment du choix de la couleur, vous pouvez compter sur une livraison rapide et s\u00fbre qui permet d\u2019envoyer cette pr\u00e9cieuse pens\u00e9e directement \u00e0 vos proches, accompagn\u00e9e d\u2019un d\u00e9licieux panettone Bauli pour compl\u00e9ter le cadeau avec une touche de douceur et de tradition.  <\/p>\n<p><strong>L\u2019\u00e9toile de No\u00ebl est tr\u00e8s recherch\u00e9e comme centre de table<\/strong>, o\u00f9 sa beaut\u00e9 brille au centre de la table, ou comme d\u00e9coration pour le salon, \u00e0 c\u00f4t\u00e9 du sapin de No\u00ebl. Cr\u00e9ant une atmosph\u00e8re magique et accueillante, elle enveloppe tout le monde de son charme.. <\/p>\n<p>L\u2019\u00e9toile de No\u00ebl de FloraNixena devient ainsi plus qu\u2019un simple cadeau : elle devient un symbole d\u2019amour, li\u00e9 \u00e0 des souvenirs et des moments partag\u00e9s qui rendent les f\u00eates encore plus sp\u00e9ciales et inoubliables.<\/p>\n<\/div>\n<\/div>\n<\/div>\n<\/div>\n","protected":false},"excerpt":{"rendered":"<p>L\u2019\u00e9toile de No\u00ebl*<\/p>\n<ul>\n<li><strong>Options:<\/strong>* Choisissez la couleur et la taille<\/li>\n<li><strong>Emballage:<\/strong>* Cellophane, flocon et carte inclus<\/li>\n<\/ul>\n<p><strong><span style=\"color: #008000;\">Si vous choisissez la version GRANDE, la livraison est GRATUITE&#8230;<\/span><\/strong><\/p>\n","protected":false},"featured_media":18092,"comment_status":"open","ping_status":"closed","template":"","meta":[],"product_brand":[],"product_cat":[3276],"product_tag":[4312,4309,4310,4313,3971,3836,4311],"class_list":{"0":"post-18090","1":"product","2":"type-product","3":"status-publish","4":"has-post-thumbnail","6":"product_cat-noel","7":"product_tag-cadeaux-de-noel","8":"product_tag-etoile-de-noel","9":"product_tag-fetes-de-noel","10":"product_tag-idees-cadeaux-de-noel","11":"product_tag-noel","12":"product_tag-plante","13":"product_tag-vacances-de-noel","15":"first","16":"instock","17":"shipping-taxable","18":"purchasable","19":"product-type-variable","20":"has-default-attributes"},"yoast_head":"<!-- This site is optimized with the Yoast SEO Premium plugin v27.4 (Yoast SEO v27.4) - https:\/\/yoast.com\/product\/yoast-seo-premium-wordpress\/ -->\n<title>Plante \u00e9toile de No\u00ebl - FloraNixena - livraison de fleurs et de plantes<\/title>\n<meta name=\"description\" content=\"Plante \u00c9toiles de No\u00ebl avec livraison \u00e0 domicile, vente \u00c9toiles de No\u00ebl en ligne. Envoie des plantes \u00e0 Roma, Milano, Torino, Savona, Firenze.\" \/>\n<meta name=\"robots\" content=\"index, follow, max-snippet:-1, max-image-preview:large, max-video-preview:-1\" \/>\n<link rel=\"canonical\" href=\"https:\/\/floranixena.it\/fr\/produit\/pianta-stella-di-natale\/\" \/>\n<meta property=\"og:locale\" content=\"fr_FR\" \/>\n<meta property=\"og:type\" content=\"article\" \/>\n<meta property=\"og:title\" content=\"Plante \u00e9toile de No\u00ebl\" \/>\n<meta property=\"og:description\" content=\"L\u2019\u00e9toile de No\u00ebl*  Options:* Choisissez la couleur et la taille  Emballage:* Cellophane, flocon et carte inclus Si vous choisissez la version GRANDE, la livraison est GRATUITE...\" \/>\n<meta property=\"og:url\" content=\"https:\/\/floranixena.it\/fr\/produit\/pianta-stella-di-natale\/\" \/>\n<meta property=\"og:site_name\" content=\"FloraNixena - livraison de fleurs et de plantes\" \/>\n<meta property=\"article:publisher\" content=\"https:\/\/www.facebook.com\/FloraNixena\/\" \/>\n<meta property=\"article:modified_time\" content=\"2026-01-01T13:41:38+00:00\" \/>\n<meta property=\"og:image\" content=\"https:\/\/floranixena.it\/wp-content\/uploads\/2018\/12\/pianta_stella_di_natale-da-regalare-a-domicilio-a-roma-e-milano-_rossa_grande_red_poinsettia_big.jpg\" \/>\n\t<meta property=\"og:image:width\" content=\"800\" \/>\n\t<meta property=\"og:image:height\" content=\"800\" \/>\n\t<meta property=\"og:image:type\" content=\"image\/jpeg\" \/>\n<meta name=\"twitter:card\" content=\"summary_large_image\" \/>\n<meta name=\"twitter:label1\" content=\"Dur\u00e9e de lecture estim\u00e9e\" \/>\n\t<meta name=\"twitter:data1\" content=\"2 minutes\" \/>\n<script type=\"application\/ld+json\" class=\"yoast-schema-graph\">{\"@context\":\"https:\\\/\\\/schema.org\",\"@graph\":[{\"@type\":\"WebPage\",\"@id\":\"https:\\\/\\\/floranixena.it\\\/fr\\\/produit\\\/pianta-stella-di-natale\\\/\",\"url\":\"https:\\\/\\\/floranixena.it\\\/fr\\\/produit\\\/pianta-stella-di-natale\\\/\",\"name\":\"Plante \u00e9toile de No\u00ebl - FloraNixena - livraison de fleurs et de plantes\",\"isPartOf\":{\"@id\":\"https:\\\/\\\/floranixena.it\\\/fr\\\/#website\"},\"primaryImageOfPage\":{\"@id\":\"https:\\\/\\\/floranixena.it\\\/fr\\\/produit\\\/pianta-stella-di-natale\\\/#primaryimage\"},\"image\":{\"@id\":\"https:\\\/\\\/floranixena.it\\\/fr\\\/produit\\\/pianta-stella-di-natale\\\/#primaryimage\"},\"thumbnailUrl\":\"https:\\\/\\\/floranixena.it\\\/wp-content\\\/uploads\\\/2018\\\/12\\\/pianta_stella_di_natale-da-regalare-a-domicilio-a-roma-e-milano-_rossa_grande_red_poinsettia_big.jpg\",\"datePublished\":\"2025-11-21T09:41:41+00:00\",\"dateModified\":\"2026-01-01T13:41:38+00:00\",\"description\":\"Plante \u00c9toiles de No\u00ebl avec livraison \u00e0 domicile, vente \u00c9toiles de No\u00ebl en ligne. Envoie des plantes \u00e0 Roma, Milano, Torino, Savona, Firenze.\",\"breadcrumb\":{\"@id\":\"https:\\\/\\\/floranixena.it\\\/fr\\\/produit\\\/pianta-stella-di-natale\\\/#breadcrumb\"},\"inLanguage\":\"fr-FR\",\"potentialAction\":[{\"@type\":\"ReadAction\",\"target\":[\"https:\\\/\\\/floranixena.it\\\/fr\\\/produit\\\/pianta-stella-di-natale\\\/\"]}]},{\"@type\":\"ImageObject\",\"inLanguage\":\"fr-FR\",\"@id\":\"https:\\\/\\\/floranixena.it\\\/fr\\\/produit\\\/pianta-stella-di-natale\\\/#primaryimage\",\"url\":\"https:\\\/\\\/floranixena.it\\\/wp-content\\\/uploads\\\/2018\\\/12\\\/pianta_stella_di_natale-da-regalare-a-domicilio-a-roma-e-milano-_rossa_grande_red_poinsettia_big.jpg\",\"contentUrl\":\"https:\\\/\\\/floranixena.it\\\/wp-content\\\/uploads\\\/2018\\\/12\\\/pianta_stella_di_natale-da-regalare-a-domicilio-a-roma-e-milano-_rossa_grande_red_poinsettia_big.jpg\",\"width\":800,\"height\":800,\"caption\":\"Un symbole de f\u00eate et de chaleur qui illumine chaque recoin de l'esprit de No\u00ebl.\"},{\"@type\":\"BreadcrumbList\",\"@id\":\"https:\\\/\\\/floranixena.it\\\/fr\\\/produit\\\/pianta-stella-di-natale\\\/#breadcrumb\",\"itemListElement\":[{\"@type\":\"ListItem\",\"position\":1,\"name\":\"Home\",\"item\":\"https:\\\/\\\/floranixena.it\\\/fr\\\/\"},{\"@type\":\"ListItem\",\"position\":2,\"name\":\"Magasin\",\"item\":\"https:\\\/\\\/floranixena.it\\\/fr\\\/magasin\\\/\"},{\"@type\":\"ListItem\",\"position\":3,\"name\":\"Plante \u00e9toile de No\u00ebl\"}]},{\"@type\":\"WebSite\",\"@id\":\"https:\\\/\\\/floranixena.it\\\/fr\\\/#website\",\"url\":\"https:\\\/\\\/floranixena.it\\\/fr\\\/\",\"name\":\"FloraNixena - Consegna fiori a domicilio in Italia\",\"description\":\"Invia fiori che raccontano storie\",\"publisher\":{\"@id\":\"https:\\\/\\\/floranixena.it\\\/fr\\\/#organization\"},\"alternateName\":\"FloraNixena.it\",\"potentialAction\":[{\"@type\":\"SearchAction\",\"target\":{\"@type\":\"EntryPoint\",\"urlTemplate\":\"https:\\\/\\\/floranixena.it\\\/fr\\\/?s={search_term_string}\"},\"query-input\":{\"@type\":\"PropertyValueSpecification\",\"valueRequired\":true,\"valueName\":\"search_term_string\"}}],\"inLanguage\":\"fr-FR\"},{\"@type\":\"Organization\",\"@id\":\"https:\\\/\\\/floranixena.it\\\/fr\\\/#organization\",\"name\":\"FloraNixena.it - Consegna mazzi di fiori, bouquet e piante a domicilio\",\"url\":\"https:\\\/\\\/floranixena.it\\\/fr\\\/\",\"logo\":{\"@type\":\"ImageObject\",\"inLanguage\":\"fr-FR\",\"@id\":\"https:\\\/\\\/floranixena.it\\\/fr\\\/#\\\/schema\\\/logo\\\/image\\\/\",\"url\":\"https:\\\/\\\/floranixena.it\\\/wp-content\\\/uploads\\\/2018\\\/11\\\/logo-fucsia.png\",\"contentUrl\":\"https:\\\/\\\/floranixena.it\\\/wp-content\\\/uploads\\\/2018\\\/11\\\/logo-fucsia.png\",\"width\":315,\"height\":81,\"caption\":\"FloraNixena.it - Consegna mazzi di fiori, bouquet e piante a domicilio\"},\"image\":{\"@id\":\"https:\\\/\\\/floranixena.it\\\/fr\\\/#\\\/schema\\\/logo\\\/image\\\/\"},\"sameAs\":[\"https:\\\/\\\/www.facebook.com\\\/FloraNixena\\\/\",\"https:\\\/\\\/www.instagram.com\\\/floranixena.it\\\/\",\"https:\\\/\\\/www.youtube.com\\\/channel\\\/UCAfCWXMBezO96jgPjiUgpkA\"],\"description\":\"Chi Siamo? FloraNixena \u00e8 il partner di fiducia per la consegna di fiori freschi a domicilio. Con anni di esperienza nel settore floreale, siamo dedicati a portare la bellezza e la freschezza dei fiori direttamente alla vostra porta. La Nostra Missione La nostra missione \u00e8 trasformare ogni occasione in un momento speciale attraverso la magia dei fiori. Crediamo che un bouquet possa dire pi\u00f9 di mille parole e lavoriamo instancabilmente per assicurarci che ogni consegna porti gioia, amore e bellezza. Cosa Offriamo? Fiori Freschi: Collaboriamo con i migliori fornitori locali per garantire che i nostri fiori siano sempre freschi e di alta qualit\u00e0. Consegna Rapida e Puntuale: Offriamo un servizio di consegna rapido e affidabile, con la possibilit\u00e0 di scegliere la fascia oraria che pi\u00f9 vi conviene. Ampia Selezione: Dalle rose classiche ai bouquet personalizzati, abbiamo una vasta gamma di opzioni per soddisfare ogni gusto e occasione. Assistenza Clienti: Il nostro team \u00e8 sempre a disposizione per assistervi nella scelta del bouquet perfetto e per garantire un'esperienza di acquisto senza intoppi. Perch\u00e9 Sceglierci? Qualit\u00e0 Garantita: Ogni bouquet \u00e8 realizzato con cura dai nostri esperti fioristi, garantendo che ogni composizione sia un'opera d'arte. Servizio Personalizzato: Che sia per un anniversario, un compleanno, una celebrazione o un momento di condoglianza, personalizziamo ogni ordine per rispondere alle vostre esigenze specifiche. Soddisfazione del Cliente: La vostra soddisfazione \u00e8 la nostra priorit\u00e0 assoluta. Facciamo tutto il possibile per assicurarci che ogni consegna superi le vostre aspettative.\",\"email\":\"amministrazione@floranixena.it\",\"telephone\":\"3806342394\",\"legalName\":\"Gaetano Votadoro\"}]}<\/script>\n<!-- \/ Yoast SEO Premium plugin. -->","yoast_head_json":{"title":"Plante \u00e9toile de No\u00ebl - FloraNixena - livraison de fleurs et de plantes","description":"Plante \u00c9toiles de No\u00ebl avec livraison \u00e0 domicile, vente \u00c9toiles de No\u00ebl en ligne. Envoie des plantes \u00e0 Roma, Milano, Torino, Savona, Firenze.","robots":{"index":"index","follow":"follow","max-snippet":"max-snippet:-1","max-image-preview":"max-image-preview:large","max-video-preview":"max-video-preview:-1"},"canonical":"https:\/\/floranixena.it\/fr\/produit\/pianta-stella-di-natale\/","og_locale":"fr_FR","og_type":"article","og_title":"Plante \u00e9toile de No\u00ebl","og_description":"L\u2019\u00e9toile de No\u00ebl*  Options:* Choisissez la couleur et la taille  Emballage:* Cellophane, flocon et carte inclus Si vous choisissez la version GRANDE, la livraison est GRATUITE...","og_url":"https:\/\/floranixena.it\/fr\/produit\/pianta-stella-di-natale\/","og_site_name":"FloraNixena - livraison de fleurs et de plantes","article_publisher":"https:\/\/www.facebook.com\/FloraNixena\/","article_modified_time":"2026-01-01T13:41:38+00:00","og_image":[{"width":800,"height":800,"url":"https:\/\/floranixena.it\/wp-content\/uploads\/2018\/12\/pianta_stella_di_natale-da-regalare-a-domicilio-a-roma-e-milano-_rossa_grande_red_poinsettia_big.jpg","type":"image\/jpeg"}],"twitter_card":"summary_large_image","twitter_misc":{"Dur\u00e9e de lecture estim\u00e9e":"2 minutes"},"schema":{"@context":"https:\/\/schema.org","@graph":[{"@type":"WebPage","@id":"https:\/\/floranixena.it\/fr\/produit\/pianta-stella-di-natale\/","url":"https:\/\/floranixena.it\/fr\/produit\/pianta-stella-di-natale\/","name":"Plante \u00e9toile de No\u00ebl - FloraNixena - livraison de fleurs et de plantes","isPartOf":{"@id":"https:\/\/floranixena.it\/fr\/#website"},"primaryImageOfPage":{"@id":"https:\/\/floranixena.it\/fr\/produit\/pianta-stella-di-natale\/#primaryimage"},"image":{"@id":"https:\/\/floranixena.it\/fr\/produit\/pianta-stella-di-natale\/#primaryimage"},"thumbnailUrl":"https:\/\/floranixena.it\/wp-content\/uploads\/2018\/12\/pianta_stella_di_natale-da-regalare-a-domicilio-a-roma-e-milano-_rossa_grande_red_poinsettia_big.jpg","datePublished":"2025-11-21T09:41:41+00:00","dateModified":"2026-01-01T13:41:38+00:00","description":"Plante \u00c9toiles de No\u00ebl avec livraison \u00e0 domicile, vente \u00c9toiles de No\u00ebl en ligne. Envoie des plantes \u00e0 Roma, Milano, Torino, Savona, Firenze.","breadcrumb":{"@id":"https:\/\/floranixena.it\/fr\/produit\/pianta-stella-di-natale\/#breadcrumb"},"inLanguage":"fr-FR","potentialAction":[{"@type":"ReadAction","target":["https:\/\/floranixena.it\/fr\/produit\/pianta-stella-di-natale\/"]}]},{"@type":"ImageObject","inLanguage":"fr-FR","@id":"https:\/\/floranixena.it\/fr\/produit\/pianta-stella-di-natale\/#primaryimage","url":"https:\/\/floranixena.it\/wp-content\/uploads\/2018\/12\/pianta_stella_di_natale-da-regalare-a-domicilio-a-roma-e-milano-_rossa_grande_red_poinsettia_big.jpg","contentUrl":"https:\/\/floranixena.it\/wp-content\/uploads\/2018\/12\/pianta_stella_di_natale-da-regalare-a-domicilio-a-roma-e-milano-_rossa_grande_red_poinsettia_big.jpg","width":800,"height":800,"caption":"Un symbole de f\u00eate et de chaleur qui illumine chaque recoin de l'esprit de No\u00ebl."},{"@type":"BreadcrumbList","@id":"https:\/\/floranixena.it\/fr\/produit\/pianta-stella-di-natale\/#breadcrumb","itemListElement":[{"@type":"ListItem","position":1,"name":"Home","item":"https:\/\/floranixena.it\/fr\/"},{"@type":"ListItem","position":2,"name":"Magasin","item":"https:\/\/floranixena.it\/fr\/magasin\/"},{"@type":"ListItem","position":3,"name":"Plante \u00e9toile de No\u00ebl"}]},{"@type":"WebSite","@id":"https:\/\/floranixena.it\/fr\/#website","url":"https:\/\/floranixena.it\/fr\/","name":"FloraNixena - Consegna fiori a domicilio in Italia","description":"Invia fiori che raccontano storie","publisher":{"@id":"https:\/\/floranixena.it\/fr\/#organization"},"alternateName":"FloraNixena.it","potentialAction":[{"@type":"SearchAction","target":{"@type":"EntryPoint","urlTemplate":"https:\/\/floranixena.it\/fr\/?s={search_term_string}"},"query-input":{"@type":"PropertyValueSpecification","valueRequired":true,"valueName":"search_term_string"}}],"inLanguage":"fr-FR"},{"@type":"Organization","@id":"https:\/\/floranixena.it\/fr\/#organization","name":"FloraNixena.it - Consegna mazzi di fiori, bouquet e piante a domicilio","url":"https:\/\/floranixena.it\/fr\/","logo":{"@type":"ImageObject","inLanguage":"fr-FR","@id":"https:\/\/floranixena.it\/fr\/#\/schema\/logo\/image\/","url":"https:\/\/floranixena.it\/wp-content\/uploads\/2018\/11\/logo-fucsia.png","contentUrl":"https:\/\/floranixena.it\/wp-content\/uploads\/2018\/11\/logo-fucsia.png","width":315,"height":81,"caption":"FloraNixena.it - Consegna mazzi di fiori, bouquet e piante a domicilio"},"image":{"@id":"https:\/\/floranixena.it\/fr\/#\/schema\/logo\/image\/"},"sameAs":["https:\/\/www.facebook.com\/FloraNixena\/","https:\/\/www.instagram.com\/floranixena.it\/","https:\/\/www.youtube.com\/channel\/UCAfCWXMBezO96jgPjiUgpkA"],"description":"Chi Siamo? FloraNixena \u00e8 il partner di fiducia per la consegna di fiori freschi a domicilio. Con anni di esperienza nel settore floreale, siamo dedicati a portare la bellezza e la freschezza dei fiori direttamente alla vostra porta. La Nostra Missione La nostra missione \u00e8 trasformare ogni occasione in un momento speciale attraverso la magia dei fiori. Crediamo che un bouquet possa dire pi\u00f9 di mille parole e lavoriamo instancabilmente per assicurarci che ogni consegna porti gioia, amore e bellezza. Cosa Offriamo? Fiori Freschi: Collaboriamo con i migliori fornitori locali per garantire che i nostri fiori siano sempre freschi e di alta qualit\u00e0. Consegna Rapida e Puntuale: Offriamo un servizio di consegna rapido e affidabile, con la possibilit\u00e0 di scegliere la fascia oraria che pi\u00f9 vi conviene. Ampia Selezione: Dalle rose classiche ai bouquet personalizzati, abbiamo una vasta gamma di opzioni per soddisfare ogni gusto e occasione. Assistenza Clienti: Il nostro team \u00e8 sempre a disposizione per assistervi nella scelta del bouquet perfetto e per garantire un'esperienza di acquisto senza intoppi. Perch\u00e9 Sceglierci? Qualit\u00e0 Garantita: Ogni bouquet \u00e8 realizzato con cura dai nostri esperti fioristi, garantendo che ogni composizione sia un'opera d'arte. Servizio Personalizzato: Che sia per un anniversario, un compleanno, una celebrazione o un momento di condoglianza, personalizziamo ogni ordine per rispondere alle vostre esigenze specifiche. Soddisfazione del Cliente: La vostra soddisfazione \u00e8 la nostra priorit\u00e0 assoluta. Facciamo tutto il possibile per assicurarci che ogni consegna superi le vostre aspettative.","email":"amministrazione@floranixena.it","telephone":"3806342394","legalName":"Gaetano Votadoro"}]}},"_links":{"self":[{"href":"https:\/\/floranixena.it\/fr\/wp-json\/wp\/v2\/product\/18090","targetHints":{"allow":["GET"]}}],"collection":[{"href":"https:\/\/floranixena.it\/fr\/wp-json\/wp\/v2\/product"}],"about":[{"href":"https:\/\/floranixena.it\/fr\/wp-json\/wp\/v2\/types\/product"}],"replies":[{"embeddable":true,"href":"https:\/\/floranixena.it\/fr\/wp-json\/wp\/v2\/comments?post=18090"}],"wp:featuredmedia":[{"embeddable":true,"href":"https:\/\/floranixena.it\/fr\/wp-json\/wp\/v2\/media\/18092"}],"wp:attachment":[{"href":"https:\/\/floranixena.it\/fr\/wp-json\/wp\/v2\/media?parent=18090"}],"wp:term":[{"taxonomy":"product_brand","embeddable":true,"href":"https:\/\/floranixena.it\/fr\/wp-json\/wp\/v2\/product_brand?post=18090"},{"taxonomy":"product_cat","embeddable":true,"href":"https:\/\/floranixena.it\/fr\/wp-json\/wp\/v2\/product_cat?post=18090"},{"taxonomy":"product_tag","embeddable":true,"href":"https:\/\/floranixena.it\/fr\/wp-json\/wp\/v2\/product_tag?post=18090"}],"curies":[{"name":"wp","href":"https:\/\/api.w.org\/{rel}","templated":true}]}}