{"id":18071,"date":"2025-06-05T08:31:20","date_gmt":"2025-06-05T06:31:20","guid":{"rendered":"https:\/\/floranixena.it\/product\/yucca\/"},"modified":"2025-09-11T11:58:28","modified_gmt":"2025-09-11T09:58:28","slug":"yucca","status":"publish","type":"product","link":"https:\/\/floranixena.it\/fr\/produit\/yucca\/","title":{"rendered":"Yucca"},"content":{"rendered":"<h1>Achat de plantes de yucca en ligne pour la livraison \u00e0 Domicile<\/h1>\n<p>La plante Yucca est un excellent choix pour ceux qui veulent une plante d\u2019int\u00e9rieur robuste et avec un impact visuel remarquable. Connu pour sa capacit\u00e9 \u00e0 s\u2019adapter aux diff\u00e9rentes conditions environnementales et sa facilit\u00e9 d\u2019entretien, le Yucca se distingue par ses feuilles longues, fines et pointues qui ajoutent une touche moderne et exotique \u00e0 tout espace domestique. Dans ce guide complet, nous explorerons tout ce qu\u2019il y a \u00e0 savoir sur l\u2019entretien et la culture du yucca, avec un accent particulier sur la livraison \u00e0 domicile.  <\/p>\n<p><strong>Origine et caract\u00e9ristiques de la yucca<\/strong><\/p>\n<p>Le yucca est une plante \u00e0 feuilles persistantes fascinante, originaire des r\u00e9gions arides et semi-arides des Am\u00e9riques, avec une pr\u00e9valence particuli\u00e8re dans les zones sud-ouest des \u00c9tats-Unis et du Mexique. Dans la nature, cette plante peut atteindre des hauteurs consid\u00e9rables, allant jusqu\u2019\u00e0 3-4 m\u00e8tres, gr\u00e2ce \u00e0 ses caract\u00e9ristiques adaptatives qui lui permettent de prosp\u00e9rer dans des environnements difficiles. Cependant, lorsqu\u2019elle est cultiv\u00e9e \u00e0 la maison, la croissance du yucca est g\u00e9n\u00e9ralement plus limit\u00e9e, restant \u00e0 une taille plus g\u00e9rable pour les espaces int\u00e9rieurs. En plus de son aspect esth\u00e9tique, le Yucca est \u00e9galement appr\u00e9ci\u00e9 pour sa r\u00e9sistance et sa facilit\u00e9 d\u2019entretien. Cette plante est capable de tol\u00e9rer des conditions de faible luminosit\u00e9 et de longues p\u00e9riodes sans eau, ce qui la rend id\u00e9ale pour ceux qui n\u2019ont pas beaucoup de temps \u00e0 consacrer \u00e0 l\u2019entretien des plantes.    <\/p>\n<p><strong>Livraison \u00e0 domicile de Yucca<\/strong><\/p>\n<p>Acheter une plante d\u2019int\u00e9rieur Yucca en ligne et la recevoir directement \u00e0 la maison est une option pratique et s\u00fbre. Lorsque vous commandez un Yucca pour la livraison \u00e0 domicile, assurez-vous de choisir FloraNixena que nous garantissons un emballage s\u00fbr pour le transport. Un bon revendeur fournira \u00e9galement des informations d\u00e9taill\u00e9es sur le soin de la plante, en s\u2019assurant que votre Yucca arrive dans des conditions optimales et pr\u00eate \u00e0 pousser dans votre espace.  <\/p>\n","protected":false},"excerpt":{"rendered":"<ul>\n<li>Plante &#8211; Yucca<\/li>\n<li>Hauteur de 60 \u00e0 80 cm c.ca et \u00d8 18 cm c.ca<\/li>\n<li>Vase en plastique inclus<\/li>\n<\/ul>\n<p><a><strong>Vase en c\u00e9ramique non inclus<\/strong><\/a><\/p>\n","protected":false},"featured_media":18072,"comment_status":"open","ping_status":"closed","template":"","meta":[],"product_brand":[],"product_cat":[3285,3256,3287,3260,3263,3262,3284,3704,3705,3443,3699,3444,3288,3842,3703],"product_tag":[3853,4070,3709,3839,3707,3838],"class_list":{"0":"post-18071","1":"product","2":"type-product","3":"status-publish","4":"has-post-thumbnail","6":"product_cat-amitie","7":"product_cat-anniversaire","8":"product_cat-felicitations","9":"product_cat-fete-de-la-femme","10":"product_cat-fete-des-meres","11":"product_cat-jour-du-nom","12":"product_cat-occasion-fr","13":"product_cat-plantes-fr","14":"product_cat-plantes-dinterieur","15":"product_cat-pour-la-soeur","16":"product_cat-pour-les-grands-parents","17":"product_cat-pour-les-oncles","18":"product_cat-pour-remercier-quelquun","19":"product_cat-pour-un-ami","20":"product_cat-pour-un-homme","21":"product_tag-cadeau-plantes-pour-nouvelle-activite","22":"product_tag-dieffenbachia-fr","23":"product_tag-livraison-de-plantes-a-domicile","24":"product_tag-plante-dappartement-fr","25":"product_tag-plante-dappartement","26":"product_tag-plante-de-bureau","28":"first","29":"instock","30":"sale","31":"shipping-taxable","32":"purchasable","33":"product-type-simple"},"yoast_head":"<!-- This site is optimized with the Yoast SEO Premium plugin v27.5 (Yoast SEO v27.5) - https:\/\/yoast.com\/product\/yoast-seo-premium-wordpress\/ -->\n<title>Plante Yucca - Floranixena - Livraison de plantes \u00e0 domicile<\/title>\n<meta name=\"description\" content=\"Plante de yucca d\u2019int\u00e9rieur achat en ligne, avec livraison \u00e0 domicile qui donne une touche moderne et exotique \u00e0 n\u2019importe quel espace de celui qui le re\u00e7oit.\" \/>\n<meta name=\"robots\" content=\"index, follow, max-snippet:-1, max-image-preview:large, max-video-preview:-1\" \/>\n<link rel=\"canonical\" href=\"https:\/\/floranixena.it\/fr\/produit\/yucca\/\" \/>\n<meta property=\"og:locale\" content=\"fr_FR\" \/>\n<meta property=\"og:type\" content=\"article\" \/>\n<meta property=\"og:title\" content=\"Yucca\" \/>\n<meta property=\"og:description\" content=\"Plante - Yucca  Hauteur de 60 \u00e0 80 cm c.ca et \u00d8 18 cm c.ca  Vase en plastique inclus Vase en c\u00e9ramique non inclus\" \/>\n<meta property=\"og:url\" content=\"https:\/\/floranixena.it\/fr\/produit\/yucca\/\" \/>\n<meta property=\"og:site_name\" content=\"FloraNixena - livraison de fleurs et de plantes\" \/>\n<meta property=\"article:publisher\" content=\"https:\/\/www.facebook.com\/FloraNixena\/\" \/>\n<meta property=\"article:modified_time\" content=\"2025-09-11T09:58:28+00:00\" \/>\n<meta property=\"og:image\" content=\"https:\/\/floranixena.it\/wp-content\/uploads\/2024\/06\/pianta-yucca-floranixena-consegna-piante-a-domicilio.jpg\" \/>\n\t<meta property=\"og:image:width\" content=\"1080\" \/>\n\t<meta property=\"og:image:height\" content=\"1080\" \/>\n\t<meta property=\"og:image:type\" content=\"image\/jpeg\" \/>\n<meta name=\"twitter:card\" content=\"summary_large_image\" \/>\n<meta name=\"twitter:label1\" content=\"Dur\u00e9e de lecture estim\u00e9e\" \/>\n\t<meta name=\"twitter:data1\" content=\"2 minutes\" \/>\n<script type=\"application\/ld+json\" class=\"yoast-schema-graph\">{\"@context\":\"https:\\\/\\\/schema.org\",\"@graph\":[{\"@type\":\"WebPage\",\"@id\":\"https:\\\/\\\/floranixena.it\\\/fr\\\/produit\\\/yucca\\\/\",\"url\":\"https:\\\/\\\/floranixena.it\\\/fr\\\/produit\\\/yucca\\\/\",\"name\":\"Plante Yucca - Floranixena - Livraison de plantes \u00e0 domicile\",\"isPartOf\":{\"@id\":\"https:\\\/\\\/floranixena.it\\\/fr\\\/#website\"},\"primaryImageOfPage\":{\"@id\":\"https:\\\/\\\/floranixena.it\\\/fr\\\/produit\\\/yucca\\\/#primaryimage\"},\"image\":{\"@id\":\"https:\\\/\\\/floranixena.it\\\/fr\\\/produit\\\/yucca\\\/#primaryimage\"},\"thumbnailUrl\":\"https:\\\/\\\/floranixena.it\\\/wp-content\\\/uploads\\\/2024\\\/06\\\/pianta-yucca-floranixena-consegna-piante-a-domicilio.jpg\",\"datePublished\":\"2025-06-05T06:31:20+00:00\",\"dateModified\":\"2025-09-11T09:58:28+00:00\",\"description\":\"Plante de yucca d\u2019int\u00e9rieur achat en ligne, avec livraison \u00e0 domicile qui donne une touche moderne et exotique \u00e0 n\u2019importe quel espace de celui qui le re\u00e7oit.\",\"breadcrumb\":{\"@id\":\"https:\\\/\\\/floranixena.it\\\/fr\\\/produit\\\/yucca\\\/#breadcrumb\"},\"inLanguage\":\"fr-FR\",\"potentialAction\":[{\"@type\":\"ReadAction\",\"target\":[\"https:\\\/\\\/floranixena.it\\\/fr\\\/produit\\\/yucca\\\/\"]}]},{\"@type\":\"ImageObject\",\"inLanguage\":\"fr-FR\",\"@id\":\"https:\\\/\\\/floranixena.it\\\/fr\\\/produit\\\/yucca\\\/#primaryimage\",\"url\":\"https:\\\/\\\/floranixena.it\\\/wp-content\\\/uploads\\\/2024\\\/06\\\/pianta-yucca-floranixena-consegna-piante-a-domicilio.jpg\",\"contentUrl\":\"https:\\\/\\\/floranixena.it\\\/wp-content\\\/uploads\\\/2024\\\/06\\\/pianta-yucca-floranixena-consegna-piante-a-domicilio.jpg\",\"width\":1080,\"height\":1080,\"caption\":\"La Yucca \u00e8 una pianta resistente e scenografica, perfetta per arredare con stile naturale. Consegna rapida e sicura in tutta Italia.\"},{\"@type\":\"BreadcrumbList\",\"@id\":\"https:\\\/\\\/floranixena.it\\\/fr\\\/produit\\\/yucca\\\/#breadcrumb\",\"itemListElement\":[{\"@type\":\"ListItem\",\"position\":1,\"name\":\"Home\",\"item\":\"https:\\\/\\\/floranixena.it\\\/fr\\\/\"},{\"@type\":\"ListItem\",\"position\":2,\"name\":\"Magasin\",\"item\":\"https:\\\/\\\/floranixena.it\\\/fr\\\/magasin\\\/\"},{\"@type\":\"ListItem\",\"position\":3,\"name\":\"Yucca\"}]},{\"@type\":\"WebSite\",\"@id\":\"https:\\\/\\\/floranixena.it\\\/fr\\\/#website\",\"url\":\"https:\\\/\\\/floranixena.it\\\/fr\\\/\",\"name\":\"FloraNixena - Consegna fiori a domicilio in Italia\",\"description\":\"Invia fiori che raccontano storie\",\"publisher\":{\"@id\":\"https:\\\/\\\/floranixena.it\\\/fr\\\/#organization\"},\"alternateName\":\"FloraNixena.it\",\"potentialAction\":[{\"@type\":\"SearchAction\",\"target\":{\"@type\":\"EntryPoint\",\"urlTemplate\":\"https:\\\/\\\/floranixena.it\\\/fr\\\/?s={search_term_string}\"},\"query-input\":{\"@type\":\"PropertyValueSpecification\",\"valueRequired\":true,\"valueName\":\"search_term_string\"}}],\"inLanguage\":\"fr-FR\"},{\"@type\":\"Organization\",\"@id\":\"https:\\\/\\\/floranixena.it\\\/fr\\\/#organization\",\"name\":\"FloraNixena.it - Consegna mazzi di fiori, bouquet e piante a domicilio\",\"url\":\"https:\\\/\\\/floranixena.it\\\/fr\\\/\",\"logo\":{\"@type\":\"ImageObject\",\"inLanguage\":\"fr-FR\",\"@id\":\"https:\\\/\\\/floranixena.it\\\/fr\\\/#\\\/schema\\\/logo\\\/image\\\/\",\"url\":\"https:\\\/\\\/floranixena.it\\\/wp-content\\\/uploads\\\/2018\\\/11\\\/logo-fucsia.png\",\"contentUrl\":\"https:\\\/\\\/floranixena.it\\\/wp-content\\\/uploads\\\/2018\\\/11\\\/logo-fucsia.png\",\"width\":315,\"height\":81,\"caption\":\"FloraNixena.it - Consegna mazzi di fiori, bouquet e piante a domicilio\"},\"image\":{\"@id\":\"https:\\\/\\\/floranixena.it\\\/fr\\\/#\\\/schema\\\/logo\\\/image\\\/\"},\"sameAs\":[\"https:\\\/\\\/www.facebook.com\\\/FloraNixena\\\/\",\"https:\\\/\\\/www.instagram.com\\\/floranixena.it\\\/\",\"https:\\\/\\\/www.youtube.com\\\/channel\\\/UCAfCWXMBezO96jgPjiUgpkA\"],\"description\":\"Chi Siamo? FloraNixena \u00e8 il partner di fiducia per la consegna di fiori freschi a domicilio. Con anni di esperienza nel settore floreale, siamo dedicati a portare la bellezza e la freschezza dei fiori direttamente alla vostra porta. La Nostra Missione La nostra missione \u00e8 trasformare ogni occasione in un momento speciale attraverso la magia dei fiori. Crediamo che un bouquet possa dire pi\u00f9 di mille parole e lavoriamo instancabilmente per assicurarci che ogni consegna porti gioia, amore e bellezza. Cosa Offriamo? Fiori Freschi: Collaboriamo con i migliori fornitori locali per garantire che i nostri fiori siano sempre freschi e di alta qualit\u00e0. Consegna Rapida e Puntuale: Offriamo un servizio di consegna rapido e affidabile, con la possibilit\u00e0 di scegliere la fascia oraria che pi\u00f9 vi conviene. Ampia Selezione: Dalle rose classiche ai bouquet personalizzati, abbiamo una vasta gamma di opzioni per soddisfare ogni gusto e occasione. Assistenza Clienti: Il nostro team \u00e8 sempre a disposizione per assistervi nella scelta del bouquet perfetto e per garantire un'esperienza di acquisto senza intoppi. Perch\u00e9 Sceglierci? Qualit\u00e0 Garantita: Ogni bouquet \u00e8 realizzato con cura dai nostri esperti fioristi, garantendo che ogni composizione sia un'opera d'arte. Servizio Personalizzato: Che sia per un anniversario, un compleanno, una celebrazione o un momento di condoglianza, personalizziamo ogni ordine per rispondere alle vostre esigenze specifiche. Soddisfazione del Cliente: La vostra soddisfazione \u00e8 la nostra priorit\u00e0 assoluta. Facciamo tutto il possibile per assicurarci che ogni consegna superi le vostre aspettative.\",\"email\":\"amministrazione@floranixena.it\",\"telephone\":\"3806342394\",\"legalName\":\"Gaetano Votadoro\"}]}<\/script>\n<!-- \/ Yoast SEO Premium plugin. -->","yoast_head_json":{"title":"Plante Yucca - Floranixena - Livraison de plantes \u00e0 domicile","description":"Plante de yucca d\u2019int\u00e9rieur achat en ligne, avec livraison \u00e0 domicile qui donne une touche moderne et exotique \u00e0 n\u2019importe quel espace de celui qui le re\u00e7oit.","robots":{"index":"index","follow":"follow","max-snippet":"max-snippet:-1","max-image-preview":"max-image-preview:large","max-video-preview":"max-video-preview:-1"},"canonical":"https:\/\/floranixena.it\/fr\/produit\/yucca\/","og_locale":"fr_FR","og_type":"article","og_title":"Yucca","og_description":"Plante - Yucca  Hauteur de 60 \u00e0 80 cm c.ca et \u00d8 18 cm c.ca  Vase en plastique inclus Vase en c\u00e9ramique non inclus","og_url":"https:\/\/floranixena.it\/fr\/produit\/yucca\/","og_site_name":"FloraNixena - livraison de fleurs et de plantes","article_publisher":"https:\/\/www.facebook.com\/FloraNixena\/","article_modified_time":"2025-09-11T09:58:28+00:00","og_image":[{"width":1080,"height":1080,"url":"https:\/\/floranixena.it\/wp-content\/uploads\/2024\/06\/pianta-yucca-floranixena-consegna-piante-a-domicilio.jpg","type":"image\/jpeg"}],"twitter_card":"summary_large_image","twitter_misc":{"Dur\u00e9e de lecture estim\u00e9e":"2 minutes"},"schema":{"@context":"https:\/\/schema.org","@graph":[{"@type":"WebPage","@id":"https:\/\/floranixena.it\/fr\/produit\/yucca\/","url":"https:\/\/floranixena.it\/fr\/produit\/yucca\/","name":"Plante Yucca - Floranixena - Livraison de plantes \u00e0 domicile","isPartOf":{"@id":"https:\/\/floranixena.it\/fr\/#website"},"primaryImageOfPage":{"@id":"https:\/\/floranixena.it\/fr\/produit\/yucca\/#primaryimage"},"image":{"@id":"https:\/\/floranixena.it\/fr\/produit\/yucca\/#primaryimage"},"thumbnailUrl":"https:\/\/floranixena.it\/wp-content\/uploads\/2024\/06\/pianta-yucca-floranixena-consegna-piante-a-domicilio.jpg","datePublished":"2025-06-05T06:31:20+00:00","dateModified":"2025-09-11T09:58:28+00:00","description":"Plante de yucca d\u2019int\u00e9rieur achat en ligne, avec livraison \u00e0 domicile qui donne une touche moderne et exotique \u00e0 n\u2019importe quel espace de celui qui le re\u00e7oit.","breadcrumb":{"@id":"https:\/\/floranixena.it\/fr\/produit\/yucca\/#breadcrumb"},"inLanguage":"fr-FR","potentialAction":[{"@type":"ReadAction","target":["https:\/\/floranixena.it\/fr\/produit\/yucca\/"]}]},{"@type":"ImageObject","inLanguage":"fr-FR","@id":"https:\/\/floranixena.it\/fr\/produit\/yucca\/#primaryimage","url":"https:\/\/floranixena.it\/wp-content\/uploads\/2024\/06\/pianta-yucca-floranixena-consegna-piante-a-domicilio.jpg","contentUrl":"https:\/\/floranixena.it\/wp-content\/uploads\/2024\/06\/pianta-yucca-floranixena-consegna-piante-a-domicilio.jpg","width":1080,"height":1080,"caption":"La Yucca \u00e8 una pianta resistente e scenografica, perfetta per arredare con stile naturale. Consegna rapida e sicura in tutta Italia."},{"@type":"BreadcrumbList","@id":"https:\/\/floranixena.it\/fr\/produit\/yucca\/#breadcrumb","itemListElement":[{"@type":"ListItem","position":1,"name":"Home","item":"https:\/\/floranixena.it\/fr\/"},{"@type":"ListItem","position":2,"name":"Magasin","item":"https:\/\/floranixena.it\/fr\/magasin\/"},{"@type":"ListItem","position":3,"name":"Yucca"}]},{"@type":"WebSite","@id":"https:\/\/floranixena.it\/fr\/#website","url":"https:\/\/floranixena.it\/fr\/","name":"FloraNixena - Consegna fiori a domicilio in Italia","description":"Invia fiori che raccontano storie","publisher":{"@id":"https:\/\/floranixena.it\/fr\/#organization"},"alternateName":"FloraNixena.it","potentialAction":[{"@type":"SearchAction","target":{"@type":"EntryPoint","urlTemplate":"https:\/\/floranixena.it\/fr\/?s={search_term_string}"},"query-input":{"@type":"PropertyValueSpecification","valueRequired":true,"valueName":"search_term_string"}}],"inLanguage":"fr-FR"},{"@type":"Organization","@id":"https:\/\/floranixena.it\/fr\/#organization","name":"FloraNixena.it - Consegna mazzi di fiori, bouquet e piante a domicilio","url":"https:\/\/floranixena.it\/fr\/","logo":{"@type":"ImageObject","inLanguage":"fr-FR","@id":"https:\/\/floranixena.it\/fr\/#\/schema\/logo\/image\/","url":"https:\/\/floranixena.it\/wp-content\/uploads\/2018\/11\/logo-fucsia.png","contentUrl":"https:\/\/floranixena.it\/wp-content\/uploads\/2018\/11\/logo-fucsia.png","width":315,"height":81,"caption":"FloraNixena.it - Consegna mazzi di fiori, bouquet e piante a domicilio"},"image":{"@id":"https:\/\/floranixena.it\/fr\/#\/schema\/logo\/image\/"},"sameAs":["https:\/\/www.facebook.com\/FloraNixena\/","https:\/\/www.instagram.com\/floranixena.it\/","https:\/\/www.youtube.com\/channel\/UCAfCWXMBezO96jgPjiUgpkA"],"description":"Chi Siamo? FloraNixena \u00e8 il partner di fiducia per la consegna di fiori freschi a domicilio. Con anni di esperienza nel settore floreale, siamo dedicati a portare la bellezza e la freschezza dei fiori direttamente alla vostra porta. La Nostra Missione La nostra missione \u00e8 trasformare ogni occasione in un momento speciale attraverso la magia dei fiori. Crediamo che un bouquet possa dire pi\u00f9 di mille parole e lavoriamo instancabilmente per assicurarci che ogni consegna porti gioia, amore e bellezza. Cosa Offriamo? Fiori Freschi: Collaboriamo con i migliori fornitori locali per garantire che i nostri fiori siano sempre freschi e di alta qualit\u00e0. Consegna Rapida e Puntuale: Offriamo un servizio di consegna rapido e affidabile, con la possibilit\u00e0 di scegliere la fascia oraria che pi\u00f9 vi conviene. Ampia Selezione: Dalle rose classiche ai bouquet personalizzati, abbiamo una vasta gamma di opzioni per soddisfare ogni gusto e occasione. Assistenza Clienti: Il nostro team \u00e8 sempre a disposizione per assistervi nella scelta del bouquet perfetto e per garantire un'esperienza di acquisto senza intoppi. Perch\u00e9 Sceglierci? Qualit\u00e0 Garantita: Ogni bouquet \u00e8 realizzato con cura dai nostri esperti fioristi, garantendo che ogni composizione sia un'opera d'arte. Servizio Personalizzato: Che sia per un anniversario, un compleanno, una celebrazione o un momento di condoglianza, personalizziamo ogni ordine per rispondere alle vostre esigenze specifiche. Soddisfazione del Cliente: La vostra soddisfazione \u00e8 la nostra priorit\u00e0 assoluta. Facciamo tutto il possibile per assicurarci che ogni consegna superi le vostre aspettative.","email":"amministrazione@floranixena.it","telephone":"3806342394","legalName":"Gaetano Votadoro"}]}},"_links":{"self":[{"href":"https:\/\/floranixena.it\/fr\/wp-json\/wp\/v2\/product\/18071","targetHints":{"allow":["GET"]}}],"collection":[{"href":"https:\/\/floranixena.it\/fr\/wp-json\/wp\/v2\/product"}],"about":[{"href":"https:\/\/floranixena.it\/fr\/wp-json\/wp\/v2\/types\/product"}],"replies":[{"embeddable":true,"href":"https:\/\/floranixena.it\/fr\/wp-json\/wp\/v2\/comments?post=18071"}],"wp:featuredmedia":[{"embeddable":true,"href":"https:\/\/floranixena.it\/fr\/wp-json\/wp\/v2\/media\/18072"}],"wp:attachment":[{"href":"https:\/\/floranixena.it\/fr\/wp-json\/wp\/v2\/media?parent=18071"}],"wp:term":[{"taxonomy":"product_brand","embeddable":true,"href":"https:\/\/floranixena.it\/fr\/wp-json\/wp\/v2\/product_brand?post=18071"},{"taxonomy":"product_cat","embeddable":true,"href":"https:\/\/floranixena.it\/fr\/wp-json\/wp\/v2\/product_cat?post=18071"},{"taxonomy":"product_tag","embeddable":true,"href":"https:\/\/floranixena.it\/fr\/wp-json\/wp\/v2\/product_tag?post=18071"}],"curies":[{"name":"wp","href":"https:\/\/api.w.org\/{rel}","templated":true}]}}