{"id":17929,"date":"2025-06-10T11:11:46","date_gmt":"2025-06-10T09:11:46","guid":{"rendered":"https:\/\/floranixena.it\/product\/orchidee\/"},"modified":"2025-09-16T11:39:34","modified_gmt":"2025-09-16T09:39:34","slug":"orchidee","status":"publish","type":"product","link":"https:\/\/floranixena.it\/fr\/produit\/orchidee\/","title":{"rendered":"Orchid\u00e9e"},"content":{"rendered":"<p style=\"text-align: justify;\"><strong><a href=\"https:\/\/floranixena.it\/fr\/catalog\/orchidee-fr\/\">L&rsquo;Orchid\u00e9e<\/a><\/strong>, \u00e9galement connue sous le nom de Phalaenopsis, est une belle plante tropicale qui peut \u00eatre maintenue avec succ\u00e8s \u00e0 l\u2019int\u00e9rieur. Son aspect d\u00e9licieux a appel\u00e9 cette plante comme \u00ab\u00a0Plante de charme\u00a0\u00bb d\u2019origine: Indon\u00e9sien. <\/p>\n<p style=\"text-align: justify;\">C\u2019est l\u2019une des fleurs les plus \u00e9l\u00e9gantes, extraordinairement exotiques et apporte instantan\u00e9ment n\u2019importe quelle table dans la maison de ennuyeux \u00e0 chic.<\/p>\n<p style=\"text-align: justify;\">Myst\u00e8re, charme, s\u00e9duction, \u00e9l\u00e9gance et beaut\u00e9. Juste une orchid\u00e9e &#8211; sensuelle, parfum\u00e9e, fine &#8211; pour parler au c\u0153ur d\u2019une femme et rendre hommage avec un geste unique et sans \u00e9quivoque. <\/p>\n<p style=\"text-align: justify;\">L&rsquo;orchid\u00e9e est une <strong>plante<\/strong> au charme doux et s\u00e9duisant, myst\u00e9rieux et \u00e9l\u00e9gant qui est un symbole d\u2019harmonie. C\u2019est une fleur qui exprime un message clair qui parle de sensualit\u00e9 et de conqu\u00eate amoureuse, de d\u00e9vouement et de passion. Cette fleur vous donne d\u00e9licieux et parfait pour un ami ou un parent, mais la femme \u00e0 laquelle nous adressons d\u00e9votion et v\u00e9n\u00e9ration totale, inconditionnelle.  <\/p>\n<p style=\"text-align: justify;\">Donner l\u2019orchid\u00e9e signifie que la femme de ton c\u0153ur veut dire que tu es belle, sexy, une d\u00e9esse. C\u2019est donc la fleur parfaite comme cadeau lorsque vous \u00eates s\u00fbr que votre passion est pay\u00e9e, car le message implicite de donner l\u2019orchid\u00e9e est \u00e9galement \u00e9vident. <\/p>\n<p>Alors qu\u2019en Occident l\u2019orchid\u00e9e <i>parle<\/i> d\u2019amour et de sensualit\u00e9, la Chine est symbole de raffinement et de culture, mais aussi de puret\u00e9 et d\u2019innocence. Dans l\u2019iconographie chr\u00e9tienne, par contre, les taches sur les p\u00e9tales de la fleur repr\u00e9sentent le sang du Christ, raison pour laquelle nous voyons des orchid\u00e9es orner les autels pendant No\u00ebl et P\u00e2ques. <\/p>\n","protected":false},"excerpt":{"rendered":"<ul>\n<li>Plante d&rsquo;orchid\u00e9e<\/li>\n<li>Vase en plastique (brun)<\/li>\n<\/ul>\n<p>Vase en c\u00e9ramique pouvant \u00eatre achet\u00e9 plus tard<\/p>\n","protected":false},"featured_media":17930,"comment_status":"open","ping_status":"closed","template":"","meta":[],"product_brand":[],"product_cat":[3285,3260,3262,3967,3442,3704,3705,3259,3443,3699,3444,3445,3288],"product_tag":[3839,4117,3838],"class_list":{"0":"post-17929","1":"product","2":"type-product","3":"status-publish","4":"has-post-thumbnail","6":"product_cat-amitie","7":"product_cat-fete-de-la-femme","8":"product_cat-jour-du-nom","9":"product_cat-orchidee-fr","10":"product_cat-paques","11":"product_cat-plantes-fr","12":"product_cat-plantes-dinterieur","13":"product_cat-pour-la-femme-ou-la-fiancee","14":"product_cat-pour-la-soeur","15":"product_cat-pour-les-grands-parents","16":"product_cat-pour-les-oncles","17":"product_cat-pour-maman","18":"product_cat-pour-remercier-quelquun","19":"product_tag-plante-dappartement-fr","20":"product_tag-plante-dorchidee","21":"product_tag-plante-de-bureau","23":"first","24":"instock","25":"shipping-taxable","26":"purchasable","27":"product-type-variable","28":"has-default-attributes"},"yoast_head":"<!-- This site is optimized with the Yoast SEO Premium plugin v27.4 (Yoast SEO v27.4) - https:\/\/yoast.com\/product\/yoast-seo-premium-wordpress\/ -->\n<title>Plante d&#039;Orchid\u00e9e - FloraNixena - livraison de fleurs et de plantes<\/title>\n<meta name=\"description\" content=\"Plante d\u2019orchid\u00e9e, plante cadeau pour l\u2019appartement ou le bureau, dans toute l\u2019Italie.\" \/>\n<meta name=\"robots\" content=\"index, follow, max-snippet:-1, max-image-preview:large, max-video-preview:-1\" \/>\n<link rel=\"canonical\" href=\"https:\/\/floranixena.it\/fr\/produit\/orchidee\/\" \/>\n<meta property=\"og:locale\" content=\"fr_FR\" \/>\n<meta property=\"og:type\" content=\"article\" \/>\n<meta property=\"og:title\" content=\"Orchid\u00e9e\" \/>\n<meta property=\"og:description\" content=\"Plante d&#039;orchid\u00e9e  Vase en plastique (brun) Vase en c\u00e9ramique pouvant \u00eatre achet\u00e9 plus tard\" \/>\n<meta property=\"og:url\" content=\"https:\/\/floranixena.it\/fr\/produit\/orchidee\/\" \/>\n<meta property=\"og:site_name\" content=\"FloraNixena - livraison de fleurs et de plantes\" \/>\n<meta property=\"article:publisher\" content=\"https:\/\/www.facebook.com\/FloraNixena\/\" \/>\n<meta property=\"article:modified_time\" content=\"2025-09-16T09:39:34+00:00\" \/>\n<meta property=\"og:image\" content=\"https:\/\/floranixena.it\/wp-content\/uploads\/2018\/11\/pianta-orchidea-bianca-regalo-per-la-mamma-pianta-da-appartamento-casa-1.jpg\" \/>\n\t<meta property=\"og:image:width\" content=\"800\" \/>\n\t<meta property=\"og:image:height\" content=\"800\" \/>\n\t<meta property=\"og:image:type\" content=\"image\/jpeg\" \/>\n<meta name=\"twitter:card\" content=\"summary_large_image\" \/>\n<meta name=\"twitter:label1\" content=\"Dur\u00e9e de lecture estim\u00e9e\" \/>\n\t<meta name=\"twitter:data1\" content=\"1 minute\" \/>\n<script type=\"application\/ld+json\" class=\"yoast-schema-graph\">{\"@context\":\"https:\\\/\\\/schema.org\",\"@graph\":[{\"@type\":\"WebPage\",\"@id\":\"https:\\\/\\\/floranixena.it\\\/fr\\\/produit\\\/orchidee\\\/\",\"url\":\"https:\\\/\\\/floranixena.it\\\/fr\\\/produit\\\/orchidee\\\/\",\"name\":\"Plante d'Orchid\u00e9e - FloraNixena - livraison de fleurs et de plantes\",\"isPartOf\":{\"@id\":\"https:\\\/\\\/floranixena.it\\\/fr\\\/#website\"},\"primaryImageOfPage\":{\"@id\":\"https:\\\/\\\/floranixena.it\\\/fr\\\/produit\\\/orchidee\\\/#primaryimage\"},\"image\":{\"@id\":\"https:\\\/\\\/floranixena.it\\\/fr\\\/produit\\\/orchidee\\\/#primaryimage\"},\"thumbnailUrl\":\"https:\\\/\\\/floranixena.it\\\/wp-content\\\/uploads\\\/2018\\\/11\\\/pianta-orchidea-bianca-regalo-per-la-mamma-pianta-da-appartamento-casa-1.jpg\",\"datePublished\":\"2025-06-10T09:11:46+00:00\",\"dateModified\":\"2025-09-16T09:39:34+00:00\",\"description\":\"Plante d\u2019orchid\u00e9e, plante cadeau pour l\u2019appartement ou le bureau, dans toute l\u2019Italie.\",\"breadcrumb\":{\"@id\":\"https:\\\/\\\/floranixena.it\\\/fr\\\/produit\\\/orchidee\\\/#breadcrumb\"},\"inLanguage\":\"fr-FR\",\"potentialAction\":[{\"@type\":\"ReadAction\",\"target\":[\"https:\\\/\\\/floranixena.it\\\/fr\\\/produit\\\/orchidee\\\/\"]}]},{\"@type\":\"ImageObject\",\"inLanguage\":\"fr-FR\",\"@id\":\"https:\\\/\\\/floranixena.it\\\/fr\\\/produit\\\/orchidee\\\/#primaryimage\",\"url\":\"https:\\\/\\\/floranixena.it\\\/wp-content\\\/uploads\\\/2018\\\/11\\\/pianta-orchidea-bianca-regalo-per-la-mamma-pianta-da-appartamento-casa-1.jpg\",\"contentUrl\":\"https:\\\/\\\/floranixena.it\\\/wp-content\\\/uploads\\\/2018\\\/11\\\/pianta-orchidea-bianca-regalo-per-la-mamma-pianta-da-appartamento-casa-1.jpg\",\"width\":800,\"height\":800,\"caption\":\"Un fiore che incarna grazia e armonia, perfetto per spazi moderni e luminosi.\"},{\"@type\":\"BreadcrumbList\",\"@id\":\"https:\\\/\\\/floranixena.it\\\/fr\\\/produit\\\/orchidee\\\/#breadcrumb\",\"itemListElement\":[{\"@type\":\"ListItem\",\"position\":1,\"name\":\"Home\",\"item\":\"https:\\\/\\\/floranixena.it\\\/fr\\\/\"},{\"@type\":\"ListItem\",\"position\":2,\"name\":\"Magasin\",\"item\":\"https:\\\/\\\/floranixena.it\\\/fr\\\/magasin\\\/\"},{\"@type\":\"ListItem\",\"position\":3,\"name\":\"Orchid\u00e9e\"}]},{\"@type\":\"WebSite\",\"@id\":\"https:\\\/\\\/floranixena.it\\\/fr\\\/#website\",\"url\":\"https:\\\/\\\/floranixena.it\\\/fr\\\/\",\"name\":\"FloraNixena - Consegna fiori a domicilio in Italia\",\"description\":\"Invia fiori che raccontano storie\",\"publisher\":{\"@id\":\"https:\\\/\\\/floranixena.it\\\/fr\\\/#organization\"},\"alternateName\":\"FloraNixena.it\",\"potentialAction\":[{\"@type\":\"SearchAction\",\"target\":{\"@type\":\"EntryPoint\",\"urlTemplate\":\"https:\\\/\\\/floranixena.it\\\/fr\\\/?s={search_term_string}\"},\"query-input\":{\"@type\":\"PropertyValueSpecification\",\"valueRequired\":true,\"valueName\":\"search_term_string\"}}],\"inLanguage\":\"fr-FR\"},{\"@type\":\"Organization\",\"@id\":\"https:\\\/\\\/floranixena.it\\\/fr\\\/#organization\",\"name\":\"FloraNixena.it - Consegna mazzi di fiori, bouquet e piante a domicilio\",\"url\":\"https:\\\/\\\/floranixena.it\\\/fr\\\/\",\"logo\":{\"@type\":\"ImageObject\",\"inLanguage\":\"fr-FR\",\"@id\":\"https:\\\/\\\/floranixena.it\\\/fr\\\/#\\\/schema\\\/logo\\\/image\\\/\",\"url\":\"https:\\\/\\\/floranixena.it\\\/wp-content\\\/uploads\\\/2018\\\/11\\\/logo-fucsia.png\",\"contentUrl\":\"https:\\\/\\\/floranixena.it\\\/wp-content\\\/uploads\\\/2018\\\/11\\\/logo-fucsia.png\",\"width\":315,\"height\":81,\"caption\":\"FloraNixena.it - Consegna mazzi di fiori, bouquet e piante a domicilio\"},\"image\":{\"@id\":\"https:\\\/\\\/floranixena.it\\\/fr\\\/#\\\/schema\\\/logo\\\/image\\\/\"},\"sameAs\":[\"https:\\\/\\\/www.facebook.com\\\/FloraNixena\\\/\",\"https:\\\/\\\/www.instagram.com\\\/floranixena.it\\\/\",\"https:\\\/\\\/www.youtube.com\\\/channel\\\/UCAfCWXMBezO96jgPjiUgpkA\"],\"description\":\"Chi Siamo? FloraNixena \u00e8 il partner di fiducia per la consegna di fiori freschi a domicilio. Con anni di esperienza nel settore floreale, siamo dedicati a portare la bellezza e la freschezza dei fiori direttamente alla vostra porta. La Nostra Missione La nostra missione \u00e8 trasformare ogni occasione in un momento speciale attraverso la magia dei fiori. Crediamo che un bouquet possa dire pi\u00f9 di mille parole e lavoriamo instancabilmente per assicurarci che ogni consegna porti gioia, amore e bellezza. Cosa Offriamo? Fiori Freschi: Collaboriamo con i migliori fornitori locali per garantire che i nostri fiori siano sempre freschi e di alta qualit\u00e0. Consegna Rapida e Puntuale: Offriamo un servizio di consegna rapido e affidabile, con la possibilit\u00e0 di scegliere la fascia oraria che pi\u00f9 vi conviene. Ampia Selezione: Dalle rose classiche ai bouquet personalizzati, abbiamo una vasta gamma di opzioni per soddisfare ogni gusto e occasione. Assistenza Clienti: Il nostro team \u00e8 sempre a disposizione per assistervi nella scelta del bouquet perfetto e per garantire un'esperienza di acquisto senza intoppi. Perch\u00e9 Sceglierci? Qualit\u00e0 Garantita: Ogni bouquet \u00e8 realizzato con cura dai nostri esperti fioristi, garantendo che ogni composizione sia un'opera d'arte. Servizio Personalizzato: Che sia per un anniversario, un compleanno, una celebrazione o un momento di condoglianza, personalizziamo ogni ordine per rispondere alle vostre esigenze specifiche. Soddisfazione del Cliente: La vostra soddisfazione \u00e8 la nostra priorit\u00e0 assoluta. Facciamo tutto il possibile per assicurarci che ogni consegna superi le vostre aspettative.\",\"email\":\"amministrazione@floranixena.it\",\"telephone\":\"3806342394\",\"legalName\":\"Gaetano Votadoro\"}]}<\/script>\n<!-- \/ Yoast SEO Premium plugin. -->","yoast_head_json":{"title":"Plante d'Orchid\u00e9e - FloraNixena - livraison de fleurs et de plantes","description":"Plante d\u2019orchid\u00e9e, plante cadeau pour l\u2019appartement ou le bureau, dans toute l\u2019Italie.","robots":{"index":"index","follow":"follow","max-snippet":"max-snippet:-1","max-image-preview":"max-image-preview:large","max-video-preview":"max-video-preview:-1"},"canonical":"https:\/\/floranixena.it\/fr\/produit\/orchidee\/","og_locale":"fr_FR","og_type":"article","og_title":"Orchid\u00e9e","og_description":"Plante d'orchid\u00e9e  Vase en plastique (brun) Vase en c\u00e9ramique pouvant \u00eatre achet\u00e9 plus tard","og_url":"https:\/\/floranixena.it\/fr\/produit\/orchidee\/","og_site_name":"FloraNixena - livraison de fleurs et de plantes","article_publisher":"https:\/\/www.facebook.com\/FloraNixena\/","article_modified_time":"2025-09-16T09:39:34+00:00","og_image":[{"width":800,"height":800,"url":"https:\/\/floranixena.it\/wp-content\/uploads\/2018\/11\/pianta-orchidea-bianca-regalo-per-la-mamma-pianta-da-appartamento-casa-1.jpg","type":"image\/jpeg"}],"twitter_card":"summary_large_image","twitter_misc":{"Dur\u00e9e de lecture estim\u00e9e":"1 minute"},"schema":{"@context":"https:\/\/schema.org","@graph":[{"@type":"WebPage","@id":"https:\/\/floranixena.it\/fr\/produit\/orchidee\/","url":"https:\/\/floranixena.it\/fr\/produit\/orchidee\/","name":"Plante d'Orchid\u00e9e - FloraNixena - livraison de fleurs et de plantes","isPartOf":{"@id":"https:\/\/floranixena.it\/fr\/#website"},"primaryImageOfPage":{"@id":"https:\/\/floranixena.it\/fr\/produit\/orchidee\/#primaryimage"},"image":{"@id":"https:\/\/floranixena.it\/fr\/produit\/orchidee\/#primaryimage"},"thumbnailUrl":"https:\/\/floranixena.it\/wp-content\/uploads\/2018\/11\/pianta-orchidea-bianca-regalo-per-la-mamma-pianta-da-appartamento-casa-1.jpg","datePublished":"2025-06-10T09:11:46+00:00","dateModified":"2025-09-16T09:39:34+00:00","description":"Plante d\u2019orchid\u00e9e, plante cadeau pour l\u2019appartement ou le bureau, dans toute l\u2019Italie.","breadcrumb":{"@id":"https:\/\/floranixena.it\/fr\/produit\/orchidee\/#breadcrumb"},"inLanguage":"fr-FR","potentialAction":[{"@type":"ReadAction","target":["https:\/\/floranixena.it\/fr\/produit\/orchidee\/"]}]},{"@type":"ImageObject","inLanguage":"fr-FR","@id":"https:\/\/floranixena.it\/fr\/produit\/orchidee\/#primaryimage","url":"https:\/\/floranixena.it\/wp-content\/uploads\/2018\/11\/pianta-orchidea-bianca-regalo-per-la-mamma-pianta-da-appartamento-casa-1.jpg","contentUrl":"https:\/\/floranixena.it\/wp-content\/uploads\/2018\/11\/pianta-orchidea-bianca-regalo-per-la-mamma-pianta-da-appartamento-casa-1.jpg","width":800,"height":800,"caption":"Un fiore che incarna grazia e armonia, perfetto per spazi moderni e luminosi."},{"@type":"BreadcrumbList","@id":"https:\/\/floranixena.it\/fr\/produit\/orchidee\/#breadcrumb","itemListElement":[{"@type":"ListItem","position":1,"name":"Home","item":"https:\/\/floranixena.it\/fr\/"},{"@type":"ListItem","position":2,"name":"Magasin","item":"https:\/\/floranixena.it\/fr\/magasin\/"},{"@type":"ListItem","position":3,"name":"Orchid\u00e9e"}]},{"@type":"WebSite","@id":"https:\/\/floranixena.it\/fr\/#website","url":"https:\/\/floranixena.it\/fr\/","name":"FloraNixena - Consegna fiori a domicilio in Italia","description":"Invia fiori che raccontano storie","publisher":{"@id":"https:\/\/floranixena.it\/fr\/#organization"},"alternateName":"FloraNixena.it","potentialAction":[{"@type":"SearchAction","target":{"@type":"EntryPoint","urlTemplate":"https:\/\/floranixena.it\/fr\/?s={search_term_string}"},"query-input":{"@type":"PropertyValueSpecification","valueRequired":true,"valueName":"search_term_string"}}],"inLanguage":"fr-FR"},{"@type":"Organization","@id":"https:\/\/floranixena.it\/fr\/#organization","name":"FloraNixena.it - Consegna mazzi di fiori, bouquet e piante a domicilio","url":"https:\/\/floranixena.it\/fr\/","logo":{"@type":"ImageObject","inLanguage":"fr-FR","@id":"https:\/\/floranixena.it\/fr\/#\/schema\/logo\/image\/","url":"https:\/\/floranixena.it\/wp-content\/uploads\/2018\/11\/logo-fucsia.png","contentUrl":"https:\/\/floranixena.it\/wp-content\/uploads\/2018\/11\/logo-fucsia.png","width":315,"height":81,"caption":"FloraNixena.it - Consegna mazzi di fiori, bouquet e piante a domicilio"},"image":{"@id":"https:\/\/floranixena.it\/fr\/#\/schema\/logo\/image\/"},"sameAs":["https:\/\/www.facebook.com\/FloraNixena\/","https:\/\/www.instagram.com\/floranixena.it\/","https:\/\/www.youtube.com\/channel\/UCAfCWXMBezO96jgPjiUgpkA"],"description":"Chi Siamo? FloraNixena \u00e8 il partner di fiducia per la consegna di fiori freschi a domicilio. Con anni di esperienza nel settore floreale, siamo dedicati a portare la bellezza e la freschezza dei fiori direttamente alla vostra porta. La Nostra Missione La nostra missione \u00e8 trasformare ogni occasione in un momento speciale attraverso la magia dei fiori. Crediamo che un bouquet possa dire pi\u00f9 di mille parole e lavoriamo instancabilmente per assicurarci che ogni consegna porti gioia, amore e bellezza. Cosa Offriamo? Fiori Freschi: Collaboriamo con i migliori fornitori locali per garantire che i nostri fiori siano sempre freschi e di alta qualit\u00e0. Consegna Rapida e Puntuale: Offriamo un servizio di consegna rapido e affidabile, con la possibilit\u00e0 di scegliere la fascia oraria che pi\u00f9 vi conviene. Ampia Selezione: Dalle rose classiche ai bouquet personalizzati, abbiamo una vasta gamma di opzioni per soddisfare ogni gusto e occasione. Assistenza Clienti: Il nostro team \u00e8 sempre a disposizione per assistervi nella scelta del bouquet perfetto e per garantire un'esperienza di acquisto senza intoppi. Perch\u00e9 Sceglierci? Qualit\u00e0 Garantita: Ogni bouquet \u00e8 realizzato con cura dai nostri esperti fioristi, garantendo che ogni composizione sia un'opera d'arte. Servizio Personalizzato: Che sia per un anniversario, un compleanno, una celebrazione o un momento di condoglianza, personalizziamo ogni ordine per rispondere alle vostre esigenze specifiche. Soddisfazione del Cliente: La vostra soddisfazione \u00e8 la nostra priorit\u00e0 assoluta. Facciamo tutto il possibile per assicurarci che ogni consegna superi le vostre aspettative.","email":"amministrazione@floranixena.it","telephone":"3806342394","legalName":"Gaetano Votadoro"}]}},"_links":{"self":[{"href":"https:\/\/floranixena.it\/fr\/wp-json\/wp\/v2\/product\/17929","targetHints":{"allow":["GET"]}}],"collection":[{"href":"https:\/\/floranixena.it\/fr\/wp-json\/wp\/v2\/product"}],"about":[{"href":"https:\/\/floranixena.it\/fr\/wp-json\/wp\/v2\/types\/product"}],"replies":[{"embeddable":true,"href":"https:\/\/floranixena.it\/fr\/wp-json\/wp\/v2\/comments?post=17929"}],"wp:featuredmedia":[{"embeddable":true,"href":"https:\/\/floranixena.it\/fr\/wp-json\/wp\/v2\/media\/17930"}],"wp:attachment":[{"href":"https:\/\/floranixena.it\/fr\/wp-json\/wp\/v2\/media?parent=17929"}],"wp:term":[{"taxonomy":"product_brand","embeddable":true,"href":"https:\/\/floranixena.it\/fr\/wp-json\/wp\/v2\/product_brand?post=17929"},{"taxonomy":"product_cat","embeddable":true,"href":"https:\/\/floranixena.it\/fr\/wp-json\/wp\/v2\/product_cat?post=17929"},{"taxonomy":"product_tag","embeddable":true,"href":"https:\/\/floranixena.it\/fr\/wp-json\/wp\/v2\/product_tag?post=17929"}],"curies":[{"name":"wp","href":"https:\/\/api.w.org\/{rel}","templated":true}]}}