{"id":17893,"date":"2026-01-05T14:00:58","date_gmt":"2026-01-05T13:00:58","guid":{"rendered":"https:\/\/floranixena.it\/product\/bouquet-100-rose-rosse-luxury\/"},"modified":"2025-09-16T10:33:35","modified_gmt":"2025-09-16T08:33:35","slug":"bouquet-100-rose-rosse-luxury","status":"publish","type":"product","link":"https:\/\/floranixena.it\/fr\/produit\/bouquet-100-rose-rosse-luxury\/","title":{"rendered":"Bouquet 100 Roses rouges (Luxury)"},"content":{"rendered":"<p>Ce bouquet exclusif de <strong>100 roses rouges de premi\u00e8re qualit\u00e9<\/strong> et de premi\u00e8re qualit\u00e9 et de premi\u00e8re classe est vraiment unique et est le moyen id\u00e9al pour prouver votre amour. Un fleuriste local professionnel livrera personnellement ce <a href=\"https:\/\/floranixena.it\/fr\/prodotto\/bouquet-rose-colorate-luxury\/\" target=\"_blank\" rel=\"noopener\"><strong>bouquet VIP de roses<\/strong><\/a> pour chaque occasion sp\u00e9ciale, ce qui en fait un cadeau inoubliable. <\/p>\n<p>Avec sa qualit\u00e9 exclusive, le <strong>bouquet de cent roses rouges<\/strong> sera le moyen id\u00e9al pour exprimer vos \u00e9motions d\u2019une mani\u00e8re romantique.<\/p>\n<p><strong>Donnez des sourires avec le meilleur <a href=\"https:\/\/floranixena.it\/fr\/prodotto\/bouquet-50-rose-rosse-luxury\/\" target=\"_blank\" rel=\"noopener\">bouquet de roses<\/a><\/strong> en circulation!<\/p>\n<p>Montrez votre amour vrai et \u00e9ternel avec un <a href=\"https:\/\/floranixena.it\/fr\/catalog\/amour-et-romantisme\/fleurs-classiques-et-romantiques\/\" target=\"_blank\" rel=\"noopener\"><strong>bouquet de 100 roses rouges<\/strong>!<\/a> Ce bouquet luxueux et vraiment \u00e0 couper le souffle laissera certainement une impression durable de vos soins et votre d\u00e9vouement, ce qui en fait le moyen id\u00e9al pour montrer \u00e0 votre personne sp\u00e9ciale combien vous vous souciez vraiment.<\/p>\n<p>Envoyer ce <strong>luxueux bouquet de cent roses<\/strong> en cadeau transmet tellement de sens et est quelque chose de vraiment sp\u00e9cial.<\/p>\n<p>Ce beau <a href=\"https:\/\/floranixena.it\/fr\/prodotto\/bouquet-12-rose-rosse\/\" target=\"_blank\" rel=\"noopener\"><strong>Bouquet de roses rouges<\/strong><\/a> est le moyen id\u00e9al pour exprimer vos \u00e9motions lors de toute occasion sp\u00e9ciale.<\/p>\n<p>Chaque rose est soigneusement s\u00e9lectionn\u00e9e pour sa beaut\u00e9 et sa fra\u00eecheur, garantissant une qualit\u00e9 sup\u00e9rieure qui se distingue des autres cadeaux floraux. Avec sa <a href=\"https:\/\/floranixena.it\/fr\/prodotto\/puro-amore\/\" target=\"_blank\" rel=\"noopener\"><strong>composition<\/strong><\/a> unique et sa pr\u00e9sentation impeccable, ce bouquet est destin\u00e9 \u00e0 laisser une impression durable et inoubliable. <\/p>\n<p>La livraison personnalis\u00e9e par un fleuriste local professionnel ajoute une touche d\u2019attention et de soins suppl\u00e9mentaires, garantissant que votre cadeau arrive en toute s\u00e9curit\u00e9 et \u00e0 temps, pr\u00eat \u00e0 illuminer le jour de votre bien-aim\u00e9 avec une explosion de joie et de bonheur.<\/p>\n<p><strong>Rendez-la heureuse et surprenez-la avec le meilleur que la nature et l\u2019amour peuvent offrir<\/strong>, en lui donnant une exp\u00e9rience florale qui restera dans son c\u0153ur pour toujours.<\/p>\n","protected":false},"excerpt":{"rendered":"<ul>\n<li>Bouquet de 100 roses rouges (Luxury)<\/li>\n<li>Hauteur 70-80 cm<\/li>\n<li>Donn\u00e9 sans brouillard parce qu\u2019il fait d\u00e9j\u00e0 sa figure ainsi<\/li>\n<li>soigneusement emball\u00e9<\/li>\n<li><span style=\"color: #008000;\"><strong>Dans ce bouquet la livraison est gratuite dans Toute l\u2019Italie<\/strong><\/span><\/li>\n<\/ul>\n","protected":false},"featured_media":17894,"comment_status":"open","ping_status":"closed","template":"","meta":[],"product_brand":[],"product_cat":[3693,3283,3264,3256,3257,3304,3269,3260,3273,3272,3274,3275,3255,3262,3276,3265,3259,3270,6195,3261,4042],"product_tag":[3281,3278,3279,4102,3282,3277,3280,4101],"class_list":{"0":"post-17893","1":"product","2":"type-product","3":"status-publish","4":"has-post-thumbnail","6":"product_cat-25-anniversaire-mariage-en-argent","7":"product_cat-50eme-anniversaire-mariage-en-or","8":"product_cat-amour-et-romantisme","9":"product_cat-anniversaire","10":"product_cat-commemoration","11":"product_cat-dix-huitieme-anniversaire","12":"product_cat-excuses","13":"product_cat-fete-de-la-femme","14":"product_cat-fleurs-dautomne","15":"product_cat-fleurs-dete","16":"product_cat-fleurs-dhiver","17":"product_cat-fleurs-de-printemps","18":"product_cat-fleurs-pour-les-evenements","19":"product_cat-jour-du-nom","20":"product_cat-noel","21":"product_cat-pour-de-nouvelles-revelations","22":"product_cat-pour-la-femme-ou-la-fiancee","23":"product_cat-roses-fr","24":"product_cat-roses-dequateur","25":"product_cat-saint-valentin","26":"product_cat-vip","27":"product_tag-amour","28":"product_tag-bouquet-de-roses-rouges","29":"product_tag-bouquet-de-roses-rouges-fr","30":"product_tag-fleurs-de-luxe","31":"product_tag-romantisme","32":"product_tag-roses-rouges","33":"product_tag-saint-valentin","34":"product_tag-vip-fr","36":"first","37":"instock","38":"shipping-taxable","39":"purchasable","40":"product-type-simple"},"yoast_head":"<!-- This site is optimized with the Yoast SEO Premium plugin v27.4 (Yoast SEO v27.4) - https:\/\/yoast.com\/product\/yoast-seo-premium-wordpress\/ -->\n<title>Bouquet de 100 roses rouges - FloraNixena - Livraison de Fleurs<\/title>\n<meta name=\"description\" content=\"Bouquet de 100 roses rouges, la Composition florale luxueuse \u00e0 envoyer \u00e0 sa femme ou petite amie pour une surprise de luxe romantique. Offrir Cent roses rouges.\" \/>\n<meta name=\"robots\" content=\"index, follow, max-snippet:-1, max-image-preview:large, max-video-preview:-1\" \/>\n<link rel=\"canonical\" href=\"https:\/\/floranixena.it\/fr\/produit\/bouquet-100-rose-rosse-luxury\/\" \/>\n<meta property=\"og:locale\" content=\"fr_FR\" \/>\n<meta property=\"og:type\" content=\"article\" \/>\n<meta property=\"og:title\" content=\"Bouquet 100 Roses rouges (Luxury)\" \/>\n<meta property=\"og:description\" content=\"Bouquet de 100 roses rouges (Luxury)  Hauteur 70-80 cm  Donn\u00e9 sans brouillard parce qu\u2019il fait d\u00e9j\u00e0 sa figure ainsi  soigneusement emball\u00e9  Dans ce bouquet la livraison est gratuite dans Toute l\u2019Italie\" \/>\n<meta property=\"og:url\" content=\"https:\/\/floranixena.it\/fr\/produit\/bouquet-100-rose-rosse-luxury\/\" \/>\n<meta property=\"og:site_name\" content=\"FloraNixena - livraison de fleurs et de plantes\" \/>\n<meta property=\"article:publisher\" content=\"https:\/\/www.facebook.com\/FloraNixena\/\" \/>\n<meta property=\"og:image\" content=\"https:\/\/floranixena.it\/wp-content\/uploads\/2018\/11\/bouquet-di-100-rose.webp\" \/>\n\t<meta property=\"og:image:width\" content=\"800\" \/>\n\t<meta property=\"og:image:height\" content=\"800\" \/>\n\t<meta property=\"og:image:type\" content=\"image\/webp\" \/>\n<meta name=\"twitter:card\" content=\"summary_large_image\" \/>\n<meta name=\"twitter:label1\" content=\"Dur\u00e9e de lecture estim\u00e9e\" \/>\n\t<meta name=\"twitter:data1\" content=\"2 minutes\" \/>\n<script type=\"application\/ld+json\" class=\"yoast-schema-graph\">{\"@context\":\"https:\\\/\\\/schema.org\",\"@graph\":[{\"@type\":\"WebPage\",\"@id\":\"https:\\\/\\\/floranixena.it\\\/fr\\\/produit\\\/bouquet-100-rose-rosse-luxury\\\/\",\"url\":\"https:\\\/\\\/floranixena.it\\\/fr\\\/produit\\\/bouquet-100-rose-rosse-luxury\\\/\",\"name\":\"Bouquet de 100 roses rouges - FloraNixena - Livraison de Fleurs\",\"isPartOf\":{\"@id\":\"https:\\\/\\\/floranixena.it\\\/fr\\\/#website\"},\"primaryImageOfPage\":{\"@id\":\"https:\\\/\\\/floranixena.it\\\/fr\\\/produit\\\/bouquet-100-rose-rosse-luxury\\\/#primaryimage\"},\"image\":{\"@id\":\"https:\\\/\\\/floranixena.it\\\/fr\\\/produit\\\/bouquet-100-rose-rosse-luxury\\\/#primaryimage\"},\"thumbnailUrl\":\"https:\\\/\\\/floranixena.it\\\/wp-content\\\/uploads\\\/2018\\\/11\\\/bouquet-di-100-rose.webp\",\"datePublished\":\"2026-01-05T13:00:58+00:00\",\"description\":\"Bouquet de 100 roses rouges, la Composition florale luxueuse \u00e0 envoyer \u00e0 sa femme ou petite amie pour une surprise de luxe romantique. Offrir Cent roses rouges.\",\"breadcrumb\":{\"@id\":\"https:\\\/\\\/floranixena.it\\\/fr\\\/produit\\\/bouquet-100-rose-rosse-luxury\\\/#breadcrumb\"},\"inLanguage\":\"fr-FR\",\"potentialAction\":[{\"@type\":\"ReadAction\",\"target\":[\"https:\\\/\\\/floranixena.it\\\/fr\\\/produit\\\/bouquet-100-rose-rosse-luxury\\\/\"]}]},{\"@type\":\"ImageObject\",\"inLanguage\":\"fr-FR\",\"@id\":\"https:\\\/\\\/floranixena.it\\\/fr\\\/produit\\\/bouquet-100-rose-rosse-luxury\\\/#primaryimage\",\"url\":\"https:\\\/\\\/floranixena.it\\\/wp-content\\\/uploads\\\/2018\\\/11\\\/bouquet-di-100-rose.webp\",\"contentUrl\":\"https:\\\/\\\/floranixena.it\\\/wp-content\\\/uploads\\\/2018\\\/11\\\/bouquet-di-100-rose.webp\",\"width\":800,\"height\":800,\"caption\":\"Bouquet de 100 roses rouges\"},{\"@type\":\"BreadcrumbList\",\"@id\":\"https:\\\/\\\/floranixena.it\\\/fr\\\/produit\\\/bouquet-100-rose-rosse-luxury\\\/#breadcrumb\",\"itemListElement\":[{\"@type\":\"ListItem\",\"position\":1,\"name\":\"Home\",\"item\":\"https:\\\/\\\/floranixena.it\\\/fr\\\/\"},{\"@type\":\"ListItem\",\"position\":2,\"name\":\"Magasin\",\"item\":\"https:\\\/\\\/floranixena.it\\\/fr\\\/magasin\\\/\"},{\"@type\":\"ListItem\",\"position\":3,\"name\":\"Bouquet 100 Roses rouges (Luxury)\"}]},{\"@type\":\"WebSite\",\"@id\":\"https:\\\/\\\/floranixena.it\\\/fr\\\/#website\",\"url\":\"https:\\\/\\\/floranixena.it\\\/fr\\\/\",\"name\":\"FloraNixena - Consegna fiori a domicilio in Italia\",\"description\":\"Invia fiori che raccontano storie\",\"publisher\":{\"@id\":\"https:\\\/\\\/floranixena.it\\\/fr\\\/#organization\"},\"alternateName\":\"FloraNixena.it\",\"potentialAction\":[{\"@type\":\"SearchAction\",\"target\":{\"@type\":\"EntryPoint\",\"urlTemplate\":\"https:\\\/\\\/floranixena.it\\\/fr\\\/?s={search_term_string}\"},\"query-input\":{\"@type\":\"PropertyValueSpecification\",\"valueRequired\":true,\"valueName\":\"search_term_string\"}}],\"inLanguage\":\"fr-FR\"},{\"@type\":\"Organization\",\"@id\":\"https:\\\/\\\/floranixena.it\\\/fr\\\/#organization\",\"name\":\"FloraNixena.it - Consegna mazzi di fiori, bouquet e piante a domicilio\",\"url\":\"https:\\\/\\\/floranixena.it\\\/fr\\\/\",\"logo\":{\"@type\":\"ImageObject\",\"inLanguage\":\"fr-FR\",\"@id\":\"https:\\\/\\\/floranixena.it\\\/fr\\\/#\\\/schema\\\/logo\\\/image\\\/\",\"url\":\"https:\\\/\\\/floranixena.it\\\/wp-content\\\/uploads\\\/2018\\\/11\\\/logo-fucsia.png\",\"contentUrl\":\"https:\\\/\\\/floranixena.it\\\/wp-content\\\/uploads\\\/2018\\\/11\\\/logo-fucsia.png\",\"width\":315,\"height\":81,\"caption\":\"FloraNixena.it - Consegna mazzi di fiori, bouquet e piante a domicilio\"},\"image\":{\"@id\":\"https:\\\/\\\/floranixena.it\\\/fr\\\/#\\\/schema\\\/logo\\\/image\\\/\"},\"sameAs\":[\"https:\\\/\\\/www.facebook.com\\\/FloraNixena\\\/\",\"https:\\\/\\\/www.instagram.com\\\/floranixena.it\\\/\",\"https:\\\/\\\/www.youtube.com\\\/channel\\\/UCAfCWXMBezO96jgPjiUgpkA\"],\"description\":\"Chi Siamo? FloraNixena \u00e8 il partner di fiducia per la consegna di fiori freschi a domicilio. Con anni di esperienza nel settore floreale, siamo dedicati a portare la bellezza e la freschezza dei fiori direttamente alla vostra porta. La Nostra Missione La nostra missione \u00e8 trasformare ogni occasione in un momento speciale attraverso la magia dei fiori. Crediamo che un bouquet possa dire pi\u00f9 di mille parole e lavoriamo instancabilmente per assicurarci che ogni consegna porti gioia, amore e bellezza. Cosa Offriamo? Fiori Freschi: Collaboriamo con i migliori fornitori locali per garantire che i nostri fiori siano sempre freschi e di alta qualit\u00e0. Consegna Rapida e Puntuale: Offriamo un servizio di consegna rapido e affidabile, con la possibilit\u00e0 di scegliere la fascia oraria che pi\u00f9 vi conviene. Ampia Selezione: Dalle rose classiche ai bouquet personalizzati, abbiamo una vasta gamma di opzioni per soddisfare ogni gusto e occasione. Assistenza Clienti: Il nostro team \u00e8 sempre a disposizione per assistervi nella scelta del bouquet perfetto e per garantire un'esperienza di acquisto senza intoppi. Perch\u00e9 Sceglierci? Qualit\u00e0 Garantita: Ogni bouquet \u00e8 realizzato con cura dai nostri esperti fioristi, garantendo che ogni composizione sia un'opera d'arte. Servizio Personalizzato: Che sia per un anniversario, un compleanno, una celebrazione o un momento di condoglianza, personalizziamo ogni ordine per rispondere alle vostre esigenze specifiche. Soddisfazione del Cliente: La vostra soddisfazione \u00e8 la nostra priorit\u00e0 assoluta. Facciamo tutto il possibile per assicurarci che ogni consegna superi le vostre aspettative.\",\"email\":\"amministrazione@floranixena.it\",\"telephone\":\"3806342394\",\"legalName\":\"Gaetano Votadoro\"}]}<\/script>\n<!-- \/ Yoast SEO Premium plugin. -->","yoast_head_json":{"title":"Bouquet de 100 roses rouges - FloraNixena - Livraison de Fleurs","description":"Bouquet de 100 roses rouges, la Composition florale luxueuse \u00e0 envoyer \u00e0 sa femme ou petite amie pour une surprise de luxe romantique. Offrir Cent roses rouges.","robots":{"index":"index","follow":"follow","max-snippet":"max-snippet:-1","max-image-preview":"max-image-preview:large","max-video-preview":"max-video-preview:-1"},"canonical":"https:\/\/floranixena.it\/fr\/produit\/bouquet-100-rose-rosse-luxury\/","og_locale":"fr_FR","og_type":"article","og_title":"Bouquet 100 Roses rouges (Luxury)","og_description":"Bouquet de 100 roses rouges (Luxury)  Hauteur 70-80 cm  Donn\u00e9 sans brouillard parce qu\u2019il fait d\u00e9j\u00e0 sa figure ainsi  soigneusement emball\u00e9  Dans ce bouquet la livraison est gratuite dans Toute l\u2019Italie","og_url":"https:\/\/floranixena.it\/fr\/produit\/bouquet-100-rose-rosse-luxury\/","og_site_name":"FloraNixena - livraison de fleurs et de plantes","article_publisher":"https:\/\/www.facebook.com\/FloraNixena\/","og_image":[{"width":800,"height":800,"url":"https:\/\/floranixena.it\/wp-content\/uploads\/2018\/11\/bouquet-di-100-rose.webp","type":"image\/webp"}],"twitter_card":"summary_large_image","twitter_misc":{"Dur\u00e9e de lecture estim\u00e9e":"2 minutes"},"schema":{"@context":"https:\/\/schema.org","@graph":[{"@type":"WebPage","@id":"https:\/\/floranixena.it\/fr\/produit\/bouquet-100-rose-rosse-luxury\/","url":"https:\/\/floranixena.it\/fr\/produit\/bouquet-100-rose-rosse-luxury\/","name":"Bouquet de 100 roses rouges - FloraNixena - Livraison de Fleurs","isPartOf":{"@id":"https:\/\/floranixena.it\/fr\/#website"},"primaryImageOfPage":{"@id":"https:\/\/floranixena.it\/fr\/produit\/bouquet-100-rose-rosse-luxury\/#primaryimage"},"image":{"@id":"https:\/\/floranixena.it\/fr\/produit\/bouquet-100-rose-rosse-luxury\/#primaryimage"},"thumbnailUrl":"https:\/\/floranixena.it\/wp-content\/uploads\/2018\/11\/bouquet-di-100-rose.webp","datePublished":"2026-01-05T13:00:58+00:00","description":"Bouquet de 100 roses rouges, la Composition florale luxueuse \u00e0 envoyer \u00e0 sa femme ou petite amie pour une surprise de luxe romantique. Offrir Cent roses rouges.","breadcrumb":{"@id":"https:\/\/floranixena.it\/fr\/produit\/bouquet-100-rose-rosse-luxury\/#breadcrumb"},"inLanguage":"fr-FR","potentialAction":[{"@type":"ReadAction","target":["https:\/\/floranixena.it\/fr\/produit\/bouquet-100-rose-rosse-luxury\/"]}]},{"@type":"ImageObject","inLanguage":"fr-FR","@id":"https:\/\/floranixena.it\/fr\/produit\/bouquet-100-rose-rosse-luxury\/#primaryimage","url":"https:\/\/floranixena.it\/wp-content\/uploads\/2018\/11\/bouquet-di-100-rose.webp","contentUrl":"https:\/\/floranixena.it\/wp-content\/uploads\/2018\/11\/bouquet-di-100-rose.webp","width":800,"height":800,"caption":"Bouquet de 100 roses rouges"},{"@type":"BreadcrumbList","@id":"https:\/\/floranixena.it\/fr\/produit\/bouquet-100-rose-rosse-luxury\/#breadcrumb","itemListElement":[{"@type":"ListItem","position":1,"name":"Home","item":"https:\/\/floranixena.it\/fr\/"},{"@type":"ListItem","position":2,"name":"Magasin","item":"https:\/\/floranixena.it\/fr\/magasin\/"},{"@type":"ListItem","position":3,"name":"Bouquet 100 Roses rouges (Luxury)"}]},{"@type":"WebSite","@id":"https:\/\/floranixena.it\/fr\/#website","url":"https:\/\/floranixena.it\/fr\/","name":"FloraNixena - Consegna fiori a domicilio in Italia","description":"Invia fiori che raccontano storie","publisher":{"@id":"https:\/\/floranixena.it\/fr\/#organization"},"alternateName":"FloraNixena.it","potentialAction":[{"@type":"SearchAction","target":{"@type":"EntryPoint","urlTemplate":"https:\/\/floranixena.it\/fr\/?s={search_term_string}"},"query-input":{"@type":"PropertyValueSpecification","valueRequired":true,"valueName":"search_term_string"}}],"inLanguage":"fr-FR"},{"@type":"Organization","@id":"https:\/\/floranixena.it\/fr\/#organization","name":"FloraNixena.it - Consegna mazzi di fiori, bouquet e piante a domicilio","url":"https:\/\/floranixena.it\/fr\/","logo":{"@type":"ImageObject","inLanguage":"fr-FR","@id":"https:\/\/floranixena.it\/fr\/#\/schema\/logo\/image\/","url":"https:\/\/floranixena.it\/wp-content\/uploads\/2018\/11\/logo-fucsia.png","contentUrl":"https:\/\/floranixena.it\/wp-content\/uploads\/2018\/11\/logo-fucsia.png","width":315,"height":81,"caption":"FloraNixena.it - Consegna mazzi di fiori, bouquet e piante a domicilio"},"image":{"@id":"https:\/\/floranixena.it\/fr\/#\/schema\/logo\/image\/"},"sameAs":["https:\/\/www.facebook.com\/FloraNixena\/","https:\/\/www.instagram.com\/floranixena.it\/","https:\/\/www.youtube.com\/channel\/UCAfCWXMBezO96jgPjiUgpkA"],"description":"Chi Siamo? FloraNixena \u00e8 il partner di fiducia per la consegna di fiori freschi a domicilio. Con anni di esperienza nel settore floreale, siamo dedicati a portare la bellezza e la freschezza dei fiori direttamente alla vostra porta. La Nostra Missione La nostra missione \u00e8 trasformare ogni occasione in un momento speciale attraverso la magia dei fiori. Crediamo che un bouquet possa dire pi\u00f9 di mille parole e lavoriamo instancabilmente per assicurarci che ogni consegna porti gioia, amore e bellezza. Cosa Offriamo? Fiori Freschi: Collaboriamo con i migliori fornitori locali per garantire che i nostri fiori siano sempre freschi e di alta qualit\u00e0. Consegna Rapida e Puntuale: Offriamo un servizio di consegna rapido e affidabile, con la possibilit\u00e0 di scegliere la fascia oraria che pi\u00f9 vi conviene. Ampia Selezione: Dalle rose classiche ai bouquet personalizzati, abbiamo una vasta gamma di opzioni per soddisfare ogni gusto e occasione. Assistenza Clienti: Il nostro team \u00e8 sempre a disposizione per assistervi nella scelta del bouquet perfetto e per garantire un'esperienza di acquisto senza intoppi. Perch\u00e9 Sceglierci? Qualit\u00e0 Garantita: Ogni bouquet \u00e8 realizzato con cura dai nostri esperti fioristi, garantendo che ogni composizione sia un'opera d'arte. Servizio Personalizzato: Che sia per un anniversario, un compleanno, una celebrazione o un momento di condoglianza, personalizziamo ogni ordine per rispondere alle vostre esigenze specifiche. Soddisfazione del Cliente: La vostra soddisfazione \u00e8 la nostra priorit\u00e0 assoluta. Facciamo tutto il possibile per assicurarci che ogni consegna superi le vostre aspettative.","email":"amministrazione@floranixena.it","telephone":"3806342394","legalName":"Gaetano Votadoro"}]}},"_links":{"self":[{"href":"https:\/\/floranixena.it\/fr\/wp-json\/wp\/v2\/product\/17893","targetHints":{"allow":["GET"]}}],"collection":[{"href":"https:\/\/floranixena.it\/fr\/wp-json\/wp\/v2\/product"}],"about":[{"href":"https:\/\/floranixena.it\/fr\/wp-json\/wp\/v2\/types\/product"}],"replies":[{"embeddable":true,"href":"https:\/\/floranixena.it\/fr\/wp-json\/wp\/v2\/comments?post=17893"}],"wp:featuredmedia":[{"embeddable":true,"href":"https:\/\/floranixena.it\/fr\/wp-json\/wp\/v2\/media\/17894"}],"wp:attachment":[{"href":"https:\/\/floranixena.it\/fr\/wp-json\/wp\/v2\/media?parent=17893"}],"wp:term":[{"taxonomy":"product_brand","embeddable":true,"href":"https:\/\/floranixena.it\/fr\/wp-json\/wp\/v2\/product_brand?post=17893"},{"taxonomy":"product_cat","embeddable":true,"href":"https:\/\/floranixena.it\/fr\/wp-json\/wp\/v2\/product_cat?post=17893"},{"taxonomy":"product_tag","embeddable":true,"href":"https:\/\/floranixena.it\/fr\/wp-json\/wp\/v2\/product_tag?post=17893"}],"curies":[{"name":"wp","href":"https:\/\/api.w.org\/{rel}","templated":true}]}}