{"id":17880,"date":"2025-07-31T15:00:22","date_gmt":"2025-07-31T13:00:22","guid":{"rendered":"https:\/\/floranixena.it\/product\/cesta-di-lisianthus-e-crisantemi\/"},"modified":"2025-09-16T09:10:29","modified_gmt":"2025-09-16T07:10:29","slug":"cesta-di-lisianthus-e-crisantemi","status":"publish","type":"product","link":"https:\/\/floranixena.it\/fr\/produit\/cesta-di-lisianthus-e-crisantemi\/","title":{"rendered":"Panier de lisianthus et chrysanth\u00e8mes"},"content":{"rendered":"<h1 style=\"text-align: left;\"><strong>Composition Florale pour Condol\u00e9ances:<\/strong><\/h1>\n<h2 style=\"text-align: left;\"><strong>Panier \u00e9l\u00e9gant avec fleurs violettes et chrysanth\u00e8mes<\/strong><\/h2>\n<p>Envoyer vos condol\u00e9ances avec un panier bien entretenu est un geste de profonde empathie et de respect. Notre <a href=\"https:\/\/floranixena.it\/fr\/prodotto\/addio\/\" target=\"_blank\" rel=\"noopener\"><strong>panier \u00e0 fleurs<\/strong><\/a>, \u00e9l\u00e9gant et sophistiqu\u00e9, est le choix id\u00e9al pour exprimer votre deuil dans un moment de deuil. Cette <a href=\"https:\/\/floranixena.it\/prodotto\/composizione-funebre-con-fiori-misti\/\" target=\"_blank\" rel=\"noopener\"><strong>composition fun\u00e8bre<\/strong><\/a> a \u00e9t\u00e9 cr\u00e9\u00e9e avec une grande attention aux d\u00e9tails, en utilisant des fleurs parfaites et des couleurs qui transmettent s\u00e9r\u00e9nit\u00e9 et confort.  <\/p>\n<p>Le panier, r\u00e9alis\u00e9 dans un blanc classique, repr\u00e9sente la puret\u00e9 et l\u2019\u00e9ternit\u00e9, symboles appropri\u00e9s pour un enterrement. Les fleurs violettes, soigneusement dispos\u00e9es, ajoutent une touche de d\u00e9licatesse et donnent un sentiment de paix. Les <strong>lisianthus bleu picotee<\/strong>, avec leurs bords d\u00e9licats et d\u00e9grad\u00e9s, donnent un effet visuel unique et raffin\u00e9. Ces fleurs sont connues pour leur beaut\u00e9 et leur capacit\u00e9 \u00e0 exprimer des sentiments profonds d\u2019amour et d\u2019admiration.   <\/p>\n<p>Pour compl\u00e9ter cette composition nous trouvons les <strong>chrysanth\u00e8mes roses<\/strong>, ymbole de d\u00e9votion et d\u2019honneur. Ces fleurs, souvent associ\u00e9es \u00e0 la m\u00e9moire et \u00e0 la comm\u00e9moration, sont parfaites pour exprimer votre respect envers le <strong>d\u00e9funt<\/strong> et pour r\u00e9conforter ses proches. Le chrysanth\u00e8me est une fleur traditionnellement utilis\u00e9e dans les <a href=\"https:\/\/floranixena.it\/fr\/prodotto\/sono-con-te\/\" target=\"_blank\" rel=\"noopener\"><strong>c\u00e9r\u00e9monies fun\u00e9raires<\/strong><\/a> dans de nombreuses cultures, et sa pr\u00e9sence dans ce panier ajoute une touche de tradition et de signification.  <\/p>\n<p>Le panier est encore enrichi par le <strong>statice blanc<\/strong>, qui ajoute du volume et de la texture \u00e0 la composition. Le statice, avec sa longue dur\u00e9e, repr\u00e9sente la m\u00e9moire \u00e9ternelle et la continuit\u00e9 des souvenirs. Cette fleur, souvent utilis\u00e9e dans les bouquets fun\u00e8bres, symbolise la sympathie et le souvenir durable.  <\/p>\n","protected":false},"excerpt":{"rendered":"<ul>\n<li>Lisianthus bleu picotee<\/li>\n<li>Chrysanth\u00e8mes roses<\/li>\n<li>Statice blanc<\/li>\n<li><strong>Livraison gratuite<\/strong><\/li>\n<\/ul>\n<p>Vase non inclus<\/p>\n","protected":false},"featured_media":17881,"comment_status":"open","ping_status":"closed","template":"","meta":[],"product_brand":[],"product_cat":[3920,3904],"product_tag":[4168,3908,3910,3909,3907,3905,3926],"class_list":{"0":"post-17880","1":"product","2":"type-product","3":"status-publish","4":"has-post-thumbnail","6":"product_cat-ce-sont-des-jumeaux","7":"product_cat-funerailles","8":"product_tag-chrysanthemes","9":"product_tag-cimetiere","10":"product_tag-condoleances","11":"product_tag-eglise","12":"product_tag-fleurs-pour-le-deuil","13":"product_tag-gerberas-fr","14":"product_tag-lisianthus-fr","16":"first","17":"instock","18":"shipping-taxable","19":"purchasable","20":"product-type-simple"},"yoast_head":"<!-- This site is optimized with the Yoast SEO Premium plugin v27.5 (Yoast SEO v27.5) - https:\/\/yoast.com\/product\/yoast-seo-premium-wordpress\/ -->\n<title>Panier de lisianthus et chrysanth\u00e8mes<\/title>\n<meta name=\"description\" content=\"Panier de deuil violet, avec lisianthus violet et chrysanth\u00e8mes. Un hommage d\u00e9licat et respectueux pour exprimer vos condol\u00e9ances.\" \/>\n<meta name=\"robots\" content=\"index, follow, max-snippet:-1, max-image-preview:large, max-video-preview:-1\" \/>\n<link rel=\"canonical\" href=\"https:\/\/floranixena.it\/fr\/produit\/cesta-di-lisianthus-e-crisantemi\/\" \/>\n<meta property=\"og:locale\" content=\"fr_FR\" \/>\n<meta property=\"og:type\" content=\"article\" \/>\n<meta property=\"og:title\" content=\"Panier de lisianthus et chrysanth\u00e8mes\" \/>\n<meta property=\"og:description\" content=\"Lisianthus bleu picotee  Chrysanth\u00e8mes roses  Statice blanc  Livraison gratuite Vase non inclus\" \/>\n<meta property=\"og:url\" content=\"https:\/\/floranixena.it\/fr\/produit\/cesta-di-lisianthus-e-crisantemi\/\" \/>\n<meta property=\"og:site_name\" content=\"FloraNixena - livraison de fleurs et de plantes\" \/>\n<meta property=\"article:publisher\" content=\"https:\/\/www.facebook.com\/FloraNixena\/\" \/>\n<meta property=\"article:modified_time\" content=\"2025-09-16T07:10:29+00:00\" \/>\n<meta property=\"og:image\" content=\"https:\/\/floranixena.it\/wp-content\/uploads\/2019\/05\/cesta-di-lisianthus-viole-crisant.webp\" \/>\n\t<meta property=\"og:image:width\" content=\"800\" \/>\n\t<meta property=\"og:image:height\" content=\"800\" \/>\n\t<meta property=\"og:image:type\" content=\"image\/webp\" \/>\n<meta name=\"twitter:card\" content=\"summary_large_image\" \/>\n<meta name=\"twitter:label1\" content=\"Dur\u00e9e de lecture estim\u00e9e\" \/>\n\t<meta name=\"twitter:data1\" content=\"1 minute\" \/>\n<script type=\"application\/ld+json\" class=\"yoast-schema-graph\">{\"@context\":\"https:\\\/\\\/schema.org\",\"@graph\":[{\"@type\":\"WebPage\",\"@id\":\"https:\\\/\\\/floranixena.it\\\/fr\\\/produit\\\/cesta-di-lisianthus-e-crisantemi\\\/\",\"url\":\"https:\\\/\\\/floranixena.it\\\/fr\\\/produit\\\/cesta-di-lisianthus-e-crisantemi\\\/\",\"name\":\"Panier de lisianthus et chrysanth\u00e8mes\",\"isPartOf\":{\"@id\":\"https:\\\/\\\/floranixena.it\\\/fr\\\/#website\"},\"primaryImageOfPage\":{\"@id\":\"https:\\\/\\\/floranixena.it\\\/fr\\\/produit\\\/cesta-di-lisianthus-e-crisantemi\\\/#primaryimage\"},\"image\":{\"@id\":\"https:\\\/\\\/floranixena.it\\\/fr\\\/produit\\\/cesta-di-lisianthus-e-crisantemi\\\/#primaryimage\"},\"thumbnailUrl\":\"https:\\\/\\\/floranixena.it\\\/wp-content\\\/uploads\\\/2019\\\/05\\\/cesta-di-lisianthus-viole-crisant.webp\",\"datePublished\":\"2025-07-31T13:00:22+00:00\",\"dateModified\":\"2025-09-16T07:10:29+00:00\",\"description\":\"Panier de deuil violet, avec lisianthus violet et chrysanth\u00e8mes. Un hommage d\u00e9licat et respectueux pour exprimer vos condol\u00e9ances.\",\"breadcrumb\":{\"@id\":\"https:\\\/\\\/floranixena.it\\\/fr\\\/produit\\\/cesta-di-lisianthus-e-crisantemi\\\/#breadcrumb\"},\"inLanguage\":\"fr-FR\",\"potentialAction\":[{\"@type\":\"ReadAction\",\"target\":[\"https:\\\/\\\/floranixena.it\\\/fr\\\/produit\\\/cesta-di-lisianthus-e-crisantemi\\\/\"]}]},{\"@type\":\"ImageObject\",\"inLanguage\":\"fr-FR\",\"@id\":\"https:\\\/\\\/floranixena.it\\\/fr\\\/produit\\\/cesta-di-lisianthus-e-crisantemi\\\/#primaryimage\",\"url\":\"https:\\\/\\\/floranixena.it\\\/wp-content\\\/uploads\\\/2019\\\/05\\\/cesta-di-lisianthus-viole-crisant.webp\",\"contentUrl\":\"https:\\\/\\\/floranixena.it\\\/wp-content\\\/uploads\\\/2019\\\/05\\\/cesta-di-lisianthus-viole-crisant.webp\",\"width\":800,\"height\":800,\"caption\":\"Un equilibrio di grazia e intensit\u00e0: la cesta floreale che parla di eleganza e serenit\u00e0.\"},{\"@type\":\"BreadcrumbList\",\"@id\":\"https:\\\/\\\/floranixena.it\\\/fr\\\/produit\\\/cesta-di-lisianthus-e-crisantemi\\\/#breadcrumb\",\"itemListElement\":[{\"@type\":\"ListItem\",\"position\":1,\"name\":\"Home\",\"item\":\"https:\\\/\\\/floranixena.it\\\/fr\\\/\"},{\"@type\":\"ListItem\",\"position\":2,\"name\":\"Magasin\",\"item\":\"https:\\\/\\\/floranixena.it\\\/fr\\\/magasin\\\/\"},{\"@type\":\"ListItem\",\"position\":3,\"name\":\"Panier de lisianthus et chrysanth\u00e8mes\"}]},{\"@type\":\"WebSite\",\"@id\":\"https:\\\/\\\/floranixena.it\\\/fr\\\/#website\",\"url\":\"https:\\\/\\\/floranixena.it\\\/fr\\\/\",\"name\":\"FloraNixena - Consegna fiori a domicilio in Italia\",\"description\":\"Invia fiori che raccontano storie\",\"publisher\":{\"@id\":\"https:\\\/\\\/floranixena.it\\\/fr\\\/#organization\"},\"alternateName\":\"FloraNixena.it\",\"potentialAction\":[{\"@type\":\"SearchAction\",\"target\":{\"@type\":\"EntryPoint\",\"urlTemplate\":\"https:\\\/\\\/floranixena.it\\\/fr\\\/?s={search_term_string}\"},\"query-input\":{\"@type\":\"PropertyValueSpecification\",\"valueRequired\":true,\"valueName\":\"search_term_string\"}}],\"inLanguage\":\"fr-FR\"},{\"@type\":\"Organization\",\"@id\":\"https:\\\/\\\/floranixena.it\\\/fr\\\/#organization\",\"name\":\"FloraNixena.it - Consegna mazzi di fiori, bouquet e piante a domicilio\",\"url\":\"https:\\\/\\\/floranixena.it\\\/fr\\\/\",\"logo\":{\"@type\":\"ImageObject\",\"inLanguage\":\"fr-FR\",\"@id\":\"https:\\\/\\\/floranixena.it\\\/fr\\\/#\\\/schema\\\/logo\\\/image\\\/\",\"url\":\"https:\\\/\\\/floranixena.it\\\/wp-content\\\/uploads\\\/2018\\\/11\\\/logo-fucsia.png\",\"contentUrl\":\"https:\\\/\\\/floranixena.it\\\/wp-content\\\/uploads\\\/2018\\\/11\\\/logo-fucsia.png\",\"width\":315,\"height\":81,\"caption\":\"FloraNixena.it - Consegna mazzi di fiori, bouquet e piante a domicilio\"},\"image\":{\"@id\":\"https:\\\/\\\/floranixena.it\\\/fr\\\/#\\\/schema\\\/logo\\\/image\\\/\"},\"sameAs\":[\"https:\\\/\\\/www.facebook.com\\\/FloraNixena\\\/\",\"https:\\\/\\\/www.instagram.com\\\/floranixena.it\\\/\",\"https:\\\/\\\/www.youtube.com\\\/channel\\\/UCAfCWXMBezO96jgPjiUgpkA\"],\"description\":\"Chi Siamo? FloraNixena \u00e8 il partner di fiducia per la consegna di fiori freschi a domicilio. Con anni di esperienza nel settore floreale, siamo dedicati a portare la bellezza e la freschezza dei fiori direttamente alla vostra porta. La Nostra Missione La nostra missione \u00e8 trasformare ogni occasione in un momento speciale attraverso la magia dei fiori. Crediamo che un bouquet possa dire pi\u00f9 di mille parole e lavoriamo instancabilmente per assicurarci che ogni consegna porti gioia, amore e bellezza. Cosa Offriamo? Fiori Freschi: Collaboriamo con i migliori fornitori locali per garantire che i nostri fiori siano sempre freschi e di alta qualit\u00e0. Consegna Rapida e Puntuale: Offriamo un servizio di consegna rapido e affidabile, con la possibilit\u00e0 di scegliere la fascia oraria che pi\u00f9 vi conviene. Ampia Selezione: Dalle rose classiche ai bouquet personalizzati, abbiamo una vasta gamma di opzioni per soddisfare ogni gusto e occasione. Assistenza Clienti: Il nostro team \u00e8 sempre a disposizione per assistervi nella scelta del bouquet perfetto e per garantire un'esperienza di acquisto senza intoppi. Perch\u00e9 Sceglierci? Qualit\u00e0 Garantita: Ogni bouquet \u00e8 realizzato con cura dai nostri esperti fioristi, garantendo che ogni composizione sia un'opera d'arte. Servizio Personalizzato: Che sia per un anniversario, un compleanno, una celebrazione o un momento di condoglianza, personalizziamo ogni ordine per rispondere alle vostre esigenze specifiche. Soddisfazione del Cliente: La vostra soddisfazione \u00e8 la nostra priorit\u00e0 assoluta. Facciamo tutto il possibile per assicurarci che ogni consegna superi le vostre aspettative.\",\"email\":\"amministrazione@floranixena.it\",\"telephone\":\"3806342394\",\"legalName\":\"Gaetano Votadoro\"}]}<\/script>\n<!-- \/ Yoast SEO Premium plugin. -->","yoast_head_json":{"title":"Panier de lisianthus et chrysanth\u00e8mes","description":"Panier de deuil violet, avec lisianthus violet et chrysanth\u00e8mes. Un hommage d\u00e9licat et respectueux pour exprimer vos condol\u00e9ances.","robots":{"index":"index","follow":"follow","max-snippet":"max-snippet:-1","max-image-preview":"max-image-preview:large","max-video-preview":"max-video-preview:-1"},"canonical":"https:\/\/floranixena.it\/fr\/produit\/cesta-di-lisianthus-e-crisantemi\/","og_locale":"fr_FR","og_type":"article","og_title":"Panier de lisianthus et chrysanth\u00e8mes","og_description":"Lisianthus bleu picotee  Chrysanth\u00e8mes roses  Statice blanc  Livraison gratuite Vase non inclus","og_url":"https:\/\/floranixena.it\/fr\/produit\/cesta-di-lisianthus-e-crisantemi\/","og_site_name":"FloraNixena - livraison de fleurs et de plantes","article_publisher":"https:\/\/www.facebook.com\/FloraNixena\/","article_modified_time":"2025-09-16T07:10:29+00:00","og_image":[{"width":800,"height":800,"url":"https:\/\/floranixena.it\/wp-content\/uploads\/2019\/05\/cesta-di-lisianthus-viole-crisant.webp","type":"image\/webp"}],"twitter_card":"summary_large_image","twitter_misc":{"Dur\u00e9e de lecture estim\u00e9e":"1 minute"},"schema":{"@context":"https:\/\/schema.org","@graph":[{"@type":"WebPage","@id":"https:\/\/floranixena.it\/fr\/produit\/cesta-di-lisianthus-e-crisantemi\/","url":"https:\/\/floranixena.it\/fr\/produit\/cesta-di-lisianthus-e-crisantemi\/","name":"Panier de lisianthus et chrysanth\u00e8mes","isPartOf":{"@id":"https:\/\/floranixena.it\/fr\/#website"},"primaryImageOfPage":{"@id":"https:\/\/floranixena.it\/fr\/produit\/cesta-di-lisianthus-e-crisantemi\/#primaryimage"},"image":{"@id":"https:\/\/floranixena.it\/fr\/produit\/cesta-di-lisianthus-e-crisantemi\/#primaryimage"},"thumbnailUrl":"https:\/\/floranixena.it\/wp-content\/uploads\/2019\/05\/cesta-di-lisianthus-viole-crisant.webp","datePublished":"2025-07-31T13:00:22+00:00","dateModified":"2025-09-16T07:10:29+00:00","description":"Panier de deuil violet, avec lisianthus violet et chrysanth\u00e8mes. Un hommage d\u00e9licat et respectueux pour exprimer vos condol\u00e9ances.","breadcrumb":{"@id":"https:\/\/floranixena.it\/fr\/produit\/cesta-di-lisianthus-e-crisantemi\/#breadcrumb"},"inLanguage":"fr-FR","potentialAction":[{"@type":"ReadAction","target":["https:\/\/floranixena.it\/fr\/produit\/cesta-di-lisianthus-e-crisantemi\/"]}]},{"@type":"ImageObject","inLanguage":"fr-FR","@id":"https:\/\/floranixena.it\/fr\/produit\/cesta-di-lisianthus-e-crisantemi\/#primaryimage","url":"https:\/\/floranixena.it\/wp-content\/uploads\/2019\/05\/cesta-di-lisianthus-viole-crisant.webp","contentUrl":"https:\/\/floranixena.it\/wp-content\/uploads\/2019\/05\/cesta-di-lisianthus-viole-crisant.webp","width":800,"height":800,"caption":"Un equilibrio di grazia e intensit\u00e0: la cesta floreale che parla di eleganza e serenit\u00e0."},{"@type":"BreadcrumbList","@id":"https:\/\/floranixena.it\/fr\/produit\/cesta-di-lisianthus-e-crisantemi\/#breadcrumb","itemListElement":[{"@type":"ListItem","position":1,"name":"Home","item":"https:\/\/floranixena.it\/fr\/"},{"@type":"ListItem","position":2,"name":"Magasin","item":"https:\/\/floranixena.it\/fr\/magasin\/"},{"@type":"ListItem","position":3,"name":"Panier de lisianthus et chrysanth\u00e8mes"}]},{"@type":"WebSite","@id":"https:\/\/floranixena.it\/fr\/#website","url":"https:\/\/floranixena.it\/fr\/","name":"FloraNixena - Consegna fiori a domicilio in Italia","description":"Invia fiori che raccontano storie","publisher":{"@id":"https:\/\/floranixena.it\/fr\/#organization"},"alternateName":"FloraNixena.it","potentialAction":[{"@type":"SearchAction","target":{"@type":"EntryPoint","urlTemplate":"https:\/\/floranixena.it\/fr\/?s={search_term_string}"},"query-input":{"@type":"PropertyValueSpecification","valueRequired":true,"valueName":"search_term_string"}}],"inLanguage":"fr-FR"},{"@type":"Organization","@id":"https:\/\/floranixena.it\/fr\/#organization","name":"FloraNixena.it - Consegna mazzi di fiori, bouquet e piante a domicilio","url":"https:\/\/floranixena.it\/fr\/","logo":{"@type":"ImageObject","inLanguage":"fr-FR","@id":"https:\/\/floranixena.it\/fr\/#\/schema\/logo\/image\/","url":"https:\/\/floranixena.it\/wp-content\/uploads\/2018\/11\/logo-fucsia.png","contentUrl":"https:\/\/floranixena.it\/wp-content\/uploads\/2018\/11\/logo-fucsia.png","width":315,"height":81,"caption":"FloraNixena.it - Consegna mazzi di fiori, bouquet e piante a domicilio"},"image":{"@id":"https:\/\/floranixena.it\/fr\/#\/schema\/logo\/image\/"},"sameAs":["https:\/\/www.facebook.com\/FloraNixena\/","https:\/\/www.instagram.com\/floranixena.it\/","https:\/\/www.youtube.com\/channel\/UCAfCWXMBezO96jgPjiUgpkA"],"description":"Chi Siamo? FloraNixena \u00e8 il partner di fiducia per la consegna di fiori freschi a domicilio. Con anni di esperienza nel settore floreale, siamo dedicati a portare la bellezza e la freschezza dei fiori direttamente alla vostra porta. La Nostra Missione La nostra missione \u00e8 trasformare ogni occasione in un momento speciale attraverso la magia dei fiori. Crediamo che un bouquet possa dire pi\u00f9 di mille parole e lavoriamo instancabilmente per assicurarci che ogni consegna porti gioia, amore e bellezza. Cosa Offriamo? Fiori Freschi: Collaboriamo con i migliori fornitori locali per garantire che i nostri fiori siano sempre freschi e di alta qualit\u00e0. Consegna Rapida e Puntuale: Offriamo un servizio di consegna rapido e affidabile, con la possibilit\u00e0 di scegliere la fascia oraria che pi\u00f9 vi conviene. Ampia Selezione: Dalle rose classiche ai bouquet personalizzati, abbiamo una vasta gamma di opzioni per soddisfare ogni gusto e occasione. Assistenza Clienti: Il nostro team \u00e8 sempre a disposizione per assistervi nella scelta del bouquet perfetto e per garantire un'esperienza di acquisto senza intoppi. Perch\u00e9 Sceglierci? Qualit\u00e0 Garantita: Ogni bouquet \u00e8 realizzato con cura dai nostri esperti fioristi, garantendo che ogni composizione sia un'opera d'arte. Servizio Personalizzato: Che sia per un anniversario, un compleanno, una celebrazione o un momento di condoglianza, personalizziamo ogni ordine per rispondere alle vostre esigenze specifiche. Soddisfazione del Cliente: La vostra soddisfazione \u00e8 la nostra priorit\u00e0 assoluta. Facciamo tutto il possibile per assicurarci che ogni consegna superi le vostre aspettative.","email":"amministrazione@floranixena.it","telephone":"3806342394","legalName":"Gaetano Votadoro"}]}},"_links":{"self":[{"href":"https:\/\/floranixena.it\/fr\/wp-json\/wp\/v2\/product\/17880","targetHints":{"allow":["GET"]}}],"collection":[{"href":"https:\/\/floranixena.it\/fr\/wp-json\/wp\/v2\/product"}],"about":[{"href":"https:\/\/floranixena.it\/fr\/wp-json\/wp\/v2\/types\/product"}],"replies":[{"embeddable":true,"href":"https:\/\/floranixena.it\/fr\/wp-json\/wp\/v2\/comments?post=17880"}],"wp:featuredmedia":[{"embeddable":true,"href":"https:\/\/floranixena.it\/fr\/wp-json\/wp\/v2\/media\/17881"}],"wp:attachment":[{"href":"https:\/\/floranixena.it\/fr\/wp-json\/wp\/v2\/media?parent=17880"}],"wp:term":[{"taxonomy":"product_brand","embeddable":true,"href":"https:\/\/floranixena.it\/fr\/wp-json\/wp\/v2\/product_brand?post=17880"},{"taxonomy":"product_cat","embeddable":true,"href":"https:\/\/floranixena.it\/fr\/wp-json\/wp\/v2\/product_cat?post=17880"},{"taxonomy":"product_tag","embeddable":true,"href":"https:\/\/floranixena.it\/fr\/wp-json\/wp\/v2\/product_tag?post=17880"}],"curies":[{"name":"wp","href":"https:\/\/api.w.org\/{rel}","templated":true}]}}