{"id":17836,"date":"2025-08-01T15:00:32","date_gmt":"2025-08-01T13:00:32","guid":{"rendered":"https:\/\/floranixena.it\/product\/in-festa\/"},"modified":"2025-09-15T10:08:46","modified_gmt":"2025-09-15T08:08:46","slug":"in-festa","status":"publish","type":"product","link":"https:\/\/floranixena.it\/fr\/produit\/in-festa\/","title":{"rendered":"En F\u00eate"},"content":{"rendered":"<h1>Bouquet de roses rouges et Hyperycum<\/h1>\n<p>Si vous cherchez un moyen d\u2019apporter un peu de joie de No\u00ebl dans votre maison ou celle de vos proches, nous avons la solution parfaite pour vous! Avec notre <strong>bouquet de <a href=\"https:\/\/floranixena.it\/fr\/prodotto\/bouquet-50-rose-rosse-luxury\/\">roses<\/a> et hypericum<\/strong>, vous pouvez profiter de la beaut\u00e9 des <strong>fleurs de No\u00ebl<\/strong> sans avoir \u00e0 quitter votre maison. Nous offrons une livraison \u00e0 domicile \u00e9conomique et rapide, dans toute l\u2019Italie  <\/p>\n<p>Notre bouquet comprend 7 roses blanches avalanche, hypericum rouge, craspedia grise et feuillage d\u00e9coratif de saison. Le r\u00e9sultat final est un merveilleux m\u00e9lange de couleurs, parfait pour d\u00e9corer votre maison ou pour donner un sourire \u00e0 une personne sp\u00e9ciale. <\/p>\n<p>Dans notre entreprise, nous travaillons uniquement avec des fleuristes locaux exp\u00e9riment\u00e9s dans leur m\u00e9tier. Nous garantissons que chaque fleur est de la meilleure qualit\u00e9 et que chaque <strong>bouquet<\/strong> est m\u00e9ticuleusement organis\u00e9. En outre, vous pouvez compter sur nous pour assurer la livraison \u00e0 domicile rapide afin que vos fleurs soient belles et fra\u00eeches quand elles arrivent.  <\/p>\n<p>N\u2019attendez plus, commandez d\u00e8s maintenant votre <strong>bouquet de roses et d&rsquo;hypericum<\/strong> pour les f\u00eates de No\u00ebl et laissez-vous conqu\u00e9rir par la beaut\u00e9 des fleurs!<\/p>\n<p>Parfait pour chaque occasion, vous pouvez \u00eatre s\u00fbr de faire une impression durable avec ce magnifique et unique bouquet de <strong>roses<\/strong>. N\u2019attendez plus, commandez maintenant et laissez-vous s\u00e9duire par la beaut\u00e9 de ces fleurs extraordinaires! <\/p>\n","protected":false},"excerpt":{"rendered":"<ul>\n<li>Roses rouge en grappe<\/li>\n<li>5 Roses rouges velout\u00e9es<\/li>\n<li>Hypericum rouge<\/li>\n<li>Feuillage d\u00e9coratif de saison<\/li>\n<\/ul>\n","protected":false},"featured_media":17837,"comment_status":"open","ping_status":"closed","template":"","meta":[],"product_brand":[],"product_cat":[3285,3287,3273,3274,3275,3262,3276,3259,3288,3270],"product_tag":[3971,3448],"class_list":{"0":"post-17836","1":"product","2":"type-product","3":"status-publish","4":"has-post-thumbnail","6":"product_cat-amitie","7":"product_cat-felicitations","8":"product_cat-fleurs-dautomne","9":"product_cat-fleurs-dhiver","10":"product_cat-fleurs-de-printemps","11":"product_cat-jour-du-nom","12":"product_cat-noel","13":"product_cat-pour-la-femme-ou-la-fiancee","14":"product_cat-pour-remercier-quelquun","15":"product_cat-roses-fr","16":"product_tag-noel","17":"product_tag-roses-blanches","19":"first","20":"instock","21":"shipping-taxable","22":"purchasable","23":"product-type-simple"},"yoast_head":"<!-- This site is optimized with the Yoast SEO Premium plugin v27.4 (Yoast SEO v27.4) - https:\/\/yoast.com\/product\/yoast-seo-premium-wordpress\/ -->\n<title>Bouquet de Roses et Hypericum - FloraNixena Fleurs \u00e0 Domicile<\/title>\n<meta name=\"description\" content=\"Bouquet de No\u00ebl de roses rouges, un cadeau unique pour les f\u00eates. Faites-le livrer \u00e0 domicile m\u00eame le jour o\u00f9 vous voulez avant No\u00ebl.\" \/>\n<meta name=\"robots\" content=\"index, follow, max-snippet:-1, max-image-preview:large, max-video-preview:-1\" \/>\n<link rel=\"canonical\" href=\"https:\/\/floranixena.it\/fr\/produit\/in-festa\/\" \/>\n<meta property=\"og:locale\" content=\"fr_FR\" \/>\n<meta property=\"og:type\" content=\"article\" \/>\n<meta property=\"og:title\" content=\"En F\u00eate\" \/>\n<meta property=\"og:description\" content=\"Roses rouge en grappe  5 Roses rouges velout\u00e9es  Hypericum rouge  Feuillage d\u00e9coratif de saison\" \/>\n<meta property=\"og:url\" content=\"https:\/\/floranixena.it\/fr\/produit\/in-festa\/\" \/>\n<meta property=\"og:site_name\" content=\"FloraNixena - livraison de fleurs et de plantes\" \/>\n<meta property=\"article:publisher\" content=\"https:\/\/www.facebook.com\/FloraNixena\/\" \/>\n<meta property=\"article:modified_time\" content=\"2025-09-15T08:08:46+00:00\" \/>\n<meta property=\"og:image\" content=\"https:\/\/floranixena.it\/wp-content\/uploads\/2018\/12\/bouquet_rose_rosse-e-hypericum-per-natale-da-consegnare-a-domicilio-per-le-festivita-natalizie.jpg\" \/>\n\t<meta property=\"og:image:width\" content=\"800\" \/>\n\t<meta property=\"og:image:height\" content=\"800\" \/>\n\t<meta property=\"og:image:type\" content=\"image\/jpeg\" \/>\n<meta name=\"twitter:card\" content=\"summary_large_image\" \/>\n<meta name=\"twitter:label1\" content=\"Dur\u00e9e de lecture estim\u00e9e\" \/>\n\t<meta name=\"twitter:data1\" content=\"1 minute\" \/>\n<script type=\"application\/ld+json\" class=\"yoast-schema-graph\">{\"@context\":\"https:\\\/\\\/schema.org\",\"@graph\":[{\"@type\":\"WebPage\",\"@id\":\"https:\\\/\\\/floranixena.it\\\/fr\\\/produit\\\/in-festa\\\/\",\"url\":\"https:\\\/\\\/floranixena.it\\\/fr\\\/produit\\\/in-festa\\\/\",\"name\":\"Bouquet de Roses et Hypericum - FloraNixena Fleurs \u00e0 Domicile\",\"isPartOf\":{\"@id\":\"https:\\\/\\\/floranixena.it\\\/fr\\\/#website\"},\"primaryImageOfPage\":{\"@id\":\"https:\\\/\\\/floranixena.it\\\/fr\\\/produit\\\/in-festa\\\/#primaryimage\"},\"image\":{\"@id\":\"https:\\\/\\\/floranixena.it\\\/fr\\\/produit\\\/in-festa\\\/#primaryimage\"},\"thumbnailUrl\":\"https:\\\/\\\/floranixena.it\\\/wp-content\\\/uploads\\\/2018\\\/12\\\/bouquet_rose_rosse-e-hypericum-per-natale-da-consegnare-a-domicilio-per-le-festivita-natalizie.jpg\",\"datePublished\":\"2025-08-01T13:00:32+00:00\",\"dateModified\":\"2025-09-15T08:08:46+00:00\",\"description\":\"Bouquet de No\u00ebl de roses rouges, un cadeau unique pour les f\u00eates. Faites-le livrer \u00e0 domicile m\u00eame le jour o\u00f9 vous voulez avant No\u00ebl.\",\"breadcrumb\":{\"@id\":\"https:\\\/\\\/floranixena.it\\\/fr\\\/produit\\\/in-festa\\\/#breadcrumb\"},\"inLanguage\":\"fr-FR\",\"potentialAction\":[{\"@type\":\"ReadAction\",\"target\":[\"https:\\\/\\\/floranixena.it\\\/fr\\\/produit\\\/in-festa\\\/\"]}]},{\"@type\":\"ImageObject\",\"inLanguage\":\"fr-FR\",\"@id\":\"https:\\\/\\\/floranixena.it\\\/fr\\\/produit\\\/in-festa\\\/#primaryimage\",\"url\":\"https:\\\/\\\/floranixena.it\\\/wp-content\\\/uploads\\\/2018\\\/12\\\/bouquet_rose_rosse-e-hypericum-per-natale-da-consegnare-a-domicilio-per-le-festivita-natalizie.jpg\",\"contentUrl\":\"https:\\\/\\\/floranixena.it\\\/wp-content\\\/uploads\\\/2018\\\/12\\\/bouquet_rose_rosse-e-hypericum-per-natale-da-consegnare-a-domicilio-per-le-festivita-natalizie.jpg\",\"width\":800,\"height\":800,\"caption\":\"Bouquet natalizio di rose rosse, verdure e bacche, legato con un nastro.\"},{\"@type\":\"BreadcrumbList\",\"@id\":\"https:\\\/\\\/floranixena.it\\\/fr\\\/produit\\\/in-festa\\\/#breadcrumb\",\"itemListElement\":[{\"@type\":\"ListItem\",\"position\":1,\"name\":\"Home\",\"item\":\"https:\\\/\\\/floranixena.it\\\/fr\\\/\"},{\"@type\":\"ListItem\",\"position\":2,\"name\":\"Magasin\",\"item\":\"https:\\\/\\\/floranixena.it\\\/fr\\\/magasin\\\/\"},{\"@type\":\"ListItem\",\"position\":3,\"name\":\"En F\u00eate\"}]},{\"@type\":\"WebSite\",\"@id\":\"https:\\\/\\\/floranixena.it\\\/fr\\\/#website\",\"url\":\"https:\\\/\\\/floranixena.it\\\/fr\\\/\",\"name\":\"FloraNixena - Consegna fiori a domicilio in Italia\",\"description\":\"Invia fiori che raccontano storie\",\"publisher\":{\"@id\":\"https:\\\/\\\/floranixena.it\\\/fr\\\/#organization\"},\"alternateName\":\"FloraNixena.it\",\"potentialAction\":[{\"@type\":\"SearchAction\",\"target\":{\"@type\":\"EntryPoint\",\"urlTemplate\":\"https:\\\/\\\/floranixena.it\\\/fr\\\/?s={search_term_string}\"},\"query-input\":{\"@type\":\"PropertyValueSpecification\",\"valueRequired\":true,\"valueName\":\"search_term_string\"}}],\"inLanguage\":\"fr-FR\"},{\"@type\":\"Organization\",\"@id\":\"https:\\\/\\\/floranixena.it\\\/fr\\\/#organization\",\"name\":\"FloraNixena.it - Consegna mazzi di fiori, bouquet e piante a domicilio\",\"url\":\"https:\\\/\\\/floranixena.it\\\/fr\\\/\",\"logo\":{\"@type\":\"ImageObject\",\"inLanguage\":\"fr-FR\",\"@id\":\"https:\\\/\\\/floranixena.it\\\/fr\\\/#\\\/schema\\\/logo\\\/image\\\/\",\"url\":\"https:\\\/\\\/floranixena.it\\\/wp-content\\\/uploads\\\/2018\\\/11\\\/logo-fucsia.png\",\"contentUrl\":\"https:\\\/\\\/floranixena.it\\\/wp-content\\\/uploads\\\/2018\\\/11\\\/logo-fucsia.png\",\"width\":315,\"height\":81,\"caption\":\"FloraNixena.it - Consegna mazzi di fiori, bouquet e piante a domicilio\"},\"image\":{\"@id\":\"https:\\\/\\\/floranixena.it\\\/fr\\\/#\\\/schema\\\/logo\\\/image\\\/\"},\"sameAs\":[\"https:\\\/\\\/www.facebook.com\\\/FloraNixena\\\/\",\"https:\\\/\\\/www.instagram.com\\\/floranixena.it\\\/\",\"https:\\\/\\\/www.youtube.com\\\/channel\\\/UCAfCWXMBezO96jgPjiUgpkA\"],\"description\":\"Chi Siamo? FloraNixena \u00e8 il partner di fiducia per la consegna di fiori freschi a domicilio. Con anni di esperienza nel settore floreale, siamo dedicati a portare la bellezza e la freschezza dei fiori direttamente alla vostra porta. La Nostra Missione La nostra missione \u00e8 trasformare ogni occasione in un momento speciale attraverso la magia dei fiori. Crediamo che un bouquet possa dire pi\u00f9 di mille parole e lavoriamo instancabilmente per assicurarci che ogni consegna porti gioia, amore e bellezza. Cosa Offriamo? Fiori Freschi: Collaboriamo con i migliori fornitori locali per garantire che i nostri fiori siano sempre freschi e di alta qualit\u00e0. Consegna Rapida e Puntuale: Offriamo un servizio di consegna rapido e affidabile, con la possibilit\u00e0 di scegliere la fascia oraria che pi\u00f9 vi conviene. Ampia Selezione: Dalle rose classiche ai bouquet personalizzati, abbiamo una vasta gamma di opzioni per soddisfare ogni gusto e occasione. Assistenza Clienti: Il nostro team \u00e8 sempre a disposizione per assistervi nella scelta del bouquet perfetto e per garantire un'esperienza di acquisto senza intoppi. Perch\u00e9 Sceglierci? Qualit\u00e0 Garantita: Ogni bouquet \u00e8 realizzato con cura dai nostri esperti fioristi, garantendo che ogni composizione sia un'opera d'arte. Servizio Personalizzato: Che sia per un anniversario, un compleanno, una celebrazione o un momento di condoglianza, personalizziamo ogni ordine per rispondere alle vostre esigenze specifiche. Soddisfazione del Cliente: La vostra soddisfazione \u00e8 la nostra priorit\u00e0 assoluta. Facciamo tutto il possibile per assicurarci che ogni consegna superi le vostre aspettative.\",\"email\":\"amministrazione@floranixena.it\",\"telephone\":\"3806342394\",\"legalName\":\"Gaetano Votadoro\"}]}<\/script>\n<!-- \/ Yoast SEO Premium plugin. -->","yoast_head_json":{"title":"Bouquet de Roses et Hypericum - FloraNixena Fleurs \u00e0 Domicile","description":"Bouquet de No\u00ebl de roses rouges, un cadeau unique pour les f\u00eates. Faites-le livrer \u00e0 domicile m\u00eame le jour o\u00f9 vous voulez avant No\u00ebl.","robots":{"index":"index","follow":"follow","max-snippet":"max-snippet:-1","max-image-preview":"max-image-preview:large","max-video-preview":"max-video-preview:-1"},"canonical":"https:\/\/floranixena.it\/fr\/produit\/in-festa\/","og_locale":"fr_FR","og_type":"article","og_title":"En F\u00eate","og_description":"Roses rouge en grappe  5 Roses rouges velout\u00e9es  Hypericum rouge  Feuillage d\u00e9coratif de saison","og_url":"https:\/\/floranixena.it\/fr\/produit\/in-festa\/","og_site_name":"FloraNixena - livraison de fleurs et de plantes","article_publisher":"https:\/\/www.facebook.com\/FloraNixena\/","article_modified_time":"2025-09-15T08:08:46+00:00","og_image":[{"width":800,"height":800,"url":"https:\/\/floranixena.it\/wp-content\/uploads\/2018\/12\/bouquet_rose_rosse-e-hypericum-per-natale-da-consegnare-a-domicilio-per-le-festivita-natalizie.jpg","type":"image\/jpeg"}],"twitter_card":"summary_large_image","twitter_misc":{"Dur\u00e9e de lecture estim\u00e9e":"1 minute"},"schema":{"@context":"https:\/\/schema.org","@graph":[{"@type":"WebPage","@id":"https:\/\/floranixena.it\/fr\/produit\/in-festa\/","url":"https:\/\/floranixena.it\/fr\/produit\/in-festa\/","name":"Bouquet de Roses et Hypericum - FloraNixena Fleurs \u00e0 Domicile","isPartOf":{"@id":"https:\/\/floranixena.it\/fr\/#website"},"primaryImageOfPage":{"@id":"https:\/\/floranixena.it\/fr\/produit\/in-festa\/#primaryimage"},"image":{"@id":"https:\/\/floranixena.it\/fr\/produit\/in-festa\/#primaryimage"},"thumbnailUrl":"https:\/\/floranixena.it\/wp-content\/uploads\/2018\/12\/bouquet_rose_rosse-e-hypericum-per-natale-da-consegnare-a-domicilio-per-le-festivita-natalizie.jpg","datePublished":"2025-08-01T13:00:32+00:00","dateModified":"2025-09-15T08:08:46+00:00","description":"Bouquet de No\u00ebl de roses rouges, un cadeau unique pour les f\u00eates. Faites-le livrer \u00e0 domicile m\u00eame le jour o\u00f9 vous voulez avant No\u00ebl.","breadcrumb":{"@id":"https:\/\/floranixena.it\/fr\/produit\/in-festa\/#breadcrumb"},"inLanguage":"fr-FR","potentialAction":[{"@type":"ReadAction","target":["https:\/\/floranixena.it\/fr\/produit\/in-festa\/"]}]},{"@type":"ImageObject","inLanguage":"fr-FR","@id":"https:\/\/floranixena.it\/fr\/produit\/in-festa\/#primaryimage","url":"https:\/\/floranixena.it\/wp-content\/uploads\/2018\/12\/bouquet_rose_rosse-e-hypericum-per-natale-da-consegnare-a-domicilio-per-le-festivita-natalizie.jpg","contentUrl":"https:\/\/floranixena.it\/wp-content\/uploads\/2018\/12\/bouquet_rose_rosse-e-hypericum-per-natale-da-consegnare-a-domicilio-per-le-festivita-natalizie.jpg","width":800,"height":800,"caption":"Bouquet natalizio di rose rosse, verdure e bacche, legato con un nastro."},{"@type":"BreadcrumbList","@id":"https:\/\/floranixena.it\/fr\/produit\/in-festa\/#breadcrumb","itemListElement":[{"@type":"ListItem","position":1,"name":"Home","item":"https:\/\/floranixena.it\/fr\/"},{"@type":"ListItem","position":2,"name":"Magasin","item":"https:\/\/floranixena.it\/fr\/magasin\/"},{"@type":"ListItem","position":3,"name":"En F\u00eate"}]},{"@type":"WebSite","@id":"https:\/\/floranixena.it\/fr\/#website","url":"https:\/\/floranixena.it\/fr\/","name":"FloraNixena - Consegna fiori a domicilio in Italia","description":"Invia fiori che raccontano storie","publisher":{"@id":"https:\/\/floranixena.it\/fr\/#organization"},"alternateName":"FloraNixena.it","potentialAction":[{"@type":"SearchAction","target":{"@type":"EntryPoint","urlTemplate":"https:\/\/floranixena.it\/fr\/?s={search_term_string}"},"query-input":{"@type":"PropertyValueSpecification","valueRequired":true,"valueName":"search_term_string"}}],"inLanguage":"fr-FR"},{"@type":"Organization","@id":"https:\/\/floranixena.it\/fr\/#organization","name":"FloraNixena.it - Consegna mazzi di fiori, bouquet e piante a domicilio","url":"https:\/\/floranixena.it\/fr\/","logo":{"@type":"ImageObject","inLanguage":"fr-FR","@id":"https:\/\/floranixena.it\/fr\/#\/schema\/logo\/image\/","url":"https:\/\/floranixena.it\/wp-content\/uploads\/2018\/11\/logo-fucsia.png","contentUrl":"https:\/\/floranixena.it\/wp-content\/uploads\/2018\/11\/logo-fucsia.png","width":315,"height":81,"caption":"FloraNixena.it - Consegna mazzi di fiori, bouquet e piante a domicilio"},"image":{"@id":"https:\/\/floranixena.it\/fr\/#\/schema\/logo\/image\/"},"sameAs":["https:\/\/www.facebook.com\/FloraNixena\/","https:\/\/www.instagram.com\/floranixena.it\/","https:\/\/www.youtube.com\/channel\/UCAfCWXMBezO96jgPjiUgpkA"],"description":"Chi Siamo? FloraNixena \u00e8 il partner di fiducia per la consegna di fiori freschi a domicilio. Con anni di esperienza nel settore floreale, siamo dedicati a portare la bellezza e la freschezza dei fiori direttamente alla vostra porta. La Nostra Missione La nostra missione \u00e8 trasformare ogni occasione in un momento speciale attraverso la magia dei fiori. Crediamo che un bouquet possa dire pi\u00f9 di mille parole e lavoriamo instancabilmente per assicurarci che ogni consegna porti gioia, amore e bellezza. Cosa Offriamo? Fiori Freschi: Collaboriamo con i migliori fornitori locali per garantire che i nostri fiori siano sempre freschi e di alta qualit\u00e0. Consegna Rapida e Puntuale: Offriamo un servizio di consegna rapido e affidabile, con la possibilit\u00e0 di scegliere la fascia oraria che pi\u00f9 vi conviene. Ampia Selezione: Dalle rose classiche ai bouquet personalizzati, abbiamo una vasta gamma di opzioni per soddisfare ogni gusto e occasione. Assistenza Clienti: Il nostro team \u00e8 sempre a disposizione per assistervi nella scelta del bouquet perfetto e per garantire un'esperienza di acquisto senza intoppi. Perch\u00e9 Sceglierci? Qualit\u00e0 Garantita: Ogni bouquet \u00e8 realizzato con cura dai nostri esperti fioristi, garantendo che ogni composizione sia un'opera d'arte. Servizio Personalizzato: Che sia per un anniversario, un compleanno, una celebrazione o un momento di condoglianza, personalizziamo ogni ordine per rispondere alle vostre esigenze specifiche. Soddisfazione del Cliente: La vostra soddisfazione \u00e8 la nostra priorit\u00e0 assoluta. Facciamo tutto il possibile per assicurarci che ogni consegna superi le vostre aspettative.","email":"amministrazione@floranixena.it","telephone":"3806342394","legalName":"Gaetano Votadoro"}]}},"_links":{"self":[{"href":"https:\/\/floranixena.it\/fr\/wp-json\/wp\/v2\/product\/17836","targetHints":{"allow":["GET"]}}],"collection":[{"href":"https:\/\/floranixena.it\/fr\/wp-json\/wp\/v2\/product"}],"about":[{"href":"https:\/\/floranixena.it\/fr\/wp-json\/wp\/v2\/types\/product"}],"replies":[{"embeddable":true,"href":"https:\/\/floranixena.it\/fr\/wp-json\/wp\/v2\/comments?post=17836"}],"wp:featuredmedia":[{"embeddable":true,"href":"https:\/\/floranixena.it\/fr\/wp-json\/wp\/v2\/media\/17837"}],"wp:attachment":[{"href":"https:\/\/floranixena.it\/fr\/wp-json\/wp\/v2\/media?parent=17836"}],"wp:term":[{"taxonomy":"product_brand","embeddable":true,"href":"https:\/\/floranixena.it\/fr\/wp-json\/wp\/v2\/product_brand?post=17836"},{"taxonomy":"product_cat","embeddable":true,"href":"https:\/\/floranixena.it\/fr\/wp-json\/wp\/v2\/product_cat?post=17836"},{"taxonomy":"product_tag","embeddable":true,"href":"https:\/\/floranixena.it\/fr\/wp-json\/wp\/v2\/product_tag?post=17836"}],"curies":[{"name":"wp","href":"https:\/\/api.w.org\/{rel}","templated":true}]}}