{"id":17792,"date":"2025-08-04T09:00:09","date_gmt":"2025-08-04T07:00:09","guid":{"rendered":"https:\/\/floranixena.it\/product\/corona-funebre-arancio\/"},"modified":"2025-09-11T10:31:03","modified_gmt":"2025-09-11T08:31:03","slug":"corona-funebre-arancio","status":"publish","type":"product","link":"https:\/\/floranixena.it\/fr\/produit\/corona-funebre-arancio\/","title":{"rendered":"Couronne fun\u00e8bre orange"},"content":{"rendered":"<h1><a href=\"https:\/\/floranixena.it\/fr\/prodotto\/corona-funebre-colorata\/\">Couronne pour fun\u00e9railles<\/a><\/h1>\n<p>La perte d\u2019un \u00eatre cher est un moment de profonde tristesse et de douleur, et rendre hommage au d\u00e9funt avec une <a href=\"https:\/\/floranixena.it\/fr\/prodotto\/corona-funebre-colorata\/\" target=\"_blank\" rel=\"noopener\"><strong>guirlande fun\u00e8bre de fleurs<\/strong><\/a> est une fa\u00e7on d\u00e9licate d\u2019exprimer ses condol\u00e9ances. Notre <a href=\"https:\/\/floranixena.it\/fr\/prodotto\/corona-funebre-rosa\/\">couronne fun\u00e8bre<\/a> avec des gerberas orange vibrants, une couronne de roses en grappes et des fleurs de cerisier est un choix parfait pour un hommage \u00e9l\u00e9gant et significatif, adapt\u00e9 pour \u00eatre remis \u00e0 l\u2019\u00e9glise pendant les fun\u00e9railles, partout en Italie. <\/p>\n<p><strong>Gerbera orange: Symbole de Force et de Vitalit\u00e9<\/strong><\/p>\n<p>Les gerberas orange vibreurs sont au c\u0153ur de cette guirlande. Ces fleurs lumineuses et solaires repr\u00e9sentent la force, la vitalit\u00e9 et l\u2019\u00e9nergie, apportant une touche de couleur et d\u2019espoir dans un moment si difficile. Le <strong>gerbera orange<\/strong>, avec ses p\u00e9tales larges et vifs, est un symbole d\u2019optimisme et de positivit\u00e9, id\u00e9al pour c\u00e9l\u00e9brer la vie et l\u2019h\u00e9ritage laiss\u00e9 par le <a href=\"https:\/\/floranixena.it\/fr\/prodotto\/spirito\/\">d\u00e9funt<\/a>.  <\/p>\n<p><strong>Couronne de roses: \u00e9l\u00e9gance et amour<\/strong><\/p>\n<p>La <a href=\"https:\/\/floranixena.it\/fr\/prodotto\/corona-funebre-colorata\/\" target=\"_blank\" rel=\"noopener\"><strong>couronne<\/strong><\/a> de roses cluster ajoute une touche d\u2019\u00e9l\u00e9gance et de raffinement \u00e0 la guirlande. Les roses ont toujours \u00e9t\u00e9 associ\u00e9es \u00e0 l\u2019amour, la gr\u00e2ce et la beaut\u00e9. Les roses en grappes, avec leurs petits bourgeons rassembl\u00e9s ensemble, repr\u00e9sentent l\u2019union et la connexion, symbolisant l\u2019amour \u00e9ternel et les liens affectifs qui survivent m\u00eame \u00e0 la mort. Cet \u00e9l\u00e9ment fait de la guirlande un message d\u2019amour et d\u2019affection pour ceux qui nous ont quitt\u00e9s.   <\/p>\n<p><strong>Fleurs de Cerisier: Contraste D\u00e9licat et Beaut\u00e9 \u00c9ph\u00e9m\u00e8re<\/strong><\/p>\n<p>Les fleurs de cerisier, avec leur beaut\u00e9 d\u00e9licate, ajoutent un contraste fascinant \u00e0 la couronne. Ces fleurs repr\u00e9sentent la beaut\u00e9 \u00e9ph\u00e9m\u00e8re de la vie, un rappel de la fragilit\u00e9 et du caract\u00e8re transitoire de l\u2019existence. Leur couleur douce et leur forme \u00e9l\u00e9gante apportent une touche de s\u00e9r\u00e9nit\u00e9 et de r\u00e9flexion, compl\u00e9tant harmonieusement la <a href=\"https:\/\/floranixena.it\/fr\/prodotto\/corona-funebre-rosa-2\/\">composition florale<\/a> pour les fun\u00e9railles.  <\/p>\n<p>Nous offrons un service de livraison \u00e0 l\u2019\u00e9glise pour toute l\u2019Italie, garantissant que la couronne fun\u00e8bre arrive \u00e0 temps et en parfait \u00e9tat. Chaque couronne est pr\u00e9par\u00e9e avec soin par nos fleuristes experts, en utilisant uniquement des fleurs fra\u00eeches et de haute qualit\u00e9. Nous savons combien ce geste est important et nous nous engageons \u00e0 rendre chaque hommage floral un hommage digne et respectueux.  <\/p>\n","protected":false},"excerpt":{"rendered":"<ul>\n<li>Gerberas orange<\/li>\n<li>Roses orange<\/li>\n<li>Fleurs de cerisier<\/li>\n<li>Crisantemino vert<\/li>\n<li>Crisantemino violet<\/li>\n<li>Vert d\u00e9coratif<\/li>\n<li><strong>Livraison gratuite<\/strong><\/li>\n<\/ul>\n<p>Vase non inclus<\/p>\n","protected":false},"featured_media":17793,"comment_status":"open","ping_status":"closed","template":"","meta":[],"product_brand":[],"product_cat":[3904],"product_tag":[3908,3910,4125,4124,3909,4131,4136,4128,4055,4133,4129,4130,4135,4132,4134,3907,3906,4126,4127,4054],"class_list":{"0":"post-17792","1":"product","2":"type-product","3":"status-publish","4":"has-post-thumbnail","6":"product_cat-funerailles","7":"product_tag-cimetiere","8":"product_tag-condoleances","9":"product_tag-couronne-funebre-avec-gerberas","10":"product_tag-deces-dune-personne-agee","11":"product_tag-eglise","12":"product_tag-envoi-de-fleurs-pour-funerailles","13":"product_tag-envoyer-des-fleurs-a-leglise-a-milano","14":"product_tag-envoyer-des-fleurs-pour-funerailles","15":"product_tag-envoyer-des-fleurs-pour-le-deuil","16":"product_tag-envoyer-des-fleurs-pour-le-deuil-fr","17":"product_tag-envoyer-des-fleurs-pour-les-funerailles","18":"product_tag-envoyer-des-fleurs-pour-les-funerailles-fr","19":"product_tag-envoyer-des-fleurs-pour-un-enterrement-fr-2","20":"product_tag-envoyer-des-fleurs-pour-un-enterrement","21":"product_tag-envoyer-des-fleurs-pour-un-enterrement-fr","22":"product_tag-fleurs-pour-le-deuil","23":"product_tag-funerailles","24":"product_tag-livraison-de-fleurs-funerailles","25":"product_tag-livraison-de-fleurs-funeraires-roma","26":"product_tag-livraison-de-fleurs-pour-les-funerailles","28":"first","29":"instock","30":"shipping-taxable","31":"purchasable","32":"product-type-simple"},"yoast_head":"<!-- This site is optimized with the Yoast SEO Premium plugin v27.4 (Yoast SEO v27.4) - https:\/\/yoast.com\/product\/yoast-seo-premium-wordpress\/ -->\n<title>Couronne de Gerberas et Roses - FloraNixena Livraison de Fleurs Fun\u00e9railles<\/title>\n<meta name=\"description\" content=\"Bouquet de deuil avec gerberas, roses et guirlande. Indiqu\u00e9 pour envoyer vos condol\u00e9ances pour la mort d\u2019un\/a jeune. Livraison aussi \u00e0 l\u2019\u00e9glise et aux fun\u00e9railles.\" \/>\n<meta name=\"robots\" content=\"index, follow, max-snippet:-1, max-image-preview:large, max-video-preview:-1\" \/>\n<link rel=\"canonical\" href=\"https:\/\/floranixena.it\/fr\/produit\/corona-funebre-arancio\/\" \/>\n<meta property=\"og:locale\" content=\"fr_FR\" \/>\n<meta property=\"og:type\" content=\"article\" \/>\n<meta property=\"og:title\" content=\"Couronne fun\u00e8bre orange\" \/>\n<meta property=\"og:description\" content=\"Gerberas orange  Roses orange  Fleurs de cerisier  Crisantemino vert  Crisantemino violet  Vert d\u00e9coratif  Livraison gratuite Vase non inclus\" \/>\n<meta property=\"og:url\" content=\"https:\/\/floranixena.it\/fr\/produit\/corona-funebre-arancio\/\" \/>\n<meta property=\"og:site_name\" content=\"FloraNixena - livraison de fleurs et de plantes\" \/>\n<meta property=\"article:publisher\" content=\"https:\/\/www.facebook.com\/FloraNixena\/\" \/>\n<meta property=\"article:modified_time\" content=\"2025-09-11T08:31:03+00:00\" \/>\n<meta property=\"og:image\" content=\"https:\/\/floranixena.it\/wp-content\/uploads\/2019\/05\/corona-funebre-rossa-con-gerbere-e-rose-adatta-per-funerale-in-qualsiasi-citt\u00e0-di-italia-con-consegna-a-domicilio-o-in-chiesa.jpg\" \/>\n\t<meta property=\"og:image:width\" content=\"800\" \/>\n\t<meta property=\"og:image:height\" content=\"800\" \/>\n\t<meta property=\"og:image:type\" content=\"image\/jpeg\" \/>\n<meta name=\"twitter:card\" content=\"summary_large_image\" \/>\n<meta name=\"twitter:label1\" content=\"Dur\u00e9e de lecture estim\u00e9e\" \/>\n\t<meta name=\"twitter:data1\" content=\"2 minutes\" \/>\n<script type=\"application\/ld+json\" class=\"yoast-schema-graph\">{\"@context\":\"https:\\\/\\\/schema.org\",\"@graph\":[{\"@type\":\"WebPage\",\"@id\":\"https:\\\/\\\/floranixena.it\\\/fr\\\/produit\\\/corona-funebre-arancio\\\/\",\"url\":\"https:\\\/\\\/floranixena.it\\\/fr\\\/produit\\\/corona-funebre-arancio\\\/\",\"name\":\"Couronne de Gerberas et Roses - FloraNixena Livraison de Fleurs Fun\u00e9railles\",\"isPartOf\":{\"@id\":\"https:\\\/\\\/floranixena.it\\\/fr\\\/#website\"},\"primaryImageOfPage\":{\"@id\":\"https:\\\/\\\/floranixena.it\\\/fr\\\/produit\\\/corona-funebre-arancio\\\/#primaryimage\"},\"image\":{\"@id\":\"https:\\\/\\\/floranixena.it\\\/fr\\\/produit\\\/corona-funebre-arancio\\\/#primaryimage\"},\"thumbnailUrl\":\"https:\\\/\\\/floranixena.it\\\/wp-content\\\/uploads\\\/2019\\\/05\\\/corona-funebre-rossa-con-gerbere-e-rose-adatta-per-funerale-in-qualsiasi-citt\u00e0-di-italia-con-consegna-a-domicilio-o-in-chiesa.jpg\",\"datePublished\":\"2025-08-04T07:00:09+00:00\",\"dateModified\":\"2025-09-11T08:31:03+00:00\",\"description\":\"Bouquet de deuil avec gerberas, roses et guirlande. Indiqu\u00e9 pour envoyer vos condol\u00e9ances pour la mort d\u2019un\\\/a jeune. Livraison aussi \u00e0 l\u2019\u00e9glise et aux fun\u00e9railles.\",\"breadcrumb\":{\"@id\":\"https:\\\/\\\/floranixena.it\\\/fr\\\/produit\\\/corona-funebre-arancio\\\/#breadcrumb\"},\"inLanguage\":\"fr-FR\",\"potentialAction\":[{\"@type\":\"ReadAction\",\"target\":[\"https:\\\/\\\/floranixena.it\\\/fr\\\/produit\\\/corona-funebre-arancio\\\/\"]}]},{\"@type\":\"ImageObject\",\"inLanguage\":\"fr-FR\",\"@id\":\"https:\\\/\\\/floranixena.it\\\/fr\\\/produit\\\/corona-funebre-arancio\\\/#primaryimage\",\"url\":\"https:\\\/\\\/floranixena.it\\\/wp-content\\\/uploads\\\/2019\\\/05\\\/corona-funebre-rossa-con-gerbere-e-rose-adatta-per-funerale-in-qualsiasi-citt\u00e0-di-italia-con-consegna-a-domicilio-o-in-chiesa.jpg\",\"contentUrl\":\"https:\\\/\\\/floranixena.it\\\/wp-content\\\/uploads\\\/2019\\\/05\\\/corona-funebre-rossa-con-gerbere-e-rose-adatta-per-funerale-in-qualsiasi-citt\u00e0-di-italia-con-consegna-a-domicilio-o-in-chiesa.jpg\",\"width\":800,\"height\":800,\"caption\":\"Couronne fun\u00e8bre rouge avec gerberas et roses \u00e0 livrer \u00e0 domicile dans toute l\u2019Italie, \u00e9glise et fun\u00e9railles\"},{\"@type\":\"BreadcrumbList\",\"@id\":\"https:\\\/\\\/floranixena.it\\\/fr\\\/produit\\\/corona-funebre-arancio\\\/#breadcrumb\",\"itemListElement\":[{\"@type\":\"ListItem\",\"position\":1,\"name\":\"Home\",\"item\":\"https:\\\/\\\/floranixena.it\\\/fr\\\/\"},{\"@type\":\"ListItem\",\"position\":2,\"name\":\"Magasin\",\"item\":\"https:\\\/\\\/floranixena.it\\\/fr\\\/magasin\\\/\"},{\"@type\":\"ListItem\",\"position\":3,\"name\":\"Couronne fun\u00e8bre orange\"}]},{\"@type\":\"WebSite\",\"@id\":\"https:\\\/\\\/floranixena.it\\\/fr\\\/#website\",\"url\":\"https:\\\/\\\/floranixena.it\\\/fr\\\/\",\"name\":\"FloraNixena - Consegna fiori a domicilio in Italia\",\"description\":\"Invia fiori che raccontano storie\",\"publisher\":{\"@id\":\"https:\\\/\\\/floranixena.it\\\/fr\\\/#organization\"},\"alternateName\":\"FloraNixena.it\",\"potentialAction\":[{\"@type\":\"SearchAction\",\"target\":{\"@type\":\"EntryPoint\",\"urlTemplate\":\"https:\\\/\\\/floranixena.it\\\/fr\\\/?s={search_term_string}\"},\"query-input\":{\"@type\":\"PropertyValueSpecification\",\"valueRequired\":true,\"valueName\":\"search_term_string\"}}],\"inLanguage\":\"fr-FR\"},{\"@type\":\"Organization\",\"@id\":\"https:\\\/\\\/floranixena.it\\\/fr\\\/#organization\",\"name\":\"FloraNixena.it - Consegna mazzi di fiori, bouquet e piante a domicilio\",\"url\":\"https:\\\/\\\/floranixena.it\\\/fr\\\/\",\"logo\":{\"@type\":\"ImageObject\",\"inLanguage\":\"fr-FR\",\"@id\":\"https:\\\/\\\/floranixena.it\\\/fr\\\/#\\\/schema\\\/logo\\\/image\\\/\",\"url\":\"https:\\\/\\\/floranixena.it\\\/wp-content\\\/uploads\\\/2018\\\/11\\\/logo-fucsia.png\",\"contentUrl\":\"https:\\\/\\\/floranixena.it\\\/wp-content\\\/uploads\\\/2018\\\/11\\\/logo-fucsia.png\",\"width\":315,\"height\":81,\"caption\":\"FloraNixena.it - Consegna mazzi di fiori, bouquet e piante a domicilio\"},\"image\":{\"@id\":\"https:\\\/\\\/floranixena.it\\\/fr\\\/#\\\/schema\\\/logo\\\/image\\\/\"},\"sameAs\":[\"https:\\\/\\\/www.facebook.com\\\/FloraNixena\\\/\",\"https:\\\/\\\/www.instagram.com\\\/floranixena.it\\\/\",\"https:\\\/\\\/www.youtube.com\\\/channel\\\/UCAfCWXMBezO96jgPjiUgpkA\"],\"description\":\"Chi Siamo? FloraNixena \u00e8 il partner di fiducia per la consegna di fiori freschi a domicilio. Con anni di esperienza nel settore floreale, siamo dedicati a portare la bellezza e la freschezza dei fiori direttamente alla vostra porta. La Nostra Missione La nostra missione \u00e8 trasformare ogni occasione in un momento speciale attraverso la magia dei fiori. Crediamo che un bouquet possa dire pi\u00f9 di mille parole e lavoriamo instancabilmente per assicurarci che ogni consegna porti gioia, amore e bellezza. Cosa Offriamo? Fiori Freschi: Collaboriamo con i migliori fornitori locali per garantire che i nostri fiori siano sempre freschi e di alta qualit\u00e0. Consegna Rapida e Puntuale: Offriamo un servizio di consegna rapido e affidabile, con la possibilit\u00e0 di scegliere la fascia oraria che pi\u00f9 vi conviene. Ampia Selezione: Dalle rose classiche ai bouquet personalizzati, abbiamo una vasta gamma di opzioni per soddisfare ogni gusto e occasione. Assistenza Clienti: Il nostro team \u00e8 sempre a disposizione per assistervi nella scelta del bouquet perfetto e per garantire un'esperienza di acquisto senza intoppi. Perch\u00e9 Sceglierci? Qualit\u00e0 Garantita: Ogni bouquet \u00e8 realizzato con cura dai nostri esperti fioristi, garantendo che ogni composizione sia un'opera d'arte. Servizio Personalizzato: Che sia per un anniversario, un compleanno, una celebrazione o un momento di condoglianza, personalizziamo ogni ordine per rispondere alle vostre esigenze specifiche. Soddisfazione del Cliente: La vostra soddisfazione \u00e8 la nostra priorit\u00e0 assoluta. Facciamo tutto il possibile per assicurarci che ogni consegna superi le vostre aspettative.\",\"email\":\"amministrazione@floranixena.it\",\"telephone\":\"3806342394\",\"legalName\":\"Gaetano Votadoro\"}]}<\/script>\n<!-- \/ Yoast SEO Premium plugin. -->","yoast_head_json":{"title":"Couronne de Gerberas et Roses - FloraNixena Livraison de Fleurs Fun\u00e9railles","description":"Bouquet de deuil avec gerberas, roses et guirlande. Indiqu\u00e9 pour envoyer vos condol\u00e9ances pour la mort d\u2019un\/a jeune. Livraison aussi \u00e0 l\u2019\u00e9glise et aux fun\u00e9railles.","robots":{"index":"index","follow":"follow","max-snippet":"max-snippet:-1","max-image-preview":"max-image-preview:large","max-video-preview":"max-video-preview:-1"},"canonical":"https:\/\/floranixena.it\/fr\/produit\/corona-funebre-arancio\/","og_locale":"fr_FR","og_type":"article","og_title":"Couronne fun\u00e8bre orange","og_description":"Gerberas orange  Roses orange  Fleurs de cerisier  Crisantemino vert  Crisantemino violet  Vert d\u00e9coratif  Livraison gratuite Vase non inclus","og_url":"https:\/\/floranixena.it\/fr\/produit\/corona-funebre-arancio\/","og_site_name":"FloraNixena - livraison de fleurs et de plantes","article_publisher":"https:\/\/www.facebook.com\/FloraNixena\/","article_modified_time":"2025-09-11T08:31:03+00:00","og_image":[{"width":800,"height":800,"url":"https:\/\/floranixena.it\/wp-content\/uploads\/2019\/05\/corona-funebre-rossa-con-gerbere-e-rose-adatta-per-funerale-in-qualsiasi-citt\u00e0-di-italia-con-consegna-a-domicilio-o-in-chiesa.jpg","type":"image\/jpeg"}],"twitter_card":"summary_large_image","twitter_misc":{"Dur\u00e9e de lecture estim\u00e9e":"2 minutes"},"schema":{"@context":"https:\/\/schema.org","@graph":[{"@type":"WebPage","@id":"https:\/\/floranixena.it\/fr\/produit\/corona-funebre-arancio\/","url":"https:\/\/floranixena.it\/fr\/produit\/corona-funebre-arancio\/","name":"Couronne de Gerberas et Roses - FloraNixena Livraison de Fleurs Fun\u00e9railles","isPartOf":{"@id":"https:\/\/floranixena.it\/fr\/#website"},"primaryImageOfPage":{"@id":"https:\/\/floranixena.it\/fr\/produit\/corona-funebre-arancio\/#primaryimage"},"image":{"@id":"https:\/\/floranixena.it\/fr\/produit\/corona-funebre-arancio\/#primaryimage"},"thumbnailUrl":"https:\/\/floranixena.it\/wp-content\/uploads\/2019\/05\/corona-funebre-rossa-con-gerbere-e-rose-adatta-per-funerale-in-qualsiasi-citt\u00e0-di-italia-con-consegna-a-domicilio-o-in-chiesa.jpg","datePublished":"2025-08-04T07:00:09+00:00","dateModified":"2025-09-11T08:31:03+00:00","description":"Bouquet de deuil avec gerberas, roses et guirlande. Indiqu\u00e9 pour envoyer vos condol\u00e9ances pour la mort d\u2019un\/a jeune. Livraison aussi \u00e0 l\u2019\u00e9glise et aux fun\u00e9railles.","breadcrumb":{"@id":"https:\/\/floranixena.it\/fr\/produit\/corona-funebre-arancio\/#breadcrumb"},"inLanguage":"fr-FR","potentialAction":[{"@type":"ReadAction","target":["https:\/\/floranixena.it\/fr\/produit\/corona-funebre-arancio\/"]}]},{"@type":"ImageObject","inLanguage":"fr-FR","@id":"https:\/\/floranixena.it\/fr\/produit\/corona-funebre-arancio\/#primaryimage","url":"https:\/\/floranixena.it\/wp-content\/uploads\/2019\/05\/corona-funebre-rossa-con-gerbere-e-rose-adatta-per-funerale-in-qualsiasi-citt\u00e0-di-italia-con-consegna-a-domicilio-o-in-chiesa.jpg","contentUrl":"https:\/\/floranixena.it\/wp-content\/uploads\/2019\/05\/corona-funebre-rossa-con-gerbere-e-rose-adatta-per-funerale-in-qualsiasi-citt\u00e0-di-italia-con-consegna-a-domicilio-o-in-chiesa.jpg","width":800,"height":800,"caption":"Couronne fun\u00e8bre rouge avec gerberas et roses \u00e0 livrer \u00e0 domicile dans toute l\u2019Italie, \u00e9glise et fun\u00e9railles"},{"@type":"BreadcrumbList","@id":"https:\/\/floranixena.it\/fr\/produit\/corona-funebre-arancio\/#breadcrumb","itemListElement":[{"@type":"ListItem","position":1,"name":"Home","item":"https:\/\/floranixena.it\/fr\/"},{"@type":"ListItem","position":2,"name":"Magasin","item":"https:\/\/floranixena.it\/fr\/magasin\/"},{"@type":"ListItem","position":3,"name":"Couronne fun\u00e8bre orange"}]},{"@type":"WebSite","@id":"https:\/\/floranixena.it\/fr\/#website","url":"https:\/\/floranixena.it\/fr\/","name":"FloraNixena - Consegna fiori a domicilio in Italia","description":"Invia fiori che raccontano storie","publisher":{"@id":"https:\/\/floranixena.it\/fr\/#organization"},"alternateName":"FloraNixena.it","potentialAction":[{"@type":"SearchAction","target":{"@type":"EntryPoint","urlTemplate":"https:\/\/floranixena.it\/fr\/?s={search_term_string}"},"query-input":{"@type":"PropertyValueSpecification","valueRequired":true,"valueName":"search_term_string"}}],"inLanguage":"fr-FR"},{"@type":"Organization","@id":"https:\/\/floranixena.it\/fr\/#organization","name":"FloraNixena.it - Consegna mazzi di fiori, bouquet e piante a domicilio","url":"https:\/\/floranixena.it\/fr\/","logo":{"@type":"ImageObject","inLanguage":"fr-FR","@id":"https:\/\/floranixena.it\/fr\/#\/schema\/logo\/image\/","url":"https:\/\/floranixena.it\/wp-content\/uploads\/2018\/11\/logo-fucsia.png","contentUrl":"https:\/\/floranixena.it\/wp-content\/uploads\/2018\/11\/logo-fucsia.png","width":315,"height":81,"caption":"FloraNixena.it - Consegna mazzi di fiori, bouquet e piante a domicilio"},"image":{"@id":"https:\/\/floranixena.it\/fr\/#\/schema\/logo\/image\/"},"sameAs":["https:\/\/www.facebook.com\/FloraNixena\/","https:\/\/www.instagram.com\/floranixena.it\/","https:\/\/www.youtube.com\/channel\/UCAfCWXMBezO96jgPjiUgpkA"],"description":"Chi Siamo? FloraNixena \u00e8 il partner di fiducia per la consegna di fiori freschi a domicilio. Con anni di esperienza nel settore floreale, siamo dedicati a portare la bellezza e la freschezza dei fiori direttamente alla vostra porta. La Nostra Missione La nostra missione \u00e8 trasformare ogni occasione in un momento speciale attraverso la magia dei fiori. Crediamo che un bouquet possa dire pi\u00f9 di mille parole e lavoriamo instancabilmente per assicurarci che ogni consegna porti gioia, amore e bellezza. Cosa Offriamo? Fiori Freschi: Collaboriamo con i migliori fornitori locali per garantire che i nostri fiori siano sempre freschi e di alta qualit\u00e0. Consegna Rapida e Puntuale: Offriamo un servizio di consegna rapido e affidabile, con la possibilit\u00e0 di scegliere la fascia oraria che pi\u00f9 vi conviene. Ampia Selezione: Dalle rose classiche ai bouquet personalizzati, abbiamo una vasta gamma di opzioni per soddisfare ogni gusto e occasione. Assistenza Clienti: Il nostro team \u00e8 sempre a disposizione per assistervi nella scelta del bouquet perfetto e per garantire un'esperienza di acquisto senza intoppi. Perch\u00e9 Sceglierci? Qualit\u00e0 Garantita: Ogni bouquet \u00e8 realizzato con cura dai nostri esperti fioristi, garantendo che ogni composizione sia un'opera d'arte. Servizio Personalizzato: Che sia per un anniversario, un compleanno, una celebrazione o un momento di condoglianza, personalizziamo ogni ordine per rispondere alle vostre esigenze specifiche. Soddisfazione del Cliente: La vostra soddisfazione \u00e8 la nostra priorit\u00e0 assoluta. Facciamo tutto il possibile per assicurarci che ogni consegna superi le vostre aspettative.","email":"amministrazione@floranixena.it","telephone":"3806342394","legalName":"Gaetano Votadoro"}]}},"_links":{"self":[{"href":"https:\/\/floranixena.it\/fr\/wp-json\/wp\/v2\/product\/17792","targetHints":{"allow":["GET"]}}],"collection":[{"href":"https:\/\/floranixena.it\/fr\/wp-json\/wp\/v2\/product"}],"about":[{"href":"https:\/\/floranixena.it\/fr\/wp-json\/wp\/v2\/types\/product"}],"replies":[{"embeddable":true,"href":"https:\/\/floranixena.it\/fr\/wp-json\/wp\/v2\/comments?post=17792"}],"wp:featuredmedia":[{"embeddable":true,"href":"https:\/\/floranixena.it\/fr\/wp-json\/wp\/v2\/media\/17793"}],"wp:attachment":[{"href":"https:\/\/floranixena.it\/fr\/wp-json\/wp\/v2\/media?parent=17792"}],"wp:term":[{"taxonomy":"product_brand","embeddable":true,"href":"https:\/\/floranixena.it\/fr\/wp-json\/wp\/v2\/product_brand?post=17792"},{"taxonomy":"product_cat","embeddable":true,"href":"https:\/\/floranixena.it\/fr\/wp-json\/wp\/v2\/product_cat?post=17792"},{"taxonomy":"product_tag","embeddable":true,"href":"https:\/\/floranixena.it\/fr\/wp-json\/wp\/v2\/product_tag?post=17792"}],"curies":[{"name":"wp","href":"https:\/\/api.w.org\/{rel}","templated":true}]}}