{"id":17783,"date":"2025-08-04T12:48:31","date_gmt":"2025-08-04T10:48:31","guid":{"rendered":"https:\/\/floranixena.it\/product\/bouquet-20-rose-bianche\/"},"modified":"2025-09-12T12:26:54","modified_gmt":"2025-09-12T10:26:54","slug":"bouquet-20-rose-bianche","status":"publish","type":"product","link":"https:\/\/floranixena.it\/fr\/produit\/bouquet-20-rose-bianche\/","title":{"rendered":"Bouquet 20 Roses blanches"},"content":{"rendered":"<h1 style=\"text-align: left;\">Bouquet <strong>de 20 Roses Blanches<\/strong><\/h1>\n<p>Vous n\u2019avez pas besoin de mots pour exprimer vos sentiments. Laissez l\u2019\u00e9l\u00e9gance de 20 <a href=\"https:\/\/floranixena.it\/fr\/tag\/rose-blanche\/\">roses blanches<\/a> parler \u00e0 votre place. Leur couleur pure et innocente transmet un message d\u2019<a href=\"https:\/\/floranixena.it\/fr\/prodotto\/puro-amore\/\" target=\"_blank\" rel=\"noopener\"><strong>amour pur, de d\u00e9votion et de nouveaux d\u00e9parts<\/strong><\/a>.  <\/p>\n<p><strong>Un Symbole de Puret\u00e9 et de Tradition<\/strong><\/p>\n<p>Les <a href=\"https:\/\/floranixena.it\/fr\/prodotto\/mazzo-di-rose-rosa-fucsia\/\">roses<\/a> blanches ont toujours \u00e9t\u00e9 consid\u00e9r\u00e9es comme un symbole de puret\u00e9, d\u2019innocence et de respect. Elles sont souvent choisies pour les mariages, bapt\u00eames et autres occasions sp\u00e9ciales pour c\u00e9l\u00e9brer de nouveaux d\u00e9parts et des <a href=\"https:\/\/floranixena.it\/fr\/catalog\/fleurs-pour-les-evenements\/commemoration\/50eme-anniversaire-mariage-en-or\/\" target=\"_blank\" rel=\"noopener\"><strong>\u00e9v\u00e9nements importants<\/strong><\/a>. <\/p>\n<p>Que vous souhaitiez surprendre votre \u00e2me s\u0153ur, exprimer votre gratitude \u00e0 un ami ou comm\u00e9morer une personne ch\u00e8re, les roses blanches sont un cadeau toujours appr\u00e9ci\u00e9.<\/p>\n<p>Avec FloraNixena, vous pouvez recevoir vos roses blanches dans la journ\u00e9e, sans faire attendre vos proches. Nous garantissons que les <a href=\"https:\/\/floranixena.it\/fr\/prodotto\/autunno\/\">fleurs<\/a> arrivent fra\u00eeches et parfum\u00e9es, pr\u00eates \u00e0 \u00eatre admir\u00e9es et appr\u00e9ci\u00e9es. <\/p>\n<p><strong>Que symbolisent les Roses Blanches ?<\/strong><\/p>\n<p>&#8211;<strong>Puret\u00e9 et Innocence<\/strong>: Les roses blanches sont associ\u00e9es \u00e0 ces concepts depuis les temps anciens. Ils symbolisent un amour pur et spirituel, d\u00e9pourvu de passions charnelles.<br \/>\n&#8211;<strong>Honneur et respect<\/strong>: Les roses blanches sont souvent utilis\u00e9es comme un signe de respect et d\u2019estime. Ils sont un cadeau appropri\u00e9 pour comm\u00e9morer un \u00eatre cher ou pour exprimer de la gratitude \u00e0 quelqu\u2019un.<br \/>\n&#8211;<strong>Nouveaux d\u00e9buts<\/strong>: La couleur blanche repr\u00e9sente \u00e9galement les nouveaux d\u00e9parts et la fra\u00eecheur. Les <a href=\"https:\/\/floranixena.it\/fr\/prodotto\/lettera-damore\/\">roses blanches<\/a> sont un cadeau parfait pour c\u00e9l\u00e9brer un mariage, une naissance ou un \u00e9v\u00e9nement important.   <\/p>\n<p>Les <a href=\"https:\/\/floranixena.it\/prodotto\/mazzo-di-garofani-e-lilium\/\" target=\"_blank\" rel=\"noopener\"><strong>roses blanches<\/strong><\/a> sont un cadeau polyvalent adapt\u00e9 \u00e0 diff\u00e9rentes occasions : mariages, fleurs fun\u00e8bres, naissances, anniversaires de la Saint-Valentin et comme geste de gratitude.<\/p>\n","protected":false},"excerpt":{"rendered":"<ul>\n<li>20 roses Blanches<\/li>\n<li>D\u00e9licatement envelopp\u00e9 dans le tissu de jute<\/li>\n<li>(Alternativement, papier KRAFT)<\/li>\n<li>Vert d\u00e9coratif<\/li>\n<\/ul>\n<p>Vase non inclus<\/p>\n<p><span style=\"color: #339966;\"><strong>Dans ce bouquet la LIVRAISON est gratuite<\/strong><\/span><\/p>\n","protected":false},"featured_media":17784,"comment_status":"open","ping_status":"closed","template":"","meta":[],"product_brand":[],"product_cat":[3976,3283,3285,3264,3256,4009,3914,3257,3303,3304,3269,3287,3260,3263,3273,3272,3274,3275,3262,3447,3442,3259,3443,3699,3445,3288,3843,3703,3270],"product_tag":[4114,4014,4112,4113,3282,3448],"class_list":{"0":"post-17783","1":"product","2":"type-product","3":"status-publish","4":"has-post-thumbnail","6":"product_cat-30-anniversaire-mariage-de-perles","7":"product_cat-50eme-anniversaire-mariage-en-or","8":"product_cat-amitie","9":"product_cat-amour-et-romantisme","10":"product_cat-anniversaire","11":"product_cat-cest-un-garcon","12":"product_cat-cest-une-fille","13":"product_cat-commemoration","14":"product_cat-diplomes","15":"product_cat-dix-huitieme-anniversaire","16":"product_cat-excuses","17":"product_cat-felicitations","18":"product_cat-fete-de-la-femme","19":"product_cat-fete-des-meres","20":"product_cat-fleurs-dautomne","21":"product_cat-fleurs-dete","22":"product_cat-fleurs-dhiver","23":"product_cat-fleurs-de-printemps","24":"product_cat-jour-du-nom","25":"product_cat-mariage","26":"product_cat-paques","27":"product_cat-pour-la-femme-ou-la-fiancee","28":"product_cat-pour-la-soeur","29":"product_cat-pour-les-grands-parents","30":"product_cat-pour-maman","31":"product_cat-pour-remercier-quelquun","32":"product_cat-pour-un-collegue","33":"product_cat-pour-un-homme","34":"product_cat-roses-fr","35":"product_tag-amour-pur","36":"product_tag-bouquet-de-roses-blanches","37":"product_tag-bouquet-de-roses-blanches-fr","38":"product_tag-nouveaux-departs","39":"product_tag-romantisme","40":"product_tag-roses-blanches","42":"first","43":"instock","44":"shipping-taxable","45":"purchasable","46":"product-type-simple"},"yoast_head":"<!-- This site is optimized with the Yoast SEO Premium plugin v27.5 (Yoast SEO v27.5) - https:\/\/yoast.com\/product\/yoast-seo-premium-wordpress\/ -->\n<title>Bouquet de 20 Roses Blanches - FloraNixena - Livraison de Fleurs<\/title>\n<meta name=\"description\" content=\"Envoyez 20 roses \u00e0 votre doux c\u0153ur \u00e0 la Saint-Valentin avec une d\u00e9licieuse combinaison de roses blanches et un merveilleux jute romantique.\" \/>\n<meta name=\"robots\" content=\"index, follow, max-snippet:-1, max-image-preview:large, max-video-preview:-1\" \/>\n<link rel=\"canonical\" href=\"https:\/\/floranixena.it\/fr\/produit\/bouquet-20-rose-bianche\/\" \/>\n<meta property=\"og:locale\" content=\"fr_FR\" \/>\n<meta property=\"og:type\" content=\"article\" \/>\n<meta property=\"og:title\" content=\"Bouquet 20 Roses blanches\" \/>\n<meta property=\"og:description\" content=\"20 roses Blanches  D\u00e9licatement envelopp\u00e9 dans le tissu de jute  (Alternativement, papier KRAFT)  Vert d\u00e9coratif Vase non inclus Dans ce bouquet la LIVRAISON est gratuite\" \/>\n<meta property=\"og:url\" content=\"https:\/\/floranixena.it\/fr\/produit\/bouquet-20-rose-bianche\/\" \/>\n<meta property=\"og:site_name\" content=\"FloraNixena - livraison de fleurs et de plantes\" \/>\n<meta property=\"article:publisher\" content=\"https:\/\/www.facebook.com\/FloraNixena\/\" \/>\n<meta property=\"article:modified_time\" content=\"2025-09-12T10:26:54+00:00\" \/>\n<meta property=\"og:image\" content=\"https:\/\/floranixena.it\/wp-content\/uploads\/2019\/06\/Mazzo-di-20-rose-bianche-con-consegna-a-domicilio.jpg\" \/>\n\t<meta property=\"og:image:width\" content=\"800\" \/>\n\t<meta property=\"og:image:height\" content=\"800\" \/>\n\t<meta property=\"og:image:type\" content=\"image\/jpeg\" \/>\n<meta name=\"twitter:card\" content=\"summary_large_image\" \/>\n<meta name=\"twitter:label1\" content=\"Dur\u00e9e de lecture estim\u00e9e\" \/>\n\t<meta name=\"twitter:data1\" content=\"1 minute\" \/>\n<script type=\"application\/ld+json\" class=\"yoast-schema-graph\">{\"@context\":\"https:\\\/\\\/schema.org\",\"@graph\":[{\"@type\":\"WebPage\",\"@id\":\"https:\\\/\\\/floranixena.it\\\/fr\\\/produit\\\/bouquet-20-rose-bianche\\\/\",\"url\":\"https:\\\/\\\/floranixena.it\\\/fr\\\/produit\\\/bouquet-20-rose-bianche\\\/\",\"name\":\"Bouquet de 20 Roses Blanches - FloraNixena - Livraison de Fleurs\",\"isPartOf\":{\"@id\":\"https:\\\/\\\/floranixena.it\\\/fr\\\/#website\"},\"primaryImageOfPage\":{\"@id\":\"https:\\\/\\\/floranixena.it\\\/fr\\\/produit\\\/bouquet-20-rose-bianche\\\/#primaryimage\"},\"image\":{\"@id\":\"https:\\\/\\\/floranixena.it\\\/fr\\\/produit\\\/bouquet-20-rose-bianche\\\/#primaryimage\"},\"thumbnailUrl\":\"https:\\\/\\\/floranixena.it\\\/wp-content\\\/uploads\\\/2019\\\/06\\\/Mazzo-di-20-rose-bianche-con-consegna-a-domicilio.jpg\",\"datePublished\":\"2025-08-04T10:48:31+00:00\",\"dateModified\":\"2025-09-12T10:26:54+00:00\",\"description\":\"Envoyez 20 roses \u00e0 votre doux c\u0153ur \u00e0 la Saint-Valentin avec une d\u00e9licieuse combinaison de roses blanches et un merveilleux jute romantique.\",\"breadcrumb\":{\"@id\":\"https:\\\/\\\/floranixena.it\\\/fr\\\/produit\\\/bouquet-20-rose-bianche\\\/#breadcrumb\"},\"inLanguage\":\"fr-FR\",\"potentialAction\":[{\"@type\":\"ReadAction\",\"target\":[\"https:\\\/\\\/floranixena.it\\\/fr\\\/produit\\\/bouquet-20-rose-bianche\\\/\"]}]},{\"@type\":\"ImageObject\",\"inLanguage\":\"fr-FR\",\"@id\":\"https:\\\/\\\/floranixena.it\\\/fr\\\/produit\\\/bouquet-20-rose-bianche\\\/#primaryimage\",\"url\":\"https:\\\/\\\/floranixena.it\\\/wp-content\\\/uploads\\\/2019\\\/06\\\/Mazzo-di-20-rose-bianche-con-consegna-a-domicilio.jpg\",\"contentUrl\":\"https:\\\/\\\/floranixena.it\\\/wp-content\\\/uploads\\\/2019\\\/06\\\/Mazzo-di-20-rose-bianche-con-consegna-a-domicilio.jpg\",\"width\":800,\"height\":800,\"caption\":\"Un gesto delicato che parla di eleganza, rispetto e amore autentico.\"},{\"@type\":\"BreadcrumbList\",\"@id\":\"https:\\\/\\\/floranixena.it\\\/fr\\\/produit\\\/bouquet-20-rose-bianche\\\/#breadcrumb\",\"itemListElement\":[{\"@type\":\"ListItem\",\"position\":1,\"name\":\"Home\",\"item\":\"https:\\\/\\\/floranixena.it\\\/fr\\\/\"},{\"@type\":\"ListItem\",\"position\":2,\"name\":\"Magasin\",\"item\":\"https:\\\/\\\/floranixena.it\\\/fr\\\/magasin\\\/\"},{\"@type\":\"ListItem\",\"position\":3,\"name\":\"Bouquet 20 Roses blanches\"}]},{\"@type\":\"WebSite\",\"@id\":\"https:\\\/\\\/floranixena.it\\\/fr\\\/#website\",\"url\":\"https:\\\/\\\/floranixena.it\\\/fr\\\/\",\"name\":\"FloraNixena - Consegna fiori a domicilio in Italia\",\"description\":\"Invia fiori che raccontano storie\",\"publisher\":{\"@id\":\"https:\\\/\\\/floranixena.it\\\/fr\\\/#organization\"},\"alternateName\":\"FloraNixena.it\",\"potentialAction\":[{\"@type\":\"SearchAction\",\"target\":{\"@type\":\"EntryPoint\",\"urlTemplate\":\"https:\\\/\\\/floranixena.it\\\/fr\\\/?s={search_term_string}\"},\"query-input\":{\"@type\":\"PropertyValueSpecification\",\"valueRequired\":true,\"valueName\":\"search_term_string\"}}],\"inLanguage\":\"fr-FR\"},{\"@type\":\"Organization\",\"@id\":\"https:\\\/\\\/floranixena.it\\\/fr\\\/#organization\",\"name\":\"FloraNixena.it - Consegna mazzi di fiori, bouquet e piante a domicilio\",\"url\":\"https:\\\/\\\/floranixena.it\\\/fr\\\/\",\"logo\":{\"@type\":\"ImageObject\",\"inLanguage\":\"fr-FR\",\"@id\":\"https:\\\/\\\/floranixena.it\\\/fr\\\/#\\\/schema\\\/logo\\\/image\\\/\",\"url\":\"https:\\\/\\\/floranixena.it\\\/wp-content\\\/uploads\\\/2018\\\/11\\\/logo-fucsia.png\",\"contentUrl\":\"https:\\\/\\\/floranixena.it\\\/wp-content\\\/uploads\\\/2018\\\/11\\\/logo-fucsia.png\",\"width\":315,\"height\":81,\"caption\":\"FloraNixena.it - Consegna mazzi di fiori, bouquet e piante a domicilio\"},\"image\":{\"@id\":\"https:\\\/\\\/floranixena.it\\\/fr\\\/#\\\/schema\\\/logo\\\/image\\\/\"},\"sameAs\":[\"https:\\\/\\\/www.facebook.com\\\/FloraNixena\\\/\",\"https:\\\/\\\/www.instagram.com\\\/floranixena.it\\\/\",\"https:\\\/\\\/www.youtube.com\\\/channel\\\/UCAfCWXMBezO96jgPjiUgpkA\"],\"description\":\"Chi Siamo? FloraNixena \u00e8 il partner di fiducia per la consegna di fiori freschi a domicilio. Con anni di esperienza nel settore floreale, siamo dedicati a portare la bellezza e la freschezza dei fiori direttamente alla vostra porta. La Nostra Missione La nostra missione \u00e8 trasformare ogni occasione in un momento speciale attraverso la magia dei fiori. Crediamo che un bouquet possa dire pi\u00f9 di mille parole e lavoriamo instancabilmente per assicurarci che ogni consegna porti gioia, amore e bellezza. Cosa Offriamo? Fiori Freschi: Collaboriamo con i migliori fornitori locali per garantire che i nostri fiori siano sempre freschi e di alta qualit\u00e0. Consegna Rapida e Puntuale: Offriamo un servizio di consegna rapido e affidabile, con la possibilit\u00e0 di scegliere la fascia oraria che pi\u00f9 vi conviene. Ampia Selezione: Dalle rose classiche ai bouquet personalizzati, abbiamo una vasta gamma di opzioni per soddisfare ogni gusto e occasione. Assistenza Clienti: Il nostro team \u00e8 sempre a disposizione per assistervi nella scelta del bouquet perfetto e per garantire un'esperienza di acquisto senza intoppi. Perch\u00e9 Sceglierci? Qualit\u00e0 Garantita: Ogni bouquet \u00e8 realizzato con cura dai nostri esperti fioristi, garantendo che ogni composizione sia un'opera d'arte. Servizio Personalizzato: Che sia per un anniversario, un compleanno, una celebrazione o un momento di condoglianza, personalizziamo ogni ordine per rispondere alle vostre esigenze specifiche. Soddisfazione del Cliente: La vostra soddisfazione \u00e8 la nostra priorit\u00e0 assoluta. Facciamo tutto il possibile per assicurarci che ogni consegna superi le vostre aspettative.\",\"email\":\"amministrazione@floranixena.it\",\"telephone\":\"3806342394\",\"legalName\":\"Gaetano Votadoro\"}]}<\/script>\n<!-- \/ Yoast SEO Premium plugin. -->","yoast_head_json":{"title":"Bouquet de 20 Roses Blanches - FloraNixena - Livraison de Fleurs","description":"Envoyez 20 roses \u00e0 votre doux c\u0153ur \u00e0 la Saint-Valentin avec une d\u00e9licieuse combinaison de roses blanches et un merveilleux jute romantique.","robots":{"index":"index","follow":"follow","max-snippet":"max-snippet:-1","max-image-preview":"max-image-preview:large","max-video-preview":"max-video-preview:-1"},"canonical":"https:\/\/floranixena.it\/fr\/produit\/bouquet-20-rose-bianche\/","og_locale":"fr_FR","og_type":"article","og_title":"Bouquet 20 Roses blanches","og_description":"20 roses Blanches  D\u00e9licatement envelopp\u00e9 dans le tissu de jute  (Alternativement, papier KRAFT)  Vert d\u00e9coratif Vase non inclus Dans ce bouquet la LIVRAISON est gratuite","og_url":"https:\/\/floranixena.it\/fr\/produit\/bouquet-20-rose-bianche\/","og_site_name":"FloraNixena - livraison de fleurs et de plantes","article_publisher":"https:\/\/www.facebook.com\/FloraNixena\/","article_modified_time":"2025-09-12T10:26:54+00:00","og_image":[{"width":800,"height":800,"url":"https:\/\/floranixena.it\/wp-content\/uploads\/2019\/06\/Mazzo-di-20-rose-bianche-con-consegna-a-domicilio.jpg","type":"image\/jpeg"}],"twitter_card":"summary_large_image","twitter_misc":{"Dur\u00e9e de lecture estim\u00e9e":"1 minute"},"schema":{"@context":"https:\/\/schema.org","@graph":[{"@type":"WebPage","@id":"https:\/\/floranixena.it\/fr\/produit\/bouquet-20-rose-bianche\/","url":"https:\/\/floranixena.it\/fr\/produit\/bouquet-20-rose-bianche\/","name":"Bouquet de 20 Roses Blanches - FloraNixena - Livraison de Fleurs","isPartOf":{"@id":"https:\/\/floranixena.it\/fr\/#website"},"primaryImageOfPage":{"@id":"https:\/\/floranixena.it\/fr\/produit\/bouquet-20-rose-bianche\/#primaryimage"},"image":{"@id":"https:\/\/floranixena.it\/fr\/produit\/bouquet-20-rose-bianche\/#primaryimage"},"thumbnailUrl":"https:\/\/floranixena.it\/wp-content\/uploads\/2019\/06\/Mazzo-di-20-rose-bianche-con-consegna-a-domicilio.jpg","datePublished":"2025-08-04T10:48:31+00:00","dateModified":"2025-09-12T10:26:54+00:00","description":"Envoyez 20 roses \u00e0 votre doux c\u0153ur \u00e0 la Saint-Valentin avec une d\u00e9licieuse combinaison de roses blanches et un merveilleux jute romantique.","breadcrumb":{"@id":"https:\/\/floranixena.it\/fr\/produit\/bouquet-20-rose-bianche\/#breadcrumb"},"inLanguage":"fr-FR","potentialAction":[{"@type":"ReadAction","target":["https:\/\/floranixena.it\/fr\/produit\/bouquet-20-rose-bianche\/"]}]},{"@type":"ImageObject","inLanguage":"fr-FR","@id":"https:\/\/floranixena.it\/fr\/produit\/bouquet-20-rose-bianche\/#primaryimage","url":"https:\/\/floranixena.it\/wp-content\/uploads\/2019\/06\/Mazzo-di-20-rose-bianche-con-consegna-a-domicilio.jpg","contentUrl":"https:\/\/floranixena.it\/wp-content\/uploads\/2019\/06\/Mazzo-di-20-rose-bianche-con-consegna-a-domicilio.jpg","width":800,"height":800,"caption":"Un gesto delicato che parla di eleganza, rispetto e amore autentico."},{"@type":"BreadcrumbList","@id":"https:\/\/floranixena.it\/fr\/produit\/bouquet-20-rose-bianche\/#breadcrumb","itemListElement":[{"@type":"ListItem","position":1,"name":"Home","item":"https:\/\/floranixena.it\/fr\/"},{"@type":"ListItem","position":2,"name":"Magasin","item":"https:\/\/floranixena.it\/fr\/magasin\/"},{"@type":"ListItem","position":3,"name":"Bouquet 20 Roses blanches"}]},{"@type":"WebSite","@id":"https:\/\/floranixena.it\/fr\/#website","url":"https:\/\/floranixena.it\/fr\/","name":"FloraNixena - Consegna fiori a domicilio in Italia","description":"Invia fiori che raccontano storie","publisher":{"@id":"https:\/\/floranixena.it\/fr\/#organization"},"alternateName":"FloraNixena.it","potentialAction":[{"@type":"SearchAction","target":{"@type":"EntryPoint","urlTemplate":"https:\/\/floranixena.it\/fr\/?s={search_term_string}"},"query-input":{"@type":"PropertyValueSpecification","valueRequired":true,"valueName":"search_term_string"}}],"inLanguage":"fr-FR"},{"@type":"Organization","@id":"https:\/\/floranixena.it\/fr\/#organization","name":"FloraNixena.it - Consegna mazzi di fiori, bouquet e piante a domicilio","url":"https:\/\/floranixena.it\/fr\/","logo":{"@type":"ImageObject","inLanguage":"fr-FR","@id":"https:\/\/floranixena.it\/fr\/#\/schema\/logo\/image\/","url":"https:\/\/floranixena.it\/wp-content\/uploads\/2018\/11\/logo-fucsia.png","contentUrl":"https:\/\/floranixena.it\/wp-content\/uploads\/2018\/11\/logo-fucsia.png","width":315,"height":81,"caption":"FloraNixena.it - Consegna mazzi di fiori, bouquet e piante a domicilio"},"image":{"@id":"https:\/\/floranixena.it\/fr\/#\/schema\/logo\/image\/"},"sameAs":["https:\/\/www.facebook.com\/FloraNixena\/","https:\/\/www.instagram.com\/floranixena.it\/","https:\/\/www.youtube.com\/channel\/UCAfCWXMBezO96jgPjiUgpkA"],"description":"Chi Siamo? FloraNixena \u00e8 il partner di fiducia per la consegna di fiori freschi a domicilio. Con anni di esperienza nel settore floreale, siamo dedicati a portare la bellezza e la freschezza dei fiori direttamente alla vostra porta. La Nostra Missione La nostra missione \u00e8 trasformare ogni occasione in un momento speciale attraverso la magia dei fiori. Crediamo che un bouquet possa dire pi\u00f9 di mille parole e lavoriamo instancabilmente per assicurarci che ogni consegna porti gioia, amore e bellezza. Cosa Offriamo? Fiori Freschi: Collaboriamo con i migliori fornitori locali per garantire che i nostri fiori siano sempre freschi e di alta qualit\u00e0. Consegna Rapida e Puntuale: Offriamo un servizio di consegna rapido e affidabile, con la possibilit\u00e0 di scegliere la fascia oraria che pi\u00f9 vi conviene. Ampia Selezione: Dalle rose classiche ai bouquet personalizzati, abbiamo una vasta gamma di opzioni per soddisfare ogni gusto e occasione. Assistenza Clienti: Il nostro team \u00e8 sempre a disposizione per assistervi nella scelta del bouquet perfetto e per garantire un'esperienza di acquisto senza intoppi. Perch\u00e9 Sceglierci? Qualit\u00e0 Garantita: Ogni bouquet \u00e8 realizzato con cura dai nostri esperti fioristi, garantendo che ogni composizione sia un'opera d'arte. Servizio Personalizzato: Che sia per un anniversario, un compleanno, una celebrazione o un momento di condoglianza, personalizziamo ogni ordine per rispondere alle vostre esigenze specifiche. Soddisfazione del Cliente: La vostra soddisfazione \u00e8 la nostra priorit\u00e0 assoluta. Facciamo tutto il possibile per assicurarci che ogni consegna superi le vostre aspettative.","email":"amministrazione@floranixena.it","telephone":"3806342394","legalName":"Gaetano Votadoro"}]}},"_links":{"self":[{"href":"https:\/\/floranixena.it\/fr\/wp-json\/wp\/v2\/product\/17783","targetHints":{"allow":["GET"]}}],"collection":[{"href":"https:\/\/floranixena.it\/fr\/wp-json\/wp\/v2\/product"}],"about":[{"href":"https:\/\/floranixena.it\/fr\/wp-json\/wp\/v2\/types\/product"}],"replies":[{"embeddable":true,"href":"https:\/\/floranixena.it\/fr\/wp-json\/wp\/v2\/comments?post=17783"}],"wp:featuredmedia":[{"embeddable":true,"href":"https:\/\/floranixena.it\/fr\/wp-json\/wp\/v2\/media\/17784"}],"wp:attachment":[{"href":"https:\/\/floranixena.it\/fr\/wp-json\/wp\/v2\/media?parent=17783"}],"wp:term":[{"taxonomy":"product_brand","embeddable":true,"href":"https:\/\/floranixena.it\/fr\/wp-json\/wp\/v2\/product_brand?post=17783"},{"taxonomy":"product_cat","embeddable":true,"href":"https:\/\/floranixena.it\/fr\/wp-json\/wp\/v2\/product_cat?post=17783"},{"taxonomy":"product_tag","embeddable":true,"href":"https:\/\/floranixena.it\/fr\/wp-json\/wp\/v2\/product_tag?post=17783"}],"curies":[{"name":"wp","href":"https:\/\/api.w.org\/{rel}","templated":true}]}}