{"id":17776,"date":"2025-08-20T11:30:56","date_gmt":"2025-08-20T09:30:56","guid":{"rendered":"https:\/\/floranixena.it\/product\/giorni-felici\/"},"modified":"2025-09-10T16:30:58","modified_gmt":"2025-09-10T14:30:58","slug":"giorni-felici","status":"publish","type":"product","link":"https:\/\/floranixena.it\/fr\/produit\/giorni-felici\/","title":{"rendered":"Jours Heureux"},"content":{"rendered":"<h1 style=\"text-align: justify;\">Faites livrer ce <a href=\"https:\/\/floranixena.it\/fr\/produit\/bouquet-rose-e-calle\/\">bouquet de roses jaunes<\/a><\/h1>\n<p style=\"text-align: justify;\">et <strong><a href=\"https:\/\/floranixena.it\/product\/bellissimo-sorriso\/\">gerberas<\/a><\/strong> dans la journ\u00e9e. Pourquoi attendre pour exprimer votre joie, amiti\u00e9 ou simplement pour vous f\u00e9liciter? <\/p>\n<p style=\"text-align: justify;\">Les <a href=\"https:\/\/floranixena.it\/fr\/produit\/roses-jaunes-au-choix\/\"><strong>roses jaunes<\/strong><\/a> qui expriment vos sentiments d\u2019<strong><a href=\"https:\/\/floranixena.it\/fr\/catalog\/amitie\/\">amiti\u00e9<\/a><\/strong>, de bonheur et de soutien, voulez-vous qu\u2019elles arrivent le plus t\u00f4t possible? Avec la livraison le m\u00eame jour avec FloraNixena est possible, votre <a href=\"https:\/\/floranixena.it\/prodotto\/bouquet-di-calle-gialle\/\">cadeau<\/a> de roses jaunes sera dans les mains de votre cher destinataire en quelques heures. Tout se m\u00e9lange magnifiquement dans ce bouquet de <a href=\"https:\/\/floranixena.it\/fr\/catalog\/gerberas-fr\/\"><strong>gerbera<\/strong> <strong>jaunes<\/strong><\/a> avec un c\u0153ur noir, des marguerites blanches classiques, des roses jaunes et alstroemeria.  <\/p>\n<p>Laissez FloraNixena \u00eatre votre quartier g\u00e9n\u00e9ral pour les <a href=\"https:\/\/floranixena.it\/fr\/prodotto\/rose-parfait\/\">compositions florales<\/a> de gerberas et <strong><a href=\"https:\/\/floranixena.it\/fr\/produit\/bouquet-rose-e-calle\/\">roses jaunes<\/a><\/strong> aux couleurs vives, avec une <strong>commande en ligne facile et une livraison rapide<\/strong>.<\/p>\n<p>De quoi parlent les gerberas qui peuvent apporter un sourire m\u00eame aux plus irritables d\u2019entre nous? Les <a href=\"https:\/\/floranixena.it\/invia-fiori-e-piante\/lisianthus-viola-gerbere\/\">Gerberas<\/a> sont de proches cousins des <strong><a href=\"https:\/\/floranixena.it\/fr\/produit\/bouquet-sole-romano\/\">tournesols<\/a><\/strong> et peuvent \u00eatre trouv\u00e9s dans de nombreuses couleurs vives, y compris le rose n\u00e9on, blanc neige, jaune soleil, p\u00eache pr\u00e9cieuse, lavande succulente et rouge royal. Le centre de la fleur peut \u00eatre de n\u2019importe quelle couleur et souvent une seule fleur aura des p\u00e9tales de diff\u00e9rentes couleurs, ce qui ajoute encore plus de plaisir \u00e0 tout bouquet de marguerites.  <\/p>\n<p><a href=\"https:\/\/floranixena.it\/fr\/produit\/bouquet-rose-e-calle\/\">Vous cherchez un cadeau<\/a> qui rayonne de bonheur et de joie? <strong><a href=\"https:\/\/floranixena.it\/product\/bouquet-di-rose-gialle-gerbere-alstromeria\/\">Envoyez une nouvelle composition de gerberas jaunes, roses jaunes avec FloraNixena<\/a><\/strong>. Saviez-vous que les marguerites gerberas sont la cinqui\u00e8me fleur la plus populaire pour faire des cadeaux, ne tra\u00eenant que des roses, des \u0153illets, des chrysanth\u00e8mes et des tulipes? <\/p>\n<p>Qui savait? Un <a href=\"https:\/\/floranixena.it\/fr\/produit\/piacere-profumato\/\">cadeau avec bouquet<\/a> de roses jaunes et gerberas jaunes est une fa\u00e7on douce de dire merci, bonne journ\u00e9e et bien plus encore. <\/p>\n<p>Les Gerberas symbolisent l\u2019innocence, la simplicit\u00e9 et la joie de l\u2019enfance, ce qui en fait un cadeau merveilleux \u00e0 presque toutes les occasions.<\/p>\n","protected":false},"excerpt":{"rendered":"<ul>\n<li>5 roses jaunes<\/li>\n<li>5 Gerberas jaunes coeur noir<\/li>\n<li>Marguerites blanches<\/li>\n<li>Alstromeria blanche<\/li>\n<li>Feuilles d\u00e9coratives<\/li>\n<li><span style=\"color: #339966;\"><strong>Dans ce bouquet la livraison est gratuite<\/strong><\/span><\/li>\n<\/ul>\n<p>Vase non inclus<\/p>\n","protected":false},"featured_media":17777,"comment_status":"open","ping_status":"closed","template":"","meta":[],"product_brand":[],"product_cat":[3976,3698,3283,3285,3256,3914,3267,3269,3287,3260,3263,3835,3273,3272,3275,3255,3958,3262,3284,3442,3259,3443,3699,3444,3445,3288,3842,3843,3703,3270],"product_tag":[4109,4108,4107,4106],"class_list":{"0":"post-17776","1":"product","2":"type-product","3":"status-publish","4":"has-post-thumbnail","6":"product_cat-30-anniversaire-mariage-de-perles","7":"product_cat-40eme-anniversaire-mariage-demeraude","8":"product_cat-50eme-anniversaire-mariage-en-or","9":"product_cat-amitie","10":"product_cat-anniversaire","11":"product_cat-cest-une-fille","12":"product_cat-comme-un-admirateur-secret","13":"product_cat-excuses","14":"product_cat-felicitations","15":"product_cat-fete-de-la-femme","16":"product_cat-fete-des-meres","17":"product_cat-fete-des-peres","18":"product_cat-fleurs-dautomne","19":"product_cat-fleurs-dete","20":"product_cat-fleurs-de-printemps","21":"product_cat-fleurs-pour-les-evenements","22":"product_cat-gerberas-fr","23":"product_cat-jour-du-nom","24":"product_cat-occasion-fr","25":"product_cat-paques","26":"product_cat-pour-la-femme-ou-la-fiancee","27":"product_cat-pour-la-soeur","28":"product_cat-pour-les-grands-parents","29":"product_cat-pour-les-oncles","30":"product_cat-pour-maman","31":"product_cat-pour-remercier-quelquun","32":"product_cat-pour-un-ami","33":"product_cat-pour-un-collegue","34":"product_cat-pour-un-homme","35":"product_cat-roses-fr","36":"product_tag-alstroemeria-fr","37":"product_tag-bouquet-de-roses-et-gerberas","38":"product_tag-gerbera-fr","39":"product_tag-roses-fr","41":"first","42":"instock","43":"sale","44":"shipping-taxable","45":"purchasable","46":"product-type-simple"},"yoast_head":"<!-- This site is optimized with the Yoast SEO Premium plugin v27.4 (Yoast SEO v27.4) - https:\/\/yoast.com\/product\/yoast-seo-premium-wordpress\/ -->\n<title>Bouquet de Roses jaunes et Gerberas - FloraNixena Livraison de Fleurs<\/title>\n<meta name=\"description\" content=\"Bouquet de roses, Gerberas jaunes et Alstroemeria, cadeau pour le 50e anniversaire, coll\u00e8gue, amie, fleurs pour les f\u00eates, livraison \u00e0 domicile.\" \/>\n<meta name=\"robots\" content=\"index, follow, max-snippet:-1, max-image-preview:large, max-video-preview:-1\" \/>\n<link rel=\"canonical\" href=\"https:\/\/floranixena.it\/fr\/produit\/giorni-felici\/\" \/>\n<meta property=\"og:locale\" content=\"fr_FR\" \/>\n<meta property=\"og:type\" content=\"article\" \/>\n<meta property=\"og:title\" content=\"Jours Heureux\" \/>\n<meta property=\"og:description\" content=\"5 roses jaunes  5 Gerberas jaunes coeur noir  Marguerites blanches  Alstromeria blanche  Feuilles d\u00e9coratives  Dans ce bouquet la livraison est gratuite Vase non inclus\" \/>\n<meta property=\"og:url\" content=\"https:\/\/floranixena.it\/fr\/produit\/giorni-felici\/\" \/>\n<meta property=\"og:site_name\" content=\"FloraNixena - livraison de fleurs et de plantes\" \/>\n<meta property=\"article:publisher\" content=\"https:\/\/www.facebook.com\/FloraNixena\/\" \/>\n<meta property=\"article:modified_time\" content=\"2025-09-10T14:30:58+00:00\" \/>\n<meta property=\"og:image\" content=\"https:\/\/floranixena.it\/wp-content\/uploads\/2020\/09\/bouquet-di-rose-gerbere-gialle-e-alstroemeria.webp\" \/>\n\t<meta property=\"og:image:width\" content=\"800\" \/>\n\t<meta property=\"og:image:height\" content=\"800\" \/>\n\t<meta property=\"og:image:type\" content=\"image\/webp\" \/>\n<meta name=\"twitter:card\" content=\"summary_large_image\" \/>\n<meta name=\"twitter:label1\" content=\"Dur\u00e9e de lecture estim\u00e9e\" \/>\n\t<meta name=\"twitter:data1\" content=\"2 minutes\" \/>\n<script type=\"application\/ld+json\" class=\"yoast-schema-graph\">{\"@context\":\"https:\\\/\\\/schema.org\",\"@graph\":[{\"@type\":\"WebPage\",\"@id\":\"https:\\\/\\\/floranixena.it\\\/fr\\\/produit\\\/giorni-felici\\\/\",\"url\":\"https:\\\/\\\/floranixena.it\\\/fr\\\/produit\\\/giorni-felici\\\/\",\"name\":\"Bouquet de Roses jaunes et Gerberas - FloraNixena Livraison de Fleurs\",\"isPartOf\":{\"@id\":\"https:\\\/\\\/floranixena.it\\\/fr\\\/#website\"},\"primaryImageOfPage\":{\"@id\":\"https:\\\/\\\/floranixena.it\\\/fr\\\/produit\\\/giorni-felici\\\/#primaryimage\"},\"image\":{\"@id\":\"https:\\\/\\\/floranixena.it\\\/fr\\\/produit\\\/giorni-felici\\\/#primaryimage\"},\"thumbnailUrl\":\"https:\\\/\\\/floranixena.it\\\/wp-content\\\/uploads\\\/2020\\\/09\\\/bouquet-di-rose-gerbere-gialle-e-alstroemeria.webp\",\"datePublished\":\"2025-08-20T09:30:56+00:00\",\"dateModified\":\"2025-09-10T14:30:58+00:00\",\"description\":\"Bouquet de roses, Gerberas jaunes et Alstroemeria, cadeau pour le 50e anniversaire, coll\u00e8gue, amie, fleurs pour les f\u00eates, livraison \u00e0 domicile.\",\"breadcrumb\":{\"@id\":\"https:\\\/\\\/floranixena.it\\\/fr\\\/produit\\\/giorni-felici\\\/#breadcrumb\"},\"inLanguage\":\"fr-FR\",\"potentialAction\":[{\"@type\":\"ReadAction\",\"target\":[\"https:\\\/\\\/floranixena.it\\\/fr\\\/produit\\\/giorni-felici\\\/\"]}]},{\"@type\":\"ImageObject\",\"inLanguage\":\"fr-FR\",\"@id\":\"https:\\\/\\\/floranixena.it\\\/fr\\\/produit\\\/giorni-felici\\\/#primaryimage\",\"url\":\"https:\\\/\\\/floranixena.it\\\/wp-content\\\/uploads\\\/2020\\\/09\\\/bouquet-di-rose-gerbere-gialle-e-alstroemeria.webp\",\"contentUrl\":\"https:\\\/\\\/floranixena.it\\\/wp-content\\\/uploads\\\/2020\\\/09\\\/bouquet-di-rose-gerbere-gialle-e-alstroemeria.webp\",\"width\":800,\"height\":800,\"caption\":\"Un abbraccio di luce e delicatezza: il bouquet che illumina ogni occasione.\"},{\"@type\":\"BreadcrumbList\",\"@id\":\"https:\\\/\\\/floranixena.it\\\/fr\\\/produit\\\/giorni-felici\\\/#breadcrumb\",\"itemListElement\":[{\"@type\":\"ListItem\",\"position\":1,\"name\":\"Home\",\"item\":\"https:\\\/\\\/floranixena.it\\\/fr\\\/\"},{\"@type\":\"ListItem\",\"position\":2,\"name\":\"Magasin\",\"item\":\"https:\\\/\\\/floranixena.it\\\/fr\\\/magasin\\\/\"},{\"@type\":\"ListItem\",\"position\":3,\"name\":\"Jours Heureux\"}]},{\"@type\":\"WebSite\",\"@id\":\"https:\\\/\\\/floranixena.it\\\/fr\\\/#website\",\"url\":\"https:\\\/\\\/floranixena.it\\\/fr\\\/\",\"name\":\"FloraNixena - Consegna fiori a domicilio in Italia\",\"description\":\"Invia fiori che raccontano storie\",\"publisher\":{\"@id\":\"https:\\\/\\\/floranixena.it\\\/fr\\\/#organization\"},\"alternateName\":\"FloraNixena.it\",\"potentialAction\":[{\"@type\":\"SearchAction\",\"target\":{\"@type\":\"EntryPoint\",\"urlTemplate\":\"https:\\\/\\\/floranixena.it\\\/fr\\\/?s={search_term_string}\"},\"query-input\":{\"@type\":\"PropertyValueSpecification\",\"valueRequired\":true,\"valueName\":\"search_term_string\"}}],\"inLanguage\":\"fr-FR\"},{\"@type\":\"Organization\",\"@id\":\"https:\\\/\\\/floranixena.it\\\/fr\\\/#organization\",\"name\":\"FloraNixena.it - Consegna mazzi di fiori, bouquet e piante a domicilio\",\"url\":\"https:\\\/\\\/floranixena.it\\\/fr\\\/\",\"logo\":{\"@type\":\"ImageObject\",\"inLanguage\":\"fr-FR\",\"@id\":\"https:\\\/\\\/floranixena.it\\\/fr\\\/#\\\/schema\\\/logo\\\/image\\\/\",\"url\":\"https:\\\/\\\/floranixena.it\\\/wp-content\\\/uploads\\\/2018\\\/11\\\/logo-fucsia.png\",\"contentUrl\":\"https:\\\/\\\/floranixena.it\\\/wp-content\\\/uploads\\\/2018\\\/11\\\/logo-fucsia.png\",\"width\":315,\"height\":81,\"caption\":\"FloraNixena.it - Consegna mazzi di fiori, bouquet e piante a domicilio\"},\"image\":{\"@id\":\"https:\\\/\\\/floranixena.it\\\/fr\\\/#\\\/schema\\\/logo\\\/image\\\/\"},\"sameAs\":[\"https:\\\/\\\/www.facebook.com\\\/FloraNixena\\\/\",\"https:\\\/\\\/www.instagram.com\\\/floranixena.it\\\/\",\"https:\\\/\\\/www.youtube.com\\\/channel\\\/UCAfCWXMBezO96jgPjiUgpkA\"],\"description\":\"Chi Siamo? FloraNixena \u00e8 il partner di fiducia per la consegna di fiori freschi a domicilio. Con anni di esperienza nel settore floreale, siamo dedicati a portare la bellezza e la freschezza dei fiori direttamente alla vostra porta. La Nostra Missione La nostra missione \u00e8 trasformare ogni occasione in un momento speciale attraverso la magia dei fiori. Crediamo che un bouquet possa dire pi\u00f9 di mille parole e lavoriamo instancabilmente per assicurarci che ogni consegna porti gioia, amore e bellezza. Cosa Offriamo? Fiori Freschi: Collaboriamo con i migliori fornitori locali per garantire che i nostri fiori siano sempre freschi e di alta qualit\u00e0. Consegna Rapida e Puntuale: Offriamo un servizio di consegna rapido e affidabile, con la possibilit\u00e0 di scegliere la fascia oraria che pi\u00f9 vi conviene. Ampia Selezione: Dalle rose classiche ai bouquet personalizzati, abbiamo una vasta gamma di opzioni per soddisfare ogni gusto e occasione. Assistenza Clienti: Il nostro team \u00e8 sempre a disposizione per assistervi nella scelta del bouquet perfetto e per garantire un'esperienza di acquisto senza intoppi. Perch\u00e9 Sceglierci? Qualit\u00e0 Garantita: Ogni bouquet \u00e8 realizzato con cura dai nostri esperti fioristi, garantendo che ogni composizione sia un'opera d'arte. Servizio Personalizzato: Che sia per un anniversario, un compleanno, una celebrazione o un momento di condoglianza, personalizziamo ogni ordine per rispondere alle vostre esigenze specifiche. Soddisfazione del Cliente: La vostra soddisfazione \u00e8 la nostra priorit\u00e0 assoluta. Facciamo tutto il possibile per assicurarci che ogni consegna superi le vostre aspettative.\",\"email\":\"amministrazione@floranixena.it\",\"telephone\":\"3806342394\",\"legalName\":\"Gaetano Votadoro\"}]}<\/script>\n<!-- \/ Yoast SEO Premium plugin. -->","yoast_head_json":{"title":"Bouquet de Roses jaunes et Gerberas - FloraNixena Livraison de Fleurs","description":"Bouquet de roses, Gerberas jaunes et Alstroemeria, cadeau pour le 50e anniversaire, coll\u00e8gue, amie, fleurs pour les f\u00eates, livraison \u00e0 domicile.","robots":{"index":"index","follow":"follow","max-snippet":"max-snippet:-1","max-image-preview":"max-image-preview:large","max-video-preview":"max-video-preview:-1"},"canonical":"https:\/\/floranixena.it\/fr\/produit\/giorni-felici\/","og_locale":"fr_FR","og_type":"article","og_title":"Jours Heureux","og_description":"5 roses jaunes  5 Gerberas jaunes coeur noir  Marguerites blanches  Alstromeria blanche  Feuilles d\u00e9coratives  Dans ce bouquet la livraison est gratuite Vase non inclus","og_url":"https:\/\/floranixena.it\/fr\/produit\/giorni-felici\/","og_site_name":"FloraNixena - livraison de fleurs et de plantes","article_publisher":"https:\/\/www.facebook.com\/FloraNixena\/","article_modified_time":"2025-09-10T14:30:58+00:00","og_image":[{"width":800,"height":800,"url":"https:\/\/floranixena.it\/wp-content\/uploads\/2020\/09\/bouquet-di-rose-gerbere-gialle-e-alstroemeria.webp","type":"image\/webp"}],"twitter_card":"summary_large_image","twitter_misc":{"Dur\u00e9e de lecture estim\u00e9e":"2 minutes"},"schema":{"@context":"https:\/\/schema.org","@graph":[{"@type":"WebPage","@id":"https:\/\/floranixena.it\/fr\/produit\/giorni-felici\/","url":"https:\/\/floranixena.it\/fr\/produit\/giorni-felici\/","name":"Bouquet de Roses jaunes et Gerberas - FloraNixena Livraison de Fleurs","isPartOf":{"@id":"https:\/\/floranixena.it\/fr\/#website"},"primaryImageOfPage":{"@id":"https:\/\/floranixena.it\/fr\/produit\/giorni-felici\/#primaryimage"},"image":{"@id":"https:\/\/floranixena.it\/fr\/produit\/giorni-felici\/#primaryimage"},"thumbnailUrl":"https:\/\/floranixena.it\/wp-content\/uploads\/2020\/09\/bouquet-di-rose-gerbere-gialle-e-alstroemeria.webp","datePublished":"2025-08-20T09:30:56+00:00","dateModified":"2025-09-10T14:30:58+00:00","description":"Bouquet de roses, Gerberas jaunes et Alstroemeria, cadeau pour le 50e anniversaire, coll\u00e8gue, amie, fleurs pour les f\u00eates, livraison \u00e0 domicile.","breadcrumb":{"@id":"https:\/\/floranixena.it\/fr\/produit\/giorni-felici\/#breadcrumb"},"inLanguage":"fr-FR","potentialAction":[{"@type":"ReadAction","target":["https:\/\/floranixena.it\/fr\/produit\/giorni-felici\/"]}]},{"@type":"ImageObject","inLanguage":"fr-FR","@id":"https:\/\/floranixena.it\/fr\/produit\/giorni-felici\/#primaryimage","url":"https:\/\/floranixena.it\/wp-content\/uploads\/2020\/09\/bouquet-di-rose-gerbere-gialle-e-alstroemeria.webp","contentUrl":"https:\/\/floranixena.it\/wp-content\/uploads\/2020\/09\/bouquet-di-rose-gerbere-gialle-e-alstroemeria.webp","width":800,"height":800,"caption":"Un abbraccio di luce e delicatezza: il bouquet che illumina ogni occasione."},{"@type":"BreadcrumbList","@id":"https:\/\/floranixena.it\/fr\/produit\/giorni-felici\/#breadcrumb","itemListElement":[{"@type":"ListItem","position":1,"name":"Home","item":"https:\/\/floranixena.it\/fr\/"},{"@type":"ListItem","position":2,"name":"Magasin","item":"https:\/\/floranixena.it\/fr\/magasin\/"},{"@type":"ListItem","position":3,"name":"Jours Heureux"}]},{"@type":"WebSite","@id":"https:\/\/floranixena.it\/fr\/#website","url":"https:\/\/floranixena.it\/fr\/","name":"FloraNixena - Consegna fiori a domicilio in Italia","description":"Invia fiori che raccontano storie","publisher":{"@id":"https:\/\/floranixena.it\/fr\/#organization"},"alternateName":"FloraNixena.it","potentialAction":[{"@type":"SearchAction","target":{"@type":"EntryPoint","urlTemplate":"https:\/\/floranixena.it\/fr\/?s={search_term_string}"},"query-input":{"@type":"PropertyValueSpecification","valueRequired":true,"valueName":"search_term_string"}}],"inLanguage":"fr-FR"},{"@type":"Organization","@id":"https:\/\/floranixena.it\/fr\/#organization","name":"FloraNixena.it - Consegna mazzi di fiori, bouquet e piante a domicilio","url":"https:\/\/floranixena.it\/fr\/","logo":{"@type":"ImageObject","inLanguage":"fr-FR","@id":"https:\/\/floranixena.it\/fr\/#\/schema\/logo\/image\/","url":"https:\/\/floranixena.it\/wp-content\/uploads\/2018\/11\/logo-fucsia.png","contentUrl":"https:\/\/floranixena.it\/wp-content\/uploads\/2018\/11\/logo-fucsia.png","width":315,"height":81,"caption":"FloraNixena.it - Consegna mazzi di fiori, bouquet e piante a domicilio"},"image":{"@id":"https:\/\/floranixena.it\/fr\/#\/schema\/logo\/image\/"},"sameAs":["https:\/\/www.facebook.com\/FloraNixena\/","https:\/\/www.instagram.com\/floranixena.it\/","https:\/\/www.youtube.com\/channel\/UCAfCWXMBezO96jgPjiUgpkA"],"description":"Chi Siamo? FloraNixena \u00e8 il partner di fiducia per la consegna di fiori freschi a domicilio. Con anni di esperienza nel settore floreale, siamo dedicati a portare la bellezza e la freschezza dei fiori direttamente alla vostra porta. La Nostra Missione La nostra missione \u00e8 trasformare ogni occasione in un momento speciale attraverso la magia dei fiori. Crediamo che un bouquet possa dire pi\u00f9 di mille parole e lavoriamo instancabilmente per assicurarci che ogni consegna porti gioia, amore e bellezza. Cosa Offriamo? Fiori Freschi: Collaboriamo con i migliori fornitori locali per garantire che i nostri fiori siano sempre freschi e di alta qualit\u00e0. Consegna Rapida e Puntuale: Offriamo un servizio di consegna rapido e affidabile, con la possibilit\u00e0 di scegliere la fascia oraria che pi\u00f9 vi conviene. Ampia Selezione: Dalle rose classiche ai bouquet personalizzati, abbiamo una vasta gamma di opzioni per soddisfare ogni gusto e occasione. Assistenza Clienti: Il nostro team \u00e8 sempre a disposizione per assistervi nella scelta del bouquet perfetto e per garantire un'esperienza di acquisto senza intoppi. Perch\u00e9 Sceglierci? Qualit\u00e0 Garantita: Ogni bouquet \u00e8 realizzato con cura dai nostri esperti fioristi, garantendo che ogni composizione sia un'opera d'arte. Servizio Personalizzato: Che sia per un anniversario, un compleanno, una celebrazione o un momento di condoglianza, personalizziamo ogni ordine per rispondere alle vostre esigenze specifiche. Soddisfazione del Cliente: La vostra soddisfazione \u00e8 la nostra priorit\u00e0 assoluta. Facciamo tutto il possibile per assicurarci che ogni consegna superi le vostre aspettative.","email":"amministrazione@floranixena.it","telephone":"3806342394","legalName":"Gaetano Votadoro"}]}},"_links":{"self":[{"href":"https:\/\/floranixena.it\/fr\/wp-json\/wp\/v2\/product\/17776","targetHints":{"allow":["GET"]}}],"collection":[{"href":"https:\/\/floranixena.it\/fr\/wp-json\/wp\/v2\/product"}],"about":[{"href":"https:\/\/floranixena.it\/fr\/wp-json\/wp\/v2\/types\/product"}],"replies":[{"embeddable":true,"href":"https:\/\/floranixena.it\/fr\/wp-json\/wp\/v2\/comments?post=17776"}],"wp:featuredmedia":[{"embeddable":true,"href":"https:\/\/floranixena.it\/fr\/wp-json\/wp\/v2\/media\/17777"}],"wp:attachment":[{"href":"https:\/\/floranixena.it\/fr\/wp-json\/wp\/v2\/media?parent=17776"}],"wp:term":[{"taxonomy":"product_brand","embeddable":true,"href":"https:\/\/floranixena.it\/fr\/wp-json\/wp\/v2\/product_brand?post=17776"},{"taxonomy":"product_cat","embeddable":true,"href":"https:\/\/floranixena.it\/fr\/wp-json\/wp\/v2\/product_cat?post=17776"},{"taxonomy":"product_tag","embeddable":true,"href":"https:\/\/floranixena.it\/fr\/wp-json\/wp\/v2\/product_tag?post=17776"}],"curies":[{"name":"wp","href":"https:\/\/api.w.org\/{rel}","templated":true}]}}