{"id":17764,"date":"2025-08-12T10:48:10","date_gmt":"2025-08-12T08:48:10","guid":{"rendered":"https:\/\/floranixena.it\/product\/azalea-rosa-pianta\/"},"modified":"2025-09-12T09:24:09","modified_gmt":"2025-09-12T07:24:09","slug":"azalea-rosa-pianta","status":"publish","type":"product","link":"https:\/\/floranixena.it\/fr\/produit\/azalea-rosa-pianta\/","title":{"rendered":"Azal\u00e9e Rose &#8211; Plante"},"content":{"rendered":"<h1>L\u2019azal\u00e9e est une plante<\/h1>\n<p>Facile \u00e0 entretenir, parfait pour \u00eatre donn\u00e9 \u00e0 l\u2019occasion de la <strong>f\u00eate des m\u00e8res ou des <a href=\"https:\/\/floranixena.it\/fr\/catalog\/fleurs-pour-les-evenements\/occasion-fr\/fete-de-la-femme\/\" target=\"_blank\" rel=\"noopener\">femmes<\/a>.<\/strong><\/p>\n<p>Cette plante d\u2019int\u00e9rieur illumine chaque coin de la maison avec ses <a href=\"https:\/\/floranixena.it\/prodotto\/bouquet-lilium-rosa\/\" target=\"_blank\" rel=\"noopener\"><strong>fleurs roses<\/strong><\/a> vives.<\/p>\n<p>Ses fleurs durent g\u00e9n\u00e9ralement jusqu\u2019\u00e0 deux semaines et dans des climats chauds comme ceux du sud profond, certaines azal\u00e9es en pot peuvent fleurir plus tard en automne! Ensuite, vous pouvez envoyer une <a href=\"https:\/\/floranixena.it\/fr\/catalog\/plantes-fr\/\" target=\"_blank\" rel=\"noopener\"><strong>plante <\/strong><\/a>d\u2019azal\u00e9e fleurie \u00e0 un \u00eatre cher dans n\u2019importe quelle partie de l\u2019Italie, s\u00fbr que votre cadeau sera appr\u00e9ci\u00e9 longtemps! De nombreux amateurs de fleurs et de plantes se demandent s\u2019ils peuvent prendre un cadeau floral et le planter dans leur propre jardin.  <\/p>\n<p>La r\u00e9ponse est clairement \u00ab\u00a0Oui!\u00a0\u00bb Si vous recevez, par exemple, une plante d\u2019azal\u00e9e en cadeau, vous pouvez certainement la montrer dans <strong><a href=\"https:\/\/floranixena.it\/piante-da-esterno\/\" target=\"_blank\" rel=\"noopener\">votre jardin<\/a><\/strong>. <\/p>\n<p>Les <strong>azal\u00e9es<\/strong> ajoutent non seulement une touche de couleur et de fra\u00eecheur \u00e0 l\u2019int\u00e9rieur, mais elles sont \u00e9galement id\u00e9ales pour d\u00e9corer les jardins et les espaces <a href=\"https:\/\/floranixena.it\/fr\/catalog\/plantes-fr\/plantes-dexterieur\/\" target=\"_blank\" rel=\"noopener\"><strong>ext\u00e9rieurs<\/strong><\/a>. Avec des soins appropri\u00e9s, ces plantes peuvent prosp\u00e9rer et offrir de belles <a href=\"https:\/\/floranixena.it\/prodotto\/bouquet-di-gerbere-e-crisantemini\/\" target=\"_blank\" rel=\"noopener\">fleurs printani\u00e8res<\/a>. Elles sont \u00e9galement parfaites pour ceux qui aiment le jardinage et souhaitent enrichir leur espace vert avec une vari\u00e9t\u00e9 de plantes vives et faciles \u00e0 entretenir. Que vous cherchiez un cadeau pour la <strong><a href=\"https:\/\/floranixena.it\/fr\/catalog\/fleurs-pour-les-evenements\/anniversaire\/pour-maman\/\" target=\"_blank\" rel=\"noopener\">f\u00eate des m\u00e8res<\/a><\/strong> ou que vous souhaitiez ajouter une touche de beaut\u00e9 \u00e0 votre jardin, une azal\u00e9e est toujours un choix gagnant. D\u00e9couvrez notre s\u00e9lection d\u2019azal\u00e9es et donnez-leur une touche de fra\u00eecheur et de couleur qui durera dans le temps!    <\/p>\n<p style=\"text-align: left;\">Faites confiance au <a href=\"https:\/\/floranixena.it\/fr\/livraisons-et-expeditions\/\">service de livraison de plantes \u00e0 domicile de FloraNixena<\/a><\/p>\n","protected":false},"excerpt":{"rendered":"<ul>\n<li>1 Plante Azalea Rose<\/li>\n<li>Hauteur cm 25-35 c.ca<\/li>\n<\/ul>\n<p><span style=\"color: #339966;\"><strong>Dans ce produit la livraison est gratuite<\/strong><\/span><\/p>\n","protected":false},"featured_media":17765,"comment_status":"open","ping_status":"closed","template":"","meta":[],"product_brand":[],"product_cat":[3285,3256,3269,3287,3263,3691,3284,3706,3705,3288],"product_tag":[4086,3707,4087,4085],"class_list":{"0":"post-17764","1":"product","2":"type-product","3":"status-publish","4":"has-post-thumbnail","6":"product_cat-amitie","7":"product_cat-anniversaire","8":"product_cat-excuses","9":"product_cat-felicitations","10":"product_cat-fete-des-meres","11":"product_cat-naissances","12":"product_cat-occasion-fr","13":"product_cat-plantes-dexterieur","14":"product_cat-plantes-dinterieur","15":"product_cat-pour-remercier-quelquun","16":"product_tag-azalea-fr","17":"product_tag-plante-dappartement","18":"product_tag-plantes","19":"product_tag-plantes-fete-des-meres","21":"first","22":"instock","23":"sale","24":"shipping-taxable","25":"purchasable","26":"product-type-simple"},"yoast_head":"<!-- This site is optimized with the Yoast SEO Premium plugin v27.5 (Yoast SEO v27.5) - https:\/\/yoast.com\/product\/yoast-seo-premium-wordpress\/ -->\n<title>Azal\u00e9e Rose - Plante - FloraNixena - livraison de fleurs et de plantes<\/title>\n<meta name=\"description\" content=\"&quot;D\u00e9couvrez la beaut\u00e9 intemporelle de l\u2019azal\u00e9e rose: une plante \u00e9l\u00e9gante et vibrante qui ajoute une touche de couleur et de s\u00e9r\u00e9nit\u00e9 \u00e0 votre jardin.\" \/>\n<meta name=\"robots\" content=\"index, follow, max-snippet:-1, max-image-preview:large, max-video-preview:-1\" \/>\n<link rel=\"canonical\" href=\"https:\/\/floranixena.it\/fr\/produit\/azalea-rosa-pianta\/\" \/>\n<meta property=\"og:locale\" content=\"fr_FR\" \/>\n<meta property=\"og:type\" content=\"article\" \/>\n<meta property=\"og:title\" content=\"Azal\u00e9e Rose - Plante\" \/>\n<meta property=\"og:description\" content=\"1 Plante Azalea Rose  Hauteur cm 25-35 c.ca Dans ce produit la livraison est gratuite\" \/>\n<meta property=\"og:url\" content=\"https:\/\/floranixena.it\/fr\/produit\/azalea-rosa-pianta\/\" \/>\n<meta property=\"og:site_name\" content=\"FloraNixena - livraison de fleurs et de plantes\" \/>\n<meta property=\"article:publisher\" content=\"https:\/\/www.facebook.com\/FloraNixena\/\" \/>\n<meta property=\"article:modified_time\" content=\"2025-09-12T07:24:09+00:00\" \/>\n<meta property=\"og:image\" content=\"https:\/\/floranixena.it\/wp-content\/uploads\/2019\/09\/pianta-di-azalea-rosa.webp\" \/>\n\t<meta property=\"og:image:width\" content=\"800\" \/>\n\t<meta property=\"og:image:height\" content=\"800\" \/>\n\t<meta property=\"og:image:type\" content=\"image\/webp\" \/>\n<meta name=\"twitter:card\" content=\"summary_large_image\" \/>\n<meta name=\"twitter:label1\" content=\"Dur\u00e9e de lecture estim\u00e9e\" \/>\n\t<meta name=\"twitter:data1\" content=\"1 minute\" \/>\n<script type=\"application\/ld+json\" class=\"yoast-schema-graph\">{\"@context\":\"https:\\\/\\\/schema.org\",\"@graph\":[{\"@type\":\"WebPage\",\"@id\":\"https:\\\/\\\/floranixena.it\\\/fr\\\/produit\\\/azalea-rosa-pianta\\\/\",\"url\":\"https:\\\/\\\/floranixena.it\\\/fr\\\/produit\\\/azalea-rosa-pianta\\\/\",\"name\":\"Azal\u00e9e Rose - Plante - FloraNixena - livraison de fleurs et de plantes\",\"isPartOf\":{\"@id\":\"https:\\\/\\\/floranixena.it\\\/fr\\\/#website\"},\"primaryImageOfPage\":{\"@id\":\"https:\\\/\\\/floranixena.it\\\/fr\\\/produit\\\/azalea-rosa-pianta\\\/#primaryimage\"},\"image\":{\"@id\":\"https:\\\/\\\/floranixena.it\\\/fr\\\/produit\\\/azalea-rosa-pianta\\\/#primaryimage\"},\"thumbnailUrl\":\"https:\\\/\\\/floranixena.it\\\/wp-content\\\/uploads\\\/2019\\\/09\\\/pianta-di-azalea-rosa.webp\",\"datePublished\":\"2025-08-12T08:48:10+00:00\",\"dateModified\":\"2025-09-12T07:24:09+00:00\",\"description\":\"\\\"D\u00e9couvrez la beaut\u00e9 intemporelle de l\u2019azal\u00e9e rose: une plante \u00e9l\u00e9gante et vibrante qui ajoute une touche de couleur et de s\u00e9r\u00e9nit\u00e9 \u00e0 votre jardin.\",\"breadcrumb\":{\"@id\":\"https:\\\/\\\/floranixena.it\\\/fr\\\/produit\\\/azalea-rosa-pianta\\\/#breadcrumb\"},\"inLanguage\":\"fr-FR\",\"potentialAction\":[{\"@type\":\"ReadAction\",\"target\":[\"https:\\\/\\\/floranixena.it\\\/fr\\\/produit\\\/azalea-rosa-pianta\\\/\"]}]},{\"@type\":\"ImageObject\",\"inLanguage\":\"fr-FR\",\"@id\":\"https:\\\/\\\/floranixena.it\\\/fr\\\/produit\\\/azalea-rosa-pianta\\\/#primaryimage\",\"url\":\"https:\\\/\\\/floranixena.it\\\/wp-content\\\/uploads\\\/2019\\\/09\\\/pianta-di-azalea-rosa.webp\",\"contentUrl\":\"https:\\\/\\\/floranixena.it\\\/wp-content\\\/uploads\\\/2019\\\/09\\\/pianta-di-azalea-rosa.webp\",\"width\":800,\"height\":800,\"caption\":\"Un\u2019esplosione di colore e grazia: l\u2019azalea rosa illumina ogni ambiente con la sua fioritura generosa.\"},{\"@type\":\"BreadcrumbList\",\"@id\":\"https:\\\/\\\/floranixena.it\\\/fr\\\/produit\\\/azalea-rosa-pianta\\\/#breadcrumb\",\"itemListElement\":[{\"@type\":\"ListItem\",\"position\":1,\"name\":\"Home\",\"item\":\"https:\\\/\\\/floranixena.it\\\/fr\\\/\"},{\"@type\":\"ListItem\",\"position\":2,\"name\":\"Magasin\",\"item\":\"https:\\\/\\\/floranixena.it\\\/fr\\\/magasin\\\/\"},{\"@type\":\"ListItem\",\"position\":3,\"name\":\"Azal\u00e9e Rose &#8211; Plante\"}]},{\"@type\":\"WebSite\",\"@id\":\"https:\\\/\\\/floranixena.it\\\/fr\\\/#website\",\"url\":\"https:\\\/\\\/floranixena.it\\\/fr\\\/\",\"name\":\"FloraNixena - Consegna fiori a domicilio in Italia\",\"description\":\"Invia fiori che raccontano storie\",\"publisher\":{\"@id\":\"https:\\\/\\\/floranixena.it\\\/fr\\\/#organization\"},\"alternateName\":\"FloraNixena.it\",\"potentialAction\":[{\"@type\":\"SearchAction\",\"target\":{\"@type\":\"EntryPoint\",\"urlTemplate\":\"https:\\\/\\\/floranixena.it\\\/fr\\\/?s={search_term_string}\"},\"query-input\":{\"@type\":\"PropertyValueSpecification\",\"valueRequired\":true,\"valueName\":\"search_term_string\"}}],\"inLanguage\":\"fr-FR\"},{\"@type\":\"Organization\",\"@id\":\"https:\\\/\\\/floranixena.it\\\/fr\\\/#organization\",\"name\":\"FloraNixena.it - Consegna mazzi di fiori, bouquet e piante a domicilio\",\"url\":\"https:\\\/\\\/floranixena.it\\\/fr\\\/\",\"logo\":{\"@type\":\"ImageObject\",\"inLanguage\":\"fr-FR\",\"@id\":\"https:\\\/\\\/floranixena.it\\\/fr\\\/#\\\/schema\\\/logo\\\/image\\\/\",\"url\":\"https:\\\/\\\/floranixena.it\\\/wp-content\\\/uploads\\\/2018\\\/11\\\/logo-fucsia.png\",\"contentUrl\":\"https:\\\/\\\/floranixena.it\\\/wp-content\\\/uploads\\\/2018\\\/11\\\/logo-fucsia.png\",\"width\":315,\"height\":81,\"caption\":\"FloraNixena.it - Consegna mazzi di fiori, bouquet e piante a domicilio\"},\"image\":{\"@id\":\"https:\\\/\\\/floranixena.it\\\/fr\\\/#\\\/schema\\\/logo\\\/image\\\/\"},\"sameAs\":[\"https:\\\/\\\/www.facebook.com\\\/FloraNixena\\\/\",\"https:\\\/\\\/www.instagram.com\\\/floranixena.it\\\/\",\"https:\\\/\\\/www.youtube.com\\\/channel\\\/UCAfCWXMBezO96jgPjiUgpkA\"],\"description\":\"Chi Siamo? FloraNixena \u00e8 il partner di fiducia per la consegna di fiori freschi a domicilio. Con anni di esperienza nel settore floreale, siamo dedicati a portare la bellezza e la freschezza dei fiori direttamente alla vostra porta. La Nostra Missione La nostra missione \u00e8 trasformare ogni occasione in un momento speciale attraverso la magia dei fiori. Crediamo che un bouquet possa dire pi\u00f9 di mille parole e lavoriamo instancabilmente per assicurarci che ogni consegna porti gioia, amore e bellezza. Cosa Offriamo? Fiori Freschi: Collaboriamo con i migliori fornitori locali per garantire che i nostri fiori siano sempre freschi e di alta qualit\u00e0. Consegna Rapida e Puntuale: Offriamo un servizio di consegna rapido e affidabile, con la possibilit\u00e0 di scegliere la fascia oraria che pi\u00f9 vi conviene. Ampia Selezione: Dalle rose classiche ai bouquet personalizzati, abbiamo una vasta gamma di opzioni per soddisfare ogni gusto e occasione. Assistenza Clienti: Il nostro team \u00e8 sempre a disposizione per assistervi nella scelta del bouquet perfetto e per garantire un'esperienza di acquisto senza intoppi. Perch\u00e9 Sceglierci? Qualit\u00e0 Garantita: Ogni bouquet \u00e8 realizzato con cura dai nostri esperti fioristi, garantendo che ogni composizione sia un'opera d'arte. Servizio Personalizzato: Che sia per un anniversario, un compleanno, una celebrazione o un momento di condoglianza, personalizziamo ogni ordine per rispondere alle vostre esigenze specifiche. Soddisfazione del Cliente: La vostra soddisfazione \u00e8 la nostra priorit\u00e0 assoluta. Facciamo tutto il possibile per assicurarci che ogni consegna superi le vostre aspettative.\",\"email\":\"amministrazione@floranixena.it\",\"telephone\":\"3806342394\",\"legalName\":\"Gaetano Votadoro\"}]}<\/script>\n<!-- \/ Yoast SEO Premium plugin. -->","yoast_head_json":{"title":"Azal\u00e9e Rose - Plante - FloraNixena - livraison de fleurs et de plantes","description":"\"D\u00e9couvrez la beaut\u00e9 intemporelle de l\u2019azal\u00e9e rose: une plante \u00e9l\u00e9gante et vibrante qui ajoute une touche de couleur et de s\u00e9r\u00e9nit\u00e9 \u00e0 votre jardin.","robots":{"index":"index","follow":"follow","max-snippet":"max-snippet:-1","max-image-preview":"max-image-preview:large","max-video-preview":"max-video-preview:-1"},"canonical":"https:\/\/floranixena.it\/fr\/produit\/azalea-rosa-pianta\/","og_locale":"fr_FR","og_type":"article","og_title":"Azal\u00e9e Rose - Plante","og_description":"1 Plante Azalea Rose  Hauteur cm 25-35 c.ca Dans ce produit la livraison est gratuite","og_url":"https:\/\/floranixena.it\/fr\/produit\/azalea-rosa-pianta\/","og_site_name":"FloraNixena - livraison de fleurs et de plantes","article_publisher":"https:\/\/www.facebook.com\/FloraNixena\/","article_modified_time":"2025-09-12T07:24:09+00:00","og_image":[{"width":800,"height":800,"url":"https:\/\/floranixena.it\/wp-content\/uploads\/2019\/09\/pianta-di-azalea-rosa.webp","type":"image\/webp"}],"twitter_card":"summary_large_image","twitter_misc":{"Dur\u00e9e de lecture estim\u00e9e":"1 minute"},"schema":{"@context":"https:\/\/schema.org","@graph":[{"@type":"WebPage","@id":"https:\/\/floranixena.it\/fr\/produit\/azalea-rosa-pianta\/","url":"https:\/\/floranixena.it\/fr\/produit\/azalea-rosa-pianta\/","name":"Azal\u00e9e Rose - Plante - FloraNixena - livraison de fleurs et de plantes","isPartOf":{"@id":"https:\/\/floranixena.it\/fr\/#website"},"primaryImageOfPage":{"@id":"https:\/\/floranixena.it\/fr\/produit\/azalea-rosa-pianta\/#primaryimage"},"image":{"@id":"https:\/\/floranixena.it\/fr\/produit\/azalea-rosa-pianta\/#primaryimage"},"thumbnailUrl":"https:\/\/floranixena.it\/wp-content\/uploads\/2019\/09\/pianta-di-azalea-rosa.webp","datePublished":"2025-08-12T08:48:10+00:00","dateModified":"2025-09-12T07:24:09+00:00","description":"\"D\u00e9couvrez la beaut\u00e9 intemporelle de l\u2019azal\u00e9e rose: une plante \u00e9l\u00e9gante et vibrante qui ajoute une touche de couleur et de s\u00e9r\u00e9nit\u00e9 \u00e0 votre jardin.","breadcrumb":{"@id":"https:\/\/floranixena.it\/fr\/produit\/azalea-rosa-pianta\/#breadcrumb"},"inLanguage":"fr-FR","potentialAction":[{"@type":"ReadAction","target":["https:\/\/floranixena.it\/fr\/produit\/azalea-rosa-pianta\/"]}]},{"@type":"ImageObject","inLanguage":"fr-FR","@id":"https:\/\/floranixena.it\/fr\/produit\/azalea-rosa-pianta\/#primaryimage","url":"https:\/\/floranixena.it\/wp-content\/uploads\/2019\/09\/pianta-di-azalea-rosa.webp","contentUrl":"https:\/\/floranixena.it\/wp-content\/uploads\/2019\/09\/pianta-di-azalea-rosa.webp","width":800,"height":800,"caption":"Un\u2019esplosione di colore e grazia: l\u2019azalea rosa illumina ogni ambiente con la sua fioritura generosa."},{"@type":"BreadcrumbList","@id":"https:\/\/floranixena.it\/fr\/produit\/azalea-rosa-pianta\/#breadcrumb","itemListElement":[{"@type":"ListItem","position":1,"name":"Home","item":"https:\/\/floranixena.it\/fr\/"},{"@type":"ListItem","position":2,"name":"Magasin","item":"https:\/\/floranixena.it\/fr\/magasin\/"},{"@type":"ListItem","position":3,"name":"Azal\u00e9e Rose &#8211; Plante"}]},{"@type":"WebSite","@id":"https:\/\/floranixena.it\/fr\/#website","url":"https:\/\/floranixena.it\/fr\/","name":"FloraNixena - Consegna fiori a domicilio in Italia","description":"Invia fiori che raccontano storie","publisher":{"@id":"https:\/\/floranixena.it\/fr\/#organization"},"alternateName":"FloraNixena.it","potentialAction":[{"@type":"SearchAction","target":{"@type":"EntryPoint","urlTemplate":"https:\/\/floranixena.it\/fr\/?s={search_term_string}"},"query-input":{"@type":"PropertyValueSpecification","valueRequired":true,"valueName":"search_term_string"}}],"inLanguage":"fr-FR"},{"@type":"Organization","@id":"https:\/\/floranixena.it\/fr\/#organization","name":"FloraNixena.it - Consegna mazzi di fiori, bouquet e piante a domicilio","url":"https:\/\/floranixena.it\/fr\/","logo":{"@type":"ImageObject","inLanguage":"fr-FR","@id":"https:\/\/floranixena.it\/fr\/#\/schema\/logo\/image\/","url":"https:\/\/floranixena.it\/wp-content\/uploads\/2018\/11\/logo-fucsia.png","contentUrl":"https:\/\/floranixena.it\/wp-content\/uploads\/2018\/11\/logo-fucsia.png","width":315,"height":81,"caption":"FloraNixena.it - Consegna mazzi di fiori, bouquet e piante a domicilio"},"image":{"@id":"https:\/\/floranixena.it\/fr\/#\/schema\/logo\/image\/"},"sameAs":["https:\/\/www.facebook.com\/FloraNixena\/","https:\/\/www.instagram.com\/floranixena.it\/","https:\/\/www.youtube.com\/channel\/UCAfCWXMBezO96jgPjiUgpkA"],"description":"Chi Siamo? FloraNixena \u00e8 il partner di fiducia per la consegna di fiori freschi a domicilio. Con anni di esperienza nel settore floreale, siamo dedicati a portare la bellezza e la freschezza dei fiori direttamente alla vostra porta. La Nostra Missione La nostra missione \u00e8 trasformare ogni occasione in un momento speciale attraverso la magia dei fiori. Crediamo che un bouquet possa dire pi\u00f9 di mille parole e lavoriamo instancabilmente per assicurarci che ogni consegna porti gioia, amore e bellezza. Cosa Offriamo? Fiori Freschi: Collaboriamo con i migliori fornitori locali per garantire che i nostri fiori siano sempre freschi e di alta qualit\u00e0. Consegna Rapida e Puntuale: Offriamo un servizio di consegna rapido e affidabile, con la possibilit\u00e0 di scegliere la fascia oraria che pi\u00f9 vi conviene. Ampia Selezione: Dalle rose classiche ai bouquet personalizzati, abbiamo una vasta gamma di opzioni per soddisfare ogni gusto e occasione. Assistenza Clienti: Il nostro team \u00e8 sempre a disposizione per assistervi nella scelta del bouquet perfetto e per garantire un'esperienza di acquisto senza intoppi. Perch\u00e9 Sceglierci? Qualit\u00e0 Garantita: Ogni bouquet \u00e8 realizzato con cura dai nostri esperti fioristi, garantendo che ogni composizione sia un'opera d'arte. Servizio Personalizzato: Che sia per un anniversario, un compleanno, una celebrazione o un momento di condoglianza, personalizziamo ogni ordine per rispondere alle vostre esigenze specifiche. Soddisfazione del Cliente: La vostra soddisfazione \u00e8 la nostra priorit\u00e0 assoluta. Facciamo tutto il possibile per assicurarci che ogni consegna superi le vostre aspettative.","email":"amministrazione@floranixena.it","telephone":"3806342394","legalName":"Gaetano Votadoro"}]}},"_links":{"self":[{"href":"https:\/\/floranixena.it\/fr\/wp-json\/wp\/v2\/product\/17764","targetHints":{"allow":["GET"]}}],"collection":[{"href":"https:\/\/floranixena.it\/fr\/wp-json\/wp\/v2\/product"}],"about":[{"href":"https:\/\/floranixena.it\/fr\/wp-json\/wp\/v2\/types\/product"}],"replies":[{"embeddable":true,"href":"https:\/\/floranixena.it\/fr\/wp-json\/wp\/v2\/comments?post=17764"}],"wp:featuredmedia":[{"embeddable":true,"href":"https:\/\/floranixena.it\/fr\/wp-json\/wp\/v2\/media\/17765"}],"wp:attachment":[{"href":"https:\/\/floranixena.it\/fr\/wp-json\/wp\/v2\/media?parent=17764"}],"wp:term":[{"taxonomy":"product_brand","embeddable":true,"href":"https:\/\/floranixena.it\/fr\/wp-json\/wp\/v2\/product_brand?post=17764"},{"taxonomy":"product_cat","embeddable":true,"href":"https:\/\/floranixena.it\/fr\/wp-json\/wp\/v2\/product_cat?post=17764"},{"taxonomy":"product_tag","embeddable":true,"href":"https:\/\/floranixena.it\/fr\/wp-json\/wp\/v2\/product_tag?post=17764"}],"curies":[{"name":"wp","href":"https:\/\/api.w.org\/{rel}","templated":true}]}}