{"id":17762,"date":"2025-08-12T10:40:37","date_gmt":"2025-08-12T08:40:37","guid":{"rendered":"https:\/\/floranixena.it\/product\/ficus-benjamin-pianta\/"},"modified":"2025-09-10T17:12:30","modified_gmt":"2025-09-10T15:12:30","slug":"ficus-benjamin-pianta","status":"publish","type":"product","link":"https:\/\/floranixena.it\/fr\/produit\/ficus-benjamin-pianta\/","title":{"rendered":"Ficus Benjamin &#8211; Plante"},"content":{"rendered":"<h1>Offrir un <strong>Ficus Benjamin<\/strong><\/h1>\n<p>pour l\u2019inauguration d\u2019un local est une bonne id\u00e9e! C\u2019est une <strong><a href=\"https:\/\/floranixena.it\/fr\/catalog\/plantes-fr\/\" target=\"_blank\" rel=\"noopener\">plante<\/a><\/strong> polyvalente et appr\u00e9ci\u00e9e, adapt\u00e9e \u00e0 une vari\u00e9t\u00e9 de milieux et facile \u00e0 entretenir. <\/p>\n<p>En ce qui concerne les <a href=\"https:\/\/floranixena.it\/fr\/prodotto\/pianta-ficus-lyrata\/\" target=\"_blank\" rel=\"noopener\"><strong>plantes d&rsquo;appartement<\/strong><\/a> et les tendances actuelles, le Ficus Benjamin avec des feuilles de violon est certainement un choix populaire. Sa forme d\u2019arbre \u00e9l\u00e9gant et ses feuilles d\u00e9licates en font un ajout fascinant \u00e0 tout <a href=\"https:\/\/floranixena.it\/fr\/catalog\/plantes-fr\/plantes-dinterieur\/\" target=\"_blank\" rel=\"noopener\"><strong>espace int\u00e9rieur<\/strong><\/a>. En outre, il est connu pour \u00eatre efficace dans l\u2019am\u00e9lioration de la qualit\u00e9 de l\u2019air \u00e0 l\u2019int\u00e9rieur des environnements o\u00f9 il est plac\u00e9, contribuant \u00e0 cr\u00e9er un environnement plus sain et agr\u00e9able.  <\/p>\n<p>Lors du choix d\u2019une <a href=\"https:\/\/floranixena.it\/fr\/prodotto\/pianta-ficus-lyrata\/\">plante d&rsquo;appartement<\/a> comme <strong><a href=\"https:\/\/floranixena.it\/fr\/catalog\/cadeaux\/\" target=\"_blank\" rel=\"noopener\">cadeau<\/a>,<\/strong> il est important de consid\u00e9rer \u00e9galement la taille et le style de l\u2019environnement dans lequel elle sera plac\u00e9e. \u0400 disponible en diff\u00e9rentes tailles, de sorte que vous pouvez trouver la version qui convient le mieux aux besoins du destinataire et \u00e0 l\u2019espace disponible dans le local. <\/p>\n<p>De plus, le <strong>Ficus Benjamin<\/strong> est une <a href=\"https:\/\/floranixena.it\/fr\/prodotto\/felce-di-boston-plante\/\">plante assez facile \u00e0 entretenir<\/a>, n\u00e9cessitant une lumi\u00e8re indirecte brillante et un arrosage r\u00e9gulier. Il est important d\u2019\u00e9viter de laisser s\u2019accumuler de l\u2019eau dans le sous-pot et de prot\u00e9ger la plante des courants d\u2019air froid. <\/p>\n<p>Dans l\u2019ensemble, c\u2019est un choix de cadeau polyvalent, \u00e9l\u00e9gant et appr\u00e9ci\u00e9 pour les ouvertures de locaux tels que des bureaux, des pizzerias, des restaurants et comme signe de <a href=\"https:\/\/floranixena.it\/fr\/catalog\/pour-remercier-quelquun\/\" target=\"_blank\" rel=\"noopener\"><strong>remerciement<\/strong><\/a>.<\/p>\n","protected":false},"excerpt":{"rendered":"<ul>\n<li>Plante Ficus Benjamin (d&rsquo;appartement ou bureau)<\/li>\n<li>Tailles: 120cm c.ca<\/li>\n<\/ul>\n<p>Vase en c\u00e9ramique non inclus (mais en plastique)<\/p>\n<p><span style=\"color: #339966;\"><strong>Dans ce produit la livraison est gratuite<\/strong><\/span><\/p>\n<div id=\"gtx-trans\" style=\"position: absolute; left: 98px; top: 95.8px;\">\n<div class=\"gtx-trans-icon\"><\/div>\n<\/div>\n","protected":false},"featured_media":17763,"comment_status":"open","ping_status":"closed","template":"","meta":[],"product_brand":[],"product_cat":[3285,3287,3260,3263,3262,3284,3704,3706,3443,3699,3444,3288,3842,3843,3703],"product_tag":[3709,3707,3845,3838],"class_list":{"0":"post-17762","1":"product","2":"type-product","3":"status-publish","4":"has-post-thumbnail","6":"product_cat-amitie","7":"product_cat-felicitations","8":"product_cat-fete-de-la-femme","9":"product_cat-fete-des-meres","10":"product_cat-jour-du-nom","11":"product_cat-occasion-fr","12":"product_cat-plantes-fr","13":"product_cat-plantes-dexterieur","14":"product_cat-pour-la-soeur","15":"product_cat-pour-les-grands-parents","16":"product_cat-pour-les-oncles","17":"product_cat-pour-remercier-quelquun","18":"product_cat-pour-un-ami","19":"product_cat-pour-un-collegue","20":"product_cat-pour-un-homme","21":"product_tag-livraison-de-plantes-a-domicile","22":"product_tag-plante-dappartement","23":"product_tag-plante-dexterieur","24":"product_tag-plante-de-bureau","26":"first","27":"instock","28":"sale","29":"shipping-taxable","30":"purchasable","31":"product-type-simple"},"yoast_head":"<!-- This site is optimized with the Yoast SEO Premium plugin v27.5 (Yoast SEO v27.5) - https:\/\/yoast.com\/product\/yoast-seo-premium-wordpress\/ -->\n<title>Ficus Benjamina - FloraNixena - livraison de fleurs et de plantes<\/title>\n<meta name=\"description\" content=\"&quot;Le cadeau parfait pour les inaugurations : Ficus Benjamina. Ajoutez \u00e9l\u00e9gance et fra\u00eecheur aux int\u00e9rieurs. Achetez maintenant!&quot;\" \/>\n<meta name=\"robots\" content=\"index, follow, max-snippet:-1, max-image-preview:large, max-video-preview:-1\" \/>\n<link rel=\"canonical\" href=\"https:\/\/floranixena.it\/fr\/produit\/ficus-benjamin-pianta\/\" \/>\n<meta property=\"og:locale\" content=\"fr_FR\" \/>\n<meta property=\"og:type\" content=\"article\" \/>\n<meta property=\"og:title\" content=\"Ficus Benjamin - Plante\" \/>\n<meta property=\"og:description\" content=\"Plante Ficus Benjamin (d&#039;appartement ou bureau)  Tailles: 120cm c.ca Vase en c\u00e9ramique non inclus (mais en plastique) Dans ce produit la livraison est gratuite\" \/>\n<meta property=\"og:url\" content=\"https:\/\/floranixena.it\/fr\/produit\/ficus-benjamin-pianta\/\" \/>\n<meta property=\"og:site_name\" content=\"FloraNixena - livraison de fleurs et de plantes\" \/>\n<meta property=\"article:publisher\" content=\"https:\/\/www.facebook.com\/FloraNixena\/\" \/>\n<meta property=\"article:modified_time\" content=\"2025-09-10T15:12:30+00:00\" \/>\n<meta property=\"og:image\" content=\"https:\/\/floranixena.it\/wp-content\/uploads\/2019\/09\/ficus-benjamin.webp\" \/>\n\t<meta property=\"og:image:width\" content=\"800\" \/>\n\t<meta property=\"og:image:height\" content=\"800\" \/>\n\t<meta property=\"og:image:type\" content=\"image\/webp\" \/>\n<meta name=\"twitter:card\" content=\"summary_large_image\" \/>\n<meta name=\"twitter:label1\" content=\"Dur\u00e9e de lecture estim\u00e9e\" \/>\n\t<meta name=\"twitter:data1\" content=\"1 minute\" \/>\n<script type=\"application\/ld+json\" class=\"yoast-schema-graph\">{\"@context\":\"https:\\\/\\\/schema.org\",\"@graph\":[{\"@type\":\"WebPage\",\"@id\":\"https:\\\/\\\/floranixena.it\\\/fr\\\/produit\\\/ficus-benjamin-pianta\\\/\",\"url\":\"https:\\\/\\\/floranixena.it\\\/fr\\\/produit\\\/ficus-benjamin-pianta\\\/\",\"name\":\"Ficus Benjamina - FloraNixena - livraison de fleurs et de plantes\",\"isPartOf\":{\"@id\":\"https:\\\/\\\/floranixena.it\\\/fr\\\/#website\"},\"primaryImageOfPage\":{\"@id\":\"https:\\\/\\\/floranixena.it\\\/fr\\\/produit\\\/ficus-benjamin-pianta\\\/#primaryimage\"},\"image\":{\"@id\":\"https:\\\/\\\/floranixena.it\\\/fr\\\/produit\\\/ficus-benjamin-pianta\\\/#primaryimage\"},\"thumbnailUrl\":\"https:\\\/\\\/floranixena.it\\\/wp-content\\\/uploads\\\/2019\\\/09\\\/ficus-benjamin.webp\",\"datePublished\":\"2025-08-12T08:40:37+00:00\",\"dateModified\":\"2025-09-10T15:12:30+00:00\",\"description\":\"\\\"Le cadeau parfait pour les inaugurations : Ficus Benjamina. Ajoutez \u00e9l\u00e9gance et fra\u00eecheur aux int\u00e9rieurs. Achetez maintenant!\\\"\",\"breadcrumb\":{\"@id\":\"https:\\\/\\\/floranixena.it\\\/fr\\\/produit\\\/ficus-benjamin-pianta\\\/#breadcrumb\"},\"inLanguage\":\"fr-FR\",\"potentialAction\":[{\"@type\":\"ReadAction\",\"target\":[\"https:\\\/\\\/floranixena.it\\\/fr\\\/produit\\\/ficus-benjamin-pianta\\\/\"]}]},{\"@type\":\"ImageObject\",\"inLanguage\":\"fr-FR\",\"@id\":\"https:\\\/\\\/floranixena.it\\\/fr\\\/produit\\\/ficus-benjamin-pianta\\\/#primaryimage\",\"url\":\"https:\\\/\\\/floranixena.it\\\/wp-content\\\/uploads\\\/2019\\\/09\\\/ficus-benjamin.webp\",\"contentUrl\":\"https:\\\/\\\/floranixena.it\\\/wp-content\\\/uploads\\\/2019\\\/09\\\/ficus-benjamin.webp\",\"width\":800,\"height\":800,\"caption\":\"Ficus benjamina con foglie verdi lucide e tronco intrecciato in vaso verde chiaro, su sfondo bianco.\"},{\"@type\":\"BreadcrumbList\",\"@id\":\"https:\\\/\\\/floranixena.it\\\/fr\\\/produit\\\/ficus-benjamin-pianta\\\/#breadcrumb\",\"itemListElement\":[{\"@type\":\"ListItem\",\"position\":1,\"name\":\"Home\",\"item\":\"https:\\\/\\\/floranixena.it\\\/fr\\\/\"},{\"@type\":\"ListItem\",\"position\":2,\"name\":\"Magasin\",\"item\":\"https:\\\/\\\/floranixena.it\\\/fr\\\/magasin\\\/\"},{\"@type\":\"ListItem\",\"position\":3,\"name\":\"Ficus Benjamin &#8211; Plante\"}]},{\"@type\":\"WebSite\",\"@id\":\"https:\\\/\\\/floranixena.it\\\/fr\\\/#website\",\"url\":\"https:\\\/\\\/floranixena.it\\\/fr\\\/\",\"name\":\"FloraNixena - Consegna fiori a domicilio in Italia\",\"description\":\"Invia fiori che raccontano storie\",\"publisher\":{\"@id\":\"https:\\\/\\\/floranixena.it\\\/fr\\\/#organization\"},\"alternateName\":\"FloraNixena.it\",\"potentialAction\":[{\"@type\":\"SearchAction\",\"target\":{\"@type\":\"EntryPoint\",\"urlTemplate\":\"https:\\\/\\\/floranixena.it\\\/fr\\\/?s={search_term_string}\"},\"query-input\":{\"@type\":\"PropertyValueSpecification\",\"valueRequired\":true,\"valueName\":\"search_term_string\"}}],\"inLanguage\":\"fr-FR\"},{\"@type\":\"Organization\",\"@id\":\"https:\\\/\\\/floranixena.it\\\/fr\\\/#organization\",\"name\":\"FloraNixena.it - Consegna mazzi di fiori, bouquet e piante a domicilio\",\"url\":\"https:\\\/\\\/floranixena.it\\\/fr\\\/\",\"logo\":{\"@type\":\"ImageObject\",\"inLanguage\":\"fr-FR\",\"@id\":\"https:\\\/\\\/floranixena.it\\\/fr\\\/#\\\/schema\\\/logo\\\/image\\\/\",\"url\":\"https:\\\/\\\/floranixena.it\\\/wp-content\\\/uploads\\\/2018\\\/11\\\/logo-fucsia.png\",\"contentUrl\":\"https:\\\/\\\/floranixena.it\\\/wp-content\\\/uploads\\\/2018\\\/11\\\/logo-fucsia.png\",\"width\":315,\"height\":81,\"caption\":\"FloraNixena.it - Consegna mazzi di fiori, bouquet e piante a domicilio\"},\"image\":{\"@id\":\"https:\\\/\\\/floranixena.it\\\/fr\\\/#\\\/schema\\\/logo\\\/image\\\/\"},\"sameAs\":[\"https:\\\/\\\/www.facebook.com\\\/FloraNixena\\\/\",\"https:\\\/\\\/www.instagram.com\\\/floranixena.it\\\/\",\"https:\\\/\\\/www.youtube.com\\\/channel\\\/UCAfCWXMBezO96jgPjiUgpkA\"],\"description\":\"Chi Siamo? FloraNixena \u00e8 il partner di fiducia per la consegna di fiori freschi a domicilio. Con anni di esperienza nel settore floreale, siamo dedicati a portare la bellezza e la freschezza dei fiori direttamente alla vostra porta. La Nostra Missione La nostra missione \u00e8 trasformare ogni occasione in un momento speciale attraverso la magia dei fiori. Crediamo che un bouquet possa dire pi\u00f9 di mille parole e lavoriamo instancabilmente per assicurarci che ogni consegna porti gioia, amore e bellezza. Cosa Offriamo? Fiori Freschi: Collaboriamo con i migliori fornitori locali per garantire che i nostri fiori siano sempre freschi e di alta qualit\u00e0. Consegna Rapida e Puntuale: Offriamo un servizio di consegna rapido e affidabile, con la possibilit\u00e0 di scegliere la fascia oraria che pi\u00f9 vi conviene. Ampia Selezione: Dalle rose classiche ai bouquet personalizzati, abbiamo una vasta gamma di opzioni per soddisfare ogni gusto e occasione. Assistenza Clienti: Il nostro team \u00e8 sempre a disposizione per assistervi nella scelta del bouquet perfetto e per garantire un'esperienza di acquisto senza intoppi. Perch\u00e9 Sceglierci? Qualit\u00e0 Garantita: Ogni bouquet \u00e8 realizzato con cura dai nostri esperti fioristi, garantendo che ogni composizione sia un'opera d'arte. Servizio Personalizzato: Che sia per un anniversario, un compleanno, una celebrazione o un momento di condoglianza, personalizziamo ogni ordine per rispondere alle vostre esigenze specifiche. Soddisfazione del Cliente: La vostra soddisfazione \u00e8 la nostra priorit\u00e0 assoluta. Facciamo tutto il possibile per assicurarci che ogni consegna superi le vostre aspettative.\",\"email\":\"amministrazione@floranixena.it\",\"telephone\":\"3806342394\",\"legalName\":\"Gaetano Votadoro\"}]}<\/script>\n<!-- \/ Yoast SEO Premium plugin. -->","yoast_head_json":{"title":"Ficus Benjamina - FloraNixena - livraison de fleurs et de plantes","description":"\"Le cadeau parfait pour les inaugurations : Ficus Benjamina. Ajoutez \u00e9l\u00e9gance et fra\u00eecheur aux int\u00e9rieurs. Achetez maintenant!\"","robots":{"index":"index","follow":"follow","max-snippet":"max-snippet:-1","max-image-preview":"max-image-preview:large","max-video-preview":"max-video-preview:-1"},"canonical":"https:\/\/floranixena.it\/fr\/produit\/ficus-benjamin-pianta\/","og_locale":"fr_FR","og_type":"article","og_title":"Ficus Benjamin - Plante","og_description":"Plante Ficus Benjamin (d'appartement ou bureau)  Tailles: 120cm c.ca Vase en c\u00e9ramique non inclus (mais en plastique) Dans ce produit la livraison est gratuite","og_url":"https:\/\/floranixena.it\/fr\/produit\/ficus-benjamin-pianta\/","og_site_name":"FloraNixena - livraison de fleurs et de plantes","article_publisher":"https:\/\/www.facebook.com\/FloraNixena\/","article_modified_time":"2025-09-10T15:12:30+00:00","og_image":[{"width":800,"height":800,"url":"https:\/\/floranixena.it\/wp-content\/uploads\/2019\/09\/ficus-benjamin.webp","type":"image\/webp"}],"twitter_card":"summary_large_image","twitter_misc":{"Dur\u00e9e de lecture estim\u00e9e":"1 minute"},"schema":{"@context":"https:\/\/schema.org","@graph":[{"@type":"WebPage","@id":"https:\/\/floranixena.it\/fr\/produit\/ficus-benjamin-pianta\/","url":"https:\/\/floranixena.it\/fr\/produit\/ficus-benjamin-pianta\/","name":"Ficus Benjamina - FloraNixena - livraison de fleurs et de plantes","isPartOf":{"@id":"https:\/\/floranixena.it\/fr\/#website"},"primaryImageOfPage":{"@id":"https:\/\/floranixena.it\/fr\/produit\/ficus-benjamin-pianta\/#primaryimage"},"image":{"@id":"https:\/\/floranixena.it\/fr\/produit\/ficus-benjamin-pianta\/#primaryimage"},"thumbnailUrl":"https:\/\/floranixena.it\/wp-content\/uploads\/2019\/09\/ficus-benjamin.webp","datePublished":"2025-08-12T08:40:37+00:00","dateModified":"2025-09-10T15:12:30+00:00","description":"\"Le cadeau parfait pour les inaugurations : Ficus Benjamina. Ajoutez \u00e9l\u00e9gance et fra\u00eecheur aux int\u00e9rieurs. Achetez maintenant!\"","breadcrumb":{"@id":"https:\/\/floranixena.it\/fr\/produit\/ficus-benjamin-pianta\/#breadcrumb"},"inLanguage":"fr-FR","potentialAction":[{"@type":"ReadAction","target":["https:\/\/floranixena.it\/fr\/produit\/ficus-benjamin-pianta\/"]}]},{"@type":"ImageObject","inLanguage":"fr-FR","@id":"https:\/\/floranixena.it\/fr\/produit\/ficus-benjamin-pianta\/#primaryimage","url":"https:\/\/floranixena.it\/wp-content\/uploads\/2019\/09\/ficus-benjamin.webp","contentUrl":"https:\/\/floranixena.it\/wp-content\/uploads\/2019\/09\/ficus-benjamin.webp","width":800,"height":800,"caption":"Ficus benjamina con foglie verdi lucide e tronco intrecciato in vaso verde chiaro, su sfondo bianco."},{"@type":"BreadcrumbList","@id":"https:\/\/floranixena.it\/fr\/produit\/ficus-benjamin-pianta\/#breadcrumb","itemListElement":[{"@type":"ListItem","position":1,"name":"Home","item":"https:\/\/floranixena.it\/fr\/"},{"@type":"ListItem","position":2,"name":"Magasin","item":"https:\/\/floranixena.it\/fr\/magasin\/"},{"@type":"ListItem","position":3,"name":"Ficus Benjamin &#8211; Plante"}]},{"@type":"WebSite","@id":"https:\/\/floranixena.it\/fr\/#website","url":"https:\/\/floranixena.it\/fr\/","name":"FloraNixena - Consegna fiori a domicilio in Italia","description":"Invia fiori che raccontano storie","publisher":{"@id":"https:\/\/floranixena.it\/fr\/#organization"},"alternateName":"FloraNixena.it","potentialAction":[{"@type":"SearchAction","target":{"@type":"EntryPoint","urlTemplate":"https:\/\/floranixena.it\/fr\/?s={search_term_string}"},"query-input":{"@type":"PropertyValueSpecification","valueRequired":true,"valueName":"search_term_string"}}],"inLanguage":"fr-FR"},{"@type":"Organization","@id":"https:\/\/floranixena.it\/fr\/#organization","name":"FloraNixena.it - Consegna mazzi di fiori, bouquet e piante a domicilio","url":"https:\/\/floranixena.it\/fr\/","logo":{"@type":"ImageObject","inLanguage":"fr-FR","@id":"https:\/\/floranixena.it\/fr\/#\/schema\/logo\/image\/","url":"https:\/\/floranixena.it\/wp-content\/uploads\/2018\/11\/logo-fucsia.png","contentUrl":"https:\/\/floranixena.it\/wp-content\/uploads\/2018\/11\/logo-fucsia.png","width":315,"height":81,"caption":"FloraNixena.it - Consegna mazzi di fiori, bouquet e piante a domicilio"},"image":{"@id":"https:\/\/floranixena.it\/fr\/#\/schema\/logo\/image\/"},"sameAs":["https:\/\/www.facebook.com\/FloraNixena\/","https:\/\/www.instagram.com\/floranixena.it\/","https:\/\/www.youtube.com\/channel\/UCAfCWXMBezO96jgPjiUgpkA"],"description":"Chi Siamo? FloraNixena \u00e8 il partner di fiducia per la consegna di fiori freschi a domicilio. Con anni di esperienza nel settore floreale, siamo dedicati a portare la bellezza e la freschezza dei fiori direttamente alla vostra porta. La Nostra Missione La nostra missione \u00e8 trasformare ogni occasione in un momento speciale attraverso la magia dei fiori. Crediamo che un bouquet possa dire pi\u00f9 di mille parole e lavoriamo instancabilmente per assicurarci che ogni consegna porti gioia, amore e bellezza. Cosa Offriamo? Fiori Freschi: Collaboriamo con i migliori fornitori locali per garantire che i nostri fiori siano sempre freschi e di alta qualit\u00e0. Consegna Rapida e Puntuale: Offriamo un servizio di consegna rapido e affidabile, con la possibilit\u00e0 di scegliere la fascia oraria che pi\u00f9 vi conviene. Ampia Selezione: Dalle rose classiche ai bouquet personalizzati, abbiamo una vasta gamma di opzioni per soddisfare ogni gusto e occasione. Assistenza Clienti: Il nostro team \u00e8 sempre a disposizione per assistervi nella scelta del bouquet perfetto e per garantire un'esperienza di acquisto senza intoppi. Perch\u00e9 Sceglierci? Qualit\u00e0 Garantita: Ogni bouquet \u00e8 realizzato con cura dai nostri esperti fioristi, garantendo che ogni composizione sia un'opera d'arte. Servizio Personalizzato: Che sia per un anniversario, un compleanno, una celebrazione o un momento di condoglianza, personalizziamo ogni ordine per rispondere alle vostre esigenze specifiche. Soddisfazione del Cliente: La vostra soddisfazione \u00e8 la nostra priorit\u00e0 assoluta. Facciamo tutto il possibile per assicurarci che ogni consegna superi le vostre aspettative.","email":"amministrazione@floranixena.it","telephone":"3806342394","legalName":"Gaetano Votadoro"}]}},"_links":{"self":[{"href":"https:\/\/floranixena.it\/fr\/wp-json\/wp\/v2\/product\/17762","targetHints":{"allow":["GET"]}}],"collection":[{"href":"https:\/\/floranixena.it\/fr\/wp-json\/wp\/v2\/product"}],"about":[{"href":"https:\/\/floranixena.it\/fr\/wp-json\/wp\/v2\/types\/product"}],"replies":[{"embeddable":true,"href":"https:\/\/floranixena.it\/fr\/wp-json\/wp\/v2\/comments?post=17762"}],"wp:featuredmedia":[{"embeddable":true,"href":"https:\/\/floranixena.it\/fr\/wp-json\/wp\/v2\/media\/17763"}],"wp:attachment":[{"href":"https:\/\/floranixena.it\/fr\/wp-json\/wp\/v2\/media?parent=17762"}],"wp:term":[{"taxonomy":"product_brand","embeddable":true,"href":"https:\/\/floranixena.it\/fr\/wp-json\/wp\/v2\/product_brand?post=17762"},{"taxonomy":"product_cat","embeddable":true,"href":"https:\/\/floranixena.it\/fr\/wp-json\/wp\/v2\/product_cat?post=17762"},{"taxonomy":"product_tag","embeddable":true,"href":"https:\/\/floranixena.it\/fr\/wp-json\/wp\/v2\/product_tag?post=17762"}],"curies":[{"name":"wp","href":"https:\/\/api.w.org\/{rel}","templated":true}]}}