{"id":17751,"date":"2025-08-04T14:20:49","date_gmt":"2025-08-04T12:20:49","guid":{"rendered":"https:\/\/floranixena.it\/product\/cactus-a-colonna\/"},"modified":"2025-09-12T12:08:25","modified_gmt":"2025-09-12T10:08:25","slug":"cactus-a-colonna","status":"publish","type":"product","link":"https:\/\/floranixena.it\/fr\/produit\/cactus-a-colonna\/","title":{"rendered":"Cactus \u00e0 Colonne"},"content":{"rendered":"<h1>Plante Cactus \u00e0 Colonne<\/h1>\n<p>Si vous cherchez une plante d\u2019ext\u00e9rieur ou d\u2019int\u00e9rieur, qui pourrait devenir la pi\u00e8ce ma\u00eetresse dans n\u2019importe quelle pi\u00e8ce de votre maison, le <strong>cactus \u00e0 colonne<\/strong>, \u00e9galement connu sous le nom de Cereus peruvianus, est le choix parfait. Ce cactus extraordinaire, souvent confondu avec la plante Euforbia, est id\u00e9al pour les espaces \u00e0 hauts plafonds en raison de sa capacit\u00e9 \u00e0 pousser tr\u00e8s haut. Sa pr\u00e9sence ajoute une touche d\u2019\u00e9l\u00e9gance et de charme \u00e0 n\u2019importe quel environnement.  <\/p>\n<h3>Pourquoi Choisir un Cactus \u00e0 Colonne?<\/h3>\n<p>Les cactus \u00e0 colonnes sont tr\u00e8s d\u00e9coratifs et faciles \u00e0 entretenir, ce qui en fait un excellent choix pour ceux qui veulent une <a href=\"https:\/\/floranixena.it\/fr\/prodotto\/sansevieria-plante\/\">plante belle<\/a> et peu exigeante. Avec FloraNixena, vous pouvez offrir un cactus en colonne avec livraison \u00e0 domicile, ce qui rend facile et pratique d\u2019ajouter une touche verte \u00e0 votre maison ou \u00e0 celle d\u2019un \u00eatre cher. <\/p>\n<h3>Caract\u00e9ristiques et Avantages<\/h3>\n<ul>\n<li><strong>Convient \u00e0 toute lumi\u00e8re<\/strong>: Le cactus \u00e0 colonnes pr\u00e9f\u00e8re la lumi\u00e8re du soleil, mais peut \u00e9galement prosp\u00e9rer dans des conditions de faible luminosit\u00e9. Cela le rend extr\u00eamement polyvalent et adapt\u00e9 \u00e0 divers environnements int\u00e9rieurs. <\/li>\n<li><strong>Entretien Minimal<\/strong>: Les cactus n\u00e9cessitent moins d\u2019arrosage que les autres plantes, ce qui les rend parfaits pour ceux qui ont un style de vie tr\u00e9pidant.<\/li>\n<li><strong>D\u00e9coratif<\/strong>: Avec leur aspect majestueux, les cactus \u00e0 colonnes sont parfaits pour ajouter une touche de design naturel \u00e0 votre maison.<\/li>\n<li><strong>Floraison d\u2019\u00e9t\u00e9<\/strong>: Avec le bon TLC (Tender Loving Care) et les conditions de vie optimales, vous verrez cette plante fleurir de belles fleurs blanches qui s\u2019ouvrent la nuit dans les mois d\u2019\u00e9t\u00e9.<\/li>\n<\/ul>\n<h3>Attention aux Enfants et aux Animaux<\/h3>\n<p>Les cactus \u00e0 colonnes ont des pointes pointues qui peuvent \u00eatre dangereuses pour les petits enfants et les animaux domestiques. Assurez-vous de les placer dans des endroits s\u00fbrs o\u00f9 ils ne peuvent pas \u00eatre facilement accessibles. <\/p>\n<p>Les <a href=\"https:\/\/floranixena.it\/fr\/prodotto\/cactus-san-pedro-pianta-grassa\/\" target=\"_blank\" rel=\"noopener\"><strong>cactus<\/strong><\/a> ne devraient pas manquer chez vous ou chez le <a href=\"https:\/\/floranixena.it\/prodotto\/mazzo-per-la-nascita-di-una-bambina\/\">destinataire<\/a>. Ces plantes sont un reflet de votre caract\u00e8re int\u00e9rieur : fortes, r\u00e9sistantes et \u00e9tonnamment belles. Avec <a href=\"https:\/\/floranixena.it\/fr\/\" target=\"_blank\" rel=\"noopener\"><strong>FloraNixena<\/strong><\/a>, donner un cactus par colonne n\u2019a jamais \u00e9t\u00e9 aussi simple. Ajoutez une touche de nature \u00e0 votre vie avec une plante qui est non seulement facile \u00e0 entretenir, mais qui peut transformer n\u2019importe quel espace en une oasis de tranquillit\u00e9 et de beaut\u00e9.   <\/p>\n","protected":false},"excerpt":{"rendered":"<ul>\n<li>1 Plante cactus \u00e0 colonne<\/li>\n<li>Emball\u00e9 avec cellophane et livr\u00e9<\/li>\n<li>Vase en plastique<\/li>\n<\/ul>\n","protected":false},"featured_media":17752,"comment_status":"open","ping_status":"closed","template":"","meta":[],"product_brand":[],"product_cat":[3285,3256,3287,3263,3284,3704,3706,3288],"product_tag":[4069,3707,3838,3998,4068],"class_list":{"0":"post-17751","1":"product","2":"type-product","3":"status-publish","4":"has-post-thumbnail","6":"product_cat-amitie","7":"product_cat-anniversaire","8":"product_cat-felicitations","9":"product_cat-fete-des-meres","10":"product_cat-occasion-fr","11":"product_cat-plantes-fr","12":"product_cat-plantes-dexterieur","13":"product_cat-pour-remercier-quelquun","14":"product_tag-cactus-fr","15":"product_tag-plante-dappartement","16":"product_tag-plante-de-bureau","17":"product_tag-plante-grasse","18":"product_tag-plantes-grasses","20":"first","21":"instock","22":"sale","23":"shipping-taxable","24":"purchasable","25":"product-type-simple"},"yoast_head":"<!-- This site is optimized with the Yoast SEO Premium plugin v27.6 (Yoast SEO v27.6) - https:\/\/yoast.com\/product\/yoast-seo-premium-wordpress\/ -->\n<title>Plante Cactus \u00e0 Colonne - Euforbia - Livraison de plantes \u00e0 domicile<\/title>\n<meta name=\"description\" content=\"Cactus, plante grasse r\u00e9sistante d\u2019int\u00e9rieur ou ext\u00e9rieur, id\u00e9al pour d\u00e9corer la maison. D\u00e9couvrez les plantes pour la maison avec livraison \u00e0 domicile dans toute l\u2019Italie\" \/>\n<meta name=\"robots\" content=\"index, follow, max-snippet:-1, max-image-preview:large, max-video-preview:-1\" \/>\n<link rel=\"canonical\" href=\"https:\/\/floranixena.it\/fr\/produit\/cactus-a-colonna\/\" \/>\n<meta property=\"og:locale\" content=\"fr_FR\" \/>\n<meta property=\"og:type\" content=\"article\" \/>\n<meta property=\"og:title\" content=\"Cactus \u00e0 Colonne\" \/>\n<meta property=\"og:description\" content=\"1 Plante cactus \u00e0 colonne  Emball\u00e9 avec cellophane et livr\u00e9  Vase en plastique\" \/>\n<meta property=\"og:url\" content=\"https:\/\/floranixena.it\/fr\/produit\/cactus-a-colonna\/\" \/>\n<meta property=\"og:site_name\" content=\"FloraNixena - livraison de fleurs et de plantes\" \/>\n<meta property=\"article:publisher\" content=\"https:\/\/www.facebook.com\/FloraNixena\/\" \/>\n<meta property=\"article:modified_time\" content=\"2025-09-12T10:08:25+00:00\" \/>\n<meta property=\"og:image\" content=\"https:\/\/floranixena.it\/wp-content\/uploads\/2019\/06\/Cactus-a-colonna.jpg\" \/>\n\t<meta property=\"og:image:width\" content=\"800\" \/>\n\t<meta property=\"og:image:height\" content=\"800\" \/>\n\t<meta property=\"og:image:type\" content=\"image\/jpeg\" \/>\n<meta name=\"twitter:card\" content=\"summary_large_image\" \/>\n<meta name=\"twitter:label1\" content=\"Dur\u00e9e de lecture estim\u00e9e\" \/>\n\t<meta name=\"twitter:data1\" content=\"2 minutes\" \/>\n<script type=\"application\/ld+json\" class=\"yoast-schema-graph\">{\"@context\":\"https:\\\/\\\/schema.org\",\"@graph\":[{\"@type\":\"WebPage\",\"@id\":\"https:\\\/\\\/floranixena.it\\\/fr\\\/produit\\\/cactus-a-colonna\\\/\",\"url\":\"https:\\\/\\\/floranixena.it\\\/fr\\\/produit\\\/cactus-a-colonna\\\/\",\"name\":\"Plante Cactus \u00e0 Colonne - Euforbia - Livraison de plantes \u00e0 domicile\",\"isPartOf\":{\"@id\":\"https:\\\/\\\/floranixena.it\\\/fr\\\/#website\"},\"primaryImageOfPage\":{\"@id\":\"https:\\\/\\\/floranixena.it\\\/fr\\\/produit\\\/cactus-a-colonna\\\/#primaryimage\"},\"image\":{\"@id\":\"https:\\\/\\\/floranixena.it\\\/fr\\\/produit\\\/cactus-a-colonna\\\/#primaryimage\"},\"thumbnailUrl\":\"https:\\\/\\\/floranixena.it\\\/wp-content\\\/uploads\\\/2019\\\/06\\\/Cactus-a-colonna.jpg\",\"datePublished\":\"2025-08-04T12:20:49+00:00\",\"dateModified\":\"2025-09-12T10:08:25+00:00\",\"description\":\"Cactus, plante grasse r\u00e9sistante d\u2019int\u00e9rieur ou ext\u00e9rieur, id\u00e9al pour d\u00e9corer la maison. D\u00e9couvrez les plantes pour la maison avec livraison \u00e0 domicile dans toute l\u2019Italie\",\"breadcrumb\":{\"@id\":\"https:\\\/\\\/floranixena.it\\\/fr\\\/produit\\\/cactus-a-colonna\\\/#breadcrumb\"},\"inLanguage\":\"fr-FR\",\"potentialAction\":[{\"@type\":\"ReadAction\",\"target\":[\"https:\\\/\\\/floranixena.it\\\/fr\\\/produit\\\/cactus-a-colonna\\\/\"]}]},{\"@type\":\"ImageObject\",\"inLanguage\":\"fr-FR\",\"@id\":\"https:\\\/\\\/floranixena.it\\\/fr\\\/produit\\\/cactus-a-colonna\\\/#primaryimage\",\"url\":\"https:\\\/\\\/floranixena.it\\\/wp-content\\\/uploads\\\/2019\\\/06\\\/Cactus-a-colonna.jpg\",\"contentUrl\":\"https:\\\/\\\/floranixena.it\\\/wp-content\\\/uploads\\\/2019\\\/06\\\/Cactus-a-colonna.jpg\",\"width\":800,\"height\":800,\"caption\":\"Un cactus dal design essenziale e moderno, firmato FloraNixena: la bellezza minimalista che trasmette carattere e vitalit\u00e0.\"},{\"@type\":\"BreadcrumbList\",\"@id\":\"https:\\\/\\\/floranixena.it\\\/fr\\\/produit\\\/cactus-a-colonna\\\/#breadcrumb\",\"itemListElement\":[{\"@type\":\"ListItem\",\"position\":1,\"name\":\"Home\",\"item\":\"https:\\\/\\\/floranixena.it\\\/fr\\\/\"},{\"@type\":\"ListItem\",\"position\":2,\"name\":\"Magasin\",\"item\":\"https:\\\/\\\/floranixena.it\\\/fr\\\/magasin\\\/\"},{\"@type\":\"ListItem\",\"position\":3,\"name\":\"Cactus \u00e0 Colonne\"}]},{\"@type\":\"WebSite\",\"@id\":\"https:\\\/\\\/floranixena.it\\\/fr\\\/#website\",\"url\":\"https:\\\/\\\/floranixena.it\\\/fr\\\/\",\"name\":\"FloraNixena - Consegna fiori a domicilio in Italia\",\"description\":\"Invia fiori che raccontano storie\",\"publisher\":{\"@id\":\"https:\\\/\\\/floranixena.it\\\/fr\\\/#organization\"},\"alternateName\":\"FloraNixena.it\",\"potentialAction\":[{\"@type\":\"SearchAction\",\"target\":{\"@type\":\"EntryPoint\",\"urlTemplate\":\"https:\\\/\\\/floranixena.it\\\/fr\\\/?s={search_term_string}\"},\"query-input\":{\"@type\":\"PropertyValueSpecification\",\"valueRequired\":true,\"valueName\":\"search_term_string\"}}],\"inLanguage\":\"fr-FR\"},{\"@type\":\"Organization\",\"@id\":\"https:\\\/\\\/floranixena.it\\\/fr\\\/#organization\",\"name\":\"FloraNixena.it - Consegna mazzi di fiori, bouquet e piante a domicilio\",\"url\":\"https:\\\/\\\/floranixena.it\\\/fr\\\/\",\"logo\":{\"@type\":\"ImageObject\",\"inLanguage\":\"fr-FR\",\"@id\":\"https:\\\/\\\/floranixena.it\\\/fr\\\/#\\\/schema\\\/logo\\\/image\\\/\",\"url\":\"https:\\\/\\\/floranixena.it\\\/wp-content\\\/uploads\\\/2018\\\/11\\\/logo-fucsia.png\",\"contentUrl\":\"https:\\\/\\\/floranixena.it\\\/wp-content\\\/uploads\\\/2018\\\/11\\\/logo-fucsia.png\",\"width\":315,\"height\":81,\"caption\":\"FloraNixena.it - Consegna mazzi di fiori, bouquet e piante a domicilio\"},\"image\":{\"@id\":\"https:\\\/\\\/floranixena.it\\\/fr\\\/#\\\/schema\\\/logo\\\/image\\\/\"},\"sameAs\":[\"https:\\\/\\\/www.facebook.com\\\/FloraNixena\\\/\",\"https:\\\/\\\/www.instagram.com\\\/floranixena.it\\\/\",\"https:\\\/\\\/www.youtube.com\\\/channel\\\/UCAfCWXMBezO96jgPjiUgpkA\"],\"description\":\"Chi Siamo? FloraNixena \u00e8 il partner di fiducia per la consegna di fiori freschi a domicilio. Con anni di esperienza nel settore floreale, siamo dedicati a portare la bellezza e la freschezza dei fiori direttamente alla vostra porta. La Nostra Missione La nostra missione \u00e8 trasformare ogni occasione in un momento speciale attraverso la magia dei fiori. Crediamo che un bouquet possa dire pi\u00f9 di mille parole e lavoriamo instancabilmente per assicurarci che ogni consegna porti gioia, amore e bellezza. Cosa Offriamo? Fiori Freschi: Collaboriamo con i migliori fornitori locali per garantire che i nostri fiori siano sempre freschi e di alta qualit\u00e0. Consegna Rapida e Puntuale: Offriamo un servizio di consegna rapido e affidabile, con la possibilit\u00e0 di scegliere la fascia oraria che pi\u00f9 vi conviene. Ampia Selezione: Dalle rose classiche ai bouquet personalizzati, abbiamo una vasta gamma di opzioni per soddisfare ogni gusto e occasione. Assistenza Clienti: Il nostro team \u00e8 sempre a disposizione per assistervi nella scelta del bouquet perfetto e per garantire un'esperienza di acquisto senza intoppi. Perch\u00e9 Sceglierci? Qualit\u00e0 Garantita: Ogni bouquet \u00e8 realizzato con cura dai nostri esperti fioristi, garantendo che ogni composizione sia un'opera d'arte. Servizio Personalizzato: Che sia per un anniversario, un compleanno, una celebrazione o un momento di condoglianza, personalizziamo ogni ordine per rispondere alle vostre esigenze specifiche. Soddisfazione del Cliente: La vostra soddisfazione \u00e8 la nostra priorit\u00e0 assoluta. Facciamo tutto il possibile per assicurarci che ogni consegna superi le vostre aspettative.\",\"email\":\"amministrazione@floranixena.it\",\"telephone\":\"3806342394\",\"legalName\":\"Gaetano Votadoro\"}]}<\/script>\n<!-- \/ Yoast SEO Premium plugin. -->","yoast_head_json":{"title":"Plante Cactus \u00e0 Colonne - Euforbia - Livraison de plantes \u00e0 domicile","description":"Cactus, plante grasse r\u00e9sistante d\u2019int\u00e9rieur ou ext\u00e9rieur, id\u00e9al pour d\u00e9corer la maison. D\u00e9couvrez les plantes pour la maison avec livraison \u00e0 domicile dans toute l\u2019Italie","robots":{"index":"index","follow":"follow","max-snippet":"max-snippet:-1","max-image-preview":"max-image-preview:large","max-video-preview":"max-video-preview:-1"},"canonical":"https:\/\/floranixena.it\/fr\/produit\/cactus-a-colonna\/","og_locale":"fr_FR","og_type":"article","og_title":"Cactus \u00e0 Colonne","og_description":"1 Plante cactus \u00e0 colonne  Emball\u00e9 avec cellophane et livr\u00e9  Vase en plastique","og_url":"https:\/\/floranixena.it\/fr\/produit\/cactus-a-colonna\/","og_site_name":"FloraNixena - livraison de fleurs et de plantes","article_publisher":"https:\/\/www.facebook.com\/FloraNixena\/","article_modified_time":"2025-09-12T10:08:25+00:00","og_image":[{"width":800,"height":800,"url":"https:\/\/floranixena.it\/wp-content\/uploads\/2019\/06\/Cactus-a-colonna.jpg","type":"image\/jpeg"}],"twitter_card":"summary_large_image","twitter_misc":{"Dur\u00e9e de lecture estim\u00e9e":"2 minutes"},"schema":{"@context":"https:\/\/schema.org","@graph":[{"@type":"WebPage","@id":"https:\/\/floranixena.it\/fr\/produit\/cactus-a-colonna\/","url":"https:\/\/floranixena.it\/fr\/produit\/cactus-a-colonna\/","name":"Plante Cactus \u00e0 Colonne - Euforbia - Livraison de plantes \u00e0 domicile","isPartOf":{"@id":"https:\/\/floranixena.it\/fr\/#website"},"primaryImageOfPage":{"@id":"https:\/\/floranixena.it\/fr\/produit\/cactus-a-colonna\/#primaryimage"},"image":{"@id":"https:\/\/floranixena.it\/fr\/produit\/cactus-a-colonna\/#primaryimage"},"thumbnailUrl":"https:\/\/floranixena.it\/wp-content\/uploads\/2019\/06\/Cactus-a-colonna.jpg","datePublished":"2025-08-04T12:20:49+00:00","dateModified":"2025-09-12T10:08:25+00:00","description":"Cactus, plante grasse r\u00e9sistante d\u2019int\u00e9rieur ou ext\u00e9rieur, id\u00e9al pour d\u00e9corer la maison. D\u00e9couvrez les plantes pour la maison avec livraison \u00e0 domicile dans toute l\u2019Italie","breadcrumb":{"@id":"https:\/\/floranixena.it\/fr\/produit\/cactus-a-colonna\/#breadcrumb"},"inLanguage":"fr-FR","potentialAction":[{"@type":"ReadAction","target":["https:\/\/floranixena.it\/fr\/produit\/cactus-a-colonna\/"]}]},{"@type":"ImageObject","inLanguage":"fr-FR","@id":"https:\/\/floranixena.it\/fr\/produit\/cactus-a-colonna\/#primaryimage","url":"https:\/\/floranixena.it\/wp-content\/uploads\/2019\/06\/Cactus-a-colonna.jpg","contentUrl":"https:\/\/floranixena.it\/wp-content\/uploads\/2019\/06\/Cactus-a-colonna.jpg","width":800,"height":800,"caption":"Un cactus dal design essenziale e moderno, firmato FloraNixena: la bellezza minimalista che trasmette carattere e vitalit\u00e0."},{"@type":"BreadcrumbList","@id":"https:\/\/floranixena.it\/fr\/produit\/cactus-a-colonna\/#breadcrumb","itemListElement":[{"@type":"ListItem","position":1,"name":"Home","item":"https:\/\/floranixena.it\/fr\/"},{"@type":"ListItem","position":2,"name":"Magasin","item":"https:\/\/floranixena.it\/fr\/magasin\/"},{"@type":"ListItem","position":3,"name":"Cactus \u00e0 Colonne"}]},{"@type":"WebSite","@id":"https:\/\/floranixena.it\/fr\/#website","url":"https:\/\/floranixena.it\/fr\/","name":"FloraNixena - Consegna fiori a domicilio in Italia","description":"Invia fiori che raccontano storie","publisher":{"@id":"https:\/\/floranixena.it\/fr\/#organization"},"alternateName":"FloraNixena.it","potentialAction":[{"@type":"SearchAction","target":{"@type":"EntryPoint","urlTemplate":"https:\/\/floranixena.it\/fr\/?s={search_term_string}"},"query-input":{"@type":"PropertyValueSpecification","valueRequired":true,"valueName":"search_term_string"}}],"inLanguage":"fr-FR"},{"@type":"Organization","@id":"https:\/\/floranixena.it\/fr\/#organization","name":"FloraNixena.it - Consegna mazzi di fiori, bouquet e piante a domicilio","url":"https:\/\/floranixena.it\/fr\/","logo":{"@type":"ImageObject","inLanguage":"fr-FR","@id":"https:\/\/floranixena.it\/fr\/#\/schema\/logo\/image\/","url":"https:\/\/floranixena.it\/wp-content\/uploads\/2018\/11\/logo-fucsia.png","contentUrl":"https:\/\/floranixena.it\/wp-content\/uploads\/2018\/11\/logo-fucsia.png","width":315,"height":81,"caption":"FloraNixena.it - Consegna mazzi di fiori, bouquet e piante a domicilio"},"image":{"@id":"https:\/\/floranixena.it\/fr\/#\/schema\/logo\/image\/"},"sameAs":["https:\/\/www.facebook.com\/FloraNixena\/","https:\/\/www.instagram.com\/floranixena.it\/","https:\/\/www.youtube.com\/channel\/UCAfCWXMBezO96jgPjiUgpkA"],"description":"Chi Siamo? FloraNixena \u00e8 il partner di fiducia per la consegna di fiori freschi a domicilio. Con anni di esperienza nel settore floreale, siamo dedicati a portare la bellezza e la freschezza dei fiori direttamente alla vostra porta. La Nostra Missione La nostra missione \u00e8 trasformare ogni occasione in un momento speciale attraverso la magia dei fiori. Crediamo che un bouquet possa dire pi\u00f9 di mille parole e lavoriamo instancabilmente per assicurarci che ogni consegna porti gioia, amore e bellezza. Cosa Offriamo? Fiori Freschi: Collaboriamo con i migliori fornitori locali per garantire che i nostri fiori siano sempre freschi e di alta qualit\u00e0. Consegna Rapida e Puntuale: Offriamo un servizio di consegna rapido e affidabile, con la possibilit\u00e0 di scegliere la fascia oraria che pi\u00f9 vi conviene. Ampia Selezione: Dalle rose classiche ai bouquet personalizzati, abbiamo una vasta gamma di opzioni per soddisfare ogni gusto e occasione. Assistenza Clienti: Il nostro team \u00e8 sempre a disposizione per assistervi nella scelta del bouquet perfetto e per garantire un'esperienza di acquisto senza intoppi. Perch\u00e9 Sceglierci? Qualit\u00e0 Garantita: Ogni bouquet \u00e8 realizzato con cura dai nostri esperti fioristi, garantendo che ogni composizione sia un'opera d'arte. Servizio Personalizzato: Che sia per un anniversario, un compleanno, una celebrazione o un momento di condoglianza, personalizziamo ogni ordine per rispondere alle vostre esigenze specifiche. Soddisfazione del Cliente: La vostra soddisfazione \u00e8 la nostra priorit\u00e0 assoluta. Facciamo tutto il possibile per assicurarci che ogni consegna superi le vostre aspettative.","email":"amministrazione@floranixena.it","telephone":"3806342394","legalName":"Gaetano Votadoro"}]}},"_links":{"self":[{"href":"https:\/\/floranixena.it\/fr\/wp-json\/wp\/v2\/product\/17751","targetHints":{"allow":["GET"]}}],"collection":[{"href":"https:\/\/floranixena.it\/fr\/wp-json\/wp\/v2\/product"}],"about":[{"href":"https:\/\/floranixena.it\/fr\/wp-json\/wp\/v2\/types\/product"}],"replies":[{"embeddable":true,"href":"https:\/\/floranixena.it\/fr\/wp-json\/wp\/v2\/comments?post=17751"}],"wp:featuredmedia":[{"embeddable":true,"href":"https:\/\/floranixena.it\/fr\/wp-json\/wp\/v2\/media\/17752"}],"wp:attachment":[{"href":"https:\/\/floranixena.it\/fr\/wp-json\/wp\/v2\/media?parent=17751"}],"wp:term":[{"taxonomy":"product_brand","embeddable":true,"href":"https:\/\/floranixena.it\/fr\/wp-json\/wp\/v2\/product_brand?post=17751"},{"taxonomy":"product_cat","embeddable":true,"href":"https:\/\/floranixena.it\/fr\/wp-json\/wp\/v2\/product_cat?post=17751"},{"taxonomy":"product_tag","embeddable":true,"href":"https:\/\/floranixena.it\/fr\/wp-json\/wp\/v2\/product_tag?post=17751"}],"curies":[{"name":"wp","href":"https:\/\/api.w.org\/{rel}","templated":true}]}}