{"id":17617,"date":"2025-08-11T10:45:40","date_gmt":"2025-08-11T08:45:40","guid":{"rendered":"https:\/\/floranixena.it\/product\/bouquet-de-peonie-roses\/"},"modified":"2025-09-12T10:15:19","modified_gmt":"2025-09-12T08:15:19","slug":"bouquet-de-peonie-roses","status":"publish","type":"product","link":"https:\/\/floranixena.it\/fr\/produit\/bouquet-de-peonie-roses\/","title":{"rendered":"Bouquet de pivoines roses"},"content":{"rendered":"<h1>Le bouquet de pivoines roses<\/h1>\n<p>est une option fantastique pour d\u00e9corer votre maison ou pour donner un sourire \u00e0 un \u00eatre cher. Et si vous \u00eates \u00e0 la recherche d\u2019un moyen pratique pour <a href=\"https:\/\/floranixena.it\/fr\/produit\/lettera-damore\/\">acheter des fleurs \u00e0 domicile<\/a>, sur <strong>FloraNixena<\/strong> vous pouvez trouver des fleurs bon march\u00e9 et un r\u00e9seau de fleuristes locaux qui garantissent la livraison dans toute l\u2019Italie. <\/p>\n<p>Gr\u00e2ce \u00e0 leurs grandes fleurs ondul\u00e9es, les <a href=\"https:\/\/floranixena.it\/fr\/produit\/peonie-e-rose-candy\/\"><strong>pivoines roses<\/strong><\/a> sont un v\u00e9ritable spectacle pour les yeux et sont parfaites pour cr\u00e9er un bouquet \u00e9l\u00e9gant. Le bouquet est enrichi avec des tiges de v\u00e9g\u00e9tation d\u00e9licate et pr\u00e9sent\u00e9 dans un vase en <a href=\"https:\/\/floranixena.it\/prodotto\/vaso-in-vetro-a-sfera\/\"><strong>verre<\/strong><\/a> classique, <strong>\u00e0 acheter s\u00e9par\u00e9ment<\/strong>. <\/p>\n<p>Si vous voulez acheter des pivoines roses classiques pour un \u00eatre cher, vous pouvez contacter <strong>FloraNixena<\/strong> avec son r\u00e9seau de fleuristes locaux dans toute l\u2019Italie. La livraison \u00e0 domicile de pivoines roses est une option pratique et pratique, surtout si vous souhaitez envoyer un cadeau \u00e0 une personne \u00e9loign\u00e9e <\/p>\n<p><a href=\"https:\/\/floranixena.it\/fr\/produit\/puro-amore\/\">Si vous souhaitez envoyerun bouquet<\/a> de pivoines roses \u00e0 votre domicile ou \u00e0 une personne importante, vous pouvez compter sur notre <a href=\"https:\/\/floranixena.it\/fr\/prodotto\/extraordinaire\/\">livraison fiable de fleurs \u00e0 domicile<\/a>.<\/p>\n<p>Un bouquet de <a href=\"https:\/\/floranixena.it\/fr\/catalog\/amour-et-romantisme\/fleurs-classiques-et-romantiques\/\"><strong>pivoines roses<\/strong><\/a> sont une merveilleuse option pour d\u00e9corer votre maison ou pour donner un sourire \u00e0 un \u00eatre cher. Gr\u00e2ce aux services de livraison de fleurs \u00e0 domicile, vous pouvez acheter des pivoines roses bon march\u00e9 et les faire livrer dans toute l\u2019Italie d\u2019une mani\u00e8re confortable et s\u00fbre. Ne manquez pas l\u2019occasion de profiter du luxe de ces magnifiques pivoines dans votre maison.  <\/p>\n","protected":false},"excerpt":{"rendered":"<ul>\n<li style=\"list-style-type: none;\">\n<ul>\n<li>10 Pivoines roses<\/li>\n<li>Papier Kraft<\/li>\n<li>Vert d\u00e9coratif<\/li>\n<\/ul>\n<\/li>\n<\/ul>\n<p><span style=\"color: #009700;\"><strong><em>Nous recommandons de r\u00e9server au moins 2 jours \u00e0 l\u2019avance<\/em><\/strong><\/span><\/p>\n<p>Vase non inclus<\/p>\n","protected":false},"featured_media":17618,"comment_status":"open","ping_status":"closed","template":"","meta":[],"product_brand":[],"product_cat":[3285,3264,3256,3914,3267,3257,3303,3304,3269,3287,3260,3263,3268,3272,3275,3255,3447,3915,3265,3259,3266,3443,3286,3445,3288],"product_tag":[3918,3917,3916,3919],"class_list":{"0":"post-17617","1":"product","2":"type-product","3":"status-publish","4":"has-post-thumbnail","6":"product_cat-amitie","7":"product_cat-amour-et-romantisme","8":"product_cat-anniversaire","9":"product_cat-cest-une-fille","10":"product_cat-comme-un-admirateur-secret","11":"product_cat-commemoration","12":"product_cat-diplomes","13":"product_cat-dix-huitieme-anniversaire","14":"product_cat-excuses","15":"product_cat-felicitations","16":"product_cat-fete-de-la-femme","17":"product_cat-fete-des-meres","18":"product_cat-fleurs-classiques-et-romantiques","19":"product_cat-fleurs-dete","20":"product_cat-fleurs-de-printemps","21":"product_cat-fleurs-pour-les-evenements","22":"product_cat-mariage","23":"product_cat-pivoine","24":"product_cat-pour-de-nouvelles-revelations","25":"product_cat-pour-la-femme-ou-la-fiancee","26":"product_cat-pour-la-femme-ou-la-fiancee-fr","27":"product_cat-pour-la-soeur","28":"product_cat-pour-les-couples-gays","29":"product_cat-pour-maman","30":"product_cat-pour-remercier-quelquun","31":"product_tag-bouquet-avec-pivoine","32":"product_tag-composition-avec-des-pivoines","33":"product_tag-pivoine","34":"product_tag-pivoines-roses","36":"first","37":"instock","38":"sale","39":"shipping-taxable","40":"purchasable","41":"product-type-simple"},"yoast_head":"<!-- This site is optimized with the Yoast SEO Premium plugin v27.5 (Yoast SEO v27.5) - https:\/\/yoast.com\/product\/yoast-seo-premium-wordpress\/ -->\n<title>Bouquet de Pivoines Roses - Floranixena fleurs \u00e0 domicile<\/title>\n<meta name=\"description\" content=\"Offrez un bouquet de pivoines roses pour un mariage, ou une occasion romantique. Nous envoyons \u00e0 domicile pour toute occasion directement o\u00f9 vous voulez.\" \/>\n<meta name=\"robots\" content=\"index, follow, max-snippet:-1, max-image-preview:large, max-video-preview:-1\" \/>\n<link rel=\"canonical\" href=\"https:\/\/floranixena.it\/fr\/produit\/bouquet-de-peonie-roses\/\" \/>\n<meta property=\"og:locale\" content=\"fr_FR\" \/>\n<meta property=\"og:type\" content=\"article\" \/>\n<meta property=\"og:title\" content=\"Livraison Bouquet de Pivoines \u00e0 domicile dans toute l\u2019ITALIE!\" \/>\n<meta property=\"og:description\" content=\"Offrez une composition de pivoines, brillantes et rayonnantes, pour un anniversaire, une occasion romantique ou tout autre \u00e9v\u00e9nement avec livraison m\u00eame dans la journ\u00e9e dans les deux heures.\" \/>\n<meta property=\"og:url\" content=\"https:\/\/floranixena.it\/fr\/produit\/bouquet-de-peonie-roses\/\" \/>\n<meta property=\"og:site_name\" content=\"FloraNixena - livraison de fleurs et de plantes\" \/>\n<meta property=\"article:publisher\" content=\"https:\/\/www.facebook.com\/FloraNixena\/\" \/>\n<meta property=\"article:modified_time\" content=\"2025-09-12T08:15:19+00:00\" \/>\n<meta property=\"og:image\" content=\"https:\/\/floranixena.it\/wp-content\/uploads\/2019\/05\/peonie.jpg\" \/>\n<meta name=\"twitter:card\" content=\"summary_large_image\" \/>\n<meta name=\"twitter:title\" content=\"Bouquet de pivoines roses\" \/>\n<meta name=\"twitter:description\" content=\"10 Pivoines roses  Papier Kraft  Vert d\u00e9coratif  Nous recommandons de r\u00e9server au moins 2 jours \u00e0 l\u2019avance Vase non inclus\" \/>\n<meta name=\"twitter:label1\" content=\"Dur\u00e9e de lecture estim\u00e9e\" \/>\n\t<meta name=\"twitter:data1\" content=\"1 minute\" \/>\n<script type=\"application\/ld+json\" class=\"yoast-schema-graph\">{\"@context\":\"https:\\\/\\\/schema.org\",\"@graph\":[{\"@type\":\"WebPage\",\"@id\":\"https:\\\/\\\/floranixena.it\\\/fr\\\/produit\\\/bouquet-de-peonie-roses\\\/\",\"url\":\"https:\\\/\\\/floranixena.it\\\/fr\\\/produit\\\/bouquet-de-peonie-roses\\\/\",\"name\":\"Bouquet de Pivoines Roses - Floranixena fleurs \u00e0 domicile\",\"isPartOf\":{\"@id\":\"https:\\\/\\\/floranixena.it\\\/fr\\\/#website\"},\"primaryImageOfPage\":{\"@id\":\"https:\\\/\\\/floranixena.it\\\/fr\\\/produit\\\/bouquet-de-peonie-roses\\\/#primaryimage\"},\"image\":{\"@id\":\"https:\\\/\\\/floranixena.it\\\/fr\\\/produit\\\/bouquet-de-peonie-roses\\\/#primaryimage\"},\"thumbnailUrl\":\"https:\\\/\\\/floranixena.it\\\/wp-content\\\/uploads\\\/2019\\\/05\\\/Mazzo-di-peonie-rosa-soft.-Regalo-del-fiori-piu-straordinario-sempre-un-mazzo-lussureggiante-di-peonie-rosa-soft-da-inviare-a-do.jpg\",\"datePublished\":\"2025-08-11T08:45:40+00:00\",\"dateModified\":\"2025-09-12T08:15:19+00:00\",\"description\":\"Offrez un bouquet de pivoines roses pour un mariage, ou une occasion romantique. Nous envoyons \u00e0 domicile pour toute occasion directement o\u00f9 vous voulez.\",\"breadcrumb\":{\"@id\":\"https:\\\/\\\/floranixena.it\\\/fr\\\/produit\\\/bouquet-de-peonie-roses\\\/#breadcrumb\"},\"inLanguage\":\"fr-FR\",\"potentialAction\":[{\"@type\":\"ReadAction\",\"target\":[\"https:\\\/\\\/floranixena.it\\\/fr\\\/produit\\\/bouquet-de-peonie-roses\\\/\"]}]},{\"@type\":\"ImageObject\",\"inLanguage\":\"fr-FR\",\"@id\":\"https:\\\/\\\/floranixena.it\\\/fr\\\/produit\\\/bouquet-de-peonie-roses\\\/#primaryimage\",\"url\":\"https:\\\/\\\/floranixena.it\\\/wp-content\\\/uploads\\\/2019\\\/05\\\/Mazzo-di-peonie-rosa-soft.-Regalo-del-fiori-piu-straordinario-sempre-un-mazzo-lussureggiante-di-peonie-rosa-soft-da-inviare-a-do.jpg\",\"contentUrl\":\"https:\\\/\\\/floranixena.it\\\/wp-content\\\/uploads\\\/2019\\\/05\\\/Mazzo-di-peonie-rosa-soft.-Regalo-del-fiori-piu-straordinario-sempre-un-mazzo-lussureggiante-di-peonie-rosa-soft-da-inviare-a-do.jpg\",\"width\":800,\"height\":800,\"caption\":\"Bouquet con peonie rosa pallido, perfetto per esprimere dolcezza e raffinatezza in ogni occasione. Consegna a domicilio in tutta Italia.\"},{\"@type\":\"BreadcrumbList\",\"@id\":\"https:\\\/\\\/floranixena.it\\\/fr\\\/produit\\\/bouquet-de-peonie-roses\\\/#breadcrumb\",\"itemListElement\":[{\"@type\":\"ListItem\",\"position\":1,\"name\":\"Home\",\"item\":\"https:\\\/\\\/floranixena.it\\\/fr\\\/\"},{\"@type\":\"ListItem\",\"position\":2,\"name\":\"Magasin\",\"item\":\"https:\\\/\\\/floranixena.it\\\/fr\\\/magasin\\\/\"},{\"@type\":\"ListItem\",\"position\":3,\"name\":\"Bouquet de pivoines roses\"}]},{\"@type\":\"WebSite\",\"@id\":\"https:\\\/\\\/floranixena.it\\\/fr\\\/#website\",\"url\":\"https:\\\/\\\/floranixena.it\\\/fr\\\/\",\"name\":\"FloraNixena - Consegna fiori a domicilio in Italia\",\"description\":\"Invia fiori che raccontano storie\",\"publisher\":{\"@id\":\"https:\\\/\\\/floranixena.it\\\/fr\\\/#organization\"},\"alternateName\":\"FloraNixena.it\",\"potentialAction\":[{\"@type\":\"SearchAction\",\"target\":{\"@type\":\"EntryPoint\",\"urlTemplate\":\"https:\\\/\\\/floranixena.it\\\/fr\\\/?s={search_term_string}\"},\"query-input\":{\"@type\":\"PropertyValueSpecification\",\"valueRequired\":true,\"valueName\":\"search_term_string\"}}],\"inLanguage\":\"fr-FR\"},{\"@type\":\"Organization\",\"@id\":\"https:\\\/\\\/floranixena.it\\\/fr\\\/#organization\",\"name\":\"FloraNixena.it - Consegna mazzi di fiori, bouquet e piante a domicilio\",\"url\":\"https:\\\/\\\/floranixena.it\\\/fr\\\/\",\"logo\":{\"@type\":\"ImageObject\",\"inLanguage\":\"fr-FR\",\"@id\":\"https:\\\/\\\/floranixena.it\\\/fr\\\/#\\\/schema\\\/logo\\\/image\\\/\",\"url\":\"https:\\\/\\\/floranixena.it\\\/wp-content\\\/uploads\\\/2018\\\/11\\\/logo-fucsia.png\",\"contentUrl\":\"https:\\\/\\\/floranixena.it\\\/wp-content\\\/uploads\\\/2018\\\/11\\\/logo-fucsia.png\",\"width\":315,\"height\":81,\"caption\":\"FloraNixena.it - Consegna mazzi di fiori, bouquet e piante a domicilio\"},\"image\":{\"@id\":\"https:\\\/\\\/floranixena.it\\\/fr\\\/#\\\/schema\\\/logo\\\/image\\\/\"},\"sameAs\":[\"https:\\\/\\\/www.facebook.com\\\/FloraNixena\\\/\",\"https:\\\/\\\/www.instagram.com\\\/floranixena.it\\\/\",\"https:\\\/\\\/www.youtube.com\\\/channel\\\/UCAfCWXMBezO96jgPjiUgpkA\"],\"description\":\"Chi Siamo? FloraNixena \u00e8 il partner di fiducia per la consegna di fiori freschi a domicilio. Con anni di esperienza nel settore floreale, siamo dedicati a portare la bellezza e la freschezza dei fiori direttamente alla vostra porta. La Nostra Missione La nostra missione \u00e8 trasformare ogni occasione in un momento speciale attraverso la magia dei fiori. Crediamo che un bouquet possa dire pi\u00f9 di mille parole e lavoriamo instancabilmente per assicurarci che ogni consegna porti gioia, amore e bellezza. Cosa Offriamo? Fiori Freschi: Collaboriamo con i migliori fornitori locali per garantire che i nostri fiori siano sempre freschi e di alta qualit\u00e0. Consegna Rapida e Puntuale: Offriamo un servizio di consegna rapido e affidabile, con la possibilit\u00e0 di scegliere la fascia oraria che pi\u00f9 vi conviene. Ampia Selezione: Dalle rose classiche ai bouquet personalizzati, abbiamo una vasta gamma di opzioni per soddisfare ogni gusto e occasione. Assistenza Clienti: Il nostro team \u00e8 sempre a disposizione per assistervi nella scelta del bouquet perfetto e per garantire un'esperienza di acquisto senza intoppi. Perch\u00e9 Sceglierci? Qualit\u00e0 Garantita: Ogni bouquet \u00e8 realizzato con cura dai nostri esperti fioristi, garantendo che ogni composizione sia un'opera d'arte. Servizio Personalizzato: Che sia per un anniversario, un compleanno, una celebrazione o un momento di condoglianza, personalizziamo ogni ordine per rispondere alle vostre esigenze specifiche. Soddisfazione del Cliente: La vostra soddisfazione \u00e8 la nostra priorit\u00e0 assoluta. Facciamo tutto il possibile per assicurarci che ogni consegna superi le vostre aspettative.\",\"email\":\"amministrazione@floranixena.it\",\"telephone\":\"3806342394\",\"legalName\":\"Gaetano Votadoro\"}]}<\/script>\n<!-- \/ Yoast SEO Premium plugin. -->","yoast_head_json":{"title":"Bouquet de Pivoines Roses - Floranixena fleurs \u00e0 domicile","description":"Offrez un bouquet de pivoines roses pour un mariage, ou une occasion romantique. Nous envoyons \u00e0 domicile pour toute occasion directement o\u00f9 vous voulez.","robots":{"index":"index","follow":"follow","max-snippet":"max-snippet:-1","max-image-preview":"max-image-preview:large","max-video-preview":"max-video-preview:-1"},"canonical":"https:\/\/floranixena.it\/fr\/produit\/bouquet-de-peonie-roses\/","og_locale":"fr_FR","og_type":"article","og_title":"Livraison Bouquet de Pivoines \u00e0 domicile dans toute l\u2019ITALIE!","og_description":"Offrez une composition de pivoines, brillantes et rayonnantes, pour un anniversaire, une occasion romantique ou tout autre \u00e9v\u00e9nement avec livraison m\u00eame dans la journ\u00e9e dans les deux heures.","og_url":"https:\/\/floranixena.it\/fr\/produit\/bouquet-de-peonie-roses\/","og_site_name":"FloraNixena - livraison de fleurs et de plantes","article_publisher":"https:\/\/www.facebook.com\/FloraNixena\/","article_modified_time":"2025-09-12T08:15:19+00:00","og_image":[{"url":"https:\/\/floranixena.it\/wp-content\/uploads\/2019\/05\/peonie.jpg","type":"","width":"","height":""}],"twitter_card":"summary_large_image","twitter_title":"Bouquet de pivoines roses","twitter_description":"10 Pivoines roses  Papier Kraft  Vert d\u00e9coratif  Nous recommandons de r\u00e9server au moins 2 jours \u00e0 l\u2019avance Vase non inclus","twitter_misc":{"Dur\u00e9e de lecture estim\u00e9e":"1 minute"},"schema":{"@context":"https:\/\/schema.org","@graph":[{"@type":"WebPage","@id":"https:\/\/floranixena.it\/fr\/produit\/bouquet-de-peonie-roses\/","url":"https:\/\/floranixena.it\/fr\/produit\/bouquet-de-peonie-roses\/","name":"Bouquet de Pivoines Roses - Floranixena fleurs \u00e0 domicile","isPartOf":{"@id":"https:\/\/floranixena.it\/fr\/#website"},"primaryImageOfPage":{"@id":"https:\/\/floranixena.it\/fr\/produit\/bouquet-de-peonie-roses\/#primaryimage"},"image":{"@id":"https:\/\/floranixena.it\/fr\/produit\/bouquet-de-peonie-roses\/#primaryimage"},"thumbnailUrl":"https:\/\/floranixena.it\/wp-content\/uploads\/2019\/05\/Mazzo-di-peonie-rosa-soft.-Regalo-del-fiori-piu-straordinario-sempre-un-mazzo-lussureggiante-di-peonie-rosa-soft-da-inviare-a-do.jpg","datePublished":"2025-08-11T08:45:40+00:00","dateModified":"2025-09-12T08:15:19+00:00","description":"Offrez un bouquet de pivoines roses pour un mariage, ou une occasion romantique. Nous envoyons \u00e0 domicile pour toute occasion directement o\u00f9 vous voulez.","breadcrumb":{"@id":"https:\/\/floranixena.it\/fr\/produit\/bouquet-de-peonie-roses\/#breadcrumb"},"inLanguage":"fr-FR","potentialAction":[{"@type":"ReadAction","target":["https:\/\/floranixena.it\/fr\/produit\/bouquet-de-peonie-roses\/"]}]},{"@type":"ImageObject","inLanguage":"fr-FR","@id":"https:\/\/floranixena.it\/fr\/produit\/bouquet-de-peonie-roses\/#primaryimage","url":"https:\/\/floranixena.it\/wp-content\/uploads\/2019\/05\/Mazzo-di-peonie-rosa-soft.-Regalo-del-fiori-piu-straordinario-sempre-un-mazzo-lussureggiante-di-peonie-rosa-soft-da-inviare-a-do.jpg","contentUrl":"https:\/\/floranixena.it\/wp-content\/uploads\/2019\/05\/Mazzo-di-peonie-rosa-soft.-Regalo-del-fiori-piu-straordinario-sempre-un-mazzo-lussureggiante-di-peonie-rosa-soft-da-inviare-a-do.jpg","width":800,"height":800,"caption":"Bouquet con peonie rosa pallido, perfetto per esprimere dolcezza e raffinatezza in ogni occasione. Consegna a domicilio in tutta Italia."},{"@type":"BreadcrumbList","@id":"https:\/\/floranixena.it\/fr\/produit\/bouquet-de-peonie-roses\/#breadcrumb","itemListElement":[{"@type":"ListItem","position":1,"name":"Home","item":"https:\/\/floranixena.it\/fr\/"},{"@type":"ListItem","position":2,"name":"Magasin","item":"https:\/\/floranixena.it\/fr\/magasin\/"},{"@type":"ListItem","position":3,"name":"Bouquet de pivoines roses"}]},{"@type":"WebSite","@id":"https:\/\/floranixena.it\/fr\/#website","url":"https:\/\/floranixena.it\/fr\/","name":"FloraNixena - Consegna fiori a domicilio in Italia","description":"Invia fiori che raccontano storie","publisher":{"@id":"https:\/\/floranixena.it\/fr\/#organization"},"alternateName":"FloraNixena.it","potentialAction":[{"@type":"SearchAction","target":{"@type":"EntryPoint","urlTemplate":"https:\/\/floranixena.it\/fr\/?s={search_term_string}"},"query-input":{"@type":"PropertyValueSpecification","valueRequired":true,"valueName":"search_term_string"}}],"inLanguage":"fr-FR"},{"@type":"Organization","@id":"https:\/\/floranixena.it\/fr\/#organization","name":"FloraNixena.it - Consegna mazzi di fiori, bouquet e piante a domicilio","url":"https:\/\/floranixena.it\/fr\/","logo":{"@type":"ImageObject","inLanguage":"fr-FR","@id":"https:\/\/floranixena.it\/fr\/#\/schema\/logo\/image\/","url":"https:\/\/floranixena.it\/wp-content\/uploads\/2018\/11\/logo-fucsia.png","contentUrl":"https:\/\/floranixena.it\/wp-content\/uploads\/2018\/11\/logo-fucsia.png","width":315,"height":81,"caption":"FloraNixena.it - Consegna mazzi di fiori, bouquet e piante a domicilio"},"image":{"@id":"https:\/\/floranixena.it\/fr\/#\/schema\/logo\/image\/"},"sameAs":["https:\/\/www.facebook.com\/FloraNixena\/","https:\/\/www.instagram.com\/floranixena.it\/","https:\/\/www.youtube.com\/channel\/UCAfCWXMBezO96jgPjiUgpkA"],"description":"Chi Siamo? FloraNixena \u00e8 il partner di fiducia per la consegna di fiori freschi a domicilio. Con anni di esperienza nel settore floreale, siamo dedicati a portare la bellezza e la freschezza dei fiori direttamente alla vostra porta. La Nostra Missione La nostra missione \u00e8 trasformare ogni occasione in un momento speciale attraverso la magia dei fiori. Crediamo che un bouquet possa dire pi\u00f9 di mille parole e lavoriamo instancabilmente per assicurarci che ogni consegna porti gioia, amore e bellezza. Cosa Offriamo? Fiori Freschi: Collaboriamo con i migliori fornitori locali per garantire che i nostri fiori siano sempre freschi e di alta qualit\u00e0. Consegna Rapida e Puntuale: Offriamo un servizio di consegna rapido e affidabile, con la possibilit\u00e0 di scegliere la fascia oraria che pi\u00f9 vi conviene. Ampia Selezione: Dalle rose classiche ai bouquet personalizzati, abbiamo una vasta gamma di opzioni per soddisfare ogni gusto e occasione. Assistenza Clienti: Il nostro team \u00e8 sempre a disposizione per assistervi nella scelta del bouquet perfetto e per garantire un'esperienza di acquisto senza intoppi. Perch\u00e9 Sceglierci? Qualit\u00e0 Garantita: Ogni bouquet \u00e8 realizzato con cura dai nostri esperti fioristi, garantendo che ogni composizione sia un'opera d'arte. Servizio Personalizzato: Che sia per un anniversario, un compleanno, una celebrazione o un momento di condoglianza, personalizziamo ogni ordine per rispondere alle vostre esigenze specifiche. Soddisfazione del Cliente: La vostra soddisfazione \u00e8 la nostra priorit\u00e0 assoluta. Facciamo tutto il possibile per assicurarci che ogni consegna superi le vostre aspettative.","email":"amministrazione@floranixena.it","telephone":"3806342394","legalName":"Gaetano Votadoro"}]}},"_links":{"self":[{"href":"https:\/\/floranixena.it\/fr\/wp-json\/wp\/v2\/product\/17617","targetHints":{"allow":["GET"]}}],"collection":[{"href":"https:\/\/floranixena.it\/fr\/wp-json\/wp\/v2\/product"}],"about":[{"href":"https:\/\/floranixena.it\/fr\/wp-json\/wp\/v2\/types\/product"}],"replies":[{"embeddable":true,"href":"https:\/\/floranixena.it\/fr\/wp-json\/wp\/v2\/comments?post=17617"}],"wp:featuredmedia":[{"embeddable":true,"href":"https:\/\/floranixena.it\/fr\/wp-json\/wp\/v2\/media\/17618"}],"wp:attachment":[{"href":"https:\/\/floranixena.it\/fr\/wp-json\/wp\/v2\/media?parent=17617"}],"wp:term":[{"taxonomy":"product_brand","embeddable":true,"href":"https:\/\/floranixena.it\/fr\/wp-json\/wp\/v2\/product_brand?post=17617"},{"taxonomy":"product_cat","embeddable":true,"href":"https:\/\/floranixena.it\/fr\/wp-json\/wp\/v2\/product_cat?post=17617"},{"taxonomy":"product_tag","embeddable":true,"href":"https:\/\/floranixena.it\/fr\/wp-json\/wp\/v2\/product_tag?post=17617"}],"curies":[{"name":"wp","href":"https:\/\/api.w.org\/{rel}","templated":true}]}}