{"id":17610,"date":"2025-08-05T11:15:47","date_gmt":"2025-08-05T09:15:47","guid":{"rendered":"https:\/\/floranixena.it\/product\/felce-di-boston-plante\/"},"modified":"2025-09-11T10:18:46","modified_gmt":"2025-09-11T08:18:46","slug":"felce-di-boston-plante","status":"publish","type":"product","link":"https:\/\/floranixena.it\/fr\/produit\/felce-di-boston-plante\/","title":{"rendered":"Felce di Boston &#8211; Plante"},"content":{"rendered":"<div class=\"showmore fixedheight\" style=\"text-align: justify;\">\n<h1><strong>Donnez une Felce di Boston<\/strong><\/h1>\n<p><strong>la Populaire Nephrolepis exaltata<\/strong><\/p>\n<p>Si vous cherchez un cadeau unique et durable, pensez \u00e0 la c\u00e9l\u00e8bre <strong>felce di Boston<\/strong>, connue sous le nom de <strong>Nephrolepis exaltata<\/strong>. Cette plante \u00e9l\u00e9gante, appr\u00e9ci\u00e9e depuis l\u2019\u00e9poque victorienne, est parfaite pour apporter une touche de verdure \u00e0 n\u2019importe quel int\u00e9rieur. <\/p>\n<p>La felce di Boston a une longue histoire de popularit\u00e9, qui a commenc\u00e9 au 19\u00e8me si\u00e8cle quand il \u00e9tait souvent cultiv\u00e9 dans les grandes jardini\u00e8res d\u00e9coratives. Aujourd\u2019hui, cette tradition se perp\u00e9tue gr\u00e2ce \u00e0 sa beaut\u00e9 et son entretien facile, ce qui en fait l\u2019un des foug\u00e8res d\u2019int\u00e9rieur les plus aim\u00e9s et appr\u00e9ci\u00e9s. <\/p>\n<p><strong>Un cadeau qui dure dans le temps<\/strong><\/p>\n<p>Donner une Nephrolepis exaltata c\u2019est offrir au chanceux destinataire un <a href=\"https:\/\/floranixena.it\/prodotto\/prosecco-santero-d-o-c\/\" target=\"_blank\" rel=\"noopener\"><strong>cadeau<\/strong><\/a> qu\u2019il pourra appr\u00e9cier pendant longtemps. Cette foug\u00e8re est r\u00e9put\u00e9e pour sa long\u00e9vit\u00e9 et sa capacit\u00e9 \u00e0 s\u2019adapter \u00e0 diff\u00e9rents environnements int\u00e9rieurs. En outre, son entretien simple le rend appropri\u00e9 m\u00eame pour ceux qui n\u2019ont pas le pouce vert.  <\/p>\n<p>Le felci de Boston sont id\u00e9ales pour ajouter une touche de nature \u00e0 n\u2019importe quel <a href=\"https:\/\/floranixena.it\/fr\/catalog\/plantes-fr\/plantes-dinterieur\/\" target=\"_blank\" rel=\"noopener\"><strong>espace de la maison<\/strong><\/a>. Ils sont particuli\u00e8rement adapt\u00e9s aux salles de bains, gr\u00e2ce \u00e0 leur pr\u00e9dilection pour les environnements humides et fum\u00e9s. Cependant, ils s\u2019adaptent \u00e9galement parfaitement aux salons, cuisines et bureaux, cr\u00e9ant une atmosph\u00e8re d\u00e9tendue et accueillante.  <\/p>\n<p>La Nephrolepis exaltata est une plante facile \u00e0 entretenir. N\u00e9cessite une lumi\u00e8re indirecte et un arrosage r\u00e9gulier pour garder le sol humide, mais sans stagnation. Une \u00e9claboussure d\u2019eau sur les feuilles aidera \u00e0 maintenir l\u2019humidit\u00e9 id\u00e9ale, surtout dans des environnements plus secs.  <\/p>\n<p><strong>Durabilit\u00e9 et bien-\u00eatre<\/strong><\/p>\n<p>En plus d\u2019\u00eatre un cadeau de grand effet esth\u00e9tique, la felce de Boston contribue au bien-\u00eatre des espaces int\u00e9rieurs. Les <a href=\"https:\/\/floranixena.it\/fr\/prodotto\/ficus-benjamin-pianta\/\">plantes<\/a>, sont connues pour am\u00e9liorer la qualit\u00e9 de l\u2019air et cr\u00e9er un environnement plus sain et relaxant. <\/p>\n<p>Donner une felce de Boston, la Nephrolepis exaltata, est un excellent choix pour ceux qui veulent offrir un cadeau durable, \u00e9l\u00e9gant et facile \u00e0 entretenir. Parfait pour chaque environnement et id\u00e9al pour tout le monde, cette plante apportera <a href=\"https:\/\/floranixena.it\/prodotto\/bouquet-di-gerbere\/\" target=\"_blank\" rel=\"noopener\"><strong>beaut\u00e9 et bien \u00eatre<\/strong><\/a> dans la vie du destinataire chanceux. <\/p>\n<\/div>\n","protected":false},"excerpt":{"rendered":"<ul>\n<li>1 Plante Felce de Boston<\/li>\n<li>Tailles allant de 20 \u00e0 30 cm de hauteur<\/li>\n<\/ul>\n<p>Vase en plastique<\/p>\n<p><span style=\"color: #339966;\"><strong>Dans ce produit la livraison est gratuite<\/strong><\/span><\/p>\n","protected":false},"featured_media":17611,"comment_status":"open","ping_status":"closed","template":"","meta":[],"product_brand":[],"product_cat":[3285,3256,3287,3835,3442,3704,3706,3705,3699,3444,3288],"product_tag":[3903,3836,3839,3838,3841],"class_list":{"0":"post-17610","1":"product","2":"type-product","3":"status-publish","4":"has-post-thumbnail","6":"product_cat-amitie","7":"product_cat-anniversaire","8":"product_cat-felicitations","9":"product_cat-fete-des-peres","10":"product_cat-paques","11":"product_cat-plantes-fr","12":"product_cat-plantes-dexterieur","13":"product_cat-plantes-dinterieur","14":"product_cat-pour-les-grands-parents","15":"product_cat-pour-les-oncles","16":"product_cat-pour-remercier-quelquun","17":"product_tag-felce-de-boston","18":"product_tag-plante","19":"product_tag-plante-dappartement-fr","20":"product_tag-plante-de-bureau","21":"product_tag-plante-tropicale","23":"first","24":"instock","25":"sale","26":"shipping-taxable","27":"purchasable","28":"product-type-simple"},"yoast_head":"<!-- This site is optimized with the Yoast SEO Premium plugin v27.5 (Yoast SEO v27.5) - https:\/\/yoast.com\/product\/yoast-seo-premium-wordpress\/ -->\n<title>Felce di Boston - Plante - FloraNixena - livraison de fleurs et de plantes<\/title>\n<meta name=\"description\" content=\"Plante Felce de Boston livraison en ligne, Envoi plantes cadeau pour l\u2019ouverture d\u2019un local ou pour le bureau.\" \/>\n<meta name=\"robots\" content=\"index, follow, max-snippet:-1, max-image-preview:large, max-video-preview:-1\" \/>\n<link rel=\"canonical\" href=\"https:\/\/floranixena.it\/fr\/produit\/felce-di-boston-plante\/\" \/>\n<meta property=\"og:locale\" content=\"fr_FR\" \/>\n<meta property=\"og:type\" content=\"article\" \/>\n<meta property=\"og:title\" content=\"Felce di Boston - Plante\" \/>\n<meta property=\"og:description\" content=\"1 Plante Felce de Boston  Tailles allant de 20 \u00e0 30 cm de hauteur Vase en plastique Dans ce produit la livraison est gratuite\" \/>\n<meta property=\"og:url\" content=\"https:\/\/floranixena.it\/fr\/produit\/felce-di-boston-plante\/\" \/>\n<meta property=\"og:site_name\" content=\"FloraNixena - livraison de fleurs et de plantes\" \/>\n<meta property=\"article:publisher\" content=\"https:\/\/www.facebook.com\/FloraNixena\/\" \/>\n<meta property=\"article:modified_time\" content=\"2025-09-11T08:18:46+00:00\" \/>\n<meta property=\"og:image\" content=\"https:\/\/floranixena.it\/wp-content\/uploads\/2019\/06\/Pianta-di-Felce-di-boston-con-consegna-a-domicilio-per-inaugurazione-ufficio-o-da-appartamento.jpg\" \/>\n\t<meta property=\"og:image:width\" content=\"800\" \/>\n\t<meta property=\"og:image:height\" content=\"800\" \/>\n\t<meta property=\"og:image:type\" content=\"image\/jpeg\" \/>\n<meta name=\"twitter:card\" content=\"summary_large_image\" \/>\n<meta name=\"twitter:label1\" content=\"Dur\u00e9e de lecture estim\u00e9e\" \/>\n\t<meta name=\"twitter:data1\" content=\"2 minutes\" \/>\n<script type=\"application\/ld+json\" class=\"yoast-schema-graph\">{\"@context\":\"https:\\\/\\\/schema.org\",\"@graph\":[{\"@type\":\"WebPage\",\"@id\":\"https:\\\/\\\/floranixena.it\\\/fr\\\/produit\\\/felce-di-boston-plante\\\/\",\"url\":\"https:\\\/\\\/floranixena.it\\\/fr\\\/produit\\\/felce-di-boston-plante\\\/\",\"name\":\"Felce di Boston - Plante - FloraNixena - livraison de fleurs et de plantes\",\"isPartOf\":{\"@id\":\"https:\\\/\\\/floranixena.it\\\/fr\\\/#website\"},\"primaryImageOfPage\":{\"@id\":\"https:\\\/\\\/floranixena.it\\\/fr\\\/produit\\\/felce-di-boston-plante\\\/#primaryimage\"},\"image\":{\"@id\":\"https:\\\/\\\/floranixena.it\\\/fr\\\/produit\\\/felce-di-boston-plante\\\/#primaryimage\"},\"thumbnailUrl\":\"https:\\\/\\\/floranixena.it\\\/wp-content\\\/uploads\\\/2019\\\/06\\\/Pianta-di-Felce-di-boston-con-consegna-a-domicilio-per-inaugurazione-ufficio-o-da-appartamento.jpg\",\"datePublished\":\"2025-08-05T09:15:47+00:00\",\"dateModified\":\"2025-09-11T08:18:46+00:00\",\"description\":\"Plante Felce de Boston livraison en ligne, Envoi plantes cadeau pour l\u2019ouverture d\u2019un local ou pour le bureau.\",\"breadcrumb\":{\"@id\":\"https:\\\/\\\/floranixena.it\\\/fr\\\/produit\\\/felce-di-boston-plante\\\/#breadcrumb\"},\"inLanguage\":\"fr-FR\",\"potentialAction\":[{\"@type\":\"ReadAction\",\"target\":[\"https:\\\/\\\/floranixena.it\\\/fr\\\/produit\\\/felce-di-boston-plante\\\/\"]}]},{\"@type\":\"ImageObject\",\"inLanguage\":\"fr-FR\",\"@id\":\"https:\\\/\\\/floranixena.it\\\/fr\\\/produit\\\/felce-di-boston-plante\\\/#primaryimage\",\"url\":\"https:\\\/\\\/floranixena.it\\\/wp-content\\\/uploads\\\/2019\\\/06\\\/Pianta-di-Felce-di-boston-con-consegna-a-domicilio-per-inaugurazione-ufficio-o-da-appartamento.jpg\",\"contentUrl\":\"https:\\\/\\\/floranixena.it\\\/wp-content\\\/uploads\\\/2019\\\/06\\\/Pianta-di-Felce-di-boston-con-consegna-a-domicilio-per-inaugurazione-ufficio-o-da-appartamento.jpg\",\"width\":800,\"height\":800,\"caption\":\"Pianta di felce verde in vaso nero con fronde lunghe e foglioline simmetriche, ideale per decorazioni naturali e ambienti rilassanti.\"},{\"@type\":\"BreadcrumbList\",\"@id\":\"https:\\\/\\\/floranixena.it\\\/fr\\\/produit\\\/felce-di-boston-plante\\\/#breadcrumb\",\"itemListElement\":[{\"@type\":\"ListItem\",\"position\":1,\"name\":\"Home\",\"item\":\"https:\\\/\\\/floranixena.it\\\/fr\\\/\"},{\"@type\":\"ListItem\",\"position\":2,\"name\":\"Magasin\",\"item\":\"https:\\\/\\\/floranixena.it\\\/fr\\\/magasin\\\/\"},{\"@type\":\"ListItem\",\"position\":3,\"name\":\"Felce di Boston &#8211; Plante\"}]},{\"@type\":\"WebSite\",\"@id\":\"https:\\\/\\\/floranixena.it\\\/fr\\\/#website\",\"url\":\"https:\\\/\\\/floranixena.it\\\/fr\\\/\",\"name\":\"FloraNixena - Consegna fiori a domicilio in Italia\",\"description\":\"Invia fiori che raccontano storie\",\"publisher\":{\"@id\":\"https:\\\/\\\/floranixena.it\\\/fr\\\/#organization\"},\"alternateName\":\"FloraNixena.it\",\"potentialAction\":[{\"@type\":\"SearchAction\",\"target\":{\"@type\":\"EntryPoint\",\"urlTemplate\":\"https:\\\/\\\/floranixena.it\\\/fr\\\/?s={search_term_string}\"},\"query-input\":{\"@type\":\"PropertyValueSpecification\",\"valueRequired\":true,\"valueName\":\"search_term_string\"}}],\"inLanguage\":\"fr-FR\"},{\"@type\":\"Organization\",\"@id\":\"https:\\\/\\\/floranixena.it\\\/fr\\\/#organization\",\"name\":\"FloraNixena.it - Consegna mazzi di fiori, bouquet e piante a domicilio\",\"url\":\"https:\\\/\\\/floranixena.it\\\/fr\\\/\",\"logo\":{\"@type\":\"ImageObject\",\"inLanguage\":\"fr-FR\",\"@id\":\"https:\\\/\\\/floranixena.it\\\/fr\\\/#\\\/schema\\\/logo\\\/image\\\/\",\"url\":\"https:\\\/\\\/floranixena.it\\\/wp-content\\\/uploads\\\/2018\\\/11\\\/logo-fucsia.png\",\"contentUrl\":\"https:\\\/\\\/floranixena.it\\\/wp-content\\\/uploads\\\/2018\\\/11\\\/logo-fucsia.png\",\"width\":315,\"height\":81,\"caption\":\"FloraNixena.it - Consegna mazzi di fiori, bouquet e piante a domicilio\"},\"image\":{\"@id\":\"https:\\\/\\\/floranixena.it\\\/fr\\\/#\\\/schema\\\/logo\\\/image\\\/\"},\"sameAs\":[\"https:\\\/\\\/www.facebook.com\\\/FloraNixena\\\/\",\"https:\\\/\\\/www.instagram.com\\\/floranixena.it\\\/\",\"https:\\\/\\\/www.youtube.com\\\/channel\\\/UCAfCWXMBezO96jgPjiUgpkA\"],\"description\":\"Chi Siamo? FloraNixena \u00e8 il partner di fiducia per la consegna di fiori freschi a domicilio. Con anni di esperienza nel settore floreale, siamo dedicati a portare la bellezza e la freschezza dei fiori direttamente alla vostra porta. La Nostra Missione La nostra missione \u00e8 trasformare ogni occasione in un momento speciale attraverso la magia dei fiori. Crediamo che un bouquet possa dire pi\u00f9 di mille parole e lavoriamo instancabilmente per assicurarci che ogni consegna porti gioia, amore e bellezza. Cosa Offriamo? Fiori Freschi: Collaboriamo con i migliori fornitori locali per garantire che i nostri fiori siano sempre freschi e di alta qualit\u00e0. Consegna Rapida e Puntuale: Offriamo un servizio di consegna rapido e affidabile, con la possibilit\u00e0 di scegliere la fascia oraria che pi\u00f9 vi conviene. Ampia Selezione: Dalle rose classiche ai bouquet personalizzati, abbiamo una vasta gamma di opzioni per soddisfare ogni gusto e occasione. Assistenza Clienti: Il nostro team \u00e8 sempre a disposizione per assistervi nella scelta del bouquet perfetto e per garantire un'esperienza di acquisto senza intoppi. Perch\u00e9 Sceglierci? Qualit\u00e0 Garantita: Ogni bouquet \u00e8 realizzato con cura dai nostri esperti fioristi, garantendo che ogni composizione sia un'opera d'arte. Servizio Personalizzato: Che sia per un anniversario, un compleanno, una celebrazione o un momento di condoglianza, personalizziamo ogni ordine per rispondere alle vostre esigenze specifiche. Soddisfazione del Cliente: La vostra soddisfazione \u00e8 la nostra priorit\u00e0 assoluta. Facciamo tutto il possibile per assicurarci che ogni consegna superi le vostre aspettative.\",\"email\":\"amministrazione@floranixena.it\",\"telephone\":\"3806342394\",\"legalName\":\"Gaetano Votadoro\"}]}<\/script>\n<!-- \/ Yoast SEO Premium plugin. -->","yoast_head_json":{"title":"Felce di Boston - Plante - FloraNixena - livraison de fleurs et de plantes","description":"Plante Felce de Boston livraison en ligne, Envoi plantes cadeau pour l\u2019ouverture d\u2019un local ou pour le bureau.","robots":{"index":"index","follow":"follow","max-snippet":"max-snippet:-1","max-image-preview":"max-image-preview:large","max-video-preview":"max-video-preview:-1"},"canonical":"https:\/\/floranixena.it\/fr\/produit\/felce-di-boston-plante\/","og_locale":"fr_FR","og_type":"article","og_title":"Felce di Boston - Plante","og_description":"1 Plante Felce de Boston  Tailles allant de 20 \u00e0 30 cm de hauteur Vase en plastique Dans ce produit la livraison est gratuite","og_url":"https:\/\/floranixena.it\/fr\/produit\/felce-di-boston-plante\/","og_site_name":"FloraNixena - livraison de fleurs et de plantes","article_publisher":"https:\/\/www.facebook.com\/FloraNixena\/","article_modified_time":"2025-09-11T08:18:46+00:00","og_image":[{"width":800,"height":800,"url":"https:\/\/floranixena.it\/wp-content\/uploads\/2019\/06\/Pianta-di-Felce-di-boston-con-consegna-a-domicilio-per-inaugurazione-ufficio-o-da-appartamento.jpg","type":"image\/jpeg"}],"twitter_card":"summary_large_image","twitter_misc":{"Dur\u00e9e de lecture estim\u00e9e":"2 minutes"},"schema":{"@context":"https:\/\/schema.org","@graph":[{"@type":"WebPage","@id":"https:\/\/floranixena.it\/fr\/produit\/felce-di-boston-plante\/","url":"https:\/\/floranixena.it\/fr\/produit\/felce-di-boston-plante\/","name":"Felce di Boston - Plante - FloraNixena - livraison de fleurs et de plantes","isPartOf":{"@id":"https:\/\/floranixena.it\/fr\/#website"},"primaryImageOfPage":{"@id":"https:\/\/floranixena.it\/fr\/produit\/felce-di-boston-plante\/#primaryimage"},"image":{"@id":"https:\/\/floranixena.it\/fr\/produit\/felce-di-boston-plante\/#primaryimage"},"thumbnailUrl":"https:\/\/floranixena.it\/wp-content\/uploads\/2019\/06\/Pianta-di-Felce-di-boston-con-consegna-a-domicilio-per-inaugurazione-ufficio-o-da-appartamento.jpg","datePublished":"2025-08-05T09:15:47+00:00","dateModified":"2025-09-11T08:18:46+00:00","description":"Plante Felce de Boston livraison en ligne, Envoi plantes cadeau pour l\u2019ouverture d\u2019un local ou pour le bureau.","breadcrumb":{"@id":"https:\/\/floranixena.it\/fr\/produit\/felce-di-boston-plante\/#breadcrumb"},"inLanguage":"fr-FR","potentialAction":[{"@type":"ReadAction","target":["https:\/\/floranixena.it\/fr\/produit\/felce-di-boston-plante\/"]}]},{"@type":"ImageObject","inLanguage":"fr-FR","@id":"https:\/\/floranixena.it\/fr\/produit\/felce-di-boston-plante\/#primaryimage","url":"https:\/\/floranixena.it\/wp-content\/uploads\/2019\/06\/Pianta-di-Felce-di-boston-con-consegna-a-domicilio-per-inaugurazione-ufficio-o-da-appartamento.jpg","contentUrl":"https:\/\/floranixena.it\/wp-content\/uploads\/2019\/06\/Pianta-di-Felce-di-boston-con-consegna-a-domicilio-per-inaugurazione-ufficio-o-da-appartamento.jpg","width":800,"height":800,"caption":"Pianta di felce verde in vaso nero con fronde lunghe e foglioline simmetriche, ideale per decorazioni naturali e ambienti rilassanti."},{"@type":"BreadcrumbList","@id":"https:\/\/floranixena.it\/fr\/produit\/felce-di-boston-plante\/#breadcrumb","itemListElement":[{"@type":"ListItem","position":1,"name":"Home","item":"https:\/\/floranixena.it\/fr\/"},{"@type":"ListItem","position":2,"name":"Magasin","item":"https:\/\/floranixena.it\/fr\/magasin\/"},{"@type":"ListItem","position":3,"name":"Felce di Boston &#8211; Plante"}]},{"@type":"WebSite","@id":"https:\/\/floranixena.it\/fr\/#website","url":"https:\/\/floranixena.it\/fr\/","name":"FloraNixena - Consegna fiori a domicilio in Italia","description":"Invia fiori che raccontano storie","publisher":{"@id":"https:\/\/floranixena.it\/fr\/#organization"},"alternateName":"FloraNixena.it","potentialAction":[{"@type":"SearchAction","target":{"@type":"EntryPoint","urlTemplate":"https:\/\/floranixena.it\/fr\/?s={search_term_string}"},"query-input":{"@type":"PropertyValueSpecification","valueRequired":true,"valueName":"search_term_string"}}],"inLanguage":"fr-FR"},{"@type":"Organization","@id":"https:\/\/floranixena.it\/fr\/#organization","name":"FloraNixena.it - Consegna mazzi di fiori, bouquet e piante a domicilio","url":"https:\/\/floranixena.it\/fr\/","logo":{"@type":"ImageObject","inLanguage":"fr-FR","@id":"https:\/\/floranixena.it\/fr\/#\/schema\/logo\/image\/","url":"https:\/\/floranixena.it\/wp-content\/uploads\/2018\/11\/logo-fucsia.png","contentUrl":"https:\/\/floranixena.it\/wp-content\/uploads\/2018\/11\/logo-fucsia.png","width":315,"height":81,"caption":"FloraNixena.it - Consegna mazzi di fiori, bouquet e piante a domicilio"},"image":{"@id":"https:\/\/floranixena.it\/fr\/#\/schema\/logo\/image\/"},"sameAs":["https:\/\/www.facebook.com\/FloraNixena\/","https:\/\/www.instagram.com\/floranixena.it\/","https:\/\/www.youtube.com\/channel\/UCAfCWXMBezO96jgPjiUgpkA"],"description":"Chi Siamo? FloraNixena \u00e8 il partner di fiducia per la consegna di fiori freschi a domicilio. Con anni di esperienza nel settore floreale, siamo dedicati a portare la bellezza e la freschezza dei fiori direttamente alla vostra porta. La Nostra Missione La nostra missione \u00e8 trasformare ogni occasione in un momento speciale attraverso la magia dei fiori. Crediamo che un bouquet possa dire pi\u00f9 di mille parole e lavoriamo instancabilmente per assicurarci che ogni consegna porti gioia, amore e bellezza. Cosa Offriamo? Fiori Freschi: Collaboriamo con i migliori fornitori locali per garantire che i nostri fiori siano sempre freschi e di alta qualit\u00e0. Consegna Rapida e Puntuale: Offriamo un servizio di consegna rapido e affidabile, con la possibilit\u00e0 di scegliere la fascia oraria che pi\u00f9 vi conviene. Ampia Selezione: Dalle rose classiche ai bouquet personalizzati, abbiamo una vasta gamma di opzioni per soddisfare ogni gusto e occasione. Assistenza Clienti: Il nostro team \u00e8 sempre a disposizione per assistervi nella scelta del bouquet perfetto e per garantire un'esperienza di acquisto senza intoppi. Perch\u00e9 Sceglierci? Qualit\u00e0 Garantita: Ogni bouquet \u00e8 realizzato con cura dai nostri esperti fioristi, garantendo che ogni composizione sia un'opera d'arte. Servizio Personalizzato: Che sia per un anniversario, un compleanno, una celebrazione o un momento di condoglianza, personalizziamo ogni ordine per rispondere alle vostre esigenze specifiche. Soddisfazione del Cliente: La vostra soddisfazione \u00e8 la nostra priorit\u00e0 assoluta. Facciamo tutto il possibile per assicurarci che ogni consegna superi le vostre aspettative.","email":"amministrazione@floranixena.it","telephone":"3806342394","legalName":"Gaetano Votadoro"}]}},"_links":{"self":[{"href":"https:\/\/floranixena.it\/fr\/wp-json\/wp\/v2\/product\/17610","targetHints":{"allow":["GET"]}}],"collection":[{"href":"https:\/\/floranixena.it\/fr\/wp-json\/wp\/v2\/product"}],"about":[{"href":"https:\/\/floranixena.it\/fr\/wp-json\/wp\/v2\/types\/product"}],"replies":[{"embeddable":true,"href":"https:\/\/floranixena.it\/fr\/wp-json\/wp\/v2\/comments?post=17610"}],"wp:featuredmedia":[{"embeddable":true,"href":"https:\/\/floranixena.it\/fr\/wp-json\/wp\/v2\/media\/17611"}],"wp:attachment":[{"href":"https:\/\/floranixena.it\/fr\/wp-json\/wp\/v2\/media?parent=17610"}],"wp:term":[{"taxonomy":"product_brand","embeddable":true,"href":"https:\/\/floranixena.it\/fr\/wp-json\/wp\/v2\/product_brand?post=17610"},{"taxonomy":"product_cat","embeddable":true,"href":"https:\/\/floranixena.it\/fr\/wp-json\/wp\/v2\/product_cat?post=17610"},{"taxonomy":"product_tag","embeddable":true,"href":"https:\/\/floranixena.it\/fr\/wp-json\/wp\/v2\/product_tag?post=17610"}],"curies":[{"name":"wp","href":"https:\/\/api.w.org\/{rel}","templated":true}]}}