{"id":17564,"date":"2025-09-19T08:08:18","date_gmt":"2025-09-19T06:08:18","guid":{"rendered":"https:\/\/floranixena.it\/product\/bromelia-rossa\/"},"modified":"2025-09-17T09:36:43","modified_gmt":"2025-09-17T07:36:43","slug":"bromelia-rossa","status":"publish","type":"product","link":"https:\/\/floranixena.it\/fr\/produit\/bromelia-rossa\/","title":{"rendered":"Brom\u00e9lia rouge"},"content":{"rendered":"<p>Avec sa feuille toujours brillante et brillante, <strong>la Bromelia (Guzmania)<\/strong> ajoute une touche de fra\u00eecheur et de vitalit\u00e9 \u00e0 l\u2019int\u00e9rieur. Il atteint g\u00e9n\u00e9ralement une hauteur de 50-60 cm du fond du pot au sommet de la plante, id\u00e9al pour occuper des espaces sans \u00eatre encombrant. <\/p>\n<p>Les Bromelie sont des <a href=\"https:\/\/floranixena.it\/fr\/catalog\/plantes-fr\/\" target=\"_blank\" rel=\"noopener\"><strong>plantes<\/strong><\/a> d\u2019int\u00e9rieur extraordinaires, dot\u00e9es de fleurs vives et durables qui cr\u00e9ent un spectacle visuel unique, en contraste avec leur feuille verte brillante. Cette plante est la quintessence de l\u2019audace et de l&rsquo;<a href=\"https:\/\/floranixena.it\/prodotto\/cesta-di-rose-fucsia\/\" target=\"_blank\" rel=\"noopener\"><strong>\u00e9l\u00e9gance<\/strong><\/a>, parfaite pour enrichir les meubles contemporains et modernes. <\/p>\n<p>Chaque plante est emball\u00e9e avec grand soin pour s\u2019assurer qu\u2019elle arrive au destinataire en parfait \u00e9tat, pr\u00eate \u00e0 \u00e9tonner et \u00e0 ajouter de la beaut\u00e9 aux environnements domestiques.<\/p>\n<p>La Bromelia est non seulement un ajout d\u00e9coratif \u00e0 votre maison, mais aussi une <strong>d\u00e9claration de style et de go\u00fbt<\/strong>. Avec sa combinaison de couleurs vibrantes et son feuillage luxuriant, cette plante se distingue comme un v\u00e9ritable joyau botanique, capable de transformer n\u2019importe quel espace en une oasis de <a href=\"https:\/\/floranixena.it\/fr\/prodotto\/hot-sun\/\" target=\"_blank\" rel=\"noopener\"><strong>beaut\u00e9 et de s\u00e9r\u00e9nit\u00e9<\/strong><\/a>. Choisissez la Brom\u00e9lia pour apporter une note de vivacit\u00e9 et de raffinement dans votre maison.  <\/p>\n<p>La <strong>Bromelia<\/strong> est \u00e9galement appr\u00e9ci\u00e9e pour sa facilit\u00e9 d\u2019entretien, ce qui la rend id\u00e9ale pour ceux qui souhaitent profiter de la beaut\u00e9 des <strong><a href=\"https:\/\/floranixena.it\/fr\/prodotto\/dieffenbachia\/\" target=\"_blank\" rel=\"noopener\">plantes<\/a><\/strong> sans s\u2019engager dans des routines d\u2019entretien compliqu\u00e9es. Cette plante n\u00e9cessite une lumi\u00e8re indirecte brillante et un arrosage mod\u00e9r\u00e9, ce qui la rend adapt\u00e9e m\u00eame pour ceux qui n\u2019ont pas de pouce vert. <\/p>\n<p>Choisissez la <strong>Guzmania<\/strong> pour transformer votre maison en une oasis de beaut\u00e9, de s\u00e9r\u00e9nit\u00e9 et de bien-\u00eatre. Avec sa combinaison d\u2019\u00e9l\u00e9gance, de facilit\u00e9 d\u2019entretien et d\u2019avantages pour la sant\u00e9, cette plante est un investissement pr\u00e9cieux pour votre espace de vie. <\/p>\n","protected":false},"excerpt":{"rendered":"<ul>\n<li>1 Plante Bromelia Rouge<\/li>\n<li>Hauteur de 50 \u00e0 60 cm<\/li>\n<\/ul>\n<p><span id=\"result_box\" class=\"\" lang=\"it\">Vase en c\u00e9ramique <strong>non inclus<\/strong> avec possibilit\u00e9 de l\u2019ajouter s\u00e9par\u00e9ment.<\/span><\/p>\n","protected":false},"featured_media":17565,"comment_status":"open","ping_status":"closed","template":"","meta":[],"product_brand":[],"product_cat":[3285,3287,3260,3704,3705,3443,3699,3444],"product_tag":[3848,3849,3709,3707,3850],"class_list":{"0":"post-17564","1":"product","2":"type-product","3":"status-publish","4":"has-post-thumbnail","6":"product_cat-amitie","7":"product_cat-felicitations","8":"product_cat-fete-de-la-femme","9":"product_cat-plantes-fr","10":"product_cat-plantes-dinterieur","11":"product_cat-pour-la-soeur","12":"product_cat-pour-les-grands-parents","13":"product_cat-pour-les-oncles","14":"product_tag-bromelia-fr","15":"product_tag-guzmania-fr","16":"product_tag-livraison-de-plantes-a-domicile","17":"product_tag-plante-dappartement","18":"product_tag-plante-de-bromelia","20":"first","21":"instock","22":"sale","23":"shipping-taxable","24":"purchasable","25":"product-type-simple"},"yoast_head":"<!-- This site is optimized with the Yoast SEO Premium plugin v27.5 (Yoast SEO v27.5) - https:\/\/yoast.com\/product\/yoast-seo-premium-wordpress\/ -->\n<title>Bromelia - Floranixena - Livraison de plantes \u00e0 domicile<\/title>\n<meta name=\"description\" content=\"Bromelia (Guzmania) rouge. Offrez une belle plante d\u2019int\u00e9rieur pour la maison de quelqu\u2019un que vous aimez ou pour l\u2019ouverture d\u2019une entreprise.\" \/>\n<meta name=\"robots\" content=\"index, follow, max-snippet:-1, max-image-preview:large, max-video-preview:-1\" \/>\n<link rel=\"canonical\" href=\"https:\/\/floranixena.it\/fr\/produit\/bromelia-rossa\/\" \/>\n<meta property=\"og:locale\" content=\"fr_FR\" \/>\n<meta property=\"og:type\" content=\"article\" \/>\n<meta property=\"og:title\" content=\"Brom\u00e9lia rouge\" \/>\n<meta property=\"og:description\" content=\"1 Plante Bromelia Rouge  Hauteur de 50 \u00e0 60 cm Vase en c\u00e9ramique non inclus avec possibilit\u00e9 de l\u2019ajouter s\u00e9par\u00e9ment.\" \/>\n<meta property=\"og:url\" content=\"https:\/\/floranixena.it\/fr\/produit\/bromelia-rossa\/\" \/>\n<meta property=\"og:site_name\" content=\"FloraNixena - livraison de fleurs et de plantes\" \/>\n<meta property=\"article:publisher\" content=\"https:\/\/www.facebook.com\/FloraNixena\/\" \/>\n<meta property=\"og:image\" content=\"https:\/\/floranixena.it\/wp-content\/uploads\/2018\/11\/Pianta-di-Bromelia-Rossa-da-regalare-per-linaugurazione-di-un-locale-o-ufficio-direttametne-a-domicilio-della-persona-scelta.jpg\" \/>\n\t<meta property=\"og:image:width\" content=\"800\" \/>\n\t<meta property=\"og:image:height\" content=\"800\" \/>\n\t<meta property=\"og:image:type\" content=\"image\/jpeg\" \/>\n<meta name=\"twitter:card\" content=\"summary_large_image\" \/>\n<meta name=\"twitter:label1\" content=\"Dur\u00e9e de lecture estim\u00e9e\" \/>\n\t<meta name=\"twitter:data1\" content=\"2 minutes\" \/>\n<script type=\"application\/ld+json\" class=\"yoast-schema-graph\">{\"@context\":\"https:\\\/\\\/schema.org\",\"@graph\":[{\"@type\":\"WebPage\",\"@id\":\"https:\\\/\\\/floranixena.it\\\/fr\\\/produit\\\/bromelia-rossa\\\/\",\"url\":\"https:\\\/\\\/floranixena.it\\\/fr\\\/produit\\\/bromelia-rossa\\\/\",\"name\":\"Bromelia - Floranixena - Livraison de plantes \u00e0 domicile\",\"isPartOf\":{\"@id\":\"https:\\\/\\\/floranixena.it\\\/fr\\\/#website\"},\"primaryImageOfPage\":{\"@id\":\"https:\\\/\\\/floranixena.it\\\/fr\\\/produit\\\/bromelia-rossa\\\/#primaryimage\"},\"image\":{\"@id\":\"https:\\\/\\\/floranixena.it\\\/fr\\\/produit\\\/bromelia-rossa\\\/#primaryimage\"},\"thumbnailUrl\":\"https:\\\/\\\/floranixena.it\\\/wp-content\\\/uploads\\\/2018\\\/11\\\/Pianta-di-Bromelia-Rossa-da-regalare-per-linaugurazione-di-un-locale-o-ufficio-direttametne-a-domicilio-della-persona-scelta.jpg\",\"datePublished\":\"2025-09-19T06:08:18+00:00\",\"description\":\"Bromelia (Guzmania) rouge. Offrez une belle plante d\u2019int\u00e9rieur pour la maison de quelqu\u2019un que vous aimez ou pour l\u2019ouverture d\u2019une entreprise.\",\"breadcrumb\":{\"@id\":\"https:\\\/\\\/floranixena.it\\\/fr\\\/produit\\\/bromelia-rossa\\\/#breadcrumb\"},\"inLanguage\":\"fr-FR\",\"potentialAction\":[{\"@type\":\"ReadAction\",\"target\":[\"https:\\\/\\\/floranixena.it\\\/fr\\\/produit\\\/bromelia-rossa\\\/\"]}]},{\"@type\":\"ImageObject\",\"inLanguage\":\"fr-FR\",\"@id\":\"https:\\\/\\\/floranixena.it\\\/fr\\\/produit\\\/bromelia-rossa\\\/#primaryimage\",\"url\":\"https:\\\/\\\/floranixena.it\\\/wp-content\\\/uploads\\\/2018\\\/11\\\/Pianta-di-Bromelia-Rossa-da-regalare-per-linaugurazione-di-un-locale-o-ufficio-direttametne-a-domicilio-della-persona-scelta.jpg\",\"contentUrl\":\"https:\\\/\\\/floranixena.it\\\/wp-content\\\/uploads\\\/2018\\\/11\\\/Pianta-di-Bromelia-Rossa-da-regalare-per-linaugurazione-di-un-locale-o-ufficio-direttametne-a-domicilio-della-persona-scelta.jpg\",\"width\":800,\"height\":800,\"caption\":\"Una Guzmania rossa in fiore, simbolo di vitalit\u00e0 e bellezza tropicale, firmata FloraNixena\"},{\"@type\":\"BreadcrumbList\",\"@id\":\"https:\\\/\\\/floranixena.it\\\/fr\\\/produit\\\/bromelia-rossa\\\/#breadcrumb\",\"itemListElement\":[{\"@type\":\"ListItem\",\"position\":1,\"name\":\"Home\",\"item\":\"https:\\\/\\\/floranixena.it\\\/fr\\\/\"},{\"@type\":\"ListItem\",\"position\":2,\"name\":\"Magasin\",\"item\":\"https:\\\/\\\/floranixena.it\\\/fr\\\/magasin\\\/\"},{\"@type\":\"ListItem\",\"position\":3,\"name\":\"Brom\u00e9lia rouge\"}]},{\"@type\":\"WebSite\",\"@id\":\"https:\\\/\\\/floranixena.it\\\/fr\\\/#website\",\"url\":\"https:\\\/\\\/floranixena.it\\\/fr\\\/\",\"name\":\"FloraNixena - Consegna fiori a domicilio in Italia\",\"description\":\"Invia fiori che raccontano storie\",\"publisher\":{\"@id\":\"https:\\\/\\\/floranixena.it\\\/fr\\\/#organization\"},\"alternateName\":\"FloraNixena.it\",\"potentialAction\":[{\"@type\":\"SearchAction\",\"target\":{\"@type\":\"EntryPoint\",\"urlTemplate\":\"https:\\\/\\\/floranixena.it\\\/fr\\\/?s={search_term_string}\"},\"query-input\":{\"@type\":\"PropertyValueSpecification\",\"valueRequired\":true,\"valueName\":\"search_term_string\"}}],\"inLanguage\":\"fr-FR\"},{\"@type\":\"Organization\",\"@id\":\"https:\\\/\\\/floranixena.it\\\/fr\\\/#organization\",\"name\":\"FloraNixena.it - Consegna mazzi di fiori, bouquet e piante a domicilio\",\"url\":\"https:\\\/\\\/floranixena.it\\\/fr\\\/\",\"logo\":{\"@type\":\"ImageObject\",\"inLanguage\":\"fr-FR\",\"@id\":\"https:\\\/\\\/floranixena.it\\\/fr\\\/#\\\/schema\\\/logo\\\/image\\\/\",\"url\":\"https:\\\/\\\/floranixena.it\\\/wp-content\\\/uploads\\\/2018\\\/11\\\/logo-fucsia.png\",\"contentUrl\":\"https:\\\/\\\/floranixena.it\\\/wp-content\\\/uploads\\\/2018\\\/11\\\/logo-fucsia.png\",\"width\":315,\"height\":81,\"caption\":\"FloraNixena.it - Consegna mazzi di fiori, bouquet e piante a domicilio\"},\"image\":{\"@id\":\"https:\\\/\\\/floranixena.it\\\/fr\\\/#\\\/schema\\\/logo\\\/image\\\/\"},\"sameAs\":[\"https:\\\/\\\/www.facebook.com\\\/FloraNixena\\\/\",\"https:\\\/\\\/www.instagram.com\\\/floranixena.it\\\/\",\"https:\\\/\\\/www.youtube.com\\\/channel\\\/UCAfCWXMBezO96jgPjiUgpkA\"],\"description\":\"Chi Siamo? FloraNixena \u00e8 il partner di fiducia per la consegna di fiori freschi a domicilio. Con anni di esperienza nel settore floreale, siamo dedicati a portare la bellezza e la freschezza dei fiori direttamente alla vostra porta. La Nostra Missione La nostra missione \u00e8 trasformare ogni occasione in un momento speciale attraverso la magia dei fiori. Crediamo che un bouquet possa dire pi\u00f9 di mille parole e lavoriamo instancabilmente per assicurarci che ogni consegna porti gioia, amore e bellezza. Cosa Offriamo? Fiori Freschi: Collaboriamo con i migliori fornitori locali per garantire che i nostri fiori siano sempre freschi e di alta qualit\u00e0. Consegna Rapida e Puntuale: Offriamo un servizio di consegna rapido e affidabile, con la possibilit\u00e0 di scegliere la fascia oraria che pi\u00f9 vi conviene. Ampia Selezione: Dalle rose classiche ai bouquet personalizzati, abbiamo una vasta gamma di opzioni per soddisfare ogni gusto e occasione. Assistenza Clienti: Il nostro team \u00e8 sempre a disposizione per assistervi nella scelta del bouquet perfetto e per garantire un'esperienza di acquisto senza intoppi. Perch\u00e9 Sceglierci? Qualit\u00e0 Garantita: Ogni bouquet \u00e8 realizzato con cura dai nostri esperti fioristi, garantendo che ogni composizione sia un'opera d'arte. Servizio Personalizzato: Che sia per un anniversario, un compleanno, una celebrazione o un momento di condoglianza, personalizziamo ogni ordine per rispondere alle vostre esigenze specifiche. Soddisfazione del Cliente: La vostra soddisfazione \u00e8 la nostra priorit\u00e0 assoluta. Facciamo tutto il possibile per assicurarci che ogni consegna superi le vostre aspettative.\",\"email\":\"amministrazione@floranixena.it\",\"telephone\":\"3806342394\",\"legalName\":\"Gaetano Votadoro\"}]}<\/script>\n<!-- \/ Yoast SEO Premium plugin. -->","yoast_head_json":{"title":"Bromelia - Floranixena - Livraison de plantes \u00e0 domicile","description":"Bromelia (Guzmania) rouge. Offrez une belle plante d\u2019int\u00e9rieur pour la maison de quelqu\u2019un que vous aimez ou pour l\u2019ouverture d\u2019une entreprise.","robots":{"index":"index","follow":"follow","max-snippet":"max-snippet:-1","max-image-preview":"max-image-preview:large","max-video-preview":"max-video-preview:-1"},"canonical":"https:\/\/floranixena.it\/fr\/produit\/bromelia-rossa\/","og_locale":"fr_FR","og_type":"article","og_title":"Brom\u00e9lia rouge","og_description":"1 Plante Bromelia Rouge  Hauteur de 50 \u00e0 60 cm Vase en c\u00e9ramique non inclus avec possibilit\u00e9 de l\u2019ajouter s\u00e9par\u00e9ment.","og_url":"https:\/\/floranixena.it\/fr\/produit\/bromelia-rossa\/","og_site_name":"FloraNixena - livraison de fleurs et de plantes","article_publisher":"https:\/\/www.facebook.com\/FloraNixena\/","og_image":[{"width":800,"height":800,"url":"https:\/\/floranixena.it\/wp-content\/uploads\/2018\/11\/Pianta-di-Bromelia-Rossa-da-regalare-per-linaugurazione-di-un-locale-o-ufficio-direttametne-a-domicilio-della-persona-scelta.jpg","type":"image\/jpeg"}],"twitter_card":"summary_large_image","twitter_misc":{"Dur\u00e9e de lecture estim\u00e9e":"2 minutes"},"schema":{"@context":"https:\/\/schema.org","@graph":[{"@type":"WebPage","@id":"https:\/\/floranixena.it\/fr\/produit\/bromelia-rossa\/","url":"https:\/\/floranixena.it\/fr\/produit\/bromelia-rossa\/","name":"Bromelia - Floranixena - Livraison de plantes \u00e0 domicile","isPartOf":{"@id":"https:\/\/floranixena.it\/fr\/#website"},"primaryImageOfPage":{"@id":"https:\/\/floranixena.it\/fr\/produit\/bromelia-rossa\/#primaryimage"},"image":{"@id":"https:\/\/floranixena.it\/fr\/produit\/bromelia-rossa\/#primaryimage"},"thumbnailUrl":"https:\/\/floranixena.it\/wp-content\/uploads\/2018\/11\/Pianta-di-Bromelia-Rossa-da-regalare-per-linaugurazione-di-un-locale-o-ufficio-direttametne-a-domicilio-della-persona-scelta.jpg","datePublished":"2025-09-19T06:08:18+00:00","description":"Bromelia (Guzmania) rouge. Offrez une belle plante d\u2019int\u00e9rieur pour la maison de quelqu\u2019un que vous aimez ou pour l\u2019ouverture d\u2019une entreprise.","breadcrumb":{"@id":"https:\/\/floranixena.it\/fr\/produit\/bromelia-rossa\/#breadcrumb"},"inLanguage":"fr-FR","potentialAction":[{"@type":"ReadAction","target":["https:\/\/floranixena.it\/fr\/produit\/bromelia-rossa\/"]}]},{"@type":"ImageObject","inLanguage":"fr-FR","@id":"https:\/\/floranixena.it\/fr\/produit\/bromelia-rossa\/#primaryimage","url":"https:\/\/floranixena.it\/wp-content\/uploads\/2018\/11\/Pianta-di-Bromelia-Rossa-da-regalare-per-linaugurazione-di-un-locale-o-ufficio-direttametne-a-domicilio-della-persona-scelta.jpg","contentUrl":"https:\/\/floranixena.it\/wp-content\/uploads\/2018\/11\/Pianta-di-Bromelia-Rossa-da-regalare-per-linaugurazione-di-un-locale-o-ufficio-direttametne-a-domicilio-della-persona-scelta.jpg","width":800,"height":800,"caption":"Una Guzmania rossa in fiore, simbolo di vitalit\u00e0 e bellezza tropicale, firmata FloraNixena"},{"@type":"BreadcrumbList","@id":"https:\/\/floranixena.it\/fr\/produit\/bromelia-rossa\/#breadcrumb","itemListElement":[{"@type":"ListItem","position":1,"name":"Home","item":"https:\/\/floranixena.it\/fr\/"},{"@type":"ListItem","position":2,"name":"Magasin","item":"https:\/\/floranixena.it\/fr\/magasin\/"},{"@type":"ListItem","position":3,"name":"Brom\u00e9lia rouge"}]},{"@type":"WebSite","@id":"https:\/\/floranixena.it\/fr\/#website","url":"https:\/\/floranixena.it\/fr\/","name":"FloraNixena - Consegna fiori a domicilio in Italia","description":"Invia fiori che raccontano storie","publisher":{"@id":"https:\/\/floranixena.it\/fr\/#organization"},"alternateName":"FloraNixena.it","potentialAction":[{"@type":"SearchAction","target":{"@type":"EntryPoint","urlTemplate":"https:\/\/floranixena.it\/fr\/?s={search_term_string}"},"query-input":{"@type":"PropertyValueSpecification","valueRequired":true,"valueName":"search_term_string"}}],"inLanguage":"fr-FR"},{"@type":"Organization","@id":"https:\/\/floranixena.it\/fr\/#organization","name":"FloraNixena.it - Consegna mazzi di fiori, bouquet e piante a domicilio","url":"https:\/\/floranixena.it\/fr\/","logo":{"@type":"ImageObject","inLanguage":"fr-FR","@id":"https:\/\/floranixena.it\/fr\/#\/schema\/logo\/image\/","url":"https:\/\/floranixena.it\/wp-content\/uploads\/2018\/11\/logo-fucsia.png","contentUrl":"https:\/\/floranixena.it\/wp-content\/uploads\/2018\/11\/logo-fucsia.png","width":315,"height":81,"caption":"FloraNixena.it - Consegna mazzi di fiori, bouquet e piante a domicilio"},"image":{"@id":"https:\/\/floranixena.it\/fr\/#\/schema\/logo\/image\/"},"sameAs":["https:\/\/www.facebook.com\/FloraNixena\/","https:\/\/www.instagram.com\/floranixena.it\/","https:\/\/www.youtube.com\/channel\/UCAfCWXMBezO96jgPjiUgpkA"],"description":"Chi Siamo? FloraNixena \u00e8 il partner di fiducia per la consegna di fiori freschi a domicilio. Con anni di esperienza nel settore floreale, siamo dedicati a portare la bellezza e la freschezza dei fiori direttamente alla vostra porta. La Nostra Missione La nostra missione \u00e8 trasformare ogni occasione in un momento speciale attraverso la magia dei fiori. Crediamo che un bouquet possa dire pi\u00f9 di mille parole e lavoriamo instancabilmente per assicurarci che ogni consegna porti gioia, amore e bellezza. Cosa Offriamo? Fiori Freschi: Collaboriamo con i migliori fornitori locali per garantire che i nostri fiori siano sempre freschi e di alta qualit\u00e0. Consegna Rapida e Puntuale: Offriamo un servizio di consegna rapido e affidabile, con la possibilit\u00e0 di scegliere la fascia oraria che pi\u00f9 vi conviene. Ampia Selezione: Dalle rose classiche ai bouquet personalizzati, abbiamo una vasta gamma di opzioni per soddisfare ogni gusto e occasione. Assistenza Clienti: Il nostro team \u00e8 sempre a disposizione per assistervi nella scelta del bouquet perfetto e per garantire un'esperienza di acquisto senza intoppi. Perch\u00e9 Sceglierci? Qualit\u00e0 Garantita: Ogni bouquet \u00e8 realizzato con cura dai nostri esperti fioristi, garantendo che ogni composizione sia un'opera d'arte. Servizio Personalizzato: Che sia per un anniversario, un compleanno, una celebrazione o un momento di condoglianza, personalizziamo ogni ordine per rispondere alle vostre esigenze specifiche. Soddisfazione del Cliente: La vostra soddisfazione \u00e8 la nostra priorit\u00e0 assoluta. Facciamo tutto il possibile per assicurarci che ogni consegna superi le vostre aspettative.","email":"amministrazione@floranixena.it","telephone":"3806342394","legalName":"Gaetano Votadoro"}]}},"_links":{"self":[{"href":"https:\/\/floranixena.it\/fr\/wp-json\/wp\/v2\/product\/17564","targetHints":{"allow":["GET"]}}],"collection":[{"href":"https:\/\/floranixena.it\/fr\/wp-json\/wp\/v2\/product"}],"about":[{"href":"https:\/\/floranixena.it\/fr\/wp-json\/wp\/v2\/types\/product"}],"replies":[{"embeddable":true,"href":"https:\/\/floranixena.it\/fr\/wp-json\/wp\/v2\/comments?post=17564"}],"wp:featuredmedia":[{"embeddable":true,"href":"https:\/\/floranixena.it\/fr\/wp-json\/wp\/v2\/media\/17565"}],"wp:attachment":[{"href":"https:\/\/floranixena.it\/fr\/wp-json\/wp\/v2\/media?parent=17564"}],"wp:term":[{"taxonomy":"product_brand","embeddable":true,"href":"https:\/\/floranixena.it\/fr\/wp-json\/wp\/v2\/product_brand?post=17564"},{"taxonomy":"product_cat","embeddable":true,"href":"https:\/\/floranixena.it\/fr\/wp-json\/wp\/v2\/product_cat?post=17564"},{"taxonomy":"product_tag","embeddable":true,"href":"https:\/\/floranixena.it\/fr\/wp-json\/wp\/v2\/product_tag?post=17564"}],"curies":[{"name":"wp","href":"https:\/\/api.w.org\/{rel}","templated":true}]}}