{"id":19318,"date":"2020-07-07T10:09:35","date_gmt":"2020-07-07T08:09:35","guid":{"rendered":"https:\/\/floranixena.it\/product\/es-una-nina\/"},"modified":"2020-07-07T10:09:35","modified_gmt":"2020-07-07T08:09:35","slug":"es-una-nina","status":"publish","type":"product","link":"https:\/\/floranixena.it\/es\/producto\/es-una-nina\/","title":{"rendered":"Es una ni\u00f1a!"},"content":{"rendered":"<p>Est\u00e1s buscando la manera ideal de felicitar a un querido amigo o familiar por el <strong><a href=\"https:\/\/floranixena.it\/es\/catalog\/nacimientos\/\">nacimiento <\/a><\/strong>de su hermosa ni\u00f1a?<br \/>\nUn hermoso ramo de flores para el nacimiento de una ni\u00f1a es el regalo perfecto para ayudarles a celebrar esta importante ocasi\u00f3n y expresarles sus m\u00e1s sinceras felicitaciones!<br \/>\nMuestre su amor y aprecio con un hermoso<strong> ramo de flores:<\/strong> \u00a1definitivamente traer\u00e1 alegr\u00eda y alegr\u00eda a los orgullosos nuevos padres y agregar\u00e1 un toque de calidez y alegr\u00eda para conmemorar esta ocasi\u00f3n especial!<\/p>\n<p>Celebra a la nueva ni\u00f1a con un regalo de nuestra hermosa<strong> composici\u00f3n floral<\/strong> compuesta por margaritas blancas, gerbera rosa, dos rosas rojas rom\u00e1nticas, Alstroemeria blanca delicada e Hypericum. Para hacer este regalo extraordinario a\u00fan m\u00e1s especial y memorable, hemos incluido un adorable osito de peluche y un globo alegre que seguramente traer\u00e1 una gran sonrisa. <\/p>\n<p>Elija nuestro ramo de flores <strong>\u00abEs una ni\u00f1a<\/strong>\u00bb para el nacimiento de un beb\u00e9 compuesto por con brillantes tonos de rosa y blanco, esta composici\u00f3n floral es una manera perfecta para dar la bienvenida a una preciosa ni\u00f1a reci\u00e9n nacida. Un regalo de margaritas coloridas, mini claveles, es la manera perfecta para expresar sus sentimientos por el nuevo paquete de alegr\u00eda! <\/p>\n<p>Tenemos otros arreglos florales para ni\u00f1as, llenos de brillantes flores amarillas y verdes exuberantes, por lo que puede encontrar la combinaci\u00f3n perfecta para celebrar su llegada. Nuestros alegres regalos para ni\u00f1os iluminar\u00e1n instant\u00e1neamente su habitaci\u00f3n con su c\u00e1lida y acogedora presencia. <\/p>\n","protected":false},"excerpt":{"rendered":"<ul>\n<li>Margaritas blancas<\/li>\n<li>Gerberas rosa<\/li>\n<li>2 Rosas rojas<\/li>\n<li>Alstroemeria blanca<\/li>\n<li>Hypericum<\/li>\n<li>Oso<\/li>\n<li>Globo (puede ser diferente de la foto)<\/li>\n<\/ul>\n<p>Jarr\u00f3n no incluido<\/p>\n<p>Entrega gratuita en este<\/p>\n","protected":false},"featured_media":19319,"comment_status":"open","ping_status":"closed","template":"","meta":[],"product_brand":[],"product_cat":[4332,4315,4352],"product_tag":[5203,5206,5207],"class_list":{"0":"post-19318","1":"product","2":"type-product","3":"status-publish","4":"has-post-thumbnail","6":"product_cat-es-una-nina","7":"product_cat-flores-para-eventos","8":"product_cat-nacimientos","9":"product_tag-flores-para-el-nacimiento","10":"product_tag-flores-para-el-nacimiento-de-una-nina-es","11":"product_tag-flores-para-el-nacimiento-de-una-nina-es-2","13":"first","14":"instock","15":"shipping-taxable","16":"purchasable","17":"product-type-simple"},"yoast_head":"<!-- This site is optimized with the Yoast SEO Premium plugin v27.4 (Yoast SEO v27.4) - https:\/\/yoast.com\/product\/yoast-seo-premium-wordpress\/ -->\n<title>Ramo de flores para el nacimiento de una ni\u00f1a - FloraNixena<\/title>\n<meta name=\"description\" content=\"Regala un ramo de flores para el nacimiento de una ni\u00f1a, con la entrega de composiciones florales domicilio en toda Italia, gracias a nuestros floristas locales.\" \/>\n<meta name=\"robots\" content=\"index, follow, max-snippet:-1, max-image-preview:large, max-video-preview:-1\" \/>\n<link rel=\"canonical\" href=\"https:\/\/floranixena.it\/es\/producto\/es-una-nina\/\" \/>\n<meta property=\"og:locale\" content=\"es_ES\" \/>\n<meta property=\"og:type\" content=\"article\" \/>\n<meta property=\"og:title\" content=\"Es una ni\u00f1a!\" \/>\n<meta property=\"og:description\" content=\"Margaritas blancas  Gerberas rosa  2 Rosas rojas  Alstroemeria blanca  Hypericum  Oso  Globo (puede ser diferente de la foto) Jarr\u00f3n no incluido Entrega gratuita en este\" \/>\n<meta property=\"og:url\" content=\"https:\/\/floranixena.it\/es\/producto\/es-una-nina\/\" \/>\n<meta property=\"og:site_name\" content=\"FloraNixena - FloraNixena - Entrega de flores a domicilio\" \/>\n<meta property=\"article:publisher\" content=\"https:\/\/www.facebook.com\/FloraNixena\/\" \/>\n<meta property=\"og:image\" content=\"https:\/\/floranixena.it\/wp-content\/uploads\/2020\/07\/regala-un-bouquet-per-la-nascita-di-una-femmina-regalo-alla-neo-mamma-a-milano-roma-torino.jpg\" \/>\n\t<meta property=\"og:image:width\" content=\"800\" \/>\n\t<meta property=\"og:image:height\" content=\"800\" \/>\n\t<meta property=\"og:image:type\" content=\"image\/jpeg\" \/>\n<meta name=\"twitter:card\" content=\"summary_large_image\" \/>\n<meta name=\"twitter:label1\" content=\"Tiempo de lectura\" \/>\n\t<meta name=\"twitter:data1\" content=\"1 minuto\" \/>\n<script type=\"application\/ld+json\" class=\"yoast-schema-graph\">{\"@context\":\"https:\\\/\\\/schema.org\",\"@graph\":[{\"@type\":\"WebPage\",\"@id\":\"https:\\\/\\\/floranixena.it\\\/es\\\/producto\\\/es-una-nina\\\/\",\"url\":\"https:\\\/\\\/floranixena.it\\\/es\\\/producto\\\/es-una-nina\\\/\",\"name\":\"Ramo de flores para el nacimiento de una ni\u00f1a - FloraNixena\",\"isPartOf\":{\"@id\":\"https:\\\/\\\/floranixena.it\\\/es\\\/#website\"},\"primaryImageOfPage\":{\"@id\":\"https:\\\/\\\/floranixena.it\\\/es\\\/producto\\\/es-una-nina\\\/#primaryimage\"},\"image\":{\"@id\":\"https:\\\/\\\/floranixena.it\\\/es\\\/producto\\\/es-una-nina\\\/#primaryimage\"},\"thumbnailUrl\":\"https:\\\/\\\/floranixena.it\\\/wp-content\\\/uploads\\\/2020\\\/07\\\/regala-un-bouquet-per-la-nascita-di-una-femmina-regalo-alla-neo-mamma-a-milano-roma-torino.jpg\",\"datePublished\":\"2020-07-07T08:09:35+00:00\",\"description\":\"Regala un ramo de flores para el nacimiento de una ni\u00f1a, con la entrega de composiciones florales domicilio en toda Italia, gracias a nuestros floristas locales.\",\"breadcrumb\":{\"@id\":\"https:\\\/\\\/floranixena.it\\\/es\\\/producto\\\/es-una-nina\\\/#breadcrumb\"},\"inLanguage\":\"es\",\"potentialAction\":[{\"@type\":\"ReadAction\",\"target\":[\"https:\\\/\\\/floranixena.it\\\/es\\\/producto\\\/es-una-nina\\\/\"]}]},{\"@type\":\"ImageObject\",\"inLanguage\":\"es\",\"@id\":\"https:\\\/\\\/floranixena.it\\\/es\\\/producto\\\/es-una-nina\\\/#primaryimage\",\"url\":\"https:\\\/\\\/floranixena.it\\\/wp-content\\\/uploads\\\/2020\\\/07\\\/regala-un-bouquet-per-la-nascita-di-una-femmina-regalo-alla-neo-mamma-a-milano-roma-torino.jpg\",\"contentUrl\":\"https:\\\/\\\/floranixena.it\\\/wp-content\\\/uploads\\\/2020\\\/07\\\/regala-un-bouquet-per-la-nascita-di-una-femmina-regalo-alla-neo-mamma-a-milano-roma-torino.jpg\",\"width\":800,\"height\":800,\"caption\":\"Mazzo di fiori e composizioni floreali per la nascita\"},{\"@type\":\"BreadcrumbList\",\"@id\":\"https:\\\/\\\/floranixena.it\\\/es\\\/producto\\\/es-una-nina\\\/#breadcrumb\",\"itemListElement\":[{\"@type\":\"ListItem\",\"position\":1,\"name\":\"Home\",\"item\":\"https:\\\/\\\/floranixena.it\\\/es\\\/\"},{\"@type\":\"ListItem\",\"position\":2,\"name\":\"tienda\",\"item\":\"https:\\\/\\\/floranixena.it\\\/es\\\/tienda\\\/\"},{\"@type\":\"ListItem\",\"position\":3,\"name\":\"Es una ni\u00f1a!\"}]},{\"@type\":\"WebSite\",\"@id\":\"https:\\\/\\\/floranixena.it\\\/es\\\/#website\",\"url\":\"https:\\\/\\\/floranixena.it\\\/es\\\/\",\"name\":\"FloraNixena - Consegna fiori a domicilio in Italia\",\"description\":\"Invia fiori che raccontano storie\",\"publisher\":{\"@id\":\"https:\\\/\\\/floranixena.it\\\/es\\\/#organization\"},\"alternateName\":\"FloraNixena.it\",\"potentialAction\":[{\"@type\":\"SearchAction\",\"target\":{\"@type\":\"EntryPoint\",\"urlTemplate\":\"https:\\\/\\\/floranixena.it\\\/es\\\/?s={search_term_string}\"},\"query-input\":{\"@type\":\"PropertyValueSpecification\",\"valueRequired\":true,\"valueName\":\"search_term_string\"}}],\"inLanguage\":\"es\"},{\"@type\":\"Organization\",\"@id\":\"https:\\\/\\\/floranixena.it\\\/es\\\/#organization\",\"name\":\"FloraNixena.it - Consegna mazzi di fiori, bouquet e piante a domicilio\",\"url\":\"https:\\\/\\\/floranixena.it\\\/es\\\/\",\"logo\":{\"@type\":\"ImageObject\",\"inLanguage\":\"es\",\"@id\":\"https:\\\/\\\/floranixena.it\\\/es\\\/#\\\/schema\\\/logo\\\/image\\\/\",\"url\":\"https:\\\/\\\/floranixena.it\\\/wp-content\\\/uploads\\\/2018\\\/11\\\/logo-fucsia.png\",\"contentUrl\":\"https:\\\/\\\/floranixena.it\\\/wp-content\\\/uploads\\\/2018\\\/11\\\/logo-fucsia.png\",\"width\":315,\"height\":81,\"caption\":\"FloraNixena.it - Consegna mazzi di fiori, bouquet e piante a domicilio\"},\"image\":{\"@id\":\"https:\\\/\\\/floranixena.it\\\/es\\\/#\\\/schema\\\/logo\\\/image\\\/\"},\"sameAs\":[\"https:\\\/\\\/www.facebook.com\\\/FloraNixena\\\/\",\"https:\\\/\\\/www.instagram.com\\\/floranixena.it\\\/\",\"https:\\\/\\\/www.youtube.com\\\/channel\\\/UCAfCWXMBezO96jgPjiUgpkA\"],\"description\":\"Chi Siamo? FloraNixena \u00e8 il partner di fiducia per la consegna di fiori freschi a domicilio. Con anni di esperienza nel settore floreale, siamo dedicati a portare la bellezza e la freschezza dei fiori direttamente alla vostra porta. La Nostra Missione La nostra missione \u00e8 trasformare ogni occasione in un momento speciale attraverso la magia dei fiori. Crediamo che un bouquet possa dire pi\u00f9 di mille parole e lavoriamo instancabilmente per assicurarci che ogni consegna porti gioia, amore e bellezza. Cosa Offriamo? Fiori Freschi: Collaboriamo con i migliori fornitori locali per garantire che i nostri fiori siano sempre freschi e di alta qualit\u00e0. Consegna Rapida e Puntuale: Offriamo un servizio di consegna rapido e affidabile, con la possibilit\u00e0 di scegliere la fascia oraria che pi\u00f9 vi conviene. Ampia Selezione: Dalle rose classiche ai bouquet personalizzati, abbiamo una vasta gamma di opzioni per soddisfare ogni gusto e occasione. Assistenza Clienti: Il nostro team \u00e8 sempre a disposizione per assistervi nella scelta del bouquet perfetto e per garantire un'esperienza di acquisto senza intoppi. Perch\u00e9 Sceglierci? Qualit\u00e0 Garantita: Ogni bouquet \u00e8 realizzato con cura dai nostri esperti fioristi, garantendo che ogni composizione sia un'opera d'arte. Servizio Personalizzato: Che sia per un anniversario, un compleanno, una celebrazione o un momento di condoglianza, personalizziamo ogni ordine per rispondere alle vostre esigenze specifiche. Soddisfazione del Cliente: La vostra soddisfazione \u00e8 la nostra priorit\u00e0 assoluta. Facciamo tutto il possibile per assicurarci che ogni consegna superi le vostre aspettative.\",\"email\":\"amministrazione@floranixena.it\",\"telephone\":\"3806342394\",\"legalName\":\"Gaetano Votadoro\"}]}<\/script>\n<!-- \/ Yoast SEO Premium plugin. -->","yoast_head_json":{"title":"Ramo de flores para el nacimiento de una ni\u00f1a - FloraNixena","description":"Regala un ramo de flores para el nacimiento de una ni\u00f1a, con la entrega de composiciones florales domicilio en toda Italia, gracias a nuestros floristas locales.","robots":{"index":"index","follow":"follow","max-snippet":"max-snippet:-1","max-image-preview":"max-image-preview:large","max-video-preview":"max-video-preview:-1"},"canonical":"https:\/\/floranixena.it\/es\/producto\/es-una-nina\/","og_locale":"es_ES","og_type":"article","og_title":"Es una ni\u00f1a!","og_description":"Margaritas blancas  Gerberas rosa  2 Rosas rojas  Alstroemeria blanca  Hypericum  Oso  Globo (puede ser diferente de la foto) Jarr\u00f3n no incluido Entrega gratuita en este","og_url":"https:\/\/floranixena.it\/es\/producto\/es-una-nina\/","og_site_name":"FloraNixena - FloraNixena - Entrega de flores a domicilio","article_publisher":"https:\/\/www.facebook.com\/FloraNixena\/","og_image":[{"width":800,"height":800,"url":"https:\/\/floranixena.it\/wp-content\/uploads\/2020\/07\/regala-un-bouquet-per-la-nascita-di-una-femmina-regalo-alla-neo-mamma-a-milano-roma-torino.jpg","type":"image\/jpeg"}],"twitter_card":"summary_large_image","twitter_misc":{"Tiempo de lectura":"1 minuto"},"schema":{"@context":"https:\/\/schema.org","@graph":[{"@type":"WebPage","@id":"https:\/\/floranixena.it\/es\/producto\/es-una-nina\/","url":"https:\/\/floranixena.it\/es\/producto\/es-una-nina\/","name":"Ramo de flores para el nacimiento de una ni\u00f1a - FloraNixena","isPartOf":{"@id":"https:\/\/floranixena.it\/es\/#website"},"primaryImageOfPage":{"@id":"https:\/\/floranixena.it\/es\/producto\/es-una-nina\/#primaryimage"},"image":{"@id":"https:\/\/floranixena.it\/es\/producto\/es-una-nina\/#primaryimage"},"thumbnailUrl":"https:\/\/floranixena.it\/wp-content\/uploads\/2020\/07\/regala-un-bouquet-per-la-nascita-di-una-femmina-regalo-alla-neo-mamma-a-milano-roma-torino.jpg","datePublished":"2020-07-07T08:09:35+00:00","description":"Regala un ramo de flores para el nacimiento de una ni\u00f1a, con la entrega de composiciones florales domicilio en toda Italia, gracias a nuestros floristas locales.","breadcrumb":{"@id":"https:\/\/floranixena.it\/es\/producto\/es-una-nina\/#breadcrumb"},"inLanguage":"es","potentialAction":[{"@type":"ReadAction","target":["https:\/\/floranixena.it\/es\/producto\/es-una-nina\/"]}]},{"@type":"ImageObject","inLanguage":"es","@id":"https:\/\/floranixena.it\/es\/producto\/es-una-nina\/#primaryimage","url":"https:\/\/floranixena.it\/wp-content\/uploads\/2020\/07\/regala-un-bouquet-per-la-nascita-di-una-femmina-regalo-alla-neo-mamma-a-milano-roma-torino.jpg","contentUrl":"https:\/\/floranixena.it\/wp-content\/uploads\/2020\/07\/regala-un-bouquet-per-la-nascita-di-una-femmina-regalo-alla-neo-mamma-a-milano-roma-torino.jpg","width":800,"height":800,"caption":"Mazzo di fiori e composizioni floreali per la nascita"},{"@type":"BreadcrumbList","@id":"https:\/\/floranixena.it\/es\/producto\/es-una-nina\/#breadcrumb","itemListElement":[{"@type":"ListItem","position":1,"name":"Home","item":"https:\/\/floranixena.it\/es\/"},{"@type":"ListItem","position":2,"name":"tienda","item":"https:\/\/floranixena.it\/es\/tienda\/"},{"@type":"ListItem","position":3,"name":"Es una ni\u00f1a!"}]},{"@type":"WebSite","@id":"https:\/\/floranixena.it\/es\/#website","url":"https:\/\/floranixena.it\/es\/","name":"FloraNixena - Consegna fiori a domicilio in Italia","description":"Invia fiori che raccontano storie","publisher":{"@id":"https:\/\/floranixena.it\/es\/#organization"},"alternateName":"FloraNixena.it","potentialAction":[{"@type":"SearchAction","target":{"@type":"EntryPoint","urlTemplate":"https:\/\/floranixena.it\/es\/?s={search_term_string}"},"query-input":{"@type":"PropertyValueSpecification","valueRequired":true,"valueName":"search_term_string"}}],"inLanguage":"es"},{"@type":"Organization","@id":"https:\/\/floranixena.it\/es\/#organization","name":"FloraNixena.it - Consegna mazzi di fiori, bouquet e piante a domicilio","url":"https:\/\/floranixena.it\/es\/","logo":{"@type":"ImageObject","inLanguage":"es","@id":"https:\/\/floranixena.it\/es\/#\/schema\/logo\/image\/","url":"https:\/\/floranixena.it\/wp-content\/uploads\/2018\/11\/logo-fucsia.png","contentUrl":"https:\/\/floranixena.it\/wp-content\/uploads\/2018\/11\/logo-fucsia.png","width":315,"height":81,"caption":"FloraNixena.it - Consegna mazzi di fiori, bouquet e piante a domicilio"},"image":{"@id":"https:\/\/floranixena.it\/es\/#\/schema\/logo\/image\/"},"sameAs":["https:\/\/www.facebook.com\/FloraNixena\/","https:\/\/www.instagram.com\/floranixena.it\/","https:\/\/www.youtube.com\/channel\/UCAfCWXMBezO96jgPjiUgpkA"],"description":"Chi Siamo? FloraNixena \u00e8 il partner di fiducia per la consegna di fiori freschi a domicilio. Con anni di esperienza nel settore floreale, siamo dedicati a portare la bellezza e la freschezza dei fiori direttamente alla vostra porta. La Nostra Missione La nostra missione \u00e8 trasformare ogni occasione in un momento speciale attraverso la magia dei fiori. Crediamo che un bouquet possa dire pi\u00f9 di mille parole e lavoriamo instancabilmente per assicurarci che ogni consegna porti gioia, amore e bellezza. Cosa Offriamo? Fiori Freschi: Collaboriamo con i migliori fornitori locali per garantire che i nostri fiori siano sempre freschi e di alta qualit\u00e0. Consegna Rapida e Puntuale: Offriamo un servizio di consegna rapido e affidabile, con la possibilit\u00e0 di scegliere la fascia oraria che pi\u00f9 vi conviene. Ampia Selezione: Dalle rose classiche ai bouquet personalizzati, abbiamo una vasta gamma di opzioni per soddisfare ogni gusto e occasione. Assistenza Clienti: Il nostro team \u00e8 sempre a disposizione per assistervi nella scelta del bouquet perfetto e per garantire un'esperienza di acquisto senza intoppi. Perch\u00e9 Sceglierci? Qualit\u00e0 Garantita: Ogni bouquet \u00e8 realizzato con cura dai nostri esperti fioristi, garantendo che ogni composizione sia un'opera d'arte. Servizio Personalizzato: Che sia per un anniversario, un compleanno, una celebrazione o un momento di condoglianza, personalizziamo ogni ordine per rispondere alle vostre esigenze specifiche. Soddisfazione del Cliente: La vostra soddisfazione \u00e8 la nostra priorit\u00e0 assoluta. Facciamo tutto il possibile per assicurarci che ogni consegna superi le vostre aspettative.","email":"amministrazione@floranixena.it","telephone":"3806342394","legalName":"Gaetano Votadoro"}]}},"_links":{"self":[{"href":"https:\/\/floranixena.it\/es\/wp-json\/wp\/v2\/product\/19318","targetHints":{"allow":["GET"]}}],"collection":[{"href":"https:\/\/floranixena.it\/es\/wp-json\/wp\/v2\/product"}],"about":[{"href":"https:\/\/floranixena.it\/es\/wp-json\/wp\/v2\/types\/product"}],"replies":[{"embeddable":true,"href":"https:\/\/floranixena.it\/es\/wp-json\/wp\/v2\/comments?post=19318"}],"wp:featuredmedia":[{"embeddable":true,"href":"https:\/\/floranixena.it\/es\/wp-json\/wp\/v2\/media\/19319"}],"wp:attachment":[{"href":"https:\/\/floranixena.it\/es\/wp-json\/wp\/v2\/media?parent=19318"}],"wp:term":[{"taxonomy":"product_brand","embeddable":true,"href":"https:\/\/floranixena.it\/es\/wp-json\/wp\/v2\/product_brand?post=19318"},{"taxonomy":"product_cat","embeddable":true,"href":"https:\/\/floranixena.it\/es\/wp-json\/wp\/v2\/product_cat?post=19318"},{"taxonomy":"product_tag","embeddable":true,"href":"https:\/\/floranixena.it\/es\/wp-json\/wp\/v2\/product_tag?post=19318"}],"curies":[{"name":"wp","href":"https:\/\/api.w.org\/{rel}","templated":true}]}}