{"id":19315,"date":"2020-07-07T11:13:19","date_gmt":"2020-07-07T09:13:19","guid":{"rendered":"https:\/\/floranixena.it\/product\/es-un-hombre\/"},"modified":"2020-07-07T11:13:19","modified_gmt":"2020-07-07T09:13:19","slug":"es-un-hombre","status":"publish","type":"product","link":"https:\/\/floranixena.it\/es\/producto\/es-un-hombre\/","title":{"rendered":"Es un hombre"},"content":{"rendered":"<p>Elige nuestro ramo \u00abEs un ni\u00f1o\u00bb <a href=\"https:\/\/floranixena.it\/es\/catalog\/nacimientos\/son-gemelos\/\"><strong>para el nacimiento de un beb\u00e9 <\/strong><\/a>var\u00f3n o dos gemelos. Este hermoso ramo presenta <strong><a href=\"https:\/\/floranixena.it\/es\/prodotto\/ramo-sol-romano\/\" target=\"_blank\" rel=\"noopener\">girasoles brillantes,<\/a><\/strong> delicadas hortensias azules y alstroemerias blancas, dispuestas juntas en un espect\u00e1culo encantador. Un regalo de margaritas coloridas y mini claveles es la manera perfecta para expresar sus sentimientos a la nueva mam\u00e1 por su haz de alegr\u00eda!  <\/p>\n<p>El osito de peluche y el globo incluido en el regalo a\u00f1aden un toque adicional de diversi\u00f3n y emoci\u00f3n, lo que lo hace a\u00fan m\u00e1s especial. Tenga en cuenta que el jarr\u00f3n no est\u00e1 incluido, pero con el pedido de este ramo tendr\u00e1 la ventaja del env\u00edo gratuito, que le permitir\u00e1 sorprender a sus seres queridos con este maravilloso regalo. <\/p>\n<p>\u00bfTienes<a href=\"https:\/\/floranixena.it\/es\/catalog\/flores-para-eventos\/compleanno-es\/para-un-amigo\/\" target=\"_blank\" rel=\"noopener\"><strong> un amigo o amiga<\/strong><\/a> que acaba de dar a luz a un hermoso ni\u00f1o? \u00bfO eres una nueva t\u00eda, t\u00edo o abuelo? Env\u00eda uno de nuestros arreglos florales para reci\u00e9n nacidos para dar la bienvenida al peque\u00f1o y celebrar a la nueva <strong><a href=\"https:\/\/floranixena.it\/es\/catalog\/flores-para-eventos\/compleanno-es\/para-mama\/\" target=\"_blank\" rel=\"noopener\">mam\u00e1 <\/a><\/strong>con su preciosa llegada. Celebra el <a href=\"https:\/\/floranixena.it\/es\/catalog\/nacimientos\/\" target=\"_blank\" rel=\"noopener\"><strong>nacimiento <\/strong><\/a>del nuevo beb\u00e9 con un ramo de flores especiales, lleno de suaves flores azules y brillantes flores blancas. Tenemos otros regalos memorables para beb\u00e9s, con flores amarillas y verdes, para encontrar la combinaci\u00f3n perfecta para el reci\u00e9n nacido. Nuestros regalos para un ni\u00f1o iluminar\u00e1n su habitaci\u00f3n.     <\/p>\n<p>Con tonos brillantes de azul y blanco, esta composici\u00f3n es la manera perfecta para dar la bienvenida a un <a href=\"https:\/\/floranixena.it\/es\/catalog\/nacimientos\/es-un-hombre\/\" target=\"_blank\" rel=\"noopener\">precioso ni\u00f1o<\/a> reci\u00e9n nacido.<\/p>\n<p>Para una ocasi\u00f3n tan especial, es importante elegir un regalo que refleje la alegr\u00eda y el amor que se siente. Nuestros ramos est\u00e1n pensados para transmitir emociones sinceras y duraderas, perfectos para celebrar cada nueva llegada con colores vivos y perfumes delicados. <\/p>\n","protected":false},"excerpt":{"rendered":"<ul>\n<li>girasoles<\/li>\n<li>Hydrangea azul<\/li>\n<li>Alstromeria blanca<\/li>\n<li>Oso<\/li>\n<li>Globo (puede ser diferente de la foto&lt;&gt;<\/li>\n<\/ul>\n<p>Jarr\u00f3n no incluido<\/p>\n<p>Entrega gratuita en este<\/p>\n","protected":false},"featured_media":19316,"comment_status":"closed","ping_status":"closed","template":"","meta":[],"product_brand":[],"product_cat":[4463,4315,4352],"product_tag":[5203,5205,5204,4479],"class_list":{"0":"post-19315","1":"product","2":"type-product","3":"status-publish","4":"has-post-thumbnail","6":"product_cat-es-un-hombre","7":"product_cat-flores-para-eventos","8":"product_cat-nacimientos","9":"product_tag-flores-para-el-nacimiento","10":"product_tag-flores-para-el-nacimiento-de-un-nino","11":"product_tag-flores-para-el-nacimiento-de-una-nina","12":"product_tag-regalos-especiales","14":"first","15":"instock","16":"shipping-taxable","17":"purchasable","18":"product-type-simple"},"yoast_head":"<!-- This site is optimized with the Yoast SEO Premium plugin v27.4 (Yoast SEO v27.4) - https:\/\/yoast.com\/product\/yoast-seo-premium-wordpress\/ -->\n<title>Ramo para el nacimiento de un ni\u00f1o<\/title>\n<meta name=\"description\" content=\"Entrega un ramo para el nacimiento de un ni\u00f1o, en el hospital para una querida amiga o mam\u00e1 en toda Italia, gracias a nuestra red de floristas locales.\" \/>\n<meta name=\"robots\" content=\"index, follow, max-snippet:-1, max-image-preview:large, max-video-preview:-1\" \/>\n<link rel=\"canonical\" href=\"https:\/\/floranixena.it\/es\/producto\/es-un-hombre\/\" \/>\n<meta property=\"og:locale\" content=\"es_ES\" \/>\n<meta property=\"og:type\" content=\"article\" \/>\n<meta property=\"og:title\" content=\"Es un hombre\" \/>\n<meta property=\"og:description\" content=\"girasoles  Hydrangea azul  Alstromeria blanca  Oso  Globo (puede ser diferente de la foto&lt;&gt; Jarr\u00f3n no incluido Entrega gratuita en este\" \/>\n<meta property=\"og:url\" content=\"https:\/\/floranixena.it\/es\/producto\/es-un-hombre\/\" \/>\n<meta property=\"og:site_name\" content=\"FloraNixena - FloraNixena - Entrega de flores a domicilio\" \/>\n<meta property=\"article:publisher\" content=\"https:\/\/www.facebook.com\/FloraNixena\/\" \/>\n<meta property=\"og:image\" content=\"https:\/\/floranixena.it\/wp-content\/uploads\/2020\/07\/Regalo-fiori-per-la-nasciuta-di-un-maschietto-con-consegna-in-ospedale-o-a-domicilio.-La-nacita-di-un-bambino-\u00e8-sempre-una-cosa-speciale.jpg\" \/>\n\t<meta property=\"og:image:width\" content=\"1100\" \/>\n\t<meta property=\"og:image:height\" content=\"1100\" \/>\n\t<meta property=\"og:image:type\" content=\"image\/jpeg\" \/>\n<meta name=\"twitter:card\" content=\"summary_large_image\" \/>\n<meta name=\"twitter:label1\" content=\"Tiempo de lectura\" \/>\n\t<meta name=\"twitter:data1\" content=\"2 minuto\" \/>\n<script type=\"application\/ld+json\" class=\"yoast-schema-graph\">{\"@context\":\"https:\\\/\\\/schema.org\",\"@graph\":[{\"@type\":\"WebPage\",\"@id\":\"https:\\\/\\\/floranixena.it\\\/es\\\/producto\\\/es-un-hombre\\\/\",\"url\":\"https:\\\/\\\/floranixena.it\\\/es\\\/producto\\\/es-un-hombre\\\/\",\"name\":\"Ramo para el nacimiento de un ni\u00f1o\",\"isPartOf\":{\"@id\":\"https:\\\/\\\/floranixena.it\\\/es\\\/#website\"},\"primaryImageOfPage\":{\"@id\":\"https:\\\/\\\/floranixena.it\\\/es\\\/producto\\\/es-un-hombre\\\/#primaryimage\"},\"image\":{\"@id\":\"https:\\\/\\\/floranixena.it\\\/es\\\/producto\\\/es-un-hombre\\\/#primaryimage\"},\"thumbnailUrl\":\"https:\\\/\\\/floranixena.it\\\/wp-content\\\/uploads\\\/2020\\\/07\\\/Regalo-fiori-per-la-nasciuta-di-un-maschietto-con-consegna-in-ospedale-o-a-domicilio.-La-nacita-di-un-bambino-\u00e8-sempre-una-cosa-speciale.jpg\",\"datePublished\":\"2020-07-07T09:13:19+00:00\",\"description\":\"Entrega un ramo para el nacimiento de un ni\u00f1o, en el hospital para una querida amiga o mam\u00e1 en toda Italia, gracias a nuestra red de floristas locales.\",\"breadcrumb\":{\"@id\":\"https:\\\/\\\/floranixena.it\\\/es\\\/producto\\\/es-un-hombre\\\/#breadcrumb\"},\"inLanguage\":\"es\",\"potentialAction\":[{\"@type\":\"ReadAction\",\"target\":[\"https:\\\/\\\/floranixena.it\\\/es\\\/producto\\\/es-un-hombre\\\/\"]}]},{\"@type\":\"ImageObject\",\"inLanguage\":\"es\",\"@id\":\"https:\\\/\\\/floranixena.it\\\/es\\\/producto\\\/es-un-hombre\\\/#primaryimage\",\"url\":\"https:\\\/\\\/floranixena.it\\\/wp-content\\\/uploads\\\/2020\\\/07\\\/Regalo-fiori-per-la-nasciuta-di-un-maschietto-con-consegna-in-ospedale-o-a-domicilio.-La-nacita-di-un-bambino-\u00e8-sempre-una-cosa-speciale.jpg\",\"contentUrl\":\"https:\\\/\\\/floranixena.it\\\/wp-content\\\/uploads\\\/2020\\\/07\\\/Regalo-fiori-per-la-nasciuta-di-un-maschietto-con-consegna-in-ospedale-o-a-domicilio.-La-nacita-di-un-bambino-\u00e8-sempre-una-cosa-speciale.jpg\",\"width\":1100,\"height\":1100,\"caption\":\"Bouquet azzurro\"},{\"@type\":\"BreadcrumbList\",\"@id\":\"https:\\\/\\\/floranixena.it\\\/es\\\/producto\\\/es-un-hombre\\\/#breadcrumb\",\"itemListElement\":[{\"@type\":\"ListItem\",\"position\":1,\"name\":\"Home\",\"item\":\"https:\\\/\\\/floranixena.it\\\/es\\\/\"},{\"@type\":\"ListItem\",\"position\":2,\"name\":\"tienda\",\"item\":\"https:\\\/\\\/floranixena.it\\\/es\\\/tienda\\\/\"},{\"@type\":\"ListItem\",\"position\":3,\"name\":\"Es un hombre\"}]},{\"@type\":\"WebSite\",\"@id\":\"https:\\\/\\\/floranixena.it\\\/es\\\/#website\",\"url\":\"https:\\\/\\\/floranixena.it\\\/es\\\/\",\"name\":\"FloraNixena - Consegna fiori a domicilio in Italia\",\"description\":\"Invia fiori che raccontano storie\",\"publisher\":{\"@id\":\"https:\\\/\\\/floranixena.it\\\/es\\\/#organization\"},\"alternateName\":\"FloraNixena.it\",\"potentialAction\":[{\"@type\":\"SearchAction\",\"target\":{\"@type\":\"EntryPoint\",\"urlTemplate\":\"https:\\\/\\\/floranixena.it\\\/es\\\/?s={search_term_string}\"},\"query-input\":{\"@type\":\"PropertyValueSpecification\",\"valueRequired\":true,\"valueName\":\"search_term_string\"}}],\"inLanguage\":\"es\"},{\"@type\":\"Organization\",\"@id\":\"https:\\\/\\\/floranixena.it\\\/es\\\/#organization\",\"name\":\"FloraNixena.it - Consegna mazzi di fiori, bouquet e piante a domicilio\",\"url\":\"https:\\\/\\\/floranixena.it\\\/es\\\/\",\"logo\":{\"@type\":\"ImageObject\",\"inLanguage\":\"es\",\"@id\":\"https:\\\/\\\/floranixena.it\\\/es\\\/#\\\/schema\\\/logo\\\/image\\\/\",\"url\":\"https:\\\/\\\/floranixena.it\\\/wp-content\\\/uploads\\\/2018\\\/11\\\/logo-fucsia.png\",\"contentUrl\":\"https:\\\/\\\/floranixena.it\\\/wp-content\\\/uploads\\\/2018\\\/11\\\/logo-fucsia.png\",\"width\":315,\"height\":81,\"caption\":\"FloraNixena.it - Consegna mazzi di fiori, bouquet e piante a domicilio\"},\"image\":{\"@id\":\"https:\\\/\\\/floranixena.it\\\/es\\\/#\\\/schema\\\/logo\\\/image\\\/\"},\"sameAs\":[\"https:\\\/\\\/www.facebook.com\\\/FloraNixena\\\/\",\"https:\\\/\\\/www.instagram.com\\\/floranixena.it\\\/\",\"https:\\\/\\\/www.youtube.com\\\/channel\\\/UCAfCWXMBezO96jgPjiUgpkA\"],\"description\":\"Chi Siamo? FloraNixena \u00e8 il partner di fiducia per la consegna di fiori freschi a domicilio. Con anni di esperienza nel settore floreale, siamo dedicati a portare la bellezza e la freschezza dei fiori direttamente alla vostra porta. La Nostra Missione La nostra missione \u00e8 trasformare ogni occasione in un momento speciale attraverso la magia dei fiori. Crediamo che un bouquet possa dire pi\u00f9 di mille parole e lavoriamo instancabilmente per assicurarci che ogni consegna porti gioia, amore e bellezza. Cosa Offriamo? Fiori Freschi: Collaboriamo con i migliori fornitori locali per garantire che i nostri fiori siano sempre freschi e di alta qualit\u00e0. Consegna Rapida e Puntuale: Offriamo un servizio di consegna rapido e affidabile, con la possibilit\u00e0 di scegliere la fascia oraria che pi\u00f9 vi conviene. Ampia Selezione: Dalle rose classiche ai bouquet personalizzati, abbiamo una vasta gamma di opzioni per soddisfare ogni gusto e occasione. Assistenza Clienti: Il nostro team \u00e8 sempre a disposizione per assistervi nella scelta del bouquet perfetto e per garantire un'esperienza di acquisto senza intoppi. Perch\u00e9 Sceglierci? Qualit\u00e0 Garantita: Ogni bouquet \u00e8 realizzato con cura dai nostri esperti fioristi, garantendo che ogni composizione sia un'opera d'arte. Servizio Personalizzato: Che sia per un anniversario, un compleanno, una celebrazione o un momento di condoglianza, personalizziamo ogni ordine per rispondere alle vostre esigenze specifiche. Soddisfazione del Cliente: La vostra soddisfazione \u00e8 la nostra priorit\u00e0 assoluta. Facciamo tutto il possibile per assicurarci che ogni consegna superi le vostre aspettative.\",\"email\":\"amministrazione@floranixena.it\",\"telephone\":\"3806342394\",\"legalName\":\"Gaetano Votadoro\"}]}<\/script>\n<!-- \/ Yoast SEO Premium plugin. -->","yoast_head_json":{"title":"Ramo para el nacimiento de un ni\u00f1o","description":"Entrega un ramo para el nacimiento de un ni\u00f1o, en el hospital para una querida amiga o mam\u00e1 en toda Italia, gracias a nuestra red de floristas locales.","robots":{"index":"index","follow":"follow","max-snippet":"max-snippet:-1","max-image-preview":"max-image-preview:large","max-video-preview":"max-video-preview:-1"},"canonical":"https:\/\/floranixena.it\/es\/producto\/es-un-hombre\/","og_locale":"es_ES","og_type":"article","og_title":"Es un hombre","og_description":"girasoles  Hydrangea azul  Alstromeria blanca  Oso  Globo (puede ser diferente de la foto&lt;&gt; Jarr\u00f3n no incluido Entrega gratuita en este","og_url":"https:\/\/floranixena.it\/es\/producto\/es-un-hombre\/","og_site_name":"FloraNixena - FloraNixena - Entrega de flores a domicilio","article_publisher":"https:\/\/www.facebook.com\/FloraNixena\/","og_image":[{"width":1100,"height":1100,"url":"https:\/\/floranixena.it\/wp-content\/uploads\/2020\/07\/Regalo-fiori-per-la-nasciuta-di-un-maschietto-con-consegna-in-ospedale-o-a-domicilio.-La-nacita-di-un-bambino-\u00e8-sempre-una-cosa-speciale.jpg","type":"image\/jpeg"}],"twitter_card":"summary_large_image","twitter_misc":{"Tiempo de lectura":"2 minuto"},"schema":{"@context":"https:\/\/schema.org","@graph":[{"@type":"WebPage","@id":"https:\/\/floranixena.it\/es\/producto\/es-un-hombre\/","url":"https:\/\/floranixena.it\/es\/producto\/es-un-hombre\/","name":"Ramo para el nacimiento de un ni\u00f1o","isPartOf":{"@id":"https:\/\/floranixena.it\/es\/#website"},"primaryImageOfPage":{"@id":"https:\/\/floranixena.it\/es\/producto\/es-un-hombre\/#primaryimage"},"image":{"@id":"https:\/\/floranixena.it\/es\/producto\/es-un-hombre\/#primaryimage"},"thumbnailUrl":"https:\/\/floranixena.it\/wp-content\/uploads\/2020\/07\/Regalo-fiori-per-la-nasciuta-di-un-maschietto-con-consegna-in-ospedale-o-a-domicilio.-La-nacita-di-un-bambino-\u00e8-sempre-una-cosa-speciale.jpg","datePublished":"2020-07-07T09:13:19+00:00","description":"Entrega un ramo para el nacimiento de un ni\u00f1o, en el hospital para una querida amiga o mam\u00e1 en toda Italia, gracias a nuestra red de floristas locales.","breadcrumb":{"@id":"https:\/\/floranixena.it\/es\/producto\/es-un-hombre\/#breadcrumb"},"inLanguage":"es","potentialAction":[{"@type":"ReadAction","target":["https:\/\/floranixena.it\/es\/producto\/es-un-hombre\/"]}]},{"@type":"ImageObject","inLanguage":"es","@id":"https:\/\/floranixena.it\/es\/producto\/es-un-hombre\/#primaryimage","url":"https:\/\/floranixena.it\/wp-content\/uploads\/2020\/07\/Regalo-fiori-per-la-nasciuta-di-un-maschietto-con-consegna-in-ospedale-o-a-domicilio.-La-nacita-di-un-bambino-\u00e8-sempre-una-cosa-speciale.jpg","contentUrl":"https:\/\/floranixena.it\/wp-content\/uploads\/2020\/07\/Regalo-fiori-per-la-nasciuta-di-un-maschietto-con-consegna-in-ospedale-o-a-domicilio.-La-nacita-di-un-bambino-\u00e8-sempre-una-cosa-speciale.jpg","width":1100,"height":1100,"caption":"Bouquet azzurro"},{"@type":"BreadcrumbList","@id":"https:\/\/floranixena.it\/es\/producto\/es-un-hombre\/#breadcrumb","itemListElement":[{"@type":"ListItem","position":1,"name":"Home","item":"https:\/\/floranixena.it\/es\/"},{"@type":"ListItem","position":2,"name":"tienda","item":"https:\/\/floranixena.it\/es\/tienda\/"},{"@type":"ListItem","position":3,"name":"Es un hombre"}]},{"@type":"WebSite","@id":"https:\/\/floranixena.it\/es\/#website","url":"https:\/\/floranixena.it\/es\/","name":"FloraNixena - Consegna fiori a domicilio in Italia","description":"Invia fiori che raccontano storie","publisher":{"@id":"https:\/\/floranixena.it\/es\/#organization"},"alternateName":"FloraNixena.it","potentialAction":[{"@type":"SearchAction","target":{"@type":"EntryPoint","urlTemplate":"https:\/\/floranixena.it\/es\/?s={search_term_string}"},"query-input":{"@type":"PropertyValueSpecification","valueRequired":true,"valueName":"search_term_string"}}],"inLanguage":"es"},{"@type":"Organization","@id":"https:\/\/floranixena.it\/es\/#organization","name":"FloraNixena.it - Consegna mazzi di fiori, bouquet e piante a domicilio","url":"https:\/\/floranixena.it\/es\/","logo":{"@type":"ImageObject","inLanguage":"es","@id":"https:\/\/floranixena.it\/es\/#\/schema\/logo\/image\/","url":"https:\/\/floranixena.it\/wp-content\/uploads\/2018\/11\/logo-fucsia.png","contentUrl":"https:\/\/floranixena.it\/wp-content\/uploads\/2018\/11\/logo-fucsia.png","width":315,"height":81,"caption":"FloraNixena.it - Consegna mazzi di fiori, bouquet e piante a domicilio"},"image":{"@id":"https:\/\/floranixena.it\/es\/#\/schema\/logo\/image\/"},"sameAs":["https:\/\/www.facebook.com\/FloraNixena\/","https:\/\/www.instagram.com\/floranixena.it\/","https:\/\/www.youtube.com\/channel\/UCAfCWXMBezO96jgPjiUgpkA"],"description":"Chi Siamo? FloraNixena \u00e8 il partner di fiducia per la consegna di fiori freschi a domicilio. Con anni di esperienza nel settore floreale, siamo dedicati a portare la bellezza e la freschezza dei fiori direttamente alla vostra porta. La Nostra Missione La nostra missione \u00e8 trasformare ogni occasione in un momento speciale attraverso la magia dei fiori. Crediamo che un bouquet possa dire pi\u00f9 di mille parole e lavoriamo instancabilmente per assicurarci che ogni consegna porti gioia, amore e bellezza. Cosa Offriamo? Fiori Freschi: Collaboriamo con i migliori fornitori locali per garantire che i nostri fiori siano sempre freschi e di alta qualit\u00e0. Consegna Rapida e Puntuale: Offriamo un servizio di consegna rapido e affidabile, con la possibilit\u00e0 di scegliere la fascia oraria che pi\u00f9 vi conviene. Ampia Selezione: Dalle rose classiche ai bouquet personalizzati, abbiamo una vasta gamma di opzioni per soddisfare ogni gusto e occasione. Assistenza Clienti: Il nostro team \u00e8 sempre a disposizione per assistervi nella scelta del bouquet perfetto e per garantire un'esperienza di acquisto senza intoppi. Perch\u00e9 Sceglierci? Qualit\u00e0 Garantita: Ogni bouquet \u00e8 realizzato con cura dai nostri esperti fioristi, garantendo che ogni composizione sia un'opera d'arte. Servizio Personalizzato: Che sia per un anniversario, un compleanno, una celebrazione o un momento di condoglianza, personalizziamo ogni ordine per rispondere alle vostre esigenze specifiche. Soddisfazione del Cliente: La vostra soddisfazione \u00e8 la nostra priorit\u00e0 assoluta. Facciamo tutto il possibile per assicurarci che ogni consegna superi le vostre aspettative.","email":"amministrazione@floranixena.it","telephone":"3806342394","legalName":"Gaetano Votadoro"}]}},"_links":{"self":[{"href":"https:\/\/floranixena.it\/es\/wp-json\/wp\/v2\/product\/19315","targetHints":{"allow":["GET"]}}],"collection":[{"href":"https:\/\/floranixena.it\/es\/wp-json\/wp\/v2\/product"}],"about":[{"href":"https:\/\/floranixena.it\/es\/wp-json\/wp\/v2\/types\/product"}],"replies":[{"embeddable":true,"href":"https:\/\/floranixena.it\/es\/wp-json\/wp\/v2\/comments?post=19315"}],"wp:featuredmedia":[{"embeddable":true,"href":"https:\/\/floranixena.it\/es\/wp-json\/wp\/v2\/media\/19316"}],"wp:attachment":[{"href":"https:\/\/floranixena.it\/es\/wp-json\/wp\/v2\/media?parent=19315"}],"wp:term":[{"taxonomy":"product_brand","embeddable":true,"href":"https:\/\/floranixena.it\/es\/wp-json\/wp\/v2\/product_brand?post=19315"},{"taxonomy":"product_cat","embeddable":true,"href":"https:\/\/floranixena.it\/es\/wp-json\/wp\/v2\/product_cat?post=19315"},{"taxonomy":"product_tag","embeddable":true,"href":"https:\/\/floranixena.it\/es\/wp-json\/wp\/v2\/product_tag?post=19315"}],"curies":[{"name":"wp","href":"https:\/\/api.w.org\/{rel}","templated":true}]}}