{"id":19303,"date":"2020-11-20T09:51:40","date_gmt":"2020-11-20T08:51:40","guid":{"rendered":"https:\/\/floranixena.it\/product\/guirnalda-de-navidad-lux\/"},"modified":"2020-11-20T09:51:40","modified_gmt":"2020-11-20T08:51:40","slug":"guirnalda-de-navidad-lux","status":"publish","type":"product","link":"https:\/\/floranixena.it\/es\/producto\/guirnalda-de-navidad-lux\/","title":{"rendered":"Guirnalda de Navidad LUX"},"content":{"rendered":"<p>Este a\u00f1o, reg\u00e1late o env\u00eda a un ser querido una<a href=\"https:\/\/floranixena.it\/es\/catalog\/navidad\/\" target=\"_blank\" rel=\"noopener\"><strong> idea de regalo navide\u00f1o<\/strong><\/a> muy especial: una<strong> corona festiva navide\u00f1a <\/strong>de colores vivos, perfecta para decorar la entrada de tu casa o la de un familiar querido y crear un aut\u00e9ntico ambiente de fiesta.<\/p>\n<p>Nuestra<a href=\"https:\/\/floranixena.it\/invia-fiori-e-piante\/ghirlanda-natalizia-con-pigne-e-bacche\/\" target=\"_blank\" rel=\"noopener\"> guirnalda Lux<\/a> est\u00e1 hecha de <a href=\"https:\/\/floranixena.it\/fiori-invernali\/\" target=\"_blank\" rel=\"noopener\">ramas reales de abeto nobilis <\/a>y bayas de ilex rojo, combinadas con brillantes bolas de Navidad rojas, para un efecto realmente sugestivo. Para a\u00f1adir un toque de elegancia, decoramos esta prestigiosa guirnalda con lazos y otros accesorios dorados, aportando un aura de clase y refinamiento a tu ambiente navide\u00f1o. <\/p>\n<p>La calidad excepcional de este precioso adorno floral asegura una larga duraci\u00f3n, acompa\u00f1\u00e1ndote durante todo el<a href=\"https:\/\/floranixena.it\/es\/prodotto\/cesta-con-vino-rosas-y-bayas\/\" target=\"_blank\" rel=\"noopener\"><strong> per\u00edodo de las fiestas navide\u00f1as<\/strong><\/a>. Es el regalo ideal para desear una<a href=\"https:\/\/floranixena.it\/prodotto\/cesta-natalizia-in-vimini\/\" target=\"_blank\" rel=\"noopener\"><strong> feliz Navidad,<\/strong><\/a> con la entrega a domicilio incluida en el precio, para hacer a\u00fan m\u00e1s c\u00f3modo y especial el gesto. <\/p>\n<p>Adecuado para interiores y exteriores, <strong>esta hermosa guirnalda<\/strong> es perfecta para decorar su hogar, tienda, oficina o clase. Puedes utilizarla para embellecer puertas de entrada, paredes, chimeneas, escaparates, habitaciones e incluso \u00e1rboles de Navidad, aportando un toque de magia y fiesta a cualquier ambiente. <\/p>\n<p>Para <strong>una experiencia navide\u00f1a completa<\/strong>, considere combinar esta hermosa guirnalda con otras decoraciones y accesorios festivos. Puede enriquecer a\u00fan m\u00e1s el ambiente con luces brillantes, velas perfumadas o adornos tem\u00e1ticos a juego. <\/p>\n<p style=\"text-align: center;\">Con nuestra guirnalda Lux, transforma cada espacio en un oasis de magia navide\u00f1a, haciendo que la Navidad sea a\u00fan m\u00e1s especial e inolvidable para ti y tus seres queridos. Pide hoy mismo y d\u00e9jate envolver por el ambiente festivo que solo nuestra guirnalda puede crear. \u00a1Felices fiestas!  <\/p>\n<p style=\"text-align: center;\">Merry Christmass!!!<\/p>\n","protected":false},"excerpt":{"rendered":"<ul>\n<li>22 bolas de Navidad rojas<\/li>\n<li>Bayas de ilex<\/li>\n<li>Ramas de abeto (nobilis)<\/li>\n<li>Accesorios de oro<\/li>\n<li>Lazo de color dorado<\/li>\n<li>Los adornos florales se colocan y se insertan en un anillo de espuma del di\u00e1metro de c.ca<strong> 70cm.<\/strong><\/li>\n<li>Recomendamos rociar el follaje con agua todos los d\u00edas.<\/li>\n<\/ul>\n<p><strong style=\"color: #008000; letter-spacing: 0.5px; font-size: 13px;\">Entrega gratuita en este producto<\/strong><\/p>\n","protected":false},"featured_media":18637,"comment_status":"closed","ping_status":"closed","template":"","meta":[],"product_brand":[],"product_cat":[4365,4334,4364],"product_tag":[5190,5189,4957,4472,5188],"class_list":{"0":"post-19303","1":"product","2":"type-product","3":"status-publish","4":"has-post-thumbnail","6":"product_cat-navidad","7":"product_cat-para-agradecer-a-alguien","8":"product_cat-vip-es","9":"product_tag-guirnalda","10":"product_tag-guirnalda-de-navidad","11":"product_tag-idea-regalo-de-navidad","12":"product_tag-navidad","13":"product_tag-regalos-de-navidad","15":"first","16":"instock","17":"shipping-taxable","18":"purchasable","19":"product-type-simple"},"yoast_head":"<!-- This site is optimized with the Yoast SEO Premium plugin v27.4 (Yoast SEO v27.4) - https:\/\/yoast.com\/product\/yoast-seo-premium-wordpress\/ -->\n<title>Guirnalda de Navidad LUX - FloraNixena - FloraNixena - Entrega de flores a domicilio<\/title>\n<meta name=\"description\" content=\"Lujosa guirnalda navide\u00f1a (nobilis) para regalar en Navidad a ti o a un ser querido para poner fuera de la puerta. Entrega a domicilio en el per\u00edodo de Navidad.\" \/>\n<meta name=\"robots\" content=\"index, follow, max-snippet:-1, max-image-preview:large, max-video-preview:-1\" \/>\n<link rel=\"canonical\" href=\"https:\/\/floranixena.it\/es\/producto\/guirnalda-de-navidad-lux\/\" \/>\n<meta property=\"og:locale\" content=\"es_ES\" \/>\n<meta property=\"og:type\" content=\"article\" \/>\n<meta property=\"og:title\" content=\"Guirnalda de Navidad LUX\" \/>\n<meta property=\"og:description\" content=\"22 bolas de Navidad rojas  Bayas de ilex  Ramas de abeto (nobilis)  Accesorios de oro  Lazo de color dorado  Los adornos florales se colocan y se insertan en un anillo de espuma del di\u00e1metro de c.ca 70cm.  Recomendamos rociar el follaje con agua todos los d\u00edas. Entrega gratuita en este producto\" \/>\n<meta property=\"og:url\" content=\"https:\/\/floranixena.it\/es\/producto\/guirnalda-de-navidad-lux\/\" \/>\n<meta property=\"og:site_name\" content=\"FloraNixena - FloraNixena - Entrega de flores a domicilio\" \/>\n<meta property=\"article:publisher\" content=\"https:\/\/www.facebook.com\/FloraNixena\/\" \/>\n<meta property=\"og:image\" content=\"https:\/\/floranixena.it\/wp-content\/uploads\/2020\/11\/Ghirlanda-natalizia-lussureggiante-da-regalare-per-natale-con-consegna-a-domicilio.jpg\" \/>\n\t<meta property=\"og:image:width\" content=\"800\" \/>\n\t<meta property=\"og:image:height\" content=\"800\" \/>\n\t<meta property=\"og:image:type\" content=\"image\/jpeg\" \/>\n<meta name=\"twitter:card\" content=\"summary_large_image\" \/>\n<meta name=\"twitter:label1\" content=\"Tiempo de lectura\" \/>\n\t<meta name=\"twitter:data1\" content=\"1 minuto\" \/>\n<script type=\"application\/ld+json\" class=\"yoast-schema-graph\">{\"@context\":\"https:\\\/\\\/schema.org\",\"@graph\":[{\"@type\":\"WebPage\",\"@id\":\"https:\\\/\\\/floranixena.it\\\/es\\\/producto\\\/guirnalda-de-navidad-lux\\\/\",\"url\":\"https:\\\/\\\/floranixena.it\\\/es\\\/producto\\\/guirnalda-de-navidad-lux\\\/\",\"name\":\"Guirnalda de Navidad LUX - FloraNixena - FloraNixena - Entrega de flores a domicilio\",\"isPartOf\":{\"@id\":\"https:\\\/\\\/floranixena.it\\\/es\\\/#website\"},\"primaryImageOfPage\":{\"@id\":\"https:\\\/\\\/floranixena.it\\\/es\\\/producto\\\/guirnalda-de-navidad-lux\\\/#primaryimage\"},\"image\":{\"@id\":\"https:\\\/\\\/floranixena.it\\\/es\\\/producto\\\/guirnalda-de-navidad-lux\\\/#primaryimage\"},\"thumbnailUrl\":\"https:\\\/\\\/floranixena.it\\\/wp-content\\\/uploads\\\/2020\\\/11\\\/Ghirlanda-natalizia-lussureggiante-da-regalare-per-natale-con-consegna-a-domicilio.jpg\",\"datePublished\":\"2020-11-20T08:51:40+00:00\",\"description\":\"Lujosa guirnalda navide\u00f1a (nobilis) para regalar en Navidad a ti o a un ser querido para poner fuera de la puerta. Entrega a domicilio en el per\u00edodo de Navidad.\",\"breadcrumb\":{\"@id\":\"https:\\\/\\\/floranixena.it\\\/es\\\/producto\\\/guirnalda-de-navidad-lux\\\/#breadcrumb\"},\"inLanguage\":\"es\",\"potentialAction\":[{\"@type\":\"ReadAction\",\"target\":[\"https:\\\/\\\/floranixena.it\\\/es\\\/producto\\\/guirnalda-de-navidad-lux\\\/\"]}]},{\"@type\":\"ImageObject\",\"inLanguage\":\"es\",\"@id\":\"https:\\\/\\\/floranixena.it\\\/es\\\/producto\\\/guirnalda-de-navidad-lux\\\/#primaryimage\",\"url\":\"https:\\\/\\\/floranixena.it\\\/wp-content\\\/uploads\\\/2020\\\/11\\\/Ghirlanda-natalizia-lussureggiante-da-regalare-per-natale-con-consegna-a-domicilio.jpg\",\"contentUrl\":\"https:\\\/\\\/floranixena.it\\\/wp-content\\\/uploads\\\/2020\\\/11\\\/Ghirlanda-natalizia-lussureggiante-da-regalare-per-natale-con-consegna-a-domicilio.jpg\",\"width\":800,\"height\":800,\"caption\":\"Un c\u00edrculo festivo que acoge con elegancia: la guirnalda que ilumina la Navidad.\"},{\"@type\":\"BreadcrumbList\",\"@id\":\"https:\\\/\\\/floranixena.it\\\/es\\\/producto\\\/guirnalda-de-navidad-lux\\\/#breadcrumb\",\"itemListElement\":[{\"@type\":\"ListItem\",\"position\":1,\"name\":\"Home\",\"item\":\"https:\\\/\\\/floranixena.it\\\/es\\\/\"},{\"@type\":\"ListItem\",\"position\":2,\"name\":\"tienda\",\"item\":\"https:\\\/\\\/floranixena.it\\\/es\\\/tienda\\\/\"},{\"@type\":\"ListItem\",\"position\":3,\"name\":\"Guirnalda de Navidad LUX\"}]},{\"@type\":\"WebSite\",\"@id\":\"https:\\\/\\\/floranixena.it\\\/es\\\/#website\",\"url\":\"https:\\\/\\\/floranixena.it\\\/es\\\/\",\"name\":\"FloraNixena - Consegna fiori a domicilio in Italia\",\"description\":\"Invia fiori che raccontano storie\",\"publisher\":{\"@id\":\"https:\\\/\\\/floranixena.it\\\/es\\\/#organization\"},\"alternateName\":\"FloraNixena.it\",\"potentialAction\":[{\"@type\":\"SearchAction\",\"target\":{\"@type\":\"EntryPoint\",\"urlTemplate\":\"https:\\\/\\\/floranixena.it\\\/es\\\/?s={search_term_string}\"},\"query-input\":{\"@type\":\"PropertyValueSpecification\",\"valueRequired\":true,\"valueName\":\"search_term_string\"}}],\"inLanguage\":\"es\"},{\"@type\":\"Organization\",\"@id\":\"https:\\\/\\\/floranixena.it\\\/es\\\/#organization\",\"name\":\"FloraNixena.it - Consegna mazzi di fiori, bouquet e piante a domicilio\",\"url\":\"https:\\\/\\\/floranixena.it\\\/es\\\/\",\"logo\":{\"@type\":\"ImageObject\",\"inLanguage\":\"es\",\"@id\":\"https:\\\/\\\/floranixena.it\\\/es\\\/#\\\/schema\\\/logo\\\/image\\\/\",\"url\":\"https:\\\/\\\/floranixena.it\\\/wp-content\\\/uploads\\\/2018\\\/11\\\/logo-fucsia.png\",\"contentUrl\":\"https:\\\/\\\/floranixena.it\\\/wp-content\\\/uploads\\\/2018\\\/11\\\/logo-fucsia.png\",\"width\":315,\"height\":81,\"caption\":\"FloraNixena.it - Consegna mazzi di fiori, bouquet e piante a domicilio\"},\"image\":{\"@id\":\"https:\\\/\\\/floranixena.it\\\/es\\\/#\\\/schema\\\/logo\\\/image\\\/\"},\"sameAs\":[\"https:\\\/\\\/www.facebook.com\\\/FloraNixena\\\/\",\"https:\\\/\\\/www.instagram.com\\\/floranixena.it\\\/\",\"https:\\\/\\\/www.youtube.com\\\/channel\\\/UCAfCWXMBezO96jgPjiUgpkA\"],\"description\":\"Chi Siamo? FloraNixena \u00e8 il partner di fiducia per la consegna di fiori freschi a domicilio. Con anni di esperienza nel settore floreale, siamo dedicati a portare la bellezza e la freschezza dei fiori direttamente alla vostra porta. La Nostra Missione La nostra missione \u00e8 trasformare ogni occasione in un momento speciale attraverso la magia dei fiori. Crediamo che un bouquet possa dire pi\u00f9 di mille parole e lavoriamo instancabilmente per assicurarci che ogni consegna porti gioia, amore e bellezza. Cosa Offriamo? Fiori Freschi: Collaboriamo con i migliori fornitori locali per garantire che i nostri fiori siano sempre freschi e di alta qualit\u00e0. Consegna Rapida e Puntuale: Offriamo un servizio di consegna rapido e affidabile, con la possibilit\u00e0 di scegliere la fascia oraria che pi\u00f9 vi conviene. Ampia Selezione: Dalle rose classiche ai bouquet personalizzati, abbiamo una vasta gamma di opzioni per soddisfare ogni gusto e occasione. Assistenza Clienti: Il nostro team \u00e8 sempre a disposizione per assistervi nella scelta del bouquet perfetto e per garantire un'esperienza di acquisto senza intoppi. Perch\u00e9 Sceglierci? Qualit\u00e0 Garantita: Ogni bouquet \u00e8 realizzato con cura dai nostri esperti fioristi, garantendo che ogni composizione sia un'opera d'arte. Servizio Personalizzato: Che sia per un anniversario, un compleanno, una celebrazione o un momento di condoglianza, personalizziamo ogni ordine per rispondere alle vostre esigenze specifiche. Soddisfazione del Cliente: La vostra soddisfazione \u00e8 la nostra priorit\u00e0 assoluta. Facciamo tutto il possibile per assicurarci che ogni consegna superi le vostre aspettative.\",\"email\":\"amministrazione@floranixena.it\",\"telephone\":\"3806342394\",\"legalName\":\"Gaetano Votadoro\"}]}<\/script>\n<!-- \/ Yoast SEO Premium plugin. -->","yoast_head_json":{"title":"Guirnalda de Navidad LUX - FloraNixena - FloraNixena - Entrega de flores a domicilio","description":"Lujosa guirnalda navide\u00f1a (nobilis) para regalar en Navidad a ti o a un ser querido para poner fuera de la puerta. Entrega a domicilio en el per\u00edodo de Navidad.","robots":{"index":"index","follow":"follow","max-snippet":"max-snippet:-1","max-image-preview":"max-image-preview:large","max-video-preview":"max-video-preview:-1"},"canonical":"https:\/\/floranixena.it\/es\/producto\/guirnalda-de-navidad-lux\/","og_locale":"es_ES","og_type":"article","og_title":"Guirnalda de Navidad LUX","og_description":"22 bolas de Navidad rojas  Bayas de ilex  Ramas de abeto (nobilis)  Accesorios de oro  Lazo de color dorado  Los adornos florales se colocan y se insertan en un anillo de espuma del di\u00e1metro de c.ca 70cm.  Recomendamos rociar el follaje con agua todos los d\u00edas. Entrega gratuita en este producto","og_url":"https:\/\/floranixena.it\/es\/producto\/guirnalda-de-navidad-lux\/","og_site_name":"FloraNixena - FloraNixena - Entrega de flores a domicilio","article_publisher":"https:\/\/www.facebook.com\/FloraNixena\/","og_image":[{"width":800,"height":800,"url":"https:\/\/floranixena.it\/wp-content\/uploads\/2020\/11\/Ghirlanda-natalizia-lussureggiante-da-regalare-per-natale-con-consegna-a-domicilio.jpg","type":"image\/jpeg"}],"twitter_card":"summary_large_image","twitter_misc":{"Tiempo de lectura":"1 minuto"},"schema":{"@context":"https:\/\/schema.org","@graph":[{"@type":"WebPage","@id":"https:\/\/floranixena.it\/es\/producto\/guirnalda-de-navidad-lux\/","url":"https:\/\/floranixena.it\/es\/producto\/guirnalda-de-navidad-lux\/","name":"Guirnalda de Navidad LUX - FloraNixena - FloraNixena - Entrega de flores a domicilio","isPartOf":{"@id":"https:\/\/floranixena.it\/es\/#website"},"primaryImageOfPage":{"@id":"https:\/\/floranixena.it\/es\/producto\/guirnalda-de-navidad-lux\/#primaryimage"},"image":{"@id":"https:\/\/floranixena.it\/es\/producto\/guirnalda-de-navidad-lux\/#primaryimage"},"thumbnailUrl":"https:\/\/floranixena.it\/wp-content\/uploads\/2020\/11\/Ghirlanda-natalizia-lussureggiante-da-regalare-per-natale-con-consegna-a-domicilio.jpg","datePublished":"2020-11-20T08:51:40+00:00","description":"Lujosa guirnalda navide\u00f1a (nobilis) para regalar en Navidad a ti o a un ser querido para poner fuera de la puerta. Entrega a domicilio en el per\u00edodo de Navidad.","breadcrumb":{"@id":"https:\/\/floranixena.it\/es\/producto\/guirnalda-de-navidad-lux\/#breadcrumb"},"inLanguage":"es","potentialAction":[{"@type":"ReadAction","target":["https:\/\/floranixena.it\/es\/producto\/guirnalda-de-navidad-lux\/"]}]},{"@type":"ImageObject","inLanguage":"es","@id":"https:\/\/floranixena.it\/es\/producto\/guirnalda-de-navidad-lux\/#primaryimage","url":"https:\/\/floranixena.it\/wp-content\/uploads\/2020\/11\/Ghirlanda-natalizia-lussureggiante-da-regalare-per-natale-con-consegna-a-domicilio.jpg","contentUrl":"https:\/\/floranixena.it\/wp-content\/uploads\/2020\/11\/Ghirlanda-natalizia-lussureggiante-da-regalare-per-natale-con-consegna-a-domicilio.jpg","width":800,"height":800,"caption":"Un c\u00edrculo festivo que acoge con elegancia: la guirnalda que ilumina la Navidad."},{"@type":"BreadcrumbList","@id":"https:\/\/floranixena.it\/es\/producto\/guirnalda-de-navidad-lux\/#breadcrumb","itemListElement":[{"@type":"ListItem","position":1,"name":"Home","item":"https:\/\/floranixena.it\/es\/"},{"@type":"ListItem","position":2,"name":"tienda","item":"https:\/\/floranixena.it\/es\/tienda\/"},{"@type":"ListItem","position":3,"name":"Guirnalda de Navidad LUX"}]},{"@type":"WebSite","@id":"https:\/\/floranixena.it\/es\/#website","url":"https:\/\/floranixena.it\/es\/","name":"FloraNixena - Consegna fiori a domicilio in Italia","description":"Invia fiori che raccontano storie","publisher":{"@id":"https:\/\/floranixena.it\/es\/#organization"},"alternateName":"FloraNixena.it","potentialAction":[{"@type":"SearchAction","target":{"@type":"EntryPoint","urlTemplate":"https:\/\/floranixena.it\/es\/?s={search_term_string}"},"query-input":{"@type":"PropertyValueSpecification","valueRequired":true,"valueName":"search_term_string"}}],"inLanguage":"es"},{"@type":"Organization","@id":"https:\/\/floranixena.it\/es\/#organization","name":"FloraNixena.it - Consegna mazzi di fiori, bouquet e piante a domicilio","url":"https:\/\/floranixena.it\/es\/","logo":{"@type":"ImageObject","inLanguage":"es","@id":"https:\/\/floranixena.it\/es\/#\/schema\/logo\/image\/","url":"https:\/\/floranixena.it\/wp-content\/uploads\/2018\/11\/logo-fucsia.png","contentUrl":"https:\/\/floranixena.it\/wp-content\/uploads\/2018\/11\/logo-fucsia.png","width":315,"height":81,"caption":"FloraNixena.it - Consegna mazzi di fiori, bouquet e piante a domicilio"},"image":{"@id":"https:\/\/floranixena.it\/es\/#\/schema\/logo\/image\/"},"sameAs":["https:\/\/www.facebook.com\/FloraNixena\/","https:\/\/www.instagram.com\/floranixena.it\/","https:\/\/www.youtube.com\/channel\/UCAfCWXMBezO96jgPjiUgpkA"],"description":"Chi Siamo? FloraNixena \u00e8 il partner di fiducia per la consegna di fiori freschi a domicilio. Con anni di esperienza nel settore floreale, siamo dedicati a portare la bellezza e la freschezza dei fiori direttamente alla vostra porta. La Nostra Missione La nostra missione \u00e8 trasformare ogni occasione in un momento speciale attraverso la magia dei fiori. Crediamo che un bouquet possa dire pi\u00f9 di mille parole e lavoriamo instancabilmente per assicurarci che ogni consegna porti gioia, amore e bellezza. Cosa Offriamo? Fiori Freschi: Collaboriamo con i migliori fornitori locali per garantire che i nostri fiori siano sempre freschi e di alta qualit\u00e0. Consegna Rapida e Puntuale: Offriamo un servizio di consegna rapido e affidabile, con la possibilit\u00e0 di scegliere la fascia oraria che pi\u00f9 vi conviene. Ampia Selezione: Dalle rose classiche ai bouquet personalizzati, abbiamo una vasta gamma di opzioni per soddisfare ogni gusto e occasione. Assistenza Clienti: Il nostro team \u00e8 sempre a disposizione per assistervi nella scelta del bouquet perfetto e per garantire un'esperienza di acquisto senza intoppi. Perch\u00e9 Sceglierci? Qualit\u00e0 Garantita: Ogni bouquet \u00e8 realizzato con cura dai nostri esperti fioristi, garantendo che ogni composizione sia un'opera d'arte. Servizio Personalizzato: Che sia per un anniversario, un compleanno, una celebrazione o un momento di condoglianza, personalizziamo ogni ordine per rispondere alle vostre esigenze specifiche. Soddisfazione del Cliente: La vostra soddisfazione \u00e8 la nostra priorit\u00e0 assoluta. Facciamo tutto il possibile per assicurarci che ogni consegna superi le vostre aspettative.","email":"amministrazione@floranixena.it","telephone":"3806342394","legalName":"Gaetano Votadoro"}]}},"_links":{"self":[{"href":"https:\/\/floranixena.it\/es\/wp-json\/wp\/v2\/product\/19303","targetHints":{"allow":["GET"]}}],"collection":[{"href":"https:\/\/floranixena.it\/es\/wp-json\/wp\/v2\/product"}],"about":[{"href":"https:\/\/floranixena.it\/es\/wp-json\/wp\/v2\/types\/product"}],"replies":[{"embeddable":true,"href":"https:\/\/floranixena.it\/es\/wp-json\/wp\/v2\/comments?post=19303"}],"wp:featuredmedia":[{"embeddable":true,"href":"https:\/\/floranixena.it\/es\/wp-json\/wp\/v2\/media\/18637"}],"wp:attachment":[{"href":"https:\/\/floranixena.it\/es\/wp-json\/wp\/v2\/media?parent=19303"}],"wp:term":[{"taxonomy":"product_brand","embeddable":true,"href":"https:\/\/floranixena.it\/es\/wp-json\/wp\/v2\/product_brand?post=19303"},{"taxonomy":"product_cat","embeddable":true,"href":"https:\/\/floranixena.it\/es\/wp-json\/wp\/v2\/product_cat?post=19303"},{"taxonomy":"product_tag","embeddable":true,"href":"https:\/\/floranixena.it\/es\/wp-json\/wp\/v2\/product_tag?post=19303"}],"curies":[{"name":"wp","href":"https:\/\/api.w.org\/{rel}","templated":true}]}}