{"id":19300,"date":"2020-11-21T10:36:40","date_gmt":"2020-11-21T09:36:40","guid":{"rendered":"https:\/\/floranixena.it\/product\/guirnalda-de-navidad-con-pinas\/"},"modified":"2020-11-21T10:36:40","modified_gmt":"2020-11-21T09:36:40","slug":"guirnalda-de-navidad-con-pinas","status":"publish","type":"product","link":"https:\/\/floranixena.it\/es\/producto\/guirnalda-de-navidad-con-pinas\/","title":{"rendered":"Guirnalda de Navidad con pi\u00f1as"},"content":{"rendered":"<p>Ha llegado la Navidad con nuestra espl\u00e9ndida<a href=\"https:\/\/floranixena.it\/es\/catalog\/flores-de-invierno\/\" target=\"_blank\" rel=\"noopener\"><strong> Corona de las Maravillas del Invierno, <\/strong><\/a>que encarna el calor y la alegr\u00eda de las fiestas. Hecha a mano con pi\u00f1as, bayas rojas, hojas de estrellas de Navidad, helechos de pino y follaje verde decorativo, esta corona agrega un toque acogedor a cualquier ambiente durante las fiestas. <\/p>\n<p>Atada con una cinta roja vibrante, esta<strong><a href=\"https:\/\/floranixena.it\/es\/catalog\/navidad\/\" target=\"_blank\" rel=\"noopener\"> corona navide\u00f1a hecha a mano <\/a><\/strong>se convierte en un regalo inolvidable para celebrar la <a href=\"https:\/\/floranixena.it\/cesta-in-vimini-con-rose-e-vino\" target=\"_blank\" rel=\"noopener\">\u00e9poca de Navidad.<\/a><\/p>\n<p>Adecuado tanto para interiores como para exteriores, esta hermosa guirnalda es<a href=\"https:\/\/floranixena.it\/invia-fiori-e-piante\/ghirlanda-natalizia-con-bacche-rosse\/\" target=\"_blank\" rel=\"noopener\"> perfecta para adornar su hogar,<\/a> tienda, oficina o clase. Ideal para puertas de entrada, paredes, chimeneas, escaparates, habitaciones y \u00e1rboles de Navidad. El adorno de la guirnalda es un regalo atemporal para familiares y amigos, <a href=\"https:\/\/floranixena.it\/cesta-natalizia-in-vimini\" target=\"_blank\" rel=\"noopener\">dese\u00e1ndoles una feliz Navidad<\/a>.  <\/p>\n<p>Para mantener la frescura, se recomienda rociar ligeramente el follaje con agua todos los d\u00edas.<\/p>\n<p>Adem\u00e1s, para garantizar una duraci\u00f3n \u00f3ptima de tu<strong> Corona de las Maravillas del Invierno, <\/strong>te aconsejamos colocarla lejos de fuentes de calor y evitar la exposici\u00f3n directa a la luz solar. Esto ayudar\u00e1 a preservar su belleza y frescura durante toda la temporada de Navidad. <\/p>\n<p><strong>Esperamos compartir con usted el ambiente festivo de este per\u00edodo especial<\/strong>. Compra ahora tu Corona de las Maravillas del Invierno y prep\u00e1rate para crear recuerdos inolvidables durante las fiestas navide\u00f1as. <\/p>\n<p>Y no se olvide de explorar nuestra gran selecci\u00f3n de<a href=\"https:\/\/floranixena.it\/prodotto\/ghirlanda-natalizia-con-bacche-rosse\/\" target=\"_blank\" rel=\"noopener\"> decoraciones de Navidad<\/a> a juego, incluyendo guirnaldas, centros de mesa y adornos, para completar el ambiente m\u00e1gico de su casa durante las vacaciones.<\/p>\n<p>Adem\u00e1s, tenga en cuenta que nuestras coronas est\u00e1n hechas con materiales de alta calidad y con cuidado artesanal, garantizando una durabilidad excepcional que le permitir\u00e1 disfrutar de su belleza durante muchas temporadas por venir.<\/p>\n","protected":false},"excerpt":{"rendered":"<ul>\n<li>Hojas de estrellas de navidad<\/li>\n<li>Bayas rojas de ilex<\/li>\n<li>pi\u00f1as<\/li>\n<li>Helecho de pino<\/li>\n<li>follaje decorativo<\/li>\n<li>Los addobi florales se colocan e insertan en un anillo de <strong>45<\/strong> cm de di\u00e1metro.<\/li>\n<li>Recomendamos rociar el follaje con agua todos los d\u00edas.<\/li>\n<\/ul>\n<p><span style=\"color: #008000;\"><strong>Entrega gratuita en este producto<\/strong><\/span><\/p>\n","protected":false},"featured_media":18635,"comment_status":"closed","ping_status":"closed","template":"","meta":[],"product_brand":[],"product_cat":[4329,4365,4334,4320,4326,4325],"product_tag":[5190,5189,5191,4957,4472,5188],"class_list":{"0":"post-19300","1":"product","2":"type-product","3":"status-publish","4":"has-post-thumbnail","6":"product_cat-amigo","7":"product_cat-navidad","8":"product_cat-para-agradecer-a-alguien","9":"product_cat-para-la-hermana","10":"product_cat-para-mama","11":"product_cat-para-un-colega","12":"product_tag-guirnalda","13":"product_tag-guirnalda-de-navidad","14":"product_tag-helecho-de-pino","15":"product_tag-idea-regalo-de-navidad","16":"product_tag-navidad","17":"product_tag-regalos-de-navidad","19":"first","20":"instock","21":"shipping-taxable","22":"purchasable","23":"product-type-simple"},"yoast_head":"<!-- This site is optimized with the Yoast SEO Premium plugin v27.4 (Yoast SEO v27.4) - https:\/\/yoast.com\/product\/yoast-seo-premium-wordpress\/ -->\n<title>Guirnalda de Navidad con pi\u00f1as - FloraNixena - FloraNixena - Entrega de flores a domicilio<\/title>\n<meta name=\"description\" content=\"Descubre la magia de la Navidad con nuestra exclusiva guirnalda decorada con pi\u00f1as, un regalo inolvidable para esta temporada. \u00a1Env\u00edo gratis!\" \/>\n<meta name=\"robots\" content=\"index, follow, max-snippet:-1, max-image-preview:large, max-video-preview:-1\" \/>\n<link rel=\"canonical\" href=\"https:\/\/floranixena.it\/es\/producto\/guirnalda-de-navidad-con-pinas\/\" \/>\n<meta property=\"og:locale\" content=\"es_ES\" \/>\n<meta property=\"og:type\" content=\"article\" \/>\n<meta property=\"og:title\" content=\"Guirnalda de Navidad con pi\u00f1as\" \/>\n<meta property=\"og:description\" content=\"Hojas de estrellas de navidad  Bayas rojas de ilex  pi\u00f1as  Helecho de pino  follaje decorativo  Los addobi florales se colocan e insertan en un anillo de 45 cm de di\u00e1metro.  Recomendamos rociar el follaje con agua todos los d\u00edas. Entrega gratuita en este producto\" \/>\n<meta property=\"og:url\" content=\"https:\/\/floranixena.it\/es\/producto\/guirnalda-de-navidad-con-pinas\/\" \/>\n<meta property=\"og:site_name\" content=\"FloraNixena - FloraNixena - Entrega de flores a domicilio\" \/>\n<meta property=\"article:publisher\" content=\"https:\/\/www.facebook.com\/FloraNixena\/\" \/>\n<meta property=\"og:image\" content=\"https:\/\/floranixena.it\/wp-content\/uploads\/2020\/11\/ghirlanda-natalizia-con-pino-bacche-stella-di-natale-e-foglie-verdi-decorative-da-regalare-alla-mamma-zia-o-sorella-per-natale.-Idea-regalo-natale.jpg\" \/>\n\t<meta property=\"og:image:width\" content=\"800\" \/>\n\t<meta property=\"og:image:height\" content=\"800\" \/>\n\t<meta property=\"og:image:type\" content=\"image\/jpeg\" \/>\n<meta name=\"twitter:card\" content=\"summary_large_image\" \/>\n<meta name=\"twitter:label1\" content=\"Tiempo de lectura\" \/>\n\t<meta name=\"twitter:data1\" content=\"2 minuto\" \/>\n<script type=\"application\/ld+json\" class=\"yoast-schema-graph\">{\"@context\":\"https:\\\/\\\/schema.org\",\"@graph\":[{\"@type\":\"WebPage\",\"@id\":\"https:\\\/\\\/floranixena.it\\\/es\\\/producto\\\/guirnalda-de-navidad-con-pinas\\\/\",\"url\":\"https:\\\/\\\/floranixena.it\\\/es\\\/producto\\\/guirnalda-de-navidad-con-pinas\\\/\",\"name\":\"Guirnalda de Navidad con pi\u00f1as - FloraNixena - FloraNixena - Entrega de flores a domicilio\",\"isPartOf\":{\"@id\":\"https:\\\/\\\/floranixena.it\\\/es\\\/#website\"},\"primaryImageOfPage\":{\"@id\":\"https:\\\/\\\/floranixena.it\\\/es\\\/producto\\\/guirnalda-de-navidad-con-pinas\\\/#primaryimage\"},\"image\":{\"@id\":\"https:\\\/\\\/floranixena.it\\\/es\\\/producto\\\/guirnalda-de-navidad-con-pinas\\\/#primaryimage\"},\"thumbnailUrl\":\"https:\\\/\\\/floranixena.it\\\/wp-content\\\/uploads\\\/2020\\\/11\\\/ghirlanda-natalizia-con-pino-bacche-stella-di-natale-e-foglie-verdi-decorative-da-regalare-alla-mamma-zia-o-sorella-per-natale.-Idea-regalo-natale.jpg\",\"datePublished\":\"2020-11-21T09:36:40+00:00\",\"description\":\"Descubre la magia de la Navidad con nuestra exclusiva guirnalda decorada con pi\u00f1as, un regalo inolvidable para esta temporada. \u00a1Env\u00edo gratis!\",\"breadcrumb\":{\"@id\":\"https:\\\/\\\/floranixena.it\\\/es\\\/producto\\\/guirnalda-de-navidad-con-pinas\\\/#breadcrumb\"},\"inLanguage\":\"es\",\"potentialAction\":[{\"@type\":\"ReadAction\",\"target\":[\"https:\\\/\\\/floranixena.it\\\/es\\\/producto\\\/guirnalda-de-navidad-con-pinas\\\/\"]}]},{\"@type\":\"ImageObject\",\"inLanguage\":\"es\",\"@id\":\"https:\\\/\\\/floranixena.it\\\/es\\\/producto\\\/guirnalda-de-navidad-con-pinas\\\/#primaryimage\",\"url\":\"https:\\\/\\\/floranixena.it\\\/wp-content\\\/uploads\\\/2020\\\/11\\\/ghirlanda-natalizia-con-pino-bacche-stella-di-natale-e-foglie-verdi-decorative-da-regalare-alla-mamma-zia-o-sorella-per-natale.-Idea-regalo-natale.jpg\",\"contentUrl\":\"https:\\\/\\\/floranixena.it\\\/wp-content\\\/uploads\\\/2020\\\/11\\\/ghirlanda-natalizia-con-pino-bacche-stella-di-natale-e-foglie-verdi-decorative-da-regalare-alla-mamma-zia-o-sorella-per-natale.-Idea-regalo-natale.jpg\",\"width\":800,\"height\":800,\"caption\":\"Un c\u00edrculo de emociones que huele a fiesta: la guirnalda que acoge con calidez.\"},{\"@type\":\"BreadcrumbList\",\"@id\":\"https:\\\/\\\/floranixena.it\\\/es\\\/producto\\\/guirnalda-de-navidad-con-pinas\\\/#breadcrumb\",\"itemListElement\":[{\"@type\":\"ListItem\",\"position\":1,\"name\":\"Home\",\"item\":\"https:\\\/\\\/floranixena.it\\\/es\\\/\"},{\"@type\":\"ListItem\",\"position\":2,\"name\":\"tienda\",\"item\":\"https:\\\/\\\/floranixena.it\\\/es\\\/tienda\\\/\"},{\"@type\":\"ListItem\",\"position\":3,\"name\":\"Guirnalda de Navidad con pi\u00f1as\"}]},{\"@type\":\"WebSite\",\"@id\":\"https:\\\/\\\/floranixena.it\\\/es\\\/#website\",\"url\":\"https:\\\/\\\/floranixena.it\\\/es\\\/\",\"name\":\"FloraNixena - Consegna fiori a domicilio in Italia\",\"description\":\"Invia fiori che raccontano storie\",\"publisher\":{\"@id\":\"https:\\\/\\\/floranixena.it\\\/es\\\/#organization\"},\"alternateName\":\"FloraNixena.it\",\"potentialAction\":[{\"@type\":\"SearchAction\",\"target\":{\"@type\":\"EntryPoint\",\"urlTemplate\":\"https:\\\/\\\/floranixena.it\\\/es\\\/?s={search_term_string}\"},\"query-input\":{\"@type\":\"PropertyValueSpecification\",\"valueRequired\":true,\"valueName\":\"search_term_string\"}}],\"inLanguage\":\"es\"},{\"@type\":\"Organization\",\"@id\":\"https:\\\/\\\/floranixena.it\\\/es\\\/#organization\",\"name\":\"FloraNixena.it - Consegna mazzi di fiori, bouquet e piante a domicilio\",\"url\":\"https:\\\/\\\/floranixena.it\\\/es\\\/\",\"logo\":{\"@type\":\"ImageObject\",\"inLanguage\":\"es\",\"@id\":\"https:\\\/\\\/floranixena.it\\\/es\\\/#\\\/schema\\\/logo\\\/image\\\/\",\"url\":\"https:\\\/\\\/floranixena.it\\\/wp-content\\\/uploads\\\/2018\\\/11\\\/logo-fucsia.png\",\"contentUrl\":\"https:\\\/\\\/floranixena.it\\\/wp-content\\\/uploads\\\/2018\\\/11\\\/logo-fucsia.png\",\"width\":315,\"height\":81,\"caption\":\"FloraNixena.it - Consegna mazzi di fiori, bouquet e piante a domicilio\"},\"image\":{\"@id\":\"https:\\\/\\\/floranixena.it\\\/es\\\/#\\\/schema\\\/logo\\\/image\\\/\"},\"sameAs\":[\"https:\\\/\\\/www.facebook.com\\\/FloraNixena\\\/\",\"https:\\\/\\\/www.instagram.com\\\/floranixena.it\\\/\",\"https:\\\/\\\/www.youtube.com\\\/channel\\\/UCAfCWXMBezO96jgPjiUgpkA\"],\"description\":\"Chi Siamo? FloraNixena \u00e8 il partner di fiducia per la consegna di fiori freschi a domicilio. Con anni di esperienza nel settore floreale, siamo dedicati a portare la bellezza e la freschezza dei fiori direttamente alla vostra porta. La Nostra Missione La nostra missione \u00e8 trasformare ogni occasione in un momento speciale attraverso la magia dei fiori. Crediamo che un bouquet possa dire pi\u00f9 di mille parole e lavoriamo instancabilmente per assicurarci che ogni consegna porti gioia, amore e bellezza. Cosa Offriamo? Fiori Freschi: Collaboriamo con i migliori fornitori locali per garantire che i nostri fiori siano sempre freschi e di alta qualit\u00e0. Consegna Rapida e Puntuale: Offriamo un servizio di consegna rapido e affidabile, con la possibilit\u00e0 di scegliere la fascia oraria che pi\u00f9 vi conviene. Ampia Selezione: Dalle rose classiche ai bouquet personalizzati, abbiamo una vasta gamma di opzioni per soddisfare ogni gusto e occasione. Assistenza Clienti: Il nostro team \u00e8 sempre a disposizione per assistervi nella scelta del bouquet perfetto e per garantire un'esperienza di acquisto senza intoppi. Perch\u00e9 Sceglierci? Qualit\u00e0 Garantita: Ogni bouquet \u00e8 realizzato con cura dai nostri esperti fioristi, garantendo che ogni composizione sia un'opera d'arte. Servizio Personalizzato: Che sia per un anniversario, un compleanno, una celebrazione o un momento di condoglianza, personalizziamo ogni ordine per rispondere alle vostre esigenze specifiche. Soddisfazione del Cliente: La vostra soddisfazione \u00e8 la nostra priorit\u00e0 assoluta. Facciamo tutto il possibile per assicurarci che ogni consegna superi le vostre aspettative.\",\"email\":\"amministrazione@floranixena.it\",\"telephone\":\"3806342394\",\"legalName\":\"Gaetano Votadoro\"}]}<\/script>\n<!-- \/ Yoast SEO Premium plugin. -->","yoast_head_json":{"title":"Guirnalda de Navidad con pi\u00f1as - FloraNixena - FloraNixena - Entrega de flores a domicilio","description":"Descubre la magia de la Navidad con nuestra exclusiva guirnalda decorada con pi\u00f1as, un regalo inolvidable para esta temporada. \u00a1Env\u00edo gratis!","robots":{"index":"index","follow":"follow","max-snippet":"max-snippet:-1","max-image-preview":"max-image-preview:large","max-video-preview":"max-video-preview:-1"},"canonical":"https:\/\/floranixena.it\/es\/producto\/guirnalda-de-navidad-con-pinas\/","og_locale":"es_ES","og_type":"article","og_title":"Guirnalda de Navidad con pi\u00f1as","og_description":"Hojas de estrellas de navidad  Bayas rojas de ilex  pi\u00f1as  Helecho de pino  follaje decorativo  Los addobi florales se colocan e insertan en un anillo de 45 cm de di\u00e1metro.  Recomendamos rociar el follaje con agua todos los d\u00edas. Entrega gratuita en este producto","og_url":"https:\/\/floranixena.it\/es\/producto\/guirnalda-de-navidad-con-pinas\/","og_site_name":"FloraNixena - FloraNixena - Entrega de flores a domicilio","article_publisher":"https:\/\/www.facebook.com\/FloraNixena\/","og_image":[{"width":800,"height":800,"url":"https:\/\/floranixena.it\/wp-content\/uploads\/2020\/11\/ghirlanda-natalizia-con-pino-bacche-stella-di-natale-e-foglie-verdi-decorative-da-regalare-alla-mamma-zia-o-sorella-per-natale.-Idea-regalo-natale.jpg","type":"image\/jpeg"}],"twitter_card":"summary_large_image","twitter_misc":{"Tiempo de lectura":"2 minuto"},"schema":{"@context":"https:\/\/schema.org","@graph":[{"@type":"WebPage","@id":"https:\/\/floranixena.it\/es\/producto\/guirnalda-de-navidad-con-pinas\/","url":"https:\/\/floranixena.it\/es\/producto\/guirnalda-de-navidad-con-pinas\/","name":"Guirnalda de Navidad con pi\u00f1as - FloraNixena - FloraNixena - Entrega de flores a domicilio","isPartOf":{"@id":"https:\/\/floranixena.it\/es\/#website"},"primaryImageOfPage":{"@id":"https:\/\/floranixena.it\/es\/producto\/guirnalda-de-navidad-con-pinas\/#primaryimage"},"image":{"@id":"https:\/\/floranixena.it\/es\/producto\/guirnalda-de-navidad-con-pinas\/#primaryimage"},"thumbnailUrl":"https:\/\/floranixena.it\/wp-content\/uploads\/2020\/11\/ghirlanda-natalizia-con-pino-bacche-stella-di-natale-e-foglie-verdi-decorative-da-regalare-alla-mamma-zia-o-sorella-per-natale.-Idea-regalo-natale.jpg","datePublished":"2020-11-21T09:36:40+00:00","description":"Descubre la magia de la Navidad con nuestra exclusiva guirnalda decorada con pi\u00f1as, un regalo inolvidable para esta temporada. \u00a1Env\u00edo gratis!","breadcrumb":{"@id":"https:\/\/floranixena.it\/es\/producto\/guirnalda-de-navidad-con-pinas\/#breadcrumb"},"inLanguage":"es","potentialAction":[{"@type":"ReadAction","target":["https:\/\/floranixena.it\/es\/producto\/guirnalda-de-navidad-con-pinas\/"]}]},{"@type":"ImageObject","inLanguage":"es","@id":"https:\/\/floranixena.it\/es\/producto\/guirnalda-de-navidad-con-pinas\/#primaryimage","url":"https:\/\/floranixena.it\/wp-content\/uploads\/2020\/11\/ghirlanda-natalizia-con-pino-bacche-stella-di-natale-e-foglie-verdi-decorative-da-regalare-alla-mamma-zia-o-sorella-per-natale.-Idea-regalo-natale.jpg","contentUrl":"https:\/\/floranixena.it\/wp-content\/uploads\/2020\/11\/ghirlanda-natalizia-con-pino-bacche-stella-di-natale-e-foglie-verdi-decorative-da-regalare-alla-mamma-zia-o-sorella-per-natale.-Idea-regalo-natale.jpg","width":800,"height":800,"caption":"Un c\u00edrculo de emociones que huele a fiesta: la guirnalda que acoge con calidez."},{"@type":"BreadcrumbList","@id":"https:\/\/floranixena.it\/es\/producto\/guirnalda-de-navidad-con-pinas\/#breadcrumb","itemListElement":[{"@type":"ListItem","position":1,"name":"Home","item":"https:\/\/floranixena.it\/es\/"},{"@type":"ListItem","position":2,"name":"tienda","item":"https:\/\/floranixena.it\/es\/tienda\/"},{"@type":"ListItem","position":3,"name":"Guirnalda de Navidad con pi\u00f1as"}]},{"@type":"WebSite","@id":"https:\/\/floranixena.it\/es\/#website","url":"https:\/\/floranixena.it\/es\/","name":"FloraNixena - Consegna fiori a domicilio in Italia","description":"Invia fiori che raccontano storie","publisher":{"@id":"https:\/\/floranixena.it\/es\/#organization"},"alternateName":"FloraNixena.it","potentialAction":[{"@type":"SearchAction","target":{"@type":"EntryPoint","urlTemplate":"https:\/\/floranixena.it\/es\/?s={search_term_string}"},"query-input":{"@type":"PropertyValueSpecification","valueRequired":true,"valueName":"search_term_string"}}],"inLanguage":"es"},{"@type":"Organization","@id":"https:\/\/floranixena.it\/es\/#organization","name":"FloraNixena.it - Consegna mazzi di fiori, bouquet e piante a domicilio","url":"https:\/\/floranixena.it\/es\/","logo":{"@type":"ImageObject","inLanguage":"es","@id":"https:\/\/floranixena.it\/es\/#\/schema\/logo\/image\/","url":"https:\/\/floranixena.it\/wp-content\/uploads\/2018\/11\/logo-fucsia.png","contentUrl":"https:\/\/floranixena.it\/wp-content\/uploads\/2018\/11\/logo-fucsia.png","width":315,"height":81,"caption":"FloraNixena.it - Consegna mazzi di fiori, bouquet e piante a domicilio"},"image":{"@id":"https:\/\/floranixena.it\/es\/#\/schema\/logo\/image\/"},"sameAs":["https:\/\/www.facebook.com\/FloraNixena\/","https:\/\/www.instagram.com\/floranixena.it\/","https:\/\/www.youtube.com\/channel\/UCAfCWXMBezO96jgPjiUgpkA"],"description":"Chi Siamo? FloraNixena \u00e8 il partner di fiducia per la consegna di fiori freschi a domicilio. Con anni di esperienza nel settore floreale, siamo dedicati a portare la bellezza e la freschezza dei fiori direttamente alla vostra porta. La Nostra Missione La nostra missione \u00e8 trasformare ogni occasione in un momento speciale attraverso la magia dei fiori. Crediamo che un bouquet possa dire pi\u00f9 di mille parole e lavoriamo instancabilmente per assicurarci che ogni consegna porti gioia, amore e bellezza. Cosa Offriamo? Fiori Freschi: Collaboriamo con i migliori fornitori locali per garantire che i nostri fiori siano sempre freschi e di alta qualit\u00e0. Consegna Rapida e Puntuale: Offriamo un servizio di consegna rapido e affidabile, con la possibilit\u00e0 di scegliere la fascia oraria che pi\u00f9 vi conviene. Ampia Selezione: Dalle rose classiche ai bouquet personalizzati, abbiamo una vasta gamma di opzioni per soddisfare ogni gusto e occasione. Assistenza Clienti: Il nostro team \u00e8 sempre a disposizione per assistervi nella scelta del bouquet perfetto e per garantire un'esperienza di acquisto senza intoppi. Perch\u00e9 Sceglierci? Qualit\u00e0 Garantita: Ogni bouquet \u00e8 realizzato con cura dai nostri esperti fioristi, garantendo che ogni composizione sia un'opera d'arte. Servizio Personalizzato: Che sia per un anniversario, un compleanno, una celebrazione o un momento di condoglianza, personalizziamo ogni ordine per rispondere alle vostre esigenze specifiche. Soddisfazione del Cliente: La vostra soddisfazione \u00e8 la nostra priorit\u00e0 assoluta. Facciamo tutto il possibile per assicurarci che ogni consegna superi le vostre aspettative.","email":"amministrazione@floranixena.it","telephone":"3806342394","legalName":"Gaetano Votadoro"}]}},"_links":{"self":[{"href":"https:\/\/floranixena.it\/es\/wp-json\/wp\/v2\/product\/19300","targetHints":{"allow":["GET"]}}],"collection":[{"href":"https:\/\/floranixena.it\/es\/wp-json\/wp\/v2\/product"}],"about":[{"href":"https:\/\/floranixena.it\/es\/wp-json\/wp\/v2\/types\/product"}],"replies":[{"embeddable":true,"href":"https:\/\/floranixena.it\/es\/wp-json\/wp\/v2\/comments?post=19300"}],"wp:featuredmedia":[{"embeddable":true,"href":"https:\/\/floranixena.it\/es\/wp-json\/wp\/v2\/media\/18635"}],"wp:attachment":[{"href":"https:\/\/floranixena.it\/es\/wp-json\/wp\/v2\/media?parent=19300"}],"wp:term":[{"taxonomy":"product_brand","embeddable":true,"href":"https:\/\/floranixena.it\/es\/wp-json\/wp\/v2\/product_brand?post=19300"},{"taxonomy":"product_cat","embeddable":true,"href":"https:\/\/floranixena.it\/es\/wp-json\/wp\/v2\/product_cat?post=19300"},{"taxonomy":"product_tag","embeddable":true,"href":"https:\/\/floranixena.it\/es\/wp-json\/wp\/v2\/product_tag?post=19300"}],"curies":[{"name":"wp","href":"https:\/\/api.w.org\/{rel}","templated":true}]}}