{"id":19285,"date":"2025-09-19T15:58:08","date_gmt":"2025-09-19T13:58:08","guid":{"rendered":"https:\/\/floranixena.it\/product\/ramo-de-11-rosas-inglesas\/"},"modified":"2025-10-31T23:54:23","modified_gmt":"2025-10-31T22:54:23","slug":"ramo-de-11-rosas-inglesas","status":"publish","type":"product","link":"https:\/\/floranixena.it\/es\/producto\/ramo-de-11-rosas-inglesas\/","title":{"rendered":"Ramo de 11 rosas inglesas"},"content":{"rendered":"<h1>Un ramo refinado compuesto por 11 rosas inglesas rosa antiguo<\/h1>\n<p>envuelto con cuidado en <strong>papel kraft natural,<\/strong> es una composici\u00f3n floral que combina elegancia, delicadeza y estilo atemporal.<strong> Las <a href=\"https:\/\/floranixena.it\/es\/tag\/rosa-blanca\/\">rosas <\/a>inglesas<\/strong>, conocidas por su forma llena y sus<strong> p\u00e9talos aterciopelados,<\/strong> ofrecen tonos rom\u00e1nticos que van desde el rosa polvo al rosa polvo, creando un efecto visual armonioso y refinado. <\/p>\n<p>Perfecto para celebrar momentos especiales como <a href=\"https:\/\/floranixena.it\/es\/catalog\/flores-para-eventos\/oportunidad\/\">aniversarios<\/a>, cumplea\u00f1os, fiestas de mam\u00e1 o simplemente para sorprender a un ser querido, este <a href=\"https:\/\/floranixena.it\/es\/prodotto\/napoli\/\">ramo <\/a>est\u00e1 pensado para aquellos que desean regalar una emoci\u00f3n aut\u00e9ntica. Gracias a su est\u00e9tica cl\u00e1sica y al packaging artesanal, se adapta tanto a contextos formales como a gestos espont\u00e1neos de afecto. <\/p>\n<h2>La<a href=\"https:\/\/floranixena.it\/es\/ciudades-con-servicio-en-italia\/\"> entrega a domicilio est\u00e1 disponible en toda Italia<\/a><\/h2>\n<p>Garant\u00eda de frescura y puntualidad. Ya sea que quieras enviarlo directamente al destinatario o recibirlo en casa para entregarlo en persona, nuestro servicio est\u00e1 dise\u00f1ado para hacer que cada env\u00edo sea f\u00e1cil y confiable. Adem\u00e1s, puedes a\u00f1adir un mensaje personalizado para acompa\u00f1ar el <a href=\"https:\/\/floranixena.it\/es\/prodotto\/mix-rose-gerbere-y-lilium\/\">ramo <\/a>y hacerlo a\u00fan m\u00e1s significativo.  <\/p>\n<p>Cada detalle es cuidado con atenci\u00f3n, desde la selecci\u00f3n de las rosas hasta la presentaci\u00f3n final, para ofrecer un producto que comunica sabor y sensibilidad. Un <a href=\"https:\/\/floranixena.it\/es\/prodotto\/caja-de-chocolates-baci-perugina\/\">regalo<\/a> floral que deja huella, perfecto para quien ama la belleza aut\u00e9ntica y el encanto discreto. <\/p>\n","protected":false},"excerpt":{"rendered":"<ul>\n<li>11 Rosas inglesas color rosa antiguo<\/li>\n<li>Envueltos en papel KRAFT elegante<\/li>\n<li>Cinerea (verde decorativa)<\/li>\n<li>Cinta rosa en la base<\/li>\n<\/ul>\n<p>Un ramo elegante y rom\u00e1ntico que se aparta de los cl\u00e1sicos, listo para ser entregado directamente a la casa de quien quieras sorprender.<\/p>\n<p><span style=\"color: #008000;\"><strong>Entrega gratuita en este producto<\/strong><\/span><\/p>\n","protected":false},"featured_media":19170,"comment_status":"closed","ping_status":"closed","template":"","meta":[],"product_brand":[],"product_cat":[4331,4381,4362,4330,4327,4335,4341,4338,4315,4361,4358,4320,4326,4360,4336,4359],"product_tag":[],"class_list":{"0":"post-19285","1":"product","2":"type-product","3":"status-publish","4":"has-post-thumbnail","6":"product_cat-amor-y-el-romance","7":"product_cat-boda","8":"product_cat-como-admirador-secreto","9":"product_cat-dia-de-la-madre","10":"product_cat-dia-de-la-mujer","11":"product_cat-disculpa","12":"product_cat-flores-de-primavera","13":"product_cat-flores-de-verano","14":"product_cat-flores-para-eventos","15":"product_cat-para-la-esposa-o-la-novia","16":"product_cat-para-la-esposa-o-novia","17":"product_cat-para-la-hermana","18":"product_cat-para-mama","19":"product_cat-para-nuevas-revelaciones","20":"product_cat-rosas","21":"product_cat-san-valentin","23":"first","24":"instock","25":"shipping-taxable","26":"purchasable","27":"product-type-simple"},"yoast_head":"<!-- This site is optimized with the Yoast SEO Premium plugin v27.3 (Yoast SEO v27.3) - https:\/\/yoast.com\/product\/yoast-seo-premium-wordpress\/ -->\n<title>Ramo de 11 rosas inglesas - FloraNixena<\/title>\n<meta name=\"description\" content=\"Pide online el rom\u00e1ntico ramo de 11 rosas inglesas antiguas, envueltas en papel kraft. Entrega a domicilio en toda Italia. Elegancia y delicadeza.\" \/>\n<meta name=\"robots\" content=\"index, follow, max-snippet:-1, max-image-preview:large, max-video-preview:-1\" \/>\n<link rel=\"canonical\" href=\"https:\/\/floranixena.it\/es\/producto\/ramo-de-11-rosas-inglesas\/\" \/>\n<meta property=\"og:locale\" content=\"es_ES\" \/>\n<meta property=\"og:type\" content=\"article\" \/>\n<meta property=\"og:title\" content=\"Ramo de 11 rosas inglesas\" \/>\n<meta property=\"og:description\" content=\"11 Rosas inglesas color rosa antiguo  Envueltos en papel KRAFT elegante  Cinerea (verde decorativa)  Cinta rosa en la base Un ramo elegante y rom\u00e1ntico que se aparta de los cl\u00e1sicos, listo para ser entregado directamente a la casa de quien quieras sorprender. Entrega gratuita en este producto\" \/>\n<meta property=\"og:url\" content=\"https:\/\/floranixena.it\/es\/producto\/ramo-de-11-rosas-inglesas\/\" \/>\n<meta property=\"og:site_name\" content=\"FloraNixena - FloraNixena - Entrega de flores a domicilio\" \/>\n<meta property=\"article:publisher\" content=\"https:\/\/www.facebook.com\/FloraNixena\/\" \/>\n<meta property=\"article:modified_time\" content=\"2025-10-31T22:54:23+00:00\" \/>\n<meta property=\"og:image\" content=\"https:\/\/floranixena.it\/wp-content\/uploads\/2025\/09\/Bouquet-rose-inglesi-rosa-antico-con-carta-kraft.jpg\" \/>\n\t<meta property=\"og:image:width\" content=\"1080\" \/>\n\t<meta property=\"og:image:height\" content=\"1080\" \/>\n\t<meta property=\"og:image:type\" content=\"image\/jpeg\" \/>\n<meta name=\"twitter:card\" content=\"summary_large_image\" \/>\n<meta name=\"twitter:label1\" content=\"Tiempo de lectura\" \/>\n\t<meta name=\"twitter:data1\" content=\"1 minuto\" \/>\n<script type=\"application\/ld+json\" class=\"yoast-schema-graph\">{\"@context\":\"https:\\\/\\\/schema.org\",\"@graph\":[{\"@type\":\"WebPage\",\"@id\":\"https:\\\/\\\/floranixena.it\\\/es\\\/producto\\\/ramo-de-11-rosas-inglesas\\\/\",\"url\":\"https:\\\/\\\/floranixena.it\\\/es\\\/producto\\\/ramo-de-11-rosas-inglesas\\\/\",\"name\":\"Ramo de 11 rosas inglesas - FloraNixena\",\"isPartOf\":{\"@id\":\"https:\\\/\\\/floranixena.it\\\/es\\\/#website\"},\"primaryImageOfPage\":{\"@id\":\"https:\\\/\\\/floranixena.it\\\/es\\\/producto\\\/ramo-de-11-rosas-inglesas\\\/#primaryimage\"},\"image\":{\"@id\":\"https:\\\/\\\/floranixena.it\\\/es\\\/producto\\\/ramo-de-11-rosas-inglesas\\\/#primaryimage\"},\"thumbnailUrl\":\"https:\\\/\\\/floranixena.it\\\/wp-content\\\/uploads\\\/2025\\\/09\\\/Bouquet-rose-inglesi-rosa-antico-con-carta-kraft.jpg\",\"datePublished\":\"2025-09-19T13:58:08+00:00\",\"dateModified\":\"2025-10-31T22:54:23+00:00\",\"description\":\"Pide online el rom\u00e1ntico ramo de 11 rosas inglesas antiguas, envueltas en papel kraft. Entrega a domicilio en toda Italia. Elegancia y delicadeza.\",\"breadcrumb\":{\"@id\":\"https:\\\/\\\/floranixena.it\\\/es\\\/producto\\\/ramo-de-11-rosas-inglesas\\\/#breadcrumb\"},\"inLanguage\":\"es\",\"potentialAction\":[{\"@type\":\"ReadAction\",\"target\":[\"https:\\\/\\\/floranixena.it\\\/es\\\/producto\\\/ramo-de-11-rosas-inglesas\\\/\"]}]},{\"@type\":\"ImageObject\",\"inLanguage\":\"es\",\"@id\":\"https:\\\/\\\/floranixena.it\\\/es\\\/producto\\\/ramo-de-11-rosas-inglesas\\\/#primaryimage\",\"url\":\"https:\\\/\\\/floranixena.it\\\/wp-content\\\/uploads\\\/2025\\\/09\\\/Bouquet-rose-inglesi-rosa-antico-con-carta-kraft.jpg\",\"contentUrl\":\"https:\\\/\\\/floranixena.it\\\/wp-content\\\/uploads\\\/2025\\\/09\\\/Bouquet-rose-inglesi-rosa-antico-con-carta-kraft.jpg\",\"width\":1080,\"height\":1080,\"caption\":\"Ramo de 11 rosas inglesas rosa antiguo envuelto en papel kraft natural, con tallos visibles y composici\u00f3n frontal sobre fondo blanco. Elegancia atemporal para cada ocasi\u00f3n.\"},{\"@type\":\"BreadcrumbList\",\"@id\":\"https:\\\/\\\/floranixena.it\\\/es\\\/producto\\\/ramo-de-11-rosas-inglesas\\\/#breadcrumb\",\"itemListElement\":[{\"@type\":\"ListItem\",\"position\":1,\"name\":\"Home\",\"item\":\"https:\\\/\\\/floranixena.it\\\/es\\\/\"},{\"@type\":\"ListItem\",\"position\":2,\"name\":\"tienda\",\"item\":\"https:\\\/\\\/floranixena.it\\\/es\\\/tienda\\\/\"},{\"@type\":\"ListItem\",\"position\":3,\"name\":\"Ramo de 11 rosas inglesas\"}]},{\"@type\":\"WebSite\",\"@id\":\"https:\\\/\\\/floranixena.it\\\/es\\\/#website\",\"url\":\"https:\\\/\\\/floranixena.it\\\/es\\\/\",\"name\":\"FloraNixena - Consegna fiori a domicilio in Italia\",\"description\":\"Invia fiori che raccontano storie\",\"publisher\":{\"@id\":\"https:\\\/\\\/floranixena.it\\\/es\\\/#organization\"},\"alternateName\":\"FloraNixena.it\",\"potentialAction\":[{\"@type\":\"SearchAction\",\"target\":{\"@type\":\"EntryPoint\",\"urlTemplate\":\"https:\\\/\\\/floranixena.it\\\/es\\\/?s={search_term_string}\"},\"query-input\":{\"@type\":\"PropertyValueSpecification\",\"valueRequired\":true,\"valueName\":\"search_term_string\"}}],\"inLanguage\":\"es\"},{\"@type\":\"Organization\",\"@id\":\"https:\\\/\\\/floranixena.it\\\/es\\\/#organization\",\"name\":\"FloraNixena.it - Consegna mazzi di fiori, bouquet e piante a domicilio\",\"url\":\"https:\\\/\\\/floranixena.it\\\/es\\\/\",\"logo\":{\"@type\":\"ImageObject\",\"inLanguage\":\"es\",\"@id\":\"https:\\\/\\\/floranixena.it\\\/es\\\/#\\\/schema\\\/logo\\\/image\\\/\",\"url\":\"https:\\\/\\\/floranixena.it\\\/wp-content\\\/uploads\\\/2018\\\/11\\\/logo-fucsia.png\",\"contentUrl\":\"https:\\\/\\\/floranixena.it\\\/wp-content\\\/uploads\\\/2018\\\/11\\\/logo-fucsia.png\",\"width\":315,\"height\":81,\"caption\":\"FloraNixena.it - Consegna mazzi di fiori, bouquet e piante a domicilio\"},\"image\":{\"@id\":\"https:\\\/\\\/floranixena.it\\\/es\\\/#\\\/schema\\\/logo\\\/image\\\/\"},\"sameAs\":[\"https:\\\/\\\/www.facebook.com\\\/FloraNixena\\\/\",\"https:\\\/\\\/www.instagram.com\\\/floranixena.it\\\/\",\"https:\\\/\\\/www.youtube.com\\\/channel\\\/UCAfCWXMBezO96jgPjiUgpkA\"],\"description\":\"Chi Siamo? FloraNixena \u00e8 il partner di fiducia per la consegna di fiori freschi a domicilio. Con anni di esperienza nel settore floreale, siamo dedicati a portare la bellezza e la freschezza dei fiori direttamente alla vostra porta. La Nostra Missione La nostra missione \u00e8 trasformare ogni occasione in un momento speciale attraverso la magia dei fiori. Crediamo che un bouquet possa dire pi\u00f9 di mille parole e lavoriamo instancabilmente per assicurarci che ogni consegna porti gioia, amore e bellezza. Cosa Offriamo? Fiori Freschi: Collaboriamo con i migliori fornitori locali per garantire che i nostri fiori siano sempre freschi e di alta qualit\u00e0. Consegna Rapida e Puntuale: Offriamo un servizio di consegna rapido e affidabile, con la possibilit\u00e0 di scegliere la fascia oraria che pi\u00f9 vi conviene. Ampia Selezione: Dalle rose classiche ai bouquet personalizzati, abbiamo una vasta gamma di opzioni per soddisfare ogni gusto e occasione. Assistenza Clienti: Il nostro team \u00e8 sempre a disposizione per assistervi nella scelta del bouquet perfetto e per garantire un'esperienza di acquisto senza intoppi. Perch\u00e9 Sceglierci? Qualit\u00e0 Garantita: Ogni bouquet \u00e8 realizzato con cura dai nostri esperti fioristi, garantendo che ogni composizione sia un'opera d'arte. Servizio Personalizzato: Che sia per un anniversario, un compleanno, una celebrazione o un momento di condoglianza, personalizziamo ogni ordine per rispondere alle vostre esigenze specifiche. Soddisfazione del Cliente: La vostra soddisfazione \u00e8 la nostra priorit\u00e0 assoluta. Facciamo tutto il possibile per assicurarci che ogni consegna superi le vostre aspettative.\",\"email\":\"amministrazione@floranixena.it\",\"telephone\":\"3806342394\",\"legalName\":\"Gaetano Votadoro\"}]}<\/script>\n<!-- \/ Yoast SEO Premium plugin. -->","yoast_head_json":{"title":"Ramo de 11 rosas inglesas - FloraNixena","description":"Pide online el rom\u00e1ntico ramo de 11 rosas inglesas antiguas, envueltas en papel kraft. Entrega a domicilio en toda Italia. Elegancia y delicadeza.","robots":{"index":"index","follow":"follow","max-snippet":"max-snippet:-1","max-image-preview":"max-image-preview:large","max-video-preview":"max-video-preview:-1"},"canonical":"https:\/\/floranixena.it\/es\/producto\/ramo-de-11-rosas-inglesas\/","og_locale":"es_ES","og_type":"article","og_title":"Ramo de 11 rosas inglesas","og_description":"11 Rosas inglesas color rosa antiguo  Envueltos en papel KRAFT elegante  Cinerea (verde decorativa)  Cinta rosa en la base Un ramo elegante y rom\u00e1ntico que se aparta de los cl\u00e1sicos, listo para ser entregado directamente a la casa de quien quieras sorprender. Entrega gratuita en este producto","og_url":"https:\/\/floranixena.it\/es\/producto\/ramo-de-11-rosas-inglesas\/","og_site_name":"FloraNixena - FloraNixena - Entrega de flores a domicilio","article_publisher":"https:\/\/www.facebook.com\/FloraNixena\/","article_modified_time":"2025-10-31T22:54:23+00:00","og_image":[{"width":1080,"height":1080,"url":"https:\/\/floranixena.it\/wp-content\/uploads\/2025\/09\/Bouquet-rose-inglesi-rosa-antico-con-carta-kraft.jpg","type":"image\/jpeg"}],"twitter_card":"summary_large_image","twitter_misc":{"Tiempo de lectura":"1 minuto"},"schema":{"@context":"https:\/\/schema.org","@graph":[{"@type":"WebPage","@id":"https:\/\/floranixena.it\/es\/producto\/ramo-de-11-rosas-inglesas\/","url":"https:\/\/floranixena.it\/es\/producto\/ramo-de-11-rosas-inglesas\/","name":"Ramo de 11 rosas inglesas - FloraNixena","isPartOf":{"@id":"https:\/\/floranixena.it\/es\/#website"},"primaryImageOfPage":{"@id":"https:\/\/floranixena.it\/es\/producto\/ramo-de-11-rosas-inglesas\/#primaryimage"},"image":{"@id":"https:\/\/floranixena.it\/es\/producto\/ramo-de-11-rosas-inglesas\/#primaryimage"},"thumbnailUrl":"https:\/\/floranixena.it\/wp-content\/uploads\/2025\/09\/Bouquet-rose-inglesi-rosa-antico-con-carta-kraft.jpg","datePublished":"2025-09-19T13:58:08+00:00","dateModified":"2025-10-31T22:54:23+00:00","description":"Pide online el rom\u00e1ntico ramo de 11 rosas inglesas antiguas, envueltas en papel kraft. Entrega a domicilio en toda Italia. Elegancia y delicadeza.","breadcrumb":{"@id":"https:\/\/floranixena.it\/es\/producto\/ramo-de-11-rosas-inglesas\/#breadcrumb"},"inLanguage":"es","potentialAction":[{"@type":"ReadAction","target":["https:\/\/floranixena.it\/es\/producto\/ramo-de-11-rosas-inglesas\/"]}]},{"@type":"ImageObject","inLanguage":"es","@id":"https:\/\/floranixena.it\/es\/producto\/ramo-de-11-rosas-inglesas\/#primaryimage","url":"https:\/\/floranixena.it\/wp-content\/uploads\/2025\/09\/Bouquet-rose-inglesi-rosa-antico-con-carta-kraft.jpg","contentUrl":"https:\/\/floranixena.it\/wp-content\/uploads\/2025\/09\/Bouquet-rose-inglesi-rosa-antico-con-carta-kraft.jpg","width":1080,"height":1080,"caption":"Ramo de 11 rosas inglesas rosa antiguo envuelto en papel kraft natural, con tallos visibles y composici\u00f3n frontal sobre fondo blanco. Elegancia atemporal para cada ocasi\u00f3n."},{"@type":"BreadcrumbList","@id":"https:\/\/floranixena.it\/es\/producto\/ramo-de-11-rosas-inglesas\/#breadcrumb","itemListElement":[{"@type":"ListItem","position":1,"name":"Home","item":"https:\/\/floranixena.it\/es\/"},{"@type":"ListItem","position":2,"name":"tienda","item":"https:\/\/floranixena.it\/es\/tienda\/"},{"@type":"ListItem","position":3,"name":"Ramo de 11 rosas inglesas"}]},{"@type":"WebSite","@id":"https:\/\/floranixena.it\/es\/#website","url":"https:\/\/floranixena.it\/es\/","name":"FloraNixena - Consegna fiori a domicilio in Italia","description":"Invia fiori che raccontano storie","publisher":{"@id":"https:\/\/floranixena.it\/es\/#organization"},"alternateName":"FloraNixena.it","potentialAction":[{"@type":"SearchAction","target":{"@type":"EntryPoint","urlTemplate":"https:\/\/floranixena.it\/es\/?s={search_term_string}"},"query-input":{"@type":"PropertyValueSpecification","valueRequired":true,"valueName":"search_term_string"}}],"inLanguage":"es"},{"@type":"Organization","@id":"https:\/\/floranixena.it\/es\/#organization","name":"FloraNixena.it - Consegna mazzi di fiori, bouquet e piante a domicilio","url":"https:\/\/floranixena.it\/es\/","logo":{"@type":"ImageObject","inLanguage":"es","@id":"https:\/\/floranixena.it\/es\/#\/schema\/logo\/image\/","url":"https:\/\/floranixena.it\/wp-content\/uploads\/2018\/11\/logo-fucsia.png","contentUrl":"https:\/\/floranixena.it\/wp-content\/uploads\/2018\/11\/logo-fucsia.png","width":315,"height":81,"caption":"FloraNixena.it - Consegna mazzi di fiori, bouquet e piante a domicilio"},"image":{"@id":"https:\/\/floranixena.it\/es\/#\/schema\/logo\/image\/"},"sameAs":["https:\/\/www.facebook.com\/FloraNixena\/","https:\/\/www.instagram.com\/floranixena.it\/","https:\/\/www.youtube.com\/channel\/UCAfCWXMBezO96jgPjiUgpkA"],"description":"Chi Siamo? FloraNixena \u00e8 il partner di fiducia per la consegna di fiori freschi a domicilio. Con anni di esperienza nel settore floreale, siamo dedicati a portare la bellezza e la freschezza dei fiori direttamente alla vostra porta. La Nostra Missione La nostra missione \u00e8 trasformare ogni occasione in un momento speciale attraverso la magia dei fiori. Crediamo che un bouquet possa dire pi\u00f9 di mille parole e lavoriamo instancabilmente per assicurarci che ogni consegna porti gioia, amore e bellezza. Cosa Offriamo? Fiori Freschi: Collaboriamo con i migliori fornitori locali per garantire che i nostri fiori siano sempre freschi e di alta qualit\u00e0. Consegna Rapida e Puntuale: Offriamo un servizio di consegna rapido e affidabile, con la possibilit\u00e0 di scegliere la fascia oraria che pi\u00f9 vi conviene. Ampia Selezione: Dalle rose classiche ai bouquet personalizzati, abbiamo una vasta gamma di opzioni per soddisfare ogni gusto e occasione. Assistenza Clienti: Il nostro team \u00e8 sempre a disposizione per assistervi nella scelta del bouquet perfetto e per garantire un'esperienza di acquisto senza intoppi. Perch\u00e9 Sceglierci? Qualit\u00e0 Garantita: Ogni bouquet \u00e8 realizzato con cura dai nostri esperti fioristi, garantendo che ogni composizione sia un'opera d'arte. Servizio Personalizzato: Che sia per un anniversario, un compleanno, una celebrazione o un momento di condoglianza, personalizziamo ogni ordine per rispondere alle vostre esigenze specifiche. Soddisfazione del Cliente: La vostra soddisfazione \u00e8 la nostra priorit\u00e0 assoluta. Facciamo tutto il possibile per assicurarci che ogni consegna superi le vostre aspettative.","email":"amministrazione@floranixena.it","telephone":"3806342394","legalName":"Gaetano Votadoro"}]}},"_links":{"self":[{"href":"https:\/\/floranixena.it\/es\/wp-json\/wp\/v2\/product\/19285","targetHints":{"allow":["GET"]}}],"collection":[{"href":"https:\/\/floranixena.it\/es\/wp-json\/wp\/v2\/product"}],"about":[{"href":"https:\/\/floranixena.it\/es\/wp-json\/wp\/v2\/types\/product"}],"replies":[{"embeddable":true,"href":"https:\/\/floranixena.it\/es\/wp-json\/wp\/v2\/comments?post=19285"}],"wp:featuredmedia":[{"embeddable":true,"href":"https:\/\/floranixena.it\/es\/wp-json\/wp\/v2\/media\/19170"}],"wp:attachment":[{"href":"https:\/\/floranixena.it\/es\/wp-json\/wp\/v2\/media?parent=19285"}],"wp:term":[{"taxonomy":"product_brand","embeddable":true,"href":"https:\/\/floranixena.it\/es\/wp-json\/wp\/v2\/product_brand?post=19285"},{"taxonomy":"product_cat","embeddable":true,"href":"https:\/\/floranixena.it\/es\/wp-json\/wp\/v2\/product_cat?post=19285"},{"taxonomy":"product_tag","embeddable":true,"href":"https:\/\/floranixena.it\/es\/wp-json\/wp\/v2\/product_tag?post=19285"}],"curies":[{"name":"wp","href":"https:\/\/api.w.org\/{rel}","templated":true}]}}