{"id":19260,"date":"2021-01-23T10:03:06","date_gmt":"2021-01-23T09:03:06","guid":{"rendered":"https:\/\/floranixena.it\/product\/la-tarjeta-que-canta\/"},"modified":"2025-09-22T12:14:38","modified_gmt":"2025-09-22T10:14:38","slug":"la-tarjeta-que-canta","status":"publish","type":"product","link":"https:\/\/floranixena.it\/es\/producto\/la-tarjeta-que-canta\/","title":{"rendered":"La tarjeta que canta"},"content":{"rendered":"<p><strong>LA NOTA QUE CANTA, REGALA UNA CANCI\u00d3N<\/strong><\/p>\n<p>Para sorprender a la persona que amas escoge \u00abEl Billete que canta\u00bb! \u00a1Una serenata 2.0! <\/p>\n<p>Con la entrega de las flores, el destinatario recibir\u00e1 una tarjeta impresa que contiene UN C\u00d3DIGO QR con una dedicatoria recitada y una canci\u00f3n de amor cantada en vivo, y el texto de su mensaje escrito (que insertar\u00e1 en la fase de compra).<\/p>\n<p><strong>\u00bfc\u00f3mo funciona?<\/strong><\/p>\n<p>Basta con enmarcar el QR CODE impreso en la tarjeta para escuchar la dedicatoria y la canci\u00f3n en vivo!<\/p>\n<p>&nbsp;<\/p>\n<p><strong>DETALLES DE LA SERENATA<\/strong><\/p>\n<p><strong>TEXTO DEL MENSAJE DE DEDICATORIA GRABADO ANTES DE LA CANCI\u00d3N: <\/strong><\/p>\n<p><em>\u00abEsta serenata cantada en vivo es para ti, porque las flores, como la m\u00fasica hablan el lenguaje universal que siempre sabe llegar al coraz\u00f3n, como la canci\u00f3n que he elegido para esta dedicatoria especial. \u00abShallow\u00bb de Lady Gaga que cuenta la belleza de los sentimientos m\u00e1s verdaderos y profundos. Te la dedico a ti.\u00bb<\/em><br \/>\n<em>Celebra el amor y sorprende a la persona que amas y ver brillar sus ojos es un privilegio y un regalo que tambi\u00e9n nos damos.<\/em><\/p>\n<p><strong>LA SERENATA 2.0 tendr\u00e1 una validez de 7 d\u00edas<br \/>\n<\/strong><\/p>\n<p><strong>CANCI\u00d3N EN VIVO:<\/strong><\/p>\n<p>Shallow &#8211; Lady Gaga &#8211; (<em>Cover live by Valentina Mey<\/em>)<\/p>\n","protected":false},"excerpt":{"rendered":"<ul style=\"text-align: right;\">\n<li style=\"text-align: left;\"><strong>Duraci\u00f3n<\/strong>: 1:20 min (4:00 min personalizados)<label><\/label><\/li>\n<li style=\"text-align: left;\"><strong>Tipolog\u00eda<\/strong>: M\u00fasica en vivo<\/li>\n<li style=\"text-align: left;\"><strong>Artista<\/strong>: Valentina Mey<\/li>\n<\/ul>\n<p><a href=\"https:\/\/qrco.de\/bbTxSd\">\u25b6\ufe0f REPRODUCE LA VISTA PREVIA<strong> https:\/\/qrco.de\/bbTxSd<\/strong><\/a><\/p>\n","protected":false},"featured_media":21408,"comment_status":"open","ping_status":"closed","template":"","meta":[],"product_brand":[],"product_cat":[4440],"product_tag":[5111],"class_list":{"0":"post-19260","1":"product","2":"type-product","3":"status-publish","4":"has-post-thumbnail","6":"product_cat-regalos","7":"product_tag-download-es","9":"first","10":"instock","11":"sale","12":"shipping-taxable","13":"purchasable","14":"product-type-variable"},"yoast_head":"<!-- This site is optimized with the Yoast SEO Premium plugin v27.4 (Yoast SEO v27.4) - https:\/\/yoast.com\/product\/yoast-seo-premium-wordpress\/ -->\n<title>LA NOTA QUE CANTA - Floranixena.it<\/title>\n<meta name=\"description\" content=\"Para sorprender a la persona que amas escoge &quot;La Tarjeta que canta&quot;! \u00a1Una tarjeta interactiva, una serenata 2.0!\" \/>\n<meta name=\"robots\" content=\"index, follow, max-snippet:-1, max-image-preview:large, max-video-preview:-1\" \/>\n<link rel=\"canonical\" href=\"https:\/\/floranixena.it\/es\/producto\/la-tarjeta-que-canta\/\" \/>\n<meta property=\"og:locale\" content=\"es_ES\" \/>\n<meta property=\"og:type\" content=\"article\" \/>\n<meta property=\"og:title\" content=\"La tarjeta que canta\" \/>\n<meta property=\"og:description\" content=\"Duraci\u00f3n: 1:20 min (4:00 min personalizados)  Tipolog\u00eda: M\u00fasica en vivo  Artista: Valentina Mey \u25b6\ufe0f REPRODUCE LA VISTA PREVIA https:\/\/qrco.de\/bbTxSd\" \/>\n<meta property=\"og:url\" content=\"https:\/\/floranixena.it\/es\/producto\/la-tarjeta-que-canta\/\" \/>\n<meta property=\"og:site_name\" content=\"FloraNixena - FloraNixena - Entrega de flores a domicilio\" \/>\n<meta property=\"article:publisher\" content=\"https:\/\/www.facebook.com\/FloraNixena\/\" \/>\n<meta property=\"article:modified_time\" content=\"2025-09-22T10:14:38+00:00\" \/>\n<meta property=\"og:image\" content=\"https:\/\/floranixena.it\/wp-content\/uploads\/2021\/01\/valentina.mey_-1.webp\" \/>\n\t<meta property=\"og:image:width\" content=\"649\" \/>\n\t<meta property=\"og:image:height\" content=\"647\" \/>\n\t<meta property=\"og:image:type\" content=\"image\/webp\" \/>\n<meta name=\"twitter:card\" content=\"summary_large_image\" \/>\n<meta name=\"twitter:label1\" content=\"Tiempo de lectura\" \/>\n\t<meta name=\"twitter:data1\" content=\"1 minuto\" \/>\n<script type=\"application\/ld+json\" class=\"yoast-schema-graph\">{\"@context\":\"https:\\\/\\\/schema.org\",\"@graph\":[{\"@type\":\"WebPage\",\"@id\":\"https:\\\/\\\/floranixena.it\\\/es\\\/producto\\\/la-tarjeta-que-canta\\\/\",\"url\":\"https:\\\/\\\/floranixena.it\\\/es\\\/producto\\\/la-tarjeta-que-canta\\\/\",\"name\":\"LA NOTA QUE CANTA - Floranixena.it\",\"isPartOf\":{\"@id\":\"https:\\\/\\\/floranixena.it\\\/es\\\/#website\"},\"primaryImageOfPage\":{\"@id\":\"https:\\\/\\\/floranixena.it\\\/es\\\/producto\\\/la-tarjeta-que-canta\\\/#primaryimage\"},\"image\":{\"@id\":\"https:\\\/\\\/floranixena.it\\\/es\\\/producto\\\/la-tarjeta-que-canta\\\/#primaryimage\"},\"thumbnailUrl\":\"https:\\\/\\\/floranixena.it\\\/wp-content\\\/uploads\\\/2021\\\/01\\\/valentina.mey_-1.webp\",\"datePublished\":\"2021-01-23T09:03:06+00:00\",\"dateModified\":\"2025-09-22T10:14:38+00:00\",\"description\":\"Para sorprender a la persona que amas escoge \\\"La Tarjeta que canta\\\"! \u00a1Una tarjeta interactiva, una serenata 2.0!\",\"breadcrumb\":{\"@id\":\"https:\\\/\\\/floranixena.it\\\/es\\\/producto\\\/la-tarjeta-que-canta\\\/#breadcrumb\"},\"inLanguage\":\"es\",\"potentialAction\":[{\"@type\":\"ReadAction\",\"target\":[\"https:\\\/\\\/floranixena.it\\\/es\\\/producto\\\/la-tarjeta-que-canta\\\/\"]}]},{\"@type\":\"ImageObject\",\"inLanguage\":\"es\",\"@id\":\"https:\\\/\\\/floranixena.it\\\/es\\\/producto\\\/la-tarjeta-que-canta\\\/#primaryimage\",\"url\":\"https:\\\/\\\/floranixena.it\\\/wp-content\\\/uploads\\\/2021\\\/01\\\/valentina.mey_-1.webp\",\"contentUrl\":\"https:\\\/\\\/floranixena.it\\\/wp-content\\\/uploads\\\/2021\\\/01\\\/valentina.mey_-1.webp\",\"width\":649,\"height\":647,\"caption\":\"Biglietto che canta\"},{\"@type\":\"BreadcrumbList\",\"@id\":\"https:\\\/\\\/floranixena.it\\\/es\\\/producto\\\/la-tarjeta-que-canta\\\/#breadcrumb\",\"itemListElement\":[{\"@type\":\"ListItem\",\"position\":1,\"name\":\"Home\",\"item\":\"https:\\\/\\\/floranixena.it\\\/es\\\/\"},{\"@type\":\"ListItem\",\"position\":2,\"name\":\"tienda\",\"item\":\"https:\\\/\\\/floranixena.it\\\/es\\\/tienda\\\/\"},{\"@type\":\"ListItem\",\"position\":3,\"name\":\"La tarjeta que canta\"}]},{\"@type\":\"WebSite\",\"@id\":\"https:\\\/\\\/floranixena.it\\\/es\\\/#website\",\"url\":\"https:\\\/\\\/floranixena.it\\\/es\\\/\",\"name\":\"FloraNixena - Consegna fiori a domicilio in Italia\",\"description\":\"Invia fiori che raccontano storie\",\"publisher\":{\"@id\":\"https:\\\/\\\/floranixena.it\\\/es\\\/#organization\"},\"alternateName\":\"FloraNixena.it\",\"potentialAction\":[{\"@type\":\"SearchAction\",\"target\":{\"@type\":\"EntryPoint\",\"urlTemplate\":\"https:\\\/\\\/floranixena.it\\\/es\\\/?s={search_term_string}\"},\"query-input\":{\"@type\":\"PropertyValueSpecification\",\"valueRequired\":true,\"valueName\":\"search_term_string\"}}],\"inLanguage\":\"es\"},{\"@type\":\"Organization\",\"@id\":\"https:\\\/\\\/floranixena.it\\\/es\\\/#organization\",\"name\":\"FloraNixena.it - Consegna mazzi di fiori, bouquet e piante a domicilio\",\"url\":\"https:\\\/\\\/floranixena.it\\\/es\\\/\",\"logo\":{\"@type\":\"ImageObject\",\"inLanguage\":\"es\",\"@id\":\"https:\\\/\\\/floranixena.it\\\/es\\\/#\\\/schema\\\/logo\\\/image\\\/\",\"url\":\"https:\\\/\\\/floranixena.it\\\/wp-content\\\/uploads\\\/2018\\\/11\\\/logo-fucsia.png\",\"contentUrl\":\"https:\\\/\\\/floranixena.it\\\/wp-content\\\/uploads\\\/2018\\\/11\\\/logo-fucsia.png\",\"width\":315,\"height\":81,\"caption\":\"FloraNixena.it - Consegna mazzi di fiori, bouquet e piante a domicilio\"},\"image\":{\"@id\":\"https:\\\/\\\/floranixena.it\\\/es\\\/#\\\/schema\\\/logo\\\/image\\\/\"},\"sameAs\":[\"https:\\\/\\\/www.facebook.com\\\/FloraNixena\\\/\",\"https:\\\/\\\/www.instagram.com\\\/floranixena.it\\\/\",\"https:\\\/\\\/www.youtube.com\\\/channel\\\/UCAfCWXMBezO96jgPjiUgpkA\"],\"description\":\"Chi Siamo? FloraNixena \u00e8 il partner di fiducia per la consegna di fiori freschi a domicilio. Con anni di esperienza nel settore floreale, siamo dedicati a portare la bellezza e la freschezza dei fiori direttamente alla vostra porta. La Nostra Missione La nostra missione \u00e8 trasformare ogni occasione in un momento speciale attraverso la magia dei fiori. Crediamo che un bouquet possa dire pi\u00f9 di mille parole e lavoriamo instancabilmente per assicurarci che ogni consegna porti gioia, amore e bellezza. Cosa Offriamo? Fiori Freschi: Collaboriamo con i migliori fornitori locali per garantire che i nostri fiori siano sempre freschi e di alta qualit\u00e0. Consegna Rapida e Puntuale: Offriamo un servizio di consegna rapido e affidabile, con la possibilit\u00e0 di scegliere la fascia oraria che pi\u00f9 vi conviene. Ampia Selezione: Dalle rose classiche ai bouquet personalizzati, abbiamo una vasta gamma di opzioni per soddisfare ogni gusto e occasione. Assistenza Clienti: Il nostro team \u00e8 sempre a disposizione per assistervi nella scelta del bouquet perfetto e per garantire un'esperienza di acquisto senza intoppi. Perch\u00e9 Sceglierci? Qualit\u00e0 Garantita: Ogni bouquet \u00e8 realizzato con cura dai nostri esperti fioristi, garantendo che ogni composizione sia un'opera d'arte. Servizio Personalizzato: Che sia per un anniversario, un compleanno, una celebrazione o un momento di condoglianza, personalizziamo ogni ordine per rispondere alle vostre esigenze specifiche. Soddisfazione del Cliente: La vostra soddisfazione \u00e8 la nostra priorit\u00e0 assoluta. Facciamo tutto il possibile per assicurarci che ogni consegna superi le vostre aspettative.\",\"email\":\"amministrazione@floranixena.it\",\"telephone\":\"3806342394\",\"legalName\":\"Gaetano Votadoro\"}]}<\/script>\n<!-- \/ Yoast SEO Premium plugin. -->","yoast_head_json":{"title":"LA NOTA QUE CANTA - Floranixena.it","description":"Para sorprender a la persona que amas escoge \"La Tarjeta que canta\"! \u00a1Una tarjeta interactiva, una serenata 2.0!","robots":{"index":"index","follow":"follow","max-snippet":"max-snippet:-1","max-image-preview":"max-image-preview:large","max-video-preview":"max-video-preview:-1"},"canonical":"https:\/\/floranixena.it\/es\/producto\/la-tarjeta-que-canta\/","og_locale":"es_ES","og_type":"article","og_title":"La tarjeta que canta","og_description":"Duraci\u00f3n: 1:20 min (4:00 min personalizados)  Tipolog\u00eda: M\u00fasica en vivo  Artista: Valentina Mey \u25b6\ufe0f REPRODUCE LA VISTA PREVIA https:\/\/qrco.de\/bbTxSd","og_url":"https:\/\/floranixena.it\/es\/producto\/la-tarjeta-que-canta\/","og_site_name":"FloraNixena - FloraNixena - Entrega de flores a domicilio","article_publisher":"https:\/\/www.facebook.com\/FloraNixena\/","article_modified_time":"2025-09-22T10:14:38+00:00","og_image":[{"width":649,"height":647,"url":"https:\/\/floranixena.it\/wp-content\/uploads\/2021\/01\/valentina.mey_-1.webp","type":"image\/webp"}],"twitter_card":"summary_large_image","twitter_misc":{"Tiempo de lectura":"1 minuto"},"schema":{"@context":"https:\/\/schema.org","@graph":[{"@type":"WebPage","@id":"https:\/\/floranixena.it\/es\/producto\/la-tarjeta-que-canta\/","url":"https:\/\/floranixena.it\/es\/producto\/la-tarjeta-que-canta\/","name":"LA NOTA QUE CANTA - Floranixena.it","isPartOf":{"@id":"https:\/\/floranixena.it\/es\/#website"},"primaryImageOfPage":{"@id":"https:\/\/floranixena.it\/es\/producto\/la-tarjeta-que-canta\/#primaryimage"},"image":{"@id":"https:\/\/floranixena.it\/es\/producto\/la-tarjeta-que-canta\/#primaryimage"},"thumbnailUrl":"https:\/\/floranixena.it\/wp-content\/uploads\/2021\/01\/valentina.mey_-1.webp","datePublished":"2021-01-23T09:03:06+00:00","dateModified":"2025-09-22T10:14:38+00:00","description":"Para sorprender a la persona que amas escoge \"La Tarjeta que canta\"! \u00a1Una tarjeta interactiva, una serenata 2.0!","breadcrumb":{"@id":"https:\/\/floranixena.it\/es\/producto\/la-tarjeta-que-canta\/#breadcrumb"},"inLanguage":"es","potentialAction":[{"@type":"ReadAction","target":["https:\/\/floranixena.it\/es\/producto\/la-tarjeta-que-canta\/"]}]},{"@type":"ImageObject","inLanguage":"es","@id":"https:\/\/floranixena.it\/es\/producto\/la-tarjeta-que-canta\/#primaryimage","url":"https:\/\/floranixena.it\/wp-content\/uploads\/2021\/01\/valentina.mey_-1.webp","contentUrl":"https:\/\/floranixena.it\/wp-content\/uploads\/2021\/01\/valentina.mey_-1.webp","width":649,"height":647,"caption":"Biglietto che canta"},{"@type":"BreadcrumbList","@id":"https:\/\/floranixena.it\/es\/producto\/la-tarjeta-que-canta\/#breadcrumb","itemListElement":[{"@type":"ListItem","position":1,"name":"Home","item":"https:\/\/floranixena.it\/es\/"},{"@type":"ListItem","position":2,"name":"tienda","item":"https:\/\/floranixena.it\/es\/tienda\/"},{"@type":"ListItem","position":3,"name":"La tarjeta que canta"}]},{"@type":"WebSite","@id":"https:\/\/floranixena.it\/es\/#website","url":"https:\/\/floranixena.it\/es\/","name":"FloraNixena - Consegna fiori a domicilio in Italia","description":"Invia fiori che raccontano storie","publisher":{"@id":"https:\/\/floranixena.it\/es\/#organization"},"alternateName":"FloraNixena.it","potentialAction":[{"@type":"SearchAction","target":{"@type":"EntryPoint","urlTemplate":"https:\/\/floranixena.it\/es\/?s={search_term_string}"},"query-input":{"@type":"PropertyValueSpecification","valueRequired":true,"valueName":"search_term_string"}}],"inLanguage":"es"},{"@type":"Organization","@id":"https:\/\/floranixena.it\/es\/#organization","name":"FloraNixena.it - Consegna mazzi di fiori, bouquet e piante a domicilio","url":"https:\/\/floranixena.it\/es\/","logo":{"@type":"ImageObject","inLanguage":"es","@id":"https:\/\/floranixena.it\/es\/#\/schema\/logo\/image\/","url":"https:\/\/floranixena.it\/wp-content\/uploads\/2018\/11\/logo-fucsia.png","contentUrl":"https:\/\/floranixena.it\/wp-content\/uploads\/2018\/11\/logo-fucsia.png","width":315,"height":81,"caption":"FloraNixena.it - Consegna mazzi di fiori, bouquet e piante a domicilio"},"image":{"@id":"https:\/\/floranixena.it\/es\/#\/schema\/logo\/image\/"},"sameAs":["https:\/\/www.facebook.com\/FloraNixena\/","https:\/\/www.instagram.com\/floranixena.it\/","https:\/\/www.youtube.com\/channel\/UCAfCWXMBezO96jgPjiUgpkA"],"description":"Chi Siamo? FloraNixena \u00e8 il partner di fiducia per la consegna di fiori freschi a domicilio. Con anni di esperienza nel settore floreale, siamo dedicati a portare la bellezza e la freschezza dei fiori direttamente alla vostra porta. La Nostra Missione La nostra missione \u00e8 trasformare ogni occasione in un momento speciale attraverso la magia dei fiori. Crediamo che un bouquet possa dire pi\u00f9 di mille parole e lavoriamo instancabilmente per assicurarci che ogni consegna porti gioia, amore e bellezza. Cosa Offriamo? Fiori Freschi: Collaboriamo con i migliori fornitori locali per garantire che i nostri fiori siano sempre freschi e di alta qualit\u00e0. Consegna Rapida e Puntuale: Offriamo un servizio di consegna rapido e affidabile, con la possibilit\u00e0 di scegliere la fascia oraria che pi\u00f9 vi conviene. Ampia Selezione: Dalle rose classiche ai bouquet personalizzati, abbiamo una vasta gamma di opzioni per soddisfare ogni gusto e occasione. Assistenza Clienti: Il nostro team \u00e8 sempre a disposizione per assistervi nella scelta del bouquet perfetto e per garantire un'esperienza di acquisto senza intoppi. Perch\u00e9 Sceglierci? Qualit\u00e0 Garantita: Ogni bouquet \u00e8 realizzato con cura dai nostri esperti fioristi, garantendo che ogni composizione sia un'opera d'arte. Servizio Personalizzato: Che sia per un anniversario, un compleanno, una celebrazione o un momento di condoglianza, personalizziamo ogni ordine per rispondere alle vostre esigenze specifiche. Soddisfazione del Cliente: La vostra soddisfazione \u00e8 la nostra priorit\u00e0 assoluta. Facciamo tutto il possibile per assicurarci che ogni consegna superi le vostre aspettative.","email":"amministrazione@floranixena.it","telephone":"3806342394","legalName":"Gaetano Votadoro"}]}},"_links":{"self":[{"href":"https:\/\/floranixena.it\/es\/wp-json\/wp\/v2\/product\/19260","targetHints":{"allow":["GET"]}}],"collection":[{"href":"https:\/\/floranixena.it\/es\/wp-json\/wp\/v2\/product"}],"about":[{"href":"https:\/\/floranixena.it\/es\/wp-json\/wp\/v2\/types\/product"}],"replies":[{"embeddable":true,"href":"https:\/\/floranixena.it\/es\/wp-json\/wp\/v2\/comments?post=19260"}],"wp:featuredmedia":[{"embeddable":true,"href":"https:\/\/floranixena.it\/es\/wp-json\/wp\/v2\/media\/21408"}],"wp:attachment":[{"href":"https:\/\/floranixena.it\/es\/wp-json\/wp\/v2\/media?parent=19260"}],"wp:term":[{"taxonomy":"product_brand","embeddable":true,"href":"https:\/\/floranixena.it\/es\/wp-json\/wp\/v2\/product_brand?post=19260"},{"taxonomy":"product_cat","embeddable":true,"href":"https:\/\/floranixena.it\/es\/wp-json\/wp\/v2\/product_cat?post=19260"},{"taxonomy":"product_tag","embeddable":true,"href":"https:\/\/floranixena.it\/es\/wp-json\/wp\/v2\/product_tag?post=19260"}],"curies":[{"name":"wp","href":"https:\/\/api.w.org\/{rel}","templated":true}]}}