{"id":19255,"date":"2026-01-05T14:00:36","date_gmt":"2026-01-05T13:00:36","guid":{"rendered":"https:\/\/floranixena.it\/product\/ramo-de-tulipanes-purpura\/"},"modified":"2021-01-25T17:30:36","modified_gmt":"2021-01-25T16:30:36","slug":"ramo-de-tulipanes-purpura","status":"publish","type":"product","link":"https:\/\/floranixena.it\/es\/producto\/ramo-de-tulipanes-purpura\/","title":{"rendered":"Ramo de tulipanes p\u00farpura"},"content":{"rendered":"<p><strong><em>\u00abSum\u00e9rgete en el encanto de un magn\u00edfico ramo de tulipanes violetas<\/em><\/strong> que explota de colores, donde los tonos vibrantes y envolventes del morado se funden en una armon\u00eda irresistible. Esta colecci\u00f3n de tulipanes p\u00farpuras es un verdadero espect\u00e1culo para los ojos y un regalo precioso para el alma. <\/p>\n<p>Cada <a href=\"https:\/\/tulipark.it\/shop\/categoria-prodotto\/bulbi-e-sementi-da-fiore-online\/bulbi-da-fiore\/bulbi-di-tulipano\/\" target=\"_blank\" rel=\"noopener\"><strong>tulip\u00e1n<\/strong><\/a>, con su elegancia atemporal y su delicadeza, cuenta una historia de belleza y esperanza. Sus corolas perfectamente formadas, sus tallos esbeltos y sus p\u00e9talos suaves como terciopelo cautivan la mirada y raptan el coraz\u00f3n de quien los observa. <\/p>\n<p>Este ramo exclusivo es el regalo perfecto para los <strong><a href=\"https:\/\/floranixena.it\/es\/catalog\/flores-para-eventos\/\" target=\"_blank\" rel=\"noopener\">amantes de las flores<\/a><\/strong>, especialmente para aquellos que aprecian la gracia y la majestuosidad de los tulipanes p\u00farpuras. Cada flor es una obra de arte de la naturaleza, una expresi\u00f3n de belleza pura y <a href=\"https:\/\/floranixena.it\/es\/catalog\/para-nuevas-revelaciones\/\" target=\"_blank\" rel=\"noopener\"><strong>amor atemporal.<\/strong><\/a> <\/p>\n<p>Puedes enviar este delicioso <a href=\"https:\/\/floranixena.it\/es\/prodotto\/ramo-de-tulipanes-coloridos\/\" target=\"_blank\" rel=\"noopener\"><strong>ramo <\/strong><\/a>para celebrar un cumplea\u00f1os inminente, para expresar gratitud o simplemente para envolver de alegr\u00eda y amor a la persona que te importa. Cada tulip\u00e1n, con su perfume envolvente y su elegancia atemporal, transmite un mensaje de afecto y aprecio, creando una atm\u00f3sfera de serenidad y alegr\u00eda en todos los ambientes. <\/p>\n<p>Ya sea un gesto espont\u00e1neo de afecto o un homenaje pensado con cuidado, est<a href=\"https:\/\/floranixena.it\/es\/prodotto\/ramo-de-tulipanes-coloridos\/\" target=\"_blank\" rel=\"noopener\"><strong>e ramo de tulipanes<\/strong><\/a> morados ser\u00e1 siempre un s\u00edmbolo de amor y gratitud, capaz de iluminar los d\u00edas m\u00e1s grises y de llevar una sonrisa a los labios de quien lo recibe. Cada p\u00e9talo, con su belleza \u00fanica y su fragancia envolvente, encierra un mundo de emociones y significados profundos, haciendo que cada instante sea un momento inolvidable de alegr\u00eda y felicidad.\u00bb <\/p>\n","protected":false},"excerpt":{"rendered":"<ul>\n<li>Tulipanes p\u00farpuras (elegir tama\u00f1o en el men\u00fa desplegable)<\/li>\n<li>Cuidadosamente empaquetados<\/li>\n<\/ul>\n<p>Jarr\u00f3n no incluido<\/p>\n","protected":false},"featured_media":19256,"comment_status":"open","ping_status":"closed","template":"","meta":[],"product_brand":[],"product_cat":[4329,4362,4330,4327,4333,4340,4339,4341,4328,4334,4397,4325,4322,4319,4458],"product_tag":[4459],"class_list":{"0":"post-19255","1":"product","2":"type-product","3":"status-publish","4":"has-post-thumbnail","6":"product_cat-amigo","7":"product_cat-como-admirador-secreto","8":"product_cat-dia-de-la-madre","9":"product_cat-dia-de-la-mujer","10":"product_cat-felicitaciones","11":"product_cat-flores-de-invierno","12":"product_cat-flores-de-otono","13":"product_cat-flores-de-primavera","14":"product_cat-onomastico-es","15":"product_cat-para-agradecer-a-alguien","16":"product_cat-para-parejas-gay","17":"product_cat-para-un-colega","18":"product_cat-para-un-hombre","19":"product_cat-pascua","20":"product_cat-tulipanes","21":"product_tag-tulipanes","23":"first","24":"instock","25":"shipping-taxable","26":"purchasable","27":"product-type-variable","28":"has-default-attributes"},"yoast_head":"<!-- This site is optimized with the Yoast SEO Premium plugin v27.4 (Yoast SEO v27.4) - https:\/\/yoast.com\/product\/yoast-seo-premium-wordpress\/ -->\n<title>Ramo de tulipanes p\u00farpura - FloraNixena - FloraNixena - Entrega de flores a domicilio<\/title>\n<meta name=\"description\" content=\"Estos tulipanes p\u00farpuras realmente hermosos, que explotan de fantas\u00eda con floraciones lujosas, seguramente har\u00e1n felices a alguien especial.\" \/>\n<meta name=\"robots\" content=\"index, follow, max-snippet:-1, max-image-preview:large, max-video-preview:-1\" \/>\n<link rel=\"canonical\" href=\"https:\/\/floranixena.it\/es\/producto\/ramo-de-tulipanes-purpura\/\" \/>\n<meta property=\"og:locale\" content=\"es_ES\" \/>\n<meta property=\"og:type\" content=\"article\" \/>\n<meta property=\"og:title\" content=\"Ramo de tulipanes p\u00farpura\" \/>\n<meta property=\"og:description\" content=\"Tulipanes p\u00farpuras (elegir tama\u00f1o en el men\u00fa desplegable)  Cuidadosamente empaquetados Jarr\u00f3n no incluido\" \/>\n<meta property=\"og:url\" content=\"https:\/\/floranixena.it\/es\/producto\/ramo-de-tulipanes-purpura\/\" \/>\n<meta property=\"og:site_name\" content=\"FloraNixena - FloraNixena - Entrega de flores a domicilio\" \/>\n<meta property=\"article:publisher\" content=\"https:\/\/www.facebook.com\/FloraNixena\/\" \/>\n<meta property=\"og:image\" content=\"https:\/\/floranixena.it\/wp-content\/uploads\/2019\/01\/Mazzo-di-tulipani-viola-da-inviare-a-roma-milano-per-ogni-occasione.jpg\" \/>\n\t<meta property=\"og:image:width\" content=\"800\" \/>\n\t<meta property=\"og:image:height\" content=\"800\" \/>\n\t<meta property=\"og:image:type\" content=\"image\/jpeg\" \/>\n<meta name=\"twitter:card\" content=\"summary_large_image\" \/>\n<meta name=\"twitter:label1\" content=\"Tiempo de lectura\" \/>\n\t<meta name=\"twitter:data1\" content=\"1 minuto\" \/>\n<script type=\"application\/ld+json\" class=\"yoast-schema-graph\">{\"@context\":\"https:\\\/\\\/schema.org\",\"@graph\":[{\"@type\":\"WebPage\",\"@id\":\"https:\\\/\\\/floranixena.it\\\/es\\\/producto\\\/ramo-de-tulipanes-purpura\\\/\",\"url\":\"https:\\\/\\\/floranixena.it\\\/es\\\/producto\\\/ramo-de-tulipanes-purpura\\\/\",\"name\":\"Ramo de tulipanes p\u00farpura - FloraNixena - FloraNixena - Entrega de flores a domicilio\",\"isPartOf\":{\"@id\":\"https:\\\/\\\/floranixena.it\\\/es\\\/#website\"},\"primaryImageOfPage\":{\"@id\":\"https:\\\/\\\/floranixena.it\\\/es\\\/producto\\\/ramo-de-tulipanes-purpura\\\/#primaryimage\"},\"image\":{\"@id\":\"https:\\\/\\\/floranixena.it\\\/es\\\/producto\\\/ramo-de-tulipanes-purpura\\\/#primaryimage\"},\"thumbnailUrl\":\"https:\\\/\\\/floranixena.it\\\/wp-content\\\/uploads\\\/2019\\\/01\\\/Mazzo-di-tulipani-viola-da-inviare-a-roma-milano-per-ogni-occasione.jpg\",\"datePublished\":\"2026-01-05T13:00:36+00:00\",\"description\":\"Estos tulipanes p\u00farpuras realmente hermosos, que explotan de fantas\u00eda con floraciones lujosas, seguramente har\u00e1n felices a alguien especial.\",\"breadcrumb\":{\"@id\":\"https:\\\/\\\/floranixena.it\\\/es\\\/producto\\\/ramo-de-tulipanes-purpura\\\/#breadcrumb\"},\"inLanguage\":\"es\",\"potentialAction\":[{\"@type\":\"ReadAction\",\"target\":[\"https:\\\/\\\/floranixena.it\\\/es\\\/producto\\\/ramo-de-tulipanes-purpura\\\/\"]}]},{\"@type\":\"ImageObject\",\"inLanguage\":\"es\",\"@id\":\"https:\\\/\\\/floranixena.it\\\/es\\\/producto\\\/ramo-de-tulipanes-purpura\\\/#primaryimage\",\"url\":\"https:\\\/\\\/floranixena.it\\\/wp-content\\\/uploads\\\/2019\\\/01\\\/Mazzo-di-tulipani-viola-da-inviare-a-roma-milano-per-ogni-occasione.jpg\",\"contentUrl\":\"https:\\\/\\\/floranixena.it\\\/wp-content\\\/uploads\\\/2019\\\/01\\\/Mazzo-di-tulipani-viola-da-inviare-a-roma-milano-per-ogni-occasione.jpg\",\"width\":800,\"height\":800,\"caption\":\"Composizione di tulipani viola\"},{\"@type\":\"BreadcrumbList\",\"@id\":\"https:\\\/\\\/floranixena.it\\\/es\\\/producto\\\/ramo-de-tulipanes-purpura\\\/#breadcrumb\",\"itemListElement\":[{\"@type\":\"ListItem\",\"position\":1,\"name\":\"Home\",\"item\":\"https:\\\/\\\/floranixena.it\\\/es\\\/\"},{\"@type\":\"ListItem\",\"position\":2,\"name\":\"tienda\",\"item\":\"https:\\\/\\\/floranixena.it\\\/es\\\/tienda\\\/\"},{\"@type\":\"ListItem\",\"position\":3,\"name\":\"Ramo de tulipanes p\u00farpura\"}]},{\"@type\":\"WebSite\",\"@id\":\"https:\\\/\\\/floranixena.it\\\/es\\\/#website\",\"url\":\"https:\\\/\\\/floranixena.it\\\/es\\\/\",\"name\":\"FloraNixena - Consegna fiori a domicilio in Italia\",\"description\":\"Invia fiori che raccontano storie\",\"publisher\":{\"@id\":\"https:\\\/\\\/floranixena.it\\\/es\\\/#organization\"},\"alternateName\":\"FloraNixena.it\",\"potentialAction\":[{\"@type\":\"SearchAction\",\"target\":{\"@type\":\"EntryPoint\",\"urlTemplate\":\"https:\\\/\\\/floranixena.it\\\/es\\\/?s={search_term_string}\"},\"query-input\":{\"@type\":\"PropertyValueSpecification\",\"valueRequired\":true,\"valueName\":\"search_term_string\"}}],\"inLanguage\":\"es\"},{\"@type\":\"Organization\",\"@id\":\"https:\\\/\\\/floranixena.it\\\/es\\\/#organization\",\"name\":\"FloraNixena.it - Consegna mazzi di fiori, bouquet e piante a domicilio\",\"url\":\"https:\\\/\\\/floranixena.it\\\/es\\\/\",\"logo\":{\"@type\":\"ImageObject\",\"inLanguage\":\"es\",\"@id\":\"https:\\\/\\\/floranixena.it\\\/es\\\/#\\\/schema\\\/logo\\\/image\\\/\",\"url\":\"https:\\\/\\\/floranixena.it\\\/wp-content\\\/uploads\\\/2018\\\/11\\\/logo-fucsia.png\",\"contentUrl\":\"https:\\\/\\\/floranixena.it\\\/wp-content\\\/uploads\\\/2018\\\/11\\\/logo-fucsia.png\",\"width\":315,\"height\":81,\"caption\":\"FloraNixena.it - Consegna mazzi di fiori, bouquet e piante a domicilio\"},\"image\":{\"@id\":\"https:\\\/\\\/floranixena.it\\\/es\\\/#\\\/schema\\\/logo\\\/image\\\/\"},\"sameAs\":[\"https:\\\/\\\/www.facebook.com\\\/FloraNixena\\\/\",\"https:\\\/\\\/www.instagram.com\\\/floranixena.it\\\/\",\"https:\\\/\\\/www.youtube.com\\\/channel\\\/UCAfCWXMBezO96jgPjiUgpkA\"],\"description\":\"Chi Siamo? FloraNixena \u00e8 il partner di fiducia per la consegna di fiori freschi a domicilio. Con anni di esperienza nel settore floreale, siamo dedicati a portare la bellezza e la freschezza dei fiori direttamente alla vostra porta. La Nostra Missione La nostra missione \u00e8 trasformare ogni occasione in un momento speciale attraverso la magia dei fiori. Crediamo che un bouquet possa dire pi\u00f9 di mille parole e lavoriamo instancabilmente per assicurarci che ogni consegna porti gioia, amore e bellezza. Cosa Offriamo? Fiori Freschi: Collaboriamo con i migliori fornitori locali per garantire che i nostri fiori siano sempre freschi e di alta qualit\u00e0. Consegna Rapida e Puntuale: Offriamo un servizio di consegna rapido e affidabile, con la possibilit\u00e0 di scegliere la fascia oraria che pi\u00f9 vi conviene. Ampia Selezione: Dalle rose classiche ai bouquet personalizzati, abbiamo una vasta gamma di opzioni per soddisfare ogni gusto e occasione. Assistenza Clienti: Il nostro team \u00e8 sempre a disposizione per assistervi nella scelta del bouquet perfetto e per garantire un'esperienza di acquisto senza intoppi. Perch\u00e9 Sceglierci? Qualit\u00e0 Garantita: Ogni bouquet \u00e8 realizzato con cura dai nostri esperti fioristi, garantendo che ogni composizione sia un'opera d'arte. Servizio Personalizzato: Che sia per un anniversario, un compleanno, una celebrazione o un momento di condoglianza, personalizziamo ogni ordine per rispondere alle vostre esigenze specifiche. Soddisfazione del Cliente: La vostra soddisfazione \u00e8 la nostra priorit\u00e0 assoluta. Facciamo tutto il possibile per assicurarci che ogni consegna superi le vostre aspettative.\",\"email\":\"amministrazione@floranixena.it\",\"telephone\":\"3806342394\",\"legalName\":\"Gaetano Votadoro\"}]}<\/script>\n<!-- \/ Yoast SEO Premium plugin. -->","yoast_head_json":{"title":"Ramo de tulipanes p\u00farpura - FloraNixena - FloraNixena - Entrega de flores a domicilio","description":"Estos tulipanes p\u00farpuras realmente hermosos, que explotan de fantas\u00eda con floraciones lujosas, seguramente har\u00e1n felices a alguien especial.","robots":{"index":"index","follow":"follow","max-snippet":"max-snippet:-1","max-image-preview":"max-image-preview:large","max-video-preview":"max-video-preview:-1"},"canonical":"https:\/\/floranixena.it\/es\/producto\/ramo-de-tulipanes-purpura\/","og_locale":"es_ES","og_type":"article","og_title":"Ramo de tulipanes p\u00farpura","og_description":"Tulipanes p\u00farpuras (elegir tama\u00f1o en el men\u00fa desplegable)  Cuidadosamente empaquetados Jarr\u00f3n no incluido","og_url":"https:\/\/floranixena.it\/es\/producto\/ramo-de-tulipanes-purpura\/","og_site_name":"FloraNixena - FloraNixena - Entrega de flores a domicilio","article_publisher":"https:\/\/www.facebook.com\/FloraNixena\/","og_image":[{"width":800,"height":800,"url":"https:\/\/floranixena.it\/wp-content\/uploads\/2019\/01\/Mazzo-di-tulipani-viola-da-inviare-a-roma-milano-per-ogni-occasione.jpg","type":"image\/jpeg"}],"twitter_card":"summary_large_image","twitter_misc":{"Tiempo de lectura":"1 minuto"},"schema":{"@context":"https:\/\/schema.org","@graph":[{"@type":"WebPage","@id":"https:\/\/floranixena.it\/es\/producto\/ramo-de-tulipanes-purpura\/","url":"https:\/\/floranixena.it\/es\/producto\/ramo-de-tulipanes-purpura\/","name":"Ramo de tulipanes p\u00farpura - FloraNixena - FloraNixena - Entrega de flores a domicilio","isPartOf":{"@id":"https:\/\/floranixena.it\/es\/#website"},"primaryImageOfPage":{"@id":"https:\/\/floranixena.it\/es\/producto\/ramo-de-tulipanes-purpura\/#primaryimage"},"image":{"@id":"https:\/\/floranixena.it\/es\/producto\/ramo-de-tulipanes-purpura\/#primaryimage"},"thumbnailUrl":"https:\/\/floranixena.it\/wp-content\/uploads\/2019\/01\/Mazzo-di-tulipani-viola-da-inviare-a-roma-milano-per-ogni-occasione.jpg","datePublished":"2026-01-05T13:00:36+00:00","description":"Estos tulipanes p\u00farpuras realmente hermosos, que explotan de fantas\u00eda con floraciones lujosas, seguramente har\u00e1n felices a alguien especial.","breadcrumb":{"@id":"https:\/\/floranixena.it\/es\/producto\/ramo-de-tulipanes-purpura\/#breadcrumb"},"inLanguage":"es","potentialAction":[{"@type":"ReadAction","target":["https:\/\/floranixena.it\/es\/producto\/ramo-de-tulipanes-purpura\/"]}]},{"@type":"ImageObject","inLanguage":"es","@id":"https:\/\/floranixena.it\/es\/producto\/ramo-de-tulipanes-purpura\/#primaryimage","url":"https:\/\/floranixena.it\/wp-content\/uploads\/2019\/01\/Mazzo-di-tulipani-viola-da-inviare-a-roma-milano-per-ogni-occasione.jpg","contentUrl":"https:\/\/floranixena.it\/wp-content\/uploads\/2019\/01\/Mazzo-di-tulipani-viola-da-inviare-a-roma-milano-per-ogni-occasione.jpg","width":800,"height":800,"caption":"Composizione di tulipani viola"},{"@type":"BreadcrumbList","@id":"https:\/\/floranixena.it\/es\/producto\/ramo-de-tulipanes-purpura\/#breadcrumb","itemListElement":[{"@type":"ListItem","position":1,"name":"Home","item":"https:\/\/floranixena.it\/es\/"},{"@type":"ListItem","position":2,"name":"tienda","item":"https:\/\/floranixena.it\/es\/tienda\/"},{"@type":"ListItem","position":3,"name":"Ramo de tulipanes p\u00farpura"}]},{"@type":"WebSite","@id":"https:\/\/floranixena.it\/es\/#website","url":"https:\/\/floranixena.it\/es\/","name":"FloraNixena - Consegna fiori a domicilio in Italia","description":"Invia fiori che raccontano storie","publisher":{"@id":"https:\/\/floranixena.it\/es\/#organization"},"alternateName":"FloraNixena.it","potentialAction":[{"@type":"SearchAction","target":{"@type":"EntryPoint","urlTemplate":"https:\/\/floranixena.it\/es\/?s={search_term_string}"},"query-input":{"@type":"PropertyValueSpecification","valueRequired":true,"valueName":"search_term_string"}}],"inLanguage":"es"},{"@type":"Organization","@id":"https:\/\/floranixena.it\/es\/#organization","name":"FloraNixena.it - Consegna mazzi di fiori, bouquet e piante a domicilio","url":"https:\/\/floranixena.it\/es\/","logo":{"@type":"ImageObject","inLanguage":"es","@id":"https:\/\/floranixena.it\/es\/#\/schema\/logo\/image\/","url":"https:\/\/floranixena.it\/wp-content\/uploads\/2018\/11\/logo-fucsia.png","contentUrl":"https:\/\/floranixena.it\/wp-content\/uploads\/2018\/11\/logo-fucsia.png","width":315,"height":81,"caption":"FloraNixena.it - Consegna mazzi di fiori, bouquet e piante a domicilio"},"image":{"@id":"https:\/\/floranixena.it\/es\/#\/schema\/logo\/image\/"},"sameAs":["https:\/\/www.facebook.com\/FloraNixena\/","https:\/\/www.instagram.com\/floranixena.it\/","https:\/\/www.youtube.com\/channel\/UCAfCWXMBezO96jgPjiUgpkA"],"description":"Chi Siamo? FloraNixena \u00e8 il partner di fiducia per la consegna di fiori freschi a domicilio. Con anni di esperienza nel settore floreale, siamo dedicati a portare la bellezza e la freschezza dei fiori direttamente alla vostra porta. La Nostra Missione La nostra missione \u00e8 trasformare ogni occasione in un momento speciale attraverso la magia dei fiori. Crediamo che un bouquet possa dire pi\u00f9 di mille parole e lavoriamo instancabilmente per assicurarci che ogni consegna porti gioia, amore e bellezza. Cosa Offriamo? Fiori Freschi: Collaboriamo con i migliori fornitori locali per garantire che i nostri fiori siano sempre freschi e di alta qualit\u00e0. Consegna Rapida e Puntuale: Offriamo un servizio di consegna rapido e affidabile, con la possibilit\u00e0 di scegliere la fascia oraria che pi\u00f9 vi conviene. Ampia Selezione: Dalle rose classiche ai bouquet personalizzati, abbiamo una vasta gamma di opzioni per soddisfare ogni gusto e occasione. Assistenza Clienti: Il nostro team \u00e8 sempre a disposizione per assistervi nella scelta del bouquet perfetto e per garantire un'esperienza di acquisto senza intoppi. Perch\u00e9 Sceglierci? Qualit\u00e0 Garantita: Ogni bouquet \u00e8 realizzato con cura dai nostri esperti fioristi, garantendo che ogni composizione sia un'opera d'arte. Servizio Personalizzato: Che sia per un anniversario, un compleanno, una celebrazione o un momento di condoglianza, personalizziamo ogni ordine per rispondere alle vostre esigenze specifiche. Soddisfazione del Cliente: La vostra soddisfazione \u00e8 la nostra priorit\u00e0 assoluta. Facciamo tutto il possibile per assicurarci che ogni consegna superi le vostre aspettative.","email":"amministrazione@floranixena.it","telephone":"3806342394","legalName":"Gaetano Votadoro"}]}},"_links":{"self":[{"href":"https:\/\/floranixena.it\/es\/wp-json\/wp\/v2\/product\/19255","targetHints":{"allow":["GET"]}}],"collection":[{"href":"https:\/\/floranixena.it\/es\/wp-json\/wp\/v2\/product"}],"about":[{"href":"https:\/\/floranixena.it\/es\/wp-json\/wp\/v2\/types\/product"}],"replies":[{"embeddable":true,"href":"https:\/\/floranixena.it\/es\/wp-json\/wp\/v2\/comments?post=19255"}],"wp:featuredmedia":[{"embeddable":true,"href":"https:\/\/floranixena.it\/es\/wp-json\/wp\/v2\/media\/19256"}],"wp:attachment":[{"href":"https:\/\/floranixena.it\/es\/wp-json\/wp\/v2\/media?parent=19255"}],"wp:term":[{"taxonomy":"product_brand","embeddable":true,"href":"https:\/\/floranixena.it\/es\/wp-json\/wp\/v2\/product_brand?post=19255"},{"taxonomy":"product_cat","embeddable":true,"href":"https:\/\/floranixena.it\/es\/wp-json\/wp\/v2\/product_cat?post=19255"},{"taxonomy":"product_tag","embeddable":true,"href":"https:\/\/floranixena.it\/es\/wp-json\/wp\/v2\/product_tag?post=19255"}],"curies":[{"name":"wp","href":"https:\/\/api.w.org\/{rel}","templated":true}]}}