{"id":19222,"date":"2021-08-27T16:09:21","date_gmt":"2021-08-27T14:09:21","guid":{"rendered":"https:\/\/floranixena.it\/product\/vivir\/"},"modified":"2021-08-27T16:09:21","modified_gmt":"2021-08-27T14:09:21","slug":"vivir","status":"publish","type":"product","link":"https:\/\/floranixena.it\/es\/producto\/vivir\/","title":{"rendered":"vivir"},"content":{"rendered":"<h1>Hermoso <em><strong>ramo colorido de gerberas mixtas y rosas rojas<\/strong><\/em><\/h1>\n<p>pensado para celebrar el amor, la alegr\u00eda y la alegr\u00eda. Los gerberas, con su vibrante variedad de colores y significados simb\u00f3licos, representan una demostraci\u00f3n de inocencia y vitalidad, llevando consigo un aura de felicidad y optimismo. Junto a las gerberas, las rosas rojas a\u00f1aden un toque de romanticismo y elegancia al ramo, representando la cl\u00e1sica flor del amor y la pasi\u00f3n. La combinaci\u00f3n de estas dos variedades florales crea una armoniosa sinfon\u00eda de colores y significados, ideal para celebrar una experiencia \u00fanica o para sorprender y deleitar a su ser querido.   <\/p>\n<p>Cada color de <a href=\"https:\/\/floranixena.it\/es\/prodotto\/lisianthus-y-gerberas\/\" target=\"_blank\" rel=\"noopener\"><strong>gerbera <\/strong><\/a>transmite un mensaje \u00fanico: el rojo simboliza la pasi\u00f3n y el amor ardiente, el amarillo expresa alegr\u00eda y amistad, mientras que el rosa evoca sentimientos de ternura y gratitud.<\/p>\n<p>La entrega de este extraordinario ramo de rosas, gerberas, hip\u00e9rico y orqu\u00eddea blanca tambi\u00e9n puede tener lugar en el mismo d\u00eda, gracias a nuestro eficiente servicio de entrega en toda Italia. Con FloraNixena, la mejor florister\u00eda online con entrega a domicilio, puedes pedir ramos y ramos de gerberas y rosas en unos pocos clics y hacerlos llegar directamente a las manos de la<a href=\"https:\/\/floranixena.it\/es\/catalog\/vip-es\/\" target=\"_blank\" rel=\"noopener\"><strong> persona especial.<\/strong><\/a> <\/p>\n<p>Elige <a href=\"https:\/\/floranixena.it\/es\/\" target=\"_blank\" rel=\"noopener\"><strong>FloraNixena <\/strong><\/a>para convertir cada ocasi\u00f3n en un momento inolvidable, gracias a la belleza y frescura de nuestras flores y a la profesionalidad de nuestro equipo. Conf\u00ede en nosotros para crear y entregar un regalo floral que deja una huella duradera en el coraz\u00f3n de quien lo recibe, regalando emociones que duran para siempre. <\/p>\n<p><strong>Pide ahora<\/strong> y d\u00e9jate sorprender por la magia de nuestros ramos de gerberas y rosas, que convertir\u00e1n cada momento en una experiencia floral.<\/p>\n","protected":false},"excerpt":{"rendered":"<ul>\n<li>8 Gerberas mezcladas<\/li>\n<li>4 rosas rojas<\/li>\n<li>Hypericum rojo<\/li>\n<li>Horchidea blancas<\/li>\n<li>hojas decorativas<\/li>\n<\/ul>\n<p>Jarr\u00f3n no incluido<\/p>\n","protected":false},"featured_media":18596,"comment_status":"open","ping_status":"closed","template":"","meta":[],"product_brand":[],"product_cat":[4356,4349,4374,4357,4329,4316,4342,4330,4335,4333,4350,4354,4340,4339,4341,4338,4315,4337,4352,4328,4318,4533,4334,4320,4321,4323,4326,4397,4324,4325,4322,4319,4336,4353],"product_tag":[4432,4424,4559,4421,4343],"class_list":{"0":"post-19222","1":"product","2":"type-product","3":"status-publish","4":"has-post-thumbnail","6":"product_cat-25-aniversario-boda-de-plata","7":"product_cat-30-aniversario-boda-de-perlas","8":"product_cat-40-aniversario-boda-de-esmeralda","9":"product_cat-50-aniversario-bodas-de-oro","10":"product_cat-amigo","11":"product_cat-compleanno-es","12":"product_cat-decimoctavo-cumpleanos","13":"product_cat-dia-de-la-madre","14":"product_cat-disculpa","15":"product_cat-felicitaciones","16":"product_cat-fiesta-del-papa","17":"product_cat-fiori-di-stagione","18":"product_cat-flores-de-invierno","19":"product_cat-flores-de-otono","20":"product_cat-flores-de-primavera","21":"product_cat-flores-de-verano","22":"product_cat-flores-para-eventos","23":"product_cat-gerberas-es","24":"product_cat-nacimientos","25":"product_cat-onomastico-es","26":"product_cat-oportunidad","27":"product_cat-orquidea","28":"product_cat-para-agradecer-a-alguien","29":"product_cat-para-la-hermana","30":"product_cat-para-los-abuelos","31":"product_cat-para-los-tios","32":"product_cat-para-mama","33":"product_cat-para-parejas-gay","34":"product_cat-para-un-amigo","35":"product_cat-para-un-colega","36":"product_cat-para-un-hombre","37":"product_cat-pascua","38":"product_cat-rosas","39":"product_cat-son-gemelos","40":"product_tag-gerberas-es-2","41":"product_tag-iris-es","42":"product_tag-lisianthus-es","43":"product_tag-ramo","44":"product_tag-rosas-rojas","46":"first","47":"instock","48":"sale","49":"shipping-taxable","50":"purchasable","51":"product-type-simple"},"yoast_head":"<!-- This site is optimized with the Yoast SEO Premium plugin v27.5 (Yoast SEO v27.5) - https:\/\/yoast.com\/product\/yoast-seo-premium-wordpress\/ -->\n<title>Composici\u00f3n de Gerberas mixtas y rosas - FloraNixena - FloraNixena - Entrega de flores a domicilio<\/title>\n<meta name=\"description\" content=\"Expresa amor y refinamiento con nuestro ramo de rosas, gerberas, orqu\u00eddeas e hip\u00e9rico. Pide ahora para regalar una experiencia floral inolvidable.\" \/>\n<meta name=\"robots\" content=\"index, follow, max-snippet:-1, max-image-preview:large, max-video-preview:-1\" \/>\n<link rel=\"canonical\" href=\"https:\/\/floranixena.it\/es\/producto\/vivir\/\" \/>\n<meta property=\"og:locale\" content=\"es_ES\" \/>\n<meta property=\"og:type\" content=\"article\" \/>\n<meta property=\"og:title\" content=\"vivir\" \/>\n<meta property=\"og:description\" content=\"8 Gerberas mezcladas  4 rosas rojas  Hypericum rojo  Horchidea blancas  hojas decorativas Jarr\u00f3n no incluido\" \/>\n<meta property=\"og:url\" content=\"https:\/\/floranixena.it\/es\/producto\/vivir\/\" \/>\n<meta property=\"og:site_name\" content=\"FloraNixena - FloraNixena - Entrega de flores a domicilio\" \/>\n<meta property=\"article:publisher\" content=\"https:\/\/www.facebook.com\/FloraNixena\/\" \/>\n<meta property=\"og:image\" content=\"https:\/\/floranixena.it\/wp-content\/uploads\/2021\/08\/Bouquet-di-gerbere-rose-e-hypericum-consegna-a-fiori-a-domicilio-floranixena.jpg\" \/>\n\t<meta property=\"og:image:width\" content=\"800\" \/>\n\t<meta property=\"og:image:height\" content=\"800\" \/>\n\t<meta property=\"og:image:type\" content=\"image\/jpeg\" \/>\n<meta name=\"twitter:card\" content=\"summary_large_image\" \/>\n<meta name=\"twitter:label1\" content=\"Tiempo de lectura\" \/>\n\t<meta name=\"twitter:data1\" content=\"1 minuto\" \/>\n<script type=\"application\/ld+json\" class=\"yoast-schema-graph\">{\"@context\":\"https:\\\/\\\/schema.org\",\"@graph\":[{\"@type\":\"WebPage\",\"@id\":\"https:\\\/\\\/floranixena.it\\\/es\\\/producto\\\/vivir\\\/\",\"url\":\"https:\\\/\\\/floranixena.it\\\/es\\\/producto\\\/vivir\\\/\",\"name\":\"Composici\u00f3n de Gerberas mixtas y rosas - FloraNixena - FloraNixena - Entrega de flores a domicilio\",\"isPartOf\":{\"@id\":\"https:\\\/\\\/floranixena.it\\\/es\\\/#website\"},\"primaryImageOfPage\":{\"@id\":\"https:\\\/\\\/floranixena.it\\\/es\\\/producto\\\/vivir\\\/#primaryimage\"},\"image\":{\"@id\":\"https:\\\/\\\/floranixena.it\\\/es\\\/producto\\\/vivir\\\/#primaryimage\"},\"thumbnailUrl\":\"https:\\\/\\\/floranixena.it\\\/wp-content\\\/uploads\\\/2021\\\/08\\\/Bouquet-di-gerbere-rose-e-hypericum-consegna-a-fiori-a-domicilio-floranixena.jpg\",\"datePublished\":\"2021-08-27T14:09:21+00:00\",\"description\":\"Expresa amor y refinamiento con nuestro ramo de rosas, gerberas, orqu\u00eddeas e hip\u00e9rico. Pide ahora para regalar una experiencia floral inolvidable.\",\"breadcrumb\":{\"@id\":\"https:\\\/\\\/floranixena.it\\\/es\\\/producto\\\/vivir\\\/#breadcrumb\"},\"inLanguage\":\"es\",\"potentialAction\":[{\"@type\":\"ReadAction\",\"target\":[\"https:\\\/\\\/floranixena.it\\\/es\\\/producto\\\/vivir\\\/\"]}]},{\"@type\":\"ImageObject\",\"inLanguage\":\"es\",\"@id\":\"https:\\\/\\\/floranixena.it\\\/es\\\/producto\\\/vivir\\\/#primaryimage\",\"url\":\"https:\\\/\\\/floranixena.it\\\/wp-content\\\/uploads\\\/2021\\\/08\\\/Bouquet-di-gerbere-rose-e-hypericum-consegna-a-fiori-a-domicilio-floranixena.jpg\",\"contentUrl\":\"https:\\\/\\\/floranixena.it\\\/wp-content\\\/uploads\\\/2021\\\/08\\\/Bouquet-di-gerbere-rose-e-hypericum-consegna-a-fiori-a-domicilio-floranixena.jpg\",\"width\":800,\"height\":800,\"caption\":\"Un himno a la alegr\u00eda y la belleza: el ramo que enciende todas las emociones.\"},{\"@type\":\"BreadcrumbList\",\"@id\":\"https:\\\/\\\/floranixena.it\\\/es\\\/producto\\\/vivir\\\/#breadcrumb\",\"itemListElement\":[{\"@type\":\"ListItem\",\"position\":1,\"name\":\"Home\",\"item\":\"https:\\\/\\\/floranixena.it\\\/es\\\/\"},{\"@type\":\"ListItem\",\"position\":2,\"name\":\"tienda\",\"item\":\"https:\\\/\\\/floranixena.it\\\/es\\\/tienda\\\/\"},{\"@type\":\"ListItem\",\"position\":3,\"name\":\"vivir\"}]},{\"@type\":\"WebSite\",\"@id\":\"https:\\\/\\\/floranixena.it\\\/es\\\/#website\",\"url\":\"https:\\\/\\\/floranixena.it\\\/es\\\/\",\"name\":\"FloraNixena - Consegna fiori a domicilio in Italia\",\"description\":\"Invia fiori che raccontano storie\",\"publisher\":{\"@id\":\"https:\\\/\\\/floranixena.it\\\/es\\\/#organization\"},\"alternateName\":\"FloraNixena.it\",\"potentialAction\":[{\"@type\":\"SearchAction\",\"target\":{\"@type\":\"EntryPoint\",\"urlTemplate\":\"https:\\\/\\\/floranixena.it\\\/es\\\/?s={search_term_string}\"},\"query-input\":{\"@type\":\"PropertyValueSpecification\",\"valueRequired\":true,\"valueName\":\"search_term_string\"}}],\"inLanguage\":\"es\"},{\"@type\":\"Organization\",\"@id\":\"https:\\\/\\\/floranixena.it\\\/es\\\/#organization\",\"name\":\"FloraNixena.it - Consegna mazzi di fiori, bouquet e piante a domicilio\",\"url\":\"https:\\\/\\\/floranixena.it\\\/es\\\/\",\"logo\":{\"@type\":\"ImageObject\",\"inLanguage\":\"es\",\"@id\":\"https:\\\/\\\/floranixena.it\\\/es\\\/#\\\/schema\\\/logo\\\/image\\\/\",\"url\":\"https:\\\/\\\/floranixena.it\\\/wp-content\\\/uploads\\\/2018\\\/11\\\/logo-fucsia.png\",\"contentUrl\":\"https:\\\/\\\/floranixena.it\\\/wp-content\\\/uploads\\\/2018\\\/11\\\/logo-fucsia.png\",\"width\":315,\"height\":81,\"caption\":\"FloraNixena.it - Consegna mazzi di fiori, bouquet e piante a domicilio\"},\"image\":{\"@id\":\"https:\\\/\\\/floranixena.it\\\/es\\\/#\\\/schema\\\/logo\\\/image\\\/\"},\"sameAs\":[\"https:\\\/\\\/www.facebook.com\\\/FloraNixena\\\/\",\"https:\\\/\\\/www.instagram.com\\\/floranixena.it\\\/\",\"https:\\\/\\\/www.youtube.com\\\/channel\\\/UCAfCWXMBezO96jgPjiUgpkA\"],\"description\":\"Chi Siamo? FloraNixena \u00e8 il partner di fiducia per la consegna di fiori freschi a domicilio. Con anni di esperienza nel settore floreale, siamo dedicati a portare la bellezza e la freschezza dei fiori direttamente alla vostra porta. La Nostra Missione La nostra missione \u00e8 trasformare ogni occasione in un momento speciale attraverso la magia dei fiori. Crediamo che un bouquet possa dire pi\u00f9 di mille parole e lavoriamo instancabilmente per assicurarci che ogni consegna porti gioia, amore e bellezza. Cosa Offriamo? Fiori Freschi: Collaboriamo con i migliori fornitori locali per garantire che i nostri fiori siano sempre freschi e di alta qualit\u00e0. Consegna Rapida e Puntuale: Offriamo un servizio di consegna rapido e affidabile, con la possibilit\u00e0 di scegliere la fascia oraria che pi\u00f9 vi conviene. Ampia Selezione: Dalle rose classiche ai bouquet personalizzati, abbiamo una vasta gamma di opzioni per soddisfare ogni gusto e occasione. Assistenza Clienti: Il nostro team \u00e8 sempre a disposizione per assistervi nella scelta del bouquet perfetto e per garantire un'esperienza di acquisto senza intoppi. Perch\u00e9 Sceglierci? Qualit\u00e0 Garantita: Ogni bouquet \u00e8 realizzato con cura dai nostri esperti fioristi, garantendo che ogni composizione sia un'opera d'arte. Servizio Personalizzato: Che sia per un anniversario, un compleanno, una celebrazione o un momento di condoglianza, personalizziamo ogni ordine per rispondere alle vostre esigenze specifiche. Soddisfazione del Cliente: La vostra soddisfazione \u00e8 la nostra priorit\u00e0 assoluta. Facciamo tutto il possibile per assicurarci che ogni consegna superi le vostre aspettative.\",\"email\":\"amministrazione@floranixena.it\",\"telephone\":\"3806342394\",\"legalName\":\"Gaetano Votadoro\"}]}<\/script>\n<!-- \/ Yoast SEO Premium plugin. -->","yoast_head_json":{"title":"Composici\u00f3n de Gerberas mixtas y rosas - FloraNixena - FloraNixena - Entrega de flores a domicilio","description":"Expresa amor y refinamiento con nuestro ramo de rosas, gerberas, orqu\u00eddeas e hip\u00e9rico. Pide ahora para regalar una experiencia floral inolvidable.","robots":{"index":"index","follow":"follow","max-snippet":"max-snippet:-1","max-image-preview":"max-image-preview:large","max-video-preview":"max-video-preview:-1"},"canonical":"https:\/\/floranixena.it\/es\/producto\/vivir\/","og_locale":"es_ES","og_type":"article","og_title":"vivir","og_description":"8 Gerberas mezcladas  4 rosas rojas  Hypericum rojo  Horchidea blancas  hojas decorativas Jarr\u00f3n no incluido","og_url":"https:\/\/floranixena.it\/es\/producto\/vivir\/","og_site_name":"FloraNixena - FloraNixena - Entrega de flores a domicilio","article_publisher":"https:\/\/www.facebook.com\/FloraNixena\/","og_image":[{"width":800,"height":800,"url":"https:\/\/floranixena.it\/wp-content\/uploads\/2021\/08\/Bouquet-di-gerbere-rose-e-hypericum-consegna-a-fiori-a-domicilio-floranixena.jpg","type":"image\/jpeg"}],"twitter_card":"summary_large_image","twitter_misc":{"Tiempo de lectura":"1 minuto"},"schema":{"@context":"https:\/\/schema.org","@graph":[{"@type":"WebPage","@id":"https:\/\/floranixena.it\/es\/producto\/vivir\/","url":"https:\/\/floranixena.it\/es\/producto\/vivir\/","name":"Composici\u00f3n de Gerberas mixtas y rosas - FloraNixena - FloraNixena - Entrega de flores a domicilio","isPartOf":{"@id":"https:\/\/floranixena.it\/es\/#website"},"primaryImageOfPage":{"@id":"https:\/\/floranixena.it\/es\/producto\/vivir\/#primaryimage"},"image":{"@id":"https:\/\/floranixena.it\/es\/producto\/vivir\/#primaryimage"},"thumbnailUrl":"https:\/\/floranixena.it\/wp-content\/uploads\/2021\/08\/Bouquet-di-gerbere-rose-e-hypericum-consegna-a-fiori-a-domicilio-floranixena.jpg","datePublished":"2021-08-27T14:09:21+00:00","description":"Expresa amor y refinamiento con nuestro ramo de rosas, gerberas, orqu\u00eddeas e hip\u00e9rico. Pide ahora para regalar una experiencia floral inolvidable.","breadcrumb":{"@id":"https:\/\/floranixena.it\/es\/producto\/vivir\/#breadcrumb"},"inLanguage":"es","potentialAction":[{"@type":"ReadAction","target":["https:\/\/floranixena.it\/es\/producto\/vivir\/"]}]},{"@type":"ImageObject","inLanguage":"es","@id":"https:\/\/floranixena.it\/es\/producto\/vivir\/#primaryimage","url":"https:\/\/floranixena.it\/wp-content\/uploads\/2021\/08\/Bouquet-di-gerbere-rose-e-hypericum-consegna-a-fiori-a-domicilio-floranixena.jpg","contentUrl":"https:\/\/floranixena.it\/wp-content\/uploads\/2021\/08\/Bouquet-di-gerbere-rose-e-hypericum-consegna-a-fiori-a-domicilio-floranixena.jpg","width":800,"height":800,"caption":"Un himno a la alegr\u00eda y la belleza: el ramo que enciende todas las emociones."},{"@type":"BreadcrumbList","@id":"https:\/\/floranixena.it\/es\/producto\/vivir\/#breadcrumb","itemListElement":[{"@type":"ListItem","position":1,"name":"Home","item":"https:\/\/floranixena.it\/es\/"},{"@type":"ListItem","position":2,"name":"tienda","item":"https:\/\/floranixena.it\/es\/tienda\/"},{"@type":"ListItem","position":3,"name":"vivir"}]},{"@type":"WebSite","@id":"https:\/\/floranixena.it\/es\/#website","url":"https:\/\/floranixena.it\/es\/","name":"FloraNixena - Consegna fiori a domicilio in Italia","description":"Invia fiori che raccontano storie","publisher":{"@id":"https:\/\/floranixena.it\/es\/#organization"},"alternateName":"FloraNixena.it","potentialAction":[{"@type":"SearchAction","target":{"@type":"EntryPoint","urlTemplate":"https:\/\/floranixena.it\/es\/?s={search_term_string}"},"query-input":{"@type":"PropertyValueSpecification","valueRequired":true,"valueName":"search_term_string"}}],"inLanguage":"es"},{"@type":"Organization","@id":"https:\/\/floranixena.it\/es\/#organization","name":"FloraNixena.it - Consegna mazzi di fiori, bouquet e piante a domicilio","url":"https:\/\/floranixena.it\/es\/","logo":{"@type":"ImageObject","inLanguage":"es","@id":"https:\/\/floranixena.it\/es\/#\/schema\/logo\/image\/","url":"https:\/\/floranixena.it\/wp-content\/uploads\/2018\/11\/logo-fucsia.png","contentUrl":"https:\/\/floranixena.it\/wp-content\/uploads\/2018\/11\/logo-fucsia.png","width":315,"height":81,"caption":"FloraNixena.it - Consegna mazzi di fiori, bouquet e piante a domicilio"},"image":{"@id":"https:\/\/floranixena.it\/es\/#\/schema\/logo\/image\/"},"sameAs":["https:\/\/www.facebook.com\/FloraNixena\/","https:\/\/www.instagram.com\/floranixena.it\/","https:\/\/www.youtube.com\/channel\/UCAfCWXMBezO96jgPjiUgpkA"],"description":"Chi Siamo? FloraNixena \u00e8 il partner di fiducia per la consegna di fiori freschi a domicilio. Con anni di esperienza nel settore floreale, siamo dedicati a portare la bellezza e la freschezza dei fiori direttamente alla vostra porta. La Nostra Missione La nostra missione \u00e8 trasformare ogni occasione in un momento speciale attraverso la magia dei fiori. Crediamo che un bouquet possa dire pi\u00f9 di mille parole e lavoriamo instancabilmente per assicurarci che ogni consegna porti gioia, amore e bellezza. Cosa Offriamo? Fiori Freschi: Collaboriamo con i migliori fornitori locali per garantire che i nostri fiori siano sempre freschi e di alta qualit\u00e0. Consegna Rapida e Puntuale: Offriamo un servizio di consegna rapido e affidabile, con la possibilit\u00e0 di scegliere la fascia oraria che pi\u00f9 vi conviene. Ampia Selezione: Dalle rose classiche ai bouquet personalizzati, abbiamo una vasta gamma di opzioni per soddisfare ogni gusto e occasione. Assistenza Clienti: Il nostro team \u00e8 sempre a disposizione per assistervi nella scelta del bouquet perfetto e per garantire un'esperienza di acquisto senza intoppi. Perch\u00e9 Sceglierci? Qualit\u00e0 Garantita: Ogni bouquet \u00e8 realizzato con cura dai nostri esperti fioristi, garantendo che ogni composizione sia un'opera d'arte. Servizio Personalizzato: Che sia per un anniversario, un compleanno, una celebrazione o un momento di condoglianza, personalizziamo ogni ordine per rispondere alle vostre esigenze specifiche. Soddisfazione del Cliente: La vostra soddisfazione \u00e8 la nostra priorit\u00e0 assoluta. Facciamo tutto il possibile per assicurarci che ogni consegna superi le vostre aspettative.","email":"amministrazione@floranixena.it","telephone":"3806342394","legalName":"Gaetano Votadoro"}]}},"_links":{"self":[{"href":"https:\/\/floranixena.it\/es\/wp-json\/wp\/v2\/product\/19222","targetHints":{"allow":["GET"]}}],"collection":[{"href":"https:\/\/floranixena.it\/es\/wp-json\/wp\/v2\/product"}],"about":[{"href":"https:\/\/floranixena.it\/es\/wp-json\/wp\/v2\/types\/product"}],"replies":[{"embeddable":true,"href":"https:\/\/floranixena.it\/es\/wp-json\/wp\/v2\/comments?post=19222"}],"wp:featuredmedia":[{"embeddable":true,"href":"https:\/\/floranixena.it\/es\/wp-json\/wp\/v2\/media\/18596"}],"wp:attachment":[{"href":"https:\/\/floranixena.it\/es\/wp-json\/wp\/v2\/media?parent=19222"}],"wp:term":[{"taxonomy":"product_brand","embeddable":true,"href":"https:\/\/floranixena.it\/es\/wp-json\/wp\/v2\/product_brand?post=19222"},{"taxonomy":"product_cat","embeddable":true,"href":"https:\/\/floranixena.it\/es\/wp-json\/wp\/v2\/product_cat?post=19222"},{"taxonomy":"product_tag","embeddable":true,"href":"https:\/\/floranixena.it\/es\/wp-json\/wp\/v2\/product_tag?post=19222"}],"curies":[{"name":"wp","href":"https:\/\/api.w.org\/{rel}","templated":true}]}}