{"id":19219,"date":"2021-12-03T10:34:38","date_gmt":"2021-12-03T09:34:38","guid":{"rendered":"https:\/\/floranixena.it\/product\/ramo-de-navidad-de-tulipanes\/"},"modified":"2021-12-03T10:34:38","modified_gmt":"2021-12-03T09:34:38","slug":"ramo-de-navidad-de-tulipanes","status":"publish","type":"product","link":"https:\/\/floranixena.it\/es\/producto\/ramo-de-navidad-de-tulipanes\/","title":{"rendered":"Ramo de Navidad de tulipanes"},"content":{"rendered":"<p>El ramo navide\u00f1o de tulipanes rojos y blancos es una opci\u00f3n encantadora para sorprender y deleitar al amante de los <a href=\"https:\/\/tulipark.it\/shop\/\" target=\"_blank\" rel=\"noopener\">tulipanes<\/a> durante las vacaciones navide\u00f1as. Este ramo transmite calidez y alegr\u00eda gracias a sus radiantes tulipanes, combinando el cl\u00e1sico rojo navide\u00f1o con la blancura del blanco, creando una armoniosa explosi\u00f3n de colores que refleja el esp\u00edritu festivo de la temporada. <\/p>\n<p>Cada tulip\u00e1n, con su elegante forma de campana y los p\u00e9talos suaves y aterciopelados, transmite un mensaje de amor, gratitud y admiraci\u00f3n. La combinaci\u00f3n de tulipanes rojos y blancos a\u00f1ade un toque de elegancia y refinamiento a la composici\u00f3n, mientras que las ramas de pino y los palitos dan un toque de naturaleza y tradici\u00f3n navide\u00f1a, creando un ambiente acogedor y festivo. <\/p>\n<p>Este ramo es perfecto para decorar la casa durante las fiestas, a\u00f1adiendo un toque de color y vivacidad a cada rinc\u00f3n. Se puede colocar en la mesa del comedor como un centro de mesa evocador, o utilizado para decorar la chimenea o la entrada, dando la bienvenida a los invitados con su encanto navide\u00f1o. <\/p>\n<p>Adem\u00e1s, este ramo de tulipanes navide\u00f1o es el regalo ideal para los verdaderos amantes de las flores y para aquellos que aprecian la belleza y frescura de las composiciones florales. Ya sea un amigo, una madre o una compa\u00f1era de trabajo, este ramo ser\u00e1 apreciado y recordado por su belleza y originalidad. <\/p>\n<p>Conf\u00eda en nosotros para entregar este hermoso ramo directamente en las manos de tu ser querido, haciendo que su Navidad sea a\u00fan m\u00e1s especial e inolvidable. Con nuestro ramo navide\u00f1o de tulipanes rojos y blancos, celebra la <a href=\"https:\/\/floranixena.it\/es\/catalog\/navidad\/\" target=\"_blank\" rel=\"noopener\">Navidad <\/a>con estilo y sofisticaci\u00f3n, regalando emociones que durar\u00e1n para siempre. <\/p>\n","protected":false},"excerpt":{"rendered":"<ul>\n<li>10 Tulipanes rojos<\/li>\n<li>10 Tulipanes blancos<\/li>\n<li>Decoraci\u00f3n navide\u00f1a con objetos cl\u00e1sicos de Navidad como palos de pl\u00e1stico &#8211; caramelo (sujeto a disponibilidad)<\/li>\n<li>Pino seco.<\/li>\n<\/ul>\n<p>Jarr\u00f3n no incluido<\/p>\n","protected":false},"featured_media":19220,"comment_status":"open","ping_status":"closed","template":"","meta":[],"product_brand":[],"product_cat":[4327,4365,4458],"product_tag":[4472,4459],"class_list":{"0":"post-19219","1":"product","2":"type-product","3":"status-publish","4":"has-post-thumbnail","6":"product_cat-dia-de-la-mujer","7":"product_cat-navidad","8":"product_cat-tulipanes","9":"product_tag-navidad","10":"product_tag-tulipanes","12":"first","13":"instock","14":"sale","15":"shipping-taxable","16":"purchasable","17":"product-type-simple"},"yoast_head":"<!-- This site is optimized with the Yoast SEO Premium plugin v27.5 (Yoast SEO v27.5) - https:\/\/yoast.com\/product\/yoast-seo-premium-wordpress\/ -->\n<title>Ramo de tulipanes de Navidad - FloraNixena - FloraNixena - Entrega de flores a domicilio<\/title>\n<meta name=\"description\" content=\"Regala un ramo con tulipanes rojos y blancos, adornados con cl\u00e1sicos objetos navide\u00f1os como los bastones de pl\u00e1stico - caramelo y pino seco.\" \/>\n<meta name=\"robots\" content=\"index, follow, max-snippet:-1, max-image-preview:large, max-video-preview:-1\" \/>\n<link rel=\"canonical\" href=\"https:\/\/floranixena.it\/es\/producto\/ramo-de-navidad-de-tulipanes\/\" \/>\n<meta property=\"og:locale\" content=\"es_ES\" \/>\n<meta property=\"og:type\" content=\"article\" \/>\n<meta property=\"og:title\" content=\"Ramo de Navidad de tulipanes\" \/>\n<meta property=\"og:description\" content=\"10 Tulipanes rojos  10 Tulipanes blancos  Decoraci\u00f3n navide\u00f1a con objetos cl\u00e1sicos de Navidad como palos de pl\u00e1stico - caramelo (sujeto a disponibilidad)  Pino seco. Jarr\u00f3n no incluido\" \/>\n<meta property=\"og:url\" content=\"https:\/\/floranixena.it\/es\/producto\/ramo-de-navidad-de-tulipanes\/\" \/>\n<meta property=\"og:site_name\" content=\"FloraNixena - FloraNixena - Entrega de flores a domicilio\" \/>\n<meta property=\"article:publisher\" content=\"https:\/\/www.facebook.com\/FloraNixena\/\" \/>\n<meta property=\"og:image\" content=\"https:\/\/floranixena.it\/wp-content\/uploads\/2018\/12\/bouquet-di-tulipani-rossi-e-bianchi-natalizi-con-da-inviare-a-domicilio-per-natale-e-santo-stefano-augurando-buone-feste-ai-tuoi-amici-e-parenti-pi\u00f9-cari.jpg\" \/>\n\t<meta property=\"og:image:width\" content=\"800\" \/>\n\t<meta property=\"og:image:height\" content=\"800\" \/>\n\t<meta property=\"og:image:type\" content=\"image\/jpeg\" \/>\n<meta name=\"twitter:card\" content=\"summary_large_image\" \/>\n<meta name=\"twitter:label1\" content=\"Tiempo de lectura\" \/>\n\t<meta name=\"twitter:data1\" content=\"2 minuto\" \/>\n<script type=\"application\/ld+json\" class=\"yoast-schema-graph\">{\"@context\":\"https:\\\/\\\/schema.org\",\"@graph\":[{\"@type\":\"WebPage\",\"@id\":\"https:\\\/\\\/floranixena.it\\\/es\\\/producto\\\/ramo-de-navidad-de-tulipanes\\\/\",\"url\":\"https:\\\/\\\/floranixena.it\\\/es\\\/producto\\\/ramo-de-navidad-de-tulipanes\\\/\",\"name\":\"Ramo de tulipanes de Navidad - FloraNixena - FloraNixena - Entrega de flores a domicilio\",\"isPartOf\":{\"@id\":\"https:\\\/\\\/floranixena.it\\\/es\\\/#website\"},\"primaryImageOfPage\":{\"@id\":\"https:\\\/\\\/floranixena.it\\\/es\\\/producto\\\/ramo-de-navidad-de-tulipanes\\\/#primaryimage\"},\"image\":{\"@id\":\"https:\\\/\\\/floranixena.it\\\/es\\\/producto\\\/ramo-de-navidad-de-tulipanes\\\/#primaryimage\"},\"thumbnailUrl\":\"https:\\\/\\\/floranixena.it\\\/wp-content\\\/uploads\\\/2018\\\/12\\\/bouquet-di-tulipani-rossi-e-bianchi-natalizi-con-da-inviare-a-domicilio-per-natale-e-santo-stefano-augurando-buone-feste-ai-tuoi-amici-e-parenti-pi\u00f9-cari.jpg\",\"datePublished\":\"2021-12-03T09:34:38+00:00\",\"description\":\"Regala un ramo con tulipanes rojos y blancos, adornados con cl\u00e1sicos objetos navide\u00f1os como los bastones de pl\u00e1stico - caramelo y pino seco.\",\"breadcrumb\":{\"@id\":\"https:\\\/\\\/floranixena.it\\\/es\\\/producto\\\/ramo-de-navidad-de-tulipanes\\\/#breadcrumb\"},\"inLanguage\":\"es\",\"potentialAction\":[{\"@type\":\"ReadAction\",\"target\":[\"https:\\\/\\\/floranixena.it\\\/es\\\/producto\\\/ramo-de-navidad-de-tulipanes\\\/\"]}]},{\"@type\":\"ImageObject\",\"inLanguage\":\"es\",\"@id\":\"https:\\\/\\\/floranixena.it\\\/es\\\/producto\\\/ramo-de-navidad-de-tulipanes\\\/#primaryimage\",\"url\":\"https:\\\/\\\/floranixena.it\\\/wp-content\\\/uploads\\\/2018\\\/12\\\/bouquet-di-tulipani-rossi-e-bianchi-natalizi-con-da-inviare-a-domicilio-per-natale-e-santo-stefano-augurando-buone-feste-ai-tuoi-amici-e-parenti-pi\u00f9-cari.jpg\",\"contentUrl\":\"https:\\\/\\\/floranixena.it\\\/wp-content\\\/uploads\\\/2018\\\/12\\\/bouquet-di-tulipani-rossi-e-bianchi-natalizi-con-da-inviare-a-domicilio-per-natale-e-santo-stefano-augurando-buone-feste-ai-tuoi-amici-e-parenti-pi\u00f9-cari.jpg\",\"width\":800,\"height\":800,\"caption\":\"Bouquet natalizio di tulipani\"},{\"@type\":\"BreadcrumbList\",\"@id\":\"https:\\\/\\\/floranixena.it\\\/es\\\/producto\\\/ramo-de-navidad-de-tulipanes\\\/#breadcrumb\",\"itemListElement\":[{\"@type\":\"ListItem\",\"position\":1,\"name\":\"Home\",\"item\":\"https:\\\/\\\/floranixena.it\\\/es\\\/\"},{\"@type\":\"ListItem\",\"position\":2,\"name\":\"tienda\",\"item\":\"https:\\\/\\\/floranixena.it\\\/es\\\/tienda\\\/\"},{\"@type\":\"ListItem\",\"position\":3,\"name\":\"Ramo de Navidad de tulipanes\"}]},{\"@type\":\"WebSite\",\"@id\":\"https:\\\/\\\/floranixena.it\\\/es\\\/#website\",\"url\":\"https:\\\/\\\/floranixena.it\\\/es\\\/\",\"name\":\"FloraNixena - Consegna fiori a domicilio in Italia\",\"description\":\"Invia fiori che raccontano storie\",\"publisher\":{\"@id\":\"https:\\\/\\\/floranixena.it\\\/es\\\/#organization\"},\"alternateName\":\"FloraNixena.it\",\"potentialAction\":[{\"@type\":\"SearchAction\",\"target\":{\"@type\":\"EntryPoint\",\"urlTemplate\":\"https:\\\/\\\/floranixena.it\\\/es\\\/?s={search_term_string}\"},\"query-input\":{\"@type\":\"PropertyValueSpecification\",\"valueRequired\":true,\"valueName\":\"search_term_string\"}}],\"inLanguage\":\"es\"},{\"@type\":\"Organization\",\"@id\":\"https:\\\/\\\/floranixena.it\\\/es\\\/#organization\",\"name\":\"FloraNixena.it - Consegna mazzi di fiori, bouquet e piante a domicilio\",\"url\":\"https:\\\/\\\/floranixena.it\\\/es\\\/\",\"logo\":{\"@type\":\"ImageObject\",\"inLanguage\":\"es\",\"@id\":\"https:\\\/\\\/floranixena.it\\\/es\\\/#\\\/schema\\\/logo\\\/image\\\/\",\"url\":\"https:\\\/\\\/floranixena.it\\\/wp-content\\\/uploads\\\/2018\\\/11\\\/logo-fucsia.png\",\"contentUrl\":\"https:\\\/\\\/floranixena.it\\\/wp-content\\\/uploads\\\/2018\\\/11\\\/logo-fucsia.png\",\"width\":315,\"height\":81,\"caption\":\"FloraNixena.it - Consegna mazzi di fiori, bouquet e piante a domicilio\"},\"image\":{\"@id\":\"https:\\\/\\\/floranixena.it\\\/es\\\/#\\\/schema\\\/logo\\\/image\\\/\"},\"sameAs\":[\"https:\\\/\\\/www.facebook.com\\\/FloraNixena\\\/\",\"https:\\\/\\\/www.instagram.com\\\/floranixena.it\\\/\",\"https:\\\/\\\/www.youtube.com\\\/channel\\\/UCAfCWXMBezO96jgPjiUgpkA\"],\"description\":\"Chi Siamo? FloraNixena \u00e8 il partner di fiducia per la consegna di fiori freschi a domicilio. Con anni di esperienza nel settore floreale, siamo dedicati a portare la bellezza e la freschezza dei fiori direttamente alla vostra porta. La Nostra Missione La nostra missione \u00e8 trasformare ogni occasione in un momento speciale attraverso la magia dei fiori. Crediamo che un bouquet possa dire pi\u00f9 di mille parole e lavoriamo instancabilmente per assicurarci che ogni consegna porti gioia, amore e bellezza. Cosa Offriamo? Fiori Freschi: Collaboriamo con i migliori fornitori locali per garantire che i nostri fiori siano sempre freschi e di alta qualit\u00e0. Consegna Rapida e Puntuale: Offriamo un servizio di consegna rapido e affidabile, con la possibilit\u00e0 di scegliere la fascia oraria che pi\u00f9 vi conviene. Ampia Selezione: Dalle rose classiche ai bouquet personalizzati, abbiamo una vasta gamma di opzioni per soddisfare ogni gusto e occasione. Assistenza Clienti: Il nostro team \u00e8 sempre a disposizione per assistervi nella scelta del bouquet perfetto e per garantire un'esperienza di acquisto senza intoppi. Perch\u00e9 Sceglierci? Qualit\u00e0 Garantita: Ogni bouquet \u00e8 realizzato con cura dai nostri esperti fioristi, garantendo che ogni composizione sia un'opera d'arte. Servizio Personalizzato: Che sia per un anniversario, un compleanno, una celebrazione o un momento di condoglianza, personalizziamo ogni ordine per rispondere alle vostre esigenze specifiche. Soddisfazione del Cliente: La vostra soddisfazione \u00e8 la nostra priorit\u00e0 assoluta. Facciamo tutto il possibile per assicurarci che ogni consegna superi le vostre aspettative.\",\"email\":\"amministrazione@floranixena.it\",\"telephone\":\"3806342394\",\"legalName\":\"Gaetano Votadoro\"}]}<\/script>\n<!-- \/ Yoast SEO Premium plugin. -->","yoast_head_json":{"title":"Ramo de tulipanes de Navidad - FloraNixena - FloraNixena - Entrega de flores a domicilio","description":"Regala un ramo con tulipanes rojos y blancos, adornados con cl\u00e1sicos objetos navide\u00f1os como los bastones de pl\u00e1stico - caramelo y pino seco.","robots":{"index":"index","follow":"follow","max-snippet":"max-snippet:-1","max-image-preview":"max-image-preview:large","max-video-preview":"max-video-preview:-1"},"canonical":"https:\/\/floranixena.it\/es\/producto\/ramo-de-navidad-de-tulipanes\/","og_locale":"es_ES","og_type":"article","og_title":"Ramo de Navidad de tulipanes","og_description":"10 Tulipanes rojos  10 Tulipanes blancos  Decoraci\u00f3n navide\u00f1a con objetos cl\u00e1sicos de Navidad como palos de pl\u00e1stico - caramelo (sujeto a disponibilidad)  Pino seco. Jarr\u00f3n no incluido","og_url":"https:\/\/floranixena.it\/es\/producto\/ramo-de-navidad-de-tulipanes\/","og_site_name":"FloraNixena - FloraNixena - Entrega de flores a domicilio","article_publisher":"https:\/\/www.facebook.com\/FloraNixena\/","og_image":[{"width":800,"height":800,"url":"https:\/\/floranixena.it\/wp-content\/uploads\/2018\/12\/bouquet-di-tulipani-rossi-e-bianchi-natalizi-con-da-inviare-a-domicilio-per-natale-e-santo-stefano-augurando-buone-feste-ai-tuoi-amici-e-parenti-pi\u00f9-cari.jpg","type":"image\/jpeg"}],"twitter_card":"summary_large_image","twitter_misc":{"Tiempo de lectura":"2 minuto"},"schema":{"@context":"https:\/\/schema.org","@graph":[{"@type":"WebPage","@id":"https:\/\/floranixena.it\/es\/producto\/ramo-de-navidad-de-tulipanes\/","url":"https:\/\/floranixena.it\/es\/producto\/ramo-de-navidad-de-tulipanes\/","name":"Ramo de tulipanes de Navidad - FloraNixena - FloraNixena - Entrega de flores a domicilio","isPartOf":{"@id":"https:\/\/floranixena.it\/es\/#website"},"primaryImageOfPage":{"@id":"https:\/\/floranixena.it\/es\/producto\/ramo-de-navidad-de-tulipanes\/#primaryimage"},"image":{"@id":"https:\/\/floranixena.it\/es\/producto\/ramo-de-navidad-de-tulipanes\/#primaryimage"},"thumbnailUrl":"https:\/\/floranixena.it\/wp-content\/uploads\/2018\/12\/bouquet-di-tulipani-rossi-e-bianchi-natalizi-con-da-inviare-a-domicilio-per-natale-e-santo-stefano-augurando-buone-feste-ai-tuoi-amici-e-parenti-pi\u00f9-cari.jpg","datePublished":"2021-12-03T09:34:38+00:00","description":"Regala un ramo con tulipanes rojos y blancos, adornados con cl\u00e1sicos objetos navide\u00f1os como los bastones de pl\u00e1stico - caramelo y pino seco.","breadcrumb":{"@id":"https:\/\/floranixena.it\/es\/producto\/ramo-de-navidad-de-tulipanes\/#breadcrumb"},"inLanguage":"es","potentialAction":[{"@type":"ReadAction","target":["https:\/\/floranixena.it\/es\/producto\/ramo-de-navidad-de-tulipanes\/"]}]},{"@type":"ImageObject","inLanguage":"es","@id":"https:\/\/floranixena.it\/es\/producto\/ramo-de-navidad-de-tulipanes\/#primaryimage","url":"https:\/\/floranixena.it\/wp-content\/uploads\/2018\/12\/bouquet-di-tulipani-rossi-e-bianchi-natalizi-con-da-inviare-a-domicilio-per-natale-e-santo-stefano-augurando-buone-feste-ai-tuoi-amici-e-parenti-pi\u00f9-cari.jpg","contentUrl":"https:\/\/floranixena.it\/wp-content\/uploads\/2018\/12\/bouquet-di-tulipani-rossi-e-bianchi-natalizi-con-da-inviare-a-domicilio-per-natale-e-santo-stefano-augurando-buone-feste-ai-tuoi-amici-e-parenti-pi\u00f9-cari.jpg","width":800,"height":800,"caption":"Bouquet natalizio di tulipani"},{"@type":"BreadcrumbList","@id":"https:\/\/floranixena.it\/es\/producto\/ramo-de-navidad-de-tulipanes\/#breadcrumb","itemListElement":[{"@type":"ListItem","position":1,"name":"Home","item":"https:\/\/floranixena.it\/es\/"},{"@type":"ListItem","position":2,"name":"tienda","item":"https:\/\/floranixena.it\/es\/tienda\/"},{"@type":"ListItem","position":3,"name":"Ramo de Navidad de tulipanes"}]},{"@type":"WebSite","@id":"https:\/\/floranixena.it\/es\/#website","url":"https:\/\/floranixena.it\/es\/","name":"FloraNixena - Consegna fiori a domicilio in Italia","description":"Invia fiori che raccontano storie","publisher":{"@id":"https:\/\/floranixena.it\/es\/#organization"},"alternateName":"FloraNixena.it","potentialAction":[{"@type":"SearchAction","target":{"@type":"EntryPoint","urlTemplate":"https:\/\/floranixena.it\/es\/?s={search_term_string}"},"query-input":{"@type":"PropertyValueSpecification","valueRequired":true,"valueName":"search_term_string"}}],"inLanguage":"es"},{"@type":"Organization","@id":"https:\/\/floranixena.it\/es\/#organization","name":"FloraNixena.it - Consegna mazzi di fiori, bouquet e piante a domicilio","url":"https:\/\/floranixena.it\/es\/","logo":{"@type":"ImageObject","inLanguage":"es","@id":"https:\/\/floranixena.it\/es\/#\/schema\/logo\/image\/","url":"https:\/\/floranixena.it\/wp-content\/uploads\/2018\/11\/logo-fucsia.png","contentUrl":"https:\/\/floranixena.it\/wp-content\/uploads\/2018\/11\/logo-fucsia.png","width":315,"height":81,"caption":"FloraNixena.it - Consegna mazzi di fiori, bouquet e piante a domicilio"},"image":{"@id":"https:\/\/floranixena.it\/es\/#\/schema\/logo\/image\/"},"sameAs":["https:\/\/www.facebook.com\/FloraNixena\/","https:\/\/www.instagram.com\/floranixena.it\/","https:\/\/www.youtube.com\/channel\/UCAfCWXMBezO96jgPjiUgpkA"],"description":"Chi Siamo? FloraNixena \u00e8 il partner di fiducia per la consegna di fiori freschi a domicilio. Con anni di esperienza nel settore floreale, siamo dedicati a portare la bellezza e la freschezza dei fiori direttamente alla vostra porta. La Nostra Missione La nostra missione \u00e8 trasformare ogni occasione in un momento speciale attraverso la magia dei fiori. Crediamo che un bouquet possa dire pi\u00f9 di mille parole e lavoriamo instancabilmente per assicurarci che ogni consegna porti gioia, amore e bellezza. Cosa Offriamo? Fiori Freschi: Collaboriamo con i migliori fornitori locali per garantire che i nostri fiori siano sempre freschi e di alta qualit\u00e0. Consegna Rapida e Puntuale: Offriamo un servizio di consegna rapido e affidabile, con la possibilit\u00e0 di scegliere la fascia oraria che pi\u00f9 vi conviene. Ampia Selezione: Dalle rose classiche ai bouquet personalizzati, abbiamo una vasta gamma di opzioni per soddisfare ogni gusto e occasione. Assistenza Clienti: Il nostro team \u00e8 sempre a disposizione per assistervi nella scelta del bouquet perfetto e per garantire un'esperienza di acquisto senza intoppi. Perch\u00e9 Sceglierci? Qualit\u00e0 Garantita: Ogni bouquet \u00e8 realizzato con cura dai nostri esperti fioristi, garantendo che ogni composizione sia un'opera d'arte. Servizio Personalizzato: Che sia per un anniversario, un compleanno, una celebrazione o un momento di condoglianza, personalizziamo ogni ordine per rispondere alle vostre esigenze specifiche. Soddisfazione del Cliente: La vostra soddisfazione \u00e8 la nostra priorit\u00e0 assoluta. Facciamo tutto il possibile per assicurarci che ogni consegna superi le vostre aspettative.","email":"amministrazione@floranixena.it","telephone":"3806342394","legalName":"Gaetano Votadoro"}]}},"_links":{"self":[{"href":"https:\/\/floranixena.it\/es\/wp-json\/wp\/v2\/product\/19219","targetHints":{"allow":["GET"]}}],"collection":[{"href":"https:\/\/floranixena.it\/es\/wp-json\/wp\/v2\/product"}],"about":[{"href":"https:\/\/floranixena.it\/es\/wp-json\/wp\/v2\/types\/product"}],"replies":[{"embeddable":true,"href":"https:\/\/floranixena.it\/es\/wp-json\/wp\/v2\/comments?post=19219"}],"wp:featuredmedia":[{"embeddable":true,"href":"https:\/\/floranixena.it\/es\/wp-json\/wp\/v2\/media\/19220"}],"wp:attachment":[{"href":"https:\/\/floranixena.it\/es\/wp-json\/wp\/v2\/media?parent=19219"}],"wp:term":[{"taxonomy":"product_brand","embeddable":true,"href":"https:\/\/floranixena.it\/es\/wp-json\/wp\/v2\/product_brand?post=19219"},{"taxonomy":"product_cat","embeddable":true,"href":"https:\/\/floranixena.it\/es\/wp-json\/wp\/v2\/product_cat?post=19219"},{"taxonomy":"product_tag","embeddable":true,"href":"https:\/\/floranixena.it\/es\/wp-json\/wp\/v2\/product_tag?post=19219"}],"curies":[{"name":"wp","href":"https:\/\/api.w.org\/{rel}","templated":true}]}}