{"id":19211,"date":"2023-06-10T16:29:02","date_gmt":"2023-06-10T14:29:02","guid":{"rendered":"https:\/\/floranixena.it\/product\/rosa-estabilizada-rosa\/"},"modified":"2023-06-10T16:29:02","modified_gmt":"2023-06-10T14:29:02","slug":"rosa-estabilizada-rosa","status":"publish","type":"product","link":"https:\/\/floranixena.it\/es\/producto\/rosa-estabilizada-rosa\/","title":{"rendered":"Rosa estabilizada Rosa"},"content":{"rendered":"<p>Un proceso revolucionario que preserva su durabilidad y una aut\u00e9ntica frescura. Estos son los secretos de una nueva concepci\u00f3n de la flor: la<strong> Rosa estabilizada rosa <\/strong>o como muchos la llaman: la<strong> Rosa eterna.<\/strong><br \/>\nUna belleza \u00fanica, combinada con una textura suave y delicada, que hace de esta <strong>rosa estabilizada rosa<\/strong> el nuevo protagonista de tus momentos m\u00e1s exclusivos e inolvidables. <\/p>\n<p>Nuestras Rosas est\u00e1n disponibles en 8 pigmentaciones que puedes elegir de la categor\u00eda <a href=\"https:\/\/floranixena.it\/es\/catalog\/rosas-estabilizadas\/\" target=\"_blank\" rel=\"noopener\">Rosas Estabilizadas.<\/a><\/p>\n<div class=\"flex flex-grow flex-col max-w-full\">\n<div class=\"min-h-[20px] text-message flex flex-col items-start whitespace-pre-wrap break-words [.text-message+&amp;]:mt-5 juice:w-full juice:items-end overflow-x-auto gap-2\" dir=\"auto\" data-message-author-role=\"assistant\" data-message-id=\"b06da2fa-a13f-4698-989c-69cb175d52fd\">\n<div class=\"flex w-full flex-col gap-1 juice:empty:hidden juice:first:pt-[3px]\">\n<div class=\"markdown prose w-full break-words dark:prose-invert light\">\n<p>Son un verdadero concentrado de elegancia y refinamiento, ideales para a\u00f1adir un toque de lujo y encanto a cualquier ambiente. Su resistencia y durabilidad las convierten en una opci\u00f3n pr\u00e1ctica y asequible, permiti\u00e9ndote disfrutar de su belleza sin tener que preocuparte por reemplazarlas con frecuencia. <\/p>\n<p>Tambi\u00e9n son una opci\u00f3n ecol\u00f3gica, ya que el proceso de estabilizaci\u00f3n permite conservar su frescura sin el uso de sustancias qu\u00edmicas nocivas para el medio ambiente. Al comprarlas, contribuyes a reducir el impacto medioambiental y a promover pr\u00e1cticas m\u00e1s sostenibles en el sector de la horticultura. <\/p>\n<p>Aporta un toque de elegancia y durabilidad a tu vida con nuestras rosas estabilizadas rosadas y descubre el placer de tener flores hermosas y vibrantes en todo momento, sin ninguna preocupaci\u00f3n. Elige la belleza atemporal para cada <a href=\"https:\/\/floranixena.it\/es\/catalog\/flores-para-eventos\/oportunidad\/\" target=\"_blank\" rel=\"noopener\">ocasi\u00f3n<\/a>. <\/p>\n<\/div>\n<\/div>\n<\/div>\n<\/div>\n","protected":false},"excerpt":{"rendered":"<ul>\n<li>1 Paquete que contiene una rosa estabilizada negra<\/li>\n<li>Delicadamente empacado<\/li>\n<\/ul>\n","protected":false},"featured_media":18828,"comment_status":"open","ping_status":"closed","template":"","meta":[],"product_brand":[],"product_cat":[4331,4342,4361,4358,4360,4776,4359],"product_tag":[5057,5059,5058,5056],"class_list":{"0":"post-19211","1":"product","2":"type-product","3":"status-publish","4":"has-post-thumbnail","6":"product_cat-amor-y-el-romance","7":"product_cat-decimoctavo-cumpleanos","8":"product_cat-para-la-esposa-o-la-novia","9":"product_cat-para-la-esposa-o-novia","10":"product_cat-para-nuevas-revelaciones","11":"product_cat-rosas-estabilizadas","12":"product_cat-san-valentin","13":"product_tag-rosa-estabilizada-rosa","14":"product_tag-rosa-estabilizada-rosa-en-cristal","15":"product_tag-rosa-estabilizada-rosa-en-plexiglass","16":"product_tag-rosa-eterna-es","18":"first","19":"instock","20":"shipping-taxable","21":"purchasable","22":"product-type-variable","23":"has-default-attributes"},"yoast_head":"<!-- This site is optimized with the Yoast SEO Premium plugin v27.4 (Yoast SEO v27.4) - https:\/\/yoast.com\/product\/yoast-seo-premium-wordpress\/ -->\n<title>Rosa estabilizada Rosa - FloraNixena - FloraNixena - Entrega de flores a domicilio<\/title>\n<meta name=\"description\" content=\"Idea regalo rosa estabilizada en vidrio o plexigl\u00e1s. Es una locura eterna, para entregar a domicilio en toda Italia.\" \/>\n<meta name=\"robots\" content=\"index, follow, max-snippet:-1, max-image-preview:large, max-video-preview:-1\" \/>\n<link rel=\"canonical\" href=\"https:\/\/floranixena.it\/es\/producto\/rosa-estabilizada-rosa\/\" \/>\n<meta property=\"og:locale\" content=\"es_ES\" \/>\n<meta property=\"og:type\" content=\"article\" \/>\n<meta property=\"og:title\" content=\"Rosa estabilizada Rosa\" \/>\n<meta property=\"og:description\" content=\"1 Paquete que contiene una rosa estabilizada negra  Delicadamente empacado\" \/>\n<meta property=\"og:url\" content=\"https:\/\/floranixena.it\/es\/producto\/rosa-estabilizada-rosa\/\" \/>\n<meta property=\"og:site_name\" content=\"FloraNixena - FloraNixena - Entrega de flores a domicilio\" \/>\n<meta property=\"article:publisher\" content=\"https:\/\/www.facebook.com\/FloraNixena\/\" \/>\n<meta property=\"og:image\" content=\"https:\/\/floranixena.it\/wp-content\/uploads\/2018\/11\/Rosa-stabilizzata-rosa-idea-regalo-da-far-consegnare-direttamente-a-domicilio-forli-pavia-cuneo-alessandria-aosta.jpg\" \/>\n\t<meta property=\"og:image:width\" content=\"800\" \/>\n\t<meta property=\"og:image:height\" content=\"800\" \/>\n\t<meta property=\"og:image:type\" content=\"image\/jpeg\" \/>\n<meta name=\"twitter:card\" content=\"summary_large_image\" \/>\n<meta name=\"twitter:label1\" content=\"Tiempo de lectura\" \/>\n\t<meta name=\"twitter:data1\" content=\"1 minuto\" \/>\n<script type=\"application\/ld+json\" class=\"yoast-schema-graph\">{\"@context\":\"https:\\\/\\\/schema.org\",\"@graph\":[{\"@type\":\"WebPage\",\"@id\":\"https:\\\/\\\/floranixena.it\\\/es\\\/producto\\\/rosa-estabilizada-rosa\\\/\",\"url\":\"https:\\\/\\\/floranixena.it\\\/es\\\/producto\\\/rosa-estabilizada-rosa\\\/\",\"name\":\"Rosa estabilizada Rosa - FloraNixena - FloraNixena - Entrega de flores a domicilio\",\"isPartOf\":{\"@id\":\"https:\\\/\\\/floranixena.it\\\/es\\\/#website\"},\"primaryImageOfPage\":{\"@id\":\"https:\\\/\\\/floranixena.it\\\/es\\\/producto\\\/rosa-estabilizada-rosa\\\/#primaryimage\"},\"image\":{\"@id\":\"https:\\\/\\\/floranixena.it\\\/es\\\/producto\\\/rosa-estabilizada-rosa\\\/#primaryimage\"},\"thumbnailUrl\":\"https:\\\/\\\/floranixena.it\\\/wp-content\\\/uploads\\\/2018\\\/11\\\/Rosa-stabilizzata-rosa-idea-regalo-da-far-consegnare-direttamente-a-domicilio-forli-pavia-cuneo-alessandria-aosta.jpg\",\"datePublished\":\"2023-06-10T14:29:02+00:00\",\"description\":\"Idea regalo rosa estabilizada en vidrio o plexigl\u00e1s. Es una locura eterna, para entregar a domicilio en toda Italia.\",\"breadcrumb\":{\"@id\":\"https:\\\/\\\/floranixena.it\\\/es\\\/producto\\\/rosa-estabilizada-rosa\\\/#breadcrumb\"},\"inLanguage\":\"es\",\"potentialAction\":[{\"@type\":\"ReadAction\",\"target\":[\"https:\\\/\\\/floranixena.it\\\/es\\\/producto\\\/rosa-estabilizada-rosa\\\/\"]}]},{\"@type\":\"ImageObject\",\"inLanguage\":\"es\",\"@id\":\"https:\\\/\\\/floranixena.it\\\/es\\\/producto\\\/rosa-estabilizada-rosa\\\/#primaryimage\",\"url\":\"https:\\\/\\\/floranixena.it\\\/wp-content\\\/uploads\\\/2018\\\/11\\\/Rosa-stabilizzata-rosa-idea-regalo-da-far-consegnare-direttamente-a-domicilio-forli-pavia-cuneo-alessandria-aosta.jpg\",\"contentUrl\":\"https:\\\/\\\/floranixena.it\\\/wp-content\\\/uploads\\\/2018\\\/11\\\/Rosa-stabilizzata-rosa-idea-regalo-da-far-consegnare-direttamente-a-domicilio-forli-pavia-cuneo-alessandria-aosta.jpg\",\"width\":800,\"height\":800,\"caption\":\"Rosa estabilizadas rosa\"},{\"@type\":\"BreadcrumbList\",\"@id\":\"https:\\\/\\\/floranixena.it\\\/es\\\/producto\\\/rosa-estabilizada-rosa\\\/#breadcrumb\",\"itemListElement\":[{\"@type\":\"ListItem\",\"position\":1,\"name\":\"Home\",\"item\":\"https:\\\/\\\/floranixena.it\\\/es\\\/\"},{\"@type\":\"ListItem\",\"position\":2,\"name\":\"tienda\",\"item\":\"https:\\\/\\\/floranixena.it\\\/es\\\/tienda\\\/\"},{\"@type\":\"ListItem\",\"position\":3,\"name\":\"Rosa estabilizada Rosa\"}]},{\"@type\":\"WebSite\",\"@id\":\"https:\\\/\\\/floranixena.it\\\/es\\\/#website\",\"url\":\"https:\\\/\\\/floranixena.it\\\/es\\\/\",\"name\":\"FloraNixena - Consegna fiori a domicilio in Italia\",\"description\":\"Invia fiori che raccontano storie\",\"publisher\":{\"@id\":\"https:\\\/\\\/floranixena.it\\\/es\\\/#organization\"},\"alternateName\":\"FloraNixena.it\",\"potentialAction\":[{\"@type\":\"SearchAction\",\"target\":{\"@type\":\"EntryPoint\",\"urlTemplate\":\"https:\\\/\\\/floranixena.it\\\/es\\\/?s={search_term_string}\"},\"query-input\":{\"@type\":\"PropertyValueSpecification\",\"valueRequired\":true,\"valueName\":\"search_term_string\"}}],\"inLanguage\":\"es\"},{\"@type\":\"Organization\",\"@id\":\"https:\\\/\\\/floranixena.it\\\/es\\\/#organization\",\"name\":\"FloraNixena.it - Consegna mazzi di fiori, bouquet e piante a domicilio\",\"url\":\"https:\\\/\\\/floranixena.it\\\/es\\\/\",\"logo\":{\"@type\":\"ImageObject\",\"inLanguage\":\"es\",\"@id\":\"https:\\\/\\\/floranixena.it\\\/es\\\/#\\\/schema\\\/logo\\\/image\\\/\",\"url\":\"https:\\\/\\\/floranixena.it\\\/wp-content\\\/uploads\\\/2018\\\/11\\\/logo-fucsia.png\",\"contentUrl\":\"https:\\\/\\\/floranixena.it\\\/wp-content\\\/uploads\\\/2018\\\/11\\\/logo-fucsia.png\",\"width\":315,\"height\":81,\"caption\":\"FloraNixena.it - Consegna mazzi di fiori, bouquet e piante a domicilio\"},\"image\":{\"@id\":\"https:\\\/\\\/floranixena.it\\\/es\\\/#\\\/schema\\\/logo\\\/image\\\/\"},\"sameAs\":[\"https:\\\/\\\/www.facebook.com\\\/FloraNixena\\\/\",\"https:\\\/\\\/www.instagram.com\\\/floranixena.it\\\/\",\"https:\\\/\\\/www.youtube.com\\\/channel\\\/UCAfCWXMBezO96jgPjiUgpkA\"],\"description\":\"Chi Siamo? FloraNixena \u00e8 il partner di fiducia per la consegna di fiori freschi a domicilio. Con anni di esperienza nel settore floreale, siamo dedicati a portare la bellezza e la freschezza dei fiori direttamente alla vostra porta. La Nostra Missione La nostra missione \u00e8 trasformare ogni occasione in un momento speciale attraverso la magia dei fiori. Crediamo che un bouquet possa dire pi\u00f9 di mille parole e lavoriamo instancabilmente per assicurarci che ogni consegna porti gioia, amore e bellezza. Cosa Offriamo? Fiori Freschi: Collaboriamo con i migliori fornitori locali per garantire che i nostri fiori siano sempre freschi e di alta qualit\u00e0. Consegna Rapida e Puntuale: Offriamo un servizio di consegna rapido e affidabile, con la possibilit\u00e0 di scegliere la fascia oraria che pi\u00f9 vi conviene. Ampia Selezione: Dalle rose classiche ai bouquet personalizzati, abbiamo una vasta gamma di opzioni per soddisfare ogni gusto e occasione. Assistenza Clienti: Il nostro team \u00e8 sempre a disposizione per assistervi nella scelta del bouquet perfetto e per garantire un'esperienza di acquisto senza intoppi. Perch\u00e9 Sceglierci? Qualit\u00e0 Garantita: Ogni bouquet \u00e8 realizzato con cura dai nostri esperti fioristi, garantendo che ogni composizione sia un'opera d'arte. Servizio Personalizzato: Che sia per un anniversario, un compleanno, una celebrazione o un momento di condoglianza, personalizziamo ogni ordine per rispondere alle vostre esigenze specifiche. Soddisfazione del Cliente: La vostra soddisfazione \u00e8 la nostra priorit\u00e0 assoluta. Facciamo tutto il possibile per assicurarci che ogni consegna superi le vostre aspettative.\",\"email\":\"amministrazione@floranixena.it\",\"telephone\":\"3806342394\",\"legalName\":\"Gaetano Votadoro\"}]}<\/script>\n<!-- \/ Yoast SEO Premium plugin. -->","yoast_head_json":{"title":"Rosa estabilizada Rosa - FloraNixena - FloraNixena - Entrega de flores a domicilio","description":"Idea regalo rosa estabilizada en vidrio o plexigl\u00e1s. Es una locura eterna, para entregar a domicilio en toda Italia.","robots":{"index":"index","follow":"follow","max-snippet":"max-snippet:-1","max-image-preview":"max-image-preview:large","max-video-preview":"max-video-preview:-1"},"canonical":"https:\/\/floranixena.it\/es\/producto\/rosa-estabilizada-rosa\/","og_locale":"es_ES","og_type":"article","og_title":"Rosa estabilizada Rosa","og_description":"1 Paquete que contiene una rosa estabilizada negra  Delicadamente empacado","og_url":"https:\/\/floranixena.it\/es\/producto\/rosa-estabilizada-rosa\/","og_site_name":"FloraNixena - FloraNixena - Entrega de flores a domicilio","article_publisher":"https:\/\/www.facebook.com\/FloraNixena\/","og_image":[{"width":800,"height":800,"url":"https:\/\/floranixena.it\/wp-content\/uploads\/2018\/11\/Rosa-stabilizzata-rosa-idea-regalo-da-far-consegnare-direttamente-a-domicilio-forli-pavia-cuneo-alessandria-aosta.jpg","type":"image\/jpeg"}],"twitter_card":"summary_large_image","twitter_misc":{"Tiempo de lectura":"1 minuto"},"schema":{"@context":"https:\/\/schema.org","@graph":[{"@type":"WebPage","@id":"https:\/\/floranixena.it\/es\/producto\/rosa-estabilizada-rosa\/","url":"https:\/\/floranixena.it\/es\/producto\/rosa-estabilizada-rosa\/","name":"Rosa estabilizada Rosa - FloraNixena - FloraNixena - Entrega de flores a domicilio","isPartOf":{"@id":"https:\/\/floranixena.it\/es\/#website"},"primaryImageOfPage":{"@id":"https:\/\/floranixena.it\/es\/producto\/rosa-estabilizada-rosa\/#primaryimage"},"image":{"@id":"https:\/\/floranixena.it\/es\/producto\/rosa-estabilizada-rosa\/#primaryimage"},"thumbnailUrl":"https:\/\/floranixena.it\/wp-content\/uploads\/2018\/11\/Rosa-stabilizzata-rosa-idea-regalo-da-far-consegnare-direttamente-a-domicilio-forli-pavia-cuneo-alessandria-aosta.jpg","datePublished":"2023-06-10T14:29:02+00:00","description":"Idea regalo rosa estabilizada en vidrio o plexigl\u00e1s. Es una locura eterna, para entregar a domicilio en toda Italia.","breadcrumb":{"@id":"https:\/\/floranixena.it\/es\/producto\/rosa-estabilizada-rosa\/#breadcrumb"},"inLanguage":"es","potentialAction":[{"@type":"ReadAction","target":["https:\/\/floranixena.it\/es\/producto\/rosa-estabilizada-rosa\/"]}]},{"@type":"ImageObject","inLanguage":"es","@id":"https:\/\/floranixena.it\/es\/producto\/rosa-estabilizada-rosa\/#primaryimage","url":"https:\/\/floranixena.it\/wp-content\/uploads\/2018\/11\/Rosa-stabilizzata-rosa-idea-regalo-da-far-consegnare-direttamente-a-domicilio-forli-pavia-cuneo-alessandria-aosta.jpg","contentUrl":"https:\/\/floranixena.it\/wp-content\/uploads\/2018\/11\/Rosa-stabilizzata-rosa-idea-regalo-da-far-consegnare-direttamente-a-domicilio-forli-pavia-cuneo-alessandria-aosta.jpg","width":800,"height":800,"caption":"Rosa estabilizadas rosa"},{"@type":"BreadcrumbList","@id":"https:\/\/floranixena.it\/es\/producto\/rosa-estabilizada-rosa\/#breadcrumb","itemListElement":[{"@type":"ListItem","position":1,"name":"Home","item":"https:\/\/floranixena.it\/es\/"},{"@type":"ListItem","position":2,"name":"tienda","item":"https:\/\/floranixena.it\/es\/tienda\/"},{"@type":"ListItem","position":3,"name":"Rosa estabilizada Rosa"}]},{"@type":"WebSite","@id":"https:\/\/floranixena.it\/es\/#website","url":"https:\/\/floranixena.it\/es\/","name":"FloraNixena - Consegna fiori a domicilio in Italia","description":"Invia fiori che raccontano storie","publisher":{"@id":"https:\/\/floranixena.it\/es\/#organization"},"alternateName":"FloraNixena.it","potentialAction":[{"@type":"SearchAction","target":{"@type":"EntryPoint","urlTemplate":"https:\/\/floranixena.it\/es\/?s={search_term_string}"},"query-input":{"@type":"PropertyValueSpecification","valueRequired":true,"valueName":"search_term_string"}}],"inLanguage":"es"},{"@type":"Organization","@id":"https:\/\/floranixena.it\/es\/#organization","name":"FloraNixena.it - Consegna mazzi di fiori, bouquet e piante a domicilio","url":"https:\/\/floranixena.it\/es\/","logo":{"@type":"ImageObject","inLanguage":"es","@id":"https:\/\/floranixena.it\/es\/#\/schema\/logo\/image\/","url":"https:\/\/floranixena.it\/wp-content\/uploads\/2018\/11\/logo-fucsia.png","contentUrl":"https:\/\/floranixena.it\/wp-content\/uploads\/2018\/11\/logo-fucsia.png","width":315,"height":81,"caption":"FloraNixena.it - Consegna mazzi di fiori, bouquet e piante a domicilio"},"image":{"@id":"https:\/\/floranixena.it\/es\/#\/schema\/logo\/image\/"},"sameAs":["https:\/\/www.facebook.com\/FloraNixena\/","https:\/\/www.instagram.com\/floranixena.it\/","https:\/\/www.youtube.com\/channel\/UCAfCWXMBezO96jgPjiUgpkA"],"description":"Chi Siamo? FloraNixena \u00e8 il partner di fiducia per la consegna di fiori freschi a domicilio. Con anni di esperienza nel settore floreale, siamo dedicati a portare la bellezza e la freschezza dei fiori direttamente alla vostra porta. La Nostra Missione La nostra missione \u00e8 trasformare ogni occasione in un momento speciale attraverso la magia dei fiori. Crediamo che un bouquet possa dire pi\u00f9 di mille parole e lavoriamo instancabilmente per assicurarci che ogni consegna porti gioia, amore e bellezza. Cosa Offriamo? Fiori Freschi: Collaboriamo con i migliori fornitori locali per garantire che i nostri fiori siano sempre freschi e di alta qualit\u00e0. Consegna Rapida e Puntuale: Offriamo un servizio di consegna rapido e affidabile, con la possibilit\u00e0 di scegliere la fascia oraria che pi\u00f9 vi conviene. Ampia Selezione: Dalle rose classiche ai bouquet personalizzati, abbiamo una vasta gamma di opzioni per soddisfare ogni gusto e occasione. Assistenza Clienti: Il nostro team \u00e8 sempre a disposizione per assistervi nella scelta del bouquet perfetto e per garantire un'esperienza di acquisto senza intoppi. Perch\u00e9 Sceglierci? Qualit\u00e0 Garantita: Ogni bouquet \u00e8 realizzato con cura dai nostri esperti fioristi, garantendo che ogni composizione sia un'opera d'arte. Servizio Personalizzato: Che sia per un anniversario, un compleanno, una celebrazione o un momento di condoglianza, personalizziamo ogni ordine per rispondere alle vostre esigenze specifiche. Soddisfazione del Cliente: La vostra soddisfazione \u00e8 la nostra priorit\u00e0 assoluta. Facciamo tutto il possibile per assicurarci che ogni consegna superi le vostre aspettative.","email":"amministrazione@floranixena.it","telephone":"3806342394","legalName":"Gaetano Votadoro"}]}},"_links":{"self":[{"href":"https:\/\/floranixena.it\/es\/wp-json\/wp\/v2\/product\/19211","targetHints":{"allow":["GET"]}}],"collection":[{"href":"https:\/\/floranixena.it\/es\/wp-json\/wp\/v2\/product"}],"about":[{"href":"https:\/\/floranixena.it\/es\/wp-json\/wp\/v2\/types\/product"}],"replies":[{"embeddable":true,"href":"https:\/\/floranixena.it\/es\/wp-json\/wp\/v2\/comments?post=19211"}],"wp:featuredmedia":[{"embeddable":true,"href":"https:\/\/floranixena.it\/es\/wp-json\/wp\/v2\/media\/18828"}],"wp:attachment":[{"href":"https:\/\/floranixena.it\/es\/wp-json\/wp\/v2\/media?parent=19211"}],"wp:term":[{"taxonomy":"product_brand","embeddable":true,"href":"https:\/\/floranixena.it\/es\/wp-json\/wp\/v2\/product_brand?post=19211"},{"taxonomy":"product_cat","embeddable":true,"href":"https:\/\/floranixena.it\/es\/wp-json\/wp\/v2\/product_cat?post=19211"},{"taxonomy":"product_tag","embeddable":true,"href":"https:\/\/floranixena.it\/es\/wp-json\/wp\/v2\/product_tag?post=19211"}],"curies":[{"name":"wp","href":"https:\/\/api.w.org\/{rel}","templated":true}]}}