{"id":19199,"date":"2023-12-19T10:47:06","date_gmt":"2023-12-19T09:47:06","guid":{"rendered":"https:\/\/floranixena.it\/product\/orange-dream\/"},"modified":"2025-09-22T09:19:05","modified_gmt":"2025-09-22T07:19:05","slug":"orange-dream","status":"publish","type":"product","link":"https:\/\/floranixena.it\/es\/producto\/orange-dream\/","title":{"rendered":"Orange Dream"},"content":{"rendered":"<p>\u00ab<strong>Un maravilloso ramo<\/strong> que captura la esencia de la temporada oto\u00f1al con su vivaz dominancia de tonos anaranjados. Compuesto cuidadosamente por 5 elegantes lirios naranjas y 3 <a href=\"https:\/\/floranixena.it\/es\/tag\/ramo-de-rosas-naranjas-es\/\" target=\"_blank\" rel=\"noopener\"><strong>rosas naranjas<\/strong><\/a>, este ramo de flores ofrece una gama de tonos frescos y vibrantes que evocan la calidez y la vitalidad de esta \u00e9poca del a\u00f1o. <\/p>\n<p>El irresistible resplandor de este ramo no solo trae consigo una belleza visual impresionante, sino que tambi\u00e9n transmite un aire de frescura y renovaci\u00f3n. Los delicados matices de las flores anaranjadas se mezclan armoniosamente, creando una atm\u00f3sfera de calma y alegr\u00eda. <\/p>\n<p>Este ramo no es solo un regalo de <a href=\"https:\/\/floranixena.it\/es\/prodotto\/cesta-con-flores-de-temporada\/\" target=\"_blank\" rel=\"noopener\"><strong>flores<\/strong><\/a>, sino una experiencia sensorial completa. Con su frescura y energ\u00eda, es el homenaje perfecto para dar la bienvenida al oto\u00f1o y celebrar su rica paleta de <a href=\"https:\/\/floranixena.it\/product\/colori-destate\/\"><strong>colores y perfumes. <\/strong><\/a>Es un regalo que trae consigo no solo belleza est\u00e9tica, sino tambi\u00e9n una sensaci\u00f3n de conexi\u00f3n con la naturaleza y la magia de los cambios estacionales.  <\/p>\n<p>Incorporando la vivacidad y frescura de las flores anaranjadas, este ramo se destaca como un s\u00edmbolo de renacimiento y transformaci\u00f3n, al igual que las hojas que cambian de color y caen de los \u00e1rboles. \u00bb Es un tributo a la belleza cambiante de la naturaleza y su eterna capacidad para renovarse. <\/p>\n<p><strong>Con su encanto \u00fanico y su elegancia atemporal,<\/strong> este <a href=\"https:\/\/floranixena.it\/prodotto\/bouquet-di-garofani-e-gerbere\/\" target=\"_blank\" rel=\"noopener\"><strong>ramo de flores<\/strong><\/a> no solo deleitar\u00e1 a quien lo reciba, sino que tambi\u00e9n transmitir\u00e1 un mensaje de afecto y aprecio. Es una manera maravillosa de celebrar la amistad, el amor o cualquier otro momento especial que merece ser recordado con un toque de belleza y gracia.\u00bb <\/p>\n","protected":false},"excerpt":{"rendered":"<ul>\n<li>5 rosas naranja<\/li>\n<li>3 Lilium naranja<\/li>\n<li>Lisianthus blanco<\/li>\n<li>hojas decorativas<\/li>\n<li>Delicadamente empacado<\/li>\n<li><span style=\"color: #339966;\"><strong>En este ramo el env\u00edo es gratuito<\/strong><\/span><\/li>\n<\/ul>\n<p>Jarr\u00f3n no incluido<\/p>\n<p>&nbsp;<\/p>\n","protected":false},"featured_media":18677,"comment_status":"open","ping_status":"closed","template":"","meta":[],"product_brand":[],"product_cat":[4329,4331,4362,4316,4327,4335,4333,4350,4339,4315,4417,4328,4334,4358,4320,4321,4323,4326,4397,4324,4325,4322,4336,4351],"product_tag":[4831,4419,4830,4828,4829,4390],"class_list":{"0":"post-19199","1":"product","2":"type-product","3":"status-publish","4":"has-post-thumbnail","6":"product_cat-amigo","7":"product_cat-amor-y-el-romance","8":"product_cat-como-admirador-secreto","9":"product_cat-compleanno-es","10":"product_cat-dia-de-la-mujer","11":"product_cat-disculpa","12":"product_cat-felicitaciones","13":"product_cat-fiesta-del-papa","14":"product_cat-flores-de-otono","15":"product_cat-flores-para-eventos","16":"product_cat-lilium-es","17":"product_cat-onomastico-es","18":"product_cat-para-agradecer-a-alguien","19":"product_cat-para-la-esposa-o-novia","20":"product_cat-para-la-hermana","21":"product_cat-para-los-abuelos","22":"product_cat-para-los-tios","23":"product_cat-para-mama","24":"product_cat-para-parejas-gay","25":"product_cat-para-un-amigo","26":"product_cat-para-un-colega","27":"product_cat-para-un-hombre","28":"product_cat-rosas","29":"product_cat-titulos","30":"product_tag-flores-de-otono","31":"product_tag-lilium-es","32":"product_tag-otono","33":"product_tag-ramo-de-naranja","34":"product_tag-ramo-de-otono","35":"product_tag-rosas-naranjas","37":"first","38":"instock","39":"shipping-taxable","40":"purchasable","41":"product-type-simple"},"yoast_head":"<!-- This site is optimized with the Yoast SEO Premium plugin v27.4 (Yoast SEO v27.4) - https:\/\/yoast.com\/product\/yoast-seo-premium-wordpress\/ -->\n<title>Ramo Orange Dream - FloraNixena<\/title>\n<meta name=\"description\" content=\"Extraordinario ramo de flores compuesto por lilium naranja y rosas naranjas, caracterizado por un color fresco y vibrante. Para regalar en momentos especiales.\" \/>\n<meta name=\"robots\" content=\"index, follow, max-snippet:-1, max-image-preview:large, max-video-preview:-1\" \/>\n<link rel=\"canonical\" href=\"https:\/\/floranixena.it\/es\/producto\/orange-dream\/\" \/>\n<meta property=\"og:locale\" content=\"es_ES\" \/>\n<meta property=\"og:type\" content=\"article\" \/>\n<meta property=\"og:title\" content=\"Orange Dream\" \/>\n<meta property=\"og:description\" content=\"5 rosas naranja  3 Lilium naranja  Lisianthus blanco  hojas decorativas  Delicadamente empacado  En este ramo el env\u00edo es gratuito Jarr\u00f3n no incluido &nbsp;\" \/>\n<meta property=\"og:url\" content=\"https:\/\/floranixena.it\/es\/producto\/orange-dream\/\" \/>\n<meta property=\"og:site_name\" content=\"FloraNixena - FloraNixena - Entrega de flores a domicilio\" \/>\n<meta property=\"article:publisher\" content=\"https:\/\/www.facebook.com\/FloraNixena\/\" \/>\n<meta property=\"article:modified_time\" content=\"2025-09-22T07:19:05+00:00\" \/>\n<meta property=\"og:image\" content=\"https:\/\/floranixena.it\/wp-content\/uploads\/2018\/12\/orange_dream_bouquet_lilium_arancio_e_rose_arancio__spedizione_fiori_in_tutta_italia_milano_roma_empoli_pesaro_verona_torino_palermo-idea-regalo-1.jpg\" \/>\n\t<meta property=\"og:image:width\" content=\"800\" \/>\n\t<meta property=\"og:image:height\" content=\"800\" \/>\n\t<meta property=\"og:image:type\" content=\"image\/jpeg\" \/>\n<meta name=\"twitter:card\" content=\"summary_large_image\" \/>\n<meta name=\"twitter:label1\" content=\"Tiempo de lectura\" \/>\n\t<meta name=\"twitter:data1\" content=\"1 minuto\" \/>\n<script type=\"application\/ld+json\" class=\"yoast-schema-graph\">{\"@context\":\"https:\\\/\\\/schema.org\",\"@graph\":[{\"@type\":\"WebPage\",\"@id\":\"https:\\\/\\\/floranixena.it\\\/es\\\/producto\\\/orange-dream\\\/\",\"url\":\"https:\\\/\\\/floranixena.it\\\/es\\\/producto\\\/orange-dream\\\/\",\"name\":\"Ramo Orange Dream - FloraNixena\",\"isPartOf\":{\"@id\":\"https:\\\/\\\/floranixena.it\\\/es\\\/#website\"},\"primaryImageOfPage\":{\"@id\":\"https:\\\/\\\/floranixena.it\\\/es\\\/producto\\\/orange-dream\\\/#primaryimage\"},\"image\":{\"@id\":\"https:\\\/\\\/floranixena.it\\\/es\\\/producto\\\/orange-dream\\\/#primaryimage\"},\"thumbnailUrl\":\"https:\\\/\\\/floranixena.it\\\/wp-content\\\/uploads\\\/2018\\\/12\\\/orange_dream_bouquet_lilium_arancio_e_rose_arancio__spedizione_fiori_in_tutta_italia_milano_roma_empoli_pesaro_verona_torino_palermo-idea-regalo-1.jpg\",\"datePublished\":\"2023-12-19T09:47:06+00:00\",\"dateModified\":\"2025-09-22T07:19:05+00:00\",\"description\":\"Extraordinario ramo de flores compuesto por lilium naranja y rosas naranjas, caracterizado por un color fresco y vibrante. Para regalar en momentos especiales.\",\"breadcrumb\":{\"@id\":\"https:\\\/\\\/floranixena.it\\\/es\\\/producto\\\/orange-dream\\\/#breadcrumb\"},\"inLanguage\":\"es\",\"potentialAction\":[{\"@type\":\"ReadAction\",\"target\":[\"https:\\\/\\\/floranixena.it\\\/es\\\/producto\\\/orange-dream\\\/\"]}]},{\"@type\":\"ImageObject\",\"inLanguage\":\"es\",\"@id\":\"https:\\\/\\\/floranixena.it\\\/es\\\/producto\\\/orange-dream\\\/#primaryimage\",\"url\":\"https:\\\/\\\/floranixena.it\\\/wp-content\\\/uploads\\\/2018\\\/12\\\/orange_dream_bouquet_lilium_arancio_e_rose_arancio__spedizione_fiori_in_tutta_italia_milano_roma_empoli_pesaro_verona_torino_palermo-idea-regalo-1.jpg\",\"contentUrl\":\"https:\\\/\\\/floranixena.it\\\/wp-content\\\/uploads\\\/2018\\\/12\\\/orange_dream_bouquet_lilium_arancio_e_rose_arancio__spedizione_fiori_in_tutta_italia_milano_roma_empoli_pesaro_verona_torino_palermo-idea-regalo-1.jpg\",\"width\":800,\"height\":800,\"caption\":\"Un entrelazado de colores y formas que enciende el espacio con gracia y vitalidad.\"},{\"@type\":\"BreadcrumbList\",\"@id\":\"https:\\\/\\\/floranixena.it\\\/es\\\/producto\\\/orange-dream\\\/#breadcrumb\",\"itemListElement\":[{\"@type\":\"ListItem\",\"position\":1,\"name\":\"Home\",\"item\":\"https:\\\/\\\/floranixena.it\\\/es\\\/\"},{\"@type\":\"ListItem\",\"position\":2,\"name\":\"tienda\",\"item\":\"https:\\\/\\\/floranixena.it\\\/es\\\/tienda\\\/\"},{\"@type\":\"ListItem\",\"position\":3,\"name\":\"Orange Dream\"}]},{\"@type\":\"WebSite\",\"@id\":\"https:\\\/\\\/floranixena.it\\\/es\\\/#website\",\"url\":\"https:\\\/\\\/floranixena.it\\\/es\\\/\",\"name\":\"FloraNixena - Consegna fiori a domicilio in Italia\",\"description\":\"Invia fiori che raccontano storie\",\"publisher\":{\"@id\":\"https:\\\/\\\/floranixena.it\\\/es\\\/#organization\"},\"alternateName\":\"FloraNixena.it\",\"potentialAction\":[{\"@type\":\"SearchAction\",\"target\":{\"@type\":\"EntryPoint\",\"urlTemplate\":\"https:\\\/\\\/floranixena.it\\\/es\\\/?s={search_term_string}\"},\"query-input\":{\"@type\":\"PropertyValueSpecification\",\"valueRequired\":true,\"valueName\":\"search_term_string\"}}],\"inLanguage\":\"es\"},{\"@type\":\"Organization\",\"@id\":\"https:\\\/\\\/floranixena.it\\\/es\\\/#organization\",\"name\":\"FloraNixena.it - Consegna mazzi di fiori, bouquet e piante a domicilio\",\"url\":\"https:\\\/\\\/floranixena.it\\\/es\\\/\",\"logo\":{\"@type\":\"ImageObject\",\"inLanguage\":\"es\",\"@id\":\"https:\\\/\\\/floranixena.it\\\/es\\\/#\\\/schema\\\/logo\\\/image\\\/\",\"url\":\"https:\\\/\\\/floranixena.it\\\/wp-content\\\/uploads\\\/2018\\\/11\\\/logo-fucsia.png\",\"contentUrl\":\"https:\\\/\\\/floranixena.it\\\/wp-content\\\/uploads\\\/2018\\\/11\\\/logo-fucsia.png\",\"width\":315,\"height\":81,\"caption\":\"FloraNixena.it - Consegna mazzi di fiori, bouquet e piante a domicilio\"},\"image\":{\"@id\":\"https:\\\/\\\/floranixena.it\\\/es\\\/#\\\/schema\\\/logo\\\/image\\\/\"},\"sameAs\":[\"https:\\\/\\\/www.facebook.com\\\/FloraNixena\\\/\",\"https:\\\/\\\/www.instagram.com\\\/floranixena.it\\\/\",\"https:\\\/\\\/www.youtube.com\\\/channel\\\/UCAfCWXMBezO96jgPjiUgpkA\"],\"description\":\"Chi Siamo? FloraNixena \u00e8 il partner di fiducia per la consegna di fiori freschi a domicilio. Con anni di esperienza nel settore floreale, siamo dedicati a portare la bellezza e la freschezza dei fiori direttamente alla vostra porta. La Nostra Missione La nostra missione \u00e8 trasformare ogni occasione in un momento speciale attraverso la magia dei fiori. Crediamo che un bouquet possa dire pi\u00f9 di mille parole e lavoriamo instancabilmente per assicurarci che ogni consegna porti gioia, amore e bellezza. Cosa Offriamo? Fiori Freschi: Collaboriamo con i migliori fornitori locali per garantire che i nostri fiori siano sempre freschi e di alta qualit\u00e0. Consegna Rapida e Puntuale: Offriamo un servizio di consegna rapido e affidabile, con la possibilit\u00e0 di scegliere la fascia oraria che pi\u00f9 vi conviene. Ampia Selezione: Dalle rose classiche ai bouquet personalizzati, abbiamo una vasta gamma di opzioni per soddisfare ogni gusto e occasione. Assistenza Clienti: Il nostro team \u00e8 sempre a disposizione per assistervi nella scelta del bouquet perfetto e per garantire un'esperienza di acquisto senza intoppi. Perch\u00e9 Sceglierci? Qualit\u00e0 Garantita: Ogni bouquet \u00e8 realizzato con cura dai nostri esperti fioristi, garantendo che ogni composizione sia un'opera d'arte. Servizio Personalizzato: Che sia per un anniversario, un compleanno, una celebrazione o un momento di condoglianza, personalizziamo ogni ordine per rispondere alle vostre esigenze specifiche. Soddisfazione del Cliente: La vostra soddisfazione \u00e8 la nostra priorit\u00e0 assoluta. Facciamo tutto il possibile per assicurarci che ogni consegna superi le vostre aspettative.\",\"email\":\"amministrazione@floranixena.it\",\"telephone\":\"3806342394\",\"legalName\":\"Gaetano Votadoro\"}]}<\/script>\n<!-- \/ Yoast SEO Premium plugin. -->","yoast_head_json":{"title":"Ramo Orange Dream - FloraNixena","description":"Extraordinario ramo de flores compuesto por lilium naranja y rosas naranjas, caracterizado por un color fresco y vibrante. Para regalar en momentos especiales.","robots":{"index":"index","follow":"follow","max-snippet":"max-snippet:-1","max-image-preview":"max-image-preview:large","max-video-preview":"max-video-preview:-1"},"canonical":"https:\/\/floranixena.it\/es\/producto\/orange-dream\/","og_locale":"es_ES","og_type":"article","og_title":"Orange Dream","og_description":"5 rosas naranja  3 Lilium naranja  Lisianthus blanco  hojas decorativas  Delicadamente empacado  En este ramo el env\u00edo es gratuito Jarr\u00f3n no incluido &nbsp;","og_url":"https:\/\/floranixena.it\/es\/producto\/orange-dream\/","og_site_name":"FloraNixena - FloraNixena - Entrega de flores a domicilio","article_publisher":"https:\/\/www.facebook.com\/FloraNixena\/","article_modified_time":"2025-09-22T07:19:05+00:00","og_image":[{"width":800,"height":800,"url":"https:\/\/floranixena.it\/wp-content\/uploads\/2018\/12\/orange_dream_bouquet_lilium_arancio_e_rose_arancio__spedizione_fiori_in_tutta_italia_milano_roma_empoli_pesaro_verona_torino_palermo-idea-regalo-1.jpg","type":"image\/jpeg"}],"twitter_card":"summary_large_image","twitter_misc":{"Tiempo de lectura":"1 minuto"},"schema":{"@context":"https:\/\/schema.org","@graph":[{"@type":"WebPage","@id":"https:\/\/floranixena.it\/es\/producto\/orange-dream\/","url":"https:\/\/floranixena.it\/es\/producto\/orange-dream\/","name":"Ramo Orange Dream - FloraNixena","isPartOf":{"@id":"https:\/\/floranixena.it\/es\/#website"},"primaryImageOfPage":{"@id":"https:\/\/floranixena.it\/es\/producto\/orange-dream\/#primaryimage"},"image":{"@id":"https:\/\/floranixena.it\/es\/producto\/orange-dream\/#primaryimage"},"thumbnailUrl":"https:\/\/floranixena.it\/wp-content\/uploads\/2018\/12\/orange_dream_bouquet_lilium_arancio_e_rose_arancio__spedizione_fiori_in_tutta_italia_milano_roma_empoli_pesaro_verona_torino_palermo-idea-regalo-1.jpg","datePublished":"2023-12-19T09:47:06+00:00","dateModified":"2025-09-22T07:19:05+00:00","description":"Extraordinario ramo de flores compuesto por lilium naranja y rosas naranjas, caracterizado por un color fresco y vibrante. Para regalar en momentos especiales.","breadcrumb":{"@id":"https:\/\/floranixena.it\/es\/producto\/orange-dream\/#breadcrumb"},"inLanguage":"es","potentialAction":[{"@type":"ReadAction","target":["https:\/\/floranixena.it\/es\/producto\/orange-dream\/"]}]},{"@type":"ImageObject","inLanguage":"es","@id":"https:\/\/floranixena.it\/es\/producto\/orange-dream\/#primaryimage","url":"https:\/\/floranixena.it\/wp-content\/uploads\/2018\/12\/orange_dream_bouquet_lilium_arancio_e_rose_arancio__spedizione_fiori_in_tutta_italia_milano_roma_empoli_pesaro_verona_torino_palermo-idea-regalo-1.jpg","contentUrl":"https:\/\/floranixena.it\/wp-content\/uploads\/2018\/12\/orange_dream_bouquet_lilium_arancio_e_rose_arancio__spedizione_fiori_in_tutta_italia_milano_roma_empoli_pesaro_verona_torino_palermo-idea-regalo-1.jpg","width":800,"height":800,"caption":"Un entrelazado de colores y formas que enciende el espacio con gracia y vitalidad."},{"@type":"BreadcrumbList","@id":"https:\/\/floranixena.it\/es\/producto\/orange-dream\/#breadcrumb","itemListElement":[{"@type":"ListItem","position":1,"name":"Home","item":"https:\/\/floranixena.it\/es\/"},{"@type":"ListItem","position":2,"name":"tienda","item":"https:\/\/floranixena.it\/es\/tienda\/"},{"@type":"ListItem","position":3,"name":"Orange Dream"}]},{"@type":"WebSite","@id":"https:\/\/floranixena.it\/es\/#website","url":"https:\/\/floranixena.it\/es\/","name":"FloraNixena - Consegna fiori a domicilio in Italia","description":"Invia fiori che raccontano storie","publisher":{"@id":"https:\/\/floranixena.it\/es\/#organization"},"alternateName":"FloraNixena.it","potentialAction":[{"@type":"SearchAction","target":{"@type":"EntryPoint","urlTemplate":"https:\/\/floranixena.it\/es\/?s={search_term_string}"},"query-input":{"@type":"PropertyValueSpecification","valueRequired":true,"valueName":"search_term_string"}}],"inLanguage":"es"},{"@type":"Organization","@id":"https:\/\/floranixena.it\/es\/#organization","name":"FloraNixena.it - Consegna mazzi di fiori, bouquet e piante a domicilio","url":"https:\/\/floranixena.it\/es\/","logo":{"@type":"ImageObject","inLanguage":"es","@id":"https:\/\/floranixena.it\/es\/#\/schema\/logo\/image\/","url":"https:\/\/floranixena.it\/wp-content\/uploads\/2018\/11\/logo-fucsia.png","contentUrl":"https:\/\/floranixena.it\/wp-content\/uploads\/2018\/11\/logo-fucsia.png","width":315,"height":81,"caption":"FloraNixena.it - Consegna mazzi di fiori, bouquet e piante a domicilio"},"image":{"@id":"https:\/\/floranixena.it\/es\/#\/schema\/logo\/image\/"},"sameAs":["https:\/\/www.facebook.com\/FloraNixena\/","https:\/\/www.instagram.com\/floranixena.it\/","https:\/\/www.youtube.com\/channel\/UCAfCWXMBezO96jgPjiUgpkA"],"description":"Chi Siamo? FloraNixena \u00e8 il partner di fiducia per la consegna di fiori freschi a domicilio. Con anni di esperienza nel settore floreale, siamo dedicati a portare la bellezza e la freschezza dei fiori direttamente alla vostra porta. La Nostra Missione La nostra missione \u00e8 trasformare ogni occasione in un momento speciale attraverso la magia dei fiori. Crediamo che un bouquet possa dire pi\u00f9 di mille parole e lavoriamo instancabilmente per assicurarci che ogni consegna porti gioia, amore e bellezza. Cosa Offriamo? Fiori Freschi: Collaboriamo con i migliori fornitori locali per garantire che i nostri fiori siano sempre freschi e di alta qualit\u00e0. Consegna Rapida e Puntuale: Offriamo un servizio di consegna rapido e affidabile, con la possibilit\u00e0 di scegliere la fascia oraria che pi\u00f9 vi conviene. Ampia Selezione: Dalle rose classiche ai bouquet personalizzati, abbiamo una vasta gamma di opzioni per soddisfare ogni gusto e occasione. Assistenza Clienti: Il nostro team \u00e8 sempre a disposizione per assistervi nella scelta del bouquet perfetto e per garantire un'esperienza di acquisto senza intoppi. Perch\u00e9 Sceglierci? Qualit\u00e0 Garantita: Ogni bouquet \u00e8 realizzato con cura dai nostri esperti fioristi, garantendo che ogni composizione sia un'opera d'arte. Servizio Personalizzato: Che sia per un anniversario, un compleanno, una celebrazione o un momento di condoglianza, personalizziamo ogni ordine per rispondere alle vostre esigenze specifiche. Soddisfazione del Cliente: La vostra soddisfazione \u00e8 la nostra priorit\u00e0 assoluta. Facciamo tutto il possibile per assicurarci che ogni consegna superi le vostre aspettative.","email":"amministrazione@floranixena.it","telephone":"3806342394","legalName":"Gaetano Votadoro"}]}},"_links":{"self":[{"href":"https:\/\/floranixena.it\/es\/wp-json\/wp\/v2\/product\/19199","targetHints":{"allow":["GET"]}}],"collection":[{"href":"https:\/\/floranixena.it\/es\/wp-json\/wp\/v2\/product"}],"about":[{"href":"https:\/\/floranixena.it\/es\/wp-json\/wp\/v2\/types\/product"}],"replies":[{"embeddable":true,"href":"https:\/\/floranixena.it\/es\/wp-json\/wp\/v2\/comments?post=19199"}],"wp:featuredmedia":[{"embeddable":true,"href":"https:\/\/floranixena.it\/es\/wp-json\/wp\/v2\/media\/18677"}],"wp:attachment":[{"href":"https:\/\/floranixena.it\/es\/wp-json\/wp\/v2\/media?parent=19199"}],"wp:term":[{"taxonomy":"product_brand","embeddable":true,"href":"https:\/\/floranixena.it\/es\/wp-json\/wp\/v2\/product_brand?post=19199"},{"taxonomy":"product_cat","embeddable":true,"href":"https:\/\/floranixena.it\/es\/wp-json\/wp\/v2\/product_cat?post=19199"},{"taxonomy":"product_tag","embeddable":true,"href":"https:\/\/floranixena.it\/es\/wp-json\/wp\/v2\/product_tag?post=19199"}],"curies":[{"name":"wp","href":"https:\/\/api.w.org\/{rel}","templated":true}]}}