{"id":19193,"date":"2024-05-04T11:42:19","date_gmt":"2024-05-04T09:42:19","guid":{"rendered":"https:\/\/floranixena.it\/product\/hortensia-planta\/"},"modified":"2024-05-04T11:42:19","modified_gmt":"2024-05-04T09:42:19","slug":"hortensia-planta","status":"publish","type":"product","link":"https:\/\/floranixena.it\/es\/producto\/hortensia-planta\/","title":{"rendered":"Hortensia &#8211; Planta"},"content":{"rendered":"<p>Est\u00e1s buscando un regalo original y sofisticado para celebrar una ocasi\u00f3n especial? Las<strong> hortensias rosas<\/strong> son la opci\u00f3n ideal! Con su belleza elegante y su significado simb\u00f3lico, estas <strong>plantas <\/strong>son perfectas para celebrar cumplea\u00f1os, aniversarios o cualquier otra ocasi\u00f3n importante.  <\/p>\n<p>Desde <strong><a href=\"https:\/\/floranixena.it\/es\/\">Floranixena<\/a><\/strong>, ofrecemos una amplia selecci\u00f3n de hortensias de alta calidad, disponibles en los colores rosa, blanco, azul y p\u00farpura. Cada planta est\u00e1 cuidadosamente seleccionada para garantizarte un regalo que no solo embellecer\u00e1 la casa, sino que durar\u00e1 en el tiempo, recordando a quien lo recibe tu afecto y atenci\u00f3n. <\/p>\n<p>Nuestro servicio de env\u00edo le permite ordenar c\u00f3modamente desde casa y recibir sus hortensias directamente a su domicilio. Gracias a nuestros embalajes seguros y nuestra atenci\u00f3n al detalle, puedes estar seguro de que tus plantas llegar\u00e1n en perfectas condiciones, listas para ser <strong>regaladas <\/strong>o para enriquecer tu espacio. <\/p>\n<p>No pierdas la oportunidad de sorprender a tus seres queridos con un regalo que combina <a href=\"https:\/\/floranixena.it\/es\/prodotto\/planta-de-aspidistra\/\"><strong>elegancia y durabilidad. <\/strong><\/a>Visita Floranixena hoy mismo y descubre lo f\u00e1cil que es comprar una magn\u00edfica hortensia. Aproveche nuestra gama de colores y encuentre la planta perfecta para cada ocasi\u00f3n. Desde elegir la <strong>maceta <\/strong>adecuada hasta la exposici\u00f3n correcta a la luz, tenemos todo lo que necesitas para asegurarte de que tus plantas prosperen y sigan encantando al receptor. Pide ahora y celebra con estilo!    <\/p>\n","protected":false},"excerpt":{"rendered":"<ul>\n<li>Planta de Hortensia Blanca\/Azul<\/li>\n<li>Embalado con celof\u00e1n<\/li>\n<li>Vaso de pl\u00e1stico<\/li>\n<\/ul>\n<p><strong>Cesta no incluida<\/strong><\/p>\n","protected":false},"featured_media":18743,"comment_status":"open","ping_status":"closed","template":"","meta":[],"product_brand":[],"product_cat":[4329,4330,4333,4318,4320,4321,4323,4403,4404],"product_tag":[4525,4638,4406],"class_list":{"0":"post-19193","1":"product","2":"type-product","3":"status-publish","4":"has-post-thumbnail","6":"product_cat-amigo","7":"product_cat-dia-de-la-madre","8":"product_cat-felicitaciones","9":"product_cat-oportunidad","10":"product_cat-para-la-hermana","11":"product_cat-para-los-abuelos","12":"product_cat-para-los-tios","13":"product_cat-plantas","14":"product_cat-plantas-de-interior","15":"product_tag-entrega-de-plantas-a-domicilio","16":"product_tag-hortensia-es","17":"product_tag-planta-de-interior","19":"first","20":"instock","21":"shipping-taxable","22":"purchasable","23":"product-type-simple"},"yoast_head":"<!-- This site is optimized with the Yoast SEO Premium plugin v27.4 (Yoast SEO v27.4) - https:\/\/yoast.com\/product\/yoast-seo-premium-wordpress\/ -->\n<title>Planta de Hortensia - Floranixena - Entrega de plantas a domicilio<\/title>\n<meta name=\"description\" content=\"Sorprenda a sus seres queridos con una hermosa hortensia! Entrega a domicilio r\u00e1pida para regalos especiales a mam\u00e1, t\u00edos y abuelos. \u00a1Pida ahora!\" \/>\n<meta name=\"robots\" content=\"index, follow, max-snippet:-1, max-image-preview:large, max-video-preview:-1\" \/>\n<link rel=\"canonical\" href=\"https:\/\/floranixena.it\/es\/producto\/hortensia-planta\/\" \/>\n<meta property=\"og:locale\" content=\"es_ES\" \/>\n<meta property=\"og:type\" content=\"article\" \/>\n<meta property=\"og:title\" content=\"Hortensia - Planta\" \/>\n<meta property=\"og:description\" content=\"Planta de Hortensia Blanca\/Azul  Embalado con celof\u00e1n  Vaso de pl\u00e1stico Cesta no incluida\" \/>\n<meta property=\"og:url\" content=\"https:\/\/floranixena.it\/es\/producto\/hortensia-planta\/\" \/>\n<meta property=\"og:site_name\" content=\"FloraNixena - FloraNixena - Entrega de flores a domicilio\" \/>\n<meta property=\"article:publisher\" content=\"https:\/\/www.facebook.com\/FloraNixena\/\" \/>\n<meta property=\"og:image\" content=\"https:\/\/floranixena.it\/wp-content\/uploads\/2019\/05\/pianta-di-ortensia-fiorista-online-consegna-online-di-fiori-bouquet-e-piante-per-la-casa-regalo-per-la-mamma-gli-zii-nonni-festa.jpg\" \/>\n\t<meta property=\"og:image:width\" content=\"800\" \/>\n\t<meta property=\"og:image:height\" content=\"800\" \/>\n\t<meta property=\"og:image:type\" content=\"image\/jpeg\" \/>\n<meta name=\"twitter:card\" content=\"summary_large_image\" \/>\n<meta name=\"twitter:label1\" content=\"Tiempo de lectura\" \/>\n\t<meta name=\"twitter:data1\" content=\"1 minuto\" \/>\n<script type=\"application\/ld+json\" class=\"yoast-schema-graph\">{\"@context\":\"https:\\\/\\\/schema.org\",\"@graph\":[{\"@type\":\"WebPage\",\"@id\":\"https:\\\/\\\/floranixena.it\\\/es\\\/producto\\\/hortensia-planta\\\/\",\"url\":\"https:\\\/\\\/floranixena.it\\\/es\\\/producto\\\/hortensia-planta\\\/\",\"name\":\"Planta de Hortensia - Floranixena - Entrega de plantas a domicilio\",\"isPartOf\":{\"@id\":\"https:\\\/\\\/floranixena.it\\\/es\\\/#website\"},\"primaryImageOfPage\":{\"@id\":\"https:\\\/\\\/floranixena.it\\\/es\\\/producto\\\/hortensia-planta\\\/#primaryimage\"},\"image\":{\"@id\":\"https:\\\/\\\/floranixena.it\\\/es\\\/producto\\\/hortensia-planta\\\/#primaryimage\"},\"thumbnailUrl\":\"https:\\\/\\\/floranixena.it\\\/wp-content\\\/uploads\\\/2019\\\/05\\\/pianta-di-ortensia-fiorista-online-consegna-online-di-fiori-bouquet-e-piante-per-la-casa-regalo-per-la-mamma-gli-zii-nonni-festa.jpg\",\"datePublished\":\"2024-05-04T09:42:19+00:00\",\"description\":\"Sorprenda a sus seres queridos con una hermosa hortensia! Entrega a domicilio r\u00e1pida para regalos especiales a mam\u00e1, t\u00edos y abuelos. \u00a1Pida ahora!\",\"breadcrumb\":{\"@id\":\"https:\\\/\\\/floranixena.it\\\/es\\\/producto\\\/hortensia-planta\\\/#breadcrumb\"},\"inLanguage\":\"es\",\"potentialAction\":[{\"@type\":\"ReadAction\",\"target\":[\"https:\\\/\\\/floranixena.it\\\/es\\\/producto\\\/hortensia-planta\\\/\"]}]},{\"@type\":\"ImageObject\",\"inLanguage\":\"es\",\"@id\":\"https:\\\/\\\/floranixena.it\\\/es\\\/producto\\\/hortensia-planta\\\/#primaryimage\",\"url\":\"https:\\\/\\\/floranixena.it\\\/wp-content\\\/uploads\\\/2019\\\/05\\\/pianta-di-ortensia-fiorista-online-consegna-online-di-fiori-bouquet-e-piante-per-la-casa-regalo-per-la-mamma-gli-zii-nonni-festa.jpg\",\"contentUrl\":\"https:\\\/\\\/floranixena.it\\\/wp-content\\\/uploads\\\/2019\\\/05\\\/pianta-di-ortensia-fiorista-online-consegna-online-di-fiori-bouquet-e-piante-per-la-casa-regalo-per-la-mamma-gli-zii-nonni-festa.jpg\",\"width\":800,\"height\":800,\"caption\":\"Una explosi\u00f3n de color y gracia que transforma cada ambiente en un rinc\u00f3n de belleza.\"},{\"@type\":\"BreadcrumbList\",\"@id\":\"https:\\\/\\\/floranixena.it\\\/es\\\/producto\\\/hortensia-planta\\\/#breadcrumb\",\"itemListElement\":[{\"@type\":\"ListItem\",\"position\":1,\"name\":\"Home\",\"item\":\"https:\\\/\\\/floranixena.it\\\/es\\\/\"},{\"@type\":\"ListItem\",\"position\":2,\"name\":\"tienda\",\"item\":\"https:\\\/\\\/floranixena.it\\\/es\\\/tienda\\\/\"},{\"@type\":\"ListItem\",\"position\":3,\"name\":\"Hortensia &#8211; Planta\"}]},{\"@type\":\"WebSite\",\"@id\":\"https:\\\/\\\/floranixena.it\\\/es\\\/#website\",\"url\":\"https:\\\/\\\/floranixena.it\\\/es\\\/\",\"name\":\"FloraNixena - Consegna fiori a domicilio in Italia\",\"description\":\"Invia fiori che raccontano storie\",\"publisher\":{\"@id\":\"https:\\\/\\\/floranixena.it\\\/es\\\/#organization\"},\"alternateName\":\"FloraNixena.it\",\"potentialAction\":[{\"@type\":\"SearchAction\",\"target\":{\"@type\":\"EntryPoint\",\"urlTemplate\":\"https:\\\/\\\/floranixena.it\\\/es\\\/?s={search_term_string}\"},\"query-input\":{\"@type\":\"PropertyValueSpecification\",\"valueRequired\":true,\"valueName\":\"search_term_string\"}}],\"inLanguage\":\"es\"},{\"@type\":\"Organization\",\"@id\":\"https:\\\/\\\/floranixena.it\\\/es\\\/#organization\",\"name\":\"FloraNixena.it - Consegna mazzi di fiori, bouquet e piante a domicilio\",\"url\":\"https:\\\/\\\/floranixena.it\\\/es\\\/\",\"logo\":{\"@type\":\"ImageObject\",\"inLanguage\":\"es\",\"@id\":\"https:\\\/\\\/floranixena.it\\\/es\\\/#\\\/schema\\\/logo\\\/image\\\/\",\"url\":\"https:\\\/\\\/floranixena.it\\\/wp-content\\\/uploads\\\/2018\\\/11\\\/logo-fucsia.png\",\"contentUrl\":\"https:\\\/\\\/floranixena.it\\\/wp-content\\\/uploads\\\/2018\\\/11\\\/logo-fucsia.png\",\"width\":315,\"height\":81,\"caption\":\"FloraNixena.it - Consegna mazzi di fiori, bouquet e piante a domicilio\"},\"image\":{\"@id\":\"https:\\\/\\\/floranixena.it\\\/es\\\/#\\\/schema\\\/logo\\\/image\\\/\"},\"sameAs\":[\"https:\\\/\\\/www.facebook.com\\\/FloraNixena\\\/\",\"https:\\\/\\\/www.instagram.com\\\/floranixena.it\\\/\",\"https:\\\/\\\/www.youtube.com\\\/channel\\\/UCAfCWXMBezO96jgPjiUgpkA\"],\"description\":\"Chi Siamo? FloraNixena \u00e8 il partner di fiducia per la consegna di fiori freschi a domicilio. Con anni di esperienza nel settore floreale, siamo dedicati a portare la bellezza e la freschezza dei fiori direttamente alla vostra porta. La Nostra Missione La nostra missione \u00e8 trasformare ogni occasione in un momento speciale attraverso la magia dei fiori. Crediamo che un bouquet possa dire pi\u00f9 di mille parole e lavoriamo instancabilmente per assicurarci che ogni consegna porti gioia, amore e bellezza. Cosa Offriamo? Fiori Freschi: Collaboriamo con i migliori fornitori locali per garantire che i nostri fiori siano sempre freschi e di alta qualit\u00e0. Consegna Rapida e Puntuale: Offriamo un servizio di consegna rapido e affidabile, con la possibilit\u00e0 di scegliere la fascia oraria che pi\u00f9 vi conviene. Ampia Selezione: Dalle rose classiche ai bouquet personalizzati, abbiamo una vasta gamma di opzioni per soddisfare ogni gusto e occasione. Assistenza Clienti: Il nostro team \u00e8 sempre a disposizione per assistervi nella scelta del bouquet perfetto e per garantire un'esperienza di acquisto senza intoppi. Perch\u00e9 Sceglierci? Qualit\u00e0 Garantita: Ogni bouquet \u00e8 realizzato con cura dai nostri esperti fioristi, garantendo che ogni composizione sia un'opera d'arte. Servizio Personalizzato: Che sia per un anniversario, un compleanno, una celebrazione o un momento di condoglianza, personalizziamo ogni ordine per rispondere alle vostre esigenze specifiche. Soddisfazione del Cliente: La vostra soddisfazione \u00e8 la nostra priorit\u00e0 assoluta. Facciamo tutto il possibile per assicurarci che ogni consegna superi le vostre aspettative.\",\"email\":\"amministrazione@floranixena.it\",\"telephone\":\"3806342394\",\"legalName\":\"Gaetano Votadoro\"}]}<\/script>\n<!-- \/ Yoast SEO Premium plugin. -->","yoast_head_json":{"title":"Planta de Hortensia - Floranixena - Entrega de plantas a domicilio","description":"Sorprenda a sus seres queridos con una hermosa hortensia! Entrega a domicilio r\u00e1pida para regalos especiales a mam\u00e1, t\u00edos y abuelos. \u00a1Pida ahora!","robots":{"index":"index","follow":"follow","max-snippet":"max-snippet:-1","max-image-preview":"max-image-preview:large","max-video-preview":"max-video-preview:-1"},"canonical":"https:\/\/floranixena.it\/es\/producto\/hortensia-planta\/","og_locale":"es_ES","og_type":"article","og_title":"Hortensia - Planta","og_description":"Planta de Hortensia Blanca\/Azul  Embalado con celof\u00e1n  Vaso de pl\u00e1stico Cesta no incluida","og_url":"https:\/\/floranixena.it\/es\/producto\/hortensia-planta\/","og_site_name":"FloraNixena - FloraNixena - Entrega de flores a domicilio","article_publisher":"https:\/\/www.facebook.com\/FloraNixena\/","og_image":[{"width":800,"height":800,"url":"https:\/\/floranixena.it\/wp-content\/uploads\/2019\/05\/pianta-di-ortensia-fiorista-online-consegna-online-di-fiori-bouquet-e-piante-per-la-casa-regalo-per-la-mamma-gli-zii-nonni-festa.jpg","type":"image\/jpeg"}],"twitter_card":"summary_large_image","twitter_misc":{"Tiempo de lectura":"1 minuto"},"schema":{"@context":"https:\/\/schema.org","@graph":[{"@type":"WebPage","@id":"https:\/\/floranixena.it\/es\/producto\/hortensia-planta\/","url":"https:\/\/floranixena.it\/es\/producto\/hortensia-planta\/","name":"Planta de Hortensia - Floranixena - Entrega de plantas a domicilio","isPartOf":{"@id":"https:\/\/floranixena.it\/es\/#website"},"primaryImageOfPage":{"@id":"https:\/\/floranixena.it\/es\/producto\/hortensia-planta\/#primaryimage"},"image":{"@id":"https:\/\/floranixena.it\/es\/producto\/hortensia-planta\/#primaryimage"},"thumbnailUrl":"https:\/\/floranixena.it\/wp-content\/uploads\/2019\/05\/pianta-di-ortensia-fiorista-online-consegna-online-di-fiori-bouquet-e-piante-per-la-casa-regalo-per-la-mamma-gli-zii-nonni-festa.jpg","datePublished":"2024-05-04T09:42:19+00:00","description":"Sorprenda a sus seres queridos con una hermosa hortensia! Entrega a domicilio r\u00e1pida para regalos especiales a mam\u00e1, t\u00edos y abuelos. \u00a1Pida ahora!","breadcrumb":{"@id":"https:\/\/floranixena.it\/es\/producto\/hortensia-planta\/#breadcrumb"},"inLanguage":"es","potentialAction":[{"@type":"ReadAction","target":["https:\/\/floranixena.it\/es\/producto\/hortensia-planta\/"]}]},{"@type":"ImageObject","inLanguage":"es","@id":"https:\/\/floranixena.it\/es\/producto\/hortensia-planta\/#primaryimage","url":"https:\/\/floranixena.it\/wp-content\/uploads\/2019\/05\/pianta-di-ortensia-fiorista-online-consegna-online-di-fiori-bouquet-e-piante-per-la-casa-regalo-per-la-mamma-gli-zii-nonni-festa.jpg","contentUrl":"https:\/\/floranixena.it\/wp-content\/uploads\/2019\/05\/pianta-di-ortensia-fiorista-online-consegna-online-di-fiori-bouquet-e-piante-per-la-casa-regalo-per-la-mamma-gli-zii-nonni-festa.jpg","width":800,"height":800,"caption":"Una explosi\u00f3n de color y gracia que transforma cada ambiente en un rinc\u00f3n de belleza."},{"@type":"BreadcrumbList","@id":"https:\/\/floranixena.it\/es\/producto\/hortensia-planta\/#breadcrumb","itemListElement":[{"@type":"ListItem","position":1,"name":"Home","item":"https:\/\/floranixena.it\/es\/"},{"@type":"ListItem","position":2,"name":"tienda","item":"https:\/\/floranixena.it\/es\/tienda\/"},{"@type":"ListItem","position":3,"name":"Hortensia &#8211; Planta"}]},{"@type":"WebSite","@id":"https:\/\/floranixena.it\/es\/#website","url":"https:\/\/floranixena.it\/es\/","name":"FloraNixena - Consegna fiori a domicilio in Italia","description":"Invia fiori che raccontano storie","publisher":{"@id":"https:\/\/floranixena.it\/es\/#organization"},"alternateName":"FloraNixena.it","potentialAction":[{"@type":"SearchAction","target":{"@type":"EntryPoint","urlTemplate":"https:\/\/floranixena.it\/es\/?s={search_term_string}"},"query-input":{"@type":"PropertyValueSpecification","valueRequired":true,"valueName":"search_term_string"}}],"inLanguage":"es"},{"@type":"Organization","@id":"https:\/\/floranixena.it\/es\/#organization","name":"FloraNixena.it - Consegna mazzi di fiori, bouquet e piante a domicilio","url":"https:\/\/floranixena.it\/es\/","logo":{"@type":"ImageObject","inLanguage":"es","@id":"https:\/\/floranixena.it\/es\/#\/schema\/logo\/image\/","url":"https:\/\/floranixena.it\/wp-content\/uploads\/2018\/11\/logo-fucsia.png","contentUrl":"https:\/\/floranixena.it\/wp-content\/uploads\/2018\/11\/logo-fucsia.png","width":315,"height":81,"caption":"FloraNixena.it - Consegna mazzi di fiori, bouquet e piante a domicilio"},"image":{"@id":"https:\/\/floranixena.it\/es\/#\/schema\/logo\/image\/"},"sameAs":["https:\/\/www.facebook.com\/FloraNixena\/","https:\/\/www.instagram.com\/floranixena.it\/","https:\/\/www.youtube.com\/channel\/UCAfCWXMBezO96jgPjiUgpkA"],"description":"Chi Siamo? FloraNixena \u00e8 il partner di fiducia per la consegna di fiori freschi a domicilio. Con anni di esperienza nel settore floreale, siamo dedicati a portare la bellezza e la freschezza dei fiori direttamente alla vostra porta. La Nostra Missione La nostra missione \u00e8 trasformare ogni occasione in un momento speciale attraverso la magia dei fiori. Crediamo che un bouquet possa dire pi\u00f9 di mille parole e lavoriamo instancabilmente per assicurarci che ogni consegna porti gioia, amore e bellezza. Cosa Offriamo? Fiori Freschi: Collaboriamo con i migliori fornitori locali per garantire che i nostri fiori siano sempre freschi e di alta qualit\u00e0. Consegna Rapida e Puntuale: Offriamo un servizio di consegna rapido e affidabile, con la possibilit\u00e0 di scegliere la fascia oraria che pi\u00f9 vi conviene. Ampia Selezione: Dalle rose classiche ai bouquet personalizzati, abbiamo una vasta gamma di opzioni per soddisfare ogni gusto e occasione. Assistenza Clienti: Il nostro team \u00e8 sempre a disposizione per assistervi nella scelta del bouquet perfetto e per garantire un'esperienza di acquisto senza intoppi. Perch\u00e9 Sceglierci? Qualit\u00e0 Garantita: Ogni bouquet \u00e8 realizzato con cura dai nostri esperti fioristi, garantendo che ogni composizione sia un'opera d'arte. Servizio Personalizzato: Che sia per un anniversario, un compleanno, una celebrazione o un momento di condoglianza, personalizziamo ogni ordine per rispondere alle vostre esigenze specifiche. Soddisfazione del Cliente: La vostra soddisfazione \u00e8 la nostra priorit\u00e0 assoluta. Facciamo tutto il possibile per assicurarci che ogni consegna superi le vostre aspettative.","email":"amministrazione@floranixena.it","telephone":"3806342394","legalName":"Gaetano Votadoro"}]}},"_links":{"self":[{"href":"https:\/\/floranixena.it\/es\/wp-json\/wp\/v2\/product\/19193","targetHints":{"allow":["GET"]}}],"collection":[{"href":"https:\/\/floranixena.it\/es\/wp-json\/wp\/v2\/product"}],"about":[{"href":"https:\/\/floranixena.it\/es\/wp-json\/wp\/v2\/types\/product"}],"replies":[{"embeddable":true,"href":"https:\/\/floranixena.it\/es\/wp-json\/wp\/v2\/comments?post=19193"}],"wp:featuredmedia":[{"embeddable":true,"href":"https:\/\/floranixena.it\/es\/wp-json\/wp\/v2\/media\/18743"}],"wp:attachment":[{"href":"https:\/\/floranixena.it\/es\/wp-json\/wp\/v2\/media?parent=19193"}],"wp:term":[{"taxonomy":"product_brand","embeddable":true,"href":"https:\/\/floranixena.it\/es\/wp-json\/wp\/v2\/product_brand?post=19193"},{"taxonomy":"product_cat","embeddable":true,"href":"https:\/\/floranixena.it\/es\/wp-json\/wp\/v2\/product_cat?post=19193"},{"taxonomy":"product_tag","embeddable":true,"href":"https:\/\/floranixena.it\/es\/wp-json\/wp\/v2\/product_tag?post=19193"}],"curies":[{"name":"wp","href":"https:\/\/api.w.org\/{rel}","templated":true}]}}