{"id":19153,"date":"2024-05-14T09:55:54","date_gmt":"2024-05-14T07:55:54","guid":{"rendered":"https:\/\/floranixena.it\/product\/extraordinario\/"},"modified":"2025-09-19T11:49:09","modified_gmt":"2025-09-19T09:49:09","slug":"extraordinario","status":"publish","type":"product","link":"https:\/\/floranixena.it\/es\/producto\/extraordinario\/","title":{"rendered":"extraordinario"},"content":{"rendered":"<p><strong>El precioso ramo Armonia es una sinfon\u00eda de delicadeza y amor<\/strong>, una obra floral que captura la esencia misma de la bondad y la pasi\u00f3n. Con <a href=\"https:\/\/floranixena.it\/es\/catalog\/claveles\/\" target=\"_blank\" rel=\"noopener\"><strong>claveles <\/strong><\/a>rojos y <strong><a href=\"https:\/\/floranixena.it\/es\/catalog\/peonia-es\/\" target=\"_blank\" rel=\"noopener\">peon\u00edas <\/a><\/strong>rosas que se entrelazan en un abrazo de colores y perfumes, este ramo transmite un mensaje de afecto y admiraci\u00f3n sin igual. <\/p>\n<p>Cada flor, cuidadosamente seleccionada por su belleza y frescura, es \u00fanica en su esplendor y contribuye a crear una armon\u00eda visual que encanta los ojos y calienta el coraz\u00f3n. Los claveles rojos llevan consigo la promesa de<a href=\"https:\/\/floranixena.it\/es\/catalog\/amor-y-el-romance\/\" target=\"_blank\" rel=\"noopener\"><strong> amor ardiente<\/strong><\/a> y pasi\u00f3n desbordante, mientras que las peon\u00edas rosas, con su exuberante delicadeza, evocan un sentido de gracia y belleza atemporal. <\/p>\n<p>Este ramo es mucho m\u00e1s que un simple conjunto de flores: es una experiencia sensorial que involucra todos los sentidos, desde el olor envolvente de las flores al toque aterciopelado de los p\u00e9talos. Cada detalle es cuidado con atenci\u00f3n, desde el dise\u00f1o armonioso de las composiciones hasta la elegante presentaci\u00f3n en un cl\u00e1sico <a href=\"https:\/\/floranixena.it\/categoria\/jarrones-y-regalos\/vasi-in-vetro\/\" target=\"_blank\" rel=\"noopener\"><strong>jarr\u00f3n de vidri<\/strong><\/a>o transparente. <\/p>\n<p>Sin embargo, para hacer este regalo a\u00fan m\u00e1s personal y significativo, el <a href=\"https:\/\/floranixena.it\/es\/catalog\/jarrones-y-regalos\/\" target=\"_blank\" rel=\"noopener\"><strong>jarr\u00f3n <\/strong><\/a>est\u00e1 disponible para su compra por separado, lo que permite a cada uno personalizar su ramo y elegir el contenedor que mejor se adapte a su gusto y estilo.<\/p>\n<p>Este <a href=\"https:\/\/floranixena.it\/prodotto\/bouquet-di-peonie-rosa-e-bianche\/\" target=\"_blank\" rel=\"noopener\"><strong>ramo <\/strong><\/a>es perfecto para celebrar ocasiones especiales como cumplea\u00f1os, aniversarios, o simplemente para expresar un gesto de afecto y atenci\u00f3n hacia un ser querido. Tambi\u00e9n es una manera f\u00e1cil de transmitir sus deseos, encarnando la dulzura y la belleza del amor aut\u00e9ntico y sincero. <\/p>\n<p>Las flores, con su belleza cambiante y su delicadeza, nos recuerdan el valor y la fragilidad de la vida. Este ramo, con su variada selecci\u00f3n de flores, es un s\u00edmbolo de esperanza y renacimiento. <\/p>\n","protected":false},"excerpt":{"rendered":"<ul>\n<li>7 Peon\u00edas Rosa<\/li>\n<li>7 Claveles rojos<\/li>\n<li>embala cuidadosamente<\/li>\n<li>Verde decorativo<\/li>\n<\/ul>\n<p><span style=\"color: #009700;\"><strong>Entrega gratuita para este art\u00edculo<\/strong><\/span><\/p>\n<p><span style=\"color: #ff8c00;\"><strong>Se recomienda pedir este art\u00edculo por lo menos 3\/4 d\u00edas laborables antes de la fecha de entrega, ya que puede no estar disponible para la entrega en el d\u00eda o al d\u00eda siguiente. Para m\u00e1s informaci\u00f3n cont\u00e1ctenos por chat. <\/strong><\/span><\/p>\n<p>Jarr\u00f3n no incluido<\/p>\n","protected":false},"featured_media":18798,"comment_status":"closed","ping_status":"closed","template":"","meta":[],"product_brand":[],"product_cat":[4329,4331,4317,4381,4418,4316,4330,4335,4332,4333,4341,4338,4315,4318,4334,4360,4546,4351],"product_tag":[5023,4548,4547,4550,4549],"class_list":{"0":"post-19153","1":"product","2":"type-product","3":"status-publish","4":"has-post-thumbnail","6":"product_cat-amigo","7":"product_cat-amor-y-el-romance","8":"product_cat-aniversario","9":"product_cat-boda","10":"product_cat-claveles","11":"product_cat-compleanno-es","12":"product_cat-dia-de-la-madre","13":"product_cat-disculpa","14":"product_cat-es-una-nina","15":"product_cat-felicitaciones","16":"product_cat-flores-de-primavera","17":"product_cat-flores-de-verano","18":"product_cat-flores-para-eventos","19":"product_cat-oportunidad","20":"product_cat-para-agradecer-a-alguien","21":"product_cat-para-nuevas-revelaciones","22":"product_cat-peonia-es","23":"product_cat-titulos","24":"product_tag-claveles-rojos","25":"product_tag-composicion-con-peonias","26":"product_tag-peonias","27":"product_tag-peonias-rosa","28":"product_tag-ramo-con-peonia","30":"first","31":"instock","32":"sale","33":"shipping-taxable","34":"purchasable","35":"product-type-simple"},"yoast_head":"<!-- This site is optimized with the Yoast SEO Premium plugin v27.5 (Yoast SEO v27.5) - https:\/\/yoast.com\/product\/yoast-seo-premium-wordpress\/ -->\n<title>Bouquet Peon\u00edas Rosa y Claveles - extraordinario<\/title>\n<meta name=\"description\" content=\"&quot;Rosa y rojo se funden en un bouquet elegante y apasionado: las peon\u00edas rosas y los claveles rojos crean la armon\u00eda perfecta.\" \/>\n<meta name=\"robots\" content=\"index, follow, max-snippet:-1, max-image-preview:large, max-video-preview:-1\" \/>\n<link rel=\"canonical\" href=\"https:\/\/floranixena.it\/es\/producto\/extraordinario\/\" \/>\n<meta property=\"og:locale\" content=\"es_ES\" \/>\n<meta property=\"og:type\" content=\"article\" \/>\n<meta property=\"og:title\" content=\"extraordinario\" \/>\n<meta property=\"og:description\" content=\"7 Peon\u00edas Rosa  7 Claveles rojos  embala cuidadosamente  Verde decorativo Entrega gratuita para este art\u00edculo Se recomienda pedir este art\u00edculo por lo menos 3\/4 d\u00edas laborables antes de la fecha de entrega, ya que puede no estar disponible para la entrega en el d\u00eda o al d\u00eda siguiente. Para m\u00e1s informaci\u00f3n cont\u00e1ctenos por chat.  Jarr\u00f3n no incluido\" \/>\n<meta property=\"og:url\" content=\"https:\/\/floranixena.it\/es\/producto\/extraordinario\/\" \/>\n<meta property=\"og:site_name\" content=\"FloraNixena - FloraNixena - Entrega de flores a domicilio\" \/>\n<meta property=\"article:publisher\" content=\"https:\/\/www.facebook.com\/FloraNixena\/\" \/>\n<meta property=\"article:modified_time\" content=\"2025-09-19T09:49:09+00:00\" \/>\n<meta property=\"og:image\" content=\"https:\/\/floranixena.it\/wp-content\/uploads\/2019\/05\/peonie-rosa-e-garofani-rossi-regalo-fiori-e-piante-con-consegna-a-domiclio-per-anniversario-matrimonio-festa-della-ma.jpg\" \/>\n\t<meta property=\"og:image:width\" content=\"800\" \/>\n\t<meta property=\"og:image:height\" content=\"800\" \/>\n\t<meta property=\"og:image:type\" content=\"image\/jpeg\" \/>\n<meta name=\"twitter:card\" content=\"summary_large_image\" \/>\n<meta name=\"twitter:label1\" content=\"Tiempo de lectura\" \/>\n\t<meta name=\"twitter:data1\" content=\"2 minuto\" \/>\n<script type=\"application\/ld+json\" class=\"yoast-schema-graph\">{\"@context\":\"https:\\\/\\\/schema.org\",\"@graph\":[{\"@type\":\"WebPage\",\"@id\":\"https:\\\/\\\/floranixena.it\\\/es\\\/producto\\\/extraordinario\\\/\",\"url\":\"https:\\\/\\\/floranixena.it\\\/es\\\/producto\\\/extraordinario\\\/\",\"name\":\"Bouquet Peon\u00edas Rosa y Claveles - extraordinario\",\"isPartOf\":{\"@id\":\"https:\\\/\\\/floranixena.it\\\/es\\\/#website\"},\"primaryImageOfPage\":{\"@id\":\"https:\\\/\\\/floranixena.it\\\/es\\\/producto\\\/extraordinario\\\/#primaryimage\"},\"image\":{\"@id\":\"https:\\\/\\\/floranixena.it\\\/es\\\/producto\\\/extraordinario\\\/#primaryimage\"},\"thumbnailUrl\":\"https:\\\/\\\/floranixena.it\\\/wp-content\\\/uploads\\\/2019\\\/05\\\/peonie-rosa-e-garofani-rossi-regalo-fiori-e-piante-con-consegna-a-domiclio-per-anniversario-matrimonio-festa-della-ma.jpg\",\"datePublished\":\"2024-05-14T07:55:54+00:00\",\"dateModified\":\"2025-09-19T09:49:09+00:00\",\"description\":\"\\\"Rosa y rojo se funden en un bouquet elegante y apasionado: las peon\u00edas rosas y los claveles rojos crean la armon\u00eda perfecta.\",\"breadcrumb\":{\"@id\":\"https:\\\/\\\/floranixena.it\\\/es\\\/producto\\\/extraordinario\\\/#breadcrumb\"},\"inLanguage\":\"es\",\"potentialAction\":[{\"@type\":\"ReadAction\",\"target\":[\"https:\\\/\\\/floranixena.it\\\/es\\\/producto\\\/extraordinario\\\/\"]}]},{\"@type\":\"ImageObject\",\"inLanguage\":\"es\",\"@id\":\"https:\\\/\\\/floranixena.it\\\/es\\\/producto\\\/extraordinario\\\/#primaryimage\",\"url\":\"https:\\\/\\\/floranixena.it\\\/wp-content\\\/uploads\\\/2019\\\/05\\\/peonie-rosa-e-garofani-rossi-regalo-fiori-e-piante-con-consegna-a-domiclio-per-anniversario-matrimonio-festa-della-ma.jpg\",\"contentUrl\":\"https:\\\/\\\/floranixena.it\\\/wp-content\\\/uploads\\\/2019\\\/05\\\/peonie-rosa-e-garofani-rossi-regalo-fiori-e-piante-con-consegna-a-domiclio-per-anniversario-matrimonio-festa-della-ma.jpg\",\"width\":800,\"height\":800,\"caption\":\"Elegante ramo con peon\u00edas rosas y claveles rojos, ideal para bodas, aniversarios o regalos llenos de dulzura. Entrega a domicilio en toda Italia.\"},{\"@type\":\"BreadcrumbList\",\"@id\":\"https:\\\/\\\/floranixena.it\\\/es\\\/producto\\\/extraordinario\\\/#breadcrumb\",\"itemListElement\":[{\"@type\":\"ListItem\",\"position\":1,\"name\":\"Home\",\"item\":\"https:\\\/\\\/floranixena.it\\\/es\\\/\"},{\"@type\":\"ListItem\",\"position\":2,\"name\":\"tienda\",\"item\":\"https:\\\/\\\/floranixena.it\\\/es\\\/tienda\\\/\"},{\"@type\":\"ListItem\",\"position\":3,\"name\":\"extraordinario\"}]},{\"@type\":\"WebSite\",\"@id\":\"https:\\\/\\\/floranixena.it\\\/es\\\/#website\",\"url\":\"https:\\\/\\\/floranixena.it\\\/es\\\/\",\"name\":\"FloraNixena - Consegna fiori a domicilio in Italia\",\"description\":\"Invia fiori che raccontano storie\",\"publisher\":{\"@id\":\"https:\\\/\\\/floranixena.it\\\/es\\\/#organization\"},\"alternateName\":\"FloraNixena.it\",\"potentialAction\":[{\"@type\":\"SearchAction\",\"target\":{\"@type\":\"EntryPoint\",\"urlTemplate\":\"https:\\\/\\\/floranixena.it\\\/es\\\/?s={search_term_string}\"},\"query-input\":{\"@type\":\"PropertyValueSpecification\",\"valueRequired\":true,\"valueName\":\"search_term_string\"}}],\"inLanguage\":\"es\"},{\"@type\":\"Organization\",\"@id\":\"https:\\\/\\\/floranixena.it\\\/es\\\/#organization\",\"name\":\"FloraNixena.it - Consegna mazzi di fiori, bouquet e piante a domicilio\",\"url\":\"https:\\\/\\\/floranixena.it\\\/es\\\/\",\"logo\":{\"@type\":\"ImageObject\",\"inLanguage\":\"es\",\"@id\":\"https:\\\/\\\/floranixena.it\\\/es\\\/#\\\/schema\\\/logo\\\/image\\\/\",\"url\":\"https:\\\/\\\/floranixena.it\\\/wp-content\\\/uploads\\\/2018\\\/11\\\/logo-fucsia.png\",\"contentUrl\":\"https:\\\/\\\/floranixena.it\\\/wp-content\\\/uploads\\\/2018\\\/11\\\/logo-fucsia.png\",\"width\":315,\"height\":81,\"caption\":\"FloraNixena.it - Consegna mazzi di fiori, bouquet e piante a domicilio\"},\"image\":{\"@id\":\"https:\\\/\\\/floranixena.it\\\/es\\\/#\\\/schema\\\/logo\\\/image\\\/\"},\"sameAs\":[\"https:\\\/\\\/www.facebook.com\\\/FloraNixena\\\/\",\"https:\\\/\\\/www.instagram.com\\\/floranixena.it\\\/\",\"https:\\\/\\\/www.youtube.com\\\/channel\\\/UCAfCWXMBezO96jgPjiUgpkA\"],\"description\":\"Chi Siamo? FloraNixena \u00e8 il partner di fiducia per la consegna di fiori freschi a domicilio. Con anni di esperienza nel settore floreale, siamo dedicati a portare la bellezza e la freschezza dei fiori direttamente alla vostra porta. La Nostra Missione La nostra missione \u00e8 trasformare ogni occasione in un momento speciale attraverso la magia dei fiori. Crediamo che un bouquet possa dire pi\u00f9 di mille parole e lavoriamo instancabilmente per assicurarci che ogni consegna porti gioia, amore e bellezza. Cosa Offriamo? Fiori Freschi: Collaboriamo con i migliori fornitori locali per garantire che i nostri fiori siano sempre freschi e di alta qualit\u00e0. Consegna Rapida e Puntuale: Offriamo un servizio di consegna rapido e affidabile, con la possibilit\u00e0 di scegliere la fascia oraria che pi\u00f9 vi conviene. Ampia Selezione: Dalle rose classiche ai bouquet personalizzati, abbiamo una vasta gamma di opzioni per soddisfare ogni gusto e occasione. Assistenza Clienti: Il nostro team \u00e8 sempre a disposizione per assistervi nella scelta del bouquet perfetto e per garantire un'esperienza di acquisto senza intoppi. Perch\u00e9 Sceglierci? Qualit\u00e0 Garantita: Ogni bouquet \u00e8 realizzato con cura dai nostri esperti fioristi, garantendo che ogni composizione sia un'opera d'arte. Servizio Personalizzato: Che sia per un anniversario, un compleanno, una celebrazione o un momento di condoglianza, personalizziamo ogni ordine per rispondere alle vostre esigenze specifiche. Soddisfazione del Cliente: La vostra soddisfazione \u00e8 la nostra priorit\u00e0 assoluta. Facciamo tutto il possibile per assicurarci che ogni consegna superi le vostre aspettative.\",\"email\":\"amministrazione@floranixena.it\",\"telephone\":\"3806342394\",\"legalName\":\"Gaetano Votadoro\"}]}<\/script>\n<!-- \/ Yoast SEO Premium plugin. -->","yoast_head_json":{"title":"Bouquet Peon\u00edas Rosa y Claveles - extraordinario","description":"\"Rosa y rojo se funden en un bouquet elegante y apasionado: las peon\u00edas rosas y los claveles rojos crean la armon\u00eda perfecta.","robots":{"index":"index","follow":"follow","max-snippet":"max-snippet:-1","max-image-preview":"max-image-preview:large","max-video-preview":"max-video-preview:-1"},"canonical":"https:\/\/floranixena.it\/es\/producto\/extraordinario\/","og_locale":"es_ES","og_type":"article","og_title":"extraordinario","og_description":"7 Peon\u00edas Rosa  7 Claveles rojos  embala cuidadosamente  Verde decorativo Entrega gratuita para este art\u00edculo Se recomienda pedir este art\u00edculo por lo menos 3\/4 d\u00edas laborables antes de la fecha de entrega, ya que puede no estar disponible para la entrega en el d\u00eda o al d\u00eda siguiente. Para m\u00e1s informaci\u00f3n cont\u00e1ctenos por chat.  Jarr\u00f3n no incluido","og_url":"https:\/\/floranixena.it\/es\/producto\/extraordinario\/","og_site_name":"FloraNixena - FloraNixena - Entrega de flores a domicilio","article_publisher":"https:\/\/www.facebook.com\/FloraNixena\/","article_modified_time":"2025-09-19T09:49:09+00:00","og_image":[{"width":800,"height":800,"url":"https:\/\/floranixena.it\/wp-content\/uploads\/2019\/05\/peonie-rosa-e-garofani-rossi-regalo-fiori-e-piante-con-consegna-a-domiclio-per-anniversario-matrimonio-festa-della-ma.jpg","type":"image\/jpeg"}],"twitter_card":"summary_large_image","twitter_misc":{"Tiempo de lectura":"2 minuto"},"schema":{"@context":"https:\/\/schema.org","@graph":[{"@type":"WebPage","@id":"https:\/\/floranixena.it\/es\/producto\/extraordinario\/","url":"https:\/\/floranixena.it\/es\/producto\/extraordinario\/","name":"Bouquet Peon\u00edas Rosa y Claveles - extraordinario","isPartOf":{"@id":"https:\/\/floranixena.it\/es\/#website"},"primaryImageOfPage":{"@id":"https:\/\/floranixena.it\/es\/producto\/extraordinario\/#primaryimage"},"image":{"@id":"https:\/\/floranixena.it\/es\/producto\/extraordinario\/#primaryimage"},"thumbnailUrl":"https:\/\/floranixena.it\/wp-content\/uploads\/2019\/05\/peonie-rosa-e-garofani-rossi-regalo-fiori-e-piante-con-consegna-a-domiclio-per-anniversario-matrimonio-festa-della-ma.jpg","datePublished":"2024-05-14T07:55:54+00:00","dateModified":"2025-09-19T09:49:09+00:00","description":"\"Rosa y rojo se funden en un bouquet elegante y apasionado: las peon\u00edas rosas y los claveles rojos crean la armon\u00eda perfecta.","breadcrumb":{"@id":"https:\/\/floranixena.it\/es\/producto\/extraordinario\/#breadcrumb"},"inLanguage":"es","potentialAction":[{"@type":"ReadAction","target":["https:\/\/floranixena.it\/es\/producto\/extraordinario\/"]}]},{"@type":"ImageObject","inLanguage":"es","@id":"https:\/\/floranixena.it\/es\/producto\/extraordinario\/#primaryimage","url":"https:\/\/floranixena.it\/wp-content\/uploads\/2019\/05\/peonie-rosa-e-garofani-rossi-regalo-fiori-e-piante-con-consegna-a-domiclio-per-anniversario-matrimonio-festa-della-ma.jpg","contentUrl":"https:\/\/floranixena.it\/wp-content\/uploads\/2019\/05\/peonie-rosa-e-garofani-rossi-regalo-fiori-e-piante-con-consegna-a-domiclio-per-anniversario-matrimonio-festa-della-ma.jpg","width":800,"height":800,"caption":"Elegante ramo con peon\u00edas rosas y claveles rojos, ideal para bodas, aniversarios o regalos llenos de dulzura. Entrega a domicilio en toda Italia."},{"@type":"BreadcrumbList","@id":"https:\/\/floranixena.it\/es\/producto\/extraordinario\/#breadcrumb","itemListElement":[{"@type":"ListItem","position":1,"name":"Home","item":"https:\/\/floranixena.it\/es\/"},{"@type":"ListItem","position":2,"name":"tienda","item":"https:\/\/floranixena.it\/es\/tienda\/"},{"@type":"ListItem","position":3,"name":"extraordinario"}]},{"@type":"WebSite","@id":"https:\/\/floranixena.it\/es\/#website","url":"https:\/\/floranixena.it\/es\/","name":"FloraNixena - Consegna fiori a domicilio in Italia","description":"Invia fiori che raccontano storie","publisher":{"@id":"https:\/\/floranixena.it\/es\/#organization"},"alternateName":"FloraNixena.it","potentialAction":[{"@type":"SearchAction","target":{"@type":"EntryPoint","urlTemplate":"https:\/\/floranixena.it\/es\/?s={search_term_string}"},"query-input":{"@type":"PropertyValueSpecification","valueRequired":true,"valueName":"search_term_string"}}],"inLanguage":"es"},{"@type":"Organization","@id":"https:\/\/floranixena.it\/es\/#organization","name":"FloraNixena.it - Consegna mazzi di fiori, bouquet e piante a domicilio","url":"https:\/\/floranixena.it\/es\/","logo":{"@type":"ImageObject","inLanguage":"es","@id":"https:\/\/floranixena.it\/es\/#\/schema\/logo\/image\/","url":"https:\/\/floranixena.it\/wp-content\/uploads\/2018\/11\/logo-fucsia.png","contentUrl":"https:\/\/floranixena.it\/wp-content\/uploads\/2018\/11\/logo-fucsia.png","width":315,"height":81,"caption":"FloraNixena.it - Consegna mazzi di fiori, bouquet e piante a domicilio"},"image":{"@id":"https:\/\/floranixena.it\/es\/#\/schema\/logo\/image\/"},"sameAs":["https:\/\/www.facebook.com\/FloraNixena\/","https:\/\/www.instagram.com\/floranixena.it\/","https:\/\/www.youtube.com\/channel\/UCAfCWXMBezO96jgPjiUgpkA"],"description":"Chi Siamo? FloraNixena \u00e8 il partner di fiducia per la consegna di fiori freschi a domicilio. Con anni di esperienza nel settore floreale, siamo dedicati a portare la bellezza e la freschezza dei fiori direttamente alla vostra porta. La Nostra Missione La nostra missione \u00e8 trasformare ogni occasione in un momento speciale attraverso la magia dei fiori. Crediamo che un bouquet possa dire pi\u00f9 di mille parole e lavoriamo instancabilmente per assicurarci che ogni consegna porti gioia, amore e bellezza. Cosa Offriamo? Fiori Freschi: Collaboriamo con i migliori fornitori locali per garantire che i nostri fiori siano sempre freschi e di alta qualit\u00e0. Consegna Rapida e Puntuale: Offriamo un servizio di consegna rapido e affidabile, con la possibilit\u00e0 di scegliere la fascia oraria che pi\u00f9 vi conviene. Ampia Selezione: Dalle rose classiche ai bouquet personalizzati, abbiamo una vasta gamma di opzioni per soddisfare ogni gusto e occasione. Assistenza Clienti: Il nostro team \u00e8 sempre a disposizione per assistervi nella scelta del bouquet perfetto e per garantire un'esperienza di acquisto senza intoppi. Perch\u00e9 Sceglierci? Qualit\u00e0 Garantita: Ogni bouquet \u00e8 realizzato con cura dai nostri esperti fioristi, garantendo che ogni composizione sia un'opera d'arte. Servizio Personalizzato: Che sia per un anniversario, un compleanno, una celebrazione o un momento di condoglianza, personalizziamo ogni ordine per rispondere alle vostre esigenze specifiche. Soddisfazione del Cliente: La vostra soddisfazione \u00e8 la nostra priorit\u00e0 assoluta. Facciamo tutto il possibile per assicurarci che ogni consegna superi le vostre aspettative.","email":"amministrazione@floranixena.it","telephone":"3806342394","legalName":"Gaetano Votadoro"}]}},"_links":{"self":[{"href":"https:\/\/floranixena.it\/es\/wp-json\/wp\/v2\/product\/19153","targetHints":{"allow":["GET"]}}],"collection":[{"href":"https:\/\/floranixena.it\/es\/wp-json\/wp\/v2\/product"}],"about":[{"href":"https:\/\/floranixena.it\/es\/wp-json\/wp\/v2\/types\/product"}],"replies":[{"embeddable":true,"href":"https:\/\/floranixena.it\/es\/wp-json\/wp\/v2\/comments?post=19153"}],"wp:featuredmedia":[{"embeddable":true,"href":"https:\/\/floranixena.it\/es\/wp-json\/wp\/v2\/media\/18798"}],"wp:attachment":[{"href":"https:\/\/floranixena.it\/es\/wp-json\/wp\/v2\/media?parent=19153"}],"wp:term":[{"taxonomy":"product_brand","embeddable":true,"href":"https:\/\/floranixena.it\/es\/wp-json\/wp\/v2\/product_brand?post=19153"},{"taxonomy":"product_cat","embeddable":true,"href":"https:\/\/floranixena.it\/es\/wp-json\/wp\/v2\/product_cat?post=19153"},{"taxonomy":"product_tag","embeddable":true,"href":"https:\/\/floranixena.it\/es\/wp-json\/wp\/v2\/product_tag?post=19153"}],"curies":[{"name":"wp","href":"https:\/\/api.w.org\/{rel}","templated":true}]}}