{"id":19122,"date":"2025-12-06T11:30:01","date_gmt":"2025-12-06T10:30:01","guid":{"rendered":"https:\/\/floranixena.it\/product\/granger\/"},"modified":"2025-09-19T09:48:31","modified_gmt":"2025-09-19T07:48:31","slug":"granger","status":"publish","type":"product","link":"https:\/\/floranixena.it\/es\/producto\/granger\/","title":{"rendered":"Granger"},"content":{"rendered":"<p>Cuando eliges enviar un <strong>ramo de gerberas rosas y claveles <\/strong>como regalo, est\u00e1s enviando mucho m\u00e1s que flores. Est\u00e1s enviando un mensaje de <a href=\"https:\/\/floranixena.it\/prodotto\/bouquet-di-gerbere\/\" target=\"_blank\" rel=\"noopener\"><strong>alegr\u00eda y optimismo<\/strong><\/a>, que seguramente har\u00e1 sonre\u00edr a cualquiera que reciba este hermoso regalo natural. <\/p>\n<p>Las gerberas est\u00e1n entre las flores m\u00e1s encantadoras y alegres, perfectas para transmitir alegr\u00eda y felicidad en cada ocasi\u00f3n especial. Con su vibrante <em><strong>variedad de colores<\/strong><\/em>, los gerberas y claveles rosas brillan en el mundo de las flores como s\u00edmbolos de alegr\u00eda y positividad. <\/p>\n<p>Estas hermosas flores no solo agregan color y belleza a cualquier ambiente, sino que tambi\u00e9n tienen un significado profundo que se remonta a la era victoriana. La gerbera margarita, en particular, simboliza la felicidad pura. Imagina su forma elegante que parece acoger los rayos del sol y irradia alegr\u00eda en todas las direcciones. Esta es precisamente la raz\u00f3n por la que los gerberas son tan queridos y apreciados cuando se trata de regalar emociones positivas.   <\/p>\n<p>Si est\u00e1s celebrando un cumplea\u00f1os, <a href=\"https:\/\/floranixena.it\/es\/prodotto\/ramo-de-calle-blancas-y-rosas\/\" target=\"_blank\" rel=\"noopener\"><strong>aniversario <\/strong><\/a>o simplemente quieres levantar la moral de alguien, los gerberas rosados y rosados son una opci\u00f3n perfecta. Su vivacidad y significado hacen de cada ramo un mensaje luminoso de<a href=\"https:\/\/floranixena.it\/prodotto\/composizione-funebre-con-rose-e-lilium\/\" target=\"_blank\" rel=\"noopener\"><strong> afecto y felicidad.<\/strong><\/a> <\/p>\n<p>En su carrito, puede seleccionar<strong> la fecha de entrega <\/strong>que mejor se adapte a la ocasi\u00f3n. Ya sea un evento especial o un simple gesto de afecto, su mensaje personal acompa\u00f1ar\u00e1 a este regalo floral, haci\u00e9ndolo a\u00fan m\u00e1s significativo. <\/p>\n<p>En resumen, las gerberas rosas y los claveles no conocen l\u00edmites a la hora de difundir sonrisas. Cada p\u00e9talo encierra un poco de esa <a href=\"https:\/\/floranixena.it\/es\/prodotto\/scarlett\/\" target=\"_blank\" rel=\"noopener\"><strong>alegr\u00eda pura<\/strong><\/a> que hace especial cada momento compartido. Elige las gerberas por su esplendor y su significado intr\u00ednseco de felicidad, y deja que tu pensamiento llegue al <strong>coraz\u00f3n <\/strong>de todos los que amas.  <\/p>\n","protected":false},"excerpt":{"rendered":"<ul>\n<li>6 Gerberas rosa<\/li>\n<li>6 Garofanos fucsia<\/li>\n<li>Hypericum rojo<\/li>\n<li>Verde decorativo<\/li>\n<\/ul>\n<p>Jarr\u00f3n no incluido<\/p>\n","protected":false},"featured_media":18704,"comment_status":"open","ping_status":"closed","template":"","meta":[],"product_brand":[],"product_cat":[4396,4439,4356,4349,4374,4438,4357,4329,4418,4362,4316,4330,4327,4335,4333,4350,4341,4338,4315,4337,4352,4328,4318,4334,4361,4397,4319,4351],"product_tag":[4984,4985,4432,4488,4983],"class_list":{"0":"post-19122","1":"product","2":"type-product","3":"status-publish","4":"has-post-thumbnail","6":"product_cat-1-aniversario-de-la-boda-de-algodon","7":"product_cat-10-aniversario-boda-de-estano","8":"product_cat-25-aniversario-boda-de-plata","9":"product_cat-30-aniversario-boda-de-perlas","10":"product_cat-40-aniversario-boda-de-esmeralda","11":"product_cat-5-aniversario-boda-de-seda","12":"product_cat-50-aniversario-bodas-de-oro","13":"product_cat-amigo","14":"product_cat-claveles","15":"product_cat-como-admirador-secreto","16":"product_cat-compleanno-es","17":"product_cat-dia-de-la-madre","18":"product_cat-dia-de-la-mujer","19":"product_cat-disculpa","20":"product_cat-felicitaciones","21":"product_cat-fiesta-del-papa","22":"product_cat-flores-de-primavera","23":"product_cat-flores-de-verano","24":"product_cat-flores-para-eventos","25":"product_cat-gerberas-es","26":"product_cat-nacimientos","27":"product_cat-onomastico-es","28":"product_cat-oportunidad","29":"product_cat-para-agradecer-a-alguien","30":"product_cat-para-la-esposa-o-la-novia","31":"product_cat-para-parejas-gay","32":"product_cat-pascua","33":"product_cat-titulos","34":"product_tag-entrega-a-domicilio","35":"product_tag-felicidad-y-alegria","36":"product_tag-gerberas-es-2","37":"product_tag-margaritas","38":"product_tag-ramo-de-flores-es","40":"first","41":"instock","42":"shipping-taxable","43":"purchasable","44":"product-type-simple"},"yoast_head":"<!-- This site is optimized with the Yoast SEO Premium plugin v27.4 (Yoast SEO v27.4) - https:\/\/yoast.com\/product\/yoast-seo-premium-wordpress\/ -->\n<title>Ramo de gerberas y claveles-<\/title>\n<meta name=\"description\" content=\"Ramo de gerberas y claveles, para enviar a su ser querido, lleno de alegr\u00eda gracias a las gerberas y un encaje de simplicidad con el statice.\" \/>\n<meta name=\"robots\" content=\"index, follow, max-snippet:-1, max-image-preview:large, max-video-preview:-1\" \/>\n<link rel=\"canonical\" href=\"https:\/\/floranixena.it\/es\/producto\/granger\/\" \/>\n<meta property=\"og:locale\" content=\"es_ES\" \/>\n<meta property=\"og:type\" content=\"article\" \/>\n<meta property=\"og:title\" content=\"Granger\" \/>\n<meta property=\"og:description\" content=\"6 Gerberas rosa  6 Garofanos fucsia  Hypericum rojo  Verde decorativo Jarr\u00f3n no incluido\" \/>\n<meta property=\"og:url\" content=\"https:\/\/floranixena.it\/es\/producto\/granger\/\" \/>\n<meta property=\"og:site_name\" content=\"FloraNixena - FloraNixena - Entrega de flores a domicilio\" \/>\n<meta property=\"article:publisher\" content=\"https:\/\/www.facebook.com\/FloraNixena\/\" \/>\n<meta property=\"og:image\" content=\"https:\/\/floranixena.it\/wp-content\/uploads\/2019\/05\/Bouquet-di-gerbere-rosa-e-fucsia-da-inviare-a-domicilio-per-compleanno-occasioni-feste-di-laurea-addio-al-celibato.-Fiori-economici-online.jpg\" \/>\n\t<meta property=\"og:image:width\" content=\"800\" \/>\n\t<meta property=\"og:image:height\" content=\"800\" \/>\n\t<meta property=\"og:image:type\" content=\"image\/jpeg\" \/>\n<meta name=\"twitter:card\" content=\"summary_large_image\" \/>\n<meta name=\"twitter:label1\" content=\"Tiempo de lectura\" \/>\n\t<meta name=\"twitter:data1\" content=\"2 minuto\" \/>\n<script type=\"application\/ld+json\" class=\"yoast-schema-graph\">{\"@context\":\"https:\\\/\\\/schema.org\",\"@graph\":[{\"@type\":\"WebPage\",\"@id\":\"https:\\\/\\\/floranixena.it\\\/es\\\/producto\\\/granger\\\/\",\"url\":\"https:\\\/\\\/floranixena.it\\\/es\\\/producto\\\/granger\\\/\",\"name\":\"Ramo de gerberas y claveles-\",\"isPartOf\":{\"@id\":\"https:\\\/\\\/floranixena.it\\\/es\\\/#website\"},\"primaryImageOfPage\":{\"@id\":\"https:\\\/\\\/floranixena.it\\\/es\\\/producto\\\/granger\\\/#primaryimage\"},\"image\":{\"@id\":\"https:\\\/\\\/floranixena.it\\\/es\\\/producto\\\/granger\\\/#primaryimage\"},\"thumbnailUrl\":\"https:\\\/\\\/floranixena.it\\\/wp-content\\\/uploads\\\/2019\\\/05\\\/Bouquet-di-gerbere-rosa-e-fucsia-da-inviare-a-domicilio-per-compleanno-occasioni-feste-di-laurea-addio-al-celibato.-Fiori-economici-online.jpg\",\"datePublished\":\"2025-12-06T10:30:01+00:00\",\"description\":\"Ramo de gerberas y claveles, para enviar a su ser querido, lleno de alegr\u00eda gracias a las gerberas y un encaje de simplicidad con el statice.\",\"breadcrumb\":{\"@id\":\"https:\\\/\\\/floranixena.it\\\/es\\\/producto\\\/granger\\\/#breadcrumb\"},\"inLanguage\":\"es\",\"potentialAction\":[{\"@type\":\"ReadAction\",\"target\":[\"https:\\\/\\\/floranixena.it\\\/es\\\/producto\\\/granger\\\/\"]}]},{\"@type\":\"ImageObject\",\"inLanguage\":\"es\",\"@id\":\"https:\\\/\\\/floranixena.it\\\/es\\\/producto\\\/granger\\\/#primaryimage\",\"url\":\"https:\\\/\\\/floranixena.it\\\/wp-content\\\/uploads\\\/2019\\\/05\\\/Bouquet-di-gerbere-rosa-e-fucsia-da-inviare-a-domicilio-per-compleanno-occasioni-feste-di-laurea-addio-al-celibato.-Fiori-economici-online.jpg\",\"contentUrl\":\"https:\\\/\\\/floranixena.it\\\/wp-content\\\/uploads\\\/2019\\\/05\\\/Bouquet-di-gerbere-rosa-e-fucsia-da-inviare-a-domicilio-per-compleanno-occasioni-feste-di-laurea-addio-al-celibato.-Fiori-economici-online.jpg\",\"width\":800,\"height\":800,\"caption\":\"Bouquet brillante con gerberas rosa y fucsia, pensado para aportar energ\u00eda y estilo en cada ocasi\u00f3n. Entrega a domicilio en toda Italia.\"},{\"@type\":\"BreadcrumbList\",\"@id\":\"https:\\\/\\\/floranixena.it\\\/es\\\/producto\\\/granger\\\/#breadcrumb\",\"itemListElement\":[{\"@type\":\"ListItem\",\"position\":1,\"name\":\"Home\",\"item\":\"https:\\\/\\\/floranixena.it\\\/es\\\/\"},{\"@type\":\"ListItem\",\"position\":2,\"name\":\"tienda\",\"item\":\"https:\\\/\\\/floranixena.it\\\/es\\\/tienda\\\/\"},{\"@type\":\"ListItem\",\"position\":3,\"name\":\"Granger\"}]},{\"@type\":\"WebSite\",\"@id\":\"https:\\\/\\\/floranixena.it\\\/es\\\/#website\",\"url\":\"https:\\\/\\\/floranixena.it\\\/es\\\/\",\"name\":\"FloraNixena - Consegna fiori a domicilio in Italia\",\"description\":\"Invia fiori che raccontano storie\",\"publisher\":{\"@id\":\"https:\\\/\\\/floranixena.it\\\/es\\\/#organization\"},\"alternateName\":\"FloraNixena.it\",\"potentialAction\":[{\"@type\":\"SearchAction\",\"target\":{\"@type\":\"EntryPoint\",\"urlTemplate\":\"https:\\\/\\\/floranixena.it\\\/es\\\/?s={search_term_string}\"},\"query-input\":{\"@type\":\"PropertyValueSpecification\",\"valueRequired\":true,\"valueName\":\"search_term_string\"}}],\"inLanguage\":\"es\"},{\"@type\":\"Organization\",\"@id\":\"https:\\\/\\\/floranixena.it\\\/es\\\/#organization\",\"name\":\"FloraNixena.it - Consegna mazzi di fiori, bouquet e piante a domicilio\",\"url\":\"https:\\\/\\\/floranixena.it\\\/es\\\/\",\"logo\":{\"@type\":\"ImageObject\",\"inLanguage\":\"es\",\"@id\":\"https:\\\/\\\/floranixena.it\\\/es\\\/#\\\/schema\\\/logo\\\/image\\\/\",\"url\":\"https:\\\/\\\/floranixena.it\\\/wp-content\\\/uploads\\\/2018\\\/11\\\/logo-fucsia.png\",\"contentUrl\":\"https:\\\/\\\/floranixena.it\\\/wp-content\\\/uploads\\\/2018\\\/11\\\/logo-fucsia.png\",\"width\":315,\"height\":81,\"caption\":\"FloraNixena.it - Consegna mazzi di fiori, bouquet e piante a domicilio\"},\"image\":{\"@id\":\"https:\\\/\\\/floranixena.it\\\/es\\\/#\\\/schema\\\/logo\\\/image\\\/\"},\"sameAs\":[\"https:\\\/\\\/www.facebook.com\\\/FloraNixena\\\/\",\"https:\\\/\\\/www.instagram.com\\\/floranixena.it\\\/\",\"https:\\\/\\\/www.youtube.com\\\/channel\\\/UCAfCWXMBezO96jgPjiUgpkA\"],\"description\":\"Chi Siamo? FloraNixena \u00e8 il partner di fiducia per la consegna di fiori freschi a domicilio. Con anni di esperienza nel settore floreale, siamo dedicati a portare la bellezza e la freschezza dei fiori direttamente alla vostra porta. La Nostra Missione La nostra missione \u00e8 trasformare ogni occasione in un momento speciale attraverso la magia dei fiori. Crediamo che un bouquet possa dire pi\u00f9 di mille parole e lavoriamo instancabilmente per assicurarci che ogni consegna porti gioia, amore e bellezza. Cosa Offriamo? Fiori Freschi: Collaboriamo con i migliori fornitori locali per garantire che i nostri fiori siano sempre freschi e di alta qualit\u00e0. Consegna Rapida e Puntuale: Offriamo un servizio di consegna rapido e affidabile, con la possibilit\u00e0 di scegliere la fascia oraria che pi\u00f9 vi conviene. Ampia Selezione: Dalle rose classiche ai bouquet personalizzati, abbiamo una vasta gamma di opzioni per soddisfare ogni gusto e occasione. Assistenza Clienti: Il nostro team \u00e8 sempre a disposizione per assistervi nella scelta del bouquet perfetto e per garantire un'esperienza di acquisto senza intoppi. Perch\u00e9 Sceglierci? Qualit\u00e0 Garantita: Ogni bouquet \u00e8 realizzato con cura dai nostri esperti fioristi, garantendo che ogni composizione sia un'opera d'arte. Servizio Personalizzato: Che sia per un anniversario, un compleanno, una celebrazione o un momento di condoglianza, personalizziamo ogni ordine per rispondere alle vostre esigenze specifiche. Soddisfazione del Cliente: La vostra soddisfazione \u00e8 la nostra priorit\u00e0 assoluta. Facciamo tutto il possibile per assicurarci che ogni consegna superi le vostre aspettative.\",\"email\":\"amministrazione@floranixena.it\",\"telephone\":\"3806342394\",\"legalName\":\"Gaetano Votadoro\"}]}<\/script>\n<!-- \/ Yoast SEO Premium plugin. -->","yoast_head_json":{"title":"Ramo de gerberas y claveles-","description":"Ramo de gerberas y claveles, para enviar a su ser querido, lleno de alegr\u00eda gracias a las gerberas y un encaje de simplicidad con el statice.","robots":{"index":"index","follow":"follow","max-snippet":"max-snippet:-1","max-image-preview":"max-image-preview:large","max-video-preview":"max-video-preview:-1"},"canonical":"https:\/\/floranixena.it\/es\/producto\/granger\/","og_locale":"es_ES","og_type":"article","og_title":"Granger","og_description":"6 Gerberas rosa  6 Garofanos fucsia  Hypericum rojo  Verde decorativo Jarr\u00f3n no incluido","og_url":"https:\/\/floranixena.it\/es\/producto\/granger\/","og_site_name":"FloraNixena - FloraNixena - Entrega de flores a domicilio","article_publisher":"https:\/\/www.facebook.com\/FloraNixena\/","og_image":[{"width":800,"height":800,"url":"https:\/\/floranixena.it\/wp-content\/uploads\/2019\/05\/Bouquet-di-gerbere-rosa-e-fucsia-da-inviare-a-domicilio-per-compleanno-occasioni-feste-di-laurea-addio-al-celibato.-Fiori-economici-online.jpg","type":"image\/jpeg"}],"twitter_card":"summary_large_image","twitter_misc":{"Tiempo de lectura":"2 minuto"},"schema":{"@context":"https:\/\/schema.org","@graph":[{"@type":"WebPage","@id":"https:\/\/floranixena.it\/es\/producto\/granger\/","url":"https:\/\/floranixena.it\/es\/producto\/granger\/","name":"Ramo de gerberas y claveles-","isPartOf":{"@id":"https:\/\/floranixena.it\/es\/#website"},"primaryImageOfPage":{"@id":"https:\/\/floranixena.it\/es\/producto\/granger\/#primaryimage"},"image":{"@id":"https:\/\/floranixena.it\/es\/producto\/granger\/#primaryimage"},"thumbnailUrl":"https:\/\/floranixena.it\/wp-content\/uploads\/2019\/05\/Bouquet-di-gerbere-rosa-e-fucsia-da-inviare-a-domicilio-per-compleanno-occasioni-feste-di-laurea-addio-al-celibato.-Fiori-economici-online.jpg","datePublished":"2025-12-06T10:30:01+00:00","description":"Ramo de gerberas y claveles, para enviar a su ser querido, lleno de alegr\u00eda gracias a las gerberas y un encaje de simplicidad con el statice.","breadcrumb":{"@id":"https:\/\/floranixena.it\/es\/producto\/granger\/#breadcrumb"},"inLanguage":"es","potentialAction":[{"@type":"ReadAction","target":["https:\/\/floranixena.it\/es\/producto\/granger\/"]}]},{"@type":"ImageObject","inLanguage":"es","@id":"https:\/\/floranixena.it\/es\/producto\/granger\/#primaryimage","url":"https:\/\/floranixena.it\/wp-content\/uploads\/2019\/05\/Bouquet-di-gerbere-rosa-e-fucsia-da-inviare-a-domicilio-per-compleanno-occasioni-feste-di-laurea-addio-al-celibato.-Fiori-economici-online.jpg","contentUrl":"https:\/\/floranixena.it\/wp-content\/uploads\/2019\/05\/Bouquet-di-gerbere-rosa-e-fucsia-da-inviare-a-domicilio-per-compleanno-occasioni-feste-di-laurea-addio-al-celibato.-Fiori-economici-online.jpg","width":800,"height":800,"caption":"Bouquet brillante con gerberas rosa y fucsia, pensado para aportar energ\u00eda y estilo en cada ocasi\u00f3n. Entrega a domicilio en toda Italia."},{"@type":"BreadcrumbList","@id":"https:\/\/floranixena.it\/es\/producto\/granger\/#breadcrumb","itemListElement":[{"@type":"ListItem","position":1,"name":"Home","item":"https:\/\/floranixena.it\/es\/"},{"@type":"ListItem","position":2,"name":"tienda","item":"https:\/\/floranixena.it\/es\/tienda\/"},{"@type":"ListItem","position":3,"name":"Granger"}]},{"@type":"WebSite","@id":"https:\/\/floranixena.it\/es\/#website","url":"https:\/\/floranixena.it\/es\/","name":"FloraNixena - Consegna fiori a domicilio in Italia","description":"Invia fiori che raccontano storie","publisher":{"@id":"https:\/\/floranixena.it\/es\/#organization"},"alternateName":"FloraNixena.it","potentialAction":[{"@type":"SearchAction","target":{"@type":"EntryPoint","urlTemplate":"https:\/\/floranixena.it\/es\/?s={search_term_string}"},"query-input":{"@type":"PropertyValueSpecification","valueRequired":true,"valueName":"search_term_string"}}],"inLanguage":"es"},{"@type":"Organization","@id":"https:\/\/floranixena.it\/es\/#organization","name":"FloraNixena.it - Consegna mazzi di fiori, bouquet e piante a domicilio","url":"https:\/\/floranixena.it\/es\/","logo":{"@type":"ImageObject","inLanguage":"es","@id":"https:\/\/floranixena.it\/es\/#\/schema\/logo\/image\/","url":"https:\/\/floranixena.it\/wp-content\/uploads\/2018\/11\/logo-fucsia.png","contentUrl":"https:\/\/floranixena.it\/wp-content\/uploads\/2018\/11\/logo-fucsia.png","width":315,"height":81,"caption":"FloraNixena.it - Consegna mazzi di fiori, bouquet e piante a domicilio"},"image":{"@id":"https:\/\/floranixena.it\/es\/#\/schema\/logo\/image\/"},"sameAs":["https:\/\/www.facebook.com\/FloraNixena\/","https:\/\/www.instagram.com\/floranixena.it\/","https:\/\/www.youtube.com\/channel\/UCAfCWXMBezO96jgPjiUgpkA"],"description":"Chi Siamo? FloraNixena \u00e8 il partner di fiducia per la consegna di fiori freschi a domicilio. Con anni di esperienza nel settore floreale, siamo dedicati a portare la bellezza e la freschezza dei fiori direttamente alla vostra porta. La Nostra Missione La nostra missione \u00e8 trasformare ogni occasione in un momento speciale attraverso la magia dei fiori. Crediamo che un bouquet possa dire pi\u00f9 di mille parole e lavoriamo instancabilmente per assicurarci che ogni consegna porti gioia, amore e bellezza. Cosa Offriamo? Fiori Freschi: Collaboriamo con i migliori fornitori locali per garantire che i nostri fiori siano sempre freschi e di alta qualit\u00e0. Consegna Rapida e Puntuale: Offriamo un servizio di consegna rapido e affidabile, con la possibilit\u00e0 di scegliere la fascia oraria che pi\u00f9 vi conviene. Ampia Selezione: Dalle rose classiche ai bouquet personalizzati, abbiamo una vasta gamma di opzioni per soddisfare ogni gusto e occasione. Assistenza Clienti: Il nostro team \u00e8 sempre a disposizione per assistervi nella scelta del bouquet perfetto e per garantire un'esperienza di acquisto senza intoppi. Perch\u00e9 Sceglierci? Qualit\u00e0 Garantita: Ogni bouquet \u00e8 realizzato con cura dai nostri esperti fioristi, garantendo che ogni composizione sia un'opera d'arte. Servizio Personalizzato: Che sia per un anniversario, un compleanno, una celebrazione o un momento di condoglianza, personalizziamo ogni ordine per rispondere alle vostre esigenze specifiche. Soddisfazione del Cliente: La vostra soddisfazione \u00e8 la nostra priorit\u00e0 assoluta. Facciamo tutto il possibile per assicurarci che ogni consegna superi le vostre aspettative.","email":"amministrazione@floranixena.it","telephone":"3806342394","legalName":"Gaetano Votadoro"}]}},"_links":{"self":[{"href":"https:\/\/floranixena.it\/es\/wp-json\/wp\/v2\/product\/19122","targetHints":{"allow":["GET"]}}],"collection":[{"href":"https:\/\/floranixena.it\/es\/wp-json\/wp\/v2\/product"}],"about":[{"href":"https:\/\/floranixena.it\/es\/wp-json\/wp\/v2\/types\/product"}],"replies":[{"embeddable":true,"href":"https:\/\/floranixena.it\/es\/wp-json\/wp\/v2\/comments?post=19122"}],"wp:featuredmedia":[{"embeddable":true,"href":"https:\/\/floranixena.it\/es\/wp-json\/wp\/v2\/media\/18704"}],"wp:attachment":[{"href":"https:\/\/floranixena.it\/es\/wp-json\/wp\/v2\/media?parent=19122"}],"wp:term":[{"taxonomy":"product_brand","embeddable":true,"href":"https:\/\/floranixena.it\/es\/wp-json\/wp\/v2\/product_brand?post=19122"},{"taxonomy":"product_cat","embeddable":true,"href":"https:\/\/floranixena.it\/es\/wp-json\/wp\/v2\/product_cat?post=19122"},{"taxonomy":"product_tag","embeddable":true,"href":"https:\/\/floranixena.it\/es\/wp-json\/wp\/v2\/product_tag?post=19122"}],"curies":[{"name":"wp","href":"https:\/\/api.w.org\/{rel}","templated":true}]}}