{"id":19087,"date":"2024-07-08T09:24:09","date_gmt":"2024-07-08T07:24:09","guid":{"rendered":"https:\/\/floranixena.it\/product\/composicion-de-rosas-y-bayas\/"},"modified":"2024-07-08T09:24:09","modified_gmt":"2024-07-08T07:24:09","slug":"composicion-de-rosas-y-bayas","status":"publish","type":"product","link":"https:\/\/floranixena.it\/es\/producto\/composicion-de-rosas-y-bayas\/","title":{"rendered":"Composici\u00f3n de rosas y bayas"},"content":{"rendered":"<p><strong>Coronada por la elegancia navide\u00f1a: una obra maestra de belleza festiva<\/strong><\/p>\n<p>Convierta cada rinc\u00f3n de su hogar en un rinc\u00f3n festivo con nuestra exclusiva composici\u00f3n navide\u00f1a de rosas y bayas, que representa el equilibrio perfecto entre sofisticaci\u00f3n y calidez. Este hermoso centro de mesa es un verdadero homenaje a la magia de la <a href=\"https:\/\/floranixena.it\/es\/catalog\/navidad\/\"><strong>Navidad<\/strong><\/a>, creado para encantar y sorprender. <\/p>\n<p><strong>Elegancia y tradici\u00f3n en cada detalle<\/strong><\/p>\n<p>Nuestra composici\u00f3n es un triunfo de la belleza natural, adornada con magn\u00edficas rosas rojas que simbolizan el <strong>amor <\/strong>y la alegr\u00eda de las fiestas. A estas se unen bayas brillantes y ramas siempre verdes, que evocan la frescura y la vitalidad del invierno. Cada elemento es elegido cuidadosamente para garantizar una composici\u00f3n armoniosa y visualmente extraordinaria.  <\/p>\n<p><strong>Un toque de luz y calor<\/strong><\/p>\n<p>Las velas, suavemente incrustadas entre las <strong>flores<\/strong>, a\u00f1aden una luz c\u00e1lida y envolvente, creando un ambiente \u00edntimo y acogedor. Su suave resplandor acent\u00faa la belleza de los <strong>colores <\/strong>y los detalles, convirtiendo cada momento en una experiencia memorable. <\/p>\n<p><strong>Adornos de Navidad de lujo<\/strong><\/p>\n<p>La composici\u00f3n de<strong> rosas y bayas <\/strong>est\u00e1 enriquecida con adornos navide\u00f1os en tonos rojos y dorados, que no solo realzan la riqueza de los colores sino que tambi\u00e9n le dan un toque de lujo y sofisticaci\u00f3n. Estos detalles brillantes capturan la luz y reflejan el esp\u00edritu festivo, haciendo de la corona una verdadera obra maestra del dise\u00f1o. <\/p>\n<h4>Un pensamiento especial para aquellos que amas<\/h4>\n<p>Perfecta como centro de mesa para las cenas de Navidad, esta corona a\u00f1ade un toque de elegancia a cada mesa, creando un ambiente festivo y acogedor. Tambi\u00e9n es un regalo pensado con amor para <strong>mam\u00e1 <\/strong>o para un pariente querido, un gesto precioso que expresa afecto y gratitud durante las fiestas. <\/p>\n<p>Elige llevar a casa una pieza de magia navide\u00f1a con esta <strong>composici\u00f3n <\/strong>\u00fanica, y convierte cada momento en una ocasi\u00f3n especial. Ya sea que est\u00e9s celebrando con la familia o regalando un pensamiento significativo, nuestra corona de flores est\u00e1 destinada a convertirse en el coraz\u00f3n de tus festividades. <\/p>\n","protected":false},"excerpt":{"rendered":"<ul>\n<li>rosas rojas<\/li>\n<li>bayas<\/li>\n<li>vela<\/li>\n<li>Bolas de oro<\/li>\n<\/ul>\n","protected":false},"featured_media":1201,"comment_status":"open","ping_status":"closed","template":"","meta":[],"product_brand":[],"product_cat":[4365],"product_tag":[4555,4956,4915,4957,4472,4343],"class_list":{"0":"post-19087","1":"product","2":"type-product","3":"status-publish","4":"has-post-thumbnail","6":"product_cat-navidad","7":"product_tag-bayas","8":"product_tag-decoracion-navidena","9":"product_tag-flores-de-navidad","10":"product_tag-idea-regalo-de-navidad","11":"product_tag-navidad","12":"product_tag-rosas-rojas","14":"first","15":"instock","16":"shipping-taxable","17":"purchasable","18":"product-type-simple"},"yoast_head":"<!-- This site is optimized with the Yoast SEO Premium plugin v27.4 (Yoast SEO v27.4) - https:\/\/yoast.com\/product\/yoast-seo-premium-wordpress\/ -->\n<title>Composici\u00f3n de rosas y bayas - FloraNixena - FloraNixena - Entrega de flores a domicilio<\/title>\n<meta name=\"description\" content=\"Una fant\u00e1stica composici\u00f3n de bayas y rosas para usar como centro de mesa para regalar a domicilio a mam\u00e1 o a un familiar en Navidad.\" \/>\n<meta name=\"robots\" content=\"index, follow, max-snippet:-1, max-image-preview:large, max-video-preview:-1\" \/>\n<link rel=\"canonical\" href=\"https:\/\/floranixena.it\/es\/producto\/composicion-de-rosas-y-bayas\/\" \/>\n<meta property=\"og:locale\" content=\"es_ES\" \/>\n<meta property=\"og:type\" content=\"article\" \/>\n<meta property=\"og:title\" content=\"Composici\u00f3n de rosas y bayas\" \/>\n<meta property=\"og:description\" content=\"rosas rojas  bayas  vela  Bolas de oro\" \/>\n<meta property=\"og:url\" content=\"https:\/\/floranixena.it\/es\/producto\/composicion-de-rosas-y-bayas\/\" \/>\n<meta property=\"og:site_name\" content=\"FloraNixena - FloraNixena - Entrega de flores a domicilio\" \/>\n<meta property=\"article:publisher\" content=\"https:\/\/www.facebook.com\/FloraNixena\/\" \/>\n<meta property=\"og:image\" content=\"https:\/\/floranixena.it\/wp-content\/uploads\/2018\/12\/composizione-di-rose-e-bacche-regalo-per-natale-consegna-fiori-a-domicilio-fiori-composizioni-e-piante.-idea-regalo-natale.jpg\" \/>\n\t<meta property=\"og:image:width\" content=\"800\" \/>\n\t<meta property=\"og:image:height\" content=\"800\" \/>\n\t<meta property=\"og:image:type\" content=\"image\/jpeg\" \/>\n<meta name=\"twitter:card\" content=\"summary_large_image\" \/>\n<meta name=\"twitter:label1\" content=\"Tiempo de lectura\" \/>\n\t<meta name=\"twitter:data1\" content=\"2 minuto\" \/>\n<script type=\"application\/ld+json\" class=\"yoast-schema-graph\">{\"@context\":\"https:\\\/\\\/schema.org\",\"@graph\":[{\"@type\":\"WebPage\",\"@id\":\"https:\\\/\\\/floranixena.it\\\/es\\\/producto\\\/composicion-de-rosas-y-bayas\\\/\",\"url\":\"https:\\\/\\\/floranixena.it\\\/es\\\/producto\\\/composicion-de-rosas-y-bayas\\\/\",\"name\":\"Composici\u00f3n de rosas y bayas - FloraNixena - FloraNixena - Entrega de flores a domicilio\",\"isPartOf\":{\"@id\":\"https:\\\/\\\/floranixena.it\\\/es\\\/#website\"},\"primaryImageOfPage\":{\"@id\":\"https:\\\/\\\/floranixena.it\\\/es\\\/producto\\\/composicion-de-rosas-y-bayas\\\/#primaryimage\"},\"image\":{\"@id\":\"https:\\\/\\\/floranixena.it\\\/es\\\/producto\\\/composicion-de-rosas-y-bayas\\\/#primaryimage\"},\"thumbnailUrl\":\"https:\\\/\\\/floranixena.it\\\/wp-content\\\/uploads\\\/2018\\\/12\\\/composizione-di-rose-e-bacche-regalo-per-natale-consegna-fiori-a-domicilio-fiori-composizioni-e-piante.-idea-regalo-natale.jpg\",\"datePublished\":\"2024-07-08T07:24:09+00:00\",\"description\":\"Una fant\u00e1stica composici\u00f3n de bayas y rosas para usar como centro de mesa para regalar a domicilio a mam\u00e1 o a un familiar en Navidad.\",\"breadcrumb\":{\"@id\":\"https:\\\/\\\/floranixena.it\\\/es\\\/producto\\\/composicion-de-rosas-y-bayas\\\/#breadcrumb\"},\"inLanguage\":\"es\",\"potentialAction\":[{\"@type\":\"ReadAction\",\"target\":[\"https:\\\/\\\/floranixena.it\\\/es\\\/producto\\\/composicion-de-rosas-y-bayas\\\/\"]}]},{\"@type\":\"ImageObject\",\"inLanguage\":\"es\",\"@id\":\"https:\\\/\\\/floranixena.it\\\/es\\\/producto\\\/composicion-de-rosas-y-bayas\\\/#primaryimage\",\"url\":\"https:\\\/\\\/floranixena.it\\\/wp-content\\\/uploads\\\/2018\\\/12\\\/composizione-di-rose-e-bacche-regalo-per-natale-consegna-fiori-a-domicilio-fiori-composizioni-e-piante.-idea-regalo-natale.jpg\",\"contentUrl\":\"https:\\\/\\\/floranixena.it\\\/wp-content\\\/uploads\\\/2018\\\/12\\\/composizione-di-rose-e-bacche-regalo-per-natale-consegna-fiori-a-domicilio-fiori-composizioni-e-piante.-idea-regalo-natale.jpg\",\"width\":800,\"height\":800,\"caption\":\"Composizione di rose rosse e bacche\"},{\"@type\":\"BreadcrumbList\",\"@id\":\"https:\\\/\\\/floranixena.it\\\/es\\\/producto\\\/composicion-de-rosas-y-bayas\\\/#breadcrumb\",\"itemListElement\":[{\"@type\":\"ListItem\",\"position\":1,\"name\":\"Home\",\"item\":\"https:\\\/\\\/floranixena.it\\\/es\\\/\"},{\"@type\":\"ListItem\",\"position\":2,\"name\":\"tienda\",\"item\":\"https:\\\/\\\/floranixena.it\\\/es\\\/tienda\\\/\"},{\"@type\":\"ListItem\",\"position\":3,\"name\":\"Composici\u00f3n de rosas y bayas\"}]},{\"@type\":\"WebSite\",\"@id\":\"https:\\\/\\\/floranixena.it\\\/es\\\/#website\",\"url\":\"https:\\\/\\\/floranixena.it\\\/es\\\/\",\"name\":\"FloraNixena - Consegna fiori a domicilio in Italia\",\"description\":\"Invia fiori che raccontano storie\",\"publisher\":{\"@id\":\"https:\\\/\\\/floranixena.it\\\/es\\\/#organization\"},\"alternateName\":\"FloraNixena.it\",\"potentialAction\":[{\"@type\":\"SearchAction\",\"target\":{\"@type\":\"EntryPoint\",\"urlTemplate\":\"https:\\\/\\\/floranixena.it\\\/es\\\/?s={search_term_string}\"},\"query-input\":{\"@type\":\"PropertyValueSpecification\",\"valueRequired\":true,\"valueName\":\"search_term_string\"}}],\"inLanguage\":\"es\"},{\"@type\":\"Organization\",\"@id\":\"https:\\\/\\\/floranixena.it\\\/es\\\/#organization\",\"name\":\"FloraNixena.it - Consegna mazzi di fiori, bouquet e piante a domicilio\",\"url\":\"https:\\\/\\\/floranixena.it\\\/es\\\/\",\"logo\":{\"@type\":\"ImageObject\",\"inLanguage\":\"es\",\"@id\":\"https:\\\/\\\/floranixena.it\\\/es\\\/#\\\/schema\\\/logo\\\/image\\\/\",\"url\":\"https:\\\/\\\/floranixena.it\\\/wp-content\\\/uploads\\\/2018\\\/11\\\/logo-fucsia.png\",\"contentUrl\":\"https:\\\/\\\/floranixena.it\\\/wp-content\\\/uploads\\\/2018\\\/11\\\/logo-fucsia.png\",\"width\":315,\"height\":81,\"caption\":\"FloraNixena.it - Consegna mazzi di fiori, bouquet e piante a domicilio\"},\"image\":{\"@id\":\"https:\\\/\\\/floranixena.it\\\/es\\\/#\\\/schema\\\/logo\\\/image\\\/\"},\"sameAs\":[\"https:\\\/\\\/www.facebook.com\\\/FloraNixena\\\/\",\"https:\\\/\\\/www.instagram.com\\\/floranixena.it\\\/\",\"https:\\\/\\\/www.youtube.com\\\/channel\\\/UCAfCWXMBezO96jgPjiUgpkA\"],\"description\":\"Chi Siamo? FloraNixena \u00e8 il partner di fiducia per la consegna di fiori freschi a domicilio. Con anni di esperienza nel settore floreale, siamo dedicati a portare la bellezza e la freschezza dei fiori direttamente alla vostra porta. La Nostra Missione La nostra missione \u00e8 trasformare ogni occasione in un momento speciale attraverso la magia dei fiori. Crediamo che un bouquet possa dire pi\u00f9 di mille parole e lavoriamo instancabilmente per assicurarci che ogni consegna porti gioia, amore e bellezza. Cosa Offriamo? Fiori Freschi: Collaboriamo con i migliori fornitori locali per garantire che i nostri fiori siano sempre freschi e di alta qualit\u00e0. Consegna Rapida e Puntuale: Offriamo un servizio di consegna rapido e affidabile, con la possibilit\u00e0 di scegliere la fascia oraria che pi\u00f9 vi conviene. Ampia Selezione: Dalle rose classiche ai bouquet personalizzati, abbiamo una vasta gamma di opzioni per soddisfare ogni gusto e occasione. Assistenza Clienti: Il nostro team \u00e8 sempre a disposizione per assistervi nella scelta del bouquet perfetto e per garantire un'esperienza di acquisto senza intoppi. Perch\u00e9 Sceglierci? Qualit\u00e0 Garantita: Ogni bouquet \u00e8 realizzato con cura dai nostri esperti fioristi, garantendo che ogni composizione sia un'opera d'arte. Servizio Personalizzato: Che sia per un anniversario, un compleanno, una celebrazione o un momento di condoglianza, personalizziamo ogni ordine per rispondere alle vostre esigenze specifiche. Soddisfazione del Cliente: La vostra soddisfazione \u00e8 la nostra priorit\u00e0 assoluta. Facciamo tutto il possibile per assicurarci che ogni consegna superi le vostre aspettative.\",\"email\":\"amministrazione@floranixena.it\",\"telephone\":\"3806342394\",\"legalName\":\"Gaetano Votadoro\"}]}<\/script>\n<!-- \/ Yoast SEO Premium plugin. -->","yoast_head_json":{"title":"Composici\u00f3n de rosas y bayas - FloraNixena - FloraNixena - Entrega de flores a domicilio","description":"Una fant\u00e1stica composici\u00f3n de bayas y rosas para usar como centro de mesa para regalar a domicilio a mam\u00e1 o a un familiar en Navidad.","robots":{"index":"index","follow":"follow","max-snippet":"max-snippet:-1","max-image-preview":"max-image-preview:large","max-video-preview":"max-video-preview:-1"},"canonical":"https:\/\/floranixena.it\/es\/producto\/composicion-de-rosas-y-bayas\/","og_locale":"es_ES","og_type":"article","og_title":"Composici\u00f3n de rosas y bayas","og_description":"rosas rojas  bayas  vela  Bolas de oro","og_url":"https:\/\/floranixena.it\/es\/producto\/composicion-de-rosas-y-bayas\/","og_site_name":"FloraNixena - FloraNixena - Entrega de flores a domicilio","article_publisher":"https:\/\/www.facebook.com\/FloraNixena\/","og_image":[{"width":800,"height":800,"url":"https:\/\/floranixena.it\/wp-content\/uploads\/2018\/12\/composizione-di-rose-e-bacche-regalo-per-natale-consegna-fiori-a-domicilio-fiori-composizioni-e-piante.-idea-regalo-natale.jpg","type":"image\/jpeg"}],"twitter_card":"summary_large_image","twitter_misc":{"Tiempo de lectura":"2 minuto"},"schema":{"@context":"https:\/\/schema.org","@graph":[{"@type":"WebPage","@id":"https:\/\/floranixena.it\/es\/producto\/composicion-de-rosas-y-bayas\/","url":"https:\/\/floranixena.it\/es\/producto\/composicion-de-rosas-y-bayas\/","name":"Composici\u00f3n de rosas y bayas - FloraNixena - FloraNixena - Entrega de flores a domicilio","isPartOf":{"@id":"https:\/\/floranixena.it\/es\/#website"},"primaryImageOfPage":{"@id":"https:\/\/floranixena.it\/es\/producto\/composicion-de-rosas-y-bayas\/#primaryimage"},"image":{"@id":"https:\/\/floranixena.it\/es\/producto\/composicion-de-rosas-y-bayas\/#primaryimage"},"thumbnailUrl":"https:\/\/floranixena.it\/wp-content\/uploads\/2018\/12\/composizione-di-rose-e-bacche-regalo-per-natale-consegna-fiori-a-domicilio-fiori-composizioni-e-piante.-idea-regalo-natale.jpg","datePublished":"2024-07-08T07:24:09+00:00","description":"Una fant\u00e1stica composici\u00f3n de bayas y rosas para usar como centro de mesa para regalar a domicilio a mam\u00e1 o a un familiar en Navidad.","breadcrumb":{"@id":"https:\/\/floranixena.it\/es\/producto\/composicion-de-rosas-y-bayas\/#breadcrumb"},"inLanguage":"es","potentialAction":[{"@type":"ReadAction","target":["https:\/\/floranixena.it\/es\/producto\/composicion-de-rosas-y-bayas\/"]}]},{"@type":"ImageObject","inLanguage":"es","@id":"https:\/\/floranixena.it\/es\/producto\/composicion-de-rosas-y-bayas\/#primaryimage","url":"https:\/\/floranixena.it\/wp-content\/uploads\/2018\/12\/composizione-di-rose-e-bacche-regalo-per-natale-consegna-fiori-a-domicilio-fiori-composizioni-e-piante.-idea-regalo-natale.jpg","contentUrl":"https:\/\/floranixena.it\/wp-content\/uploads\/2018\/12\/composizione-di-rose-e-bacche-regalo-per-natale-consegna-fiori-a-domicilio-fiori-composizioni-e-piante.-idea-regalo-natale.jpg","width":800,"height":800,"caption":"Composizione di rose rosse e bacche"},{"@type":"BreadcrumbList","@id":"https:\/\/floranixena.it\/es\/producto\/composicion-de-rosas-y-bayas\/#breadcrumb","itemListElement":[{"@type":"ListItem","position":1,"name":"Home","item":"https:\/\/floranixena.it\/es\/"},{"@type":"ListItem","position":2,"name":"tienda","item":"https:\/\/floranixena.it\/es\/tienda\/"},{"@type":"ListItem","position":3,"name":"Composici\u00f3n de rosas y bayas"}]},{"@type":"WebSite","@id":"https:\/\/floranixena.it\/es\/#website","url":"https:\/\/floranixena.it\/es\/","name":"FloraNixena - Consegna fiori a domicilio in Italia","description":"Invia fiori che raccontano storie","publisher":{"@id":"https:\/\/floranixena.it\/es\/#organization"},"alternateName":"FloraNixena.it","potentialAction":[{"@type":"SearchAction","target":{"@type":"EntryPoint","urlTemplate":"https:\/\/floranixena.it\/es\/?s={search_term_string}"},"query-input":{"@type":"PropertyValueSpecification","valueRequired":true,"valueName":"search_term_string"}}],"inLanguage":"es"},{"@type":"Organization","@id":"https:\/\/floranixena.it\/es\/#organization","name":"FloraNixena.it - Consegna mazzi di fiori, bouquet e piante a domicilio","url":"https:\/\/floranixena.it\/es\/","logo":{"@type":"ImageObject","inLanguage":"es","@id":"https:\/\/floranixena.it\/es\/#\/schema\/logo\/image\/","url":"https:\/\/floranixena.it\/wp-content\/uploads\/2018\/11\/logo-fucsia.png","contentUrl":"https:\/\/floranixena.it\/wp-content\/uploads\/2018\/11\/logo-fucsia.png","width":315,"height":81,"caption":"FloraNixena.it - Consegna mazzi di fiori, bouquet e piante a domicilio"},"image":{"@id":"https:\/\/floranixena.it\/es\/#\/schema\/logo\/image\/"},"sameAs":["https:\/\/www.facebook.com\/FloraNixena\/","https:\/\/www.instagram.com\/floranixena.it\/","https:\/\/www.youtube.com\/channel\/UCAfCWXMBezO96jgPjiUgpkA"],"description":"Chi Siamo? FloraNixena \u00e8 il partner di fiducia per la consegna di fiori freschi a domicilio. Con anni di esperienza nel settore floreale, siamo dedicati a portare la bellezza e la freschezza dei fiori direttamente alla vostra porta. La Nostra Missione La nostra missione \u00e8 trasformare ogni occasione in un momento speciale attraverso la magia dei fiori. Crediamo che un bouquet possa dire pi\u00f9 di mille parole e lavoriamo instancabilmente per assicurarci che ogni consegna porti gioia, amore e bellezza. Cosa Offriamo? Fiori Freschi: Collaboriamo con i migliori fornitori locali per garantire che i nostri fiori siano sempre freschi e di alta qualit\u00e0. Consegna Rapida e Puntuale: Offriamo un servizio di consegna rapido e affidabile, con la possibilit\u00e0 di scegliere la fascia oraria che pi\u00f9 vi conviene. Ampia Selezione: Dalle rose classiche ai bouquet personalizzati, abbiamo una vasta gamma di opzioni per soddisfare ogni gusto e occasione. Assistenza Clienti: Il nostro team \u00e8 sempre a disposizione per assistervi nella scelta del bouquet perfetto e per garantire un'esperienza di acquisto senza intoppi. Perch\u00e9 Sceglierci? Qualit\u00e0 Garantita: Ogni bouquet \u00e8 realizzato con cura dai nostri esperti fioristi, garantendo che ogni composizione sia un'opera d'arte. Servizio Personalizzato: Che sia per un anniversario, un compleanno, una celebrazione o un momento di condoglianza, personalizziamo ogni ordine per rispondere alle vostre esigenze specifiche. Soddisfazione del Cliente: La vostra soddisfazione \u00e8 la nostra priorit\u00e0 assoluta. Facciamo tutto il possibile per assicurarci che ogni consegna superi le vostre aspettative.","email":"amministrazione@floranixena.it","telephone":"3806342394","legalName":"Gaetano Votadoro"}]}},"_links":{"self":[{"href":"https:\/\/floranixena.it\/es\/wp-json\/wp\/v2\/product\/19087","targetHints":{"allow":["GET"]}}],"collection":[{"href":"https:\/\/floranixena.it\/es\/wp-json\/wp\/v2\/product"}],"about":[{"href":"https:\/\/floranixena.it\/es\/wp-json\/wp\/v2\/types\/product"}],"replies":[{"embeddable":true,"href":"https:\/\/floranixena.it\/es\/wp-json\/wp\/v2\/comments?post=19087"}],"wp:featuredmedia":[{"embeddable":true,"href":"https:\/\/floranixena.it\/es\/wp-json\/wp\/v2\/media\/1201"}],"wp:attachment":[{"href":"https:\/\/floranixena.it\/es\/wp-json\/wp\/v2\/media?parent=19087"}],"wp:term":[{"taxonomy":"product_brand","embeddable":true,"href":"https:\/\/floranixena.it\/es\/wp-json\/wp\/v2\/product_brand?post=19087"},{"taxonomy":"product_cat","embeddable":true,"href":"https:\/\/floranixena.it\/es\/wp-json\/wp\/v2\/product_cat?post=19087"},{"taxonomy":"product_tag","embeddable":true,"href":"https:\/\/floranixena.it\/es\/wp-json\/wp\/v2\/product_tag?post=19087"}],"curies":[{"name":"wp","href":"https:\/\/api.w.org\/{rel}","templated":true}]}}