{"id":19073,"date":"2024-07-12T15:26:13","date_gmt":"2024-07-12T13:26:13","guid":{"rendered":"https:\/\/floranixena.it\/product\/caja-de-chocolates-baci-perugina\/"},"modified":"2025-09-18T11:32:34","modified_gmt":"2025-09-18T09:32:34","slug":"caja-de-chocolates-baci-perugina","status":"publish","type":"product","link":"https:\/\/floranixena.it\/es\/producto\/caja-de-chocolates-baci-perugina\/","title":{"rendered":"Caja de chocolates Baci Perugina"},"content":{"rendered":"<p>Cuando el estado de \u00e1nimo es bajo, incluso el gesto m\u00e1s peque\u00f1o puede hacer una gran diferencia. A veces, una simple sonrisa dada o recibida es suficiente para iluminar el d\u00eda y encontrar un poco de optimismo. La bondad tiene el poder de elevarnos y convertir un momento dif\u00edcil en una oportunidad para conectarnos con los dem\u00e1s.  <\/p>\n<p>Baci Perugina es la opci\u00f3n perfecta para alegrar a los que est\u00e1n a tu lado, ya sea un <a href=\"https:\/\/floranixena.it\/es\/catalog\/flores-para-eventos\/compleanno-es\/para-un-amigo\/\"><strong>amigo<\/strong><\/a>, un familiar o un nuevo vecino. Tambi\u00e9n es un gesto refinado para dar la bienvenida a los clientes y darles la bienvenida de una manera inolvidable. Imagina la sonrisa que un dulce pensamiento como este puede traer: \u00bfqu\u00e9 sabor tendr\u00e1n tus gestos de bondad hoy?  <\/p>\n<p>A\u00f1ade a tu regalo estos golosos pralin\u00e9s que encierran una deliciosa nuez, envuelta en una capa de <a href=\"https:\/\/it.wikipedia.org\/wiki\/Cioccolato\"><strong>chocolate negro<\/strong><\/a> o leche. Cada pralin\u00e9 es una peque\u00f1a obra maestra de dulzura y refinamiento, pensada para ser un regalo especial y regalar un momento de puro placer. D\u00e9jate envolver por la bondad de Baci Perugina y comparte la alegr\u00eda de una dulzura que hace la diferencia.  <\/p>\n<p>Cada paquete est\u00e1 pensado para hacer especial cualquier ocasi\u00f3n, ya sea una celebraci\u00f3n, un simple encuentro o un momento de relax. No es solo un postre, sino una experiencia que une y crea recuerdos preciosos. <\/p>\n","protected":false},"excerpt":{"rendered":"<ul>\n<li style=\"text-align: justify;\">1 caja de 257 gr<\/li>\n<li style=\"text-align: justify;\">El cl\u00e1sico beso perugina, en un paquete elegante y distintivo<\/li>\n<li style=\"text-align: justify;\">Un suave abrazo hecho de grano de avellana y relleno de sabor a gianduia, una nuez entera crujiente y una deliciosa cubierta de chocolate negro Luisa<\/li>\n<li style=\"text-align: justify;\">El inconfundible mensaje de amor y afecto en el interior, que le dar\u00e1 una experiencia a\u00fan m\u00e1s inolvidable<\/li>\n<\/ul>\n<p><strong>ingredientes<\/strong><\/p>\n<ul>\n<li style=\"text-align: justify;\">Az\u00facar, avellanas 29%, pasta de cacao, manteca de cacao, leche en polvo, mantequilla anhidra, emulsionante lecitina de girasol, aroma natural de vainilla. Puede contener otros frutos de c\u00e1scara. <\/li>\n<\/ul>\n<p><strong>Este producto solo se puede comprar en combinaci\u00f3n con una composici\u00f3n floral.<\/strong><\/p>\n","protected":false},"featured_media":19074,"comment_status":"closed","ping_status":"closed","template":"","meta":[],"product_brand":[],"product_cat":[4929,4440],"product_tag":[4946,4939,4472,4947],"class_list":{"0":"post-19073","1":"product","2":"type-product","3":"status-publish","4":"has-post-thumbnail","6":"product_cat-jarrones-y-regalos","7":"product_cat-regalos","8":"product_tag-baci-perugina-es","9":"product_tag-caja-de-chocolates","10":"product_tag-navidad","11":"product_tag-praline-de-avellana","13":"first","14":"instock","15":"shipping-taxable","16":"purchasable","17":"product-type-simple"},"yoast_head":"<!-- This site is optimized with the Yoast SEO Premium plugin v27.5 (Yoast SEO v27.5) - https:\/\/yoast.com\/product\/yoast-seo-premium-wordpress\/ -->\n<title>Chocolates Baci Perugina<\/title>\n<meta name=\"description\" content=\"Completa tu regalo con los deliciosos Baci Perugina: pralin\u00e9s de avellana envueltos en chocolate negro o leche. \u00a1D\u00e9jate &quot;besar&quot;!\" \/>\n<meta name=\"robots\" content=\"index, follow, max-snippet:-1, max-image-preview:large, max-video-preview:-1\" \/>\n<link rel=\"canonical\" href=\"https:\/\/floranixena.it\/es\/producto\/caja-de-chocolates-baci-perugina\/\" \/>\n<meta property=\"og:locale\" content=\"es_ES\" \/>\n<meta property=\"og:type\" content=\"article\" \/>\n<meta property=\"og:title\" content=\"Caja de chocolates Baci Perugina\" \/>\n<meta property=\"og:description\" content=\"1 caja de 257 gr  El cl\u00e1sico beso perugina, en un paquete elegante y distintivo  Un suave abrazo hecho de grano de avellana y relleno de sabor a gianduia, una nuez entera crujiente y una deliciosa cubierta de chocolate negro Luisa  El inconfundible mensaje de amor y afecto en el interior, que le dar\u00e1 una experiencia a\u00fan m\u00e1s inolvidable ingredientes  Az\u00facar, avellanas 29%, pasta de cacao, manteca de cacao, leche en polvo, mantequilla anhidra, emulsionante lecitina de girasol, aroma natural de vainilla. Puede contener otros frutos de c\u00e1scara.  Este producto solo se puede comprar en combinaci\u00f3n con una composici\u00f3n floral.\" \/>\n<meta property=\"og:url\" content=\"https:\/\/floranixena.it\/es\/producto\/caja-de-chocolates-baci-perugina\/\" \/>\n<meta property=\"og:site_name\" content=\"FloraNixena - FloraNixena - Entrega de flores a domicilio\" \/>\n<meta property=\"article:publisher\" content=\"https:\/\/www.facebook.com\/FloraNixena\/\" \/>\n<meta property=\"article:modified_time\" content=\"2025-09-18T09:32:34+00:00\" \/>\n<meta property=\"og:image\" content=\"https:\/\/floranixena.it\/wp-content\/uploads\/2018\/12\/Scatola-di-cioccolatini-baci-perugina-da-abbinare-ad-un-mazzo-di-fiori-da-regalare-per-natale-o-per-un-compleanno-della-moglie-o-la-findanzata-direttamente-a-domicilio.jpg\" \/>\n\t<meta property=\"og:image:width\" content=\"800\" \/>\n\t<meta property=\"og:image:height\" content=\"800\" \/>\n\t<meta property=\"og:image:type\" content=\"image\/jpeg\" \/>\n<meta name=\"twitter:card\" content=\"summary_large_image\" \/>\n<meta name=\"twitter:label1\" content=\"Tiempo de lectura\" \/>\n\t<meta name=\"twitter:data1\" content=\"1 minuto\" \/>\n<script type=\"application\/ld+json\" class=\"yoast-schema-graph\">{\"@context\":\"https:\\\/\\\/schema.org\",\"@graph\":[{\"@type\":\"WebPage\",\"@id\":\"https:\\\/\\\/floranixena.it\\\/es\\\/producto\\\/caja-de-chocolates-baci-perugina\\\/\",\"url\":\"https:\\\/\\\/floranixena.it\\\/es\\\/producto\\\/caja-de-chocolates-baci-perugina\\\/\",\"name\":\"Chocolates Baci Perugina\",\"isPartOf\":{\"@id\":\"https:\\\/\\\/floranixena.it\\\/es\\\/#website\"},\"primaryImageOfPage\":{\"@id\":\"https:\\\/\\\/floranixena.it\\\/es\\\/producto\\\/caja-de-chocolates-baci-perugina\\\/#primaryimage\"},\"image\":{\"@id\":\"https:\\\/\\\/floranixena.it\\\/es\\\/producto\\\/caja-de-chocolates-baci-perugina\\\/#primaryimage\"},\"thumbnailUrl\":\"https:\\\/\\\/floranixena.it\\\/wp-content\\\/uploads\\\/2018\\\/12\\\/Scatola-di-cioccolatini-baci-perugina-da-abbinare-ad-un-mazzo-di-fiori-da-regalare-per-natale-o-per-un-compleanno-della-moglie-o-la-findanzata-direttamente-a-domicilio.jpg\",\"datePublished\":\"2024-07-12T13:26:13+00:00\",\"dateModified\":\"2025-09-18T09:32:34+00:00\",\"description\":\"Completa tu regalo con los deliciosos Baci Perugina: pralin\u00e9s de avellana envueltos en chocolate negro o leche. \u00a1D\u00e9jate \\\"besar\\\"!\",\"breadcrumb\":{\"@id\":\"https:\\\/\\\/floranixena.it\\\/es\\\/producto\\\/caja-de-chocolates-baci-perugina\\\/#breadcrumb\"},\"inLanguage\":\"es\",\"potentialAction\":[{\"@type\":\"ReadAction\",\"target\":[\"https:\\\/\\\/floranixena.it\\\/es\\\/producto\\\/caja-de-chocolates-baci-perugina\\\/\"]}]},{\"@type\":\"ImageObject\",\"inLanguage\":\"es\",\"@id\":\"https:\\\/\\\/floranixena.it\\\/es\\\/producto\\\/caja-de-chocolates-baci-perugina\\\/#primaryimage\",\"url\":\"https:\\\/\\\/floranixena.it\\\/wp-content\\\/uploads\\\/2018\\\/12\\\/Scatola-di-cioccolatini-baci-perugina-da-abbinare-ad-un-mazzo-di-fiori-da-regalare-per-natale-o-per-un-compleanno-della-moglie-o-la-findanzata-direttamente-a-domicilio.jpg\",\"contentUrl\":\"https:\\\/\\\/floranixena.it\\\/wp-content\\\/uploads\\\/2018\\\/12\\\/Scatola-di-cioccolatini-baci-perugina-da-abbinare-ad-un-mazzo-di-fiori-da-regalare-per-natale-o-per-un-compleanno-della-moglie-o-la-findanzata-direttamente-a-domicilio.jpg\",\"width\":800,\"height\":800,\"caption\":\"Scatola baci perugina\"},{\"@type\":\"BreadcrumbList\",\"@id\":\"https:\\\/\\\/floranixena.it\\\/es\\\/producto\\\/caja-de-chocolates-baci-perugina\\\/#breadcrumb\",\"itemListElement\":[{\"@type\":\"ListItem\",\"position\":1,\"name\":\"Home\",\"item\":\"https:\\\/\\\/floranixena.it\\\/es\\\/\"},{\"@type\":\"ListItem\",\"position\":2,\"name\":\"tienda\",\"item\":\"https:\\\/\\\/floranixena.it\\\/es\\\/tienda\\\/\"},{\"@type\":\"ListItem\",\"position\":3,\"name\":\"Caja de chocolates Baci Perugina\"}]},{\"@type\":\"WebSite\",\"@id\":\"https:\\\/\\\/floranixena.it\\\/es\\\/#website\",\"url\":\"https:\\\/\\\/floranixena.it\\\/es\\\/\",\"name\":\"FloraNixena - Consegna fiori a domicilio in Italia\",\"description\":\"Invia fiori che raccontano storie\",\"publisher\":{\"@id\":\"https:\\\/\\\/floranixena.it\\\/es\\\/#organization\"},\"alternateName\":\"FloraNixena.it\",\"potentialAction\":[{\"@type\":\"SearchAction\",\"target\":{\"@type\":\"EntryPoint\",\"urlTemplate\":\"https:\\\/\\\/floranixena.it\\\/es\\\/?s={search_term_string}\"},\"query-input\":{\"@type\":\"PropertyValueSpecification\",\"valueRequired\":true,\"valueName\":\"search_term_string\"}}],\"inLanguage\":\"es\"},{\"@type\":\"Organization\",\"@id\":\"https:\\\/\\\/floranixena.it\\\/es\\\/#organization\",\"name\":\"FloraNixena.it - Consegna mazzi di fiori, bouquet e piante a domicilio\",\"url\":\"https:\\\/\\\/floranixena.it\\\/es\\\/\",\"logo\":{\"@type\":\"ImageObject\",\"inLanguage\":\"es\",\"@id\":\"https:\\\/\\\/floranixena.it\\\/es\\\/#\\\/schema\\\/logo\\\/image\\\/\",\"url\":\"https:\\\/\\\/floranixena.it\\\/wp-content\\\/uploads\\\/2018\\\/11\\\/logo-fucsia.png\",\"contentUrl\":\"https:\\\/\\\/floranixena.it\\\/wp-content\\\/uploads\\\/2018\\\/11\\\/logo-fucsia.png\",\"width\":315,\"height\":81,\"caption\":\"FloraNixena.it - Consegna mazzi di fiori, bouquet e piante a domicilio\"},\"image\":{\"@id\":\"https:\\\/\\\/floranixena.it\\\/es\\\/#\\\/schema\\\/logo\\\/image\\\/\"},\"sameAs\":[\"https:\\\/\\\/www.facebook.com\\\/FloraNixena\\\/\",\"https:\\\/\\\/www.instagram.com\\\/floranixena.it\\\/\",\"https:\\\/\\\/www.youtube.com\\\/channel\\\/UCAfCWXMBezO96jgPjiUgpkA\"],\"description\":\"Chi Siamo? FloraNixena \u00e8 il partner di fiducia per la consegna di fiori freschi a domicilio. Con anni di esperienza nel settore floreale, siamo dedicati a portare la bellezza e la freschezza dei fiori direttamente alla vostra porta. La Nostra Missione La nostra missione \u00e8 trasformare ogni occasione in un momento speciale attraverso la magia dei fiori. Crediamo che un bouquet possa dire pi\u00f9 di mille parole e lavoriamo instancabilmente per assicurarci che ogni consegna porti gioia, amore e bellezza. Cosa Offriamo? Fiori Freschi: Collaboriamo con i migliori fornitori locali per garantire che i nostri fiori siano sempre freschi e di alta qualit\u00e0. Consegna Rapida e Puntuale: Offriamo un servizio di consegna rapido e affidabile, con la possibilit\u00e0 di scegliere la fascia oraria che pi\u00f9 vi conviene. Ampia Selezione: Dalle rose classiche ai bouquet personalizzati, abbiamo una vasta gamma di opzioni per soddisfare ogni gusto e occasione. Assistenza Clienti: Il nostro team \u00e8 sempre a disposizione per assistervi nella scelta del bouquet perfetto e per garantire un'esperienza di acquisto senza intoppi. Perch\u00e9 Sceglierci? Qualit\u00e0 Garantita: Ogni bouquet \u00e8 realizzato con cura dai nostri esperti fioristi, garantendo che ogni composizione sia un'opera d'arte. Servizio Personalizzato: Che sia per un anniversario, un compleanno, una celebrazione o un momento di condoglianza, personalizziamo ogni ordine per rispondere alle vostre esigenze specifiche. Soddisfazione del Cliente: La vostra soddisfazione \u00e8 la nostra priorit\u00e0 assoluta. Facciamo tutto il possibile per assicurarci che ogni consegna superi le vostre aspettative.\",\"email\":\"amministrazione@floranixena.it\",\"telephone\":\"3806342394\",\"legalName\":\"Gaetano Votadoro\"}]}<\/script>\n<!-- \/ Yoast SEO Premium plugin. -->","yoast_head_json":{"title":"Chocolates Baci Perugina","description":"Completa tu regalo con los deliciosos Baci Perugina: pralin\u00e9s de avellana envueltos en chocolate negro o leche. \u00a1D\u00e9jate \"besar\"!","robots":{"index":"index","follow":"follow","max-snippet":"max-snippet:-1","max-image-preview":"max-image-preview:large","max-video-preview":"max-video-preview:-1"},"canonical":"https:\/\/floranixena.it\/es\/producto\/caja-de-chocolates-baci-perugina\/","og_locale":"es_ES","og_type":"article","og_title":"Caja de chocolates Baci Perugina","og_description":"1 caja de 257 gr  El cl\u00e1sico beso perugina, en un paquete elegante y distintivo  Un suave abrazo hecho de grano de avellana y relleno de sabor a gianduia, una nuez entera crujiente y una deliciosa cubierta de chocolate negro Luisa  El inconfundible mensaje de amor y afecto en el interior, que le dar\u00e1 una experiencia a\u00fan m\u00e1s inolvidable ingredientes  Az\u00facar, avellanas 29%, pasta de cacao, manteca de cacao, leche en polvo, mantequilla anhidra, emulsionante lecitina de girasol, aroma natural de vainilla. Puede contener otros frutos de c\u00e1scara.  Este producto solo se puede comprar en combinaci\u00f3n con una composici\u00f3n floral.","og_url":"https:\/\/floranixena.it\/es\/producto\/caja-de-chocolates-baci-perugina\/","og_site_name":"FloraNixena - FloraNixena - Entrega de flores a domicilio","article_publisher":"https:\/\/www.facebook.com\/FloraNixena\/","article_modified_time":"2025-09-18T09:32:34+00:00","og_image":[{"width":800,"height":800,"url":"https:\/\/floranixena.it\/wp-content\/uploads\/2018\/12\/Scatola-di-cioccolatini-baci-perugina-da-abbinare-ad-un-mazzo-di-fiori-da-regalare-per-natale-o-per-un-compleanno-della-moglie-o-la-findanzata-direttamente-a-domicilio.jpg","type":"image\/jpeg"}],"twitter_card":"summary_large_image","twitter_misc":{"Tiempo de lectura":"1 minuto"},"schema":{"@context":"https:\/\/schema.org","@graph":[{"@type":"WebPage","@id":"https:\/\/floranixena.it\/es\/producto\/caja-de-chocolates-baci-perugina\/","url":"https:\/\/floranixena.it\/es\/producto\/caja-de-chocolates-baci-perugina\/","name":"Chocolates Baci Perugina","isPartOf":{"@id":"https:\/\/floranixena.it\/es\/#website"},"primaryImageOfPage":{"@id":"https:\/\/floranixena.it\/es\/producto\/caja-de-chocolates-baci-perugina\/#primaryimage"},"image":{"@id":"https:\/\/floranixena.it\/es\/producto\/caja-de-chocolates-baci-perugina\/#primaryimage"},"thumbnailUrl":"https:\/\/floranixena.it\/wp-content\/uploads\/2018\/12\/Scatola-di-cioccolatini-baci-perugina-da-abbinare-ad-un-mazzo-di-fiori-da-regalare-per-natale-o-per-un-compleanno-della-moglie-o-la-findanzata-direttamente-a-domicilio.jpg","datePublished":"2024-07-12T13:26:13+00:00","dateModified":"2025-09-18T09:32:34+00:00","description":"Completa tu regalo con los deliciosos Baci Perugina: pralin\u00e9s de avellana envueltos en chocolate negro o leche. \u00a1D\u00e9jate \"besar\"!","breadcrumb":{"@id":"https:\/\/floranixena.it\/es\/producto\/caja-de-chocolates-baci-perugina\/#breadcrumb"},"inLanguage":"es","potentialAction":[{"@type":"ReadAction","target":["https:\/\/floranixena.it\/es\/producto\/caja-de-chocolates-baci-perugina\/"]}]},{"@type":"ImageObject","inLanguage":"es","@id":"https:\/\/floranixena.it\/es\/producto\/caja-de-chocolates-baci-perugina\/#primaryimage","url":"https:\/\/floranixena.it\/wp-content\/uploads\/2018\/12\/Scatola-di-cioccolatini-baci-perugina-da-abbinare-ad-un-mazzo-di-fiori-da-regalare-per-natale-o-per-un-compleanno-della-moglie-o-la-findanzata-direttamente-a-domicilio.jpg","contentUrl":"https:\/\/floranixena.it\/wp-content\/uploads\/2018\/12\/Scatola-di-cioccolatini-baci-perugina-da-abbinare-ad-un-mazzo-di-fiori-da-regalare-per-natale-o-per-un-compleanno-della-moglie-o-la-findanzata-direttamente-a-domicilio.jpg","width":800,"height":800,"caption":"Scatola baci perugina"},{"@type":"BreadcrumbList","@id":"https:\/\/floranixena.it\/es\/producto\/caja-de-chocolates-baci-perugina\/#breadcrumb","itemListElement":[{"@type":"ListItem","position":1,"name":"Home","item":"https:\/\/floranixena.it\/es\/"},{"@type":"ListItem","position":2,"name":"tienda","item":"https:\/\/floranixena.it\/es\/tienda\/"},{"@type":"ListItem","position":3,"name":"Caja de chocolates Baci Perugina"}]},{"@type":"WebSite","@id":"https:\/\/floranixena.it\/es\/#website","url":"https:\/\/floranixena.it\/es\/","name":"FloraNixena - Consegna fiori a domicilio in Italia","description":"Invia fiori che raccontano storie","publisher":{"@id":"https:\/\/floranixena.it\/es\/#organization"},"alternateName":"FloraNixena.it","potentialAction":[{"@type":"SearchAction","target":{"@type":"EntryPoint","urlTemplate":"https:\/\/floranixena.it\/es\/?s={search_term_string}"},"query-input":{"@type":"PropertyValueSpecification","valueRequired":true,"valueName":"search_term_string"}}],"inLanguage":"es"},{"@type":"Organization","@id":"https:\/\/floranixena.it\/es\/#organization","name":"FloraNixena.it - Consegna mazzi di fiori, bouquet e piante a domicilio","url":"https:\/\/floranixena.it\/es\/","logo":{"@type":"ImageObject","inLanguage":"es","@id":"https:\/\/floranixena.it\/es\/#\/schema\/logo\/image\/","url":"https:\/\/floranixena.it\/wp-content\/uploads\/2018\/11\/logo-fucsia.png","contentUrl":"https:\/\/floranixena.it\/wp-content\/uploads\/2018\/11\/logo-fucsia.png","width":315,"height":81,"caption":"FloraNixena.it - Consegna mazzi di fiori, bouquet e piante a domicilio"},"image":{"@id":"https:\/\/floranixena.it\/es\/#\/schema\/logo\/image\/"},"sameAs":["https:\/\/www.facebook.com\/FloraNixena\/","https:\/\/www.instagram.com\/floranixena.it\/","https:\/\/www.youtube.com\/channel\/UCAfCWXMBezO96jgPjiUgpkA"],"description":"Chi Siamo? FloraNixena \u00e8 il partner di fiducia per la consegna di fiori freschi a domicilio. Con anni di esperienza nel settore floreale, siamo dedicati a portare la bellezza e la freschezza dei fiori direttamente alla vostra porta. La Nostra Missione La nostra missione \u00e8 trasformare ogni occasione in un momento speciale attraverso la magia dei fiori. Crediamo che un bouquet possa dire pi\u00f9 di mille parole e lavoriamo instancabilmente per assicurarci che ogni consegna porti gioia, amore e bellezza. Cosa Offriamo? Fiori Freschi: Collaboriamo con i migliori fornitori locali per garantire che i nostri fiori siano sempre freschi e di alta qualit\u00e0. Consegna Rapida e Puntuale: Offriamo un servizio di consegna rapido e affidabile, con la possibilit\u00e0 di scegliere la fascia oraria che pi\u00f9 vi conviene. Ampia Selezione: Dalle rose classiche ai bouquet personalizzati, abbiamo una vasta gamma di opzioni per soddisfare ogni gusto e occasione. Assistenza Clienti: Il nostro team \u00e8 sempre a disposizione per assistervi nella scelta del bouquet perfetto e per garantire un'esperienza di acquisto senza intoppi. Perch\u00e9 Sceglierci? Qualit\u00e0 Garantita: Ogni bouquet \u00e8 realizzato con cura dai nostri esperti fioristi, garantendo che ogni composizione sia un'opera d'arte. Servizio Personalizzato: Che sia per un anniversario, un compleanno, una celebrazione o un momento di condoglianza, personalizziamo ogni ordine per rispondere alle vostre esigenze specifiche. Soddisfazione del Cliente: La vostra soddisfazione \u00e8 la nostra priorit\u00e0 assoluta. Facciamo tutto il possibile per assicurarci che ogni consegna superi le vostre aspettative.","email":"amministrazione@floranixena.it","telephone":"3806342394","legalName":"Gaetano Votadoro"}]}},"_links":{"self":[{"href":"https:\/\/floranixena.it\/es\/wp-json\/wp\/v2\/product\/19073","targetHints":{"allow":["GET"]}}],"collection":[{"href":"https:\/\/floranixena.it\/es\/wp-json\/wp\/v2\/product"}],"about":[{"href":"https:\/\/floranixena.it\/es\/wp-json\/wp\/v2\/types\/product"}],"replies":[{"embeddable":true,"href":"https:\/\/floranixena.it\/es\/wp-json\/wp\/v2\/comments?post=19073"}],"wp:featuredmedia":[{"embeddable":true,"href":"https:\/\/floranixena.it\/es\/wp-json\/wp\/v2\/media\/19074"}],"wp:attachment":[{"href":"https:\/\/floranixena.it\/es\/wp-json\/wp\/v2\/media?parent=19073"}],"wp:term":[{"taxonomy":"product_brand","embeddable":true,"href":"https:\/\/floranixena.it\/es\/wp-json\/wp\/v2\/product_brand?post=19073"},{"taxonomy":"product_cat","embeddable":true,"href":"https:\/\/floranixena.it\/es\/wp-json\/wp\/v2\/product_cat?post=19073"},{"taxonomy":"product_tag","embeddable":true,"href":"https:\/\/floranixena.it\/es\/wp-json\/wp\/v2\/product_tag?post=19073"}],"curies":[{"name":"wp","href":"https:\/\/api.w.org\/{rel}","templated":true}]}}